{"id":990,"date":"2023-03-20T07:45:26","date_gmt":"2023-03-20T07:45:26","guid":{"rendered":"https:\/\/vcycletech.com\/?post_type=product&#038;p=990"},"modified":"2023-03-20T07:50:39","modified_gmt":"2023-03-20T07:50:39","slug":"sal-de-sodio-acido-poliacrilico","status":"publish","type":"product","link":"https:\/\/vcycletech.com\/pt\/produtos\/sal-de-sodio-acido-poliacrilico\/","title":{"rendered":"Sal de S\u00f3dio do \u00c1cido Poliacr\u00edlico (PAAS)30%, 45%, 50%, 92%"},"content":{"rendered":"<h3>N\u00ba CAS 9003-04-7<\/h3>\n<h3 class=\"fzs\">F\u00f3rmula estrutural:<\/h3>\n<p><img fetchpriority=\"high\" decoding=\"async\" class=\"alignnone size-full wp-image-994\" src=\"https:\/\/vcycletech.com\/wp-content\/uploads\/2023\/03\/Structural-Formula-3.png\" alt=\"Sal de S\u00f3dio do \u00c1cido Poliacr\u00edlico (PAAS)30%, 45%, 50%, 92% F\u00f3rmula Estrutural\" width=\"1291\" height=\"420\" srcset=\"https:\/\/vcycletech.com\/wp-content\/uploads\/2023\/03\/Structural-Formula-3.png 1291w, https:\/\/vcycletech.com\/wp-content\/uploads\/2023\/03\/Structural-Formula-3-600x195.png 600w, https:\/\/vcycletech.com\/wp-content\/uploads\/2023\/03\/Structural-Formula-3-300x98.png 300w, https:\/\/vcycletech.com\/wp-content\/uploads\/2023\/03\/Structural-Formula-3-1024x333.png 1024w, https:\/\/vcycletech.com\/wp-content\/uploads\/2023\/03\/Structural-Formula-3-768x250.png 768w\" sizes=\"(max-width: 1291px) 100vw, 1291px\" \/><\/p>\n<h3>Propriedades:<\/h3>\n<p><strong>Sal de S\u00f3dio do \u00c1cido Poliacr\u00edlico<\/strong> \u00e9 um composto seguro e sol\u00favel em \u00e1gua usado em ambientes alcalinos e de alta concentra\u00e7\u00e3o sem o risco de formar sedimentos incrustados. Ele efetivamente dispersa microcristais ou microareia de carbonato de c\u00e1lcio, fosfato de c\u00e1lcio e sulfato de c\u00e1lcio.<\/p>\n<p>Este composto \u00e9 ideal para uso como inibidor de incrusta\u00e7\u00f5es e dispersante em sistemas de circula\u00e7\u00e3o de \u00e1gua fria, fabrica\u00e7\u00e3o de papel, tecelagem, tingimento, cer\u00e2mica, pintura e outras aplica\u00e7\u00f5es.<\/p>\n<h3>Especifica\u00e7\u00e3o do sal de s\u00f3dio do \u00e1cido poliacr\u00edlico:<\/h3>\n<div id=\"footable_parent_998\"\n         class=\"footable_parent ninja_table_wrapper loading_ninja_table wp_table_data_press_parent semantic_ui\">\n                <table data-ninja_table_instance=\"ninja_table_instance_0\" data-footable_id=\"998\" data-filter-delay=\"1000\" aria-label=\"Sal de S\u00f3dio do \u00c1cido Poliacr\u00edlico (PAAS).csv\"            id=\"footable_998\"\n           data-unique_identifier=\"ninja_table_unique_id_1192330757_998\"\n           class=\"foo-table ninja_footable foo_table_998 ninja_table_unique_id_1192330757_998 ui table  nt_type_legacy_table selectable striped vertical_centered  footable-paging-right ninja_table_pro\">\n                <colgroup>\n                            <col class=\"ninja_column_0\">\n                            <col class=\"ninja_column_1\">\n                            <col class=\"ninja_column_2\">\n                            <col class=\"ninja_column_3\">\n                    <\/colgroup>\n        <thead>\n<tr class=\"footable-header\">\n                                                                        <th scope=\"col\"  class=\"ninja_column_0 ninja_clmn_nm_items\">Itens<\/th><th scope=\"col\"  class=\"ninja_column_1 ninja_clmn_nm_index\">\u00cdndice<\/th><th scope=\"col\"  class=\"ninja_column_2 ninja_clmn_nm_ninja_column_3\"><\/th><th scope=\"col\"  class=\"ninja_column_3 ninja_clmn_nm_ninja_column_4\"><\/th><\/tr>\n<\/thead>\n<tbody>\n\n        <tr data-row_id=\"177\" class=\"ninja_table_row_0 nt_row_id_177\">\n            <td>Apar\u00eancia<\/td><td>L\u00edquido transparente incolor a amarelo p\u00e1lido<\/td><td>L\u00edquido transparente incolor a amarelo p\u00e1lido<\/td><td>L\u00edquido transparente incolor a amarelo p\u00e1lido<\/td>        <\/tr>\n            <tr data-row_id=\"178\" class=\"ninja_table_row_1 nt_row_id_178\">\n            <td>Conte\u00fado s\u00f3lido, %<\/td><td>30 minutos<\/td><td>45 minutos<\/td><td>50 minutos<\/td>        <\/tr>\n            <tr data-row_id=\"179\" class=\"ninja_table_row_2 nt_row_id_179\">\n            <td>Mon\u00f4mero livre (como AA), %<\/td><td>0,5 m\u00e1x.<\/td><td>0,8 m\u00e1x.<\/td><td>1,0 m\u00e1x.<\/td>        <\/tr>\n            <tr data-row_id=\"180\" class=\"ninja_table_row_3 nt_row_id_180\">\n            <td>Densidade (20 \u2103), g\/cm3<\/td><td>1,15 minutos<\/td><td>1,20 min<\/td><td>1,25 min<\/td>        <\/tr>\n            <tr data-row_id=\"181\" class=\"ninja_table_row_4 nt_row_id_181\">\n            <td>pH (como ele)<\/td><td>6.0~8.0<\/td><td>6.0~8.0<\/td><td>6.0~8.0<\/td>        <\/tr>\n    <\/tbody><!--ninja_tobody_rendering_done-->\n    <\/table>\n    \n    \n    \n<\/div>\n\n<h3><strong>Uso de sal de s\u00f3dio de \u00e1cido poliacr\u00edlico:<\/strong><\/h3>\n<p><strong>Sal de S\u00f3dio do \u00c1cido Poliacr\u00edlico<\/strong> pode ser um inibidor de incrusta\u00e7\u00e3o eficaz e dispersante em sistemas de circula\u00e7\u00e3o de \u00e1gua fria. \u00c9 ideal para usinas de energia, f\u00e1bricas de ferro e a\u00e7o, f\u00e1bricas de fertilizantes qu\u00edmicos, refinarias e sistemas de ar condicionado. Para melhores resultados, a dosagem deve ser determinada com base na qualidade da \u00e1gua e dos materiais do equipamento que est\u00e1 sendo usado.<\/p>\n<p>Geralmente, uma dosagem de 2-15mg\/L \u00e9 preferida quando usado sozinho. Experimentar diferentes dosagens pode ser necess\u00e1rio para encontrar a quantidade mais eficaz se for usado como dispersante.<\/p>\n<h3>perguntas frequentes<\/h3>\n<p><img decoding=\"async\" class=\"alignnone size-full wp-image-999\" src=\"https:\/\/vcycletech.com\/wp-content\/uploads\/2023\/03\/Polyacrylic-Acid-Sodium-SaltPAAS30-45-50-92.png\" alt=\"Sal de S\u00f3dio do \u00c1cido Poliacr\u00edlico (PAAS)30%, 45%, 50%, 92%\" width=\"600\" height=\"600\" srcset=\"https:\/\/vcycletech.com\/wp-content\/uploads\/2023\/03\/Polyacrylic-Acid-Sodium-SaltPAAS30-45-50-92.png 600w, https:\/\/vcycletech.com\/wp-content\/uploads\/2023\/03\/Polyacrylic-Acid-Sodium-SaltPAAS30-45-50-92-100x100.png 100w, https:\/\/vcycletech.com\/wp-content\/uploads\/2023\/03\/Polyacrylic-Acid-Sodium-SaltPAAS30-45-50-92-300x300.png 300w, https:\/\/vcycletech.com\/wp-content\/uploads\/2023\/03\/Polyacrylic-Acid-Sodium-SaltPAAS30-45-50-92-150x150.png 150w\" sizes=\"(max-width: 600px) 100vw, 600px\" \/><\/p>\n<h4>O que \u00e9 Sal S\u00f3dico de \u00c1cido Poliacr\u00edlico?<\/h4>\n<p>O sal de s\u00f3dio do \u00e1cido poliacr\u00edlico, tamb\u00e9m conhecido como PAAS, \u00e9 um p\u00f3 branco sol\u00favel em \u00e1gua. \u00c9 um copol\u00edmero de \u00e1cido acr\u00edlico que foi neutralizado com hidr\u00f3xido de s\u00f3dio. O PAAS \u00e9 usado como floculante em v\u00e1rias ind\u00fastrias, incluindo tratamento de \u00e1gua, aplica\u00e7\u00f5es em campos petrol\u00edferos e minera\u00e7\u00e3o.<\/p>\n<h4>Quais s\u00e3o as propriedades do sal de s\u00f3dio do \u00e1cido poliacr\u00edlico?<\/h4>\n<p>As propriedades do PAAS dependem do grau de neutraliza\u00e7\u00e3o. O grau de neutraliza\u00e7\u00e3o \u00e9 a propor\u00e7\u00e3o de hidr\u00f3xido de s\u00f3dio para mon\u00f4meros de \u00e1cido acr\u00edlico no copol\u00edmero. Quanto menor o grau de neutraliza\u00e7\u00e3o, maior a densidade de carga e menor o peso molecular. Quanto maior o grau de neutraliza\u00e7\u00e3o, menor a densidade de carga e maior o peso molecular.<\/p>\n<h4>Como \u00e9 feito o Sal S\u00f3dico do \u00c1cido Poliacr\u00edlico?<\/h4>\n<p>PAAS \u00e9 feito por copolimeriza\u00e7\u00e3o de \u00e1cido acr\u00edlico e hidr\u00f3xido de s\u00f3dio. A propor\u00e7\u00e3o de mon\u00f4meros para comon\u00f4meros determina o grau de neutraliza\u00e7\u00e3o. O copol\u00edmero \u00e9 ent\u00e3o seco e mo\u00eddo em um p\u00f3 branco.<\/p>\n<h4>Quais s\u00e3o os usos do sal de s\u00f3dio do \u00e1cido poliacr\u00edlico?<\/h4>\n<p>O PAAS \u00e9 usado como floculante em v\u00e1rias ind\u00fastrias, incluindo tratamento de \u00e1gua, aplica\u00e7\u00f5es em campos petrol\u00edferos e minera\u00e7\u00e3o. Tamb\u00e9m \u00e9 usado como emulsificante, dispersante e espessante em cosm\u00e9ticos e produtos de higiene pessoal.<\/p>\n<h4>Como funciona o Sal S\u00f3dico do \u00c1cido Poliacr\u00edlico?<\/h4>\n<p>O PAAS funciona adsorvendo as part\u00edculas em suspens\u00e3o e fazendo com que elas se agrupem (floculem). As part\u00edculas floculadas s\u00e3o ent\u00e3o pesadas o suficiente para decantar da suspens\u00e3o.<\/p>\n<h4>Quais s\u00e3o os benef\u00edcios de usar o sal de s\u00f3dio de \u00e1cido poliacr\u00edlico?<\/h4>\n<p>O principal benef\u00edcio do uso do PAAS \u00e9 sua alta efici\u00eancia na flocula\u00e7\u00e3o de part\u00edculas suspensas. O PAAS tamb\u00e9m requer baixa dosagem e pode ser usado em uma ampla faixa de pH. Al\u00e9m disso, o PAAS n\u00e3o \u00e9 t\u00f3xico e n\u00e3o produz res\u00edduos perigosos.<\/p>\n<h4>Quais s\u00e3o as desvantagens de usar sal de s\u00f3dio de \u00e1cido poliacr\u00edlico?<\/h4>\n<p>Uma desvantagem do PAAS \u00e9 que ele pode aumentar o volume do lodo devido \u00e0 sua alta capacidade de adsor\u00e7\u00e3o. Al\u00e9m disso, o PAAS pode hidrolisar em condi\u00e7\u00f5es alcalinas para formar acrilamida, uma subst\u00e2ncia cancer\u00edgena.<\/p>\n<h4>8 . Como devo armazenar o Sal S\u00f3dico do \u00c1cido Poliacr\u00edlico?<\/h4>\n<p><strong>Sais de S\u00f3dio do \u00c1cido Poliacr\u00edlico<\/strong> deve ser armazenado em um recipiente herm\u00e9tico em local fresco e seco.<\/p>\n<div data-zone-id=\"0\" data-line-index=\"0\" data-line=\"true\"><a href=\"https:\/\/vcycletech.com\/pt\/categoria-de-produto\/policarboxilico-anti-incrustante-e-dispersante\/\">Obtenha a solu\u00e7\u00e3o completa anti-incrustante e dispersante policarbox\u00edlico<\/a><\/div>","protected":false},"excerpt":{"rendered":"<p><strong>Sal de S\u00f3dio do \u00c1cido Poliacr\u00edlico (PAAS)<\/strong> \u00e9 um pol\u00edmero ani\u00f4nico vers\u00e1til usado em uma variedade de ind\u00fastrias. Est\u00e1 dispon\u00edvel nas concentra\u00e7\u00f5es de 30%, 45%, 50% e 92%. <strong>PAAS<\/strong> \u00e9 usado como aditivo para materiais pl\u00e1sticos e artigos em contato com alimentos, como agente aglutinante cosm\u00e9tico, agente formador de filme e agente controlador de viscosidade. Tamb\u00e9m pode dispersar microcristais ou microareia de carbonato de c\u00e1lcio, fosfato de c\u00e1lcio e sulfato de c\u00e1lcio. O PAAS n\u00e3o \u00e9 t\u00f3xico e \u00e9 seguro para uso em muitas aplica\u00e7\u00f5es.<\/p>","protected":false},"featured_media":997,"template":"","meta":{"site-sidebar-layout":"default","site-content-layout":"default","ast-site-content-layout":"default","site-content-style":"default","site-sidebar-style":"default","ast-global-header-display":"","ast-banner-title-visibility":"","ast-main-header-display":"","ast-hfb-above-header-display":"","ast-hfb-below-header-display":"","ast-hfb-mobile-header-display":"","site-post-title":"","ast-breadcrumbs-content":"","ast-featured-img":"","footer-sml-layout":"","ast-disable-related-posts":"","theme-transparent-header-meta":"default","adv-header-id-meta":"","stick-header-meta":"default","header-above-stick-meta":"","header-main-stick-meta":"","header-below-stick-meta":"","astra-migrate-meta-layouts":"default","ast-page-background-enabled":"default","ast-page-background-meta":{"desktop":{"background-color":"","background-image":"","background-repeat":"repeat","background-position":"center center","background-size":"auto","background-attachment":"scroll","background-type":"","background-media":"","overlay-type":"","overlay-color":"","overlay-opacity":"","overlay-gradient":""},"tablet":{"background-color":"","background-image":"","background-repeat":"repeat","background-position":"center center","background-size":"auto","background-attachment":"scroll","background-type":"","background-media":"","overlay-type":"","overlay-color":"","overlay-opacity":"","overlay-gradient":""},"mobile":{"background-color":"","background-image":"","background-repeat":"repeat","background-position":"center center","background-size":"auto","background-attachment":"scroll","background-type":"","background-media":"","overlay-type":"","overlay-color":"","overlay-opacity":"","overlay-gradient":""}},"ast-content-background-meta":{"desktop":{"background-color":"var(--ast-global-color-5)","background-image":"","background-repeat":"repeat","background-position":"center center","background-size":"auto","background-attachment":"scroll","background-type":"","background-media":"","overlay-type":"","overlay-color":"","overlay-opacity":"","overlay-gradient":""},"tablet":{"background-color":"var(--ast-global-color-5)","background-image":"","background-repeat":"repeat","background-position":"center center","background-size":"auto","background-attachment":"scroll","background-type":"","background-media":"","overlay-type":"","overlay-color":"","overlay-opacity":"","overlay-gradient":""},"mobile":{"background-color":"var(--ast-global-color-5)","background-image":"","background-repeat":"repeat","background-position":"center center","background-size":"auto","background-attachment":"scroll","background-type":"","background-media":"","overlay-type":"","overlay-color":"","overlay-opacity":"","overlay-gradient":""}}},"product_brand":[],"product_cat":[28],"product_tag":[],"class_list":{"0":"post-990","1":"product","2":"type-product","3":"status-publish","4":"has-post-thumbnail","6":"product_cat-polycarboxylic-antiscalant-and-dispersant","7":"desktop-align-left","8":"tablet-align-left","9":"mobile-align-left","10":"ast-product-gallery-layout-horizontal-slider","11":"ast-product-gallery-with-no-image","12":"ast-product-tabs-layout-horizontal","14":"first","15":"instock","16":"shipping-taxable","17":"product-type-simple"},"yoast_head":"<!-- This site is optimized with the Yoast SEO Premium plugin v26.3 (Yoast SEO v27.3) - https:\/\/yoast.com\/product\/yoast-seo-premium-wordpress\/ -->\n<title>Polyacrylic Acid Sodium Salt(PAAS)30%, 45%, 50%, 92%<\/title>\n<meta name=\"description\" content=\"Need polyacrylic acid sodium salt? We have PAAS concentrations of 30%, 45%, 50% and 92%. Get it now!\" \/>\n<meta name=\"robots\" content=\"index, follow, max-snippet:-1, max-image-preview:large, max-video-preview:-1\" \/>\n<link rel=\"canonical\" href=\"https:\/\/vcycletech.com\/pt\/produtos\/sal-de-sodio-acido-poliacrilico\/\" \/>\n<meta property=\"og:locale\" content=\"pt_PT\" \/>\n<meta property=\"og:type\" content=\"article\" \/>\n<meta property=\"og:title\" content=\"Polyacrylic Acid Sodium Salt(PAAS)30%, 45%, 50%, 92%\" \/>\n<meta property=\"og:description\" content=\"Need polyacrylic acid sodium salt? We have PAAS concentrations of 30%, 45%, 50% and 92%. Get it now!\" \/>\n<meta property=\"og:url\" content=\"https:\/\/vcycletech.com\/pt\/produtos\/sal-de-sodio-acido-poliacrilico\/\" \/>\n<meta property=\"og:site_name\" content=\"vcycletech\" \/>\n<meta property=\"article:modified_time\" content=\"2023-03-20T07:50:39+00:00\" \/>\n<meta property=\"og:image\" content=\"https:\/\/vcycletech.com\/wp-content\/uploads\/2023\/03\/1-18.png\" \/>\n\t<meta property=\"og:image:width\" content=\"600\" \/>\n\t<meta property=\"og:image:height\" content=\"600\" \/>\n\t<meta property=\"og:image:type\" content=\"image\/png\" \/>\n<meta name=\"twitter:card\" content=\"summary_large_image\" \/>\n<meta name=\"twitter:label1\" content=\"Tempo estimado de leitura\" \/>\n\t<meta name=\"twitter:data1\" content=\"3 minutos\" \/>\n<script type=\"application\/ld+json\" class=\"yoast-schema-graph\">{\"@context\":\"https:\\\/\\\/schema.org\",\"@graph\":[{\"@type\":\"WebPage\",\"@id\":\"https:\\\/\\\/vcycletech.com\\\/product\\\/polyacrylic-acid-sodium-salt\\\/\",\"url\":\"https:\\\/\\\/vcycletech.com\\\/product\\\/polyacrylic-acid-sodium-salt\\\/\",\"name\":\"Polyacrylic Acid Sodium Salt(PAAS)30%, 45%, 50%, 92%\",\"isPartOf\":{\"@id\":\"https:\\\/\\\/vcycletech.com\\\/#website\"},\"primaryImageOfPage\":{\"@id\":\"https:\\\/\\\/vcycletech.com\\\/product\\\/polyacrylic-acid-sodium-salt\\\/#primaryimage\"},\"image\":{\"@id\":\"https:\\\/\\\/vcycletech.com\\\/product\\\/polyacrylic-acid-sodium-salt\\\/#primaryimage\"},\"thumbnailUrl\":\"https:\\\/\\\/vcycletech.com\\\/wp-content\\\/uploads\\\/2023\\\/03\\\/1-18.png\",\"datePublished\":\"2023-03-20T07:45:26+00:00\",\"dateModified\":\"2023-03-20T07:50:39+00:00\",\"description\":\"Need polyacrylic acid sodium salt? We have PAAS concentrations of 30%, 45%, 50% and 92%. Get it now!\",\"breadcrumb\":{\"@id\":\"https:\\\/\\\/vcycletech.com\\\/product\\\/polyacrylic-acid-sodium-salt\\\/#breadcrumb\"},\"inLanguage\":\"pt-PT\",\"potentialAction\":[{\"@type\":\"ReadAction\",\"target\":[\"https:\\\/\\\/vcycletech.com\\\/product\\\/polyacrylic-acid-sodium-salt\\\/\"]}]},{\"@type\":\"ImageObject\",\"inLanguage\":\"pt-PT\",\"@id\":\"https:\\\/\\\/vcycletech.com\\\/product\\\/polyacrylic-acid-sodium-salt\\\/#primaryimage\",\"url\":\"https:\\\/\\\/vcycletech.com\\\/wp-content\\\/uploads\\\/2023\\\/03\\\/1-18.png\",\"contentUrl\":\"https:\\\/\\\/vcycletech.com\\\/wp-content\\\/uploads\\\/2023\\\/03\\\/1-18.png\",\"width\":600,\"height\":600,\"caption\":\"Polyacrylic Acid Sodium Salt(PAAS)30%, 45%, 50%, 92%\"},{\"@type\":\"BreadcrumbList\",\"@id\":\"https:\\\/\\\/vcycletech.com\\\/product\\\/polyacrylic-acid-sodium-salt\\\/#breadcrumb\",\"itemListElement\":[{\"@type\":\"ListItem\",\"position\":1,\"name\":\"Home\",\"item\":\"https:\\\/\\\/vcycletech.com\\\/\"},{\"@type\":\"ListItem\",\"position\":2,\"name\":\"Water Treatment Chemicals Manufacturer\",\"item\":\"https:\\\/\\\/vcycletech.com\\\/water-treatment-chemicals-manufacturer\\\/\"},{\"@type\":\"ListItem\",\"position\":3,\"name\":\"Polyacrylic Acid Sodium Salt(PAAS)30%, 45%, 50%, 92%\"}]},{\"@type\":\"WebSite\",\"@id\":\"https:\\\/\\\/vcycletech.com\\\/#website\",\"url\":\"https:\\\/\\\/vcycletech.com\\\/\",\"name\":\"vcycletech\",\"description\":\"China&#039;s top water treatment chemicals supplier\",\"publisher\":{\"@id\":\"https:\\\/\\\/vcycletech.com\\\/#organization\"},\"potentialAction\":[{\"@type\":\"SearchAction\",\"target\":{\"@type\":\"EntryPoint\",\"urlTemplate\":\"https:\\\/\\\/vcycletech.com\\\/?s={search_term_string}\"},\"query-input\":{\"@type\":\"PropertyValueSpecification\",\"valueRequired\":true,\"valueName\":\"search_term_string\"}}],\"inLanguage\":\"pt-PT\"},{\"@type\":\"Organization\",\"@id\":\"https:\\\/\\\/vcycletech.com\\\/#organization\",\"name\":\"vcycletech\",\"url\":\"https:\\\/\\\/vcycletech.com\\\/\",\"logo\":{\"@type\":\"ImageObject\",\"inLanguage\":\"pt-PT\",\"@id\":\"https:\\\/\\\/vcycletech.com\\\/#\\\/schema\\\/logo\\\/image\\\/\",\"url\":\"https:\\\/\\\/vcycletech.com\\\/wp-content\\\/uploads\\\/2023\\\/03\\\/logo-vcycletech-1.png\",\"contentUrl\":\"https:\\\/\\\/vcycletech.com\\\/wp-content\\\/uploads\\\/2023\\\/03\\\/logo-vcycletech-1.png\",\"width\":600,\"height\":400,\"caption\":\"vcycletech\"},\"image\":{\"@id\":\"https:\\\/\\\/vcycletech.com\\\/#\\\/schema\\\/logo\\\/image\\\/\"}}]}<\/script>\n<!-- \/ Yoast SEO Premium plugin. -->","yoast_head_json":{"title":"Sal de S\u00f3dio do \u00c1cido Poliacr\u00edlico (PAAS)30%, 45%, 50%, 92%","description":"Precisa de sal de s\u00f3dio de \u00e1cido poliacr\u00edlico? Temos concentra\u00e7\u00f5es de PAAS de 30%, 45%, 50% e 92%. Obt\u00ea-lo agora!","robots":{"index":"index","follow":"follow","max-snippet":"max-snippet:-1","max-image-preview":"max-image-preview:large","max-video-preview":"max-video-preview:-1"},"canonical":"https:\/\/vcycletech.com\/pt\/produtos\/sal-de-sodio-acido-poliacrilico\/","og_locale":"pt_PT","og_type":"article","og_title":"Polyacrylic Acid Sodium Salt(PAAS)30%, 45%, 50%, 92%","og_description":"Need polyacrylic acid sodium salt? We have PAAS concentrations of 30%, 45%, 50% and 92%. Get it now!","og_url":"https:\/\/vcycletech.com\/pt\/produtos\/sal-de-sodio-acido-poliacrilico\/","og_site_name":"vcycletech","article_modified_time":"2023-03-20T07:50:39+00:00","og_image":[{"width":600,"height":600,"url":"https:\/\/vcycletech.com\/wp-content\/uploads\/2023\/03\/1-18.png","type":"image\/png"}],"twitter_card":"summary_large_image","twitter_misc":{"Tempo estimado de leitura":"3 minutos"},"schema":{"@context":"https:\/\/schema.org","@graph":[{"@type":"WebPage","@id":"https:\/\/vcycletech.com\/product\/polyacrylic-acid-sodium-salt\/","url":"https:\/\/vcycletech.com\/product\/polyacrylic-acid-sodium-salt\/","name":"Sal de S\u00f3dio do \u00c1cido Poliacr\u00edlico (PAAS)30%, 45%, 50%, 92%","isPartOf":{"@id":"https:\/\/vcycletech.com\/#website"},"primaryImageOfPage":{"@id":"https:\/\/vcycletech.com\/product\/polyacrylic-acid-sodium-salt\/#primaryimage"},"image":{"@id":"https:\/\/vcycletech.com\/product\/polyacrylic-acid-sodium-salt\/#primaryimage"},"thumbnailUrl":"https:\/\/vcycletech.com\/wp-content\/uploads\/2023\/03\/1-18.png","datePublished":"2023-03-20T07:45:26+00:00","dateModified":"2023-03-20T07:50:39+00:00","description":"Precisa de sal de s\u00f3dio de \u00e1cido poliacr\u00edlico? Temos concentra\u00e7\u00f5es de PAAS de 30%, 45%, 50% e 92%. Obt\u00ea-lo agora!","breadcrumb":{"@id":"https:\/\/vcycletech.com\/product\/polyacrylic-acid-sodium-salt\/#breadcrumb"},"inLanguage":"pt-PT","potentialAction":[{"@type":"ReadAction","target":["https:\/\/vcycletech.com\/product\/polyacrylic-acid-sodium-salt\/"]}]},{"@type":"ImageObject","inLanguage":"pt-PT","@id":"https:\/\/vcycletech.com\/product\/polyacrylic-acid-sodium-salt\/#primaryimage","url":"https:\/\/vcycletech.com\/wp-content\/uploads\/2023\/03\/1-18.png","contentUrl":"https:\/\/vcycletech.com\/wp-content\/uploads\/2023\/03\/1-18.png","width":600,"height":600,"caption":"Polyacrylic Acid Sodium Salt(PAAS)30%, 45%, 50%, 92%"},{"@type":"BreadcrumbList","@id":"https:\/\/vcycletech.com\/product\/polyacrylic-acid-sodium-salt\/#breadcrumb","itemListElement":[{"@type":"ListItem","position":1,"name":"Home","item":"https:\/\/vcycletech.com\/"},{"@type":"ListItem","position":2,"name":"Water Treatment Chemicals Manufacturer","item":"https:\/\/vcycletech.com\/water-treatment-chemicals-manufacturer\/"},{"@type":"ListItem","position":3,"name":"Polyacrylic Acid Sodium Salt(PAAS)30%, 45%, 50%, 92%"}]},{"@type":"WebSite","@id":"https:\/\/vcycletech.com\/#website","url":"https:\/\/vcycletech.com\/","name":"vcycletech","description":"China&#039;principal fornecedor de produtos qu\u00edmicos para tratamento de \u00e1gua","publisher":{"@id":"https:\/\/vcycletech.com\/#organization"},"potentialAction":[{"@type":"SearchAction","target":{"@type":"EntryPoint","urlTemplate":"https:\/\/vcycletech.com\/?s={search_term_string}"},"query-input":{"@type":"PropertyValueSpecification","valueRequired":true,"valueName":"search_term_string"}}],"inLanguage":"pt-PT"},{"@type":"Organization","@id":"https:\/\/vcycletech.com\/#organization","name":"vcycletech","url":"https:\/\/vcycletech.com\/","logo":{"@type":"ImageObject","inLanguage":"pt-PT","@id":"https:\/\/vcycletech.com\/#\/schema\/logo\/image\/","url":"https:\/\/vcycletech.com\/wp-content\/uploads\/2023\/03\/logo-vcycletech-1.png","contentUrl":"https:\/\/vcycletech.com\/wp-content\/uploads\/2023\/03\/logo-vcycletech-1.png","width":600,"height":400,"caption":"vcycletech"},"image":{"@id":"https:\/\/vcycletech.com\/#\/schema\/logo\/image\/"}}]}},"_links":{"self":[{"href":"https:\/\/vcycletech.com\/pt\/wp-json\/wp\/v2\/product\/990","targetHints":{"allow":["GET"]}}],"collection":[{"href":"https:\/\/vcycletech.com\/pt\/wp-json\/wp\/v2\/product"}],"about":[{"href":"https:\/\/vcycletech.com\/pt\/wp-json\/wp\/v2\/types\/product"}],"wp:featuredmedia":[{"embeddable":true,"href":"https:\/\/vcycletech.com\/pt\/wp-json\/wp\/v2\/media\/997"}],"wp:attachment":[{"href":"https:\/\/vcycletech.com\/pt\/wp-json\/wp\/v2\/media?parent=990"}],"wp:term":[{"taxonomy":"product_brand","embeddable":true,"href":"https:\/\/vcycletech.com\/pt\/wp-json\/wp\/v2\/product_brand?post=990"},{"taxonomy":"product_cat","embeddable":true,"href":"https:\/\/vcycletech.com\/pt\/wp-json\/wp\/v2\/product_cat?post=990"},{"taxonomy":"product_tag","embeddable":true,"href":"https:\/\/vcycletech.com\/pt\/wp-json\/wp\/v2\/product_tag?post=990"}],"curies":[{"name":"wp","href":"https:\/\/api.w.org\/{rel}","templated":true}]}}