{"id":980,"date":"2023-03-20T06:59:07","date_gmt":"2023-03-20T06:59:07","guid":{"rendered":"https:\/\/vcycletech.com\/?post_type=product&#038;p=980"},"modified":"2023-03-20T07:05:56","modified_gmt":"2023-03-20T07:05:56","slug":"paa-poli-acrilico-acido-30-50-63","status":"publish","type":"product","link":"https:\/\/vcycletech.com\/pt\/produtos\/paa-poli-acrilico-acido-30-50-63\/","title":{"rendered":"PAA \u00c1cido Poliacr\u00edlico (30%, 50%, 63%)"},"content":{"rendered":"<h3 class=\"fzs\">CAS No.9003-01-4<\/h3>\n<h3>F\u00f3rmula estrutural:<\/h3>\n<p><img fetchpriority=\"high\" decoding=\"async\" class=\"alignnone size-full wp-image-983\" src=\"https:\/\/vcycletech.com\/wp-content\/uploads\/2023\/03\/1-17.png\" alt=\"F\u00f3rmula estrutural:\" width=\"1291\" height=\"420\" srcset=\"https:\/\/vcycletech.com\/wp-content\/uploads\/2023\/03\/1-17.png 1291w, https:\/\/vcycletech.com\/wp-content\/uploads\/2023\/03\/1-17-600x195.png 600w, https:\/\/vcycletech.com\/wp-content\/uploads\/2023\/03\/1-17-300x98.png 300w, https:\/\/vcycletech.com\/wp-content\/uploads\/2023\/03\/1-17-1024x333.png 1024w, https:\/\/vcycletech.com\/wp-content\/uploads\/2023\/03\/1-17-768x250.png 768w\" sizes=\"(max-width: 1291px) 100vw, 1291px\" \/><\/p>\n<h3>Propriedades:<\/h3>\n<p><strong>PAA<\/strong> \u00e9 um aditivo seguro e sol\u00favel em \u00e1gua em solu\u00e7\u00f5es alcalinas e altamente concentradas sem deixar dep\u00f3sitos de sedimentos. Ele foi projetado para dispersar microcristais ou microareia de carbonato de c\u00e1lcio, fosfato e sulfato. Como um inibidor de incrusta\u00e7\u00e3o e dispersante para sistemas de resfriamento, processos de fabrica\u00e7\u00e3o de papel, t\u00eaxteis, cer\u00e2mica, pintura ou tingimento, o PAA fornece resultados eficazes com manuten\u00e7\u00e3o m\u00ednima necess\u00e1ria.<\/p>\n<h3>Especifica\u00e7\u00e3o<\/h3>\n<div id=\"footable_parent_985\"\n         class=\"footable_parent ninja_table_wrapper loading_ninja_table wp_table_data_press_parent semantic_ui\">\n                <table data-ninja_table_instance=\"ninja_table_instance_0\" data-footable_id=\"985\" data-filter-delay=\"1000\" aria-label=\"\u00c1cido Poliacr\u00edlico (PAA).csv\"            id=\"footable_985\"\n           data-unique_identifier=\"ninja_table_unique_id_2307966259_985\"\n           class=\"foo-table ninja_footable foo_table_985 ninja_table_unique_id_2307966259_985 ui table  nt_type_legacy_table selectable striped vertical_centered  footable-paging-right ninja_table_pro\">\n                <colgroup>\n                            <col class=\"ninja_column_0\">\n                            <col class=\"ninja_column_1\">\n                            <col class=\"ninja_column_2\">\n                    <\/colgroup>\n        <thead>\n<tr class=\"footable-header\">\n                                                        <th scope=\"col\"  class=\"ninja_column_0 ninja_clmn_nm_items\">Itens<\/th><th scope=\"col\"  class=\"ninja_column_1 ninja_clmn_nm_index\">\u00cdndice<\/th><th scope=\"col\"  class=\"ninja_column_2 ninja_clmn_nm_ninja_column_3\"><\/th><\/tr>\n<\/thead>\n<tbody>\n\n        <tr data-row_id=\"172\" class=\"ninja_table_row_0 nt_row_id_172\">\n            <td>Apar\u00eancia<\/td><td>L\u00edquido transparente incolor a amarelo claro<\/td><td>L\u00edquido transparente incolor a amarelo claro<\/td>        <\/tr>\n            <tr data-row_id=\"173\" class=\"ninja_table_row_1 nt_row_id_173\">\n            <td>Conte\u00fado s\u00f3lido %<\/td><td>30,0 min<\/td><td>50,0 min<\/td>        <\/tr>\n            <tr data-row_id=\"174\" class=\"ninja_table_row_2 nt_row_id_174\">\n            <td>Mon\u00f4mero livre (como AA) %<\/td><td>0,50 m\u00e1x.<\/td><td>0,50 m\u00e1x.<\/td>        <\/tr>\n            <tr data-row_id=\"175\" class=\"ninja_table_row_3 nt_row_id_175\">\n            <td>Densidade (20 \u2103) g\/cm3<\/td><td>1,10 min<\/td><td>1,20 min<\/td>        <\/tr>\n            <tr data-row_id=\"176\" class=\"ninja_table_row_4 nt_row_id_176\">\n            <td>pH (solu\u00e7\u00e3o de \u00e1gua 1%)<\/td><td>2.5-4.5<\/td><td>2.5-4.5<\/td>        <\/tr>\n    <\/tbody><!--ninja_tobody_rendering_done-->\n    <\/table>\n    \n    \n    \n<\/div>\n\n<h3>Uso:<\/h3>\n<p><strong>\u00e1cido poliacr\u00edlico<\/strong> \u00e9 um pol\u00edmero vers\u00e1til derivado do \u00e1cido acr\u00edlico com propriedades higrosc\u00f3picas e quebradi\u00e7as. Tem muitas aplica\u00e7\u00f5es, incluindo engenharia de tecidos, sistemas de administra\u00e7\u00e3o de medicamentos e baterias de \u00edons de l\u00edtio. \u00c9 n\u00e3o t\u00f3xico, biocompat\u00edvel e biodegrad\u00e1vel, tornando-o uma escolha ideal para muitas ind\u00fastrias. O \u00e1cido poliacr\u00edlico pode ser usado como um inibidor de incrusta\u00e7\u00e3o e dispersante em sistemas de circula\u00e7\u00e3o de \u00e1gua fria em usinas de energia, f\u00e1bricas de ferro e a\u00e7o, f\u00e1bricas de fertilizantes qu\u00edmicos, refinarias e sistemas de ar condicionado. Quando usado sozinho, a dosagem deve ser de 1-15mg\/L, dependendo da qualidade da \u00e1gua e materiais do equipamento. Al\u00e9m disso, o \u00e1cido poliacr\u00edlico tamb\u00e9m pode ser usado para reduzir a corros\u00e3o em<\/p>\n<p>O \u00e1cido poliacr\u00edlico \u00e9 uma solu\u00e7\u00e3o eficaz para muitas ind\u00fastrias devido \u00e0 sua versatilidade e natureza n\u00e3o t\u00f3xica. Sua capacidade de atuar como inibidor de incrusta\u00e7\u00e3o e dispersante o torna a escolha ideal para muitas aplica\u00e7\u00f5es.<\/p>\n<h3>Cen\u00e1rios de Aplica\u00e7\u00e3o do \u00c1cido Poliacr\u00edlico (PAA)<\/h3>\n<p>O \u00e1cido poliacr\u00edlico (PAA) \u00e9 um pol\u00edmero sol\u00favel em \u00e1gua com v\u00e1rias aplica\u00e7\u00f5es industriais e comerciais. O PAA \u00e9 comumente conhecido como Carbomer e pode ser usado como agente espessante, dispersante, emulsificante, adesivo e muito mais. Est\u00e1 se tornando cada vez mais popular em muitas ind\u00fastrias devido \u00e0 sua versatilidade e custo relativamente baixo em compara\u00e7\u00e3o com outros pol\u00edmeros. As empresas que procuram vender PAA a granel no atacado devem estar cientes das v\u00e1rias aplica\u00e7\u00f5es que o PAA pode ter, para que possam determinar melhor sua adequa\u00e7\u00e3o para diferentes produtos finais.<\/p>\n<p>Um dos usos mais comuns do PAA \u00e9 como agente espessante ou estabilizador. Isso o torna ideal para g\u00e9is, cremes, lo\u00e7\u00f5es, xampus e condicionadores. Ao utilizar as propriedades exclusivas do PAA, como sua capacidade de resistir a mudan\u00e7as de pH ou temperatura ao longo do tempo, esses produtos podem manter a consist\u00eancia e a viscosidade desejadas durante todo o prazo de validade. Al\u00e9m disso, o PAA atua como um agente de suspens\u00e3o eficaz, que ajuda a manter os ingredientes s\u00f3lidos suspensos em misturas l\u00edquidas. Essa propriedade o torna adequado para uso em formula\u00e7\u00f5es farmac\u00eauticas, onde pode ajudar a reduzir as taxas de sedimenta\u00e7\u00e3o de ingredientes ativos durante os per\u00edodos de armazenamento.<\/p>\n<p>Al\u00e9m de seu uso como espessante ou estabilizador, o PAA provou ser \u00fatil como emulsificante e dispersante. Como um emulsificante, ajuda a estabilizar as misturas de \u00f3leo em \u00e1gua, evitando que as part\u00edculas se agrupem, ao mesmo tempo em que proporciona melhor textura e sensa\u00e7\u00e3o quando usado em cosm\u00e9ticos ou produtos aliment\u00edcios. Como dispersante, ajuda a dispersar uniformemente as part\u00edculas insol\u00faveis em l\u00edquidos, tornando-o valioso para tintas e revestimentos em que a distribui\u00e7\u00e3o de cor consistente deve ser mantida durante longos per\u00edodos de armazenamento. Por \u00faltimo, o PAA tamb\u00e9m serve como adesivo gra\u00e7as \u00e0 sua capacidade de formar liga\u00e7\u00f5es fortes e flex\u00edveis com substratos org\u00e2nicos e inorg\u00e2nicos, tornando-o adequado para adesivos como cola ou cimento de borracha.<\/p>\n<h3>Como embalar e armazenar \u00e1cido poliacr\u00edlico PAA<\/h3>\n<p><strong>PAA \u00c1cido Poliacr\u00edlico<\/strong> \u00e9 um pol\u00edmero comum em muitas ind\u00fastrias, como impress\u00e3o, embalagem e t\u00eaxteis. Est\u00e1 dispon\u00edvel em tr\u00eas concentra\u00e7\u00f5es \u2013 30%, 50% e 63%. Ao lidar com esse material, \u00e9 importante armazen\u00e1-lo e embal\u00e1-lo adequadamente para mant\u00ea-lo em boas condi\u00e7\u00f5es. Aqui est\u00e3o algumas dicas para fazer exatamente isso:<\/p>\n<ul>\n<li>Armazene o \u00c1cido Poliacr\u00edlico PAA em local fresco e seco, longe da luz solar direta ou umidade.<\/li>\n<li>Mantenha o recipiente fechado quando n\u00e3o estiver usando o material.<\/li>\n<li>Certifique-se de que todos os recipientes contendo \u00e1cido poliacr\u00edlico PAA sejam rotulados com a concentra\u00e7\u00e3o do material. Isso facilitar\u00e1 muito a identifica\u00e7\u00e3o.<\/li>\n<li>Certifique-se de verificar regularmente se h\u00e1 sinais de degrada\u00e7\u00e3o ou contamina\u00e7\u00e3o antes de usar. Se houver algum dano ou descolora\u00e7\u00e3o no produto, descarte-o imediatamente.<\/li>\n<li>Use roupas de prote\u00e7\u00e3o adequadas para evitar contato com a pele e poss\u00edveis alergias ao manusear este material.<\/li>\n<li>Limpe qualquer derramamento o mais r\u00e1pido poss\u00edvel com um material absorvente, como serragem ou toalhas de papel.<\/li>\n<\/ul>\n<div data-zone-id=\"0\" data-line-index=\"0\" data-line=\"true\"><a href=\"https:\/\/vcycletech.com\/pt\/categoria-de-produto\/policarboxilico-anti-incrustante-e-dispersante\/\">Obtenha a solu\u00e7\u00e3o completa anti-incrustante e dispersante policarbox\u00edlico<\/a><\/div>","protected":false},"excerpt":{"rendered":"<p><strong>Poli(\u00e1cido acr\u00edlico) (PAA)<\/strong> \u00e9 um pol\u00edmero vers\u00e1til com muitos usos em v\u00e1rias ind\u00fastrias. \u00c9 higrosc\u00f3pico, quebradi\u00e7o e incolor por natureza, com uma temperatura de transi\u00e7\u00e3o v\u00edtrea de quase 106\u00b0C. <strong>PAA<\/strong> est\u00e1 dispon\u00edvel nas concentra\u00e7\u00f5es 30%, 50% e 63%. \u00c9 utilizado como ativador de sistemas de contato para estancar sangramentos e como emulsificante, espessante, estabilizante e agente de suspens\u00e3o na ind\u00fastria aliment\u00edcia. Al\u00e9m disso, pode ser usado como floculante para purifica\u00e7\u00e3o de \u00e1gua e tratamento de \u00e1guas residuais. <strong>PAA<\/strong> tamb\u00e9m \u00e9 usado na ind\u00fastria cosm\u00e9tica para criar cremes e lo\u00e7\u00f5es com textura e estabilidade melhoradas.<\/p>","protected":false},"featured_media":984,"template":"","meta":{"site-sidebar-layout":"default","site-content-layout":"default","ast-site-content-layout":"default","site-content-style":"default","site-sidebar-style":"default","ast-global-header-display":"","ast-banner-title-visibility":"","ast-main-header-display":"","ast-hfb-above-header-display":"","ast-hfb-below-header-display":"","ast-hfb-mobile-header-display":"","site-post-title":"","ast-breadcrumbs-content":"","ast-featured-img":"","footer-sml-layout":"","ast-disable-related-posts":"","theme-transparent-header-meta":"default","adv-header-id-meta":"","stick-header-meta":"default","header-above-stick-meta":"","header-main-stick-meta":"","header-below-stick-meta":"","astra-migrate-meta-layouts":"default","ast-page-background-enabled":"default","ast-page-background-meta":{"desktop":{"background-color":"","background-image":"","background-repeat":"repeat","background-position":"center center","background-size":"auto","background-attachment":"scroll","background-type":"","background-media":"","overlay-type":"","overlay-color":"","overlay-opacity":"","overlay-gradient":""},"tablet":{"background-color":"","background-image":"","background-repeat":"repeat","background-position":"center center","background-size":"auto","background-attachment":"scroll","background-type":"","background-media":"","overlay-type":"","overlay-color":"","overlay-opacity":"","overlay-gradient":""},"mobile":{"background-color":"","background-image":"","background-repeat":"repeat","background-position":"center center","background-size":"auto","background-attachment":"scroll","background-type":"","background-media":"","overlay-type":"","overlay-color":"","overlay-opacity":"","overlay-gradient":""}},"ast-content-background-meta":{"desktop":{"background-color":"var(--ast-global-color-5)","background-image":"","background-repeat":"repeat","background-position":"center center","background-size":"auto","background-attachment":"scroll","background-type":"","background-media":"","overlay-type":"","overlay-color":"","overlay-opacity":"","overlay-gradient":""},"tablet":{"background-color":"var(--ast-global-color-5)","background-image":"","background-repeat":"repeat","background-position":"center center","background-size":"auto","background-attachment":"scroll","background-type":"","background-media":"","overlay-type":"","overlay-color":"","overlay-opacity":"","overlay-gradient":""},"mobile":{"background-color":"var(--ast-global-color-5)","background-image":"","background-repeat":"repeat","background-position":"center center","background-size":"auto","background-attachment":"scroll","background-type":"","background-media":"","overlay-type":"","overlay-color":"","overlay-opacity":"","overlay-gradient":""}}},"product_brand":[],"product_cat":[28],"product_tag":[],"class_list":{"0":"post-980","1":"product","2":"type-product","3":"status-publish","4":"has-post-thumbnail","6":"product_cat-polycarboxylic-antiscalant-and-dispersant","7":"desktop-align-left","8":"tablet-align-left","9":"mobile-align-left","10":"ast-product-gallery-layout-horizontal-slider","11":"ast-product-gallery-with-no-image","12":"ast-product-tabs-layout-horizontal","14":"first","15":"instock","16":"shipping-taxable","17":"product-type-simple"},"yoast_head":"<!-- This site is optimized with the Yoast SEO Premium plugin v26.3 (Yoast SEO v27.3) - https:\/\/yoast.com\/product\/yoast-seo-premium-wordpress\/ -->\n<title>PAA Poly Acrylic Acid (30%, 50%, 63%) - vcycletech<\/title>\n<meta name=\"description\" content=\"Get maximum protection and performance with PAA Poly Acrylic Acid (30%, 50%, 63%)! The perfect solution for your toughest needs.\" \/>\n<meta name=\"robots\" content=\"index, follow, max-snippet:-1, max-image-preview:large, max-video-preview:-1\" \/>\n<link rel=\"canonical\" href=\"https:\/\/vcycletech.com\/pt\/produtos\/paa-poli-acrilico-acido-30-50-63\/\" \/>\n<meta property=\"og:locale\" content=\"pt_PT\" \/>\n<meta property=\"og:type\" content=\"article\" \/>\n<meta property=\"og:title\" content=\"PAA Poly Acrylic Acid (30%, 50%, 63%)\" \/>\n<meta property=\"og:description\" content=\"Get maximum protection and performance with PAA Poly Acrylic Acid (30%, 50%, 63%)! The perfect solution for your toughest needs.\" \/>\n<meta property=\"og:url\" content=\"https:\/\/vcycletech.com\/pt\/produtos\/paa-poli-acrilico-acido-30-50-63\/\" \/>\n<meta property=\"og:site_name\" content=\"vcycletech\" \/>\n<meta property=\"article:modified_time\" content=\"2023-03-20T07:05:56+00:00\" \/>\n<meta property=\"og:image\" content=\"https:\/\/vcycletech.com\/wp-content\/uploads\/2023\/03\/PAA.png\" \/>\n\t<meta property=\"og:image:width\" content=\"600\" \/>\n\t<meta property=\"og:image:height\" content=\"600\" \/>\n\t<meta property=\"og:image:type\" content=\"image\/png\" \/>\n<meta name=\"twitter:card\" content=\"summary_large_image\" \/>\n<meta name=\"twitter:label1\" content=\"Tempo estimado de leitura\" \/>\n\t<meta name=\"twitter:data1\" content=\"4 minutos\" \/>\n<script type=\"application\/ld+json\" class=\"yoast-schema-graph\">{\"@context\":\"https:\\\/\\\/schema.org\",\"@graph\":[{\"@type\":\"WebPage\",\"@id\":\"https:\\\/\\\/vcycletech.com\\\/product\\\/paa-poly-acrylic-acid-30-50-63\\\/\",\"url\":\"https:\\\/\\\/vcycletech.com\\\/product\\\/paa-poly-acrylic-acid-30-50-63\\\/\",\"name\":\"PAA Poly Acrylic Acid (30%, 50%, 63%) - vcycletech\",\"isPartOf\":{\"@id\":\"https:\\\/\\\/vcycletech.com\\\/#website\"},\"primaryImageOfPage\":{\"@id\":\"https:\\\/\\\/vcycletech.com\\\/product\\\/paa-poly-acrylic-acid-30-50-63\\\/#primaryimage\"},\"image\":{\"@id\":\"https:\\\/\\\/vcycletech.com\\\/product\\\/paa-poly-acrylic-acid-30-50-63\\\/#primaryimage\"},\"thumbnailUrl\":\"https:\\\/\\\/vcycletech.com\\\/wp-content\\\/uploads\\\/2023\\\/03\\\/PAA.png\",\"datePublished\":\"2023-03-20T06:59:07+00:00\",\"dateModified\":\"2023-03-20T07:05:56+00:00\",\"description\":\"Get maximum protection and performance with PAA Poly Acrylic Acid (30%, 50%, 63%)! The perfect solution for your toughest needs.\",\"breadcrumb\":{\"@id\":\"https:\\\/\\\/vcycletech.com\\\/product\\\/paa-poly-acrylic-acid-30-50-63\\\/#breadcrumb\"},\"inLanguage\":\"pt-PT\",\"potentialAction\":[{\"@type\":\"ReadAction\",\"target\":[\"https:\\\/\\\/vcycletech.com\\\/product\\\/paa-poly-acrylic-acid-30-50-63\\\/\"]}]},{\"@type\":\"ImageObject\",\"inLanguage\":\"pt-PT\",\"@id\":\"https:\\\/\\\/vcycletech.com\\\/product\\\/paa-poly-acrylic-acid-30-50-63\\\/#primaryimage\",\"url\":\"https:\\\/\\\/vcycletech.com\\\/wp-content\\\/uploads\\\/2023\\\/03\\\/PAA.png\",\"contentUrl\":\"https:\\\/\\\/vcycletech.com\\\/wp-content\\\/uploads\\\/2023\\\/03\\\/PAA.png\",\"width\":600,\"height\":600,\"caption\":\"PAA Poly Acrylic Acid (30%, 50%, 63%)\"},{\"@type\":\"BreadcrumbList\",\"@id\":\"https:\\\/\\\/vcycletech.com\\\/product\\\/paa-poly-acrylic-acid-30-50-63\\\/#breadcrumb\",\"itemListElement\":[{\"@type\":\"ListItem\",\"position\":1,\"name\":\"Home\",\"item\":\"https:\\\/\\\/vcycletech.com\\\/\"},{\"@type\":\"ListItem\",\"position\":2,\"name\":\"Water Treatment Chemicals Manufacturer\",\"item\":\"https:\\\/\\\/vcycletech.com\\\/water-treatment-chemicals-manufacturer\\\/\"},{\"@type\":\"ListItem\",\"position\":3,\"name\":\"PAA Poly Acrylic Acid (30%, 50%, 63%)\"}]},{\"@type\":\"WebSite\",\"@id\":\"https:\\\/\\\/vcycletech.com\\\/#website\",\"url\":\"https:\\\/\\\/vcycletech.com\\\/\",\"name\":\"vcycletech\",\"description\":\"China&#039;s top water treatment chemicals supplier\",\"publisher\":{\"@id\":\"https:\\\/\\\/vcycletech.com\\\/#organization\"},\"potentialAction\":[{\"@type\":\"SearchAction\",\"target\":{\"@type\":\"EntryPoint\",\"urlTemplate\":\"https:\\\/\\\/vcycletech.com\\\/?s={search_term_string}\"},\"query-input\":{\"@type\":\"PropertyValueSpecification\",\"valueRequired\":true,\"valueName\":\"search_term_string\"}}],\"inLanguage\":\"pt-PT\"},{\"@type\":\"Organization\",\"@id\":\"https:\\\/\\\/vcycletech.com\\\/#organization\",\"name\":\"vcycletech\",\"url\":\"https:\\\/\\\/vcycletech.com\\\/\",\"logo\":{\"@type\":\"ImageObject\",\"inLanguage\":\"pt-PT\",\"@id\":\"https:\\\/\\\/vcycletech.com\\\/#\\\/schema\\\/logo\\\/image\\\/\",\"url\":\"https:\\\/\\\/vcycletech.com\\\/wp-content\\\/uploads\\\/2023\\\/03\\\/logo-vcycletech-1.png\",\"contentUrl\":\"https:\\\/\\\/vcycletech.com\\\/wp-content\\\/uploads\\\/2023\\\/03\\\/logo-vcycletech-1.png\",\"width\":600,\"height\":400,\"caption\":\"vcycletech\"},\"image\":{\"@id\":\"https:\\\/\\\/vcycletech.com\\\/#\\\/schema\\\/logo\\\/image\\\/\"}}]}<\/script>\n<!-- \/ Yoast SEO Premium plugin. -->","yoast_head_json":{"title":"\u00c1cido Poliacr\u00edlico PAA (30%, 50%, 63%) - vcycletech","description":"Obtenha m\u00e1xima prote\u00e7\u00e3o e desempenho com \u00e1cido poliacr\u00edlico PAA (30%, 50%, 63%)! A solu\u00e7\u00e3o perfeita para suas necessidades mais dif\u00edceis.","robots":{"index":"index","follow":"follow","max-snippet":"max-snippet:-1","max-image-preview":"max-image-preview:large","max-video-preview":"max-video-preview:-1"},"canonical":"https:\/\/vcycletech.com\/pt\/produtos\/paa-poli-acrilico-acido-30-50-63\/","og_locale":"pt_PT","og_type":"article","og_title":"PAA Poly Acrylic Acid (30%, 50%, 63%)","og_description":"Get maximum protection and performance with PAA Poly Acrylic Acid (30%, 50%, 63%)! The perfect solution for your toughest needs.","og_url":"https:\/\/vcycletech.com\/pt\/produtos\/paa-poli-acrilico-acido-30-50-63\/","og_site_name":"vcycletech","article_modified_time":"2023-03-20T07:05:56+00:00","og_image":[{"width":600,"height":600,"url":"https:\/\/vcycletech.com\/wp-content\/uploads\/2023\/03\/PAA.png","type":"image\/png"}],"twitter_card":"summary_large_image","twitter_misc":{"Tempo estimado de leitura":"4 minutos"},"schema":{"@context":"https:\/\/schema.org","@graph":[{"@type":"WebPage","@id":"https:\/\/vcycletech.com\/product\/paa-poly-acrylic-acid-30-50-63\/","url":"https:\/\/vcycletech.com\/product\/paa-poly-acrylic-acid-30-50-63\/","name":"\u00c1cido Poliacr\u00edlico PAA (30%, 50%, 63%) - vcycletech","isPartOf":{"@id":"https:\/\/vcycletech.com\/#website"},"primaryImageOfPage":{"@id":"https:\/\/vcycletech.com\/product\/paa-poly-acrylic-acid-30-50-63\/#primaryimage"},"image":{"@id":"https:\/\/vcycletech.com\/product\/paa-poly-acrylic-acid-30-50-63\/#primaryimage"},"thumbnailUrl":"https:\/\/vcycletech.com\/wp-content\/uploads\/2023\/03\/PAA.png","datePublished":"2023-03-20T06:59:07+00:00","dateModified":"2023-03-20T07:05:56+00:00","description":"Obtenha m\u00e1xima prote\u00e7\u00e3o e desempenho com \u00e1cido poliacr\u00edlico PAA (30%, 50%, 63%)! A solu\u00e7\u00e3o perfeita para suas necessidades mais dif\u00edceis.","breadcrumb":{"@id":"https:\/\/vcycletech.com\/product\/paa-poly-acrylic-acid-30-50-63\/#breadcrumb"},"inLanguage":"pt-PT","potentialAction":[{"@type":"ReadAction","target":["https:\/\/vcycletech.com\/product\/paa-poly-acrylic-acid-30-50-63\/"]}]},{"@type":"ImageObject","inLanguage":"pt-PT","@id":"https:\/\/vcycletech.com\/product\/paa-poly-acrylic-acid-30-50-63\/#primaryimage","url":"https:\/\/vcycletech.com\/wp-content\/uploads\/2023\/03\/PAA.png","contentUrl":"https:\/\/vcycletech.com\/wp-content\/uploads\/2023\/03\/PAA.png","width":600,"height":600,"caption":"PAA Poly Acrylic Acid (30%, 50%, 63%)"},{"@type":"BreadcrumbList","@id":"https:\/\/vcycletech.com\/product\/paa-poly-acrylic-acid-30-50-63\/#breadcrumb","itemListElement":[{"@type":"ListItem","position":1,"name":"Home","item":"https:\/\/vcycletech.com\/"},{"@type":"ListItem","position":2,"name":"Water Treatment Chemicals Manufacturer","item":"https:\/\/vcycletech.com\/water-treatment-chemicals-manufacturer\/"},{"@type":"ListItem","position":3,"name":"PAA Poly Acrylic Acid (30%, 50%, 63%)"}]},{"@type":"WebSite","@id":"https:\/\/vcycletech.com\/#website","url":"https:\/\/vcycletech.com\/","name":"vcycletech","description":"China&#039;principal fornecedor de produtos qu\u00edmicos para tratamento de \u00e1gua","publisher":{"@id":"https:\/\/vcycletech.com\/#organization"},"potentialAction":[{"@type":"SearchAction","target":{"@type":"EntryPoint","urlTemplate":"https:\/\/vcycletech.com\/?s={search_term_string}"},"query-input":{"@type":"PropertyValueSpecification","valueRequired":true,"valueName":"search_term_string"}}],"inLanguage":"pt-PT"},{"@type":"Organization","@id":"https:\/\/vcycletech.com\/#organization","name":"vcycletech","url":"https:\/\/vcycletech.com\/","logo":{"@type":"ImageObject","inLanguage":"pt-PT","@id":"https:\/\/vcycletech.com\/#\/schema\/logo\/image\/","url":"https:\/\/vcycletech.com\/wp-content\/uploads\/2023\/03\/logo-vcycletech-1.png","contentUrl":"https:\/\/vcycletech.com\/wp-content\/uploads\/2023\/03\/logo-vcycletech-1.png","width":600,"height":400,"caption":"vcycletech"},"image":{"@id":"https:\/\/vcycletech.com\/#\/schema\/logo\/image\/"}}]}},"_links":{"self":[{"href":"https:\/\/vcycletech.com\/pt\/wp-json\/wp\/v2\/product\/980","targetHints":{"allow":["GET"]}}],"collection":[{"href":"https:\/\/vcycletech.com\/pt\/wp-json\/wp\/v2\/product"}],"about":[{"href":"https:\/\/vcycletech.com\/pt\/wp-json\/wp\/v2\/types\/product"}],"wp:featuredmedia":[{"embeddable":true,"href":"https:\/\/vcycletech.com\/pt\/wp-json\/wp\/v2\/media\/984"}],"wp:attachment":[{"href":"https:\/\/vcycletech.com\/pt\/wp-json\/wp\/v2\/media?parent=980"}],"wp:term":[{"taxonomy":"product_brand","embeddable":true,"href":"https:\/\/vcycletech.com\/pt\/wp-json\/wp\/v2\/product_brand?post=980"},{"taxonomy":"product_cat","embeddable":true,"href":"https:\/\/vcycletech.com\/pt\/wp-json\/wp\/v2\/product_cat?post=980"},{"taxonomy":"product_tag","embeddable":true,"href":"https:\/\/vcycletech.com\/pt\/wp-json\/wp\/v2\/product_tag?post=980"}],"curies":[{"name":"wp","href":"https:\/\/api.w.org\/{rel}","templated":true}]}}