{"id":932,"date":"2023-03-18T11:33:45","date_gmt":"2023-03-18T11:33:45","guid":{"rendered":"https:\/\/vcycletech.com\/?post_type=product&#038;p=932"},"modified":"2023-03-27T07:17:46","modified_gmt":"2023-03-27T07:17:46","slug":"tethmp","status":"publish","type":"product","link":"https:\/\/vcycletech.com\/pt\/produtos\/tethmp\/","title":{"rendered":"Sal de S\u00f3dio do \u00c1cido Hexmetanof\u00f4nico Trietileno-tetramina (TETHMP)"},"content":{"rendered":"<h3 id=\"molecular20formula20c12h24o18n4p6na12_12\" class=\"xsj_heading_hash xsj_heading xsj_heading_h3\" data-source-line=\"82\" data-source-line-display=\"true\"><span class=\"xsj_heading_content\">F\u00f3rmula molecular: C12H24O18N4P6Na12<\/span><\/h3>\n<div class=\"xiaoshujiang_element xsj_anchor\"><a class=\"blank_anchor_name\" name=\"molecular20weight20974_13\"><\/a><a id=\"molecular20weight20974_13\" class=\"blank_anchor_id\"><\/a><a class=\"blank_anchor_name\" name=\"molecular-weight-974\"><\/a><a id=\"molecular-weight-974\" class=\"blank_anchor_id\"><\/a><\/div>\n<h3 id=\"molecular20weight20974_13\" class=\"xsj_heading_hash xsj_heading xsj_heading_h3\" data-source-line=\"84\" data-source-line-display=\"true\"><span class=\"xsj_heading_content\">Peso molecular: 974<\/span><\/h3>\n<div class=\"xiaoshujiang_element xsj_anchor\"><a class=\"blank_anchor_name\" name=\"structural20formula_14\"><\/a><a id=\"structural20formula_14\" class=\"blank_anchor_id\"><\/a><a class=\"blank_anchor_name\" name=\"structural-formula\"><\/a><a id=\"structural-formula\" class=\"blank_anchor_id\"><\/a><\/div>\n<h3 id=\"structural20formula_14\" class=\"xsj_heading_hash xsj_heading xsj_heading_h3\" data-source-line=\"86\" data-source-line-display=\"true\"><span class=\"xsj_heading_content\">F\u00f3rmula estrutural:<\/span><\/h3>\n<p><img fetchpriority=\"high\" decoding=\"async\" class=\"alignnone size-full wp-image-940\" src=\"https:\/\/vcycletech.com\/wp-content\/uploads\/2023\/03\/\u672a\u547d\u540d\u7684\u8bbe\u8ba1-3.png\" alt=\"Sal de S\u00f3dio do \u00c1cido Hexmetanof\u00f4nico Trietileno-tetramina (TETHMP)\" width=\"600\" height=\"200\" srcset=\"https:\/\/vcycletech.com\/wp-content\/uploads\/2023\/03\/\u672a\u547d\u540d\u7684\u8bbe\u8ba1-3.png 600w, https:\/\/vcycletech.com\/wp-content\/uploads\/2023\/03\/\u672a\u547d\u540d\u7684\u8bbe\u8ba1-3-300x100.png 300w\" sizes=\"(max-width: 600px) 100vw, 600px\" \/><\/p>\n<h2 id=\"introduction_4\" class=\"xsj_heading_hash xsj_heading xsj_heading_h2\" data-source-line=\"46\" data-source-line-display=\"true\"><span class=\"xsj_heading_content\">Introdu\u00e7\u00e3o<\/span><\/h2>\n<p class=\"xsj_paragraph xsj_paragraph_level_0\" data-source-line=\"48\" data-source-line-display=\"true\">O tratamento da \u00e1gua \u00e9 um aspecto cr\u00edtico para manter n\u00edveis adequados de sa\u00fade e seguran\u00e7a em ambientes p\u00fablicos e industriais. Sal de S\u00f3dio do \u00c1cido Hexmetanof\u00f4nico Trietileno-tetramina, ou <strong>TETHMP<\/strong>, \u00e9 um agente qu\u00edmico essencial no tratamento eficaz da \u00e1gua em v\u00e1rias ind\u00fastrias.<\/p>\n<p data-source-line=\"48\" data-source-line-display=\"true\"><img decoding=\"async\" class=\"alignnone wp-image-937\" src=\"https:\/\/vcycletech.com\/wp-content\/uploads\/2023\/03\/\u6dfb\u52a0\u526f\u6807\u9898-2.jpg\" alt=\"Sal de S\u00f3dio do \u00c1cido Hexmetanof\u00f4nico Trietileno-tetramina (TETHMP)\" width=\"626\" height=\"626\" \/><\/p>\n<div class=\"xiaoshujiang_element xsj_anchor\"><a class=\"blank_anchor_name\" name=\"features20of20tethmp_5\"><\/a><a id=\"features20of20tethmp_5\" class=\"blank_anchor_id\"><\/a><a class=\"blank_anchor_name\" name=\"features-of-tethmp\"><\/a><a id=\"features-of-tethmp\" class=\"blank_anchor_id\"><\/a><\/div>\n<h2 id=\"features20of20tethmp_5\" class=\"xsj_heading_hash xsj_heading xsj_heading_h2\" data-source-line=\"50\" data-source-line-display=\"true\"><span class=\"xsj_heading_content\">Caracter\u00edsticas do TETHMP<\/span><\/h2>\n<p class=\"xsj_paragraph xsj_paragraph_level_0\" data-source-line=\"52\" data-source-line-display=\"true\"><strong class=\"markdown_strong_asterisk\">1) Escala not\u00e1vel e capacidades de inibi\u00e7\u00e3o de corros\u00e3o:<\/strong>\u00a0O TETHMP \u00e9 um inibidor eficaz de incrusta\u00e7\u00e3o e corros\u00e3o em sistemas industriais de tratamento de \u00e1gua, protegendo equipamentos valiosos contra desgaste desnecess\u00e1rio e envelhecimento prematuro. Isso permite uma economia significativa de custos e prolonga a vida \u00fatil geral do maquin\u00e1rio.<\/p>\n<p class=\"xsj_paragraph xsj_paragraph_level_0\" data-source-line=\"54\" data-source-line-display=\"true\"><strong class=\"markdown_strong_asterisk\">2) Alta Estabilidade T\u00e9rmica:<\/strong>\u00a0TETHMP tem uma temperatura de decomposi\u00e7\u00e3o variando entre 223-245 \u2103, o que significa que permanece est\u00e1vel sob condi\u00e7\u00f5es de alto calor, tornando-o ideal para v\u00e1rios processos industriais que operam em altas temperaturas.<\/p>\n<p class=\"xsj_paragraph xsj_paragraph_level_0\" data-source-line=\"56\" data-source-line-display=\"true\"><strong class=\"markdown_strong_asterisk\">3) Propriedades de f\u00e1cil degrada\u00e7\u00e3o:<\/strong>\u00a0Ao contr\u00e1rio de alguns outros agentes de tratamento de \u00e1gua, o TETHMP \u00e9 prontamente biodegrad\u00e1vel, garantindo um impacto limitado no meio ambiente durante o processo de tratamento de \u00e1gua.<\/p>\n<p class=\"xsj_paragraph xsj_paragraph_level_0\" data-source-line=\"58\" data-source-line-display=\"true\"><strong class=\"markdown_strong_asterisk\">4) Aplica\u00e7\u00f5es Multifuncionais:<\/strong>\u00a0O TETHMP \u00e9 adequado para v\u00e1rios processos de tratamento de \u00e1gua, incluindo \u00e1guas de resfriamento municipais e industriais, estabilizadores de branqueamento de per\u00f3xido, aditivos de detergente e aplica\u00e7\u00f5es de inibidores de campos petrol\u00edferos.<\/p>\n<div class=\"xiaoshujiang_element xsj_anchor\"><a class=\"blank_anchor_name\" name=\"faqs20about20tethmp_6\"><\/a><a id=\"faqs20about20tethmp_6\" class=\"blank_anchor_id\"><\/a><a class=\"blank_anchor_name\" name=\"faqs-about-tethmp\"><\/a><a id=\"faqs-about-tethmp\" class=\"blank_anchor_id\"><\/a><\/div>\n<h2 id=\"faqs20about20tethmp_6\" class=\"xsj_heading_hash xsj_heading xsj_heading_h2\" data-source-line=\"60\" data-source-line-display=\"true\"><span class=\"xsj_heading_content\">Perguntas frequentes sobre TETHMP<\/span><\/h2>\n<div class=\"xiaoshujiang_element xsj_anchor\"><a class=\"blank_anchor_name\" name=\"120what20is20tethmp_7\"><\/a><a id=\"120what20is20tethmp_7\" class=\"blank_anchor_id\"><\/a><a class=\"blank_anchor_name\" name=\"1-what-is-tethmp\"><\/a><a id=\"1-what-is-tethmp\" class=\"blank_anchor_id\"><\/a><\/div>\n<h3 id=\"120what20is20tethmp_7\" class=\"xsj_heading_hash xsj_heading xsj_heading_h3\" data-source-line=\"62\" data-source-line-display=\"true\"><span class=\"xsj_heading_content\">1) O que \u00e9 TETHMP?<\/span><\/h3>\n<p class=\"xsj_paragraph xsj_paragraph_level_0\" data-source-line=\"64\" data-source-line-display=\"true\">O TETHMP (Sal S\u00f3dico do \u00c1cido Trietileno-tetramina Hexmetanof\u00f4nico) \u00e9 uma subst\u00e2ncia qu\u00edmica utilizada no tratamento de \u00e1gua em diversas ind\u00fastrias. Ele \u00e9 conhecido por sua not\u00e1vel capacidade de incrusta\u00e7\u00e3o e inibi\u00e7\u00e3o de corros\u00e3o, alta estabilidade t\u00e9rmica e propriedades de degrada\u00e7\u00e3o ecologicamente corretas.<\/p>\n<div class=\"xiaoshujiang_element xsj_anchor\"><a class=\"blank_anchor_name\" name=\"220how20is20tethmp20used20in20water20treatment20processes_8\"><\/a><a id=\"220how20is20tethmp20used20in20water20treatment20processes_8\" class=\"blank_anchor_id\"><\/a><a class=\"blank_anchor_name\" name=\"2-how-is-tethmp-used-in-water-treatment-processes\"><\/a><a id=\"2-how-is-tethmp-used-in-water-treatment-processes\" class=\"blank_anchor_id\"><\/a><\/div>\n<h3 id=\"220how20is20tethmp20used20in20water20treatment20processes_8\" class=\"xsj_heading_hash xsj_heading xsj_heading_h3\" data-source-line=\"66\" data-source-line-display=\"true\"><span class=\"xsj_heading_content\">2) Como o TETHMP \u00e9 utilizado nos processos de tratamento de \u00e1gua?<\/span><\/h3>\n<p class=\"xsj_paragraph xsj_paragraph_level_0\" data-source-line=\"68\" data-source-line-display=\"true\">TETHMP \u00e9 usado como um inibidor de incrusta\u00e7\u00e3o e corros\u00e3o em sistemas industriais de tratamento de \u00e1gua, protegendo m\u00e1quinas e equipamentos contra desgaste desnecess\u00e1rio e envelhecimento prematuro. Devido \u00e0 sua alta estabilidade t\u00e9rmica, \u00e9 ideal para opera\u00e7\u00f5es em alta temperatura e eficaz no tratamento de \u00e1guas de resfriamento, estabilizadores de branqueamento de per\u00f3xido, aditivos de detergente e aplica\u00e7\u00f5es de inibidores de campos petrol\u00edferos.<\/p>\n<div class=\"xiaoshujiang_element xsj_anchor\"><a class=\"blank_anchor_name\" name=\"320is20tethmp20safe20for20the20environment_9\"><\/a><a id=\"320is20tethmp20safe20for20the20environment_9\" class=\"blank_anchor_id\"><\/a><a class=\"blank_anchor_name\" name=\"3-is-tethmp-safe-for-the-environment\"><\/a><a id=\"3-is-tethmp-safe-for-the-environment\" class=\"blank_anchor_id\"><\/a><\/div>\n<h3 id=\"320is20tethmp20safe20for20the20environment_9\" class=\"xsj_heading_hash xsj_heading xsj_heading_h3\" data-source-line=\"70\" data-source-line-display=\"true\"><span class=\"xsj_heading_content\">3) O TETHMP \u00e9 seguro para o meio ambiente?<\/span><\/h3>\n<p class=\"xsj_paragraph xsj_paragraph_level_0\" data-source-line=\"72\" data-source-line-display=\"true\">Sim, como o TETHMP \u00e9 prontamente biodegrad\u00e1vel, ele tem um impacto limitado no meio ambiente durante os processos de tratamento de \u00e1gua. Esta propriedade de f\u00e1cil degrada\u00e7\u00e3o torna-o excepcionalmente seguro para uso em aplica\u00e7\u00f5es de tratamento de \u00e1gua industrial e municipal.<\/p>\n<div class=\"xiaoshujiang_element xsj_anchor\"><a class=\"blank_anchor_name\" name=\"420can20tethmp20be20used20in20high-temperature20operations_10\"><\/a><a id=\"420can20tethmp20be20used20in20high-temperature20operations_10\" class=\"blank_anchor_id\"><\/a><a class=\"blank_anchor_name\" name=\"4-can-tethmp-be-used-in-high-temperature-operations\"><\/a><a id=\"4-can-tethmp-be-used-in-high-temperature-operations\" class=\"blank_anchor_id\"><\/a><\/div>\n<h3 id=\"420can20tethmp20be20used20in20high-temperature20operations_10\" class=\"xsj_heading_hash xsj_heading xsj_heading_h3\" data-source-line=\"74\" data-source-line-display=\"true\"><span class=\"xsj_heading_content\">4) O TETHMP pode ser usado em opera\u00e7\u00f5es de alta temperatura?<\/span><\/h3>\n<p class=\"xsj_paragraph xsj_paragraph_level_0\" data-source-line=\"76\" data-source-line-display=\"true\">Devido \u00e0 sua alta estabilidade t\u00e9rmica com uma temperatura de decomposi\u00e7\u00e3o variando entre 223-245 \u2103, o TETHMP \u00e9 ideal para processos de alta temperatura. Esse recurso garante que o agente qu\u00edmico permane\u00e7a est\u00e1vel em ambientes nos quais outros agentes podem se decompor.<\/p>\n<div class=\"xiaoshujiang_element xsj_anchor\"><a class=\"blank_anchor_name\" name=\"520is20tethmp20applicable20to20oilfield20operations_11\"><\/a><a id=\"520is20tethmp20applicable20to20oilfield20operations_11\" class=\"blank_anchor_id\"><\/a><a class=\"blank_anchor_name\" name=\"5-is-tethmp-applicable-to-oilfield-operations\"><\/a><a id=\"5-is-tethmp-applicable-to-oilfield-operations\" class=\"blank_anchor_id\"><\/a><\/div>\n<h3 id=\"520is20tethmp20applicable20to20oilfield20operations_11\" class=\"xsj_heading_hash xsj_heading xsj_heading_h3\" data-source-line=\"78\" data-source-line-display=\"true\"><span class=\"xsj_heading_content\">5) O TETHMP \u00e9 aplic\u00e1vel a opera\u00e7\u00f5es em campos petrol\u00edferos?<\/span><\/h3>\n<p class=\"xsj_paragraph xsj_paragraph_level_0\" data-source-line=\"80\" data-source-line-display=\"true\">Sim, o TETHMP \u00e9 adequado para aplica\u00e7\u00f5es de inibidores de campos petrol\u00edferos, gra\u00e7as \u00e0s suas excelentes propriedades de incrusta\u00e7\u00e3o e inibi\u00e7\u00e3o de corros\u00e3o. Empregar o TETHMP em opera\u00e7\u00f5es de campos petrol\u00edferos ajuda a manter a efici\u00eancia e a vida \u00fatil geral do equipamento, reduzindo custos e mantendo os padr\u00f5es de seguran\u00e7a.<\/p>\n<p data-source-line=\"80\" data-source-line-display=\"true\"><a href=\"https:\/\/vcycletech.com\/pt\/categoria-de-produto\/fosfonatos-anti-incrustante-inibidor-de-corrosao\/\">Obtenha a solu\u00e7\u00e3o completa anti-incrustante e inibidor de corros\u00e3o de fosfonatos<\/a><\/p>","protected":false},"excerpt":{"rendered":"<p>Sal de S\u00f3dio do \u00c1cido Hexmetanof\u00f4nico Trietileno-tetramina (<strong>TETHMP<\/strong>) \u00e9 um inibidor de incrusta\u00e7\u00e3o e corros\u00e3o sem precedentes termicamente est\u00e1vel com uma temperatura de decomposi\u00e7\u00e3o variando entre 223-245\u2103. Pode inibir o crescimento de bact\u00e9rias, algas e fungos nos processos de tratamento de \u00e1gua. O TETHMP tamb\u00e9m \u00e9 seguro de usar devido \u00e0s suas propriedades de f\u00e1cil degrada\u00e7\u00e3o, tornando-o a escolha ideal para processos de tratamento de \u00e1gua industriais e municipais, incluindo \u00e1guas de resfriamento, estabilizadores de branqueamento de per\u00f3xido, detergentes, aditivos e aplica\u00e7\u00f5es de inibidores de campos petrol\u00edferos. Compradores a granel de sal de s\u00f3dio de \u00e1cido trietileno-tetramina hexmetanof\u00f4nico (TETHMP) podem esperar qualidade e valor excepcionais da vcycletech.<\/p>","protected":false},"featured_media":937,"template":"","meta":{"site-sidebar-layout":"default","site-content-layout":"default","ast-site-content-layout":"default","site-content-style":"default","site-sidebar-style":"default","ast-global-header-display":"","ast-banner-title-visibility":"","ast-main-header-display":"","ast-hfb-above-header-display":"","ast-hfb-below-header-display":"","ast-hfb-mobile-header-display":"","site-post-title":"","ast-breadcrumbs-content":"","ast-featured-img":"","footer-sml-layout":"","ast-disable-related-posts":"","theme-transparent-header-meta":"default","adv-header-id-meta":"","stick-header-meta":"default","header-above-stick-meta":"","header-main-stick-meta":"","header-below-stick-meta":"","astra-migrate-meta-layouts":"default","ast-page-background-enabled":"default","ast-page-background-meta":{"desktop":{"background-color":"","background-image":"","background-repeat":"repeat","background-position":"center center","background-size":"auto","background-attachment":"scroll","background-type":"","background-media":"","overlay-type":"","overlay-color":"","overlay-opacity":"","overlay-gradient":""},"tablet":{"background-color":"","background-image":"","background-repeat":"repeat","background-position":"center center","background-size":"auto","background-attachment":"scroll","background-type":"","background-media":"","overlay-type":"","overlay-color":"","overlay-opacity":"","overlay-gradient":""},"mobile":{"background-color":"","background-image":"","background-repeat":"repeat","background-position":"center center","background-size":"auto","background-attachment":"scroll","background-type":"","background-media":"","overlay-type":"","overlay-color":"","overlay-opacity":"","overlay-gradient":""}},"ast-content-background-meta":{"desktop":{"background-color":"var(--ast-global-color-5)","background-image":"","background-repeat":"repeat","background-position":"center center","background-size":"auto","background-attachment":"scroll","background-type":"","background-media":"","overlay-type":"","overlay-color":"","overlay-opacity":"","overlay-gradient":""},"tablet":{"background-color":"var(--ast-global-color-5)","background-image":"","background-repeat":"repeat","background-position":"center center","background-size":"auto","background-attachment":"scroll","background-type":"","background-media":"","overlay-type":"","overlay-color":"","overlay-opacity":"","overlay-gradient":""},"mobile":{"background-color":"var(--ast-global-color-5)","background-image":"","background-repeat":"repeat","background-position":"center center","background-size":"auto","background-attachment":"scroll","background-type":"","background-media":"","overlay-type":"","overlay-color":"","overlay-opacity":"","overlay-gradient":""}}},"product_brand":[],"product_cat":[15],"product_tag":[],"class_list":{"0":"post-932","1":"product","2":"type-product","3":"status-publish","4":"has-post-thumbnail","6":"product_cat-phosphonates-antiscalant-corrosion-inhibitor","7":"desktop-align-left","8":"tablet-align-left","9":"mobile-align-left","10":"ast-product-gallery-layout-horizontal-slider","11":"ast-product-gallery-with-no-image","12":"ast-product-tabs-layout-horizontal","14":"first","15":"instock","16":"shipping-taxable","17":"product-type-simple"},"yoast_head":"<!-- This site is optimized with the Yoast SEO Premium plugin v26.3 (Yoast SEO v27.3) - https:\/\/yoast.com\/product\/yoast-seo-premium-wordpress\/ -->\n<title>Sodium Salt of Triethylene-tetramine Hexmethanephonic Acid (TETHMP) - vcycletech<\/title>\n<meta name=\"description\" content=\"TETHMP has remarkable scale and corrosion-inhibiting capabilities and is highly thermally stable with a decomposition temperature ranging between 223-245\u2103.\" \/>\n<meta name=\"robots\" content=\"index, follow, max-snippet:-1, max-image-preview:large, max-video-preview:-1\" \/>\n<link rel=\"canonical\" href=\"https:\/\/vcycletech.com\/pt\/produtos\/tethmp\/\" \/>\n<meta property=\"og:locale\" content=\"pt_PT\" \/>\n<meta property=\"og:type\" content=\"article\" \/>\n<meta property=\"og:title\" content=\"Sodium Salt of Triethylene-tetramine Hexmethanephonic Acid (TETHMP)\" \/>\n<meta property=\"og:description\" content=\"TETHMP has remarkable scale and corrosion-inhibiting capabilities and is highly thermally stable with a decomposition temperature ranging between 223-245\u2103.\" \/>\n<meta property=\"og:url\" content=\"https:\/\/vcycletech.com\/pt\/produtos\/tethmp\/\" \/>\n<meta property=\"og:site_name\" content=\"vcycletech\" \/>\n<meta property=\"article:modified_time\" content=\"2023-03-27T07:17:46+00:00\" \/>\n<meta property=\"og:image\" content=\"https:\/\/vcycletech.com\/wp-content\/uploads\/2023\/03\/-2-e1679629267701.jpg\" \/>\n\t<meta property=\"og:image:width\" content=\"600\" \/>\n\t<meta property=\"og:image:height\" content=\"600\" \/>\n\t<meta property=\"og:image:type\" content=\"image\/jpeg\" \/>\n<meta name=\"twitter:card\" content=\"summary_large_image\" \/>\n<meta name=\"twitter:label1\" content=\"Tempo estimado de leitura\" \/>\n\t<meta name=\"twitter:data1\" content=\"3 minutos\" \/>\n<script type=\"application\/ld+json\" class=\"yoast-schema-graph\">{\"@context\":\"https:\\\/\\\/schema.org\",\"@graph\":[{\"@type\":\"WebPage\",\"@id\":\"https:\\\/\\\/vcycletech.com\\\/product\\\/tethmp\\\/\",\"url\":\"https:\\\/\\\/vcycletech.com\\\/product\\\/tethmp\\\/\",\"name\":\"Sodium Salt of Triethylene-tetramine Hexmethanephonic Acid (TETHMP) - vcycletech\",\"isPartOf\":{\"@id\":\"https:\\\/\\\/vcycletech.com\\\/#website\"},\"primaryImageOfPage\":{\"@id\":\"https:\\\/\\\/vcycletech.com\\\/product\\\/tethmp\\\/#primaryimage\"},\"image\":{\"@id\":\"https:\\\/\\\/vcycletech.com\\\/product\\\/tethmp\\\/#primaryimage\"},\"thumbnailUrl\":\"https:\\\/\\\/vcycletech.com\\\/wp-content\\\/uploads\\\/2023\\\/03\\\/-2-e1679629267701.jpg\",\"datePublished\":\"2023-03-18T11:33:45+00:00\",\"dateModified\":\"2023-03-27T07:17:46+00:00\",\"description\":\"TETHMP has remarkable scale and corrosion-inhibiting capabilities and is highly thermally stable with a decomposition temperature ranging between 223-245\u2103.\",\"breadcrumb\":{\"@id\":\"https:\\\/\\\/vcycletech.com\\\/product\\\/tethmp\\\/#breadcrumb\"},\"inLanguage\":\"pt-PT\",\"potentialAction\":[{\"@type\":\"ReadAction\",\"target\":[\"https:\\\/\\\/vcycletech.com\\\/product\\\/tethmp\\\/\"]}]},{\"@type\":\"ImageObject\",\"inLanguage\":\"pt-PT\",\"@id\":\"https:\\\/\\\/vcycletech.com\\\/product\\\/tethmp\\\/#primaryimage\",\"url\":\"https:\\\/\\\/vcycletech.com\\\/wp-content\\\/uploads\\\/2023\\\/03\\\/-2-e1679629267701.jpg\",\"contentUrl\":\"https:\\\/\\\/vcycletech.com\\\/wp-content\\\/uploads\\\/2023\\\/03\\\/-2-e1679629267701.jpg\",\"width\":600,\"height\":600,\"caption\":\"Sodium Salt of Triethylene-tetramine Hexmethanephonic Acid (TETHMP)\"},{\"@type\":\"BreadcrumbList\",\"@id\":\"https:\\\/\\\/vcycletech.com\\\/product\\\/tethmp\\\/#breadcrumb\",\"itemListElement\":[{\"@type\":\"ListItem\",\"position\":1,\"name\":\"Home\",\"item\":\"https:\\\/\\\/vcycletech.com\\\/\"},{\"@type\":\"ListItem\",\"position\":2,\"name\":\"Water Treatment Chemicals Manufacturer\",\"item\":\"https:\\\/\\\/vcycletech.com\\\/water-treatment-chemicals-manufacturer\\\/\"},{\"@type\":\"ListItem\",\"position\":3,\"name\":\"Sodium Salt of Triethylene-tetramine Hexmethanephonic Acid (TETHMP)\"}]},{\"@type\":\"WebSite\",\"@id\":\"https:\\\/\\\/vcycletech.com\\\/#website\",\"url\":\"https:\\\/\\\/vcycletech.com\\\/\",\"name\":\"vcycletech\",\"description\":\"China&#039;s top water treatment chemicals supplier\",\"publisher\":{\"@id\":\"https:\\\/\\\/vcycletech.com\\\/#organization\"},\"potentialAction\":[{\"@type\":\"SearchAction\",\"target\":{\"@type\":\"EntryPoint\",\"urlTemplate\":\"https:\\\/\\\/vcycletech.com\\\/?s={search_term_string}\"},\"query-input\":{\"@type\":\"PropertyValueSpecification\",\"valueRequired\":true,\"valueName\":\"search_term_string\"}}],\"inLanguage\":\"pt-PT\"},{\"@type\":\"Organization\",\"@id\":\"https:\\\/\\\/vcycletech.com\\\/#organization\",\"name\":\"vcycletech\",\"url\":\"https:\\\/\\\/vcycletech.com\\\/\",\"logo\":{\"@type\":\"ImageObject\",\"inLanguage\":\"pt-PT\",\"@id\":\"https:\\\/\\\/vcycletech.com\\\/#\\\/schema\\\/logo\\\/image\\\/\",\"url\":\"https:\\\/\\\/vcycletech.com\\\/wp-content\\\/uploads\\\/2023\\\/03\\\/logo-vcycletech-1.png\",\"contentUrl\":\"https:\\\/\\\/vcycletech.com\\\/wp-content\\\/uploads\\\/2023\\\/03\\\/logo-vcycletech-1.png\",\"width\":600,\"height\":400,\"caption\":\"vcycletech\"},\"image\":{\"@id\":\"https:\\\/\\\/vcycletech.com\\\/#\\\/schema\\\/logo\\\/image\\\/\"}}]}<\/script>\n<!-- \/ Yoast SEO Premium plugin. -->","yoast_head_json":{"title":"Sal de S\u00f3dio do \u00c1cido Hexmetanof\u00f4nico Trietileno-tetramina (TETHMP) - vcycletech","description":"TETHMP tem escala not\u00e1vel e capacidades de inibi\u00e7\u00e3o de corros\u00e3o e \u00e9 altamente est\u00e1vel termicamente com uma temperatura de decomposi\u00e7\u00e3o variando entre 223-245 \u2103.","robots":{"index":"index","follow":"follow","max-snippet":"max-snippet:-1","max-image-preview":"max-image-preview:large","max-video-preview":"max-video-preview:-1"},"canonical":"https:\/\/vcycletech.com\/pt\/produtos\/tethmp\/","og_locale":"pt_PT","og_type":"article","og_title":"Sodium Salt of Triethylene-tetramine Hexmethanephonic Acid (TETHMP)","og_description":"TETHMP has remarkable scale and corrosion-inhibiting capabilities and is highly thermally stable with a decomposition temperature ranging between 223-245\u2103.","og_url":"https:\/\/vcycletech.com\/pt\/produtos\/tethmp\/","og_site_name":"vcycletech","article_modified_time":"2023-03-27T07:17:46+00:00","og_image":[{"width":600,"height":600,"url":"https:\/\/vcycletech.com\/wp-content\/uploads\/2023\/03\/-2-e1679629267701.jpg","type":"image\/jpeg"}],"twitter_card":"summary_large_image","twitter_misc":{"Tempo estimado de leitura":"3 minutos"},"schema":{"@context":"https:\/\/schema.org","@graph":[{"@type":"WebPage","@id":"https:\/\/vcycletech.com\/product\/tethmp\/","url":"https:\/\/vcycletech.com\/product\/tethmp\/","name":"Sal de S\u00f3dio do \u00c1cido Hexmetanof\u00f4nico Trietileno-tetramina (TETHMP) - vcycletech","isPartOf":{"@id":"https:\/\/vcycletech.com\/#website"},"primaryImageOfPage":{"@id":"https:\/\/vcycletech.com\/product\/tethmp\/#primaryimage"},"image":{"@id":"https:\/\/vcycletech.com\/product\/tethmp\/#primaryimage"},"thumbnailUrl":"https:\/\/vcycletech.com\/wp-content\/uploads\/2023\/03\/-2-e1679629267701.jpg","datePublished":"2023-03-18T11:33:45+00:00","dateModified":"2023-03-27T07:17:46+00:00","description":"TETHMP tem escala not\u00e1vel e capacidades de inibi\u00e7\u00e3o de corros\u00e3o e \u00e9 altamente est\u00e1vel termicamente com uma temperatura de decomposi\u00e7\u00e3o variando entre 223-245 \u2103.","breadcrumb":{"@id":"https:\/\/vcycletech.com\/product\/tethmp\/#breadcrumb"},"inLanguage":"pt-PT","potentialAction":[{"@type":"ReadAction","target":["https:\/\/vcycletech.com\/product\/tethmp\/"]}]},{"@type":"ImageObject","inLanguage":"pt-PT","@id":"https:\/\/vcycletech.com\/product\/tethmp\/#primaryimage","url":"https:\/\/vcycletech.com\/wp-content\/uploads\/2023\/03\/-2-e1679629267701.jpg","contentUrl":"https:\/\/vcycletech.com\/wp-content\/uploads\/2023\/03\/-2-e1679629267701.jpg","width":600,"height":600,"caption":"Sodium Salt of Triethylene-tetramine Hexmethanephonic Acid (TETHMP)"},{"@type":"BreadcrumbList","@id":"https:\/\/vcycletech.com\/product\/tethmp\/#breadcrumb","itemListElement":[{"@type":"ListItem","position":1,"name":"Home","item":"https:\/\/vcycletech.com\/"},{"@type":"ListItem","position":2,"name":"Water Treatment Chemicals Manufacturer","item":"https:\/\/vcycletech.com\/water-treatment-chemicals-manufacturer\/"},{"@type":"ListItem","position":3,"name":"Sodium Salt of Triethylene-tetramine Hexmethanephonic Acid (TETHMP)"}]},{"@type":"WebSite","@id":"https:\/\/vcycletech.com\/#website","url":"https:\/\/vcycletech.com\/","name":"vcycletech","description":"China&#039;principal fornecedor de produtos qu\u00edmicos para tratamento de \u00e1gua","publisher":{"@id":"https:\/\/vcycletech.com\/#organization"},"potentialAction":[{"@type":"SearchAction","target":{"@type":"EntryPoint","urlTemplate":"https:\/\/vcycletech.com\/?s={search_term_string}"},"query-input":{"@type":"PropertyValueSpecification","valueRequired":true,"valueName":"search_term_string"}}],"inLanguage":"pt-PT"},{"@type":"Organization","@id":"https:\/\/vcycletech.com\/#organization","name":"vcycletech","url":"https:\/\/vcycletech.com\/","logo":{"@type":"ImageObject","inLanguage":"pt-PT","@id":"https:\/\/vcycletech.com\/#\/schema\/logo\/image\/","url":"https:\/\/vcycletech.com\/wp-content\/uploads\/2023\/03\/logo-vcycletech-1.png","contentUrl":"https:\/\/vcycletech.com\/wp-content\/uploads\/2023\/03\/logo-vcycletech-1.png","width":600,"height":400,"caption":"vcycletech"},"image":{"@id":"https:\/\/vcycletech.com\/#\/schema\/logo\/image\/"}}]}},"_links":{"self":[{"href":"https:\/\/vcycletech.com\/pt\/wp-json\/wp\/v2\/product\/932","targetHints":{"allow":["GET"]}}],"collection":[{"href":"https:\/\/vcycletech.com\/pt\/wp-json\/wp\/v2\/product"}],"about":[{"href":"https:\/\/vcycletech.com\/pt\/wp-json\/wp\/v2\/types\/product"}],"wp:featuredmedia":[{"embeddable":true,"href":"https:\/\/vcycletech.com\/pt\/wp-json\/wp\/v2\/media\/937"}],"wp:attachment":[{"href":"https:\/\/vcycletech.com\/pt\/wp-json\/wp\/v2\/media?parent=932"}],"wp:term":[{"taxonomy":"product_brand","embeddable":true,"href":"https:\/\/vcycletech.com\/pt\/wp-json\/wp\/v2\/product_brand?post=932"},{"taxonomy":"product_cat","embeddable":true,"href":"https:\/\/vcycletech.com\/pt\/wp-json\/wp\/v2\/product_cat?post=932"},{"taxonomy":"product_tag","embeddable":true,"href":"https:\/\/vcycletech.com\/pt\/wp-json\/wp\/v2\/product_tag?post=932"}],"curies":[{"name":"wp","href":"https:\/\/api.w.org\/{rel}","templated":true}]}}