{"id":891,"date":"2023-03-18T02:45:47","date_gmt":"2023-03-18T02:45:47","guid":{"rendered":"https:\/\/vcycletech.com\/?post_type=product&#038;p=891"},"modified":"2023-03-27T07:12:33","modified_gmt":"2023-03-27T07:12:33","slug":"papemp","status":"publish","type":"product","link":"https:\/\/vcycletech.com\/pt\/produtos\/papemp\/","title":{"rendered":"\u00c1cido Poliamino Poli\u00e9ter Metileno Fosf\u00f4nico (PAPEMP)"},"content":{"rendered":"<h3>N\u00ba CAS 130668-24-5<\/h3>\n<h3>Peso molecular: cerca de 600<\/h3>\n<h3>F\u00f3rmula Estrutural PAPEMP:<\/h3>\n<p><img fetchpriority=\"high\" decoding=\"async\" class=\"alignnone size-full wp-image-897\" src=\"https:\/\/vcycletech.com\/wp-content\/uploads\/2023\/03\/1-7.png\" alt=\"F\u00f3rmula Estrutural PAPEMP:\" width=\"1291\" height=\"381\" srcset=\"https:\/\/vcycletech.com\/wp-content\/uploads\/2023\/03\/1-7.png 1291w, https:\/\/vcycletech.com\/wp-content\/uploads\/2023\/03\/1-7-600x177.png 600w, https:\/\/vcycletech.com\/wp-content\/uploads\/2023\/03\/1-7-300x89.png 300w, https:\/\/vcycletech.com\/wp-content\/uploads\/2023\/03\/1-7-1024x302.png 1024w, https:\/\/vcycletech.com\/wp-content\/uploads\/2023\/03\/1-7-768x227.png 768w\" sizes=\"(max-width: 1291px) 100vw, 1291px\" \/><\/p>\n<h3>Propriedades:<\/h3>\n<p>PAPEMP \u00e9 o agente de tratamento de \u00e1gua ideal para opera\u00e7\u00f5es industriais de alto n\u00edvel. Possui excelentes efeitos de quela\u00e7\u00e3o e dispers\u00e3o, um n\u00edvel impressionante de toler\u00e2ncia ao c\u00e1lcio e poderes de inibi\u00e7\u00e3o de incrusta\u00e7\u00f5es altamente eficazes. O PAPEMP pode ser usado como um inibidor de incrusta\u00e7\u00e3o e corros\u00e3o em sistemas de circula\u00e7\u00e3o de \u00e1gua fria e sistemas de \u00e1gua de reabastecimento de campos petrol\u00edferos com n\u00edveis elevados de dureza, alcalinidade e pH.<\/p>\n<p>Mais especificamente, o PAPEMP \u00e9 particularmente eficaz na preven\u00e7\u00e3o da forma\u00e7\u00e3o de escamas de carbonato de c\u00e1lcio, sulfato de c\u00e1lcio e fosfato de c\u00e1lcio. Al\u00e9m disso, \u00e9 uma excelente escolha com sistemas de osmose reversa e sistemas de vaporiza\u00e7\u00e3o flash de v\u00e1rias etapas que envolvem altas concentra\u00e7\u00f5es de sal, n\u00edveis de turbidez e temperaturas (como as encontradas na vaporiza\u00e7\u00e3o de carv\u00e3o). Tamb\u00e9m pode ser usado como uma alternativa ao EDTA, DTPA ou NTA em processos de tecidos e tingimento, como agentes de inibi\u00e7\u00e3o de retorno amarelo.<\/p>\n<h3>Especifica\u00e7\u00e3o:<\/h3>\n<div id=\"footable_parent_899\"\n         class=\"footable_parent ninja_table_wrapper loading_ninja_table wp_table_data_press_parent semantic_ui\">\n                <table data-ninja_table_instance=\"ninja_table_instance_0\" data-footable_id=\"899\" data-filter-delay=\"1000\" aria-label=\"Poliamino Poli\u00e9ter Metileno Fosf\u00f4nico \u00c1cido.csv\"            id=\"footable_899\"\n           data-unique_identifier=\"ninja_table_unique_id_3774282292_899\"\n           class=\"foo-table ninja_footable foo_table_899 ninja_table_unique_id_3774282292_899 ui table  nt_type_legacy_table selectable striped vertical_centered  footable-paging-right ninja_table_pro\">\n                <colgroup>\n                            <col class=\"ninja_column_0\">\n                            <col class=\"ninja_column_1\">\n                    <\/colgroup>\n        <thead>\n<tr class=\"footable-header\">\n                                        <th scope=\"col\"  class=\"ninja_column_0 ninja_clmn_nm_items\">Itens<\/th><th scope=\"col\"  class=\"ninja_column_1 ninja_clmn_nm_index\">\u00cdndice<\/th><\/tr>\n<\/thead>\n<tbody>\n\n        <tr data-row_id=\"102\" class=\"ninja_table_row_0 nt_row_id_102\">\n            <td>Apar\u00eancia<\/td><td>L\u00edquido transparente amarelo claro a amarelo<\/td>        <\/tr>\n            <tr data-row_id=\"103\" class=\"ninja_table_row_1 nt_row_id_103\">\n            <td>Conte\u00fado ativo %<\/td><td>40,0 min<\/td>        <\/tr>\n            <tr data-row_id=\"104\" class=\"ninja_table_row_2 nt_row_id_104\">\n            <td>\u00c1cido fosforoso (como PO43-)%<\/td><td>1,0 m\u00e1x.<\/td>        <\/tr>\n            <tr data-row_id=\"105\" class=\"ninja_table_row_3 nt_row_id_105\">\n            <td>Densidade (20 \u2103) g\/cm3<\/td><td>1,15 minutos<\/td>        <\/tr>\n            <tr data-row_id=\"106\" class=\"ninja_table_row_4 nt_row_id_106\">\n            <td>pH (solu\u00e7\u00e3o de \u00e1gua 1%)<\/td><td>2,0 m\u00e1x.<\/td>        <\/tr>\n    <\/tbody><!--ninja_tobody_rendering_done-->\n    <\/table>\n    \n    \n    \n<\/div>\n\n<h3>Uso:<\/h3>\n<p><strong>PAPEMP<\/strong> \u00e9 um novo agente de tratamento de \u00e1gua com alta quela\u00e7\u00e3o e efeitos de dispers\u00e3o, alto valor de toler\u00e2ncia ao c\u00e1lcio e bons efeitos de inibi\u00e7\u00e3o de escala. Previne efetivamente a precipita\u00e7\u00e3o de carbonato de c\u00e1lcio em alta supersatura\u00e7\u00e3o, tornando-o uma escolha ideal para o tratamento de \u00e1gua industrial.<strong> PAPEMP<\/strong> tem excelente desempenho em alta dureza e pH, tornando-se um excelente anti-incrustante. Al\u00e9m disso, poli\u00e9ter poliamina metileno fosfonatos possuem alta toler\u00e2ncia ao c\u00e1lcio e verificou-se que fornecem inibi\u00e7\u00e3o superior da forma\u00e7\u00e3o, deposi\u00e7\u00e3o e crescimento de incrusta\u00e7\u00f5es. No geral, o PAPEMP \u00e9 um agente de tratamento de \u00e1gua eficaz e eficiente que pode ser usado para prevenir a incrusta\u00e7\u00e3o em aplica\u00e7\u00f5es industriais.<\/p>\n<p><img decoding=\"async\" class=\"alignnone size-full wp-image-900\" src=\"https:\/\/vcycletech.com\/wp-content\/uploads\/2023\/03\/1-8.png\" alt=\"\u00c1cido Poliamino Poli\u00e9ter Metileno Fosf\u00f4nico (PAPEMP)\" width=\"600\" height=\"600\" srcset=\"https:\/\/vcycletech.com\/wp-content\/uploads\/2023\/03\/1-8.png 600w, https:\/\/vcycletech.com\/wp-content\/uploads\/2023\/03\/1-8-100x100.png 100w, https:\/\/vcycletech.com\/wp-content\/uploads\/2023\/03\/1-8-300x300.png 300w, https:\/\/vcycletech.com\/wp-content\/uploads\/2023\/03\/1-8-150x150.png 150w\" sizes=\"(max-width: 600px) 100vw, 600px\" \/><\/p>\n<h3>Como Embalar e Armazenar \u00c1cido Poliamino Poli\u00e9ter Metileno Fosf\u00f4nico (PAPEMP)<\/h3>\n<p><strong>\u00c1cido Poliamino Poli\u00e9ter Metileno Fosf\u00f4nico (PAPEMP)<\/strong> \u00e9 um l\u00edquido altamente corrosivo que pode causar danos graves a equipamentos e pessoas desprotegidas. A embalagem e o armazenamento adequados deste produto qu\u00edmico s\u00e3o essenciais para garantir a seguran\u00e7a e evitar acidentes. Aqui est\u00e3o algumas etapas que voc\u00ea deve seguir ao embalar e armazenar o PAPEMP:<\/p>\n<ol>\n<li>Escolha o material de embalagem adequado para <strong>PAPEMP<\/strong> \u2013 recipientes r\u00edgidos de polietileno de alta densidade (HDPE) s\u00e3o recomendados, pois oferecem excelente resist\u00eancia qu\u00edmica. N\u00e3o use vidro ou papel porque o \u00e1cido pode danific\u00e1-los facilmente.<\/li>\n<li>Certifique-se de que os recipientes que voc\u00ea usa estejam bem vedados com lacres ou tampas inviol\u00e1veis, para que nenhuma contamina\u00e7\u00e3o externa ocorra enquanto o recipiente estiver armazenado.<\/li>\n<li>Sempre armazene seus produtos qu\u00edmicos longe de fontes de calor, luz solar direta, umidade e outros materiais corrosivos. Mantenha seus recipientes em local fresco e seco com ventila\u00e7\u00e3o adequada.<\/li>\n<li>Rotule todos os recipientes de produtos qu\u00edmicos com seu nome adequado e classifica\u00e7\u00f5es de perigo para evitar qualquer uso indevido acidental ou ferimentos graves caso ocorra um acidente durante o transporte ou armazenamento desses materiais.<\/li>\n<li>Se poss\u00edvel, instale sistemas de preven\u00e7\u00e3o de inc\u00eandio pr\u00f3ximo \u00e0 \u00e1rea onde o PAPEMP \u00e9 armazenado para reduzir o risco de inc\u00eandios acidentais causados por uma fa\u00edsca ou fonte de calor que entre em contato com a solu\u00e7\u00e3o \u00e1cida.<\/li>\n<\/ol>\n<p>Seguir essas diretrizes garantir\u00e1 que seu PAPEMP seja embalado e armazenado com seguran\u00e7a para uso futuro e evitar\u00e1 a ocorr\u00eancia de incidentes perigosos devido ao manuseio inadequado desse material altamente corrosivo!<\/p>\n<h3>perguntas frequentes<\/h3>\n<p>&nbsp;<\/p>\n<h4>O que \u00e9 o PAPEMP?<\/h4>\n<p>PAPEMP \u00e9 um \u00e1cido poliamino poli\u00e9ter metileno fosf\u00f4nico. \u00c9 um l\u00edquido sol\u00favel em \u00e1gua, branco a amarelo claro, usado como agente quelante, inibidor de incrusta\u00e7\u00e3o e inibidor de corros\u00e3o em aplica\u00e7\u00f5es de tratamento de \u00e1gua.<\/p>\n<h4>Quais s\u00e3o os benef\u00edcios de usar o PAPEMP?<\/h4>\n<p>O PAPEMP oferece v\u00e1rios benef\u00edcios em aplica\u00e7\u00f5es de tratamento de \u00e1gua, incluindo a preven\u00e7\u00e3o do ac\u00famulo de incrusta\u00e7\u00f5es, a inibi\u00e7\u00e3o da corros\u00e3o e a remo\u00e7\u00e3o de metais pesados da \u00e1gua.<\/p>\n<h4>Quais s\u00e3o os efeitos colaterais do uso do PAPEMP?<\/h4>\n<p>O PAPEMP \u00e9 geralmente considerado seguro para uso em aplica\u00e7\u00f5es de tratamento de \u00e1gua. No entanto, como acontece com qualquer composto qu\u00edmico, sempre h\u00e1 o potencial de efeitos colaterais. Alguns dos poss\u00edveis efeitos colaterais do uso do PAPEMP incluem irrita\u00e7\u00e3o da pele, irrita\u00e7\u00e3o dos olhos e irrita\u00e7\u00e3o respirat\u00f3ria.<\/p>\n<h4>Como usar o PAPEMP?<\/h4>\n<p>O PAPEMP pode ser adicionado \u00e0 \u00e1gua em v\u00e1rios est\u00e1gios diferentes no processo de tratamento de \u00e1gua. Pode ser adicionado \u00e0 \u00e1gua bruta antes da filtra\u00e7\u00e3o ou pode ser adicionado \u00e0 \u00e1gua tratada antes da distribui\u00e7\u00e3o.<\/p>\n<h4>Onde posso comprar o PAPEMP?<\/h4>\n<p>PAPEMP est\u00e1 dispon\u00edvel para compra em uma variedade de varejistas online e fornecedores de produtos qu\u00edmicos<\/p>\n<div data-zone-id=\"0\" data-line-index=\"0\" data-line=\"true\"><a href=\"https:\/\/vcycletech.com\/pt\/categoria-de-produto\/fosfonatos-anti-incrustante-inibidor-de-corrosao\/\">Obtenha a solu\u00e7\u00e3o completa anti-incrustante e inibidor de corros\u00e3o de fosfonatos<\/a><\/div>","protected":false},"excerpt":{"rendered":"<p><strong>\u00c1cido Poliamino Poli\u00e9ter Metileno Fosf\u00f4nico (PAPEMP)<\/strong> \u00e9 um novo agente de tratamento de \u00e1gua com alta quela\u00e7\u00e3o e efeitos de dispers\u00e3o, alto valor de toler\u00e2ncia ao c\u00e1lcio e bons efeitos de inibi\u00e7\u00e3o de escala. Previne efetivamente a precipita\u00e7\u00e3o de carbonato de c\u00e1lcio em altos n\u00edveis de supersatura\u00e7\u00e3o e tem excelente desempenho em alta dureza e pH como anti-incrustante. <strong>PAPEMP<\/strong> tamb\u00e9m \u00e9 conhecido por sua excelente inibi\u00e7\u00e3o da forma\u00e7\u00e3o, deposi\u00e7\u00e3o e crescimento de incrusta\u00e7\u00f5es. Isso o torna uma escolha ideal para aplica\u00e7\u00f5es de tratamento de \u00e1gua industrial.<\/p>","protected":false},"featured_media":895,"template":"","meta":{"site-sidebar-layout":"default","site-content-layout":"default","ast-site-content-layout":"default","site-content-style":"default","site-sidebar-style":"default","ast-global-header-display":"","ast-banner-title-visibility":"","ast-main-header-display":"","ast-hfb-above-header-display":"","ast-hfb-below-header-display":"","ast-hfb-mobile-header-display":"","site-post-title":"","ast-breadcrumbs-content":"","ast-featured-img":"","footer-sml-layout":"","ast-disable-related-posts":"","theme-transparent-header-meta":"default","adv-header-id-meta":"","stick-header-meta":"default","header-above-stick-meta":"","header-main-stick-meta":"","header-below-stick-meta":"","astra-migrate-meta-layouts":"default","ast-page-background-enabled":"default","ast-page-background-meta":{"desktop":{"background-color":"","background-image":"","background-repeat":"repeat","background-position":"center center","background-size":"auto","background-attachment":"scroll","background-type":"","background-media":"","overlay-type":"","overlay-color":"","overlay-opacity":"","overlay-gradient":""},"tablet":{"background-color":"","background-image":"","background-repeat":"repeat","background-position":"center center","background-size":"auto","background-attachment":"scroll","background-type":"","background-media":"","overlay-type":"","overlay-color":"","overlay-opacity":"","overlay-gradient":""},"mobile":{"background-color":"","background-image":"","background-repeat":"repeat","background-position":"center center","background-size":"auto","background-attachment":"scroll","background-type":"","background-media":"","overlay-type":"","overlay-color":"","overlay-opacity":"","overlay-gradient":""}},"ast-content-background-meta":{"desktop":{"background-color":"var(--ast-global-color-5)","background-image":"","background-repeat":"repeat","background-position":"center center","background-size":"auto","background-attachment":"scroll","background-type":"","background-media":"","overlay-type":"","overlay-color":"","overlay-opacity":"","overlay-gradient":""},"tablet":{"background-color":"var(--ast-global-color-5)","background-image":"","background-repeat":"repeat","background-position":"center center","background-size":"auto","background-attachment":"scroll","background-type":"","background-media":"","overlay-type":"","overlay-color":"","overlay-opacity":"","overlay-gradient":""},"mobile":{"background-color":"var(--ast-global-color-5)","background-image":"","background-repeat":"repeat","background-position":"center center","background-size":"auto","background-attachment":"scroll","background-type":"","background-media":"","overlay-type":"","overlay-color":"","overlay-opacity":"","overlay-gradient":""}}},"product_brand":[],"product_cat":[15],"product_tag":[],"class_list":{"0":"post-891","1":"product","2":"type-product","3":"status-publish","4":"has-post-thumbnail","6":"product_cat-phosphonates-antiscalant-corrosion-inhibitor","7":"desktop-align-left","8":"tablet-align-left","9":"mobile-align-left","10":"ast-product-gallery-layout-horizontal-slider","11":"ast-product-gallery-with-no-image","12":"ast-product-tabs-layout-horizontal","14":"first","15":"instock","16":"shipping-taxable","17":"product-type-simple"},"yoast_head":"<!-- This site is optimized with the Yoast SEO Premium plugin v26.3 (Yoast SEO v27.3) - https:\/\/yoast.com\/product\/yoast-seo-premium-wordpress\/ -->\n<title>Polyamino Polyether Methylene Phosphonic Acid(PAPEMP) - vcycletech<\/title>\n<meta name=\"description\" content=\"Quality &quot;Polyamino Polyether Methylene Phosphonic Acid(PAPEMP)&quot; for sale. Low price, fast shipping, and good customer service.\" \/>\n<meta name=\"robots\" content=\"index, follow, max-snippet:-1, max-image-preview:large, max-video-preview:-1\" \/>\n<link rel=\"canonical\" href=\"https:\/\/vcycletech.com\/pt\/produtos\/papemp\/\" \/>\n<meta property=\"og:locale\" content=\"pt_PT\" \/>\n<meta property=\"og:type\" content=\"article\" \/>\n<meta property=\"og:title\" content=\"Polyamino Polyether Methylene Phosphonic Acid(PAPEMP)\" \/>\n<meta property=\"og:description\" content=\"Quality &quot;Polyamino Polyether Methylene Phosphonic Acid(PAPEMP)&quot; for sale. Low price, fast shipping, and good customer service.\" \/>\n<meta property=\"og:url\" content=\"https:\/\/vcycletech.com\/pt\/produtos\/papemp\/\" \/>\n<meta property=\"og:site_name\" content=\"vcycletech\" \/>\n<meta property=\"article:modified_time\" content=\"2023-03-27T07:12:33+00:00\" \/>\n<meta property=\"og:image\" content=\"https:\/\/vcycletech.com\/wp-content\/uploads\/2023\/03\/1-6.png\" \/>\n\t<meta property=\"og:image:width\" content=\"600\" \/>\n\t<meta property=\"og:image:height\" content=\"600\" \/>\n\t<meta property=\"og:image:type\" content=\"image\/png\" \/>\n<meta name=\"twitter:card\" content=\"summary_large_image\" \/>\n<meta name=\"twitter:label1\" content=\"Tempo estimado de leitura\" \/>\n\t<meta name=\"twitter:data1\" content=\"4 minutos\" \/>\n<script type=\"application\/ld+json\" class=\"yoast-schema-graph\">{\"@context\":\"https:\\\/\\\/schema.org\",\"@graph\":[{\"@type\":\"WebPage\",\"@id\":\"https:\\\/\\\/vcycletech.com\\\/product\\\/papemp\\\/\",\"url\":\"https:\\\/\\\/vcycletech.com\\\/product\\\/papemp\\\/\",\"name\":\"Polyamino Polyether Methylene Phosphonic Acid(PAPEMP) - vcycletech\",\"isPartOf\":{\"@id\":\"https:\\\/\\\/vcycletech.com\\\/#website\"},\"primaryImageOfPage\":{\"@id\":\"https:\\\/\\\/vcycletech.com\\\/product\\\/papemp\\\/#primaryimage\"},\"image\":{\"@id\":\"https:\\\/\\\/vcycletech.com\\\/product\\\/papemp\\\/#primaryimage\"},\"thumbnailUrl\":\"https:\\\/\\\/vcycletech.com\\\/wp-content\\\/uploads\\\/2023\\\/03\\\/1-6.png\",\"datePublished\":\"2023-03-18T02:45:47+00:00\",\"dateModified\":\"2023-03-27T07:12:33+00:00\",\"description\":\"Quality \\\"Polyamino Polyether Methylene Phosphonic Acid(PAPEMP)\\\" for sale. Low price, fast shipping, and good customer service.\",\"breadcrumb\":{\"@id\":\"https:\\\/\\\/vcycletech.com\\\/product\\\/papemp\\\/#breadcrumb\"},\"inLanguage\":\"pt-PT\",\"potentialAction\":[{\"@type\":\"ReadAction\",\"target\":[\"https:\\\/\\\/vcycletech.com\\\/product\\\/papemp\\\/\"]}]},{\"@type\":\"ImageObject\",\"inLanguage\":\"pt-PT\",\"@id\":\"https:\\\/\\\/vcycletech.com\\\/product\\\/papemp\\\/#primaryimage\",\"url\":\"https:\\\/\\\/vcycletech.com\\\/wp-content\\\/uploads\\\/2023\\\/03\\\/1-6.png\",\"contentUrl\":\"https:\\\/\\\/vcycletech.com\\\/wp-content\\\/uploads\\\/2023\\\/03\\\/1-6.png\",\"width\":600,\"height\":600,\"caption\":\"Polyamino Polyether Methylene Phosphonic Acid(PAPEMP)\"},{\"@type\":\"BreadcrumbList\",\"@id\":\"https:\\\/\\\/vcycletech.com\\\/product\\\/papemp\\\/#breadcrumb\",\"itemListElement\":[{\"@type\":\"ListItem\",\"position\":1,\"name\":\"Home\",\"item\":\"https:\\\/\\\/vcycletech.com\\\/\"},{\"@type\":\"ListItem\",\"position\":2,\"name\":\"Water Treatment Chemicals Manufacturer\",\"item\":\"https:\\\/\\\/vcycletech.com\\\/water-treatment-chemicals-manufacturer\\\/\"},{\"@type\":\"ListItem\",\"position\":3,\"name\":\"Polyamino Polyether Methylene Phosphonic Acid(PAPEMP)\"}]},{\"@type\":\"WebSite\",\"@id\":\"https:\\\/\\\/vcycletech.com\\\/#website\",\"url\":\"https:\\\/\\\/vcycletech.com\\\/\",\"name\":\"vcycletech\",\"description\":\"China&#039;s top water treatment chemicals supplier\",\"publisher\":{\"@id\":\"https:\\\/\\\/vcycletech.com\\\/#organization\"},\"potentialAction\":[{\"@type\":\"SearchAction\",\"target\":{\"@type\":\"EntryPoint\",\"urlTemplate\":\"https:\\\/\\\/vcycletech.com\\\/?s={search_term_string}\"},\"query-input\":{\"@type\":\"PropertyValueSpecification\",\"valueRequired\":true,\"valueName\":\"search_term_string\"}}],\"inLanguage\":\"pt-PT\"},{\"@type\":\"Organization\",\"@id\":\"https:\\\/\\\/vcycletech.com\\\/#organization\",\"name\":\"vcycletech\",\"url\":\"https:\\\/\\\/vcycletech.com\\\/\",\"logo\":{\"@type\":\"ImageObject\",\"inLanguage\":\"pt-PT\",\"@id\":\"https:\\\/\\\/vcycletech.com\\\/#\\\/schema\\\/logo\\\/image\\\/\",\"url\":\"https:\\\/\\\/vcycletech.com\\\/wp-content\\\/uploads\\\/2023\\\/03\\\/logo-vcycletech-1.png\",\"contentUrl\":\"https:\\\/\\\/vcycletech.com\\\/wp-content\\\/uploads\\\/2023\\\/03\\\/logo-vcycletech-1.png\",\"width\":600,\"height\":400,\"caption\":\"vcycletech\"},\"image\":{\"@id\":\"https:\\\/\\\/vcycletech.com\\\/#\\\/schema\\\/logo\\\/image\\\/\"}}]}<\/script>\n<!-- \/ Yoast SEO Premium plugin. -->","yoast_head_json":{"title":"\u00c1cido Poliamino Poli\u00e9ter Metileno Fosf\u00f4nico (PAPEMP) - vcycletech","description":"Qualidade &quot;Poliamino Poli\u00e9ter Metileno Fosf\u00f4nico \u00c1cido (PAPEMP)&quot; para venda. Pre\u00e7o baixo, transporte r\u00e1pido e bom atendimento ao cliente.","robots":{"index":"index","follow":"follow","max-snippet":"max-snippet:-1","max-image-preview":"max-image-preview:large","max-video-preview":"max-video-preview:-1"},"canonical":"https:\/\/vcycletech.com\/pt\/produtos\/papemp\/","og_locale":"pt_PT","og_type":"article","og_title":"Polyamino Polyether Methylene Phosphonic Acid(PAPEMP)","og_description":"Quality \"Polyamino Polyether Methylene Phosphonic Acid(PAPEMP)\" for sale. Low price, fast shipping, and good customer service.","og_url":"https:\/\/vcycletech.com\/pt\/produtos\/papemp\/","og_site_name":"vcycletech","article_modified_time":"2023-03-27T07:12:33+00:00","og_image":[{"width":600,"height":600,"url":"https:\/\/vcycletech.com\/wp-content\/uploads\/2023\/03\/1-6.png","type":"image\/png"}],"twitter_card":"summary_large_image","twitter_misc":{"Tempo estimado de leitura":"4 minutos"},"schema":{"@context":"https:\/\/schema.org","@graph":[{"@type":"WebPage","@id":"https:\/\/vcycletech.com\/product\/papemp\/","url":"https:\/\/vcycletech.com\/product\/papemp\/","name":"\u00c1cido Poliamino Poli\u00e9ter Metileno Fosf\u00f4nico (PAPEMP) - vcycletech","isPartOf":{"@id":"https:\/\/vcycletech.com\/#website"},"primaryImageOfPage":{"@id":"https:\/\/vcycletech.com\/product\/papemp\/#primaryimage"},"image":{"@id":"https:\/\/vcycletech.com\/product\/papemp\/#primaryimage"},"thumbnailUrl":"https:\/\/vcycletech.com\/wp-content\/uploads\/2023\/03\/1-6.png","datePublished":"2023-03-18T02:45:47+00:00","dateModified":"2023-03-27T07:12:33+00:00","description":"Qualidade &quot;Poliamino Poli\u00e9ter Metileno Fosf\u00f4nico \u00c1cido (PAPEMP)&quot; para venda. Pre\u00e7o baixo, transporte r\u00e1pido e bom atendimento ao cliente.","breadcrumb":{"@id":"https:\/\/vcycletech.com\/product\/papemp\/#breadcrumb"},"inLanguage":"pt-PT","potentialAction":[{"@type":"ReadAction","target":["https:\/\/vcycletech.com\/product\/papemp\/"]}]},{"@type":"ImageObject","inLanguage":"pt-PT","@id":"https:\/\/vcycletech.com\/product\/papemp\/#primaryimage","url":"https:\/\/vcycletech.com\/wp-content\/uploads\/2023\/03\/1-6.png","contentUrl":"https:\/\/vcycletech.com\/wp-content\/uploads\/2023\/03\/1-6.png","width":600,"height":600,"caption":"Polyamino Polyether Methylene Phosphonic Acid(PAPEMP)"},{"@type":"BreadcrumbList","@id":"https:\/\/vcycletech.com\/product\/papemp\/#breadcrumb","itemListElement":[{"@type":"ListItem","position":1,"name":"Home","item":"https:\/\/vcycletech.com\/"},{"@type":"ListItem","position":2,"name":"Water Treatment Chemicals Manufacturer","item":"https:\/\/vcycletech.com\/water-treatment-chemicals-manufacturer\/"},{"@type":"ListItem","position":3,"name":"Polyamino Polyether Methylene Phosphonic Acid(PAPEMP)"}]},{"@type":"WebSite","@id":"https:\/\/vcycletech.com\/#website","url":"https:\/\/vcycletech.com\/","name":"vcycletech","description":"China&#039;principal fornecedor de produtos qu\u00edmicos para tratamento de \u00e1gua","publisher":{"@id":"https:\/\/vcycletech.com\/#organization"},"potentialAction":[{"@type":"SearchAction","target":{"@type":"EntryPoint","urlTemplate":"https:\/\/vcycletech.com\/?s={search_term_string}"},"query-input":{"@type":"PropertyValueSpecification","valueRequired":true,"valueName":"search_term_string"}}],"inLanguage":"pt-PT"},{"@type":"Organization","@id":"https:\/\/vcycletech.com\/#organization","name":"vcycletech","url":"https:\/\/vcycletech.com\/","logo":{"@type":"ImageObject","inLanguage":"pt-PT","@id":"https:\/\/vcycletech.com\/#\/schema\/logo\/image\/","url":"https:\/\/vcycletech.com\/wp-content\/uploads\/2023\/03\/logo-vcycletech-1.png","contentUrl":"https:\/\/vcycletech.com\/wp-content\/uploads\/2023\/03\/logo-vcycletech-1.png","width":600,"height":400,"caption":"vcycletech"},"image":{"@id":"https:\/\/vcycletech.com\/#\/schema\/logo\/image\/"}}]}},"_links":{"self":[{"href":"https:\/\/vcycletech.com\/pt\/wp-json\/wp\/v2\/product\/891","targetHints":{"allow":["GET"]}}],"collection":[{"href":"https:\/\/vcycletech.com\/pt\/wp-json\/wp\/v2\/product"}],"about":[{"href":"https:\/\/vcycletech.com\/pt\/wp-json\/wp\/v2\/types\/product"}],"wp:featuredmedia":[{"embeddable":true,"href":"https:\/\/vcycletech.com\/pt\/wp-json\/wp\/v2\/media\/895"}],"wp:attachment":[{"href":"https:\/\/vcycletech.com\/pt\/wp-json\/wp\/v2\/media?parent=891"}],"wp:term":[{"taxonomy":"product_brand","embeddable":true,"href":"https:\/\/vcycletech.com\/pt\/wp-json\/wp\/v2\/product_brand?post=891"},{"taxonomy":"product_cat","embeddable":true,"href":"https:\/\/vcycletech.com\/pt\/wp-json\/wp\/v2\/product_cat?post=891"},{"taxonomy":"product_tag","embeddable":true,"href":"https:\/\/vcycletech.com\/pt\/wp-json\/wp\/v2\/product_tag?post=891"}],"curies":[{"name":"wp","href":"https:\/\/api.w.org\/{rel}","templated":true}]}}