{"id":878,"date":"2023-03-18T03:50:37","date_gmt":"2023-03-18T03:50:37","guid":{"rendered":"https:\/\/vcycletech.com\/?post_type=product&#038;p=878"},"modified":"2023-03-18T03:52:07","modified_gmt":"2023-03-18T03:52:07","slug":"edtmpna5etileno-diamina-tetrametileno-acido-fosfonico-sal-pentassodico","status":"publish","type":"product","link":"https:\/\/vcycletech.com\/pt\/produtos\/edtmpna5etileno-diamina-tetrametileno-acido-fosfonico-sal-pentassodico\/","title":{"rendered":"EDTMP\u2022Na5(Etileno Diamina Tetra)(\u00c1cido Metileno Fosf\u00f4nico) (Sal Pentass\u00f3dico)"},"content":{"rendered":"<h3>N\u00ba CAS: 7651-99-2<\/h3>\n<h3>N\u00ba EINECS: 231-615-4<br \/>\nF\u00f3rmula molecular: C6H15O12N2P4Na5<\/h3>\n<h3>Peso molecular: 546,13<\/h3>\n<h3>F\u00f3rmula estrutural:<\/h3>\n<p><img fetchpriority=\"high\" decoding=\"async\" class=\"size-full wp-image-893\" src=\"https:\/\/vcycletech.com\/wp-content\/uploads\/2023\/03\/001-6.png\" alt=\"EDTMP\u2022Na5\" width=\"600\" height=\"600\" srcset=\"https:\/\/vcycletech.com\/wp-content\/uploads\/2023\/03\/001-6.png 600w, https:\/\/vcycletech.com\/wp-content\/uploads\/2023\/03\/001-6-100x100.png 100w, https:\/\/vcycletech.com\/wp-content\/uploads\/2023\/03\/001-6-300x300.png 300w, https:\/\/vcycletech.com\/wp-content\/uploads\/2023\/03\/001-6-150x150.png 150w\" sizes=\"(max-width: 600px) 100vw, 600px\" \/><\/p>\n<h3>EDTMP\u2022Na5 Propriedades:<\/h3>\n<p><strong>EDTMP\u2022Na5<\/strong> \u00e9 um \u00e1cido polifosf\u00f3rico org\u00e2nico nitrogenado neutro que atua como um inibidor de corros\u00e3o cat\u00f3dica e pode ser dissolvido em \u00e1gua. Este composto n\u00e3o \u00e9 t\u00f3xico e livre de polui\u00e7\u00e3o, apresentando boa estabilidade qu\u00edmica, resist\u00eancia ao calor e inibi\u00e7\u00e3o de incrusta\u00e7\u00e3o de at\u00e9 200 \u2103.<br \/>\nComposto por 8 \u00edons positivos e negativos,<strong> EDTMP\u2022Na5<\/strong> quelata com m\u00faltiplos \u00edons met\u00e1licos para formar uma variedade de estruturas monom\u00e9ricas que se dissolvem em \u00e1gua e previnem a cristaliza\u00e7\u00e3o normal da incrusta\u00e7\u00e3o de c\u00e1lcio. Al\u00e9m disso, este produto tem desempenho superior contra incrusta\u00e7\u00f5es de sulfato de c\u00e1lcio e sulfato de b\u00e1rio.<br \/>\n<strong>EDTMP\u2022Na5<\/strong> \u00e9 ideal para uso como um inibidor de incrusta\u00e7\u00e3o para sistemas de circula\u00e7\u00e3o de \u00e1gua ou caldeiras, al\u00e9m de funcionar como um agente quelante eficaz em opera\u00e7\u00f5es de galvanoplastia sem cianeto e um aditivo amaciador de \u00e1gua para processos de tingimento. Al\u00e9m disso, possui baixos n\u00edveis de absor\u00e7\u00e3o de umidade, facilitando o transporte em condi\u00e7\u00f5es de frio.<\/p>\n<h3>Especifica\u00e7\u00e3o:<\/h3>\n<div id=\"footable_parent_898\"\n         class=\"footable_parent ninja_table_wrapper loading_ninja_table wp_table_data_press_parent semantic_ui\">\n                <table data-ninja_table_instance=\"ninja_table_instance_0\" data-footable_id=\"898\" data-filter-delay=\"1000\" aria-label=\"EDTMP\u2022Na5.csv\"            id=\"footable_898\"\n           data-unique_identifier=\"ninja_table_unique_id_1739539689_898\"\n           class=\"foo-table ninja_footable foo_table_898 ninja_table_unique_id_1739539689_898 ui table  nt_type_legacy_table selectable striped vertical_centered  footable-paging-right ninja_table_pro\">\n                <colgroup>\n                            <col class=\"ninja_column_0\">\n                            <col class=\"ninja_column_1\">\n                    <\/colgroup>\n        <thead>\n<tr class=\"footable-header\">\n                                        <th scope=\"col\"  class=\"ninja_column_0 ninja_clmn_nm_items\">Unid<\/th><th scope=\"col\"  class=\"ninja_column_1 ninja_clmn_nm_index\">\u00cdndice<\/th><\/tr>\n<\/thead>\n<tbody>\n\n        <tr data-row_id=\"95\" class=\"ninja_table_row_0 nt_row_id_95\">\n            <td>Apar\u00eancia<\/td><td>L\u00edquido transparente \u00e2mbar<\/td>        <\/tr>\n            <tr data-row_id=\"96\" class=\"ninja_table_row_1 nt_row_id_96\">\n            <td>Conte\u00fado ativo (como EDTMPA)%<\/td><td>24.0-26.0<\/td>        <\/tr>\n            <tr data-row_id=\"97\" class=\"ninja_table_row_2 nt_row_id_97\">\n            <td>Conte\u00fado ativo (como EDTMP\u2022Na5)%<\/td><td>30.0-32.6<\/td>        <\/tr>\n            <tr data-row_id=\"98\" class=\"ninja_table_row_3 nt_row_id_98\">\n            <td>Cloreto (Cl-) %<\/td><td>2,0 m\u00e1x.<\/td>        <\/tr>\n            <tr data-row_id=\"99\" class=\"ninja_table_row_4 nt_row_id_99\">\n            <td>Densidade (20 \u2103) g\/cm3<\/td><td>1,25 min<\/td>        <\/tr>\n            <tr data-row_id=\"100\" class=\"ninja_table_row_5 nt_row_id_100\">\n            <td>Fe, mg\/L<\/td><td>20,0 m\u00e1x.<\/td>        <\/tr>\n            <tr data-row_id=\"101\" class=\"ninja_table_row_6 nt_row_id_101\">\n            <td>PH (solu\u00e7\u00e3o de \u00e1gua 1%)<\/td><td>6,0\uff5e8,0<\/td>        <\/tr>\n    <\/tbody><!--ninja_tobody_rendering_done-->\n    <\/table>\n    \n    \n    \n<\/div>\n\n<h3>EDTMP\u2022Na5 Embalagem e Armazenamento:<\/h3>\n<p>Deve ser sempre mantido em um recipiente limpo e bem fechado e armazenado em local fresco e seco, longe da luz solar direta. As condi\u00e7\u00f5es ideais de embalagem, como tipo e tamanho do recipiente, dependem da quantidade de produto armazenado.<br \/>\nNormalmente em tambor HDPE de 200L, IBC de 1000L ou conforme a necessidade do cliente. Se poss\u00edvel, forne\u00e7a veda\u00e7\u00f5es herm\u00e9ticas e prote\u00e7\u00e3o UV - armazene por dez meses em um quarto escuro e seco.<\/p>\n<h3>Prote\u00e7\u00e3o de seguran\u00e7a:<\/h3>\n<p>Evite o contato com os olhos e a pele; uma vez contatado, lave com \u00e1gua.<\/p>\n<h3>Perguntas frequentes sobre o EDTMP\u2022Na5:<\/h3>\n<p>O que \u00e9 <strong>EDTMP\u2022Na5<\/strong>?<\/p>\n<p><strong>EDTMP\u2022Na5<\/strong> \u00e9 um sal de fosfonato usado como agente quelante, inibidor de incrusta\u00e7\u00e3o e inibidor de corros\u00e3o em aplica\u00e7\u00f5es de tratamento de \u00e1gua.<\/p>\n<p>Quais s\u00e3o os benef\u00edcios de usar <strong>EDTMP\u2022Na5<\/strong>?<\/p>\n<p><strong>EDTMP\u2022Na5<\/strong> tem se mostrado eficaz na preven\u00e7\u00e3o do ac\u00famulo de incrusta\u00e7\u00f5es e corros\u00e3o em sistemas de tratamento de \u00e1gua. Adicionalmente, <strong>EDTMP\u2022Na5<\/strong> pode ajudar a melhorar a efici\u00eancia dos sistemas de tratamento de \u00e1gua, evitando a forma\u00e7\u00e3o de dep\u00f3sitos nas superf\u00edcies.<\/p>\n<p>como <strong>EDTMP\u2022Na5<\/strong> trabalhar?<\/p>\n<p><strong>EDTMP\u2022Na5<\/strong> funciona ligando-se a \u00edons met\u00e1licos e impedindo-os de precipitar para fora da solu\u00e7\u00e3o. Isso evita a forma\u00e7\u00e3o de incrusta\u00e7\u00f5es e corros\u00e3o nas superf\u00edcies em contato com a \u00e1gua. Adicionalmente, <strong>EDTMP\u2022Na5<\/strong> pode ajudar a aumentar a solubilidade dos \u00edons met\u00e1licos, tornando-os mais f\u00e1ceis de remover da \u00e1gua.<\/p>\n<p>Quais s\u00e3o os efeitos colaterais de<strong> EDTMP\u2022Na5<\/strong>?<\/p>\n<p><strong>EDTMP\u2022Na5<\/strong> \u00e9 geralmente considerado seguro para a sa\u00fade humana. No entanto, algumas pessoas podem sentir irrita\u00e7\u00e3o da pele ou rea\u00e7\u00f5es al\u00e9rgicas ao entrar em contato com <strong>EDTMP\u2022Na5<\/strong>. Se sentir quaisquer efeitos secund\u00e1rios, consulte um profissional de sa\u00fade.<\/p>\n<p>Onde posso comprar <strong>EDTMP\u2022Na5<\/strong>?<\/p>\n<p>Bem-vindo a entrar em contato conosco para comprar.<\/p>\n<p><a href=\"https:\/\/vcycletech.com\/pt\/fosfonatos\/\"><strong>Obtenha a solu\u00e7\u00e3o completa de fosfonatos<\/strong><\/a>.<\/p>","protected":false},"excerpt":{"rendered":"<p><strong>ETDMP\u2022Na5<\/strong> \u00e9 um excelente agente quelante. Tem boa solubilidade em \u00e1gua, estabilidade e capacidade de complexa\u00e7\u00e3o de metais. Pode formar complexos com v\u00e1rios \u00edons, incluindo Fe3+, Al3+, Cu2+, Pb2+, Zn2+, etc.<br \/>\n<strong>EDTMP\u2022Na5<\/strong> \u00e9 amplamente utilizado em impress\u00e3o t\u00eaxtil, tingimento, fabrica\u00e7\u00e3o de papel, tratamento de \u00e1gua, ind\u00fastria aliment\u00edcia, etc.<br \/>\nProcurando um agente quelante de EDTA de qualidade? N\u00e3o procure mais do que <strong>EDTMP\u2022Na5<\/strong>! Nosso produto \u00e9 conhecido por sua alta solubilidade e estabilidade em \u00e1gua, tornando-o ideal para uso em diversas ind\u00fastrias. Entre em contato conosco hoje para saber mais sobre nossos produtos e servi\u00e7os!<\/p>","protected":false},"featured_media":903,"template":"","meta":{"site-sidebar-layout":"default","site-content-layout":"default","ast-site-content-layout":"default","site-content-style":"default","site-sidebar-style":"default","ast-global-header-display":"","ast-banner-title-visibility":"","ast-main-header-display":"","ast-hfb-above-header-display":"","ast-hfb-below-header-display":"","ast-hfb-mobile-header-display":"","site-post-title":"","ast-breadcrumbs-content":"","ast-featured-img":"","footer-sml-layout":"","ast-disable-related-posts":"","theme-transparent-header-meta":"default","adv-header-id-meta":"","stick-header-meta":"default","header-above-stick-meta":"","header-main-stick-meta":"","header-below-stick-meta":"","astra-migrate-meta-layouts":"default","ast-page-background-enabled":"default","ast-page-background-meta":{"desktop":{"background-color":"","background-image":"","background-repeat":"repeat","background-position":"center center","background-size":"auto","background-attachment":"scroll","background-type":"","background-media":"","overlay-type":"","overlay-color":"","overlay-opacity":"","overlay-gradient":""},"tablet":{"background-color":"","background-image":"","background-repeat":"repeat","background-position":"center center","background-size":"auto","background-attachment":"scroll","background-type":"","background-media":"","overlay-type":"","overlay-color":"","overlay-opacity":"","overlay-gradient":""},"mobile":{"background-color":"","background-image":"","background-repeat":"repeat","background-position":"center center","background-size":"auto","background-attachment":"scroll","background-type":"","background-media":"","overlay-type":"","overlay-color":"","overlay-opacity":"","overlay-gradient":""}},"ast-content-background-meta":{"desktop":{"background-color":"var(--ast-global-color-5)","background-image":"","background-repeat":"repeat","background-position":"center center","background-size":"auto","background-attachment":"scroll","background-type":"","background-media":"","overlay-type":"","overlay-color":"","overlay-opacity":"","overlay-gradient":""},"tablet":{"background-color":"var(--ast-global-color-5)","background-image":"","background-repeat":"repeat","background-position":"center center","background-size":"auto","background-attachment":"scroll","background-type":"","background-media":"","overlay-type":"","overlay-color":"","overlay-opacity":"","overlay-gradient":""},"mobile":{"background-color":"var(--ast-global-color-5)","background-image":"","background-repeat":"repeat","background-position":"center center","background-size":"auto","background-attachment":"scroll","background-type":"","background-media":"","overlay-type":"","overlay-color":"","overlay-opacity":"","overlay-gradient":""}}},"product_brand":[],"product_cat":[27],"product_tag":[],"class_list":{"0":"post-878","1":"product","2":"type-product","3":"status-publish","4":"has-post-thumbnail","6":"product_cat-salts-of-phosphonates","7":"desktop-align-left","8":"tablet-align-left","9":"mobile-align-left","10":"ast-product-gallery-layout-horizontal-slider","11":"ast-product-tabs-layout-horizontal","13":"first","14":"instock","15":"shipping-taxable","16":"product-type-simple"},"yoast_head":"<!-- This site is optimized with the Yoast SEO Premium plugin v26.3 (Yoast SEO v27.3) - https:\/\/yoast.com\/product\/yoast-seo-premium-wordpress\/ -->\n<title>EDTMP\u2022Na5(Ethylene Diamine Tetra)(Methylene Phosphonic Acid) (Pentasodium Salt) - vcycletech<\/title>\n<meta name=\"description\" content=\"This industrial powerhouse is used in many different areas, from cooling water systems on oil rigs and ships to electroplating shops. The effectiveness of this product means it will reduce your operating costs and save money in the long run. It also has a low environmental impact by working hard yet still managing water waste levels.\" \/>\n<meta name=\"robots\" content=\"index, follow, max-snippet:-1, max-image-preview:large, max-video-preview:-1\" \/>\n<link rel=\"canonical\" href=\"https:\/\/vcycletech.com\/pt\/produtos\/edtmpna5etileno-diamina-tetrametileno-acido-fosfonico-sal-pentassodico\/\" \/>\n<meta property=\"og:locale\" content=\"pt_PT\" \/>\n<meta property=\"og:type\" content=\"article\" \/>\n<meta property=\"og:title\" content=\"EDTMP\u2022Na5(Ethylene Diamine Tetra)(Methylene Phosphonic Acid) (Pentasodium Salt)\" \/>\n<meta property=\"og:description\" content=\"This industrial powerhouse is used in many different areas, from cooling water systems on oil rigs and ships to electroplating shops. The effectiveness of this product means it will reduce your operating costs and save money in the long run. It also has a low environmental impact by working hard yet still managing water waste levels.\" \/>\n<meta property=\"og:url\" content=\"https:\/\/vcycletech.com\/pt\/produtos\/edtmpna5etileno-diamina-tetrametileno-acido-fosfonico-sal-pentassodico\/\" \/>\n<meta property=\"og:site_name\" content=\"vcycletech\" \/>\n<meta property=\"article:modified_time\" content=\"2023-03-18T03:52:07+00:00\" \/>\n<meta property=\"og:image\" content=\"https:\/\/vcycletech.com\/wp-content\/uploads\/2023\/03\/001-7.png\" \/>\n\t<meta property=\"og:image:width\" content=\"600\" \/>\n\t<meta property=\"og:image:height\" content=\"600\" \/>\n\t<meta property=\"og:image:type\" content=\"image\/png\" \/>\n<meta name=\"twitter:card\" content=\"summary_large_image\" \/>\n<meta name=\"twitter:label1\" content=\"Tempo estimado de leitura\" \/>\n\t<meta name=\"twitter:data1\" content=\"3 minutos\" \/>\n<script type=\"application\/ld+json\" class=\"yoast-schema-graph\">{\"@context\":\"https:\\\/\\\/schema.org\",\"@graph\":[{\"@type\":\"WebPage\",\"@id\":\"https:\\\/\\\/vcycletech.com\\\/product\\\/edtmpna5ethylene-diamine-tetramethylene-phosphonic-acid-pentasodium-salt\\\/\",\"url\":\"https:\\\/\\\/vcycletech.com\\\/product\\\/edtmpna5ethylene-diamine-tetramethylene-phosphonic-acid-pentasodium-salt\\\/\",\"name\":\"EDTMP\u2022Na5(Ethylene Diamine Tetra)(Methylene Phosphonic Acid) (Pentasodium Salt) - vcycletech\",\"isPartOf\":{\"@id\":\"https:\\\/\\\/vcycletech.com\\\/#website\"},\"primaryImageOfPage\":{\"@id\":\"https:\\\/\\\/vcycletech.com\\\/product\\\/edtmpna5ethylene-diamine-tetramethylene-phosphonic-acid-pentasodium-salt\\\/#primaryimage\"},\"image\":{\"@id\":\"https:\\\/\\\/vcycletech.com\\\/product\\\/edtmpna5ethylene-diamine-tetramethylene-phosphonic-acid-pentasodium-salt\\\/#primaryimage\"},\"thumbnailUrl\":\"https:\\\/\\\/vcycletech.com\\\/wp-content\\\/uploads\\\/2023\\\/03\\\/001-7.png\",\"datePublished\":\"2023-03-18T03:50:37+00:00\",\"dateModified\":\"2023-03-18T03:52:07+00:00\",\"description\":\"This industrial powerhouse is used in many different areas, from cooling water systems on oil rigs and ships to electroplating shops. The effectiveness of this product means it will reduce your operating costs and save money in the long run. It also has a low environmental impact by working hard yet still managing water waste levels.\",\"breadcrumb\":{\"@id\":\"https:\\\/\\\/vcycletech.com\\\/product\\\/edtmpna5ethylene-diamine-tetramethylene-phosphonic-acid-pentasodium-salt\\\/#breadcrumb\"},\"inLanguage\":\"pt-PT\",\"potentialAction\":[{\"@type\":\"ReadAction\",\"target\":[\"https:\\\/\\\/vcycletech.com\\\/product\\\/edtmpna5ethylene-diamine-tetramethylene-phosphonic-acid-pentasodium-salt\\\/\"]}]},{\"@type\":\"ImageObject\",\"inLanguage\":\"pt-PT\",\"@id\":\"https:\\\/\\\/vcycletech.com\\\/product\\\/edtmpna5ethylene-diamine-tetramethylene-phosphonic-acid-pentasodium-salt\\\/#primaryimage\",\"url\":\"https:\\\/\\\/vcycletech.com\\\/wp-content\\\/uploads\\\/2023\\\/03\\\/001-7.png\",\"contentUrl\":\"https:\\\/\\\/vcycletech.com\\\/wp-content\\\/uploads\\\/2023\\\/03\\\/001-7.png\",\"width\":600,\"height\":600,\"caption\":\"EDTMP\u2022Na5(Ethylene Diamine Tetra)(Methylene Phosphonic Acid) (Pentasodium Salt)\"},{\"@type\":\"BreadcrumbList\",\"@id\":\"https:\\\/\\\/vcycletech.com\\\/product\\\/edtmpna5ethylene-diamine-tetramethylene-phosphonic-acid-pentasodium-salt\\\/#breadcrumb\",\"itemListElement\":[{\"@type\":\"ListItem\",\"position\":1,\"name\":\"Home\",\"item\":\"https:\\\/\\\/vcycletech.com\\\/\"},{\"@type\":\"ListItem\",\"position\":2,\"name\":\"Water Treatment Chemicals Manufacturer\",\"item\":\"https:\\\/\\\/vcycletech.com\\\/water-treatment-chemicals-manufacturer\\\/\"},{\"@type\":\"ListItem\",\"position\":3,\"name\":\"EDTMP\u2022Na5(Ethylene Diamine Tetra)(Methylene Phosphonic Acid) (Pentasodium Salt)\"}]},{\"@type\":\"WebSite\",\"@id\":\"https:\\\/\\\/vcycletech.com\\\/#website\",\"url\":\"https:\\\/\\\/vcycletech.com\\\/\",\"name\":\"vcycletech\",\"description\":\"China&#039;s top water treatment chemicals supplier\",\"publisher\":{\"@id\":\"https:\\\/\\\/vcycletech.com\\\/#organization\"},\"potentialAction\":[{\"@type\":\"SearchAction\",\"target\":{\"@type\":\"EntryPoint\",\"urlTemplate\":\"https:\\\/\\\/vcycletech.com\\\/?s={search_term_string}\"},\"query-input\":{\"@type\":\"PropertyValueSpecification\",\"valueRequired\":true,\"valueName\":\"search_term_string\"}}],\"inLanguage\":\"pt-PT\"},{\"@type\":\"Organization\",\"@id\":\"https:\\\/\\\/vcycletech.com\\\/#organization\",\"name\":\"vcycletech\",\"url\":\"https:\\\/\\\/vcycletech.com\\\/\",\"logo\":{\"@type\":\"ImageObject\",\"inLanguage\":\"pt-PT\",\"@id\":\"https:\\\/\\\/vcycletech.com\\\/#\\\/schema\\\/logo\\\/image\\\/\",\"url\":\"https:\\\/\\\/vcycletech.com\\\/wp-content\\\/uploads\\\/2023\\\/03\\\/logo-vcycletech-1.png\",\"contentUrl\":\"https:\\\/\\\/vcycletech.com\\\/wp-content\\\/uploads\\\/2023\\\/03\\\/logo-vcycletech-1.png\",\"width\":600,\"height\":400,\"caption\":\"vcycletech\"},\"image\":{\"@id\":\"https:\\\/\\\/vcycletech.com\\\/#\\\/schema\\\/logo\\\/image\\\/\"}}]}<\/script>\n<!-- \/ Yoast SEO Premium plugin. -->","yoast_head_json":{"title":"EDTMP\u2022Na5(Etileno Diamina Tetra)(\u00c1cido Metileno Fosf\u00f4nico) (Sal Pentass\u00f3dico) - vcycletech","description":"Esta pot\u00eancia industrial \u00e9 usada em muitas \u00e1reas diferentes, desde sistemas de \u00e1gua de resfriamento em plataformas de petr\u00f3leo e navios at\u00e9 oficinas de galvanoplastia. A efic\u00e1cia deste produto significa que ele reduzir\u00e1 seus custos operacionais e economizar\u00e1 dinheiro a longo prazo. Tamb\u00e9m tem um baixo impacto ambiental, trabalhando duro e ainda gerenciando os n\u00edveis de desperd\u00edcio de \u00e1gua.","robots":{"index":"index","follow":"follow","max-snippet":"max-snippet:-1","max-image-preview":"max-image-preview:large","max-video-preview":"max-video-preview:-1"},"canonical":"https:\/\/vcycletech.com\/pt\/produtos\/edtmpna5etileno-diamina-tetrametileno-acido-fosfonico-sal-pentassodico\/","og_locale":"pt_PT","og_type":"article","og_title":"EDTMP\u2022Na5(Ethylene Diamine Tetra)(Methylene Phosphonic Acid) (Pentasodium Salt)","og_description":"This industrial powerhouse is used in many different areas, from cooling water systems on oil rigs and ships to electroplating shops. The effectiveness of this product means it will reduce your operating costs and save money in the long run. It also has a low environmental impact by working hard yet still managing water waste levels.","og_url":"https:\/\/vcycletech.com\/pt\/produtos\/edtmpna5etileno-diamina-tetrametileno-acido-fosfonico-sal-pentassodico\/","og_site_name":"vcycletech","article_modified_time":"2023-03-18T03:52:07+00:00","og_image":[{"width":600,"height":600,"url":"https:\/\/vcycletech.com\/wp-content\/uploads\/2023\/03\/001-7.png","type":"image\/png"}],"twitter_card":"summary_large_image","twitter_misc":{"Tempo estimado de leitura":"3 minutos"},"schema":{"@context":"https:\/\/schema.org","@graph":[{"@type":"WebPage","@id":"https:\/\/vcycletech.com\/product\/edtmpna5ethylene-diamine-tetramethylene-phosphonic-acid-pentasodium-salt\/","url":"https:\/\/vcycletech.com\/product\/edtmpna5ethylene-diamine-tetramethylene-phosphonic-acid-pentasodium-salt\/","name":"EDTMP\u2022Na5(Etileno Diamina Tetra)(\u00c1cido Metileno Fosf\u00f4nico) (Sal Pentass\u00f3dico) - vcycletech","isPartOf":{"@id":"https:\/\/vcycletech.com\/#website"},"primaryImageOfPage":{"@id":"https:\/\/vcycletech.com\/product\/edtmpna5ethylene-diamine-tetramethylene-phosphonic-acid-pentasodium-salt\/#primaryimage"},"image":{"@id":"https:\/\/vcycletech.com\/product\/edtmpna5ethylene-diamine-tetramethylene-phosphonic-acid-pentasodium-salt\/#primaryimage"},"thumbnailUrl":"https:\/\/vcycletech.com\/wp-content\/uploads\/2023\/03\/001-7.png","datePublished":"2023-03-18T03:50:37+00:00","dateModified":"2023-03-18T03:52:07+00:00","description":"Esta pot\u00eancia industrial \u00e9 usada em muitas \u00e1reas diferentes, desde sistemas de \u00e1gua de resfriamento em plataformas de petr\u00f3leo e navios at\u00e9 oficinas de galvanoplastia. A efic\u00e1cia deste produto significa que ele reduzir\u00e1 seus custos operacionais e economizar\u00e1 dinheiro a longo prazo. Tamb\u00e9m tem um baixo impacto ambiental, trabalhando duro e ainda gerenciando os n\u00edveis de desperd\u00edcio de \u00e1gua.","breadcrumb":{"@id":"https:\/\/vcycletech.com\/product\/edtmpna5ethylene-diamine-tetramethylene-phosphonic-acid-pentasodium-salt\/#breadcrumb"},"inLanguage":"pt-PT","potentialAction":[{"@type":"ReadAction","target":["https:\/\/vcycletech.com\/product\/edtmpna5ethylene-diamine-tetramethylene-phosphonic-acid-pentasodium-salt\/"]}]},{"@type":"ImageObject","inLanguage":"pt-PT","@id":"https:\/\/vcycletech.com\/product\/edtmpna5ethylene-diamine-tetramethylene-phosphonic-acid-pentasodium-salt\/#primaryimage","url":"https:\/\/vcycletech.com\/wp-content\/uploads\/2023\/03\/001-7.png","contentUrl":"https:\/\/vcycletech.com\/wp-content\/uploads\/2023\/03\/001-7.png","width":600,"height":600,"caption":"EDTMP\u2022Na5(Ethylene Diamine Tetra)(Methylene Phosphonic Acid) (Pentasodium Salt)"},{"@type":"BreadcrumbList","@id":"https:\/\/vcycletech.com\/product\/edtmpna5ethylene-diamine-tetramethylene-phosphonic-acid-pentasodium-salt\/#breadcrumb","itemListElement":[{"@type":"ListItem","position":1,"name":"Home","item":"https:\/\/vcycletech.com\/"},{"@type":"ListItem","position":2,"name":"Water Treatment Chemicals Manufacturer","item":"https:\/\/vcycletech.com\/water-treatment-chemicals-manufacturer\/"},{"@type":"ListItem","position":3,"name":"EDTMP\u2022Na5(Ethylene Diamine Tetra)(Methylene Phosphonic Acid) (Pentasodium Salt)"}]},{"@type":"WebSite","@id":"https:\/\/vcycletech.com\/#website","url":"https:\/\/vcycletech.com\/","name":"vcycletech","description":"China&#039;principal fornecedor de produtos qu\u00edmicos para tratamento de \u00e1gua","publisher":{"@id":"https:\/\/vcycletech.com\/#organization"},"potentialAction":[{"@type":"SearchAction","target":{"@type":"EntryPoint","urlTemplate":"https:\/\/vcycletech.com\/?s={search_term_string}"},"query-input":{"@type":"PropertyValueSpecification","valueRequired":true,"valueName":"search_term_string"}}],"inLanguage":"pt-PT"},{"@type":"Organization","@id":"https:\/\/vcycletech.com\/#organization","name":"vcycletech","url":"https:\/\/vcycletech.com\/","logo":{"@type":"ImageObject","inLanguage":"pt-PT","@id":"https:\/\/vcycletech.com\/#\/schema\/logo\/image\/","url":"https:\/\/vcycletech.com\/wp-content\/uploads\/2023\/03\/logo-vcycletech-1.png","contentUrl":"https:\/\/vcycletech.com\/wp-content\/uploads\/2023\/03\/logo-vcycletech-1.png","width":600,"height":400,"caption":"vcycletech"},"image":{"@id":"https:\/\/vcycletech.com\/#\/schema\/logo\/image\/"}}]}},"_links":{"self":[{"href":"https:\/\/vcycletech.com\/pt\/wp-json\/wp\/v2\/product\/878","targetHints":{"allow":["GET"]}}],"collection":[{"href":"https:\/\/vcycletech.com\/pt\/wp-json\/wp\/v2\/product"}],"about":[{"href":"https:\/\/vcycletech.com\/pt\/wp-json\/wp\/v2\/types\/product"}],"wp:featuredmedia":[{"embeddable":true,"href":"https:\/\/vcycletech.com\/pt\/wp-json\/wp\/v2\/media\/903"}],"wp:attachment":[{"href":"https:\/\/vcycletech.com\/pt\/wp-json\/wp\/v2\/media?parent=878"}],"wp:term":[{"taxonomy":"product_brand","embeddable":true,"href":"https:\/\/vcycletech.com\/pt\/wp-json\/wp\/v2\/product_brand?post=878"},{"taxonomy":"product_cat","embeddable":true,"href":"https:\/\/vcycletech.com\/pt\/wp-json\/wp\/v2\/product_cat?post=878"},{"taxonomy":"product_tag","embeddable":true,"href":"https:\/\/vcycletech.com\/pt\/wp-json\/wp\/v2\/product_tag?post=878"}],"curies":[{"name":"wp","href":"https:\/\/api.w.org\/{rel}","templated":true}]}}