{"id":872,"date":"2023-03-18T02:30:21","date_gmt":"2023-03-18T02:30:21","guid":{"rendered":"https:\/\/vcycletech.com\/?post_type=product&#038;p=872"},"modified":"2023-03-27T07:11:13","modified_gmt":"2023-03-27T07:11:13","slug":"etileno-diamina-tetra-metileno-acido-fosfonico-edtmpa-solido","status":"publish","type":"product","link":"https:\/\/vcycletech.com\/pt\/produtos\/etileno-diamina-tetra-metileno-acido-fosfonico-edtmpa-solido\/","title":{"rendered":"Etileno Diamina Tetra (\u00c1cido Metileno Fosf\u00f4nico) EDTMPA (S\u00f3lido)"},"content":{"rendered":"<h3>N\u00ba CAS 1429-50-1<\/h3>\n<h3>F\u00f3rmula molecular: C6H20 N2O12P4<\/h3>\n<h3>Peso molecular: 436,13<\/h3>\n<h3>F\u00f3rmula Estrutural EDTMPA:<\/h3>\n<p><img fetchpriority=\"high\" decoding=\"async\" class=\"alignnone wp-image-877\" src=\"https:\/\/vcycletech.com\/wp-content\/uploads\/2023\/03\/1-2.png\" alt=\"F\u00f3rmula Estrutural EDTMPA:\" width=\"335\" height=\"223\" \/><\/p>\n<h3>Propriedades:<\/h3>\n<p><strong>EDTMPA<\/strong> \u00e9 um p\u00f3 cristalino branco \u00e0 temperatura ambiente, com alta capacidade quelante de \u00edons met\u00e1licos, ainda mais significativa que a do EDTA. Seu ponto de fus\u00e3o est\u00e1 entre 215 e 217 \u2103 e a solubilidade em \u00e1gua \u00e9 inferior a 5% \u00e0 temperatura ambiente; no entanto, pode dissolver-se facilmente em am\u00f4nia.<\/p>\n<p><img decoding=\"async\" class=\"alignnone size-full wp-image-890\" src=\"https:\/\/vcycletech.com\/wp-content\/uploads\/2023\/03\/Ethylene-Diamine-Tetra-Methylene-Phosphonic-Acid-EDTMPA-Solid-1.png\" alt=\"Etileno Diamina Tetra (\u00c1cido Metileno Fosf\u00f4nico) EDTMPA (S\u00f3lido) -1\" width=\"600\" height=\"600\" srcset=\"https:\/\/vcycletech.com\/wp-content\/uploads\/2023\/03\/Ethylene-Diamine-Tetra-Methylene-Phosphonic-Acid-EDTMPA-Solid-1.png 600w, https:\/\/vcycletech.com\/wp-content\/uploads\/2023\/03\/Ethylene-Diamine-Tetra-Methylene-Phosphonic-Acid-EDTMPA-Solid-1-100x100.png 100w, https:\/\/vcycletech.com\/wp-content\/uploads\/2023\/03\/Ethylene-Diamine-Tetra-Methylene-Phosphonic-Acid-EDTMPA-Solid-1-300x300.png 300w, https:\/\/vcycletech.com\/wp-content\/uploads\/2023\/03\/Ethylene-Diamine-Tetra-Methylene-Phosphonic-Acid-EDTMPA-Solid-1-150x150.png 150w\" sizes=\"(max-width: 600px) 100vw, 600px\" \/><\/p>\n<p>Tem uma ampla gama de aplica\u00e7\u00f5es \u2013 pode ser usado como detergente na produ\u00e7\u00e3o de chips semicondutores para preparar circuitos integrados; pode atuar como agente de transporte de radioelementos na ind\u00fastria m\u00e9dica; e tamb\u00e9m pode ser usado como um agente de inspe\u00e7\u00e3o ou terap\u00eautico.<\/p>\n<p><strong>EDTMPA<\/strong> tem m\u00faltiplas vantagens sobre outros agentes quelantes, como EDTA e DTPA. Ele tem um grau de pureza mais alto em compara\u00e7\u00e3o com eles e n\u00e3o \u00e9 t\u00f3xico, portanto pode substituir quase completamente o EDTA para fins de quela\u00e7\u00e3o.<\/p>\n<h3><strong>EDTMPA <\/strong>Especifica\u00e7\u00e3o:<\/h3>\n<div id=\"footable_parent_880\"\n         class=\"footable_parent ninja_table_wrapper loading_ninja_table wp_table_data_press_parent semantic_ui\">\n                <table data-ninja_table_instance=\"ninja_table_instance_0\" data-footable_id=\"880\" data-filter-delay=\"1000\" aria-label=\"Etileno Diamina Tetra (\u00c1cido Metileno Fosf\u00f4nico) .csv\"            id=\"footable_880\"\n           data-unique_identifier=\"ninja_table_unique_id_3995893257_880\"\n           class=\"foo-table ninja_footable foo_table_880 ninja_table_unique_id_3995893257_880 ui table  nt_type_legacy_table selectable striped vertical_centered  footable-paging-right ninja_table_pro\">\n                <colgroup>\n                            <col class=\"ninja_column_0\">\n                            <col class=\"ninja_column_1\">\n                    <\/colgroup>\n        <thead>\n<tr class=\"footable-header\">\n                                        <th scope=\"col\"  class=\"ninja_column_0 ninja_clmn_nm_items\">itens<\/th><th scope=\"col\"  class=\"ninja_column_1 ninja_clmn_nm_index\">\u00edndice<\/th><\/tr>\n<\/thead>\n<tbody>\n\n        <tr data-row_id=\"88\" class=\"ninja_table_row_0 nt_row_id_88\">\n            <td>Apar\u00eancia<\/td><td>P\u00f3 de cristal branco<\/td>        <\/tr>\n            <tr data-row_id=\"89\" class=\"ninja_table_row_1 nt_row_id_89\">\n            <td>\u00c1cido ativo %<\/td><td>95,0min<\/td>        <\/tr>\n            <tr data-row_id=\"90\" class=\"ninja_table_row_2 nt_row_id_90\">\n            <td>\u00c1cido fosf\u00f4nico total (como PO43-)%<\/td><td>82,0 minutos<\/td>        <\/tr>\n            <tr data-row_id=\"91\" class=\"ninja_table_row_3 nt_row_id_91\">\n            <td>Perda de peso por ressecamento %<\/td><td>2,0 m\u00e1x.<\/td>        <\/tr>\n            <tr data-row_id=\"92\" class=\"ninja_table_row_4 nt_row_id_92\">\n            <td>Fe ppm<\/td><td>5 m\u00e1x.<\/td>        <\/tr>\n            <tr data-row_id=\"93\" class=\"ninja_table_row_5 nt_row_id_93\">\n            <td>Cl %<\/td><td>0,1 m\u00e1x.<\/td>        <\/tr>\n            <tr data-row_id=\"94\" class=\"ninja_table_row_6 nt_row_id_94\">\n            <td>pH\uff081\uff05 solu\u00e7\u00e3o\uff09<\/td><td>2,0 m\u00e1x.<\/td>        <\/tr>\n    <\/tbody><!--ninja_tobody_rendering_done-->\n    <\/table>\n    \n    \n    \n<\/div>\n\n<h3>Como Embalar e Armazenar: \u00c1cido Etileno Diamina Tetra Metileno Fosf\u00f4nico<\/h3>\n<p>O \u00e1cido ETHYDENETM fosf\u00f4nico deve ser armazenado em local fresco e seco, preferencialmente abaixo de 25\u00b0C (77\u00b0F). Deve ser protegido da luz solar direta e fontes de umidade ou calor. Como acontece com todos os produtos qu\u00edmicos, \u00e9 melhor manter o recipiente bem fechado quando n\u00e3o estiver em uso. Se poss\u00edvel, armazene o produto qu\u00edmico em temperatura e press\u00e3o ideais prescritas no r\u00f3tulo do produto. Al\u00e9m disso, \u00e9 fundamental evitar a contamina\u00e7\u00e3o durante o manuseio; luvas e outros equipamentos de prote\u00e7\u00e3o devem ser usados para evitar o contato com a pele ou os olhos.<\/p>\n<h3>Perguntas frequentes sobre etileno diamina tetra (\u00e1cido metileno fosf\u00f4nico) EDTMPA (s\u00f3lido)<\/h3>\n<p>&nbsp;<\/p>\n<h4>O que \u00e9 EDTMPA (S\u00f3lido)?<\/h4>\n<p>Etileno Diamina Tetra (\u00c1cido Metileno Fosf\u00f4nico) EDTMPA (S\u00f3lido) \u00e9 um composto s\u00f3lido \u00e0 base de f\u00f3sforo branco usado como agente quelante e inibidor de corros\u00e3o. \u00c9 insol\u00favel em \u00e1gua e tem peso molecular de 376,37 g\/mol.<\/p>\n<h4>Quais s\u00e3o os usos do EDTMPA (S\u00f3lido)?<\/h4>\n<p>EDTMPA (S\u00f3lido) \u00e9 um agente quelante no tratamento de \u00e1gua e sistemas de caldeiras. Tamb\u00e9m \u00e9 um inibidor de corros\u00e3o em fluidos de usinagem de metais, \u00e1guas de torres de resfriamento e sistemas de f\u00e1bricas de papel.<\/p>\n<h4>Como funciona o EDTMPA (S\u00f3lido)?<\/h4>\n<p>EDTMPA (S\u00f3lido) forma complexos com \u00edons met\u00e1licos em solu\u00e7\u00e3o, evitando que os \u00edons met\u00e1licos interajam com outras mol\u00e9culas. Isso inibe a corros\u00e3o e a forma\u00e7\u00e3o de incrusta\u00e7\u00f5es e ajuda a manter limpas as \u00e1guas da caldeira e da torre de resfriamento.<\/p>\n<h4>Quais s\u00e3o as preocupa\u00e7\u00f5es de seguran\u00e7a associadas ao EDTMPA (S\u00f3lido)?<\/h4>\n<p>O EDTMPA (S\u00f3lido) \u00e9 considerado um composto de baixa toxicidade e n\u00e3o se espera que prejudique a sa\u00fade humana nos n\u00edveis de uso recomendados. No entanto, deve ser manuseado com cautela, pois pode causar irrita\u00e7\u00e3o na pele e nos olhos.<\/p>\n<h4>Onde posso comprar EDTMPA (S\u00f3lido)?<\/h4>\n<p>EDTMPA (S\u00f3lido) est\u00e1 dispon\u00edvel em empresas de fornecimento de produtos qu\u00edmicos ou varejistas on-line\uff0c Exemplo: vcycletech<\/p>\n<p><a href=\"https:\/\/vcycletech.com\/pt\/categoria-de-produto\/fosfonatos-anti-incrustante-inibidor-de-corrosao\/\">Obtenha a solu\u00e7\u00e3o completa anti-incrustante e inibidor de corros\u00e3o de fosfonatos<\/a><\/p>","protected":false},"excerpt":{"rendered":"<p><strong>Etileno Diamina Tetra (\u00c1cido Metileno Fosf\u00f4nico), EDTMPA<\/strong>, \u00e9 um p\u00f3 de cristal branco \u00e0 temperatura ambiente. Tem um ponto de fus\u00e3o de 215-217\u2103 e \u00e9 dif\u00edcil de dissolver em \u00e1gua. <strong>EDTMPA<\/strong> tem uma capacidade s\u00f3lida de quelar \u00edons met\u00e1licos e sua constante de complexa\u00e7\u00e3o com um \u00edon de cobre \u00e9 o maior de todos os agentes quelantes. Pode ser usado como um complexo com sam\u00e1rio radioativo como radiof\u00e1rmaco na pesquisa do c\u00e2ncer, e tamb\u00e9m faz parte de um inibidor cat\u00f3dico de corros\u00e3o. Al\u00e9m disso, <strong>EDTMPA<\/strong> tem aplica\u00e7\u00f5es em tratamento de \u00e1gua, produtos qu\u00edmicos para campos petrol\u00edferos e outras ind\u00fastrias.<\/p>","protected":false},"featured_media":889,"template":"","meta":{"site-sidebar-layout":"default","site-content-layout":"default","ast-site-content-layout":"default","site-content-style":"default","site-sidebar-style":"default","ast-global-header-display":"","ast-banner-title-visibility":"","ast-main-header-display":"","ast-hfb-above-header-display":"","ast-hfb-below-header-display":"","ast-hfb-mobile-header-display":"","site-post-title":"","ast-breadcrumbs-content":"","ast-featured-img":"","footer-sml-layout":"","ast-disable-related-posts":"","theme-transparent-header-meta":"default","adv-header-id-meta":"","stick-header-meta":"default","header-above-stick-meta":"","header-main-stick-meta":"","header-below-stick-meta":"","astra-migrate-meta-layouts":"default","ast-page-background-enabled":"default","ast-page-background-meta":{"desktop":{"background-color":"","background-image":"","background-repeat":"repeat","background-position":"center center","background-size":"auto","background-attachment":"scroll","background-type":"","background-media":"","overlay-type":"","overlay-color":"","overlay-opacity":"","overlay-gradient":""},"tablet":{"background-color":"","background-image":"","background-repeat":"repeat","background-position":"center center","background-size":"auto","background-attachment":"scroll","background-type":"","background-media":"","overlay-type":"","overlay-color":"","overlay-opacity":"","overlay-gradient":""},"mobile":{"background-color":"","background-image":"","background-repeat":"repeat","background-position":"center center","background-size":"auto","background-attachment":"scroll","background-type":"","background-media":"","overlay-type":"","overlay-color":"","overlay-opacity":"","overlay-gradient":""}},"ast-content-background-meta":{"desktop":{"background-color":"var(--ast-global-color-5)","background-image":"","background-repeat":"repeat","background-position":"center center","background-size":"auto","background-attachment":"scroll","background-type":"","background-media":"","overlay-type":"","overlay-color":"","overlay-opacity":"","overlay-gradient":""},"tablet":{"background-color":"var(--ast-global-color-5)","background-image":"","background-repeat":"repeat","background-position":"center center","background-size":"auto","background-attachment":"scroll","background-type":"","background-media":"","overlay-type":"","overlay-color":"","overlay-opacity":"","overlay-gradient":""},"mobile":{"background-color":"var(--ast-global-color-5)","background-image":"","background-repeat":"repeat","background-position":"center center","background-size":"auto","background-attachment":"scroll","background-type":"","background-media":"","overlay-type":"","overlay-color":"","overlay-opacity":"","overlay-gradient":""}}},"product_brand":[],"product_cat":[15],"product_tag":[],"class_list":{"0":"post-872","1":"product","2":"type-product","3":"status-publish","4":"has-post-thumbnail","6":"product_cat-phosphonates-antiscalant-corrosion-inhibitor","7":"desktop-align-left","8":"tablet-align-left","9":"mobile-align-left","10":"ast-product-gallery-layout-horizontal-slider","11":"ast-product-gallery-with-no-image","12":"ast-product-tabs-layout-horizontal","14":"first","15":"instock","16":"shipping-taxable","17":"product-type-simple"},"yoast_head":"<!-- This site is optimized with the Yoast SEO Premium plugin v26.3 (Yoast SEO v27.3) - https:\/\/yoast.com\/product\/yoast-seo-premium-wordpress\/ -->\n<title>EDTMPA | Ethylene Diamine Tetra (Methylene Phosphonic Acid) (Solid)<\/title>\n<meta name=\"description\" content=\"Buy Ethylene Diamine Tetra (Methylene Phosphonic Acid) EDTMPA (Solid) at best price. We offers wide range of high quality industrial chemicals. Fast shipping to your door.\" \/>\n<meta name=\"robots\" content=\"index, follow, max-snippet:-1, max-image-preview:large, max-video-preview:-1\" \/>\n<link rel=\"canonical\" href=\"https:\/\/vcycletech.com\/pt\/produtos\/etileno-diamina-tetra-metileno-acido-fosfonico-edtmpa-solido\/\" \/>\n<meta property=\"og:locale\" content=\"pt_PT\" \/>\n<meta property=\"og:type\" content=\"article\" \/>\n<meta property=\"og:title\" content=\"Ethylene Diamine Tetra (Methylene Phosphonic Acid) EDTMPA (Solid)\" \/>\n<meta property=\"og:description\" content=\"Buy Ethylene Diamine Tetra (Methylene Phosphonic Acid) EDTMPA (Solid) at best price. We offers wide range of high quality industrial chemicals. Fast shipping to your door.\" \/>\n<meta property=\"og:url\" content=\"https:\/\/vcycletech.com\/pt\/produtos\/etileno-diamina-tetra-metileno-acido-fosfonico-edtmpa-solido\/\" \/>\n<meta property=\"og:site_name\" content=\"vcycletech\" \/>\n<meta property=\"article:modified_time\" content=\"2023-03-27T07:11:13+00:00\" \/>\n<meta property=\"og:image\" content=\"https:\/\/vcycletech.com\/wp-content\/uploads\/2023\/03\/1-4.png\" \/>\n\t<meta property=\"og:image:width\" content=\"600\" \/>\n\t<meta property=\"og:image:height\" content=\"600\" \/>\n\t<meta property=\"og:image:type\" content=\"image\/png\" \/>\n<meta name=\"twitter:card\" content=\"summary_large_image\" \/>\n<meta name=\"twitter:label1\" content=\"Tempo estimado de leitura\" \/>\n\t<meta name=\"twitter:data1\" content=\"3 minutos\" \/>\n<script type=\"application\/ld+json\" class=\"yoast-schema-graph\">{\"@context\":\"https:\\\/\\\/schema.org\",\"@graph\":[{\"@type\":\"WebPage\",\"@id\":\"https:\\\/\\\/vcycletech.com\\\/product\\\/ethylene-diamine-tetra-methylene-phosphonic-acid-edtmpa-solid\\\/\",\"url\":\"https:\\\/\\\/vcycletech.com\\\/product\\\/ethylene-diamine-tetra-methylene-phosphonic-acid-edtmpa-solid\\\/\",\"name\":\"EDTMPA | Ethylene Diamine Tetra (Methylene Phosphonic Acid) (Solid)\",\"isPartOf\":{\"@id\":\"https:\\\/\\\/vcycletech.com\\\/#website\"},\"primaryImageOfPage\":{\"@id\":\"https:\\\/\\\/vcycletech.com\\\/product\\\/ethylene-diamine-tetra-methylene-phosphonic-acid-edtmpa-solid\\\/#primaryimage\"},\"image\":{\"@id\":\"https:\\\/\\\/vcycletech.com\\\/product\\\/ethylene-diamine-tetra-methylene-phosphonic-acid-edtmpa-solid\\\/#primaryimage\"},\"thumbnailUrl\":\"https:\\\/\\\/vcycletech.com\\\/wp-content\\\/uploads\\\/2023\\\/03\\\/1-4.png\",\"datePublished\":\"2023-03-18T02:30:21+00:00\",\"dateModified\":\"2023-03-27T07:11:13+00:00\",\"description\":\"Buy Ethylene Diamine Tetra (Methylene Phosphonic Acid) EDTMPA (Solid) at best price. We offers wide range of high quality industrial chemicals. Fast shipping to your door.\",\"breadcrumb\":{\"@id\":\"https:\\\/\\\/vcycletech.com\\\/product\\\/ethylene-diamine-tetra-methylene-phosphonic-acid-edtmpa-solid\\\/#breadcrumb\"},\"inLanguage\":\"pt-PT\",\"potentialAction\":[{\"@type\":\"ReadAction\",\"target\":[\"https:\\\/\\\/vcycletech.com\\\/product\\\/ethylene-diamine-tetra-methylene-phosphonic-acid-edtmpa-solid\\\/\"]}]},{\"@type\":\"ImageObject\",\"inLanguage\":\"pt-PT\",\"@id\":\"https:\\\/\\\/vcycletech.com\\\/product\\\/ethylene-diamine-tetra-methylene-phosphonic-acid-edtmpa-solid\\\/#primaryimage\",\"url\":\"https:\\\/\\\/vcycletech.com\\\/wp-content\\\/uploads\\\/2023\\\/03\\\/1-4.png\",\"contentUrl\":\"https:\\\/\\\/vcycletech.com\\\/wp-content\\\/uploads\\\/2023\\\/03\\\/1-4.png\",\"width\":600,\"height\":600,\"caption\":\"Ethylene Diamine Tetra (Methylene Phosphonic Acid) EDTMPA (Solid)\"},{\"@type\":\"BreadcrumbList\",\"@id\":\"https:\\\/\\\/vcycletech.com\\\/product\\\/ethylene-diamine-tetra-methylene-phosphonic-acid-edtmpa-solid\\\/#breadcrumb\",\"itemListElement\":[{\"@type\":\"ListItem\",\"position\":1,\"name\":\"Home\",\"item\":\"https:\\\/\\\/vcycletech.com\\\/\"},{\"@type\":\"ListItem\",\"position\":2,\"name\":\"Water Treatment Chemicals Manufacturer\",\"item\":\"https:\\\/\\\/vcycletech.com\\\/water-treatment-chemicals-manufacturer\\\/\"},{\"@type\":\"ListItem\",\"position\":3,\"name\":\"Ethylene Diamine Tetra (Methylene Phosphonic Acid) EDTMPA (Solid)\"}]},{\"@type\":\"WebSite\",\"@id\":\"https:\\\/\\\/vcycletech.com\\\/#website\",\"url\":\"https:\\\/\\\/vcycletech.com\\\/\",\"name\":\"vcycletech\",\"description\":\"China&#039;s top water treatment chemicals supplier\",\"publisher\":{\"@id\":\"https:\\\/\\\/vcycletech.com\\\/#organization\"},\"potentialAction\":[{\"@type\":\"SearchAction\",\"target\":{\"@type\":\"EntryPoint\",\"urlTemplate\":\"https:\\\/\\\/vcycletech.com\\\/?s={search_term_string}\"},\"query-input\":{\"@type\":\"PropertyValueSpecification\",\"valueRequired\":true,\"valueName\":\"search_term_string\"}}],\"inLanguage\":\"pt-PT\"},{\"@type\":\"Organization\",\"@id\":\"https:\\\/\\\/vcycletech.com\\\/#organization\",\"name\":\"vcycletech\",\"url\":\"https:\\\/\\\/vcycletech.com\\\/\",\"logo\":{\"@type\":\"ImageObject\",\"inLanguage\":\"pt-PT\",\"@id\":\"https:\\\/\\\/vcycletech.com\\\/#\\\/schema\\\/logo\\\/image\\\/\",\"url\":\"https:\\\/\\\/vcycletech.com\\\/wp-content\\\/uploads\\\/2023\\\/03\\\/logo-vcycletech-1.png\",\"contentUrl\":\"https:\\\/\\\/vcycletech.com\\\/wp-content\\\/uploads\\\/2023\\\/03\\\/logo-vcycletech-1.png\",\"width\":600,\"height\":400,\"caption\":\"vcycletech\"},\"image\":{\"@id\":\"https:\\\/\\\/vcycletech.com\\\/#\\\/schema\\\/logo\\\/image\\\/\"}}]}<\/script>\n<!-- \/ Yoast SEO Premium plugin. -->","yoast_head_json":{"title":"EDTMPA | Etileno Diamina Tetra (\u00c1cido Metileno Fosf\u00f4nico) (S\u00f3lido)","description":"Compre Etileno Diamina Tetra (\u00c1cido Metileno Fosf\u00f4nico) EDTMPA (S\u00f3lido) ao melhor pre\u00e7o. Oferecemos ampla gama de produtos qu\u00edmicos industriais de alta qualidade. Transporte r\u00e1pido \u00e0 sua porta.","robots":{"index":"index","follow":"follow","max-snippet":"max-snippet:-1","max-image-preview":"max-image-preview:large","max-video-preview":"max-video-preview:-1"},"canonical":"https:\/\/vcycletech.com\/pt\/produtos\/etileno-diamina-tetra-metileno-acido-fosfonico-edtmpa-solido\/","og_locale":"pt_PT","og_type":"article","og_title":"Ethylene Diamine Tetra (Methylene Phosphonic Acid) EDTMPA (Solid)","og_description":"Buy Ethylene Diamine Tetra (Methylene Phosphonic Acid) EDTMPA (Solid) at best price. We offers wide range of high quality industrial chemicals. Fast shipping to your door.","og_url":"https:\/\/vcycletech.com\/pt\/produtos\/etileno-diamina-tetra-metileno-acido-fosfonico-edtmpa-solido\/","og_site_name":"vcycletech","article_modified_time":"2023-03-27T07:11:13+00:00","og_image":[{"width":600,"height":600,"url":"https:\/\/vcycletech.com\/wp-content\/uploads\/2023\/03\/1-4.png","type":"image\/png"}],"twitter_card":"summary_large_image","twitter_misc":{"Tempo estimado de leitura":"3 minutos"},"schema":{"@context":"https:\/\/schema.org","@graph":[{"@type":"WebPage","@id":"https:\/\/vcycletech.com\/product\/ethylene-diamine-tetra-methylene-phosphonic-acid-edtmpa-solid\/","url":"https:\/\/vcycletech.com\/product\/ethylene-diamine-tetra-methylene-phosphonic-acid-edtmpa-solid\/","name":"EDTMPA | Etileno Diamina Tetra (\u00c1cido Metileno Fosf\u00f4nico) (S\u00f3lido)","isPartOf":{"@id":"https:\/\/vcycletech.com\/#website"},"primaryImageOfPage":{"@id":"https:\/\/vcycletech.com\/product\/ethylene-diamine-tetra-methylene-phosphonic-acid-edtmpa-solid\/#primaryimage"},"image":{"@id":"https:\/\/vcycletech.com\/product\/ethylene-diamine-tetra-methylene-phosphonic-acid-edtmpa-solid\/#primaryimage"},"thumbnailUrl":"https:\/\/vcycletech.com\/wp-content\/uploads\/2023\/03\/1-4.png","datePublished":"2023-03-18T02:30:21+00:00","dateModified":"2023-03-27T07:11:13+00:00","description":"Compre Etileno Diamina Tetra (\u00c1cido Metileno Fosf\u00f4nico) EDTMPA (S\u00f3lido) ao melhor pre\u00e7o. Oferecemos ampla gama de produtos qu\u00edmicos industriais de alta qualidade. Transporte r\u00e1pido \u00e0 sua porta.","breadcrumb":{"@id":"https:\/\/vcycletech.com\/product\/ethylene-diamine-tetra-methylene-phosphonic-acid-edtmpa-solid\/#breadcrumb"},"inLanguage":"pt-PT","potentialAction":[{"@type":"ReadAction","target":["https:\/\/vcycletech.com\/product\/ethylene-diamine-tetra-methylene-phosphonic-acid-edtmpa-solid\/"]}]},{"@type":"ImageObject","inLanguage":"pt-PT","@id":"https:\/\/vcycletech.com\/product\/ethylene-diamine-tetra-methylene-phosphonic-acid-edtmpa-solid\/#primaryimage","url":"https:\/\/vcycletech.com\/wp-content\/uploads\/2023\/03\/1-4.png","contentUrl":"https:\/\/vcycletech.com\/wp-content\/uploads\/2023\/03\/1-4.png","width":600,"height":600,"caption":"Ethylene Diamine Tetra (Methylene Phosphonic Acid) EDTMPA (Solid)"},{"@type":"BreadcrumbList","@id":"https:\/\/vcycletech.com\/product\/ethylene-diamine-tetra-methylene-phosphonic-acid-edtmpa-solid\/#breadcrumb","itemListElement":[{"@type":"ListItem","position":1,"name":"Home","item":"https:\/\/vcycletech.com\/"},{"@type":"ListItem","position":2,"name":"Water Treatment Chemicals Manufacturer","item":"https:\/\/vcycletech.com\/water-treatment-chemicals-manufacturer\/"},{"@type":"ListItem","position":3,"name":"Ethylene Diamine Tetra (Methylene Phosphonic Acid) EDTMPA (Solid)"}]},{"@type":"WebSite","@id":"https:\/\/vcycletech.com\/#website","url":"https:\/\/vcycletech.com\/","name":"vcycletech","description":"China&#039;principal fornecedor de produtos qu\u00edmicos para tratamento de \u00e1gua","publisher":{"@id":"https:\/\/vcycletech.com\/#organization"},"potentialAction":[{"@type":"SearchAction","target":{"@type":"EntryPoint","urlTemplate":"https:\/\/vcycletech.com\/?s={search_term_string}"},"query-input":{"@type":"PropertyValueSpecification","valueRequired":true,"valueName":"search_term_string"}}],"inLanguage":"pt-PT"},{"@type":"Organization","@id":"https:\/\/vcycletech.com\/#organization","name":"vcycletech","url":"https:\/\/vcycletech.com\/","logo":{"@type":"ImageObject","inLanguage":"pt-PT","@id":"https:\/\/vcycletech.com\/#\/schema\/logo\/image\/","url":"https:\/\/vcycletech.com\/wp-content\/uploads\/2023\/03\/logo-vcycletech-1.png","contentUrl":"https:\/\/vcycletech.com\/wp-content\/uploads\/2023\/03\/logo-vcycletech-1.png","width":600,"height":400,"caption":"vcycletech"},"image":{"@id":"https:\/\/vcycletech.com\/#\/schema\/logo\/image\/"}}]}},"_links":{"self":[{"href":"https:\/\/vcycletech.com\/pt\/wp-json\/wp\/v2\/product\/872","targetHints":{"allow":["GET"]}}],"collection":[{"href":"https:\/\/vcycletech.com\/pt\/wp-json\/wp\/v2\/product"}],"about":[{"href":"https:\/\/vcycletech.com\/pt\/wp-json\/wp\/v2\/types\/product"}],"wp:featuredmedia":[{"embeddable":true,"href":"https:\/\/vcycletech.com\/pt\/wp-json\/wp\/v2\/media\/889"}],"wp:attachment":[{"href":"https:\/\/vcycletech.com\/pt\/wp-json\/wp\/v2\/media?parent=872"}],"wp:term":[{"taxonomy":"product_brand","embeddable":true,"href":"https:\/\/vcycletech.com\/pt\/wp-json\/wp\/v2\/product_brand?post=872"},{"taxonomy":"product_cat","embeddable":true,"href":"https:\/\/vcycletech.com\/pt\/wp-json\/wp\/v2\/product_cat?post=872"},{"taxonomy":"product_tag","embeddable":true,"href":"https:\/\/vcycletech.com\/pt\/wp-json\/wp\/v2\/product_tag?post=872"}],"curies":[{"name":"wp","href":"https:\/\/api.w.org\/{rel}","templated":true}]}}