{"id":848,"date":"2023-03-17T07:04:23","date_gmt":"2023-03-17T07:04:23","guid":{"rendered":"https:\/\/vcycletech.com\/?post_type=product&#038;p=848"},"modified":"2023-03-18T01:45:19","modified_gmt":"2023-03-18T01:45:19","slug":"hedpna4tetra-sodio-sal-de-1-hidroxi-etilideno-11-acido-difosfonico","status":"publish","type":"product","link":"https:\/\/vcycletech.com\/pt\/produtos\/hedpna4tetra-sodio-sal-de-1-hidroxi-etilideno-11-acido-difosfonico\/","title":{"rendered":"HEDP\u2022Na4(Tetra sal de s\u00f3dio do \u00e1cido 1-hidroxietilideno-1,1-difosf\u00f4nico)"},"content":{"rendered":"<h3>CAS NO.3794-83-0 (4-Na)<\/h3>\n<h3>Dequest 2016<\/h3>\n<h3>29329-71-3 (x-Na)<\/h3>\n<h3>Dequest 2016DG<\/h3>\n<h3>Sin\u00f4nimos: Etidronato tetrass\u00f3dico<\/h3>\n<h3>F\u00f3rmula molecular: C2H4O7P2Na4<\/h3>\n<h3>Peso molecular: 294<\/h3>\n<h3>F\u00f3rmula estrutural:<\/h3>\n<figure id=\"attachment_857\" aria-describedby=\"caption-attachment-857\" style=\"width: 600px\" class=\"wp-caption alignnone\"><img fetchpriority=\"high\" decoding=\"async\" class=\"size-full wp-image-857\" src=\"https:\/\/vcycletech.com\/wp-content\/uploads\/2023\/03\/001-2.png\" alt=\"HEDP\u2022Na4\" width=\"600\" height=\"600\" srcset=\"https:\/\/vcycletech.com\/wp-content\/uploads\/2023\/03\/001-2.png 600w, https:\/\/vcycletech.com\/wp-content\/uploads\/2023\/03\/001-2-100x100.png 100w, https:\/\/vcycletech.com\/wp-content\/uploads\/2023\/03\/001-2-300x300.png 300w, https:\/\/vcycletech.com\/wp-content\/uploads\/2023\/03\/001-2-150x150.png 150w\" sizes=\"(max-width: 600px) 100vw, 600px\" \/><figcaption id=\"caption-attachment-857\" class=\"wp-caption-text\">HEDP\u2022Na4<\/figcaption><\/figure>\n<h3><strong>HEDP\u2022Na4 <\/strong>Propriedades e Uso:<\/h3>\n<p><strong>HEDP\u2022Na4<\/strong> \u00e9 o sal de s\u00f3dio do HEDP, comumente utilizado como um inibidor de incrusta\u00e7\u00e3o para carbonato de c\u00e1lcio em sistemas de \u00e1gua de caldeira de baixa press\u00e3o, sistemas de \u00e1gua circulante, sistemas de \u00e1gua de limpeza industrial e municipal e piscinas. A forma s\u00f3lida deste \u00e1cido organofosforado aparece como um p\u00f3 branco, que \u00e9 sol\u00favel em \u00e1gua e facilmente deliquescente, facilitando o transporte conveniente. Al\u00e9m disso, \u00e9 adequado para uso mesmo no inverno ou em climas frios. Este inibidor de corros\u00e3o de incrusta\u00e7\u00f5es \u00e1cidas pode formar um complexo est\u00e1vel com \u00edons Fe, Cu e Zn, ao mesmo tempo em que dissolve \u00f3xidos de forma eficaz em superf\u00edcies met\u00e1licas. Ele demonstra os efeitos superiores de incrusta\u00e7\u00e3o e inibi\u00e7\u00e3o da corros\u00e3o, mesmo sob temperaturas de 250 \u2103.<\/p>\n<h3>Especifica\u00e7\u00e3o:<\/h3>\n<div id=\"footable_parent_858\"\n         class=\"footable_parent ninja_table_wrapper loading_ninja_table wp_table_data_press_parent semantic_ui\">\n                <table data-ninja_table_instance=\"ninja_table_instance_0\" data-footable_id=\"858\" data-filter-delay=\"1000\" aria-label=\"HEDP\u2022Na4.csv\"            id=\"footable_858\"\n           data-unique_identifier=\"ninja_table_unique_id_3987908607_858\"\n           class=\"foo-table ninja_footable foo_table_858 ninja_table_unique_id_3987908607_858 ui table  nt_type_legacy_table selectable striped vertical_centered  footable-paging-right ninja_table_pro\">\n                <colgroup>\n                            <col class=\"ninja_column_0\">\n                            <col class=\"ninja_column_1\">\n                            <col class=\"ninja_column_2\">\n                    <\/colgroup>\n        <thead>\n<tr class=\"footable-header\">\n                                                        <th scope=\"col\"  class=\"ninja_column_0 ninja_clmn_nm_items\">Unid<\/th><th scope=\"col\"  class=\"ninja_column_1 ninja_clmn_nm_index\">\u00cdndice<\/th><th scope=\"col\"  class=\"ninja_column_2 ninja_clmn_nm_ninja_column_3\"><\/th><\/tr>\n<\/thead>\n<tbody>\n\n        <tr data-row_id=\"65\" class=\"ninja_table_row_0 nt_row_id_65\">\n            <td>Apar\u00eancia<\/td><td>p\u00f3 branco<\/td><td>L\u00edquido transparente incolor a amarelado<\/td>        <\/tr>\n            <tr data-row_id=\"66\" class=\"ninja_table_row_1 nt_row_id_66\">\n            <td>Conte\u00fado ativo (HEDP)%        <\/td><td>\u2265 56,0<\/td><td>20.3-21.7<\/td>        <\/tr>\n            <tr data-row_id=\"67\" class=\"ninja_table_row_2 nt_row_id_67\">\n            <td>Conte\u00fado ativo (HEDP\u2022Na4)%  <\/td><td>\u2265 79,9<\/td><td>29.0-31.0<\/td>        <\/tr>\n            <tr data-row_id=\"68\" class=\"ninja_table_row_3 nt_row_id_68\">\n            <td>Fe3+ \u03bcg\/g \u2264<\/td><td>35<\/td><td>20<\/td>        <\/tr>\n            <tr data-row_id=\"69\" class=\"ninja_table_row_4 nt_row_id_69\">\n            <td>Umidade\uff0c% \u2264<\/td><td>15<\/td><td>--<\/td>        <\/tr>\n            <tr data-row_id=\"70\" class=\"ninja_table_row_5 nt_row_id_70\">\n            <td>Densidade (20\u2103)g\/cm3             <\/td><td>--<\/td><td>1.26-1.36<\/td>        <\/tr>\n            <tr data-row_id=\"71\" class=\"ninja_table_row_6 nt_row_id_71\">\n            <td>PH (solu\u00e7\u00e3o de \u00e1gua 1%)<\/td><td>11,0-12,0 (11TP3Solu\u00e7\u00e3o aquosa)<\/td><td>10,0-12,0 (estoque)<\/td>        <\/tr>\n    <\/tbody><!--ninja_tobody_rendering_done-->\n    <\/table>\n    \n    \n    \n<\/div>\n\n<h3>\u00c2mbito de aplica\u00e7\u00e3o e m\u00e9todo de uso:<\/h3>\n<p><strong>HEDP\u2022Na4<\/strong> tem amplas aplica\u00e7\u00f5es em energia el\u00e9trica, ind\u00fastria qu\u00edmica, metalurgia, fertilizantes, sistemas de circula\u00e7\u00e3o de \u00e1gua fria e caldeiras de baixa a m\u00e9dia press\u00e3o e oleodutos de campos petrol\u00edferos como inibidor de incrusta\u00e7\u00e3o e corros\u00e3o. Al\u00e9m disso, pode ser empregado como detergente para metais e n\u00e3o metais na ind\u00fastria de tecidos leves. Al\u00e9m disso, este \u00e1cido organofosforado apresenta um desempenho excepcional como estabilizador de per\u00f3xido e agente de fixa\u00e7\u00e3o de corantes na ind\u00fastria de tingimento e um agente de a\u00e7\u00e3o quela eficaz em processos de galvanoplastia sem cianeto. Tamb\u00e9m \u00e9 comumente usado como aditivo em produtos qu\u00edmicos di\u00e1rios.<\/p>\n<h3><strong>HEDP\u2022Na4 <\/strong>Pacote e armazenamento:<\/h3>\n<p>L\u00edquido: tambor de pl\u00e1stico, 30kg ou 250kg, S\u00f3lido: 25kg\/saco, exig\u00eancia dos clientes. Armazenamento por dez meses em uma sala com sombra e local seco<\/p>\n<h3>Prote\u00e7\u00e3o de seguran\u00e7a:<\/h3>\n<p><strong>HEDP\u2022Na4<\/strong> Acidez fraca, Evite o contato com os olhos e a pele; uma vez contatado, lave com \u00e1gua.<\/p>\n<p><a href=\"https:\/\/vcycletech.com\/pt\/fosfonatos\/\"><strong>Obtenha a solu\u00e7\u00e3o completa de Fosfonatos.<\/strong><\/a><\/p>","protected":false},"excerpt":{"rendered":"<p><strong>HEDP\u2022Na4(Tetra sal de s\u00f3dio do \u00e1cido 1-hidroxietilideno-1,1-difosf\u00f4nico)<\/strong> \u00e9 um produto de alta qualidade perfeito para empresas que desejam vender no atacado a granel. \u00c9 usado como eliminador de \u00e1cido e inibidor de corros\u00e3o no tratamento de \u00e1gua e fluidos de usinagem e como agente sequestrante em detergentes para a roupa. \u00c9 fabricado na China e tem os mais altos padr\u00f5es de qualidade. Entre em contato conosco hoje para saber mais sobre este produto e como ele pode beneficiar o seu neg\u00f3cio.<\/p>","protected":false},"featured_media":855,"template":"","meta":{"site-sidebar-layout":"default","site-content-layout":"default","ast-site-content-layout":"default","site-content-style":"default","site-sidebar-style":"default","ast-global-header-display":"","ast-banner-title-visibility":"","ast-main-header-display":"","ast-hfb-above-header-display":"","ast-hfb-below-header-display":"","ast-hfb-mobile-header-display":"","site-post-title":"","ast-breadcrumbs-content":"","ast-featured-img":"","footer-sml-layout":"","ast-disable-related-posts":"","theme-transparent-header-meta":"default","adv-header-id-meta":"","stick-header-meta":"default","header-above-stick-meta":"","header-main-stick-meta":"","header-below-stick-meta":"","astra-migrate-meta-layouts":"default","ast-page-background-enabled":"default","ast-page-background-meta":{"desktop":{"background-color":"","background-image":"","background-repeat":"repeat","background-position":"center center","background-size":"auto","background-attachment":"scroll","background-type":"","background-media":"","overlay-type":"","overlay-color":"","overlay-opacity":"","overlay-gradient":""},"tablet":{"background-color":"","background-image":"","background-repeat":"repeat","background-position":"center center","background-size":"auto","background-attachment":"scroll","background-type":"","background-media":"","overlay-type":"","overlay-color":"","overlay-opacity":"","overlay-gradient":""},"mobile":{"background-color":"","background-image":"","background-repeat":"repeat","background-position":"center center","background-size":"auto","background-attachment":"scroll","background-type":"","background-media":"","overlay-type":"","overlay-color":"","overlay-opacity":"","overlay-gradient":""}},"ast-content-background-meta":{"desktop":{"background-color":"var(--ast-global-color-5)","background-image":"","background-repeat":"repeat","background-position":"center center","background-size":"auto","background-attachment":"scroll","background-type":"","background-media":"","overlay-type":"","overlay-color":"","overlay-opacity":"","overlay-gradient":""},"tablet":{"background-color":"var(--ast-global-color-5)","background-image":"","background-repeat":"repeat","background-position":"center center","background-size":"auto","background-attachment":"scroll","background-type":"","background-media":"","overlay-type":"","overlay-color":"","overlay-opacity":"","overlay-gradient":""},"mobile":{"background-color":"var(--ast-global-color-5)","background-image":"","background-repeat":"repeat","background-position":"center center","background-size":"auto","background-attachment":"scroll","background-type":"","background-media":"","overlay-type":"","overlay-color":"","overlay-opacity":"","overlay-gradient":""}}},"product_brand":[],"product_cat":[27],"product_tag":[],"class_list":{"0":"post-848","1":"product","2":"type-product","3":"status-publish","4":"has-post-thumbnail","6":"product_cat-salts-of-phosphonates","7":"desktop-align-left","8":"tablet-align-left","9":"mobile-align-left","10":"ast-product-gallery-layout-horizontal-slider","11":"ast-product-tabs-layout-horizontal","13":"first","14":"instock","15":"shipping-taxable","16":"product-type-simple"},"yoast_head":"<!-- This site is optimized with the Yoast SEO Premium plugin v26.3 (Yoast SEO v27.3) - https:\/\/yoast.com\/product\/yoast-seo-premium-wordpress\/ -->\n<title>HEDP\u2022Na4(Tetra Sodium Salt of 1-Hydroxy Ethylidene-1,1-Diphosphonic Acid) - vcycletech<\/title>\n<meta name=\"description\" content=\"HEDP\u2022Na4(Tetra Sodium Salt of 1-Hydroxy Ethylidene-1,1-Diphosphonic Acid) is a colorless to light yellow liquid with a characteristic odor. It is soluble in water and insoluble in most organic solvents.\" \/>\n<meta name=\"robots\" content=\"index, follow, max-snippet:-1, max-image-preview:large, max-video-preview:-1\" \/>\n<link rel=\"canonical\" href=\"https:\/\/vcycletech.com\/pt\/produtos\/hedpna4tetra-sodio-sal-de-1-hidroxi-etilideno-11-acido-difosfonico\/\" \/>\n<meta property=\"og:locale\" content=\"pt_PT\" \/>\n<meta property=\"og:type\" content=\"article\" \/>\n<meta property=\"og:title\" content=\"HEDP\u2022Na4(Tetra Sodium Salt of 1-Hydroxy Ethylidene-1,1-Diphosphonic Acid)\" \/>\n<meta property=\"og:description\" content=\"HEDP\u2022Na4(Tetra Sodium Salt of 1-Hydroxy Ethylidene-1,1-Diphosphonic Acid) is a colorless to light yellow liquid with a characteristic odor. It is soluble in water and insoluble in most organic solvents.\" \/>\n<meta property=\"og:url\" content=\"https:\/\/vcycletech.com\/pt\/produtos\/hedpna4tetra-sodio-sal-de-1-hidroxi-etilideno-11-acido-difosfonico\/\" \/>\n<meta property=\"og:site_name\" content=\"vcycletech\" \/>\n<meta property=\"article:modified_time\" content=\"2023-03-18T01:45:19+00:00\" \/>\n<meta property=\"og:image\" content=\"https:\/\/vcycletech.com\/wp-content\/uploads\/2023\/03\/9.png\" \/>\n\t<meta property=\"og:image:width\" content=\"600\" \/>\n\t<meta property=\"og:image:height\" content=\"600\" \/>\n\t<meta property=\"og:image:type\" content=\"image\/png\" \/>\n<meta name=\"twitter:card\" content=\"summary_large_image\" \/>\n<meta name=\"twitter:label1\" content=\"Tempo estimado de leitura\" \/>\n\t<meta name=\"twitter:data1\" content=\"2 minutos\" \/>\n<script type=\"application\/ld+json\" class=\"yoast-schema-graph\">{\"@context\":\"https:\\\/\\\/schema.org\",\"@graph\":[{\"@type\":\"WebPage\",\"@id\":\"https:\\\/\\\/vcycletech.com\\\/product\\\/hedpna4tetra-sodium-salt-of-1-hydroxy-ethylidene-11-diphosphonic-acid\\\/\",\"url\":\"https:\\\/\\\/vcycletech.com\\\/product\\\/hedpna4tetra-sodium-salt-of-1-hydroxy-ethylidene-11-diphosphonic-acid\\\/\",\"name\":\"HEDP\u2022Na4(Tetra Sodium Salt of 1-Hydroxy Ethylidene-1,1-Diphosphonic Acid) - vcycletech\",\"isPartOf\":{\"@id\":\"https:\\\/\\\/vcycletech.com\\\/#website\"},\"primaryImageOfPage\":{\"@id\":\"https:\\\/\\\/vcycletech.com\\\/product\\\/hedpna4tetra-sodium-salt-of-1-hydroxy-ethylidene-11-diphosphonic-acid\\\/#primaryimage\"},\"image\":{\"@id\":\"https:\\\/\\\/vcycletech.com\\\/product\\\/hedpna4tetra-sodium-salt-of-1-hydroxy-ethylidene-11-diphosphonic-acid\\\/#primaryimage\"},\"thumbnailUrl\":\"https:\\\/\\\/vcycletech.com\\\/wp-content\\\/uploads\\\/2023\\\/03\\\/9.png\",\"datePublished\":\"2023-03-17T07:04:23+00:00\",\"dateModified\":\"2023-03-18T01:45:19+00:00\",\"description\":\"HEDP\u2022Na4(Tetra Sodium Salt of 1-Hydroxy Ethylidene-1,1-Diphosphonic Acid) is a colorless to light yellow liquid with a characteristic odor. It is soluble in water and insoluble in most organic solvents.\",\"breadcrumb\":{\"@id\":\"https:\\\/\\\/vcycletech.com\\\/product\\\/hedpna4tetra-sodium-salt-of-1-hydroxy-ethylidene-11-diphosphonic-acid\\\/#breadcrumb\"},\"inLanguage\":\"pt-PT\",\"potentialAction\":[{\"@type\":\"ReadAction\",\"target\":[\"https:\\\/\\\/vcycletech.com\\\/product\\\/hedpna4tetra-sodium-salt-of-1-hydroxy-ethylidene-11-diphosphonic-acid\\\/\"]}]},{\"@type\":\"ImageObject\",\"inLanguage\":\"pt-PT\",\"@id\":\"https:\\\/\\\/vcycletech.com\\\/product\\\/hedpna4tetra-sodium-salt-of-1-hydroxy-ethylidene-11-diphosphonic-acid\\\/#primaryimage\",\"url\":\"https:\\\/\\\/vcycletech.com\\\/wp-content\\\/uploads\\\/2023\\\/03\\\/9.png\",\"contentUrl\":\"https:\\\/\\\/vcycletech.com\\\/wp-content\\\/uploads\\\/2023\\\/03\\\/9.png\",\"width\":600,\"height\":600,\"caption\":\"HEDP\u2022Na4(Tetra Sodium Salt of 1-Hydroxy Ethylidene-1,1-Diphosphonic Acid)\"},{\"@type\":\"BreadcrumbList\",\"@id\":\"https:\\\/\\\/vcycletech.com\\\/product\\\/hedpna4tetra-sodium-salt-of-1-hydroxy-ethylidene-11-diphosphonic-acid\\\/#breadcrumb\",\"itemListElement\":[{\"@type\":\"ListItem\",\"position\":1,\"name\":\"Home\",\"item\":\"https:\\\/\\\/vcycletech.com\\\/\"},{\"@type\":\"ListItem\",\"position\":2,\"name\":\"Water Treatment Chemicals Manufacturer\",\"item\":\"https:\\\/\\\/vcycletech.com\\\/water-treatment-chemicals-manufacturer\\\/\"},{\"@type\":\"ListItem\",\"position\":3,\"name\":\"HEDP\u2022Na4(Tetra Sodium Salt of 1-Hydroxy Ethylidene-1,1-Diphosphonic Acid)\"}]},{\"@type\":\"WebSite\",\"@id\":\"https:\\\/\\\/vcycletech.com\\\/#website\",\"url\":\"https:\\\/\\\/vcycletech.com\\\/\",\"name\":\"vcycletech\",\"description\":\"China&#039;s top water treatment chemicals supplier\",\"publisher\":{\"@id\":\"https:\\\/\\\/vcycletech.com\\\/#organization\"},\"potentialAction\":[{\"@type\":\"SearchAction\",\"target\":{\"@type\":\"EntryPoint\",\"urlTemplate\":\"https:\\\/\\\/vcycletech.com\\\/?s={search_term_string}\"},\"query-input\":{\"@type\":\"PropertyValueSpecification\",\"valueRequired\":true,\"valueName\":\"search_term_string\"}}],\"inLanguage\":\"pt-PT\"},{\"@type\":\"Organization\",\"@id\":\"https:\\\/\\\/vcycletech.com\\\/#organization\",\"name\":\"vcycletech\",\"url\":\"https:\\\/\\\/vcycletech.com\\\/\",\"logo\":{\"@type\":\"ImageObject\",\"inLanguage\":\"pt-PT\",\"@id\":\"https:\\\/\\\/vcycletech.com\\\/#\\\/schema\\\/logo\\\/image\\\/\",\"url\":\"https:\\\/\\\/vcycletech.com\\\/wp-content\\\/uploads\\\/2023\\\/03\\\/logo-vcycletech-1.png\",\"contentUrl\":\"https:\\\/\\\/vcycletech.com\\\/wp-content\\\/uploads\\\/2023\\\/03\\\/logo-vcycletech-1.png\",\"width\":600,\"height\":400,\"caption\":\"vcycletech\"},\"image\":{\"@id\":\"https:\\\/\\\/vcycletech.com\\\/#\\\/schema\\\/logo\\\/image\\\/\"}}]}<\/script>\n<!-- \/ Yoast SEO Premium plugin. -->","yoast_head_json":{"title":"HEDP\u2022Na4(Tetra sal de s\u00f3dio do \u00e1cido 1-hidroxietilideno-1,1-difosf\u00f4nico) - vcycletech","description":"O HEDP\u2022Na4 (Sal Tetra S\u00f3dico do \u00c1cido 1-Hidroxi Etilideno-1,1-Difosf\u00f4nico) \u00e9 um l\u00edquido incolor a amarelo claro com um odor caracter\u00edstico. \u00c9 sol\u00favel em \u00e1gua e insol\u00favel na maioria dos solventes org\u00e2nicos.","robots":{"index":"index","follow":"follow","max-snippet":"max-snippet:-1","max-image-preview":"max-image-preview:large","max-video-preview":"max-video-preview:-1"},"canonical":"https:\/\/vcycletech.com\/pt\/produtos\/hedpna4tetra-sodio-sal-de-1-hidroxi-etilideno-11-acido-difosfonico\/","og_locale":"pt_PT","og_type":"article","og_title":"HEDP\u2022Na4(Tetra Sodium Salt of 1-Hydroxy Ethylidene-1,1-Diphosphonic Acid)","og_description":"HEDP\u2022Na4(Tetra Sodium Salt of 1-Hydroxy Ethylidene-1,1-Diphosphonic Acid) is a colorless to light yellow liquid with a characteristic odor. It is soluble in water and insoluble in most organic solvents.","og_url":"https:\/\/vcycletech.com\/pt\/produtos\/hedpna4tetra-sodio-sal-de-1-hidroxi-etilideno-11-acido-difosfonico\/","og_site_name":"vcycletech","article_modified_time":"2023-03-18T01:45:19+00:00","og_image":[{"width":600,"height":600,"url":"https:\/\/vcycletech.com\/wp-content\/uploads\/2023\/03\/9.png","type":"image\/png"}],"twitter_card":"summary_large_image","twitter_misc":{"Tempo estimado de leitura":"2 minutos"},"schema":{"@context":"https:\/\/schema.org","@graph":[{"@type":"WebPage","@id":"https:\/\/vcycletech.com\/product\/hedpna4tetra-sodium-salt-of-1-hydroxy-ethylidene-11-diphosphonic-acid\/","url":"https:\/\/vcycletech.com\/product\/hedpna4tetra-sodium-salt-of-1-hydroxy-ethylidene-11-diphosphonic-acid\/","name":"HEDP\u2022Na4(Tetra sal de s\u00f3dio do \u00e1cido 1-hidroxietilideno-1,1-difosf\u00f4nico) - vcycletech","isPartOf":{"@id":"https:\/\/vcycletech.com\/#website"},"primaryImageOfPage":{"@id":"https:\/\/vcycletech.com\/product\/hedpna4tetra-sodium-salt-of-1-hydroxy-ethylidene-11-diphosphonic-acid\/#primaryimage"},"image":{"@id":"https:\/\/vcycletech.com\/product\/hedpna4tetra-sodium-salt-of-1-hydroxy-ethylidene-11-diphosphonic-acid\/#primaryimage"},"thumbnailUrl":"https:\/\/vcycletech.com\/wp-content\/uploads\/2023\/03\/9.png","datePublished":"2023-03-17T07:04:23+00:00","dateModified":"2023-03-18T01:45:19+00:00","description":"O HEDP\u2022Na4 (Sal Tetra S\u00f3dico do \u00c1cido 1-Hidroxi Etilideno-1,1-Difosf\u00f4nico) \u00e9 um l\u00edquido incolor a amarelo claro com um odor caracter\u00edstico. \u00c9 sol\u00favel em \u00e1gua e insol\u00favel na maioria dos solventes org\u00e2nicos.","breadcrumb":{"@id":"https:\/\/vcycletech.com\/product\/hedpna4tetra-sodium-salt-of-1-hydroxy-ethylidene-11-diphosphonic-acid\/#breadcrumb"},"inLanguage":"pt-PT","potentialAction":[{"@type":"ReadAction","target":["https:\/\/vcycletech.com\/product\/hedpna4tetra-sodium-salt-of-1-hydroxy-ethylidene-11-diphosphonic-acid\/"]}]},{"@type":"ImageObject","inLanguage":"pt-PT","@id":"https:\/\/vcycletech.com\/product\/hedpna4tetra-sodium-salt-of-1-hydroxy-ethylidene-11-diphosphonic-acid\/#primaryimage","url":"https:\/\/vcycletech.com\/wp-content\/uploads\/2023\/03\/9.png","contentUrl":"https:\/\/vcycletech.com\/wp-content\/uploads\/2023\/03\/9.png","width":600,"height":600,"caption":"HEDP\u2022Na4(Tetra Sodium Salt of 1-Hydroxy Ethylidene-1,1-Diphosphonic Acid)"},{"@type":"BreadcrumbList","@id":"https:\/\/vcycletech.com\/product\/hedpna4tetra-sodium-salt-of-1-hydroxy-ethylidene-11-diphosphonic-acid\/#breadcrumb","itemListElement":[{"@type":"ListItem","position":1,"name":"Home","item":"https:\/\/vcycletech.com\/"},{"@type":"ListItem","position":2,"name":"Water Treatment Chemicals Manufacturer","item":"https:\/\/vcycletech.com\/water-treatment-chemicals-manufacturer\/"},{"@type":"ListItem","position":3,"name":"HEDP\u2022Na4(Tetra Sodium Salt of 1-Hydroxy Ethylidene-1,1-Diphosphonic Acid)"}]},{"@type":"WebSite","@id":"https:\/\/vcycletech.com\/#website","url":"https:\/\/vcycletech.com\/","name":"vcycletech","description":"China&#039;principal fornecedor de produtos qu\u00edmicos para tratamento de \u00e1gua","publisher":{"@id":"https:\/\/vcycletech.com\/#organization"},"potentialAction":[{"@type":"SearchAction","target":{"@type":"EntryPoint","urlTemplate":"https:\/\/vcycletech.com\/?s={search_term_string}"},"query-input":{"@type":"PropertyValueSpecification","valueRequired":true,"valueName":"search_term_string"}}],"inLanguage":"pt-PT"},{"@type":"Organization","@id":"https:\/\/vcycletech.com\/#organization","name":"vcycletech","url":"https:\/\/vcycletech.com\/","logo":{"@type":"ImageObject","inLanguage":"pt-PT","@id":"https:\/\/vcycletech.com\/#\/schema\/logo\/image\/","url":"https:\/\/vcycletech.com\/wp-content\/uploads\/2023\/03\/logo-vcycletech-1.png","contentUrl":"https:\/\/vcycletech.com\/wp-content\/uploads\/2023\/03\/logo-vcycletech-1.png","width":600,"height":400,"caption":"vcycletech"},"image":{"@id":"https:\/\/vcycletech.com\/#\/schema\/logo\/image\/"}}]}},"_links":{"self":[{"href":"https:\/\/vcycletech.com\/pt\/wp-json\/wp\/v2\/product\/848","targetHints":{"allow":["GET"]}}],"collection":[{"href":"https:\/\/vcycletech.com\/pt\/wp-json\/wp\/v2\/product"}],"about":[{"href":"https:\/\/vcycletech.com\/pt\/wp-json\/wp\/v2\/types\/product"}],"wp:featuredmedia":[{"embeddable":true,"href":"https:\/\/vcycletech.com\/pt\/wp-json\/wp\/v2\/media\/855"}],"wp:attachment":[{"href":"https:\/\/vcycletech.com\/pt\/wp-json\/wp\/v2\/media?parent=848"}],"wp:term":[{"taxonomy":"product_brand","embeddable":true,"href":"https:\/\/vcycletech.com\/pt\/wp-json\/wp\/v2\/product_brand?post=848"},{"taxonomy":"product_cat","embeddable":true,"href":"https:\/\/vcycletech.com\/pt\/wp-json\/wp\/v2\/product_cat?post=848"},{"taxonomy":"product_tag","embeddable":true,"href":"https:\/\/vcycletech.com\/pt\/wp-json\/wp\/v2\/product_tag?post=848"}],"curies":[{"name":"wp","href":"https:\/\/api.w.org\/{rel}","templated":true}]}}