{"id":814,"date":"2023-03-17T02:26:42","date_gmt":"2023-03-17T02:26:42","guid":{"rendered":"https:\/\/vcycletech.com\/?post_type=product&#038;p=814"},"modified":"2023-03-18T01:43:42","modified_gmt":"2023-03-18T01:43:42","slug":"atmpna4tetra-sodio-sal-de-amino-trimetileno-acido-fosfonico","status":"publish","type":"product","link":"https:\/\/vcycletech.com\/pt\/produtos\/atmpna4tetra-sodio-sal-de-amino-trimetileno-acido-fosfonico\/","title":{"rendered":"ATMP\u2022Na4(Sal Tetra S\u00f3dico do \u00c1cido Amino Trimetileno Fosf\u00f4nico)"},"content":{"rendered":"<h3>N\u00ba CAS 20592-85-2<\/h3>\n<h3>F\u00f3rmula molecular: C3H8NO9P3Na4<\/h3>\n<h3>Peso molecular: 387<\/h3>\n<h3>F\u00f3rmula estrutural:<\/h3>\n<figure id=\"attachment_824\" aria-describedby=\"caption-attachment-824\" style=\"width: 600px\" class=\"wp-caption alignnone\"><img fetchpriority=\"high\" decoding=\"async\" class=\"size-full wp-image-824\" src=\"https:\/\/vcycletech.com\/wp-content\/uploads\/2023\/03\/004-2.png\" alt=\"ATMP\u2022Na4\" width=\"600\" height=\"600\" srcset=\"https:\/\/vcycletech.com\/wp-content\/uploads\/2023\/03\/004-2.png 600w, https:\/\/vcycletech.com\/wp-content\/uploads\/2023\/03\/004-2-100x100.png 100w, https:\/\/vcycletech.com\/wp-content\/uploads\/2023\/03\/004-2-300x300.png 300w, https:\/\/vcycletech.com\/wp-content\/uploads\/2023\/03\/004-2-150x150.png 150w\" sizes=\"(max-width: 600px) 100vw, 600px\" \/><figcaption id=\"caption-attachment-824\" class=\"wp-caption-text\">ATMP\u2022Na4<\/figcaption><\/figure>\n<h3>ATMP\u2022Na4 Propriedades:<\/h3>\n<p><strong>ATMP\u2022Na4<\/strong> \u00e9 o sal de ATMP e um inibidor eficaz de carbonato de c\u00e1lcio em sistemas de \u00e1gua. Ele pode ser usado para sistemas de resfriamento circulante em usinas de energia, usinas de refinaria de petr\u00f3leo e sistemas de \u00e1gua de reabastecimento de campos petrol\u00edferos devido aos seus efeitos sin\u00e9rgicos s\u00f3lidos com outros aditivos. Al\u00e9m disso, em condi\u00e7\u00f5es neutras a \u00e1cidas, nenhum cheiro de am\u00f4nia \u00e9 liberado.<\/p>\n<h3>Especifica\u00e7\u00e3o:<\/h3>\n<div id=\"footable_parent_825\"\n         class=\"footable_parent ninja_table_wrapper loading_ninja_table wp_table_data_press_parent semantic_ui\">\n                <table data-ninja_table_instance=\"ninja_table_instance_0\" data-footable_id=\"825\" data-filter-delay=\"1000\" aria-label=\"ATMP\u2022Na4.csv\"            id=\"footable_825\"\n           data-unique_identifier=\"ninja_table_unique_id_201860547_825\"\n           class=\"foo-table ninja_footable foo_table_825 ninja_table_unique_id_201860547_825 ui table  nt_type_legacy_table selectable striped vertical_centered  footable-paging-right ninja_table_pro\">\n                <colgroup>\n                            <col class=\"ninja_column_0\">\n                            <col class=\"ninja_column_1\">\n                    <\/colgroup>\n        <thead>\n<tr class=\"footable-header\">\n                                        <th scope=\"col\"  class=\"ninja_column_0 ninja_clmn_nm_items\">Unid<\/th><th scope=\"col\"  class=\"ninja_column_1 ninja_clmn_nm_index\">\u00edndice<\/th><\/tr>\n<\/thead>\n<tbody>\n\n        <tr data-row_id=\"45\" class=\"ninja_table_row_0 nt_row_id_45\">\n            <td>Apar\u00eancia<\/td><td>L\u00edquido transparente incolor ou amarelo claro<\/td>        <\/tr>\n            <tr data-row_id=\"46\" class=\"ninja_table_row_1 nt_row_id_46\">\n            <td>Conte\u00fado ativo (ATMP)%  <\/td><td>29.4-32.4<\/td>        <\/tr>\n            <tr data-row_id=\"47\" class=\"ninja_table_row_2 nt_row_id_47\">\n            <td>Conte\u00fado ativo (ATMP\u2022Na4) %<\/td><td>38.0-42.0<\/td>        <\/tr>\n            <tr data-row_id=\"48\" class=\"ninja_table_row_3 nt_row_id_48\">\n            <td>PH (solu\u00e7\u00e3o de \u00e1gua 1%)<\/td><td>6.5-7.5<\/td>        <\/tr>\n            <tr data-row_id=\"49\" class=\"ninja_table_row_4 nt_row_id_49\">\n            <td>Fe\uff0cmg\/L \u2264<\/td><td>35<\/td>        <\/tr>\n            <tr data-row_id=\"50\" class=\"ninja_table_row_5 nt_row_id_50\">\n            <td>Densidade (20 \u2103) g\/cm3<\/td><td>1.35-1.45<\/td>        <\/tr>\n    <\/tbody><!--ninja_tobody_rendering_done-->\n    <\/table>\n    \n    \n    \n<\/div>\n\n<h3>ATMP\u2022Na4 Uso:<\/h3>\n<p><strong>ATMP\u2022Na4<\/strong> pode ser combinado com outro \u00e1cido organofosforado, \u00e1cido policarbox\u00edlico e sal para criar agentes alcalinos org\u00e2nicos, proporcionando qualidade de \u00e1gua adequada para excelentes sistemas de circula\u00e7\u00e3o de \u00e1gua. \u00c9 eficaz em todos os tipos de aplica\u00e7\u00f5es.<\/p>\n<h3>Pacote e armazenamento:<\/h3>\n<p>Tambor de pl\u00e1stico 200L, IBC (1000L), exig\u00eancia dos clientes. Armazenamento por dez meses em uma sala com sombra e local seco.<\/p>\n<div data-zone-id=\"0\" data-line-index=\"0\" data-line=\"true\"><a href=\"https:\/\/vcycletech.com\/pt\/fosfonatos\/\"><strong>Obtenha a solu\u00e7\u00e3o completa de fosfonatos<\/strong><\/a><\/div>","protected":false},"excerpt":{"rendered":"<p><strong>ATMP\u2022Na4(Sal Tetra S\u00f3dico do \u00c1cido Amino Trimetileno Fosf\u00f4nico)<\/strong> \u00e9 um l\u00edquido incolor a amarelo claro sol\u00favel em \u00e1gua. Este produto pode ser usado como inibidor de corros\u00e3o, inibidor de incrusta\u00e7\u00e3o e formador de detergente em sistemas industriais de circula\u00e7\u00e3o de \u00e1gua excelentes, \u00e1gua de alimenta\u00e7\u00e3o de caldeiras, sistema de tratamento de efluentes de f\u00e1bricas t\u00eaxteis, f\u00e1bricas de processamento de alimentos e bebidas, tinturarias e f\u00e1bricas de papel. Ele atende aos requisitos do FCC (Food Chemical Codex), EEC (Comunidade Econ\u00f4mica Europ\u00e9ia), JIS (Padr\u00e3o Industrial Japon\u00eas) e GB (Padr\u00e3o Nacional Chin\u00eas). Bem-vindo a entrar em contato conosco para mais informa\u00e7\u00f5es.<\/p>","protected":false},"featured_media":819,"template":"","meta":{"site-sidebar-layout":"default","site-content-layout":"default","ast-site-content-layout":"default","site-content-style":"default","site-sidebar-style":"default","ast-global-header-display":"","ast-banner-title-visibility":"","ast-main-header-display":"","ast-hfb-above-header-display":"","ast-hfb-below-header-display":"","ast-hfb-mobile-header-display":"","site-post-title":"","ast-breadcrumbs-content":"","ast-featured-img":"","footer-sml-layout":"","ast-disable-related-posts":"","theme-transparent-header-meta":"default","adv-header-id-meta":"","stick-header-meta":"default","header-above-stick-meta":"","header-main-stick-meta":"","header-below-stick-meta":"","astra-migrate-meta-layouts":"default","ast-page-background-enabled":"default","ast-page-background-meta":{"desktop":{"background-color":"","background-image":"","background-repeat":"repeat","background-position":"center center","background-size":"auto","background-attachment":"scroll","background-type":"","background-media":"","overlay-type":"","overlay-color":"","overlay-opacity":"","overlay-gradient":""},"tablet":{"background-color":"","background-image":"","background-repeat":"repeat","background-position":"center center","background-size":"auto","background-attachment":"scroll","background-type":"","background-media":"","overlay-type":"","overlay-color":"","overlay-opacity":"","overlay-gradient":""},"mobile":{"background-color":"","background-image":"","background-repeat":"repeat","background-position":"center center","background-size":"auto","background-attachment":"scroll","background-type":"","background-media":"","overlay-type":"","overlay-color":"","overlay-opacity":"","overlay-gradient":""}},"ast-content-background-meta":{"desktop":{"background-color":"var(--ast-global-color-5)","background-image":"","background-repeat":"repeat","background-position":"center center","background-size":"auto","background-attachment":"scroll","background-type":"","background-media":"","overlay-type":"","overlay-color":"","overlay-opacity":"","overlay-gradient":""},"tablet":{"background-color":"var(--ast-global-color-5)","background-image":"","background-repeat":"repeat","background-position":"center center","background-size":"auto","background-attachment":"scroll","background-type":"","background-media":"","overlay-type":"","overlay-color":"","overlay-opacity":"","overlay-gradient":""},"mobile":{"background-color":"var(--ast-global-color-5)","background-image":"","background-repeat":"repeat","background-position":"center center","background-size":"auto","background-attachment":"scroll","background-type":"","background-media":"","overlay-type":"","overlay-color":"","overlay-opacity":"","overlay-gradient":""}}},"product_brand":[],"product_cat":[27],"product_tag":[],"class_list":{"0":"post-814","1":"product","2":"type-product","3":"status-publish","4":"has-post-thumbnail","6":"product_cat-salts-of-phosphonates","7":"desktop-align-left","8":"tablet-align-left","9":"mobile-align-left","10":"ast-product-gallery-layout-horizontal-slider","11":"ast-product-tabs-layout-horizontal","13":"first","14":"instock","15":"shipping-taxable","16":"product-type-simple"},"yoast_head":"<!-- This site is optimized with the Yoast SEO Premium plugin v26.3 (Yoast SEO v27.5) - https:\/\/yoast.com\/product\/yoast-seo-premium-wordpress\/ -->\n<title>ATMP\u2022Na4(Tetra Sodium Salt of Amino Trimethylene Phosphonic Acid) - vcycletech<\/title>\n<meta name=\"description\" content=\"ATMP\u2022Na4 is an excellent chelating agent for metal ions. It sequesters the metal ions by forming complexes, which prevents them from interacting with other functional groups in the polymer matrix or substrate.\" \/>\n<meta name=\"robots\" content=\"index, follow, max-snippet:-1, max-image-preview:large, max-video-preview:-1\" \/>\n<link rel=\"canonical\" href=\"https:\/\/vcycletech.com\/pt\/produtos\/atmpna4tetra-sodio-sal-de-amino-trimetileno-acido-fosfonico\/\" \/>\n<meta property=\"og:locale\" content=\"pt_PT\" \/>\n<meta property=\"og:type\" content=\"article\" \/>\n<meta property=\"og:title\" content=\"ATMP\u2022Na4(Tetra Sodium Salt of Amino Trimethylene Phosphonic Acid)\" \/>\n<meta property=\"og:description\" content=\"ATMP\u2022Na4 is an excellent chelating agent for metal ions. It sequesters the metal ions by forming complexes, which prevents them from interacting with other functional groups in the polymer matrix or substrate.\" \/>\n<meta property=\"og:url\" content=\"https:\/\/vcycletech.com\/pt\/produtos\/atmpna4tetra-sodio-sal-de-amino-trimetileno-acido-fosfonico\/\" \/>\n<meta property=\"og:site_name\" content=\"vcycletech\" \/>\n<meta property=\"article:modified_time\" content=\"2023-03-18T01:43:42+00:00\" \/>\n<meta property=\"og:image\" content=\"https:\/\/vcycletech.com\/wp-content\/uploads\/2023\/03\/6.png\" \/>\n\t<meta property=\"og:image:width\" content=\"600\" \/>\n\t<meta property=\"og:image:height\" content=\"600\" \/>\n\t<meta property=\"og:image:type\" content=\"image\/png\" \/>\n<meta name=\"twitter:card\" content=\"summary_large_image\" \/>\n<meta name=\"twitter:label1\" content=\"Tempo estimado de leitura\" \/>\n\t<meta name=\"twitter:data1\" content=\"1 minuto\" \/>\n<script type=\"application\/ld+json\" class=\"yoast-schema-graph\">{\"@context\":\"https:\\\/\\\/schema.org\",\"@graph\":[{\"@type\":\"WebPage\",\"@id\":\"https:\\\/\\\/vcycletech.com\\\/product\\\/atmpna4tetra-sodium-salt-of-amino-trimethylene-phosphonic-acid\\\/\",\"url\":\"https:\\\/\\\/vcycletech.com\\\/product\\\/atmpna4tetra-sodium-salt-of-amino-trimethylene-phosphonic-acid\\\/\",\"name\":\"ATMP\u2022Na4(Tetra Sodium Salt of Amino Trimethylene Phosphonic Acid) - vcycletech\",\"isPartOf\":{\"@id\":\"https:\\\/\\\/vcycletech.com\\\/#website\"},\"primaryImageOfPage\":{\"@id\":\"https:\\\/\\\/vcycletech.com\\\/product\\\/atmpna4tetra-sodium-salt-of-amino-trimethylene-phosphonic-acid\\\/#primaryimage\"},\"image\":{\"@id\":\"https:\\\/\\\/vcycletech.com\\\/product\\\/atmpna4tetra-sodium-salt-of-amino-trimethylene-phosphonic-acid\\\/#primaryimage\"},\"thumbnailUrl\":\"https:\\\/\\\/vcycletech.com\\\/wp-content\\\/uploads\\\/2023\\\/03\\\/6.png\",\"datePublished\":\"2023-03-17T02:26:42+00:00\",\"dateModified\":\"2023-03-18T01:43:42+00:00\",\"description\":\"ATMP\u2022Na4 is an excellent chelating agent for metal ions. It sequesters the metal ions by forming complexes, which prevents them from interacting with other functional groups in the polymer matrix or substrate.\",\"breadcrumb\":{\"@id\":\"https:\\\/\\\/vcycletech.com\\\/product\\\/atmpna4tetra-sodium-salt-of-amino-trimethylene-phosphonic-acid\\\/#breadcrumb\"},\"inLanguage\":\"pt-PT\",\"potentialAction\":[{\"@type\":\"ReadAction\",\"target\":[\"https:\\\/\\\/vcycletech.com\\\/product\\\/atmpna4tetra-sodium-salt-of-amino-trimethylene-phosphonic-acid\\\/\"]}]},{\"@type\":\"ImageObject\",\"inLanguage\":\"pt-PT\",\"@id\":\"https:\\\/\\\/vcycletech.com\\\/product\\\/atmpna4tetra-sodium-salt-of-amino-trimethylene-phosphonic-acid\\\/#primaryimage\",\"url\":\"https:\\\/\\\/vcycletech.com\\\/wp-content\\\/uploads\\\/2023\\\/03\\\/6.png\",\"contentUrl\":\"https:\\\/\\\/vcycletech.com\\\/wp-content\\\/uploads\\\/2023\\\/03\\\/6.png\",\"width\":600,\"height\":600,\"caption\":\"ATMP\u2022Na4(Tetra Sodium Salt of Amino Trimethylene Phosphonic Acid)\"},{\"@type\":\"BreadcrumbList\",\"@id\":\"https:\\\/\\\/vcycletech.com\\\/product\\\/atmpna4tetra-sodium-salt-of-amino-trimethylene-phosphonic-acid\\\/#breadcrumb\",\"itemListElement\":[{\"@type\":\"ListItem\",\"position\":1,\"name\":\"Home\",\"item\":\"https:\\\/\\\/vcycletech.com\\\/\"},{\"@type\":\"ListItem\",\"position\":2,\"name\":\"Water Treatment Chemicals Manufacturer\",\"item\":\"https:\\\/\\\/vcycletech.com\\\/water-treatment-chemicals-manufacturer\\\/\"},{\"@type\":\"ListItem\",\"position\":3,\"name\":\"ATMP\u2022Na4(Tetra Sodium Salt of Amino Trimethylene Phosphonic Acid)\"}]},{\"@type\":\"WebSite\",\"@id\":\"https:\\\/\\\/vcycletech.com\\\/#website\",\"url\":\"https:\\\/\\\/vcycletech.com\\\/\",\"name\":\"vcycletech\",\"description\":\"China&#039;s top water treatment chemicals supplier\",\"publisher\":{\"@id\":\"https:\\\/\\\/vcycletech.com\\\/#organization\"},\"potentialAction\":[{\"@type\":\"SearchAction\",\"target\":{\"@type\":\"EntryPoint\",\"urlTemplate\":\"https:\\\/\\\/vcycletech.com\\\/?s={search_term_string}\"},\"query-input\":{\"@type\":\"PropertyValueSpecification\",\"valueRequired\":true,\"valueName\":\"search_term_string\"}}],\"inLanguage\":\"pt-PT\"},{\"@type\":\"Organization\",\"@id\":\"https:\\\/\\\/vcycletech.com\\\/#organization\",\"name\":\"vcycletech\",\"url\":\"https:\\\/\\\/vcycletech.com\\\/\",\"logo\":{\"@type\":\"ImageObject\",\"inLanguage\":\"pt-PT\",\"@id\":\"https:\\\/\\\/vcycletech.com\\\/#\\\/schema\\\/logo\\\/image\\\/\",\"url\":\"https:\\\/\\\/vcycletech.com\\\/wp-content\\\/uploads\\\/2023\\\/03\\\/logo-vcycletech-1.png\",\"contentUrl\":\"https:\\\/\\\/vcycletech.com\\\/wp-content\\\/uploads\\\/2023\\\/03\\\/logo-vcycletech-1.png\",\"width\":600,\"height\":400,\"caption\":\"vcycletech\"},\"image\":{\"@id\":\"https:\\\/\\\/vcycletech.com\\\/#\\\/schema\\\/logo\\\/image\\\/\"}}]}<\/script>\n<!-- \/ Yoast SEO Premium plugin. -->","yoast_head_json":{"title":"ATMP\u2022Na4(Sal Tetra S\u00f3dico do \u00c1cido Amino Trimetileno Fosf\u00f4nico) - vcycletech","description":"ATMP\u2022Na4 \u00e9 um excelente agente quelante para \u00edons met\u00e1licos. Ele sequestra os \u00edons met\u00e1licos formando complexos, o que os impede de interagir com outros grupos funcionais na matriz polim\u00e9rica ou no substrato.","robots":{"index":"index","follow":"follow","max-snippet":"max-snippet:-1","max-image-preview":"max-image-preview:large","max-video-preview":"max-video-preview:-1"},"canonical":"https:\/\/vcycletech.com\/pt\/produtos\/atmpna4tetra-sodio-sal-de-amino-trimetileno-acido-fosfonico\/","og_locale":"pt_PT","og_type":"article","og_title":"ATMP\u2022Na4(Tetra Sodium Salt of Amino Trimethylene Phosphonic Acid)","og_description":"ATMP\u2022Na4 is an excellent chelating agent for metal ions. It sequesters the metal ions by forming complexes, which prevents them from interacting with other functional groups in the polymer matrix or substrate.","og_url":"https:\/\/vcycletech.com\/pt\/produtos\/atmpna4tetra-sodio-sal-de-amino-trimetileno-acido-fosfonico\/","og_site_name":"vcycletech","article_modified_time":"2023-03-18T01:43:42+00:00","og_image":[{"width":600,"height":600,"url":"https:\/\/vcycletech.com\/wp-content\/uploads\/2023\/03\/6.png","type":"image\/png"}],"twitter_card":"summary_large_image","twitter_misc":{"Tempo estimado de leitura":"1 minuto"},"schema":{"@context":"https:\/\/schema.org","@graph":[{"@type":"WebPage","@id":"https:\/\/vcycletech.com\/product\/atmpna4tetra-sodium-salt-of-amino-trimethylene-phosphonic-acid\/","url":"https:\/\/vcycletech.com\/product\/atmpna4tetra-sodium-salt-of-amino-trimethylene-phosphonic-acid\/","name":"ATMP\u2022Na4(Sal Tetra S\u00f3dico do \u00c1cido Amino Trimetileno Fosf\u00f4nico) - vcycletech","isPartOf":{"@id":"https:\/\/vcycletech.com\/#website"},"primaryImageOfPage":{"@id":"https:\/\/vcycletech.com\/product\/atmpna4tetra-sodium-salt-of-amino-trimethylene-phosphonic-acid\/#primaryimage"},"image":{"@id":"https:\/\/vcycletech.com\/product\/atmpna4tetra-sodium-salt-of-amino-trimethylene-phosphonic-acid\/#primaryimage"},"thumbnailUrl":"https:\/\/vcycletech.com\/wp-content\/uploads\/2023\/03\/6.png","datePublished":"2023-03-17T02:26:42+00:00","dateModified":"2023-03-18T01:43:42+00:00","description":"ATMP\u2022Na4 \u00e9 um excelente agente quelante para \u00edons met\u00e1licos. Ele sequestra os \u00edons met\u00e1licos formando complexos, o que os impede de interagir com outros grupos funcionais na matriz polim\u00e9rica ou no substrato.","breadcrumb":{"@id":"https:\/\/vcycletech.com\/product\/atmpna4tetra-sodium-salt-of-amino-trimethylene-phosphonic-acid\/#breadcrumb"},"inLanguage":"pt-PT","potentialAction":[{"@type":"ReadAction","target":["https:\/\/vcycletech.com\/product\/atmpna4tetra-sodium-salt-of-amino-trimethylene-phosphonic-acid\/"]}]},{"@type":"ImageObject","inLanguage":"pt-PT","@id":"https:\/\/vcycletech.com\/product\/atmpna4tetra-sodium-salt-of-amino-trimethylene-phosphonic-acid\/#primaryimage","url":"https:\/\/vcycletech.com\/wp-content\/uploads\/2023\/03\/6.png","contentUrl":"https:\/\/vcycletech.com\/wp-content\/uploads\/2023\/03\/6.png","width":600,"height":600,"caption":"ATMP\u2022Na4(Tetra Sodium Salt of Amino Trimethylene Phosphonic Acid)"},{"@type":"BreadcrumbList","@id":"https:\/\/vcycletech.com\/product\/atmpna4tetra-sodium-salt-of-amino-trimethylene-phosphonic-acid\/#breadcrumb","itemListElement":[{"@type":"ListItem","position":1,"name":"Home","item":"https:\/\/vcycletech.com\/"},{"@type":"ListItem","position":2,"name":"Water Treatment Chemicals Manufacturer","item":"https:\/\/vcycletech.com\/water-treatment-chemicals-manufacturer\/"},{"@type":"ListItem","position":3,"name":"ATMP\u2022Na4(Tetra Sodium Salt of Amino Trimethylene Phosphonic Acid)"}]},{"@type":"WebSite","@id":"https:\/\/vcycletech.com\/#website","url":"https:\/\/vcycletech.com\/","name":"vcycletech","description":"China&#039;principal fornecedor de produtos qu\u00edmicos para tratamento de \u00e1gua","publisher":{"@id":"https:\/\/vcycletech.com\/#organization"},"potentialAction":[{"@type":"SearchAction","target":{"@type":"EntryPoint","urlTemplate":"https:\/\/vcycletech.com\/?s={search_term_string}"},"query-input":{"@type":"PropertyValueSpecification","valueRequired":true,"valueName":"search_term_string"}}],"inLanguage":"pt-PT"},{"@type":"Organization","@id":"https:\/\/vcycletech.com\/#organization","name":"vcycletech","url":"https:\/\/vcycletech.com\/","logo":{"@type":"ImageObject","inLanguage":"pt-PT","@id":"https:\/\/vcycletech.com\/#\/schema\/logo\/image\/","url":"https:\/\/vcycletech.com\/wp-content\/uploads\/2023\/03\/logo-vcycletech-1.png","contentUrl":"https:\/\/vcycletech.com\/wp-content\/uploads\/2023\/03\/logo-vcycletech-1.png","width":600,"height":400,"caption":"vcycletech"},"image":{"@id":"https:\/\/vcycletech.com\/#\/schema\/logo\/image\/"}}]}},"_links":{"self":[{"href":"https:\/\/vcycletech.com\/pt\/wp-json\/wp\/v2\/product\/814","targetHints":{"allow":["GET"]}}],"collection":[{"href":"https:\/\/vcycletech.com\/pt\/wp-json\/wp\/v2\/product"}],"about":[{"href":"https:\/\/vcycletech.com\/pt\/wp-json\/wp\/v2\/types\/product"}],"wp:featuredmedia":[{"embeddable":true,"href":"https:\/\/vcycletech.com\/pt\/wp-json\/wp\/v2\/media\/819"}],"wp:attachment":[{"href":"https:\/\/vcycletech.com\/pt\/wp-json\/wp\/v2\/media?parent=814"}],"wp:term":[{"taxonomy":"product_brand","embeddable":true,"href":"https:\/\/vcycletech.com\/pt\/wp-json\/wp\/v2\/product_brand?post=814"},{"taxonomy":"product_cat","embeddable":true,"href":"https:\/\/vcycletech.com\/pt\/wp-json\/wp\/v2\/product_cat?post=814"},{"taxonomy":"product_tag","embeddable":true,"href":"https:\/\/vcycletech.com\/pt\/wp-json\/wp\/v2\/product_tag?post=814"}],"curies":[{"name":"wp","href":"https:\/\/api.w.org\/{rel}","templated":true}]}}