{"id":695,"date":"2023-03-15T20:43:39","date_gmt":"2023-03-15T20:43:39","guid":{"rendered":"https:\/\/vcycletech.com\/?post_type=product&#038;p=695"},"modified":"2023-03-27T07:03:19","modified_gmt":"2023-03-27T07:03:19","slug":"amino-trimetileno-acido-fosfonico-atmp","status":"publish","type":"product","link":"https:\/\/vcycletech.com\/pt\/produtos\/amino-trimetileno-acido-fosfonico-atmp\/","title":{"rendered":"\u00c1cido Amino Trimetileno Fosf\u00f4nico (ATMP)"},"content":{"rendered":"<h3>N\u00ba CAS 6419-19-8<\/h3>\n<h3>F\u00f3rmula molecular: N(CH2PO3H2)3 Peso molecular: 299,05<\/h3>\n<h3>F\u00f3rmula estrutural:<\/h3>\n<p><img fetchpriority=\"high\" decoding=\"async\" class=\"size-medium wp-image-718\" src=\"https:\/\/vcycletech.com\/wp-content\/uploads\/2023\/03\/Amino-Trimethylene-Phosphonic-Acid-ATMP-3-1-300x200.png\" alt=\"\u00c1cido Amino Trimetileno Fosf\u00f4nico (ATMP) -3\" width=\"300\" height=\"200\" srcset=\"https:\/\/vcycletech.com\/wp-content\/uploads\/2023\/03\/Amino-Trimethylene-Phosphonic-Acid-ATMP-3-1-300x200.png 300w, https:\/\/vcycletech.com\/wp-content\/uploads\/2023\/03\/Amino-Trimethylene-Phosphonic-Acid-ATMP-3-1.png 600w\" sizes=\"(max-width: 300px) 100vw, 300px\" \/><\/p>\n<h3 class=\"my-0.5\">Propriedades:<\/h3>\n<p>O ATMP \u00e9 um agente quelante eficaz com capacidade de inibi\u00e7\u00e3o de baixo limiar e distor\u00e7\u00e3o de rede. Pode prevenir o ac\u00famulo de incrusta\u00e7\u00f5es, especialmente carbonato de c\u00e1lcio, em sistemas de \u00e1gua. Al\u00e9m disso, o ATMP tem excelente estabilidade qu\u00edmica e \u00e9 extremamente dif\u00edcil de hidrolisar em \u00e1gua. Em altas concentra\u00e7\u00f5es, atua como um inibidor adequado para a corros\u00e3o.<\/p>\n<p><strong>ATMP<\/strong> \u00e9 amplamente utilizado em excelentes sistemas de \u00e1gua de circula\u00e7\u00e3o industrial e oleodutos de campos petrol\u00edferos de usinas termel\u00e9tricas e refinarias de petr\u00f3leo. Suas propriedades permitem evitar a forma\u00e7\u00e3o de incrusta\u00e7\u00f5es em equipamentos met\u00e1licos e reduzir a corros\u00e3o, tornando-o altamente ben\u00e9fico para essas ind\u00fastrias.<\/p>\n<p>A forma s\u00f3lida do ATMP \u00e9 um p\u00f3 cristalino, sol\u00favel em \u00e1gua, altamente deliquescente e adequado para uso em temperaturas frias e regi\u00f5es congelantes. Sua alta taxa de pureza o torna perfeito para uso como agente quelante em ind\u00fastrias de tecidos e tingimento e como agente de tratamento de superf\u00edcies met\u00e1licas.<\/p>\n<h3>Especifica\u00e7\u00e3o:<\/h3>\n<div id=\"footable_parent_701\"\n         class=\"footable_parent ninja_table_wrapper loading_ninja_table wp_table_data_press_parent semantic_ui\">\n                <table data-ninja_table_instance=\"ninja_table_instance_0\" data-footable_id=\"701\" data-filter-delay=\"1000\" aria-label=\"vcycletech.csv\"            id=\"footable_701\"\n           data-unique_identifier=\"ninja_table_unique_id_3105008815_701\"\n           class=\"foo-table ninja_footable foo_table_701 ninja_table_unique_id_3105008815_701 ui table  nt_type_legacy_table selectable striped vertical_centered  footable-paging-right ninja_table_pro\">\n                <colgroup>\n                            <col class=\"ninja_column_0\">\n                            <col class=\"ninja_column_1\">\n                            <col class=\"ninja_column_2\">\n                    <\/colgroup>\n        <thead>\n<tr class=\"footable-header\">\n                                                        <th scope=\"col\"  class=\"ninja_column_0 ninja_clmn_nm_items\">Itens<\/th><th scope=\"col\"  class=\"ninja_column_1 ninja_clmn_nm_index\">\u00cdndice<\/th><th scope=\"col\"  class=\"ninja_column_2 ninja_clmn_nm_ninja_column_3\"><\/th><\/tr>\n<\/thead>\n<tbody>\n\n        <tr data-row_id=\"1\" class=\"ninja_table_row_0 nt_row_id_1\">\n            <td><\/td><td>Padr\u00e3o<\/td><td>S\u00f3lido<\/td>        <\/tr>\n            <tr data-row_id=\"2\" class=\"ninja_table_row_1 nt_row_id_2\">\n            <td>Apar\u00eancia<\/td><td>Solu\u00e7\u00e3o aquosa l\u00edmpida, incolor a amarelo claro<\/td><td>P\u00f3 de cristal branco<\/td>        <\/tr>\n            <tr data-row_id=\"3\" class=\"ninja_table_row_2 nt_row_id_3\">\n            <td>\u00c1cido ativo %<\/td><td>50,0 min<\/td><td>95,0 minutos<\/td>        <\/tr>\n            <tr data-row_id=\"4\" class=\"ninja_table_row_3 nt_row_id_4\">\n            <td>Cloreto (como Cl-)%<\/td><td>1,0 m\u00e1x.<\/td><td>1,0 m\u00e1x.<\/td>        <\/tr>\n            <tr data-row_id=\"5\" class=\"ninja_table_row_4 nt_row_id_5\">\n            <td>pH (solu\u00e7\u00e3o de \u00e1gua 1%)<\/td><td>2,0 m\u00e1x.<\/td><td>2,0 m\u00e1x.<\/td>        <\/tr>\n            <tr data-row_id=\"6\" class=\"ninja_table_row_5 nt_row_id_6\">\n            <td>Fe, mg\/L<\/td><td>20,0 m\u00e1x.<\/td><td>20,0 m\u00e1x.<\/td>        <\/tr>\n            <tr data-row_id=\"7\" class=\"ninja_table_row_6 nt_row_id_7\">\n            <td>Densidade (20\u2103)g\/cm3<\/td><td>1,30 min<\/td><td>-<\/td>        <\/tr>\n    <\/tbody><!--ninja_tobody_rendering_done-->\n    <\/table>\n    \n    \n    \n<\/div>\n\n<h3>Usos do \u00c1cido Amino Trimetileno Fosf\u00f4nico:<\/h3>\n<p>O \u00c1cido Amino Trimetileno Fosf\u00f4nico (ATMP) \u00e9 um agente quelante ecol\u00f3gico em v\u00e1rios setores industriais. Ele pode ligar e transportar \u00edons met\u00e1licos de forma mais eficaz do que outros agentes qu\u00edmicos. O ATMP \u00e9 altamente eficaz no controle de incrusta\u00e7\u00f5es e corros\u00e3o em sistemas de \u00e1gua, pois evita o entupimento de tubula\u00e7\u00f5es e trocadores de calor. Al\u00e9m disso, \u00e9 amplamente utilizado como intensificador de detergente por seu efeito de limpeza, ajudando a limpar superf\u00edcies duras sem esfregar ou polir demais. Al\u00e9m disso, o ATMP tamb\u00e9m \u00e9 utilizado nas ind\u00fastrias t\u00eaxteis e de tinturaria para processos de desengomagem e acabamento, proporcionando resultados eficientes com m\u00ednimo impacto ambiental.<\/p>\n<p>O ATMP \u00e9 geralmente usado com \u00e1cido organofosforado, \u00e1cido policarbox\u00edlico e sal para construir todos os agentes org\u00e2nicos alcalinos de tratamento de \u00e1gua. O ATMP pode ser usado em v\u00e1rios sistemas de circula\u00e7\u00e3o de \u00e1gua excelente. Recomenda-se uma dosagem de 1-20mg\/L. Como inibidor de corros\u00e3o, a dosagem de 20-60mg\/L \u00e9 preferida.<\/p>\n<h3>Pacote de \u00c1cido Atmp e Armazenamento:<\/h3>\n<p>L\u00edquido ATMP: tambor de pl\u00e1stico 200L, IBC (1000L), exig\u00eancia dos clientes.<br \/>\nATMP s\u00f3lido: 25kg\/saco, exig\u00eancia dos clientes.<br \/>\nArmazenagem por dez meses em ambiente escuro e seco.<\/p>\n<h3>Prote\u00e7\u00e3o de Seguran\u00e7a do \u00c1cido Amino Trimetileno Fosf\u00f4nico:<\/h3>\n<p>Acidez, Evite o contato com os olhos e a pele. Uma vez em contato, lave com \u00e1gua.<\/p>\n<h3>Sin\u00f4nimos:<\/h3>\n<p>ATMP;ATMPA;AMP<br \/>\n\u00c1cido Amino Trimetileno Fosf\u00f4nico;<br \/>\nAmino Tri(Metileno Fosf\u00f4nico \u00c1cido);<br \/>\nTris(\u00c1cido Metileno Fosf\u00f4nico) Amina;<br \/>\n\u00c1cido Nitrilotrimetilfosf\u00f4nico (NTP);<br \/>\nNitrilotrimetilenotris(\u00e1cido fosf\u00f4nico);<br \/>\n\u041d\u0438\u0442\u0440\u0438\u043b\u043e\u0442\u0440\u0438\u043c\u0435\u0442\u0438\u043b\u0444\u043e\u0441\u0444\u043e\u043d\u043e\u0432\u0430\u044f \u043a\u0438\u0441\u043b\u043e\u0442\u0430(\u041d\u0422\u0424 -\u043a\u0438\u0441\u043b\u043e\u0442\u0430)<\/p>\n<h3>Perguntas frequentes:<\/h3>\n<p><strong>Q1: O que \u00e9 \u00c1cido Amino Trimetileno Fosf\u00f4nico e para que \u00e9 usado?<\/strong><br \/>\nO \u00c1cido Amino Trimetileno Fosf\u00f4nico (ATMP) \u00e9 um composto org\u00e2nico utilizado no tratamento de \u00e1gua e limpeza industrial. Atua como um inibidor de incrusta\u00e7\u00e3o, o que significa que ajuda a reduzir a forma\u00e7\u00e3o de dep\u00f3sitos de carbonato de c\u00e1lcio nas superf\u00edcies que podem causar bloqueios ou corros\u00e3o. O ATMP tamb\u00e9m ajuda a evitar incrusta\u00e7\u00f5es e emulsifica\u00e7\u00e3o, tornando-o uma escolha ideal para uso em sistemas de tratamento de \u00e1gua projetados para fornecer \u00e1gua pot\u00e1vel limpa e saud\u00e1vel.<\/p>\n<p><strong>Q2: Quais s\u00e3o os benef\u00edcios do uso do \u00c1cido Amino Trimetileno Fosf\u00f4nico?<\/strong><br \/>\nO ATMP tem v\u00e1rias vantagens sobre outros compostos similares em termos de compatibilidade ambiental e efic\u00e1cia. Por ser um composto n\u00e3o t\u00f3xico, o ATMP n\u00e3o oferece risco \u00e0 vida aqu\u00e1tica ou ao crescimento das plantas, tornando-o seguro para uso mesmo em \u00e1reas com ecossistemas sens\u00edveis. Al\u00e9m disso, verificou-se que o ATMP \u00e9 mais eficaz do que outros inibidores de incrusta\u00e7\u00e3o para ajudar a prevenir a incrusta\u00e7\u00e3o em superf\u00edcies e tubula\u00e7\u00f5es devido ao seu baixo peso molecular, permitindo que penetre facilmente nas superf\u00edcies e forme pel\u00edculas finas que ajudam a proteg\u00ea-las da corros\u00e3o.<\/p>\n<p><strong>Q3: O \u00e1cido amino trimetileno fosf\u00f4nico \u00e9 seguro para consumo humano?<\/strong><br \/>\nSim, o ATMP \u00e9 seguro para consumo humano quando utilizado nas concentra\u00e7\u00f5es recomendadas dentro dos par\u00e2metros estabelecidos pela Organiza\u00e7\u00e3o Mundial da Sa\u00fade (OMS). De um modo geral, o ATMP \u00e9 considerado seguro para a sa\u00fade humana quando presente em n\u00edveis inferiores a 0,5 mg\/L na \u00e1gua pot\u00e1vel.<\/p>\n<p><strong>Q4: Como funciona o \u00c1cido Amino Trimetileno Fosf\u00f4nico?<\/strong><br \/>\nO ATMP funciona formando uma fina pel\u00edcula protetora nas paredes e tubula\u00e7\u00f5es expostas que ret\u00e9m quaisquer \u00edons de c\u00e1lcio presentes na solu\u00e7\u00e3o antes que eles possam se ligar \u00e0 superf\u00edcie. Isso evita escama\u00e7\u00e3o e incrusta\u00e7\u00e3o de tubos, bem como reduz o risco de corros\u00e3o devido a minerais presos, como \u00f3xidos de ferro ou sulfatos, que ficam embutidos nessas superf\u00edcies ao longo do tempo devido ao seu tamanho maior em rela\u00e7\u00e3o ao das pr\u00f3prias mol\u00e9culas de ATMP.<\/p>\n<p><a href=\"https:\/\/vcycletech.com\/pt\/categoria-de-produto\/fosfonatos-anti-incrustante-inibidor-de-corrosao\/\">Obtenha a solu\u00e7\u00e3o completa anti-incrustante e inibidor de corros\u00e3o de fosfonatos<\/a>.<\/p>","protected":false},"excerpt":{"rendered":"<p><strong>\u00c1cido Amino Trimetileno Fosf\u00f4nico<\/strong> <strong>(ATMP)<\/strong> \u00e9 um l\u00edquido incolor a amarelo claro com odor semelhante ao da am\u00f4nia. \u00c9 sol\u00favel em \u00e1gua e misc\u00edvel com a maioria dos solventes org\u00e2nicos. <strong>ATMP<\/strong> \u00e9 um agente quelante de alto desempenho que sequestra \u00edons met\u00e1licos formando complexos. Os complexos de \u00edons met\u00e1licos s\u00e3o inst\u00e1veis e podem ser prontamente hidrolisados para liberar os metais ligados. Os agentes quelantes usam muitas aplica\u00e7\u00f5es industriais, incluindo tratamento de \u00e1gua, processamento de celulose e papel, processamento t\u00eaxtil, produ\u00e7\u00e3o de alimentos, formula\u00e7\u00e3o de detergentes e inibidores de corros\u00e3o. vcycletech oferece o melhor <strong>\u00c1cido Amino Trimetileno Fosf\u00f4nico (ATMP)<\/strong> da china a um pre\u00e7o muito competitivo. Fornecemos produtos de qualidade que atendem aos requisitos da International Standards Organization (ISO). Nosso <strong>\u00c1cido Amino Trimetileno Fosf\u00f4nico (ATMP)<\/strong> est\u00e1 dispon\u00edvel em v\u00e1rias quantidades para sua conveni\u00eancia. Entre em contato conosco hoje para mais informa\u00e7\u00f5es ou para fazer um pedido!<\/p>","protected":false},"featured_media":2264,"template":"","meta":{"site-sidebar-layout":"default","site-content-layout":"default","ast-site-content-layout":"default","site-content-style":"default","site-sidebar-style":"default","ast-global-header-display":"","ast-banner-title-visibility":"","ast-main-header-display":"","ast-hfb-above-header-display":"","ast-hfb-below-header-display":"","ast-hfb-mobile-header-display":"","site-post-title":"","ast-breadcrumbs-content":"","ast-featured-img":"","footer-sml-layout":"","ast-disable-related-posts":"","theme-transparent-header-meta":"default","adv-header-id-meta":"","stick-header-meta":"default","header-above-stick-meta":"","header-main-stick-meta":"","header-below-stick-meta":"","astra-migrate-meta-layouts":"default","ast-page-background-enabled":"default","ast-page-background-meta":{"desktop":{"background-color":"","background-image":"","background-repeat":"repeat","background-position":"center center","background-size":"auto","background-attachment":"scroll","background-type":"","background-media":"","overlay-type":"","overlay-color":"","overlay-opacity":"","overlay-gradient":""},"tablet":{"background-color":"","background-image":"","background-repeat":"repeat","background-position":"center center","background-size":"auto","background-attachment":"scroll","background-type":"","background-media":"","overlay-type":"","overlay-color":"","overlay-opacity":"","overlay-gradient":""},"mobile":{"background-color":"","background-image":"","background-repeat":"repeat","background-position":"center center","background-size":"auto","background-attachment":"scroll","background-type":"","background-media":"","overlay-type":"","overlay-color":"","overlay-opacity":"","overlay-gradient":""}},"ast-content-background-meta":{"desktop":{"background-color":"var(--ast-global-color-5)","background-image":"","background-repeat":"repeat","background-position":"center center","background-size":"auto","background-attachment":"scroll","background-type":"","background-media":"","overlay-type":"","overlay-color":"","overlay-opacity":"","overlay-gradient":""},"tablet":{"background-color":"var(--ast-global-color-5)","background-image":"","background-repeat":"repeat","background-position":"center center","background-size":"auto","background-attachment":"scroll","background-type":"","background-media":"","overlay-type":"","overlay-color":"","overlay-opacity":"","overlay-gradient":""},"mobile":{"background-color":"var(--ast-global-color-5)","background-image":"","background-repeat":"repeat","background-position":"center center","background-size":"auto","background-attachment":"scroll","background-type":"","background-media":"","overlay-type":"","overlay-color":"","overlay-opacity":"","overlay-gradient":""}}},"product_brand":[],"product_cat":[15],"product_tag":[25,26],"class_list":{"0":"post-695","1":"product","2":"type-product","3":"status-publish","4":"has-post-thumbnail","6":"product_cat-phosphonates-antiscalant-corrosion-inhibitor","7":"product_tag-corrosion-inhibitor","8":"product_tag-phosphonates-antiscalant","9":"desktop-align-left","10":"tablet-align-left","11":"mobile-align-left","12":"ast-product-gallery-layout-horizontal-slider","13":"ast-product-tabs-layout-horizontal","15":"first","16":"instock","17":"shipping-taxable","18":"product-type-simple"},"yoast_head":"<!-- This site is optimized with the Yoast SEO Premium plugin v26.3 (Yoast SEO v27.3) - https:\/\/yoast.com\/product\/yoast-seo-premium-wordpress\/ -->\n<title>Amino Trimethylene Phosphonic Acid (ATMP) - vcycletech<\/title>\n<meta name=\"description\" content=\"Amino Trimethylene Phosphonic Acid is a water-soluble, colorless crystal or white powder. It can be used as a chelating agent, detergent builder, and corrosion inhibitor.\" \/>\n<meta name=\"robots\" content=\"index, follow, max-snippet:-1, max-image-preview:large, max-video-preview:-1\" \/>\n<link rel=\"canonical\" href=\"https:\/\/vcycletech.com\/pt\/produtos\/amino-trimetileno-acido-fosfonico-atmp\/\" \/>\n<meta property=\"og:locale\" content=\"pt_PT\" \/>\n<meta property=\"og:type\" content=\"article\" \/>\n<meta property=\"og:title\" content=\"Amino Trimethylene Phosphonic Acid (ATMP)\" \/>\n<meta property=\"og:description\" content=\"Amino Trimethylene Phosphonic Acid is a water-soluble, colorless crystal or white powder. It can be used as a chelating agent, detergent builder, and corrosion inhibitor.\" \/>\n<meta property=\"og:url\" content=\"https:\/\/vcycletech.com\/pt\/produtos\/amino-trimetileno-acido-fosfonico-atmp\/\" \/>\n<meta property=\"og:site_name\" content=\"vcycletech\" \/>\n<meta property=\"article:modified_time\" content=\"2023-03-27T07:03:19+00:00\" \/>\n<meta property=\"og:image\" content=\"https:\/\/vcycletech.com\/wp-content\/uploads\/2023\/03\/1-97.png\" \/>\n\t<meta property=\"og:image:width\" content=\"600\" \/>\n\t<meta property=\"og:image:height\" content=\"600\" \/>\n\t<meta property=\"og:image:type\" content=\"image\/png\" \/>\n<meta name=\"twitter:card\" content=\"summary_large_image\" \/>\n<meta name=\"twitter:label1\" content=\"Tempo estimado de leitura\" \/>\n\t<meta name=\"twitter:data1\" content=\"4 minutos\" \/>\n<script type=\"application\/ld+json\" class=\"yoast-schema-graph\">{\"@context\":\"https:\\\/\\\/schema.org\",\"@graph\":[{\"@type\":\"WebPage\",\"@id\":\"https:\\\/\\\/vcycletech.com\\\/product\\\/amino-trimethylene-phosphonic-acid-atmp\\\/\",\"url\":\"https:\\\/\\\/vcycletech.com\\\/product\\\/amino-trimethylene-phosphonic-acid-atmp\\\/\",\"name\":\"Amino Trimethylene Phosphonic Acid (ATMP) - vcycletech\",\"isPartOf\":{\"@id\":\"https:\\\/\\\/vcycletech.com\\\/#website\"},\"primaryImageOfPage\":{\"@id\":\"https:\\\/\\\/vcycletech.com\\\/product\\\/amino-trimethylene-phosphonic-acid-atmp\\\/#primaryimage\"},\"image\":{\"@id\":\"https:\\\/\\\/vcycletech.com\\\/product\\\/amino-trimethylene-phosphonic-acid-atmp\\\/#primaryimage\"},\"thumbnailUrl\":\"https:\\\/\\\/vcycletech.com\\\/wp-content\\\/uploads\\\/2023\\\/03\\\/1-97.png\",\"datePublished\":\"2023-03-15T20:43:39+00:00\",\"dateModified\":\"2023-03-27T07:03:19+00:00\",\"description\":\"Amino Trimethylene Phosphonic Acid is a water-soluble, colorless crystal or white powder. It can be used as a chelating agent, detergent builder, and corrosion inhibitor.\",\"breadcrumb\":{\"@id\":\"https:\\\/\\\/vcycletech.com\\\/product\\\/amino-trimethylene-phosphonic-acid-atmp\\\/#breadcrumb\"},\"inLanguage\":\"pt-PT\",\"potentialAction\":[{\"@type\":\"ReadAction\",\"target\":[\"https:\\\/\\\/vcycletech.com\\\/product\\\/amino-trimethylene-phosphonic-acid-atmp\\\/\"]}]},{\"@type\":\"ImageObject\",\"inLanguage\":\"pt-PT\",\"@id\":\"https:\\\/\\\/vcycletech.com\\\/product\\\/amino-trimethylene-phosphonic-acid-atmp\\\/#primaryimage\",\"url\":\"https:\\\/\\\/vcycletech.com\\\/wp-content\\\/uploads\\\/2023\\\/03\\\/1-97.png\",\"contentUrl\":\"https:\\\/\\\/vcycletech.com\\\/wp-content\\\/uploads\\\/2023\\\/03\\\/1-97.png\",\"width\":600,\"height\":600,\"caption\":\"Amino Trimethylene Phosphonic Acid (ATMP)\"},{\"@type\":\"BreadcrumbList\",\"@id\":\"https:\\\/\\\/vcycletech.com\\\/product\\\/amino-trimethylene-phosphonic-acid-atmp\\\/#breadcrumb\",\"itemListElement\":[{\"@type\":\"ListItem\",\"position\":1,\"name\":\"Home\",\"item\":\"https:\\\/\\\/vcycletech.com\\\/\"},{\"@type\":\"ListItem\",\"position\":2,\"name\":\"Water Treatment Chemicals Manufacturer\",\"item\":\"https:\\\/\\\/vcycletech.com\\\/water-treatment-chemicals-manufacturer\\\/\"},{\"@type\":\"ListItem\",\"position\":3,\"name\":\"Amino Trimethylene Phosphonic Acid (ATMP)\"}]},{\"@type\":\"WebSite\",\"@id\":\"https:\\\/\\\/vcycletech.com\\\/#website\",\"url\":\"https:\\\/\\\/vcycletech.com\\\/\",\"name\":\"vcycletech\",\"description\":\"China&#039;s top water treatment chemicals supplier\",\"publisher\":{\"@id\":\"https:\\\/\\\/vcycletech.com\\\/#organization\"},\"potentialAction\":[{\"@type\":\"SearchAction\",\"target\":{\"@type\":\"EntryPoint\",\"urlTemplate\":\"https:\\\/\\\/vcycletech.com\\\/?s={search_term_string}\"},\"query-input\":{\"@type\":\"PropertyValueSpecification\",\"valueRequired\":true,\"valueName\":\"search_term_string\"}}],\"inLanguage\":\"pt-PT\"},{\"@type\":\"Organization\",\"@id\":\"https:\\\/\\\/vcycletech.com\\\/#organization\",\"name\":\"vcycletech\",\"url\":\"https:\\\/\\\/vcycletech.com\\\/\",\"logo\":{\"@type\":\"ImageObject\",\"inLanguage\":\"pt-PT\",\"@id\":\"https:\\\/\\\/vcycletech.com\\\/#\\\/schema\\\/logo\\\/image\\\/\",\"url\":\"https:\\\/\\\/vcycletech.com\\\/wp-content\\\/uploads\\\/2023\\\/03\\\/logo-vcycletech-1.png\",\"contentUrl\":\"https:\\\/\\\/vcycletech.com\\\/wp-content\\\/uploads\\\/2023\\\/03\\\/logo-vcycletech-1.png\",\"width\":600,\"height\":400,\"caption\":\"vcycletech\"},\"image\":{\"@id\":\"https:\\\/\\\/vcycletech.com\\\/#\\\/schema\\\/logo\\\/image\\\/\"}}]}<\/script>\n<!-- \/ Yoast SEO Premium plugin. -->","yoast_head_json":{"title":"\u00c1cido Amino Trimetileno Fosf\u00f4nico (ATMP) - vcycletech","description":"O \u00c1cido Amino Trimetileno Fosf\u00f4nico \u00e9 um cristal incolor sol\u00favel em \u00e1gua ou um p\u00f3 branco. Pode ser usado como agente quelante, formador de detergente e inibidor de corros\u00e3o.","robots":{"index":"index","follow":"follow","max-snippet":"max-snippet:-1","max-image-preview":"max-image-preview:large","max-video-preview":"max-video-preview:-1"},"canonical":"https:\/\/vcycletech.com\/pt\/produtos\/amino-trimetileno-acido-fosfonico-atmp\/","og_locale":"pt_PT","og_type":"article","og_title":"Amino Trimethylene Phosphonic Acid (ATMP)","og_description":"Amino Trimethylene Phosphonic Acid is a water-soluble, colorless crystal or white powder. It can be used as a chelating agent, detergent builder, and corrosion inhibitor.","og_url":"https:\/\/vcycletech.com\/pt\/produtos\/amino-trimetileno-acido-fosfonico-atmp\/","og_site_name":"vcycletech","article_modified_time":"2023-03-27T07:03:19+00:00","og_image":[{"width":600,"height":600,"url":"https:\/\/vcycletech.com\/wp-content\/uploads\/2023\/03\/1-97.png","type":"image\/png"}],"twitter_card":"summary_large_image","twitter_misc":{"Tempo estimado de leitura":"4 minutos"},"schema":{"@context":"https:\/\/schema.org","@graph":[{"@type":"WebPage","@id":"https:\/\/vcycletech.com\/product\/amino-trimethylene-phosphonic-acid-atmp\/","url":"https:\/\/vcycletech.com\/product\/amino-trimethylene-phosphonic-acid-atmp\/","name":"\u00c1cido Amino Trimetileno Fosf\u00f4nico (ATMP) - vcycletech","isPartOf":{"@id":"https:\/\/vcycletech.com\/#website"},"primaryImageOfPage":{"@id":"https:\/\/vcycletech.com\/product\/amino-trimethylene-phosphonic-acid-atmp\/#primaryimage"},"image":{"@id":"https:\/\/vcycletech.com\/product\/amino-trimethylene-phosphonic-acid-atmp\/#primaryimage"},"thumbnailUrl":"https:\/\/vcycletech.com\/wp-content\/uploads\/2023\/03\/1-97.png","datePublished":"2023-03-15T20:43:39+00:00","dateModified":"2023-03-27T07:03:19+00:00","description":"O \u00c1cido Amino Trimetileno Fosf\u00f4nico \u00e9 um cristal incolor sol\u00favel em \u00e1gua ou um p\u00f3 branco. Pode ser usado como agente quelante, formador de detergente e inibidor de corros\u00e3o.","breadcrumb":{"@id":"https:\/\/vcycletech.com\/product\/amino-trimethylene-phosphonic-acid-atmp\/#breadcrumb"},"inLanguage":"pt-PT","potentialAction":[{"@type":"ReadAction","target":["https:\/\/vcycletech.com\/product\/amino-trimethylene-phosphonic-acid-atmp\/"]}]},{"@type":"ImageObject","inLanguage":"pt-PT","@id":"https:\/\/vcycletech.com\/product\/amino-trimethylene-phosphonic-acid-atmp\/#primaryimage","url":"https:\/\/vcycletech.com\/wp-content\/uploads\/2023\/03\/1-97.png","contentUrl":"https:\/\/vcycletech.com\/wp-content\/uploads\/2023\/03\/1-97.png","width":600,"height":600,"caption":"Amino Trimethylene Phosphonic Acid (ATMP)"},{"@type":"BreadcrumbList","@id":"https:\/\/vcycletech.com\/product\/amino-trimethylene-phosphonic-acid-atmp\/#breadcrumb","itemListElement":[{"@type":"ListItem","position":1,"name":"Home","item":"https:\/\/vcycletech.com\/"},{"@type":"ListItem","position":2,"name":"Water Treatment Chemicals Manufacturer","item":"https:\/\/vcycletech.com\/water-treatment-chemicals-manufacturer\/"},{"@type":"ListItem","position":3,"name":"Amino Trimethylene Phosphonic Acid (ATMP)"}]},{"@type":"WebSite","@id":"https:\/\/vcycletech.com\/#website","url":"https:\/\/vcycletech.com\/","name":"vcycletech","description":"China&#039;principal fornecedor de produtos qu\u00edmicos para tratamento de \u00e1gua","publisher":{"@id":"https:\/\/vcycletech.com\/#organization"},"potentialAction":[{"@type":"SearchAction","target":{"@type":"EntryPoint","urlTemplate":"https:\/\/vcycletech.com\/?s={search_term_string}"},"query-input":{"@type":"PropertyValueSpecification","valueRequired":true,"valueName":"search_term_string"}}],"inLanguage":"pt-PT"},{"@type":"Organization","@id":"https:\/\/vcycletech.com\/#organization","name":"vcycletech","url":"https:\/\/vcycletech.com\/","logo":{"@type":"ImageObject","inLanguage":"pt-PT","@id":"https:\/\/vcycletech.com\/#\/schema\/logo\/image\/","url":"https:\/\/vcycletech.com\/wp-content\/uploads\/2023\/03\/logo-vcycletech-1.png","contentUrl":"https:\/\/vcycletech.com\/wp-content\/uploads\/2023\/03\/logo-vcycletech-1.png","width":600,"height":400,"caption":"vcycletech"},"image":{"@id":"https:\/\/vcycletech.com\/#\/schema\/logo\/image\/"}}]}},"_links":{"self":[{"href":"https:\/\/vcycletech.com\/pt\/wp-json\/wp\/v2\/product\/695","targetHints":{"allow":["GET"]}}],"collection":[{"href":"https:\/\/vcycletech.com\/pt\/wp-json\/wp\/v2\/product"}],"about":[{"href":"https:\/\/vcycletech.com\/pt\/wp-json\/wp\/v2\/types\/product"}],"wp:featuredmedia":[{"embeddable":true,"href":"https:\/\/vcycletech.com\/pt\/wp-json\/wp\/v2\/media\/2264"}],"wp:attachment":[{"href":"https:\/\/vcycletech.com\/pt\/wp-json\/wp\/v2\/media?parent=695"}],"wp:term":[{"taxonomy":"product_brand","embeddable":true,"href":"https:\/\/vcycletech.com\/pt\/wp-json\/wp\/v2\/product_brand?post=695"},{"taxonomy":"product_cat","embeddable":true,"href":"https:\/\/vcycletech.com\/pt\/wp-json\/wp\/v2\/product_cat?post=695"},{"taxonomy":"product_tag","embeddable":true,"href":"https:\/\/vcycletech.com\/pt\/wp-json\/wp\/v2\/product_tag?post=695"}],"curies":[{"name":"wp","href":"https:\/\/api.w.org\/{rel}","templated":true}]}}