{"id":2617,"date":"2023-03-24T01:59:34","date_gmt":"2023-03-24T01:59:34","guid":{"rendered":"https:\/\/vcycletech.com\/?post_type=product&#038;p=2617"},"modified":"2023-03-24T01:59:35","modified_gmt":"2023-03-24T01:59:35","slug":"hipoclorito-de-calcio","status":"publish","type":"product","link":"https:\/\/vcycletech.com\/pt\/produtos\/hipoclorito-de-calcio\/","title":{"rendered":"Hipoclorito de C\u00e1lcio (CHC)"},"content":{"rendered":"<h3><strong>Produtos :<\/strong>\u00a0Hipoclorito de C\u00e1lcio<\/h3>\n<h3><strong>Sin\u00f4nimos:<\/strong>\u00a0P\u00f3 descolorante<\/h3>\n<h3><strong>Apar\u00eancia:<\/strong>\u00a0Granular\/comprimido<\/h3>\n<h3><strong>Cloro eficaz %:<\/strong>\u00a0\u226570,0<\/h3>\n<h3><strong>N\u00ba CAS:<\/strong>\u00a07778-54-3<\/h3>\n<h3><strong>C\u00f3digo HS:<\/strong>\u00a028281000<\/h3>\n<h3><strong>F\u00f3rmula Molecular:<\/strong>\u00a0Ca(ClO)2<\/h3>\n<h3>Especifica\u00e7\u00e3o:<\/h3>\n<div id=\"footable_parent_2619\"\n         class=\"footable_parent ninja_table_wrapper loading_ninja_table wp_table_data_press_parent semantic_ui\">\n                <table data-ninja_table_instance=\"ninja_table_instance_0\" data-footable_id=\"2619\" data-filter-delay=\"1000\" aria-label=\"Hipoclorito de C\u00e1lcio (CHC).csv\"            id=\"footable_2619\"\n           data-unique_identifier=\"ninja_table_unique_id_3651316357_2619\"\n           class=\"foo-table ninja_footable foo_table_2619 ninja_table_unique_id_3651316357_2619 ui table  nt_type_legacy_table selectable striped vertical_centered  footable-paging-right ninja_table_pro\">\n                <colgroup>\n                            <col class=\"ninja_column_0\">\n                            <col class=\"ninja_column_1\">\n                    <\/colgroup>\n        <thead>\n<tr class=\"footable-header\">\n                                        <th scope=\"col\"  class=\"ninja_column_0 ninja_clmn_nm_item\">Item<\/th><th scope=\"col\"  class=\"ninja_column_1 ninja_clmn_nm_bleachingpowder\">P\u00f3 Descolorante<\/th><\/tr>\n<\/thead>\n<tbody>\n\n        <tr data-row_id=\"408\" class=\"ninja_table_row_0 nt_row_id_408\">\n            <td>Cor<\/td><td>Branco ou cinza claro<\/td>        <\/tr>\n            <tr data-row_id=\"409\" class=\"ninja_table_row_1 nt_row_id_409\">\n            <td>Cloro eficaz %<\/td><td>\u226570,0<\/td>        <\/tr>\n            <tr data-row_id=\"410\" class=\"ninja_table_row_2 nt_row_id_410\">\n            <td>Umidade%<\/td><td>4\u670810\u65e5<\/td>        <\/tr>\n            <tr data-row_id=\"411\" class=\"ninja_table_row_3 nt_row_id_411\">\n            <td>Insolubilidade<\/td><td>\u22643,0<\/td>        <\/tr>\n            <tr data-row_id=\"412\" class=\"ninja_table_row_4 nt_row_id_412\">\n            <td>CaCL2<\/td><td>\u22649,0<\/td>        <\/tr>\n            <tr data-row_id=\"413\" class=\"ninja_table_row_5 nt_row_id_413\">\n            <td>Perda anual de cloro<\/td><td>\u22648,0<\/td>        <\/tr>\n            <tr data-row_id=\"414\" class=\"ninja_table_row_6 nt_row_id_414\">\n            <td>Granularidade(malha 14-50)%<\/td><td>\u226590,0<\/td>        <\/tr>\n    <\/tbody><!--ninja_tobody_rendering_done-->\n    <\/table>\n    \n    \n    \n<\/div>\n\n<h3>Propriedades:<\/h3>\n<p><strong>Hipoclorito de C\u00e1lcio (CHC)<\/strong>, tamb\u00e9m conhecido como p\u00f3 de branqueamento, p\u00f3 de cloro ou cal clorada, \u00e9 um composto inorg\u00e2nico usado para uma variedade de prop\u00f3sitos. Como agente de tratamento e purifica\u00e7\u00e3o de \u00e1gua, \u00e9 altamente eficaz na elimina\u00e7\u00e3o de bact\u00e9rias, v\u00edrus, algas e outros pat\u00f3genos; ele tamb\u00e9m possui recursos de branqueamento que o tornam \u00fatil na fabrica\u00e7\u00e3o de papel e em outras ind\u00fastrias. O CHC est\u00e1 dispon\u00edvel em gr\u00e2nulos e comprimidos para f\u00e1cil uso e distribui\u00e7\u00e3o, tornando-o uma escolha eficaz e confi\u00e1vel.<\/p>\n<h3>Uso:<\/h3>\n<p><strong>Hipoclorito de C\u00e1lcio (CHC)<\/strong> tem uma ampla gama de usos, desde a desinfec\u00e7\u00e3o at\u00e9 o branqueamento. \u00c9 um desinfetante eficaz e amplamente utilizado para piscinas, \u00e1gua pot\u00e1vel, torres de resfriamento e \u00e1gua de esgoto, alimentos, agricultura, hospitais, escolas, esta\u00e7\u00f5es, resid\u00eancias e muito mais. Como agente de branqueamento, pode ser usado nas ind\u00fastrias de celulose, seda, tecidos e fibras. CHC est\u00e1 dispon\u00edvel em forma de granulado ou comprimido para que possa ser facilmente distribu\u00eddo para aqueles que precisam. Sua efic\u00e1cia o torna uma das escolhas mais populares para as necessidades de desinfec\u00e7\u00e3o.<\/p>\n<h3>Embalagem e armazenamento:<\/h3>\n<p><strong>Hipoclorito de C\u00e1lcio (CHC)<\/strong> \u00e9 normalmente vendido em tambores de pl\u00e1stico com um saco de polietileno, peso l\u00edquido. 40kg\/tambor, 45kg\/tambor ou 50kg\/tambor e deve ser rotulado como \u201cOxidante\u201d. Para garantir sua efic\u00e1cia e seguran\u00e7a, deve ser armazenado em local seco, fresco e ventilado; a insola\u00e7\u00e3o deve ser evitada e deve ser mantida longe do fogo e do calor. Al\u00e9m disso, n\u00e3o deve ser misturado com subst\u00e2ncias org\u00e2nicas, \u00e1cidos ou redutores.<\/p>\n<h3>Perguntas frequentes sobre hipoclorito de c\u00e1lcio (CHC):<\/h3>\n<p><strong>O que \u00e9 Hipoclorito de C\u00e1lcio (CHC)?<\/strong><br \/>\nO hipoclorito de c\u00e1lcio \u00e9 um produto qu\u00edmico de tratamento de \u00e1gua composto de c\u00e1lcio, oxig\u00eanio e cloro. \u00c9 usado para purificar a \u00e1gua ou como agente desinfetante em piscinas, banheiras de hidromassagem e ambientes industriais. O princ\u00edpio ativo desse composto \u00e9 o \u00e1cido hipocloroso, que possui fortes propriedades oxidantes e elimina bact\u00e9rias, v\u00edrus, protozo\u00e1rios e algas da \u00e1gua.<\/p>\n<p><strong>Como funciona o CHC?<\/strong><br \/>\nO CHC funciona decompondo-se em \u00e1cido hipocloroso quando entra em contato com a \u00e1gua. Essa mol\u00e9cula reage com outras subst\u00e2ncias qu\u00edmicas presentes na \u00e1gua e forma um poderoso oxidante que mata microrganismos nocivos como bact\u00e9rias, v\u00edrus, protozo\u00e1rios e algas. \u00c0 medida que o CHC se decomp\u00f5e em seus componentes, ele tamb\u00e9m libera cloro na \u00e1gua, o que ajuda a purific\u00e1-la ainda mais.<\/p>\n<p><strong>Quais s\u00e3o os benef\u00edcios de usar CHC para tratamentos de \u00e1gua?<\/strong><br \/>\nO uso de CHC para tratamentos de \u00e1gua oferece v\u00e1rios benef\u00edcios, incluindo economia de custos; efic\u00e1cia na higieniza\u00e7\u00e3o de um grande volume de \u00e1gua rapidamente; a necessidade m\u00ednima de produtos qu\u00edmicos adicionais; e estabilidade a longo prazo em tanques de armazenamento ou cont\u00eaineres. Al\u00e9m disso, como o hipoclorito de c\u00e1lcio \u00e9 um poderoso oxidante que pode matar v\u00e1rios tipos de microorganismos, ele pode ser usado com seguran\u00e7a para tratar fontes de \u00e1gua pot\u00e1vel, bem como fontes n\u00e3o pot\u00e1veis, como \u00e1guas residuais ou sistemas de irriga\u00e7\u00e3o.<\/p>\n<p><strong>Que precau\u00e7\u00f5es devem ser tomadas ao manusear o CHC?<\/strong><br \/>\nAo trabalhar com CHC, ele sempre deve ser manuseado com cuidado, pois reage facilmente com outros produtos qu\u00edmicos e pode criar compostos altamente corrosivos ou irritar a pele ou os olhos se n\u00e3o for manuseado adequadamente. Recomenda-se usar roupas de prote\u00e7\u00e3o como luvas e \u00f3culos ao trabalhar com este composto qu\u00edmico para minimizar os riscos de irrita\u00e7\u00e3o ou les\u00e3o por exposi\u00e7\u00e3o acidental aos seus componentes. Al\u00e9m disso, qualquer derramamento deve ser limpo imediatamente com um agente neutralizante, como bicarbonato de s\u00f3dio, antes de enxugar com bastante \u00e1gua fresca ap\u00f3s a remo\u00e7\u00e3o de todo o material da \u00e1rea.<\/p>\n<p><a href=\"https:\/\/vcycletech.com\/pt\/produtos-quimicos-para-piscina\/\"><strong>Obtenha a solu\u00e7\u00e3o completa de produtos qu\u00edmicos para piscinas.<\/strong><\/a><\/p>","protected":false},"excerpt":{"rendered":"<p>No tratamento de \u00e1gua, o CHC pode ser usado para reduzir v\u00edrus, algas e outros pat\u00f3genos de fontes de \u00e1gua contaminadas. Al\u00e9m disso, pode ser usado como um agente de branqueamento na fabrica\u00e7\u00e3o de papel e outras ind\u00fastrias. Sua efic\u00e1cia o torna uma das escolhas mais populares para desinfec\u00e7\u00e3o.<\/p>\n<p>Se voc\u00ea est\u00e1 procurando uma fonte de alta qualidade de <strong>hipoclorito de c\u00e1lcio (CHC)<\/strong> para produtos qu\u00edmicos de tratamento de \u00e1gua, voc\u00ea n\u00e3o pode errar com nossos produtos da China. Oferecemos uma variedade de graus e quantidades para atender \u00e0s suas necessidades e garantimos a satisfa\u00e7\u00e3o com cada pedido. Entre em contato conosco hoje para saber mais sobre nossos <strong>hipoclorito de c\u00e1lcio (CHC)<\/strong> para produtos qu\u00edmicos de tratamento de \u00e1gua!<\/p>","protected":false},"featured_media":2622,"template":"","meta":{"site-sidebar-layout":"default","site-content-layout":"default","ast-site-content-layout":"default","site-content-style":"default","site-sidebar-style":"default","ast-global-header-display":"","ast-banner-title-visibility":"","ast-main-header-display":"","ast-hfb-above-header-display":"","ast-hfb-below-header-display":"","ast-hfb-mobile-header-display":"","site-post-title":"","ast-breadcrumbs-content":"","ast-featured-img":"","footer-sml-layout":"","ast-disable-related-posts":"","theme-transparent-header-meta":"default","adv-header-id-meta":"","stick-header-meta":"default","header-above-stick-meta":"","header-main-stick-meta":"","header-below-stick-meta":"","astra-migrate-meta-layouts":"default","ast-page-background-enabled":"default","ast-page-background-meta":{"desktop":{"background-color":"","background-image":"","background-repeat":"repeat","background-position":"center center","background-size":"auto","background-attachment":"scroll","background-type":"","background-media":"","overlay-type":"","overlay-color":"","overlay-opacity":"","overlay-gradient":""},"tablet":{"background-color":"","background-image":"","background-repeat":"repeat","background-position":"center center","background-size":"auto","background-attachment":"scroll","background-type":"","background-media":"","overlay-type":"","overlay-color":"","overlay-opacity":"","overlay-gradient":""},"mobile":{"background-color":"","background-image":"","background-repeat":"repeat","background-position":"center center","background-size":"auto","background-attachment":"scroll","background-type":"","background-media":"","overlay-type":"","overlay-color":"","overlay-opacity":"","overlay-gradient":""}},"ast-content-background-meta":{"desktop":{"background-color":"var(--ast-global-color-5)","background-image":"","background-repeat":"repeat","background-position":"center center","background-size":"auto","background-attachment":"scroll","background-type":"","background-media":"","overlay-type":"","overlay-color":"","overlay-opacity":"","overlay-gradient":""},"tablet":{"background-color":"var(--ast-global-color-5)","background-image":"","background-repeat":"repeat","background-position":"center center","background-size":"auto","background-attachment":"scroll","background-type":"","background-media":"","overlay-type":"","overlay-color":"","overlay-opacity":"","overlay-gradient":""},"mobile":{"background-color":"var(--ast-global-color-5)","background-image":"","background-repeat":"repeat","background-position":"center center","background-size":"auto","background-attachment":"scroll","background-type":"","background-media":"","overlay-type":"","overlay-color":"","overlay-opacity":"","overlay-gradient":""}}},"product_brand":[],"product_cat":[36],"product_tag":[],"class_list":{"0":"post-2617","1":"product","2":"type-product","3":"status-publish","4":"has-post-thumbnail","6":"product_cat-swimming-pool-chemicals","7":"desktop-align-left","8":"tablet-align-left","9":"mobile-align-left","10":"ast-product-gallery-layout-horizontal-slider","11":"ast-product-tabs-layout-horizontal","13":"first","14":"instock","15":"shipping-taxable","16":"product-type-simple"},"yoast_head":"<!-- This site is optimized with the Yoast SEO Premium plugin v26.3 (Yoast SEO v27.3) - https:\/\/yoast.com\/product\/yoast-seo-premium-wordpress\/ -->\n<title>Calcium Hypochlorite(CHC) - vcycletech<\/title>\n<meta name=\"description\" content=\"Calcium Hypochlorite (CHC) is one of the most effective and widely used disinfectants in the world. It has a wide range of uses, from water treatment and purification to bleaching. CHC comes in granular or tablet form for easy distribution and is safe for use by both professional and residential users.\" \/>\n<meta name=\"robots\" content=\"index, follow, max-snippet:-1, max-image-preview:large, max-video-preview:-1\" \/>\n<link rel=\"canonical\" href=\"https:\/\/vcycletech.com\/pt\/produtos\/hipoclorito-de-calcio\/\" \/>\n<meta property=\"og:locale\" content=\"pt_PT\" \/>\n<meta property=\"og:type\" content=\"article\" \/>\n<meta property=\"og:title\" content=\"Calcium Hypochlorite(CHC)\" \/>\n<meta property=\"og:description\" content=\"Calcium Hypochlorite (CHC) is one of the most effective and widely used disinfectants in the world. It has a wide range of uses, from water treatment and purification to bleaching. CHC comes in granular or tablet form for easy distribution and is safe for use by both professional and residential users.\" \/>\n<meta property=\"og:url\" content=\"https:\/\/vcycletech.com\/pt\/produtos\/hipoclorito-de-calcio\/\" \/>\n<meta property=\"og:site_name\" content=\"vcycletech\" \/>\n<meta property=\"article:modified_time\" content=\"2023-03-24T01:59:35+00:00\" \/>\n<meta property=\"og:image\" content=\"https:\/\/vcycletech.com\/wp-content\/uploads\/2023\/03\/1-102.png\" \/>\n\t<meta property=\"og:image:width\" content=\"600\" \/>\n\t<meta property=\"og:image:height\" content=\"600\" \/>\n\t<meta property=\"og:image:type\" content=\"image\/png\" \/>\n<meta name=\"twitter:card\" content=\"summary_large_image\" \/>\n<meta name=\"twitter:label1\" content=\"Tempo estimado de leitura\" \/>\n\t<meta name=\"twitter:data1\" content=\"3 minutos\" \/>\n<script type=\"application\/ld+json\" class=\"yoast-schema-graph\">{\"@context\":\"https:\\\/\\\/schema.org\",\"@graph\":[{\"@type\":\"WebPage\",\"@id\":\"https:\\\/\\\/vcycletech.com\\\/product\\\/calcium-hypochloritechc\\\/\",\"url\":\"https:\\\/\\\/vcycletech.com\\\/product\\\/calcium-hypochloritechc\\\/\",\"name\":\"Calcium Hypochlorite(CHC) - vcycletech\",\"isPartOf\":{\"@id\":\"https:\\\/\\\/vcycletech.com\\\/#website\"},\"primaryImageOfPage\":{\"@id\":\"https:\\\/\\\/vcycletech.com\\\/product\\\/calcium-hypochloritechc\\\/#primaryimage\"},\"image\":{\"@id\":\"https:\\\/\\\/vcycletech.com\\\/product\\\/calcium-hypochloritechc\\\/#primaryimage\"},\"thumbnailUrl\":\"https:\\\/\\\/vcycletech.com\\\/wp-content\\\/uploads\\\/2023\\\/03\\\/1-102.png\",\"datePublished\":\"2023-03-24T01:59:34+00:00\",\"dateModified\":\"2023-03-24T01:59:35+00:00\",\"description\":\"Calcium Hypochlorite (CHC) is one of the most effective and widely used disinfectants in the world. It has a wide range of uses, from water treatment and purification to bleaching. CHC comes in granular or tablet form for easy distribution and is safe for use by both professional and residential users.\",\"breadcrumb\":{\"@id\":\"https:\\\/\\\/vcycletech.com\\\/product\\\/calcium-hypochloritechc\\\/#breadcrumb\"},\"inLanguage\":\"pt-PT\",\"potentialAction\":[{\"@type\":\"ReadAction\",\"target\":[\"https:\\\/\\\/vcycletech.com\\\/product\\\/calcium-hypochloritechc\\\/\"]}]},{\"@type\":\"ImageObject\",\"inLanguage\":\"pt-PT\",\"@id\":\"https:\\\/\\\/vcycletech.com\\\/product\\\/calcium-hypochloritechc\\\/#primaryimage\",\"url\":\"https:\\\/\\\/vcycletech.com\\\/wp-content\\\/uploads\\\/2023\\\/03\\\/1-102.png\",\"contentUrl\":\"https:\\\/\\\/vcycletech.com\\\/wp-content\\\/uploads\\\/2023\\\/03\\\/1-102.png\",\"width\":600,\"height\":600,\"caption\":\"Calcium Hypochlorite(CHC)\"},{\"@type\":\"BreadcrumbList\",\"@id\":\"https:\\\/\\\/vcycletech.com\\\/product\\\/calcium-hypochloritechc\\\/#breadcrumb\",\"itemListElement\":[{\"@type\":\"ListItem\",\"position\":1,\"name\":\"Home\",\"item\":\"https:\\\/\\\/vcycletech.com\\\/\"},{\"@type\":\"ListItem\",\"position\":2,\"name\":\"Water Treatment Chemicals Manufacturer\",\"item\":\"https:\\\/\\\/vcycletech.com\\\/water-treatment-chemicals-manufacturer\\\/\"},{\"@type\":\"ListItem\",\"position\":3,\"name\":\"Calcium Hypochlorite(CHC)\"}]},{\"@type\":\"WebSite\",\"@id\":\"https:\\\/\\\/vcycletech.com\\\/#website\",\"url\":\"https:\\\/\\\/vcycletech.com\\\/\",\"name\":\"vcycletech\",\"description\":\"China&#039;s top water treatment chemicals supplier\",\"publisher\":{\"@id\":\"https:\\\/\\\/vcycletech.com\\\/#organization\"},\"potentialAction\":[{\"@type\":\"SearchAction\",\"target\":{\"@type\":\"EntryPoint\",\"urlTemplate\":\"https:\\\/\\\/vcycletech.com\\\/?s={search_term_string}\"},\"query-input\":{\"@type\":\"PropertyValueSpecification\",\"valueRequired\":true,\"valueName\":\"search_term_string\"}}],\"inLanguage\":\"pt-PT\"},{\"@type\":\"Organization\",\"@id\":\"https:\\\/\\\/vcycletech.com\\\/#organization\",\"name\":\"vcycletech\",\"url\":\"https:\\\/\\\/vcycletech.com\\\/\",\"logo\":{\"@type\":\"ImageObject\",\"inLanguage\":\"pt-PT\",\"@id\":\"https:\\\/\\\/vcycletech.com\\\/#\\\/schema\\\/logo\\\/image\\\/\",\"url\":\"https:\\\/\\\/vcycletech.com\\\/wp-content\\\/uploads\\\/2023\\\/03\\\/logo-vcycletech-1.png\",\"contentUrl\":\"https:\\\/\\\/vcycletech.com\\\/wp-content\\\/uploads\\\/2023\\\/03\\\/logo-vcycletech-1.png\",\"width\":600,\"height\":400,\"caption\":\"vcycletech\"},\"image\":{\"@id\":\"https:\\\/\\\/vcycletech.com\\\/#\\\/schema\\\/logo\\\/image\\\/\"}}]}<\/script>\n<!-- \/ Yoast SEO Premium plugin. -->","yoast_head_json":{"title":"Hipoclorito de C\u00e1lcio (CHC) - vcycletech","description":"O hipoclorito de c\u00e1lcio (CHC) \u00e9 um dos desinfetantes mais eficazes e amplamente utilizados no mundo. Tem uma ampla gama de usos, desde tratamento e purifica\u00e7\u00e3o de \u00e1gua at\u00e9 branqueamento. CHC vem em forma de granulado ou comprimido para f\u00e1cil distribui\u00e7\u00e3o e \u00e9 seguro para uso por usu\u00e1rios profissionais e residenciais.","robots":{"index":"index","follow":"follow","max-snippet":"max-snippet:-1","max-image-preview":"max-image-preview:large","max-video-preview":"max-video-preview:-1"},"canonical":"https:\/\/vcycletech.com\/pt\/produtos\/hipoclorito-de-calcio\/","og_locale":"pt_PT","og_type":"article","og_title":"Calcium Hypochlorite(CHC)","og_description":"Calcium Hypochlorite (CHC) is one of the most effective and widely used disinfectants in the world. It has a wide range of uses, from water treatment and purification to bleaching. CHC comes in granular or tablet form for easy distribution and is safe for use by both professional and residential users.","og_url":"https:\/\/vcycletech.com\/pt\/produtos\/hipoclorito-de-calcio\/","og_site_name":"vcycletech","article_modified_time":"2023-03-24T01:59:35+00:00","og_image":[{"width":600,"height":600,"url":"https:\/\/vcycletech.com\/wp-content\/uploads\/2023\/03\/1-102.png","type":"image\/png"}],"twitter_card":"summary_large_image","twitter_misc":{"Tempo estimado de leitura":"3 minutos"},"schema":{"@context":"https:\/\/schema.org","@graph":[{"@type":"WebPage","@id":"https:\/\/vcycletech.com\/product\/calcium-hypochloritechc\/","url":"https:\/\/vcycletech.com\/product\/calcium-hypochloritechc\/","name":"Hipoclorito de C\u00e1lcio (CHC) - vcycletech","isPartOf":{"@id":"https:\/\/vcycletech.com\/#website"},"primaryImageOfPage":{"@id":"https:\/\/vcycletech.com\/product\/calcium-hypochloritechc\/#primaryimage"},"image":{"@id":"https:\/\/vcycletech.com\/product\/calcium-hypochloritechc\/#primaryimage"},"thumbnailUrl":"https:\/\/vcycletech.com\/wp-content\/uploads\/2023\/03\/1-102.png","datePublished":"2023-03-24T01:59:34+00:00","dateModified":"2023-03-24T01:59:35+00:00","description":"O hipoclorito de c\u00e1lcio (CHC) \u00e9 um dos desinfetantes mais eficazes e amplamente utilizados no mundo. Tem uma ampla gama de usos, desde tratamento e purifica\u00e7\u00e3o de \u00e1gua at\u00e9 branqueamento. CHC vem em forma de granulado ou comprimido para f\u00e1cil distribui\u00e7\u00e3o e \u00e9 seguro para uso por usu\u00e1rios profissionais e residenciais.","breadcrumb":{"@id":"https:\/\/vcycletech.com\/product\/calcium-hypochloritechc\/#breadcrumb"},"inLanguage":"pt-PT","potentialAction":[{"@type":"ReadAction","target":["https:\/\/vcycletech.com\/product\/calcium-hypochloritechc\/"]}]},{"@type":"ImageObject","inLanguage":"pt-PT","@id":"https:\/\/vcycletech.com\/product\/calcium-hypochloritechc\/#primaryimage","url":"https:\/\/vcycletech.com\/wp-content\/uploads\/2023\/03\/1-102.png","contentUrl":"https:\/\/vcycletech.com\/wp-content\/uploads\/2023\/03\/1-102.png","width":600,"height":600,"caption":"Calcium Hypochlorite(CHC)"},{"@type":"BreadcrumbList","@id":"https:\/\/vcycletech.com\/product\/calcium-hypochloritechc\/#breadcrumb","itemListElement":[{"@type":"ListItem","position":1,"name":"Home","item":"https:\/\/vcycletech.com\/"},{"@type":"ListItem","position":2,"name":"Water Treatment Chemicals Manufacturer","item":"https:\/\/vcycletech.com\/water-treatment-chemicals-manufacturer\/"},{"@type":"ListItem","position":3,"name":"Calcium Hypochlorite(CHC)"}]},{"@type":"WebSite","@id":"https:\/\/vcycletech.com\/#website","url":"https:\/\/vcycletech.com\/","name":"vcycletech","description":"China&#039;principal fornecedor de produtos qu\u00edmicos para tratamento de \u00e1gua","publisher":{"@id":"https:\/\/vcycletech.com\/#organization"},"potentialAction":[{"@type":"SearchAction","target":{"@type":"EntryPoint","urlTemplate":"https:\/\/vcycletech.com\/?s={search_term_string}"},"query-input":{"@type":"PropertyValueSpecification","valueRequired":true,"valueName":"search_term_string"}}],"inLanguage":"pt-PT"},{"@type":"Organization","@id":"https:\/\/vcycletech.com\/#organization","name":"vcycletech","url":"https:\/\/vcycletech.com\/","logo":{"@type":"ImageObject","inLanguage":"pt-PT","@id":"https:\/\/vcycletech.com\/#\/schema\/logo\/image\/","url":"https:\/\/vcycletech.com\/wp-content\/uploads\/2023\/03\/logo-vcycletech-1.png","contentUrl":"https:\/\/vcycletech.com\/wp-content\/uploads\/2023\/03\/logo-vcycletech-1.png","width":600,"height":400,"caption":"vcycletech"},"image":{"@id":"https:\/\/vcycletech.com\/#\/schema\/logo\/image\/"}}]}},"_links":{"self":[{"href":"https:\/\/vcycletech.com\/pt\/wp-json\/wp\/v2\/product\/2617","targetHints":{"allow":["GET"]}}],"collection":[{"href":"https:\/\/vcycletech.com\/pt\/wp-json\/wp\/v2\/product"}],"about":[{"href":"https:\/\/vcycletech.com\/pt\/wp-json\/wp\/v2\/types\/product"}],"wp:featuredmedia":[{"embeddable":true,"href":"https:\/\/vcycletech.com\/pt\/wp-json\/wp\/v2\/media\/2622"}],"wp:attachment":[{"href":"https:\/\/vcycletech.com\/pt\/wp-json\/wp\/v2\/media?parent=2617"}],"wp:term":[{"taxonomy":"product_brand","embeddable":true,"href":"https:\/\/vcycletech.com\/pt\/wp-json\/wp\/v2\/product_brand?post=2617"},{"taxonomy":"product_cat","embeddable":true,"href":"https:\/\/vcycletech.com\/pt\/wp-json\/wp\/v2\/product_cat?post=2617"},{"taxonomy":"product_tag","embeddable":true,"href":"https:\/\/vcycletech.com\/pt\/wp-json\/wp\/v2\/product_tag?post=2617"}],"curies":[{"name":"wp","href":"https:\/\/api.w.org\/{rel}","templated":true}]}}