{"id":2610,"date":"2023-03-23T11:02:04","date_gmt":"2023-03-23T11:02:04","guid":{"rendered":"https:\/\/vcycletech.com\/?post_type=product&#038;p=2610"},"modified":"2023-03-23T11:02:04","modified_gmt":"2023-03-23T11:02:04","slug":"agente-descolorante-agua","status":"publish","type":"product","link":"https:\/\/vcycletech.com\/pt\/produtos\/agente-descolorante-agua\/","title":{"rendered":"Agente Descolorante de \u00c1gua"},"content":{"rendered":"<h2 id=\"introduction_2\" class=\"xsj_heading_hash xsj_heading xsj_heading_h2\" data-source-line=\"6\" data-source-line-display=\"true\"><span class=\"xsj_heading_content\">Introdu\u00e7\u00e3o<\/span><\/h2>\n<p class=\"xsj_paragraph xsj_paragraph_level_0\" data-source-line=\"7\" data-source-line-display=\"true\">O agente de descolora\u00e7\u00e3o de \u00e1gua \u00e9 vital para tratar e descolorir \u00e1guas residuais de f\u00e1bricas de processamento t\u00eaxtil, ind\u00fastrias de corantes e outras aplica\u00e7\u00f5es industriais. Ajuda a manter as \u00e1guas residuais limpas, fornecendo descolora\u00e7\u00e3o excepcional (at\u00e9 99%) com redu\u00e7\u00e3o de COD (50%-80%). Este agente especial pode ser usado em v\u00e1rios processos para garantir a qualidade ideal da \u00e1gua.<\/p>\n<div class=\"xiaoshujiang_element xsj_anchor\"><a class=\"blank_anchor_name\" name=\"features_3\"><\/a><a id=\"features_3\" class=\"blank_anchor_id\"><\/a><a class=\"blank_anchor_name\" name=\"features\"><\/a><a id=\"features\" class=\"blank_anchor_id\"><\/a><\/div>\n<h2 id=\"features_3\" class=\"xsj_heading_hash xsj_heading xsj_heading_h2\" data-source-line=\"9\" data-source-line-display=\"true\"><span class=\"xsj_heading_content\">Caracter\u00edsticas<\/span><\/h2>\n<p class=\"xsj_paragraph xsj_paragraph_level_0\" data-source-line=\"11\" data-source-line-display=\"true\">O Water Decoloring Agent oferece v\u00e1rios benef\u00edcios para as ind\u00fastrias que lidam com \u00e1guas residuais. Ele pode efetivamente remover poluentes org\u00e2nicos e corantes, reduzindo os n\u00edveis de DQO da \u00e1gua subterr\u00e2nea ou superficial. O agente tamb\u00e9m ajuda a decompor a mat\u00e9ria org\u00e2nica em di\u00f3xido de carbono e sais org\u00e2nicos, permitindo que ela seja facilmente removida ou reciclada. Al\u00e9m disso, possui baixos n\u00edveis de toxicidade, tornando-o seguro para uso em \u00e1reas onde a sa\u00fade ambiental \u00e9 fundamental. Finalmente, este agente \u00e9 altamente econ\u00f4mico e econ\u00f4mico em compara\u00e7\u00e3o com outros tratamentos.<\/p>\n<div class=\"xiaoshujiang_element xsj_anchor\"><a class=\"blank_anchor_name\" name=\"applications_4\"><\/a><a id=\"applications_4\" class=\"blank_anchor_id\"><\/a><a class=\"blank_anchor_name\" name=\"applications\"><\/a><a id=\"applications\" class=\"blank_anchor_id\"><\/a><\/div>\n<h2 id=\"applications_4\" class=\"xsj_heading_hash xsj_heading xsj_heading_h2\" data-source-line=\"13\" data-source-line-display=\"true\"><span class=\"xsj_heading_content\">Formul\u00e1rios<\/span><\/h2>\n<p class=\"xsj_paragraph xsj_paragraph_level_0\" data-source-line=\"15\" data-source-line-display=\"true\">Agente descolorante de \u00e1gua \u00e9 freq\u00fcentemente usado na produ\u00e7\u00e3o de alimentos e bebidas, fabrica\u00e7\u00e3o de papel, produtos petroqu\u00edmicos, tintas de impress\u00e3o, detergentes, curtimento de couro e muito mais. Pode ser usado como pr\u00e9-tratamento antes dos sistemas de tratamento biol\u00f3gico de esgoto ou diretamente ap\u00f3s um sistema de tratamento mec\u00e2nico que remove part\u00edculas maiores. Este agente tamb\u00e9m \u00e9 uma solu\u00e7\u00e3o ideal para ind\u00fastrias que exigem altos n\u00edveis de limpeza, como hospitais e laborat\u00f3rios, devido \u00e0 sua excelente capacidade de descolora\u00e7\u00e3o.<\/p>\n<h2>Especifica\u00e7\u00e3o:<\/h2>\n<div id=\"tablepress-10_wrapper\" class=\"dataTables_wrapper no-footer\">\n<table id=\"tablepress-16\" class=\"tablepress tablepress-id-16\">\n<thead>\n<tr class=\"row-1\">\n\t<th class=\"column-1\">Item<\/th><th class=\"column-2\">Agente Descolorante de \u00c1gua<\/th><td class=\"column-3\"><\/td><td class=\"column-4\"><\/td>\n<\/tr>\n<\/thead>\n<tbody class=\"row-striping row-hover\">\n<tr class=\"row-2\">\n\t<td class=\"column-1\">Componentes principais<\/td><td class=\"column-2\">resina de dicianodiamida formalde\u00eddo<\/td><td class=\"column-3\"><\/td><td class=\"column-4\"><\/td>\n<\/tr>\n<tr class=\"row-3\">\n\t<td class=\"column-1\">Apar\u00eancia<\/td><td class=\"column-2\">l\u00edquido pegajoso incolor ou de cor clara<\/td><td class=\"column-3\"><\/td><td class=\"column-4\"><\/td>\n<\/tr>\n<tr class=\"row-4\">\n\t<td class=\"column-1\">Viscosidade din\u00e2mica (mpa.s,20\u00b0C)<\/td><td class=\"column-2\">10-500<\/td><td class=\"column-3\"><\/td><td class=\"column-4\"><\/td>\n<\/tr>\n<tr class=\"row-5\">\n\t<td class=\"column-1\">pH (solu\u00e7\u00e3o de \u00e1gua 30%)<\/td><td class=\"column-2\">2.0-5.0<\/td><td class=\"column-3\"><\/td><td class=\"column-4\"><\/td>\n<\/tr>\n<tr class=\"row-6\">\n\t<td class=\"column-1\">conte\u00fado s\u00f3lido % \u2265<\/td><td class=\"column-2\">50<\/td><td class=\"column-3\"><\/td><td class=\"column-4\"><\/td>\n<\/tr>\n<tr class=\"row-7\">\n\t<td class=\"column-1\">Nota: nosso produto pode ser feito mediante solicita\u00e7\u00e3o especial.<\/td><td class=\"column-2\"><\/td><td class=\"column-3\"><\/td><td class=\"column-4\"><\/td>\n<\/tr>\n<\/tbody>\n<\/table>\n<!-- #tablepress-16 from cache --><\/div>\n<div class=\"xiaoshujiang_element xsj_anchor\"><a class=\"blank_anchor_name\" name=\"faqs_5\"><\/a><a id=\"faqs_5\" class=\"blank_anchor_id\"><\/a><a class=\"blank_anchor_name\" name=\"faqs\"><\/a><a id=\"faqs\" class=\"blank_anchor_id\"><\/a><\/div>\n<h2 id=\"faqs_5\" class=\"xsj_heading_hash xsj_heading xsj_heading_h2\" data-source-line=\"17\" data-source-line-display=\"true\"><span class=\"xsj_heading_content\">perguntas frequentes<\/span><\/h2>\n<div class=\"xiaoshujiang_element xsj_anchor\"><a class=\"blank_anchor_name\" name=\"q120what20are20the20benefits20of20using20water20decoloring20agent_6\"><\/a><a id=\"q120what20are20the20benefits20of20using20water20decoloring20agent_6\" class=\"blank_anchor_id\"><\/a><a class=\"blank_anchor_name\" name=\"q1-what-are-the-benefits-of-using-water-decoloring-agent\"><\/a><a id=\"q1-what-are-the-benefits-of-using-water-decoloring-agent\" class=\"blank_anchor_id\"><\/a><\/div>\n<h3 id=\"q120what20are20the20benefits20of20using20water20decoloring20agent_6\" class=\"xsj_heading_hash xsj_heading xsj_heading_h3\" data-source-line=\"21\" data-source-line-display=\"true\"><span class=\"xsj_heading_content\">Q1: Quais s\u00e3o os benef\u00edcios de usar um agente de descolora\u00e7\u00e3o de \u00e1gua?<\/span><\/h3>\n<p class=\"xsj_paragraph xsj_paragraph_level_0\" data-source-line=\"23\" data-source-line-display=\"true\">A1: Water Decoloring Agent fornece descolora\u00e7\u00e3o excepcional (at\u00e9 99%) com redu\u00e7\u00e3o de COD (50%-80%), removendo efetivamente poluentes org\u00e2nicos e corantes de \u00e1guas residuais enquanto os decomp\u00f5e em di\u00f3xido de carbono e sais org\u00e2nicos para f\u00e1cil remo\u00e7\u00e3o ou reciclagem. O agente tamb\u00e9m possui baixos n\u00edveis de toxicidade, tornando-o seguro para uso em \u00e1reas com regulamenta\u00e7\u00f5es ambientais mais r\u00edgidas.<\/p>\n<div class=\"xiaoshujiang_element xsj_anchor\"><a class=\"blank_anchor_name\" name=\"q220what20kind20of20industries20uses20water20decoloring20agent_7\"><\/a><a id=\"q220what20kind20of20industries20uses20water20decoloring20agent_7\" class=\"blank_anchor_id\"><\/a><a class=\"blank_anchor_name\" name=\"q2-what-kind-of-industries-uses-water-decoloring-agent\"><\/a><a id=\"q2-what-kind-of-industries-uses-water-decoloring-agent\" class=\"blank_anchor_id\"><\/a><\/div>\n<h3 id=\"q220what20kind20of20industries20uses20water20decoloring20agent_7\" class=\"xsj_heading_hash xsj_heading xsj_heading_h3\" data-source-line=\"25\" data-source-line-display=\"true\"><span class=\"xsj_heading_content\">Q2: que tipo de ind\u00fastrias usa agente de descolora\u00e7\u00e3o de \u00e1gua?<\/span><\/h3>\n<p class=\"xsj_paragraph xsj_paragraph_level_0\" data-source-line=\"27\" data-source-line-display=\"true\">A2: Agentes de descolora\u00e7\u00e3o de \u00e1gua s\u00e3o frequentemente usados na produ\u00e7\u00e3o de alimentos e bebidas, fabrica\u00e7\u00e3o de papel, produtos petroqu\u00edmicos, detergentes para tintas de impress\u00e3o, curtimento de couro, hospitais e laborat\u00f3rios, etc.<\/p>\n<div class=\"xiaoshujiang_element xsj_anchor\"><a class=\"blank_anchor_name\" name=\"q320is20water20decoloring20agent20cost20effective_8\"><\/a><a id=\"q320is20water20decoloring20agent20cost20effective_8\" class=\"blank_anchor_id\"><\/a><a class=\"blank_anchor_name\" name=\"q3-is-water-decoloring-agent-cost-effective\"><\/a><a id=\"q3-is-water-decoloring-agent-cost-effective\" class=\"blank_anchor_id\"><\/a><\/div>\n<h3 id=\"q320is20water20decoloring20agent20cost20effective_8\" class=\"xsj_heading_hash xsj_heading xsj_heading_h3\" data-source-line=\"29\" data-source-line-display=\"true\"><span class=\"xsj_heading_content\">Q3: O agente de descolora\u00e7\u00e3o de \u00e1gua \u00e9 econ\u00f4mico?<\/span><\/h3>\n<p class=\"xsj_paragraph xsj_paragraph_level_0\" data-source-line=\"31\" data-source-line-display=\"true\">A3: Sim! Em compara\u00e7\u00e3o com outros tratamentos dispon\u00edveis atualmente, o uso de Agentes Descolorantes de \u00c1gua \u00e9 uma solu\u00e7\u00e3o altamente econ\u00f4mica e econ\u00f4mica para muitas ind\u00fastrias que precisam tratar seus efluentes.<\/p>\n<div class=\"xiaoshujiang_element xsj_anchor\"><a class=\"blank_anchor_name\" name=\"q420how20does20water20decoloring20agent20work_9\"><\/a><a id=\"q420how20does20water20decoloring20agent20work_9\" class=\"blank_anchor_id\"><\/a><a class=\"blank_anchor_name\" name=\"q4-how-does-water-decoloring-agent-work\"><\/a><a id=\"q4-how-does-water-decoloring-agent-work\" class=\"blank_anchor_id\"><\/a><\/div>\n<h3 id=\"q420how20does20water20decoloring20agent20work_9\" class=\"xsj_heading_hash xsj_heading xsj_heading_h3\" data-source-line=\"33\" data-source-line-display=\"true\"><span class=\"xsj_heading_content\">Q4: Como funciona o agente de descolora\u00e7\u00e3o de \u00e1gua?<\/span><\/h3>\n<p class=\"xsj_paragraph xsj_paragraph_level_0\" data-source-line=\"35\" data-source-line-display=\"true\">R4: O agente funciona decompondo a mat\u00e9ria org\u00e2nica em di\u00f3xido de carbono e sais org\u00e2nicos, que podem ser removidos ou reciclados, dependendo das necessidades de aplica\u00e7\u00e3o dos requisitos do processo de tratamento de \u00e1guas residuais de sua ind\u00fastria.<\/p>\n<div class=\"xiaoshujiang_element xsj_anchor\"><a class=\"blank_anchor_name\" name=\"q520is20it20safe20to20use20water20decoloring20agent_10\"><\/a><a id=\"q520is20it20safe20to20use20water20decoloring20agent_10\" class=\"blank_anchor_id\"><\/a><a class=\"blank_anchor_name\" name=\"q5-is-it-safe-to-use-water-decoloring-agent\"><\/a><a id=\"q5-is-it-safe-to-use-water-decoloring-agent\" class=\"blank_anchor_id\"><\/a><\/div>\n<h3 id=\"q520is20it20safe20to20use20water20decoloring20agent_10\" class=\"xsj_heading_hash xsj_heading xsj_heading_h3\" data-source-line=\"37\" data-source-line-display=\"true\"><span class=\"xsj_heading_content\">Q5: \u00c9 seguro usar o agente de descolora\u00e7\u00e3o de \u00e1gua?<\/span><\/h3>\n<p class=\"xsj_paragraph xsj_paragraph_level_0\" data-source-line=\"39\" data-source-line-display=\"true\">A5: Sim! O baixo n\u00edvel de toxicidade torna este agente muito seguro mesmo quando usado em \u00e1reas onde a sa\u00fade ambiental \u00e9 importante, como hospitais e laborat\u00f3rios.<\/p>\n<p class=\"xsj_paragraph xsj_paragraph_level_0\" data-source-line=\"41\" data-source-line-display=\"true\"><a class=\"xsj_link xsj_manu_link\" href=\"https:\/\/vcycletech.com\/pt\/categoria-de-produto\/coagulantes-e-floculantes\/\">Obtenha a solu\u00e7\u00e3o completa de Coagulantes e Floculantes.<\/a><\/p>","protected":false},"excerpt":{"rendered":"<p>da Vcycletech <strong>Agente Descolorante de \u00c1gua<\/strong> \u00e9 um produto de alta qualidade que proporciona descolora\u00e7\u00e3o excepcional e redu\u00e7\u00e3o de DQO. \u00c9 essencial para manter as \u00e1guas residuais limpas em casas de processamento t\u00eaxtil e ind\u00fastrias de tingimento, tornando-se uma ferramenta indispens\u00e1vel para esses neg\u00f3cios. Nosso agente descolorante de \u00e1gua atender\u00e1 \u00e0s suas necessidades com descolora\u00e7\u00e3o de at\u00e9 99% e redu\u00e7\u00e3o de DQO de 50%-80%. Entre em contato conosco hoje para saber mais!<\/p>","protected":false},"featured_media":2612,"template":"","meta":{"site-sidebar-layout":"default","site-content-layout":"default","ast-site-content-layout":"default","site-content-style":"default","site-sidebar-style":"default","ast-global-header-display":"","ast-banner-title-visibility":"","ast-main-header-display":"","ast-hfb-above-header-display":"","ast-hfb-below-header-display":"","ast-hfb-mobile-header-display":"","site-post-title":"","ast-breadcrumbs-content":"","ast-featured-img":"","footer-sml-layout":"","ast-disable-related-posts":"","theme-transparent-header-meta":"default","adv-header-id-meta":"","stick-header-meta":"default","header-above-stick-meta":"","header-main-stick-meta":"","header-below-stick-meta":"","astra-migrate-meta-layouts":"default","ast-page-background-enabled":"default","ast-page-background-meta":{"desktop":{"background-color":"","background-image":"","background-repeat":"repeat","background-position":"center center","background-size":"auto","background-attachment":"scroll","background-type":"","background-media":"","overlay-type":"","overlay-color":"","overlay-opacity":"","overlay-gradient":""},"tablet":{"background-color":"","background-image":"","background-repeat":"repeat","background-position":"center center","background-size":"auto","background-attachment":"scroll","background-type":"","background-media":"","overlay-type":"","overlay-color":"","overlay-opacity":"","overlay-gradient":""},"mobile":{"background-color":"","background-image":"","background-repeat":"repeat","background-position":"center center","background-size":"auto","background-attachment":"scroll","background-type":"","background-media":"","overlay-type":"","overlay-color":"","overlay-opacity":"","overlay-gradient":""}},"ast-content-background-meta":{"desktop":{"background-color":"var(--ast-global-color-5)","background-image":"","background-repeat":"repeat","background-position":"center center","background-size":"auto","background-attachment":"scroll","background-type":"","background-media":"","overlay-type":"","overlay-color":"","overlay-opacity":"","overlay-gradient":""},"tablet":{"background-color":"var(--ast-global-color-5)","background-image":"","background-repeat":"repeat","background-position":"center center","background-size":"auto","background-attachment":"scroll","background-type":"","background-media":"","overlay-type":"","overlay-color":"","overlay-opacity":"","overlay-gradient":""},"mobile":{"background-color":"var(--ast-global-color-5)","background-image":"","background-repeat":"repeat","background-position":"center center","background-size":"auto","background-attachment":"scroll","background-type":"","background-media":"","overlay-type":"","overlay-color":"","overlay-opacity":"","overlay-gradient":""}}},"product_brand":[],"product_cat":[37],"product_tag":[],"class_list":{"0":"post-2610","1":"product","2":"type-product","3":"status-publish","4":"has-post-thumbnail","6":"product_cat-coagulants-and-flocculants","7":"desktop-align-left","8":"tablet-align-left","9":"mobile-align-left","10":"ast-product-gallery-layout-horizontal-slider","11":"ast-product-gallery-with-no-image","12":"ast-product-tabs-layout-horizontal","14":"first","15":"instock","16":"shipping-taxable","17":"product-type-simple"},"yoast_head":"<!-- This site is optimized with the Yoast SEO Premium plugin v26.3 (Yoast SEO v27.3) - https:\/\/yoast.com\/product\/yoast-seo-premium-wordpress\/ -->\n<title>Water Decoloring Agent - vcycletech<\/title>\n<meta name=\"description\" content=\"Get rid of highly tinted wastewater quickly and effectively with water decoloring agent. Our agents help reduce COD by up to 80% and provide up to 99% decolorization for ultimate clarity. Make sure your industrial applications are running optimally with water decoloring agent!\" \/>\n<meta name=\"robots\" content=\"index, follow, max-snippet:-1, max-image-preview:large, max-video-preview:-1\" \/>\n<link rel=\"canonical\" href=\"https:\/\/vcycletech.com\/pt\/produtos\/agente-descolorante-agua\/\" \/>\n<meta property=\"og:locale\" content=\"pt_PT\" \/>\n<meta property=\"og:type\" content=\"article\" \/>\n<meta property=\"og:title\" content=\"Water Decoloring Agent\" \/>\n<meta property=\"og:description\" content=\"Get rid of highly tinted wastewater quickly and effectively with water decoloring agent. Our agents help reduce COD by up to 80% and provide up to 99% decolorization for ultimate clarity. Make sure your industrial applications are running optimally with water decoloring agent!\" \/>\n<meta property=\"og:url\" content=\"https:\/\/vcycletech.com\/pt\/produtos\/agente-descolorante-agua\/\" \/>\n<meta property=\"og:site_name\" content=\"vcycletech\" \/>\n<meta property=\"og:image\" content=\"https:\/\/vcycletech.com\/wp-content\/uploads\/2023\/03\/WT-601-15.png\" \/>\n\t<meta property=\"og:image:width\" content=\"600\" \/>\n\t<meta property=\"og:image:height\" content=\"600\" \/>\n\t<meta property=\"og:image:type\" content=\"image\/png\" \/>\n<meta name=\"twitter:card\" content=\"summary_large_image\" \/>\n<meta name=\"twitter:label1\" content=\"Tempo estimado de leitura\" \/>\n\t<meta name=\"twitter:data1\" content=\"2 minutos\" \/>\n<script type=\"application\/ld+json\" class=\"yoast-schema-graph\">{\"@context\":\"https:\\\/\\\/schema.org\",\"@graph\":[{\"@type\":\"WebPage\",\"@id\":\"https:\\\/\\\/vcycletech.com\\\/product\\\/water-decoloring-agent\\\/\",\"url\":\"https:\\\/\\\/vcycletech.com\\\/product\\\/water-decoloring-agent\\\/\",\"name\":\"Water Decoloring Agent - vcycletech\",\"isPartOf\":{\"@id\":\"https:\\\/\\\/vcycletech.com\\\/#website\"},\"primaryImageOfPage\":{\"@id\":\"https:\\\/\\\/vcycletech.com\\\/product\\\/water-decoloring-agent\\\/#primaryimage\"},\"image\":{\"@id\":\"https:\\\/\\\/vcycletech.com\\\/product\\\/water-decoloring-agent\\\/#primaryimage\"},\"thumbnailUrl\":\"https:\\\/\\\/vcycletech.com\\\/wp-content\\\/uploads\\\/2023\\\/03\\\/WT-601-15.png\",\"datePublished\":\"2023-03-23T11:02:04+00:00\",\"description\":\"Get rid of highly tinted wastewater quickly and effectively with water decoloring agent. Our agents help reduce COD by up to 80% and provide up to 99% decolorization for ultimate clarity. Make sure your industrial applications are running optimally with water decoloring agent!\",\"breadcrumb\":{\"@id\":\"https:\\\/\\\/vcycletech.com\\\/product\\\/water-decoloring-agent\\\/#breadcrumb\"},\"inLanguage\":\"pt-PT\",\"potentialAction\":[{\"@type\":\"ReadAction\",\"target\":[\"https:\\\/\\\/vcycletech.com\\\/product\\\/water-decoloring-agent\\\/\"]}]},{\"@type\":\"ImageObject\",\"inLanguage\":\"pt-PT\",\"@id\":\"https:\\\/\\\/vcycletech.com\\\/product\\\/water-decoloring-agent\\\/#primaryimage\",\"url\":\"https:\\\/\\\/vcycletech.com\\\/wp-content\\\/uploads\\\/2023\\\/03\\\/WT-601-15.png\",\"contentUrl\":\"https:\\\/\\\/vcycletech.com\\\/wp-content\\\/uploads\\\/2023\\\/03\\\/WT-601-15.png\",\"width\":600,\"height\":600,\"caption\":\"Water Decoloring Agent\"},{\"@type\":\"BreadcrumbList\",\"@id\":\"https:\\\/\\\/vcycletech.com\\\/product\\\/water-decoloring-agent\\\/#breadcrumb\",\"itemListElement\":[{\"@type\":\"ListItem\",\"position\":1,\"name\":\"Home\",\"item\":\"https:\\\/\\\/vcycletech.com\\\/\"},{\"@type\":\"ListItem\",\"position\":2,\"name\":\"Water Treatment Chemicals Manufacturer\",\"item\":\"https:\\\/\\\/vcycletech.com\\\/water-treatment-chemicals-manufacturer\\\/\"},{\"@type\":\"ListItem\",\"position\":3,\"name\":\"Water Decoloring Agent\"}]},{\"@type\":\"WebSite\",\"@id\":\"https:\\\/\\\/vcycletech.com\\\/#website\",\"url\":\"https:\\\/\\\/vcycletech.com\\\/\",\"name\":\"vcycletech\",\"description\":\"China&#039;s top water treatment chemicals supplier\",\"publisher\":{\"@id\":\"https:\\\/\\\/vcycletech.com\\\/#organization\"},\"potentialAction\":[{\"@type\":\"SearchAction\",\"target\":{\"@type\":\"EntryPoint\",\"urlTemplate\":\"https:\\\/\\\/vcycletech.com\\\/?s={search_term_string}\"},\"query-input\":{\"@type\":\"PropertyValueSpecification\",\"valueRequired\":true,\"valueName\":\"search_term_string\"}}],\"inLanguage\":\"pt-PT\"},{\"@type\":\"Organization\",\"@id\":\"https:\\\/\\\/vcycletech.com\\\/#organization\",\"name\":\"vcycletech\",\"url\":\"https:\\\/\\\/vcycletech.com\\\/\",\"logo\":{\"@type\":\"ImageObject\",\"inLanguage\":\"pt-PT\",\"@id\":\"https:\\\/\\\/vcycletech.com\\\/#\\\/schema\\\/logo\\\/image\\\/\",\"url\":\"https:\\\/\\\/vcycletech.com\\\/wp-content\\\/uploads\\\/2023\\\/03\\\/logo-vcycletech-1.png\",\"contentUrl\":\"https:\\\/\\\/vcycletech.com\\\/wp-content\\\/uploads\\\/2023\\\/03\\\/logo-vcycletech-1.png\",\"width\":600,\"height\":400,\"caption\":\"vcycletech\"},\"image\":{\"@id\":\"https:\\\/\\\/vcycletech.com\\\/#\\\/schema\\\/logo\\\/image\\\/\"}}]}<\/script>\n<!-- \/ Yoast SEO Premium plugin. -->","yoast_head_json":{"title":"Agente Descolorante de \u00c1gua - vcycletech","description":"Livre-se das \u00e1guas residuais altamente coloridas de forma r\u00e1pida e eficaz com o agente de descolora\u00e7\u00e3o de \u00e1gua. Nossos agentes ajudam a reduzir COD em at\u00e9 80% e fornecem descolora\u00e7\u00e3o de at\u00e9 99% para maior clareza. Certifique-se de que suas aplica\u00e7\u00f5es industriais estejam funcionando de maneira ideal com o agente de descolora\u00e7\u00e3o a \u00e1gua!","robots":{"index":"index","follow":"follow","max-snippet":"max-snippet:-1","max-image-preview":"max-image-preview:large","max-video-preview":"max-video-preview:-1"},"canonical":"https:\/\/vcycletech.com\/pt\/produtos\/agente-descolorante-agua\/","og_locale":"pt_PT","og_type":"article","og_title":"Water Decoloring Agent","og_description":"Get rid of highly tinted wastewater quickly and effectively with water decoloring agent. Our agents help reduce COD by up to 80% and provide up to 99% decolorization for ultimate clarity. Make sure your industrial applications are running optimally with water decoloring agent!","og_url":"https:\/\/vcycletech.com\/pt\/produtos\/agente-descolorante-agua\/","og_site_name":"vcycletech","og_image":[{"width":600,"height":600,"url":"https:\/\/vcycletech.com\/wp-content\/uploads\/2023\/03\/WT-601-15.png","type":"image\/png"}],"twitter_card":"summary_large_image","twitter_misc":{"Tempo estimado de leitura":"2 minutos"},"schema":{"@context":"https:\/\/schema.org","@graph":[{"@type":"WebPage","@id":"https:\/\/vcycletech.com\/product\/water-decoloring-agent\/","url":"https:\/\/vcycletech.com\/product\/water-decoloring-agent\/","name":"Agente Descolorante de \u00c1gua - vcycletech","isPartOf":{"@id":"https:\/\/vcycletech.com\/#website"},"primaryImageOfPage":{"@id":"https:\/\/vcycletech.com\/product\/water-decoloring-agent\/#primaryimage"},"image":{"@id":"https:\/\/vcycletech.com\/product\/water-decoloring-agent\/#primaryimage"},"thumbnailUrl":"https:\/\/vcycletech.com\/wp-content\/uploads\/2023\/03\/WT-601-15.png","datePublished":"2023-03-23T11:02:04+00:00","description":"Livre-se das \u00e1guas residuais altamente coloridas de forma r\u00e1pida e eficaz com o agente de descolora\u00e7\u00e3o de \u00e1gua. Nossos agentes ajudam a reduzir COD em at\u00e9 80% e fornecem descolora\u00e7\u00e3o de at\u00e9 99% para maior clareza. Certifique-se de que suas aplica\u00e7\u00f5es industriais estejam funcionando de maneira ideal com o agente de descolora\u00e7\u00e3o a \u00e1gua!","breadcrumb":{"@id":"https:\/\/vcycletech.com\/product\/water-decoloring-agent\/#breadcrumb"},"inLanguage":"pt-PT","potentialAction":[{"@type":"ReadAction","target":["https:\/\/vcycletech.com\/product\/water-decoloring-agent\/"]}]},{"@type":"ImageObject","inLanguage":"pt-PT","@id":"https:\/\/vcycletech.com\/product\/water-decoloring-agent\/#primaryimage","url":"https:\/\/vcycletech.com\/wp-content\/uploads\/2023\/03\/WT-601-15.png","contentUrl":"https:\/\/vcycletech.com\/wp-content\/uploads\/2023\/03\/WT-601-15.png","width":600,"height":600,"caption":"Water Decoloring Agent"},{"@type":"BreadcrumbList","@id":"https:\/\/vcycletech.com\/product\/water-decoloring-agent\/#breadcrumb","itemListElement":[{"@type":"ListItem","position":1,"name":"Home","item":"https:\/\/vcycletech.com\/"},{"@type":"ListItem","position":2,"name":"Water Treatment Chemicals Manufacturer","item":"https:\/\/vcycletech.com\/water-treatment-chemicals-manufacturer\/"},{"@type":"ListItem","position":3,"name":"Water Decoloring Agent"}]},{"@type":"WebSite","@id":"https:\/\/vcycletech.com\/#website","url":"https:\/\/vcycletech.com\/","name":"vcycletech","description":"China&#039;principal fornecedor de produtos qu\u00edmicos para tratamento de \u00e1gua","publisher":{"@id":"https:\/\/vcycletech.com\/#organization"},"potentialAction":[{"@type":"SearchAction","target":{"@type":"EntryPoint","urlTemplate":"https:\/\/vcycletech.com\/?s={search_term_string}"},"query-input":{"@type":"PropertyValueSpecification","valueRequired":true,"valueName":"search_term_string"}}],"inLanguage":"pt-PT"},{"@type":"Organization","@id":"https:\/\/vcycletech.com\/#organization","name":"vcycletech","url":"https:\/\/vcycletech.com\/","logo":{"@type":"ImageObject","inLanguage":"pt-PT","@id":"https:\/\/vcycletech.com\/#\/schema\/logo\/image\/","url":"https:\/\/vcycletech.com\/wp-content\/uploads\/2023\/03\/logo-vcycletech-1.png","contentUrl":"https:\/\/vcycletech.com\/wp-content\/uploads\/2023\/03\/logo-vcycletech-1.png","width":600,"height":400,"caption":"vcycletech"},"image":{"@id":"https:\/\/vcycletech.com\/#\/schema\/logo\/image\/"}}]}},"_links":{"self":[{"href":"https:\/\/vcycletech.com\/pt\/wp-json\/wp\/v2\/product\/2610","targetHints":{"allow":["GET"]}}],"collection":[{"href":"https:\/\/vcycletech.com\/pt\/wp-json\/wp\/v2\/product"}],"about":[{"href":"https:\/\/vcycletech.com\/pt\/wp-json\/wp\/v2\/types\/product"}],"wp:featuredmedia":[{"embeddable":true,"href":"https:\/\/vcycletech.com\/pt\/wp-json\/wp\/v2\/media\/2612"}],"wp:attachment":[{"href":"https:\/\/vcycletech.com\/pt\/wp-json\/wp\/v2\/media?parent=2610"}],"wp:term":[{"taxonomy":"product_brand","embeddable":true,"href":"https:\/\/vcycletech.com\/pt\/wp-json\/wp\/v2\/product_brand?post=2610"},{"taxonomy":"product_cat","embeddable":true,"href":"https:\/\/vcycletech.com\/pt\/wp-json\/wp\/v2\/product_cat?post=2610"},{"taxonomy":"product_tag","embeddable":true,"href":"https:\/\/vcycletech.com\/pt\/wp-json\/wp\/v2\/product_tag?post=2610"}],"curies":[{"name":"wp","href":"https:\/\/api.w.org\/{rel}","templated":true}]}}