{"id":2576,"date":"2023-03-23T10:34:02","date_gmt":"2023-03-23T10:34:02","guid":{"rendered":"https:\/\/vcycletech.com\/?post_type=product&#038;p=2576"},"modified":"2023-03-23T10:34:03","modified_gmt":"2023-03-23T10:34:03","slug":"polidadmac","status":"publish","type":"product","link":"https:\/\/vcycletech.com\/pt\/produtos\/polidadmac\/","title":{"rendered":"Polydadmac"},"content":{"rendered":"<h2 id=\"introduction_2\" class=\"xsj_heading_hash xsj_heading xsj_heading_h2\" data-source-line=\"6\" data-source-line-display=\"true\"><span class=\"xsj_heading_content\">Introdu\u00e7\u00e3o<\/span><\/h2>\n<p class=\"xsj_paragraph xsj_paragraph_level_0\" data-source-line=\"7\" data-source-line-display=\"true\">PolyDADMAC \u00e9 um homopol\u00edmero cati\u00f4nico essencial composto principalmente de cloreto de dialildimetilam\u00f4nio, utilizado em diversas aplica\u00e7\u00f5es industriais. Este pol\u00edmero de alto peso molecular normalmente vem como um l\u00edquido concentrado com concentra\u00e7\u00f5es s\u00f3lidas entre 10% e 50%, tornando-o um produto altamente vers\u00e1til e acess\u00edvel para todas as ind\u00fastrias.<\/p>\n<div class=\"xiaoshujiang_element xsj_anchor\"><a class=\"blank_anchor_name\" name=\"features_3\"><\/a><a id=\"features_3\" class=\"blank_anchor_id\"><\/a><a class=\"blank_anchor_name\" name=\"features\"><\/a><a id=\"features\" class=\"blank_anchor_id\"><\/a><\/div>\n<h2 id=\"features_3\" class=\"xsj_heading_hash xsj_heading xsj_heading_h2\" data-source-line=\"9\" data-source-line-display=\"true\"><span class=\"xsj_heading_content\">Caracter\u00edsticas<\/span><\/h2>\n<p class=\"xsj_paragraph xsj_paragraph_level_0\" data-source-line=\"11\" data-source-line-display=\"true\">Quando se trata de recursos, o PolyDADMAC certamente n\u00e3o decepciona. Tem uma excelente capacidade de flocular, o que significa que pode ajudar a separar as part\u00edculas dos l\u00edquidos. Al\u00e9m disso, o produto \u00e9 de f\u00e1cil manuseio devido \u00e0 sua forma hidratada, tornando-o eficiente e confi\u00e1vel para o uso em qualquer tarefa ou trabalho. Al\u00e9m disso, o PolyDADMAC pode suportar diferentes temperaturas e n\u00edveis de pH, tornando-o adapt\u00e1vel \u00e0s diversas condi\u00e7\u00f5es que podem estar presentes em diferentes projetos. Por fim, o pol\u00edmero n\u00e3o \u00e9 t\u00f3xico e \u00e9 seguro para humanos, animais e plantas.<\/p>\n<div class=\"xiaoshujiang_element xsj_anchor\"><a class=\"blank_anchor_name\" name=\"applications_4\"><\/a><a id=\"applications_4\" class=\"blank_anchor_id\"><\/a><a class=\"blank_anchor_name\" name=\"applications\"><\/a><a id=\"applications\" class=\"blank_anchor_id\"><\/a><\/div>\n<h2 id=\"applications_4\" class=\"xsj_heading_hash xsj_heading xsj_heading_h2\" data-source-line=\"13\" data-source-line-display=\"true\"><span class=\"xsj_heading_content\">Formul\u00e1rios<\/span><\/h2>\n<p class=\"xsj_paragraph xsj_paragraph_level_0\" data-source-line=\"15\" data-source-line-display=\"true\">Devido \u00e0s suas propriedades, o PolyDADMAC pode ser usado em muitas \u00e1reas da ind\u00fastria, como aplica\u00e7\u00f5es de tratamento de \u00e1gua, detergentes para roupas e sistemas de estabiliza\u00e7\u00e3o de emuls\u00f5es. Em aplica\u00e7\u00f5es de tratamento de \u00e1gua, o pol\u00edmero forma grandes flocos, que ajudam a assentar as part\u00edculas de sujeira extra\u00eddas da suspens\u00e3o na \u00e1gua. Especificamente em detergentes para a roupa, o PolyDADMAC pode ajudar a melhorar a maciez do tecido e, ao mesmo tempo, fornecer prote\u00e7\u00e3o antiest\u00e1tica \u2013 qualidades altamente desej\u00e1veis em itens de vestu\u00e1rio atualmente.<\/p>\n<p class=\"xsj_paragraph xsj_paragraph_level_0\" data-source-line=\"17\" data-source-line-display=\"true\">Finalmente, quando se trata de sistemas de estabiliza\u00e7\u00e3o de emuls\u00e3o, como produtos para cabelos, como xampus ou outros itens similares no mercado hoje, o PolyDADMAC ajuda a evitar que esses produtos se separem em seus componentes (por exemplo, \u00f3leo e \u00e1gua). Isso garante que os clientes recebam um produto completo toda vez que compram um!<\/p>\n<h2>Especifica\u00e7\u00e3o:<\/h2>\n<p data-source-line=\"17\" data-source-line-display=\"true\">\n<table id=\"tablepress-14\" class=\"tablepress tablepress-id-14\">\n<thead>\n<tr class=\"row-1\">\n\t<th class=\"column-1\">Apar\u00eancia<\/th><th class=\"column-2\">L\u00edquido pegajoso incolor ou claro<\/th><td class=\"column-3\"><\/td><td class=\"column-4\"><\/td>\n<\/tr>\n<\/thead>\n<tbody class=\"row-striping row-hover\">\n<tr class=\"row-2\">\n\t<td class=\"column-1\">Viscosidade Din\u00e2mica (mpa.s,20\u2103)<\/td><td class=\"column-2\">500-300000<\/td><td class=\"column-3\"><\/td><td class=\"column-4\"><\/td>\n<\/tr>\n<tr class=\"row-3\">\n\t<td class=\"column-1\">Valor de pH (solu\u00e7\u00e3o de \u00e1gua 1%)<\/td><td class=\"column-2\">3.0-8.0<\/td><td class=\"column-3\"><\/td><td class=\"column-4\"><\/td>\n<\/tr>\n<tr class=\"row-4\">\n\t<td class=\"column-1\">Conte\u00fado S\u00f3lido % \u2265<\/td><td class=\"column-2\">20-50%<\/td><td class=\"column-3\"><\/td><td class=\"column-4\"><\/td>\n<\/tr>\n<tr class=\"row-5\">\n\t<td class=\"column-1\">Validade<\/td><td class=\"column-2\">Um ano<\/td><td class=\"column-3\"><\/td><td class=\"column-4\"><\/td>\n<\/tr>\n<tr class=\"row-6\">\n\t<td class=\"column-1\">Nota: nosso produto pode ser feito mediante solicita\u00e7\u00e3o especial.<\/td><td class=\"column-2\"><\/td><td class=\"column-3\"><\/td><td class=\"column-4\"><\/td>\n<\/tr>\n<\/tbody>\n<\/table>\n<!-- #tablepress-14 from cache --><\/p>\n<div class=\"xiaoshujiang_element xsj_anchor\"><a class=\"blank_anchor_name\" name=\"frequently20asked20questions20about20polydadmac_5\"><\/a><a id=\"frequently20asked20questions20about20polydadmac_5\" class=\"blank_anchor_id\"><\/a><a class=\"blank_anchor_name\" name=\"frequently-asked-questions-about-polydadmac\"><\/a><a id=\"frequently-asked-questions-about-polydadmac\" class=\"blank_anchor_id\"><\/a><\/div>\n<h2 id=\"frequently20asked20questions20about20polydadmac_5\" class=\"xsj_heading_hash xsj_heading xsj_heading_h2\" data-source-line=\"19\" data-source-line-display=\"true\"><span class=\"xsj_heading_content\">Perguntas frequentes sobre PolyDADMAC<\/span><\/h2>\n<div class=\"xiaoshujiang_element xsj_anchor\"><a class=\"blank_anchor_name\" name=\"120what20type20of20chemical20compound20is20polydadmac_6\"><\/a><a id=\"120what20type20of20chemical20compound20is20polydadmac_6\" class=\"blank_anchor_id\"><\/a><a class=\"blank_anchor_name\" name=\"1-what-type-of-chemical-compound-is-polydadmac\"><\/a><a id=\"1-what-type-of-chemical-compound-is-polydadmac\" class=\"blank_anchor_id\"><\/a><\/div>\n<h3 id=\"120what20type20of20chemical20compound20is20polydadmac_6\" class=\"xsj_heading_hash xsj_heading xsj_heading_h3\" data-source-line=\"21\" data-source-line-display=\"true\"><span class=\"xsj_heading_content\">1) Que tipo de composto qu\u00edmico \u00e9 o PolyDADMAC?<\/span><\/h3>\n<p class=\"xsj_paragraph xsj_paragraph_level_0\" data-source-line=\"23\" data-source-line-display=\"true\">PolyDADMC \u00e9 um homopol\u00edmero cati\u00f4nico composto principalmente de cloreto de dialildimetilam\u00f4nio (um sal de am\u00f4nio quatern\u00e1rio).<\/p>\n<div class=\"xiaoshujiang_element xsj_anchor\"><a class=\"blank_anchor_name\" name=\"220how20does20polydadmac20work_7\"><\/a><a id=\"220how20does20polydadmac20work_7\" class=\"blank_anchor_id\"><\/a><a class=\"blank_anchor_name\" name=\"2-how-does-polydadmac-work\"><\/a><a id=\"2-how-does-polydadmac-work\" class=\"blank_anchor_id\"><\/a><\/div>\n<h3 id=\"220how20does20polydadmac20work_7\" class=\"xsj_heading_hash xsj_heading xsj_heading_h3\" data-source-line=\"25\" data-source-line-display=\"true\"><span class=\"xsj_heading_content\">2) Como funciona o polydadmac?<\/span><\/h3>\n<p class=\"xsj_paragraph xsj_paragraph_level_0\" data-source-line=\"27\" data-source-line-display=\"true\">Ele funciona formando grandes flocos que separam as part\u00edculas de sujeira da suspens\u00e3o em l\u00edquidos, como \u00e1gua ou outras solu\u00e7\u00f5es de limpeza usadas em detergentes ou produtos para o cabelo, como xampus. Este pol\u00edmero tamb\u00e9m pode fornecer prote\u00e7\u00e3o antiest\u00e1tica quando usado em detergentes para a roupa.<\/p>\n<div class=\"xiaoshujiang_element xsj_anchor\"><a class=\"blank_anchor_name\" name=\"320is20polydadmac20safe_8\"><\/a><a id=\"320is20polydadmac20safe_8\" class=\"blank_anchor_id\"><\/a><a class=\"blank_anchor_name\" name=\"3-is-polydadmac-safe\"><\/a><a id=\"3-is-polydadmac-safe\" class=\"blank_anchor_id\"><\/a><\/div>\n<h3 id=\"320is20polydadmac20safe_8\" class=\"xsj_heading_hash xsj_heading xsj_heading_h3\" data-source-line=\"29\" data-source-line-display=\"true\"><span class=\"xsj_heading_content\">3) Polydadmac \u00e9 seguro?<\/span><\/h3>\n<p class=\"xsj_paragraph xsj_paragraph_level_0\" data-source-line=\"31\" data-source-line-display=\"true\">Sim! Ele foi testado rigorosamente para medidas de seguran\u00e7a e considerado n\u00e3o t\u00f3xico para uso em humanos, animais e plantas.<\/p>\n<div class=\"xiaoshujiang_element xsj_anchor\"><a class=\"blank_anchor_name\" name=\"420is20polydadmac20available20in20solid20form_9\"><\/a><a id=\"420is20polydadmac20available20in20solid20form_9\" class=\"blank_anchor_id\"><\/a><a class=\"blank_anchor_name\" name=\"4-is-polydadmac-available-in-solid-form\"><\/a><a id=\"4-is-polydadmac-available-in-solid-form\" class=\"blank_anchor_id\"><\/a><\/div>\n<h3 id=\"420is20polydadmac20available20in20solid20form_9\" class=\"xsj_heading_hash xsj_heading xsj_heading_h3\" data-source-line=\"33\" data-source-line-display=\"true\"><span class=\"xsj_heading_content\">4) O polydadmac est\u00e1 dispon\u00edvel na forma s\u00f3lida?<\/span><\/h3>\n<p class=\"xsj_paragraph xsj_paragraph_level_0\" data-source-line=\"35\" data-source-line-display=\"true\">Sim! Normalmente vem como um l\u00edquido concentrado com concentra\u00e7\u00f5es s\u00f3lidas entre 10% e 50%.<\/p>\n<div class=\"xiaoshujiang_element xsj_anchor\"><a class=\"blank_anchor_name\" name=\"520are20there20any20other20uses20for20polydadmac_10\"><\/a><a id=\"520are20there20any20other20uses20for20polydadmac_10\" class=\"blank_anchor_id\"><\/a><a class=\"blank_anchor_name\" name=\"5-are-there-any-other-uses-for-polydadmac\"><\/a><a id=\"5-are-there-any-other-uses-for-polydadmac\" class=\"blank_anchor_id\"><\/a><\/div>\n<h3 id=\"520are20there20any20other20uses20for20polydadmac_10\" class=\"xsj_heading_hash xsj_heading xsj_heading_h3\" data-source-line=\"37\" data-source-line-display=\"true\"><span class=\"xsj_heading_content\">5) Existem outros usos para polydadmac?<\/span><\/h3>\n<p class=\"xsj_paragraph xsj_paragraph_level_0\" data-source-line=\"39\" data-source-line-display=\"true\">Sim! Al\u00e9m de ser \u00fatil para tarefas como flocula\u00e7\u00e3o e sistemas de estabilidade de emuls\u00e3o mencionados anteriormente \u2013 este produto vers\u00e1til tamb\u00e9m pode ser utilizado em aditivos para tintas e setores de produ\u00e7\u00e3o de papel!<\/p>\n<p class=\"xsj_paragraph xsj_paragraph_level_0\" data-source-line=\"41\" data-source-line-display=\"true\"><a class=\"xsj_link xsj_manu_link\" href=\"https:\/\/vcycletech.com\/pt\/categoria-de-produto\/coagulantes-e-floculantes\/\">Obtenha a solu\u00e7\u00e3o completa de Coagulantes e Floculantes.<\/a><\/p>","protected":false},"excerpt":{"rendered":"<p><strong>Polydadmac<\/strong>, ou poliDADMAC, \u00e9 um homopol\u00edmero cati\u00f4nico de alto peso molecular. Este pol\u00edmero \u00e9 composto principalmente de cloreto de dialildimetilam\u00f4nio e est\u00e1 tipicamente dispon\u00edvel como um l\u00edquido concentrado com concentra\u00e7\u00f5es s\u00f3lidas entre 10% e 50%.<\/p>\n<p>Pode-se confiar nele para atender \u00e0s necessidades de qualquer ind\u00fastria gra\u00e7as \u00e0 sua versatilidade! O Polydadmac \u00e9 usado em uma variedade de aplica\u00e7\u00f5es industriais, como flocula\u00e7\u00e3o, e \u00e9 facilmente acess\u00edvel na forma de um hidrato. Gra\u00e7as aos seus muitos benef\u00edcios, o polyDADMAC \u00e9 um produto essencial para qualquer neg\u00f3cio!<\/p>","protected":false},"featured_media":2596,"template":"","meta":{"site-sidebar-layout":"default","site-content-layout":"default","ast-site-content-layout":"default","site-content-style":"default","site-sidebar-style":"default","ast-global-header-display":"","ast-banner-title-visibility":"","ast-main-header-display":"","ast-hfb-above-header-display":"","ast-hfb-below-header-display":"","ast-hfb-mobile-header-display":"","site-post-title":"","ast-breadcrumbs-content":"","ast-featured-img":"","footer-sml-layout":"","ast-disable-related-posts":"","theme-transparent-header-meta":"default","adv-header-id-meta":"","stick-header-meta":"default","header-above-stick-meta":"","header-main-stick-meta":"","header-below-stick-meta":"","astra-migrate-meta-layouts":"default","ast-page-background-enabled":"default","ast-page-background-meta":{"desktop":{"background-color":"","background-image":"","background-repeat":"repeat","background-position":"center center","background-size":"auto","background-attachment":"scroll","background-type":"","background-media":"","overlay-type":"","overlay-color":"","overlay-opacity":"","overlay-gradient":""},"tablet":{"background-color":"","background-image":"","background-repeat":"repeat","background-position":"center center","background-size":"auto","background-attachment":"scroll","background-type":"","background-media":"","overlay-type":"","overlay-color":"","overlay-opacity":"","overlay-gradient":""},"mobile":{"background-color":"","background-image":"","background-repeat":"repeat","background-position":"center center","background-size":"auto","background-attachment":"scroll","background-type":"","background-media":"","overlay-type":"","overlay-color":"","overlay-opacity":"","overlay-gradient":""}},"ast-content-background-meta":{"desktop":{"background-color":"var(--ast-global-color-5)","background-image":"","background-repeat":"repeat","background-position":"center center","background-size":"auto","background-attachment":"scroll","background-type":"","background-media":"","overlay-type":"","overlay-color":"","overlay-opacity":"","overlay-gradient":""},"tablet":{"background-color":"var(--ast-global-color-5)","background-image":"","background-repeat":"repeat","background-position":"center center","background-size":"auto","background-attachment":"scroll","background-type":"","background-media":"","overlay-type":"","overlay-color":"","overlay-opacity":"","overlay-gradient":""},"mobile":{"background-color":"var(--ast-global-color-5)","background-image":"","background-repeat":"repeat","background-position":"center center","background-size":"auto","background-attachment":"scroll","background-type":"","background-media":"","overlay-type":"","overlay-color":"","overlay-opacity":"","overlay-gradient":""}}},"product_brand":[],"product_cat":[37],"product_tag":[],"class_list":{"0":"post-2576","1":"product","2":"type-product","3":"status-publish","4":"has-post-thumbnail","6":"product_cat-coagulants-and-flocculants","7":"desktop-align-left","8":"tablet-align-left","9":"mobile-align-left","10":"ast-product-gallery-layout-horizontal-slider","11":"ast-product-gallery-with-no-image","12":"ast-product-tabs-layout-horizontal","14":"first","15":"instock","16":"shipping-taxable","17":"product-type-simple"},"yoast_head":"<!-- This site is optimized with the Yoast SEO Premium plugin v26.3 (Yoast SEO v27.3) - https:\/\/yoast.com\/product\/yoast-seo-premium-wordpress\/ -->\n<title>Polydadmac - vcycletech<\/title>\n<meta name=\"description\" content=\"Get the versatile and powerful PolyDADMAC for all your industrial needs. It&#039;s the essential cationic homopolymer with solid concentrations ranging from 10% to 50%. Unlock the potential of this high-molecular-weight polymer today! #PolyDADMAC\" \/>\n<meta name=\"robots\" content=\"index, follow, max-snippet:-1, max-image-preview:large, max-video-preview:-1\" \/>\n<link rel=\"canonical\" href=\"https:\/\/vcycletech.com\/pt\/produtos\/polidadmac\/\" \/>\n<meta property=\"og:locale\" content=\"pt_PT\" \/>\n<meta property=\"og:type\" content=\"article\" \/>\n<meta property=\"og:title\" content=\"Polydadmac\" \/>\n<meta property=\"og:description\" content=\"Get the versatile and powerful PolyDADMAC for all your industrial needs. It&#039;s the essential cationic homopolymer with solid concentrations ranging from 10% to 50%. Unlock the potential of this high-molecular-weight polymer today! #PolyDADMAC\" \/>\n<meta property=\"og:url\" content=\"https:\/\/vcycletech.com\/pt\/produtos\/polidadmac\/\" \/>\n<meta property=\"og:site_name\" content=\"vcycletech\" \/>\n<meta property=\"article:modified_time\" content=\"2023-03-23T10:34:03+00:00\" \/>\n<meta property=\"og:image\" content=\"https:\/\/vcycletech.com\/wp-content\/uploads\/2023\/03\/WT-601-13.png\" \/>\n\t<meta property=\"og:image:width\" content=\"600\" \/>\n\t<meta property=\"og:image:height\" content=\"600\" \/>\n\t<meta property=\"og:image:type\" content=\"image\/png\" \/>\n<meta name=\"twitter:card\" content=\"summary_large_image\" \/>\n<meta name=\"twitter:label1\" content=\"Tempo estimado de leitura\" \/>\n\t<meta name=\"twitter:data1\" content=\"2 minutos\" \/>\n<script type=\"application\/ld+json\" class=\"yoast-schema-graph\">{\"@context\":\"https:\\\/\\\/schema.org\",\"@graph\":[{\"@type\":\"WebPage\",\"@id\":\"https:\\\/\\\/vcycletech.com\\\/product\\\/polydadmac\\\/\",\"url\":\"https:\\\/\\\/vcycletech.com\\\/product\\\/polydadmac\\\/\",\"name\":\"Polydadmac - vcycletech\",\"isPartOf\":{\"@id\":\"https:\\\/\\\/vcycletech.com\\\/#website\"},\"primaryImageOfPage\":{\"@id\":\"https:\\\/\\\/vcycletech.com\\\/product\\\/polydadmac\\\/#primaryimage\"},\"image\":{\"@id\":\"https:\\\/\\\/vcycletech.com\\\/product\\\/polydadmac\\\/#primaryimage\"},\"thumbnailUrl\":\"https:\\\/\\\/vcycletech.com\\\/wp-content\\\/uploads\\\/2023\\\/03\\\/WT-601-13.png\",\"datePublished\":\"2023-03-23T10:34:02+00:00\",\"dateModified\":\"2023-03-23T10:34:03+00:00\",\"description\":\"Get the versatile and powerful PolyDADMAC for all your industrial needs. It's the essential cationic homopolymer with solid concentrations ranging from 10% to 50%. Unlock the potential of this high-molecular-weight polymer today! #PolyDADMAC\",\"breadcrumb\":{\"@id\":\"https:\\\/\\\/vcycletech.com\\\/product\\\/polydadmac\\\/#breadcrumb\"},\"inLanguage\":\"pt-PT\",\"potentialAction\":[{\"@type\":\"ReadAction\",\"target\":[\"https:\\\/\\\/vcycletech.com\\\/product\\\/polydadmac\\\/\"]}]},{\"@type\":\"ImageObject\",\"inLanguage\":\"pt-PT\",\"@id\":\"https:\\\/\\\/vcycletech.com\\\/product\\\/polydadmac\\\/#primaryimage\",\"url\":\"https:\\\/\\\/vcycletech.com\\\/wp-content\\\/uploads\\\/2023\\\/03\\\/WT-601-13.png\",\"contentUrl\":\"https:\\\/\\\/vcycletech.com\\\/wp-content\\\/uploads\\\/2023\\\/03\\\/WT-601-13.png\",\"width\":600,\"height\":600,\"caption\":\"Polydadmac\"},{\"@type\":\"BreadcrumbList\",\"@id\":\"https:\\\/\\\/vcycletech.com\\\/product\\\/polydadmac\\\/#breadcrumb\",\"itemListElement\":[{\"@type\":\"ListItem\",\"position\":1,\"name\":\"Home\",\"item\":\"https:\\\/\\\/vcycletech.com\\\/\"},{\"@type\":\"ListItem\",\"position\":2,\"name\":\"Water Treatment Chemicals Manufacturer\",\"item\":\"https:\\\/\\\/vcycletech.com\\\/water-treatment-chemicals-manufacturer\\\/\"},{\"@type\":\"ListItem\",\"position\":3,\"name\":\"Polydadmac\"}]},{\"@type\":\"WebSite\",\"@id\":\"https:\\\/\\\/vcycletech.com\\\/#website\",\"url\":\"https:\\\/\\\/vcycletech.com\\\/\",\"name\":\"vcycletech\",\"description\":\"China&#039;s top water treatment chemicals supplier\",\"publisher\":{\"@id\":\"https:\\\/\\\/vcycletech.com\\\/#organization\"},\"potentialAction\":[{\"@type\":\"SearchAction\",\"target\":{\"@type\":\"EntryPoint\",\"urlTemplate\":\"https:\\\/\\\/vcycletech.com\\\/?s={search_term_string}\"},\"query-input\":{\"@type\":\"PropertyValueSpecification\",\"valueRequired\":true,\"valueName\":\"search_term_string\"}}],\"inLanguage\":\"pt-PT\"},{\"@type\":\"Organization\",\"@id\":\"https:\\\/\\\/vcycletech.com\\\/#organization\",\"name\":\"vcycletech\",\"url\":\"https:\\\/\\\/vcycletech.com\\\/\",\"logo\":{\"@type\":\"ImageObject\",\"inLanguage\":\"pt-PT\",\"@id\":\"https:\\\/\\\/vcycletech.com\\\/#\\\/schema\\\/logo\\\/image\\\/\",\"url\":\"https:\\\/\\\/vcycletech.com\\\/wp-content\\\/uploads\\\/2023\\\/03\\\/logo-vcycletech-1.png\",\"contentUrl\":\"https:\\\/\\\/vcycletech.com\\\/wp-content\\\/uploads\\\/2023\\\/03\\\/logo-vcycletech-1.png\",\"width\":600,\"height\":400,\"caption\":\"vcycletech\"},\"image\":{\"@id\":\"https:\\\/\\\/vcycletech.com\\\/#\\\/schema\\\/logo\\\/image\\\/\"}}]}<\/script>\n<!-- \/ Yoast SEO Premium plugin. -->","yoast_head_json":{"title":"Polydadmac - vcycletech","description":"Obtenha o vers\u00e1til e poderoso PolyDADMAC para todas as suas necessidades industriais. \u00c9 o homopol\u00edmero cati\u00f4nico essencial com concentra\u00e7\u00f5es s\u00f3lidas que variam de 10% a 50%. Libere o potencial deste pol\u00edmero de alto peso molecular hoje! #PolyDADMAC","robots":{"index":"index","follow":"follow","max-snippet":"max-snippet:-1","max-image-preview":"max-image-preview:large","max-video-preview":"max-video-preview:-1"},"canonical":"https:\/\/vcycletech.com\/pt\/produtos\/polidadmac\/","og_locale":"pt_PT","og_type":"article","og_title":"Polydadmac","og_description":"Get the versatile and powerful PolyDADMAC for all your industrial needs. It's the essential cationic homopolymer with solid concentrations ranging from 10% to 50%. Unlock the potential of this high-molecular-weight polymer today! #PolyDADMAC","og_url":"https:\/\/vcycletech.com\/pt\/produtos\/polidadmac\/","og_site_name":"vcycletech","article_modified_time":"2023-03-23T10:34:03+00:00","og_image":[{"width":600,"height":600,"url":"https:\/\/vcycletech.com\/wp-content\/uploads\/2023\/03\/WT-601-13.png","type":"image\/png"}],"twitter_card":"summary_large_image","twitter_misc":{"Tempo estimado de leitura":"2 minutos"},"schema":{"@context":"https:\/\/schema.org","@graph":[{"@type":"WebPage","@id":"https:\/\/vcycletech.com\/product\/polydadmac\/","url":"https:\/\/vcycletech.com\/product\/polydadmac\/","name":"Polydadmac - vcycletech","isPartOf":{"@id":"https:\/\/vcycletech.com\/#website"},"primaryImageOfPage":{"@id":"https:\/\/vcycletech.com\/product\/polydadmac\/#primaryimage"},"image":{"@id":"https:\/\/vcycletech.com\/product\/polydadmac\/#primaryimage"},"thumbnailUrl":"https:\/\/vcycletech.com\/wp-content\/uploads\/2023\/03\/WT-601-13.png","datePublished":"2023-03-23T10:34:02+00:00","dateModified":"2023-03-23T10:34:03+00:00","description":"Obtenha o vers\u00e1til e poderoso PolyDADMAC para todas as suas necessidades industriais. \u00c9 o homopol\u00edmero cati\u00f4nico essencial com concentra\u00e7\u00f5es s\u00f3lidas que variam de 10% a 50%. Libere o potencial deste pol\u00edmero de alto peso molecular hoje! #PolyDADMAC","breadcrumb":{"@id":"https:\/\/vcycletech.com\/product\/polydadmac\/#breadcrumb"},"inLanguage":"pt-PT","potentialAction":[{"@type":"ReadAction","target":["https:\/\/vcycletech.com\/product\/polydadmac\/"]}]},{"@type":"ImageObject","inLanguage":"pt-PT","@id":"https:\/\/vcycletech.com\/product\/polydadmac\/#primaryimage","url":"https:\/\/vcycletech.com\/wp-content\/uploads\/2023\/03\/WT-601-13.png","contentUrl":"https:\/\/vcycletech.com\/wp-content\/uploads\/2023\/03\/WT-601-13.png","width":600,"height":600,"caption":"Polydadmac"},{"@type":"BreadcrumbList","@id":"https:\/\/vcycletech.com\/product\/polydadmac\/#breadcrumb","itemListElement":[{"@type":"ListItem","position":1,"name":"Home","item":"https:\/\/vcycletech.com\/"},{"@type":"ListItem","position":2,"name":"Water Treatment Chemicals Manufacturer","item":"https:\/\/vcycletech.com\/water-treatment-chemicals-manufacturer\/"},{"@type":"ListItem","position":3,"name":"Polydadmac"}]},{"@type":"WebSite","@id":"https:\/\/vcycletech.com\/#website","url":"https:\/\/vcycletech.com\/","name":"vcycletech","description":"China&#039;principal fornecedor de produtos qu\u00edmicos para tratamento de \u00e1gua","publisher":{"@id":"https:\/\/vcycletech.com\/#organization"},"potentialAction":[{"@type":"SearchAction","target":{"@type":"EntryPoint","urlTemplate":"https:\/\/vcycletech.com\/?s={search_term_string}"},"query-input":{"@type":"PropertyValueSpecification","valueRequired":true,"valueName":"search_term_string"}}],"inLanguage":"pt-PT"},{"@type":"Organization","@id":"https:\/\/vcycletech.com\/#organization","name":"vcycletech","url":"https:\/\/vcycletech.com\/","logo":{"@type":"ImageObject","inLanguage":"pt-PT","@id":"https:\/\/vcycletech.com\/#\/schema\/logo\/image\/","url":"https:\/\/vcycletech.com\/wp-content\/uploads\/2023\/03\/logo-vcycletech-1.png","contentUrl":"https:\/\/vcycletech.com\/wp-content\/uploads\/2023\/03\/logo-vcycletech-1.png","width":600,"height":400,"caption":"vcycletech"},"image":{"@id":"https:\/\/vcycletech.com\/#\/schema\/logo\/image\/"}}]}},"_links":{"self":[{"href":"https:\/\/vcycletech.com\/pt\/wp-json\/wp\/v2\/product\/2576","targetHints":{"allow":["GET"]}}],"collection":[{"href":"https:\/\/vcycletech.com\/pt\/wp-json\/wp\/v2\/product"}],"about":[{"href":"https:\/\/vcycletech.com\/pt\/wp-json\/wp\/v2\/types\/product"}],"wp:featuredmedia":[{"embeddable":true,"href":"https:\/\/vcycletech.com\/pt\/wp-json\/wp\/v2\/media\/2596"}],"wp:attachment":[{"href":"https:\/\/vcycletech.com\/pt\/wp-json\/wp\/v2\/media?parent=2576"}],"wp:term":[{"taxonomy":"product_brand","embeddable":true,"href":"https:\/\/vcycletech.com\/pt\/wp-json\/wp\/v2\/product_brand?post=2576"},{"taxonomy":"product_cat","embeddable":true,"href":"https:\/\/vcycletech.com\/pt\/wp-json\/wp\/v2\/product_cat?post=2576"},{"taxonomy":"product_tag","embeddable":true,"href":"https:\/\/vcycletech.com\/pt\/wp-json\/wp\/v2\/product_tag?post=2576"}],"curies":[{"name":"wp","href":"https:\/\/api.w.org\/{rel}","templated":true}]}}