{"id":2492,"date":"2023-03-23T10:10:09","date_gmt":"2023-03-23T10:10:09","guid":{"rendered":"https:\/\/vcycletech.com\/?post_type=product&#038;p=2492"},"modified":"2023-03-23T10:10:10","modified_gmt":"2023-03-23T10:10:10","slug":"poliamina","status":"publish","type":"product","link":"https:\/\/vcycletech.com\/pt\/produtos\/poliamina\/","title":{"rendered":"poliamina"},"content":{"rendered":"<h2 id=\"introduction_2\" class=\"xsj_heading_hash xsj_heading xsj_heading_h2\" data-source-line=\"6\" data-source-line-display=\"true\"><span class=\"xsj_heading_content\">Introdu\u00e7\u00e3o<\/span><\/h2>\n<p class=\"xsj_paragraph xsj_paragraph_level_0\" data-source-line=\"7\" data-source-line-display=\"true\">As poliaminas s\u00e3o pol\u00edmeros cati\u00f4nicos usados em v\u00e1rias ind\u00fastrias, mais comumente em esta\u00e7\u00f5es de tratamento de \u00e1gua e f\u00e1bricas de papel. Este coagulante avan\u00e7ado funciona com neutraliza\u00e7\u00e3o de carga e separa\u00e7\u00e3o eficiente de s\u00f3lidos para alcan\u00e7ar v\u00e1rios produtos finais desejados. A poliamina tem v\u00e1rios pesos moleculares, tornando-a adequada para aplica\u00e7\u00f5es \u00fanicas.<\/p>\n<div class=\"xiaoshujiang_element xsj_anchor\"><a class=\"blank_anchor_name\" name=\"features_3\"><\/a><a id=\"features_3\" class=\"blank_anchor_id\"><\/a><a class=\"blank_anchor_name\" name=\"features\"><\/a><a id=\"features\" class=\"blank_anchor_id\"><\/a><\/div>\n<h2 id=\"features_3\" class=\"xsj_heading_hash xsj_heading xsj_heading_h2\" data-source-line=\"9\" data-source-line-display=\"true\"><span class=\"xsj_heading_content\">Caracter\u00edsticas<\/span><\/h2>\n<p class=\"xsj_paragraph xsj_paragraph_level_0\" data-source-line=\"11\" data-source-line-display=\"true\">A poliamina \u00e9 uma solu\u00e7\u00e3o altamente eficaz devido \u00e0 sua poderosa f\u00f3rmula l\u00edquida que remove de forma r\u00e1pida e eficaz os s\u00f3lidos suspensos dos l\u00edquidos. Tamb\u00e9m \u00e9 altamente eficiente, pois reduz a quantidade de lodo produzido durante os processos de purifica\u00e7\u00e3o de \u00e1gua, permitindo um m\u00e9todo de tratamento ecologicamente correto. Al\u00e9m disso, as poliaminas possuem excelentes propriedades de flocula\u00e7\u00e3o, permitindo que formem liga\u00e7\u00f5es entre as part\u00edculas no l\u00edquido, facilitando sua remo\u00e7\u00e3o da mistura.<\/p>\n<div class=\"xiaoshujiang_element xsj_anchor\"><a class=\"blank_anchor_name\" name=\"applications_4\"><\/a><a id=\"applications_4\" class=\"blank_anchor_id\"><\/a><a class=\"blank_anchor_name\" name=\"applications\"><\/a><a id=\"applications\" class=\"blank_anchor_id\"><\/a><\/div>\n<h2 id=\"applications_4\" class=\"xsj_heading_hash xsj_heading xsj_heading_h2\" data-source-line=\"13\" data-source-line-display=\"true\"><span class=\"xsj_heading_content\">Formul\u00e1rios<\/span><\/h2>\n<p class=\"xsj_paragraph xsj_paragraph_level_0\" data-source-line=\"15\" data-source-line-display=\"true\">A poliamina \u00e9 usada principalmente em esta\u00e7\u00f5es de tratamento de \u00e1gua, pois ajuda a remover s\u00f3lidos indesejados do abastecimento de \u00e1gua. Tamb\u00e9m \u00e9 ben\u00e9fico em f\u00e1bricas de papel, pois ajuda a separar as fibras de lignina e celulose para uma produ\u00e7\u00e3o de papel mais eficiente. A poliamina tamb\u00e9m pode ser usada para a remo\u00e7\u00e3o de controle de pH de metal pesado oval de fluxos de \u00e1guas residuais industriais quando combinada com outras subst\u00e2ncias, como sulfato de alum\u00ednio ou cloreto f\u00e9rrico.<\/p>\n<h3>Especifica\u00e7\u00f5es<\/h3>\n\n<table id=\"tablepress-13\" class=\"tablepress tablepress-id-13\">\n<thead>\n<tr class=\"row-1\">\n\t<th class=\"column-1\">Apar\u00eancia<\/th><th class=\"column-2\">L\u00edquido transparente incolor a ligeiramente amarelo<\/th><td class=\"column-3\"><\/td><td class=\"column-4\"><\/td>\n<\/tr>\n<\/thead>\n<tbody class=\"row-striping row-hover\">\n<tr class=\"row-2\">\n\t<td class=\"column-1\">Natureza I\u00f4nica<\/td><td class=\"column-2\">cati\u00f4nico<\/td><td class=\"column-3\"><\/td><td class=\"column-4\"><\/td>\n<\/tr>\n<tr class=\"row-3\">\n\t<td class=\"column-1\">Valor de pH (detec\u00e7\u00e3o direta)<\/td><td class=\"column-2\">4.0-7.0<\/td><td class=\"column-3\"><\/td><td class=\"column-4\"><\/td>\n<\/tr>\n<tr class=\"row-4\">\n\t<td class=\"column-1\">Conte\u00fado S\u00f3lido %<\/td><td class=\"column-2\">\u226550<\/td><td class=\"column-3\"><\/td><td class=\"column-4\"><\/td>\n<\/tr>\n<tr class=\"row-5\">\n\t<td class=\"column-1\">Nota: Nosso produto pode ser feito mediante solicita\u00e7\u00e3o especial.<\/td><td class=\"column-2\"><\/td><td class=\"column-3\"><\/td><td class=\"column-4\"><\/td>\n<\/tr>\n<\/tbody>\n<\/table>\n<!-- #tablepress-13 from cache -->\n<div class=\"xiaoshujiang_element xsj_anchor\"><a class=\"blank_anchor_name\" name=\"faqs_5\"><\/a><a id=\"faqs_5\" class=\"blank_anchor_id\"><\/a><a class=\"blank_anchor_name\" name=\"faqs\"><\/a><a id=\"faqs\" class=\"blank_anchor_id\"><\/a><\/div>\n<h2 id=\"faqs_5\" class=\"xsj_heading_hash xsj_heading xsj_heading_h2\" data-source-line=\"17\" data-source-line-display=\"true\"><span class=\"xsj_heading_content\">perguntas frequentes<\/span><\/h2>\n<div class=\"xiaoshujiang_element xsj_anchor\"><a class=\"blank_anchor_name\" name=\"q20what20type20of20product20is20polyamine_6\"><\/a><a id=\"q20what20type20of20product20is20polyamine_6\" class=\"blank_anchor_id\"><\/a><a class=\"blank_anchor_name\" name=\"q-what-type-of-product-is-polyamine\"><\/a><a id=\"q-what-type-of-product-is-polyamine\" class=\"blank_anchor_id\"><\/a><\/div>\n<h3 id=\"q20what20type20of20product20is20polyamine_6\" class=\"xsj_heading_hash xsj_heading xsj_heading_h3\" data-source-line=\"19\" data-source-line-display=\"true\"><span class=\"xsj_heading_content\">P: Que tipo de produto \u00e9 a poliamina?<\/span><\/h3>\n<p class=\"xsj_paragraph xsj_paragraph_level_0\" data-source-line=\"21\" data-source-line-display=\"true\">R: A poliamina \u00e9 um pol\u00edmero cati\u00f4nico usado em v\u00e1rias ind\u00fastrias para neutraliza\u00e7\u00e3o de cargas e separa\u00e7\u00e3o eficiente de s\u00f3lidos.<\/p>\n<div class=\"xiaoshujiang_element xsj_anchor\"><a class=\"blank_anchor_name\" name=\"q20what20are20the20benefits20of20using20polyamine_7\"><\/a><a id=\"q20what20are20the20benefits20of20using20polyamine_7\" class=\"blank_anchor_id\"><\/a><a class=\"blank_anchor_name\" name=\"q-what-are-the-benefits-of-using-polyamine\"><\/a><a id=\"q-what-are-the-benefits-of-using-polyamine\" class=\"blank_anchor_id\"><\/a><\/div>\n<h3 id=\"q20what20are20the20benefits20of20using20polyamine_7\" class=\"xsj_heading_hash xsj_heading xsj_heading_h3\" data-source-line=\"23\" data-source-line-display=\"true\"><span class=\"xsj_heading_content\">P: Quais s\u00e3o os benef\u00edcios do uso de poliamina?<\/span><\/h3>\n<p class=\"xsj_paragraph xsj_paragraph_level_0\" data-source-line=\"25\" data-source-line-display=\"true\">R: O principal benef\u00edcio do uso de poliamina \u00e9 sua poderosa f\u00f3rmula l\u00edquida que remove rapidamente s\u00f3lidos suspensos de l\u00edquidos enquanto cria menos lodo do que os m\u00e9todos tradicionais. Tamb\u00e9m possui excelentes propriedades de flocula\u00e7\u00e3o, permitindo que as part\u00edculas formem liga\u00e7\u00f5es fortes e sejam removidas da mistura com efici\u00eancia.<\/p>\n<div class=\"xiaoshujiang_element xsj_anchor\"><a class=\"blank_anchor_name\" name=\"q20where20is20polyamine20typically20used_8\"><\/a><a id=\"q20where20is20polyamine20typically20used_8\" class=\"blank_anchor_id\"><\/a><a class=\"blank_anchor_name\" name=\"q-where-is-polyamine-typically-used\"><\/a><a id=\"q-where-is-polyamine-typically-used\" class=\"blank_anchor_id\"><\/a><\/div>\n<h3 id=\"q20where20is20polyamine20typically20used_8\" class=\"xsj_heading_hash xsj_heading xsj_heading_h3\" data-source-line=\"27\" data-source-line-display=\"true\"><span class=\"xsj_heading_content\">P: Onde a poliamina \u00e9 normalmente usada?<\/span><\/h3>\n<p class=\"xsj_paragraph xsj_paragraph_level_0\" data-source-line=\"29\" data-source-line-display=\"true\">R: A poliamina \u00e9 comumente usada em esta\u00e7\u00f5es de tratamento de \u00e1gua e f\u00e1bricas de papel porque pode separar com efici\u00eancia a lignina e as fibras de celulose e remover s\u00f3lidos indesejados do abastecimento de \u00e1gua com impacto ambiental m\u00ednimo.<\/p>\n<div class=\"xiaoshujiang_element xsj_anchor\"><a class=\"blank_anchor_name\" name=\"q20how20does20polyamine20work_9\"><\/a><a id=\"q20how20does20polyamine20work_9\" class=\"blank_anchor_id\"><\/a><a class=\"blank_anchor_name\" name=\"q-how-does-polyamine-work\"><\/a><a id=\"q-how-does-polyamine-work\" class=\"blank_anchor_id\"><\/a><\/div>\n<h3 id=\"q20how20does20polyamine20work_9\" class=\"xsj_heading_hash xsj_heading xsj_heading_h3\" data-source-line=\"31\" data-source-line-display=\"true\"><span class=\"xsj_heading_content\">P: Como funciona a poliamina?<\/span><\/h3>\n<p class=\"xsj_paragraph xsj_paragraph_level_0\" data-source-line=\"33\" data-source-line-display=\"true\">R: A poliamina funciona por neutraliza\u00e7\u00e3o de carga e separa\u00e7\u00e3o eficiente de s\u00f3lidos, permitindo remover materiais indesejados de l\u00edquidos sem produzir muito subproduto de lodo. Suas excelentes propriedades de flocula\u00e7\u00e3o o tornam uma escolha eficaz para formar fortes liga\u00e7\u00f5es entre as part\u00edculas, que podem ser facilmente removidas da mistura.<\/p>\n<p class=\"xsj_paragraph xsj_paragraph_level_0\" data-source-line=\"35\" data-source-line-display=\"true\"><a class=\"xsj_link xsj_manu_link\" href=\"https:\/\/vcycletech.com\/pt\/categoria-de-produto\/coagulantes-e-floculantes\/\">Obtenha a solu\u00e7\u00e3o completa de Coagulantes e Floculantes.<\/a><\/p>","protected":false},"excerpt":{"rendered":"<p class=\"xsj_paragraph xsj_paragraph_level_0\" data-source-line=\"45\" data-source-line-display=\"true\">A poliamina \u00e9 um poderoso pol\u00edmero cati\u00f4nico l\u00edquido capaz de neutraliza\u00e7\u00e3o de carga e separa\u00e7\u00e3o eficiente de s\u00f3lidos. Pode ser usado em muitas ind\u00fastrias, como esta\u00e7\u00f5es de tratamento de \u00e1gua e f\u00e1bricas de papel. A poliamina possui v\u00e1rios pesos moleculares para atender \u00e0s necessidades exclusivas de cada aplica\u00e7\u00e3o.<\/p>\n<p class=\"xsj_paragraph xsj_paragraph_level_0\" data-source-line=\"47\" data-source-line-display=\"true\"><strong class=\"markdown_strong_asterisk\">Embalagem e Armazenamento<\/strong><br \/>\nNosso produto \u00e9 embalado em tambores pl\u00e1sticos de 210 kg\/tambor ou 1100 kg\/IBC e deve ser selado com seguran\u00e7a para armazenamento ideal. N\u00e3o \u00e9 apenas n\u00e3o inflam\u00e1vel, mas este item tamb\u00e9m tem o benef\u00edcio de ser inofensivo, sem propriedades explosivas - tornando-o uma escolha segura em compara\u00e7\u00e3o com outros produtos qu\u00edmicos perigosos!<\/p>","protected":false},"featured_media":2573,"template":"","meta":{"site-sidebar-layout":"default","site-content-layout":"default","ast-site-content-layout":"default","site-content-style":"default","site-sidebar-style":"default","ast-global-header-display":"","ast-banner-title-visibility":"","ast-main-header-display":"","ast-hfb-above-header-display":"","ast-hfb-below-header-display":"","ast-hfb-mobile-header-display":"","site-post-title":"","ast-breadcrumbs-content":"","ast-featured-img":"","footer-sml-layout":"","ast-disable-related-posts":"","theme-transparent-header-meta":"default","adv-header-id-meta":"","stick-header-meta":"default","header-above-stick-meta":"","header-main-stick-meta":"","header-below-stick-meta":"","astra-migrate-meta-layouts":"default","ast-page-background-enabled":"default","ast-page-background-meta":{"desktop":{"background-color":"","background-image":"","background-repeat":"repeat","background-position":"center center","background-size":"auto","background-attachment":"scroll","background-type":"","background-media":"","overlay-type":"","overlay-color":"","overlay-opacity":"","overlay-gradient":""},"tablet":{"background-color":"","background-image":"","background-repeat":"repeat","background-position":"center center","background-size":"auto","background-attachment":"scroll","background-type":"","background-media":"","overlay-type":"","overlay-color":"","overlay-opacity":"","overlay-gradient":""},"mobile":{"background-color":"","background-image":"","background-repeat":"repeat","background-position":"center center","background-size":"auto","background-attachment":"scroll","background-type":"","background-media":"","overlay-type":"","overlay-color":"","overlay-opacity":"","overlay-gradient":""}},"ast-content-background-meta":{"desktop":{"background-color":"var(--ast-global-color-5)","background-image":"","background-repeat":"repeat","background-position":"center center","background-size":"auto","background-attachment":"scroll","background-type":"","background-media":"","overlay-type":"","overlay-color":"","overlay-opacity":"","overlay-gradient":""},"tablet":{"background-color":"var(--ast-global-color-5)","background-image":"","background-repeat":"repeat","background-position":"center center","background-size":"auto","background-attachment":"scroll","background-type":"","background-media":"","overlay-type":"","overlay-color":"","overlay-opacity":"","overlay-gradient":""},"mobile":{"background-color":"var(--ast-global-color-5)","background-image":"","background-repeat":"repeat","background-position":"center center","background-size":"auto","background-attachment":"scroll","background-type":"","background-media":"","overlay-type":"","overlay-color":"","overlay-opacity":"","overlay-gradient":""}}},"product_brand":[],"product_cat":[37],"product_tag":[],"class_list":{"0":"post-2492","1":"product","2":"type-product","3":"status-publish","4":"has-post-thumbnail","6":"product_cat-coagulants-and-flocculants","7":"desktop-align-left","8":"tablet-align-left","9":"mobile-align-left","10":"ast-product-gallery-layout-horizontal-slider","11":"ast-product-gallery-with-no-image","12":"ast-product-tabs-layout-horizontal","14":"first","15":"instock","16":"shipping-taxable","17":"product-type-simple"},"yoast_head":"<!-- This site is optimized with the Yoast SEO Premium plugin v26.3 (Yoast SEO v27.5) - https:\/\/yoast.com\/product\/yoast-seo-premium-wordpress\/ -->\n<title>Polyamine - vcycletech<\/title>\n<meta name=\"description\" content=\"Coagulate solids and get desired end products for your water treatment plants or paper mills with ease! Polyamine is the advanced cationic polymer that guarantees charge neutralization. Try it today and make your work easier! #Polyamine\" \/>\n<meta name=\"robots\" content=\"index, follow, max-snippet:-1, max-image-preview:large, max-video-preview:-1\" \/>\n<link rel=\"canonical\" href=\"https:\/\/vcycletech.com\/pt\/produtos\/poliamina\/\" \/>\n<meta property=\"og:locale\" content=\"pt_PT\" \/>\n<meta property=\"og:type\" content=\"article\" \/>\n<meta property=\"og:title\" content=\"Polyamine\" \/>\n<meta property=\"og:description\" content=\"Coagulate solids and get desired end products for your water treatment plants or paper mills with ease! Polyamine is the advanced cationic polymer that guarantees charge neutralization. Try it today and make your work easier! #Polyamine\" \/>\n<meta property=\"og:url\" content=\"https:\/\/vcycletech.com\/pt\/produtos\/poliamina\/\" \/>\n<meta property=\"og:site_name\" content=\"vcycletech\" \/>\n<meta property=\"article:modified_time\" content=\"2023-03-23T10:10:10+00:00\" \/>\n<meta property=\"og:image\" content=\"https:\/\/vcycletech.com\/wp-content\/uploads\/2023\/03\/WT-601-12.png\" \/>\n\t<meta property=\"og:image:width\" content=\"600\" \/>\n\t<meta property=\"og:image:height\" content=\"600\" \/>\n\t<meta property=\"og:image:type\" content=\"image\/png\" \/>\n<meta name=\"twitter:card\" content=\"summary_large_image\" \/>\n<meta name=\"twitter:label1\" content=\"Tempo estimado de leitura\" \/>\n\t<meta name=\"twitter:data1\" content=\"2 minutos\" \/>\n<script type=\"application\/ld+json\" class=\"yoast-schema-graph\">{\"@context\":\"https:\\\/\\\/schema.org\",\"@graph\":[{\"@type\":\"WebPage\",\"@id\":\"https:\\\/\\\/vcycletech.com\\\/product\\\/polyamine\\\/\",\"url\":\"https:\\\/\\\/vcycletech.com\\\/product\\\/polyamine\\\/\",\"name\":\"Polyamine - vcycletech\",\"isPartOf\":{\"@id\":\"https:\\\/\\\/vcycletech.com\\\/#website\"},\"primaryImageOfPage\":{\"@id\":\"https:\\\/\\\/vcycletech.com\\\/product\\\/polyamine\\\/#primaryimage\"},\"image\":{\"@id\":\"https:\\\/\\\/vcycletech.com\\\/product\\\/polyamine\\\/#primaryimage\"},\"thumbnailUrl\":\"https:\\\/\\\/vcycletech.com\\\/wp-content\\\/uploads\\\/2023\\\/03\\\/WT-601-12.png\",\"datePublished\":\"2023-03-23T10:10:09+00:00\",\"dateModified\":\"2023-03-23T10:10:10+00:00\",\"description\":\"Coagulate solids and get desired end products for your water treatment plants or paper mills with ease! Polyamine is the advanced cationic polymer that guarantees charge neutralization. Try it today and make your work easier! #Polyamine\",\"breadcrumb\":{\"@id\":\"https:\\\/\\\/vcycletech.com\\\/product\\\/polyamine\\\/#breadcrumb\"},\"inLanguage\":\"pt-PT\",\"potentialAction\":[{\"@type\":\"ReadAction\",\"target\":[\"https:\\\/\\\/vcycletech.com\\\/product\\\/polyamine\\\/\"]}]},{\"@type\":\"ImageObject\",\"inLanguage\":\"pt-PT\",\"@id\":\"https:\\\/\\\/vcycletech.com\\\/product\\\/polyamine\\\/#primaryimage\",\"url\":\"https:\\\/\\\/vcycletech.com\\\/wp-content\\\/uploads\\\/2023\\\/03\\\/WT-601-12.png\",\"contentUrl\":\"https:\\\/\\\/vcycletech.com\\\/wp-content\\\/uploads\\\/2023\\\/03\\\/WT-601-12.png\",\"width\":600,\"height\":600,\"caption\":\"Polyamine\"},{\"@type\":\"BreadcrumbList\",\"@id\":\"https:\\\/\\\/vcycletech.com\\\/product\\\/polyamine\\\/#breadcrumb\",\"itemListElement\":[{\"@type\":\"ListItem\",\"position\":1,\"name\":\"Home\",\"item\":\"https:\\\/\\\/vcycletech.com\\\/\"},{\"@type\":\"ListItem\",\"position\":2,\"name\":\"Water Treatment Chemicals Manufacturer\",\"item\":\"https:\\\/\\\/vcycletech.com\\\/water-treatment-chemicals-manufacturer\\\/\"},{\"@type\":\"ListItem\",\"position\":3,\"name\":\"Polyamine\"}]},{\"@type\":\"WebSite\",\"@id\":\"https:\\\/\\\/vcycletech.com\\\/#website\",\"url\":\"https:\\\/\\\/vcycletech.com\\\/\",\"name\":\"vcycletech\",\"description\":\"China&#039;s top water treatment chemicals supplier\",\"publisher\":{\"@id\":\"https:\\\/\\\/vcycletech.com\\\/#organization\"},\"potentialAction\":[{\"@type\":\"SearchAction\",\"target\":{\"@type\":\"EntryPoint\",\"urlTemplate\":\"https:\\\/\\\/vcycletech.com\\\/?s={search_term_string}\"},\"query-input\":{\"@type\":\"PropertyValueSpecification\",\"valueRequired\":true,\"valueName\":\"search_term_string\"}}],\"inLanguage\":\"pt-PT\"},{\"@type\":\"Organization\",\"@id\":\"https:\\\/\\\/vcycletech.com\\\/#organization\",\"name\":\"vcycletech\",\"url\":\"https:\\\/\\\/vcycletech.com\\\/\",\"logo\":{\"@type\":\"ImageObject\",\"inLanguage\":\"pt-PT\",\"@id\":\"https:\\\/\\\/vcycletech.com\\\/#\\\/schema\\\/logo\\\/image\\\/\",\"url\":\"https:\\\/\\\/vcycletech.com\\\/wp-content\\\/uploads\\\/2023\\\/03\\\/logo-vcycletech-1.png\",\"contentUrl\":\"https:\\\/\\\/vcycletech.com\\\/wp-content\\\/uploads\\\/2023\\\/03\\\/logo-vcycletech-1.png\",\"width\":600,\"height\":400,\"caption\":\"vcycletech\"},\"image\":{\"@id\":\"https:\\\/\\\/vcycletech.com\\\/#\\\/schema\\\/logo\\\/image\\\/\"}}]}<\/script>\n<!-- \/ Yoast SEO Premium plugin. -->","yoast_head_json":{"title":"Poliamina - vcycletech","description":"Coagule s\u00f3lidos e obtenha os produtos finais desejados para suas esta\u00e7\u00f5es de tratamento de \u00e1gua ou f\u00e1bricas de papel com facilidade! A poliamina \u00e9 o pol\u00edmero cati\u00f4nico avan\u00e7ado que garante a neutraliza\u00e7\u00e3o da carga. Experimente hoje e facilite o seu trabalho! #Poliamina","robots":{"index":"index","follow":"follow","max-snippet":"max-snippet:-1","max-image-preview":"max-image-preview:large","max-video-preview":"max-video-preview:-1"},"canonical":"https:\/\/vcycletech.com\/pt\/produtos\/poliamina\/","og_locale":"pt_PT","og_type":"article","og_title":"Polyamine","og_description":"Coagulate solids and get desired end products for your water treatment plants or paper mills with ease! Polyamine is the advanced cationic polymer that guarantees charge neutralization. Try it today and make your work easier! #Polyamine","og_url":"https:\/\/vcycletech.com\/pt\/produtos\/poliamina\/","og_site_name":"vcycletech","article_modified_time":"2023-03-23T10:10:10+00:00","og_image":[{"width":600,"height":600,"url":"https:\/\/vcycletech.com\/wp-content\/uploads\/2023\/03\/WT-601-12.png","type":"image\/png"}],"twitter_card":"summary_large_image","twitter_misc":{"Tempo estimado de leitura":"2 minutos"},"schema":{"@context":"https:\/\/schema.org","@graph":[{"@type":"WebPage","@id":"https:\/\/vcycletech.com\/product\/polyamine\/","url":"https:\/\/vcycletech.com\/product\/polyamine\/","name":"Poliamina - vcycletech","isPartOf":{"@id":"https:\/\/vcycletech.com\/#website"},"primaryImageOfPage":{"@id":"https:\/\/vcycletech.com\/product\/polyamine\/#primaryimage"},"image":{"@id":"https:\/\/vcycletech.com\/product\/polyamine\/#primaryimage"},"thumbnailUrl":"https:\/\/vcycletech.com\/wp-content\/uploads\/2023\/03\/WT-601-12.png","datePublished":"2023-03-23T10:10:09+00:00","dateModified":"2023-03-23T10:10:10+00:00","description":"Coagule s\u00f3lidos e obtenha os produtos finais desejados para suas esta\u00e7\u00f5es de tratamento de \u00e1gua ou f\u00e1bricas de papel com facilidade! A poliamina \u00e9 o pol\u00edmero cati\u00f4nico avan\u00e7ado que garante a neutraliza\u00e7\u00e3o da carga. Experimente hoje e facilite o seu trabalho! #Poliamina","breadcrumb":{"@id":"https:\/\/vcycletech.com\/product\/polyamine\/#breadcrumb"},"inLanguage":"pt-PT","potentialAction":[{"@type":"ReadAction","target":["https:\/\/vcycletech.com\/product\/polyamine\/"]}]},{"@type":"ImageObject","inLanguage":"pt-PT","@id":"https:\/\/vcycletech.com\/product\/polyamine\/#primaryimage","url":"https:\/\/vcycletech.com\/wp-content\/uploads\/2023\/03\/WT-601-12.png","contentUrl":"https:\/\/vcycletech.com\/wp-content\/uploads\/2023\/03\/WT-601-12.png","width":600,"height":600,"caption":"Polyamine"},{"@type":"BreadcrumbList","@id":"https:\/\/vcycletech.com\/product\/polyamine\/#breadcrumb","itemListElement":[{"@type":"ListItem","position":1,"name":"Home","item":"https:\/\/vcycletech.com\/"},{"@type":"ListItem","position":2,"name":"Water Treatment Chemicals Manufacturer","item":"https:\/\/vcycletech.com\/water-treatment-chemicals-manufacturer\/"},{"@type":"ListItem","position":3,"name":"Polyamine"}]},{"@type":"WebSite","@id":"https:\/\/vcycletech.com\/#website","url":"https:\/\/vcycletech.com\/","name":"vcycletech","description":"China&#039;principal fornecedor de produtos qu\u00edmicos para tratamento de \u00e1gua","publisher":{"@id":"https:\/\/vcycletech.com\/#organization"},"potentialAction":[{"@type":"SearchAction","target":{"@type":"EntryPoint","urlTemplate":"https:\/\/vcycletech.com\/?s={search_term_string}"},"query-input":{"@type":"PropertyValueSpecification","valueRequired":true,"valueName":"search_term_string"}}],"inLanguage":"pt-PT"},{"@type":"Organization","@id":"https:\/\/vcycletech.com\/#organization","name":"vcycletech","url":"https:\/\/vcycletech.com\/","logo":{"@type":"ImageObject","inLanguage":"pt-PT","@id":"https:\/\/vcycletech.com\/#\/schema\/logo\/image\/","url":"https:\/\/vcycletech.com\/wp-content\/uploads\/2023\/03\/logo-vcycletech-1.png","contentUrl":"https:\/\/vcycletech.com\/wp-content\/uploads\/2023\/03\/logo-vcycletech-1.png","width":600,"height":400,"caption":"vcycletech"},"image":{"@id":"https:\/\/vcycletech.com\/#\/schema\/logo\/image\/"}}]}},"_links":{"self":[{"href":"https:\/\/vcycletech.com\/pt\/wp-json\/wp\/v2\/product\/2492","targetHints":{"allow":["GET"]}}],"collection":[{"href":"https:\/\/vcycletech.com\/pt\/wp-json\/wp\/v2\/product"}],"about":[{"href":"https:\/\/vcycletech.com\/pt\/wp-json\/wp\/v2\/types\/product"}],"wp:featuredmedia":[{"embeddable":true,"href":"https:\/\/vcycletech.com\/pt\/wp-json\/wp\/v2\/media\/2573"}],"wp:attachment":[{"href":"https:\/\/vcycletech.com\/pt\/wp-json\/wp\/v2\/media?parent=2492"}],"wp:term":[{"taxonomy":"product_brand","embeddable":true,"href":"https:\/\/vcycletech.com\/pt\/wp-json\/wp\/v2\/product_brand?post=2492"},{"taxonomy":"product_cat","embeddable":true,"href":"https:\/\/vcycletech.com\/pt\/wp-json\/wp\/v2\/product_cat?post=2492"},{"taxonomy":"product_tag","embeddable":true,"href":"https:\/\/vcycletech.com\/pt\/wp-json\/wp\/v2\/product_tag?post=2492"}],"curies":[{"name":"wp","href":"https:\/\/api.w.org\/{rel}","templated":true}]}}