{"id":2350,"date":"2023-03-23T09:33:50","date_gmt":"2023-03-23T09:33:50","guid":{"rendered":"https:\/\/vcycletech.com\/?post_type=product&#038;p=2350"},"modified":"2023-03-23T09:33:51","modified_gmt":"2023-03-23T09:33:51","slug":"aluminio-clorohidrato-ach","status":"publish","type":"product","link":"https:\/\/vcycletech.com\/pt\/produtos\/aluminio-clorohidrato-ach\/","title":{"rendered":"Cloridrato de Alum\u00ednio (ACH)"},"content":{"rendered":"<h2 id=\"introduction_2\" class=\"xsj_heading_hash xsj_heading xsj_heading_h2\" data-source-line=\"6\" data-source-line-display=\"true\"><span class=\"xsj_heading_content\">Introdu\u00e7\u00e3o<\/span><\/h2>\n<p class=\"xsj_paragraph xsj_paragraph_level_0\" data-source-line=\"7\" data-source-line-display=\"true\">O Cloridrato de Alum\u00ednio (ACH) \u00e9 um coagulante eficaz e vers\u00e1til usado em v\u00e1rias aplica\u00e7\u00f5es de tratamento de \u00e1gua. Ele efetivamente remove mat\u00e9ria org\u00e2nica e s\u00f3lidos suspensos totais (TSS) da \u00e1gua pot\u00e1vel, \u00e1guas residuais e \u00e1guas pluviais. O ACH tamb\u00e9m possui uma ampla compatibilidade de faixa de pH, tornando-o uma escolha ideal para muitas situa\u00e7\u00f5es.<\/p>\n<div class=\"xiaoshujiang_element xsj_anchor\"><a class=\"blank_anchor_name\" name=\"features_3\"><\/a><a id=\"features_3\" class=\"blank_anchor_id\"><\/a><a class=\"blank_anchor_name\" name=\"features\"><\/a><a id=\"features\" class=\"blank_anchor_id\"><\/a><\/div>\n<h2 id=\"features_3\" class=\"xsj_heading_hash xsj_heading xsj_heading_h2\" data-source-line=\"9\" data-source-line-display=\"true\"><span class=\"xsj_heading_content\">Caracter\u00edsticas<\/span><\/h2>\n<p class=\"xsj_paragraph xsj_paragraph_level_0\" data-source-line=\"11\" data-source-line-display=\"true\">Um grande benef\u00edcio do uso de ACH como coagulante \u00e9 seu desempenho robusto. Sua efici\u00eancia aprimorada ajuda a reduzir a quantidade de tempo necess\u00e1ria para o processo de tratamento, ao mesmo tempo em que fornece resultados superiores. Al\u00e9m disso, possui uma ampla compatibilidade de faixa de pH, para que os usu\u00e1rios n\u00e3o precisem se preocupar com problemas de compatibilidade. Isso o torna adequado para uma variedade de diferentes aplica\u00e7\u00f5es de tratamento de \u00e1gua.<\/p>\n<div class=\"xiaoshujiang_element xsj_anchor\"><a class=\"blank_anchor_name\" name=\"applications_4\"><\/a><a id=\"applications_4\" class=\"blank_anchor_id\"><\/a><a class=\"blank_anchor_name\" name=\"applications\"><\/a><a id=\"applications\" class=\"blank_anchor_id\"><\/a><\/div>\n<h2 id=\"applications_4\" class=\"xsj_heading_hash xsj_heading xsj_heading_h2\" data-source-line=\"13\" data-source-line-display=\"true\"><span class=\"xsj_heading_content\">Formul\u00e1rios<\/span><\/h2>\n<p class=\"xsj_paragraph xsj_paragraph_level_0\" data-source-line=\"15\" data-source-line-display=\"true\">O ACH pode ser usado em aplica\u00e7\u00f5es de \u00e1gua pot\u00e1vel, \u00e1guas residuais e \u00e1guas pluviais para remover mat\u00e9ria org\u00e2nica e TSS do abastecimento de \u00e1gua. Tamb\u00e9m pode ser usado em processos industriais, como produ\u00e7\u00e3o de papel ou plantas de processamento de alimentos, onde a remo\u00e7\u00e3o desses contaminantes \u00e9 necess\u00e1ria para uma opera\u00e7\u00e3o adequada. Al\u00e9m disso, pode ser usado em processos como desidrata\u00e7\u00e3o de lodo ou processos de flocula\u00e7\u00e3o\/desaguamento em esta\u00e7\u00f5es municipais de tratamento de \u00e1guas residuais.<\/p>\n<h2>Especifica\u00e7\u00e3o:<\/h2>\n<p data-source-line=\"15\" data-source-line-display=\"true\">\n<table id=\"tablepress-11\" class=\"tablepress tablepress-id-11\">\n<thead>\n<tr class=\"row-1\">\n\t<th class=\"column-1\">Nome do Produto<\/th><th class=\"column-2\">ACH<\/th><td class=\"column-3\"><\/td>\n<\/tr>\n<\/thead>\n<tbody class=\"row-striping row-hover\">\n<tr class=\"row-2\">\n\t<td class=\"column-1\">Apar\u00eancia<\/td><td class=\"column-2\">L\u00edquido Transparente Incolor<\/td><td class=\"column-3\"><\/td>\n<\/tr>\n<tr class=\"row-3\">\n\t<td class=\"column-1\">Padr\u00e3o<\/td><td class=\"column-2\">USP-34<\/td><td class=\"column-3\"><\/td>\n<\/tr>\n<tr class=\"row-4\">\n\t<td class=\"column-1\">Al:Cl<\/td><td class=\"column-2\">1.9:1-2.1:1<\/td><td class=\"column-3\"><\/td>\n<\/tr>\n<tr class=\"row-5\">\n\t<td class=\"column-1\">Al2O3%<\/td><td class=\"column-2\">>46\/46-48<\/td><td class=\"column-3\"><\/td>\n<\/tr>\n<tr class=\"row-6\">\n\t<td class=\"column-1\">Cl%<\/td><td class=\"column-2\"><18.0\/15.8-16.8<\/td><td class=\"column-3\"><\/td>\n<\/tr>\n<tr class=\"row-7\">\n\t<td class=\"column-1\">Solubilidade<\/td><td class=\"column-2\">Solubilidade em \u00c1gua<\/td><td class=\"column-3\"><\/td>\n<\/tr>\n<\/tbody>\n<\/table>\n<!-- #tablepress-11 from cache --><\/p>\n<div class=\"xiaoshujiang_element xsj_anchor\"><a class=\"blank_anchor_name\" name=\"faqs_5\"><\/a><a id=\"faqs_5\" class=\"blank_anchor_id\"><\/a><a class=\"blank_anchor_name\" name=\"faqs\"><\/a><a id=\"faqs\" class=\"blank_anchor_id\"><\/a><\/div>\n<h2 id=\"faqs_5\" class=\"xsj_heading_hash xsj_heading xsj_heading_h2\" data-source-line=\"17\" data-source-line-display=\"true\"><span class=\"xsj_heading_content\">perguntas frequentes<\/span><\/h2>\n<div class=\"xiaoshujiang_element xsj_anchor\"><a class=\"blank_anchor_name\" name=\"120what20is20aluminum20chlorohydrate_6\"><\/a><a id=\"120what20is20aluminum20chlorohydrate_6\" class=\"blank_anchor_id\"><\/a><a class=\"blank_anchor_name\" name=\"1-what-is-aluminum-chlorohydrate\"><\/a><a id=\"1-what-is-aluminum-chlorohydrate\" class=\"blank_anchor_id\"><\/a><\/div>\n<h3 id=\"120what20is20aluminum20chlorohydrate_6\" class=\"xsj_heading_hash xsj_heading xsj_heading_h3\" data-source-line=\"19\" data-source-line-display=\"true\"><span class=\"xsj_heading_content\">1) O que \u00e9 Cloridrato de Alum\u00ednio?<\/span><\/h3>\n<p class=\"xsj_paragraph xsj_paragraph_level_0\" data-source-line=\"21\" data-source-line-display=\"true\">Resposta: Clorohidrato de Alum\u00ednio (ACH) \u00e9 um coagulante eficaz em v\u00e1rias aplica\u00e7\u00f5es de tratamento de \u00e1gua. Ajuda a remover mat\u00e9ria org\u00e2nica e s\u00f3lidos suspensos totais (TSS) da \u00e1gua pot\u00e1vel, \u00e1guas residuais e fontes de \u00e1guas pluviais.<\/p>\n<div class=\"xiaoshujiang_element xsj_anchor\"><a class=\"blank_anchor_name\" name=\"220what20are20the20benefits20of20using20ach_7\"><\/a><a id=\"220what20are20the20benefits20of20using20ach_7\" class=\"blank_anchor_id\"><\/a><a class=\"blank_anchor_name\" name=\"2-what-are-the-benefits-of-using-ach\"><\/a><a id=\"2-what-are-the-benefits-of-using-ach\" class=\"blank_anchor_id\"><\/a><\/div>\n<h3 id=\"220what20are20the20benefits20of20using20ach_7\" class=\"xsj_heading_hash xsj_heading xsj_heading_h3\" data-source-line=\"23\" data-source-line-display=\"true\"><span class=\"xsj_heading_content\">2) Quais s\u00e3o os benef\u00edcios de usar ACH?<\/span><\/h3>\n<p class=\"xsj_paragraph xsj_paragraph_level_0\" data-source-line=\"25\" data-source-line-display=\"true\">Resposta: O principal benef\u00edcio do uso do ACH \u00e9 seu desempenho robusto, que ajuda a reduzir o tempo necess\u00e1rio para o processo de tratamento, proporcionando resultados superiores. Al\u00e9m disso, possui uma ampla compatibilidade de faixa de pH, tornando-o adequado para muitas aplica\u00e7\u00f5es.<\/p>\n<div class=\"xiaoshujiang_element xsj_anchor\"><a class=\"blank_anchor_name\" name=\"320what20types20of20applications20can20ach20be20used20for_8\"><\/a><a id=\"320what20types20of20applications20can20ach20be20used20for_8\" class=\"blank_anchor_id\"><\/a><a class=\"blank_anchor_name\" name=\"3-what-types-of-applications-can-ach-be-used-for\"><\/a><a id=\"3-what-types-of-applications-can-ach-be-used-for\" class=\"blank_anchor_id\"><\/a><\/div>\n<h3 id=\"320what20types20of20applications20can20ach20be20used20for_8\" class=\"xsj_heading_hash xsj_heading xsj_heading_h3\" data-source-line=\"27\" data-source-line-display=\"true\"><span class=\"xsj_heading_content\">3) Para quais tipos de aplica\u00e7\u00f5es o ACH pode ser usado?<\/span><\/h3>\n<p class=\"xsj_paragraph xsj_paragraph_level_0\" data-source-line=\"29\" data-source-line-display=\"true\">Resposta: O ACH pode ser usado em aplica\u00e7\u00f5es de \u00e1gua pot\u00e1vel, \u00e1guas residuais e \u00e1guas pluviais para remover mat\u00e9ria org\u00e2nica e TSS do abastecimento, bem como em processos industriais, como produ\u00e7\u00e3o de papel ou plantas de processamento de alimentos, onde esses contaminantes s\u00e3o necess\u00e1rios para a opera\u00e7\u00e3o adequada. Tamb\u00e9m pode ser usado em outros processos, como desidrata\u00e7\u00e3o de lodo ou processos de flocula\u00e7\u00e3o\/desaguamento em esta\u00e7\u00f5es municipais de tratamento de \u00e1guas residuais.<\/p>\n<div class=\"xiaoshujiang_element xsj_anchor\"><a class=\"blank_anchor_name\" name=\"420is20ach20safe20to20use_9\"><\/a><a id=\"420is20ach20safe20to20use_9\" class=\"blank_anchor_id\"><\/a><a class=\"blank_anchor_name\" name=\"4-is-ach-safe-to-use\"><\/a><a id=\"4-is-ach-safe-to-use\" class=\"blank_anchor_id\"><\/a><\/div>\n<h3 id=\"420is20ach20safe20to20use_9\" class=\"xsj_heading_hash xsj_heading xsj_heading_h3\" data-source-line=\"31\" data-source-line-display=\"true\"><span class=\"xsj_heading_content\">4) O ACH \u00e9 seguro de usar?<\/span><\/h3>\n<p class=\"xsj_paragraph xsj_paragraph_level_0\" data-source-line=\"33\" data-source-line-display=\"true\">Resposta: ACH \u00e9 seguro de usar quando manuseado adequadamente com equipamento de prote\u00e7\u00e3o e protocolos de seguran\u00e7a apropriados sendo seguidos em todos os momentos durante os procedimentos de manuseio e aplica\u00e7\u00e3o.<\/p>\n<div class=\"xiaoshujiang_element xsj_anchor\"><a class=\"blank_anchor_name\" name=\"520does20ach20have20any20side20effects_10\"><\/a><a id=\"520does20ach20have20any20side20effects_10\" class=\"blank_anchor_id\"><\/a><a class=\"blank_anchor_name\" name=\"5-does-ach-have-any-side-effects\"><\/a><a id=\"5-does-ach-have-any-side-effects\" class=\"blank_anchor_id\"><\/a><\/div>\n<h3 id=\"520does20ach20have20any20side20effects_10\" class=\"xsj_heading_hash xsj_heading xsj_heading_h3\" data-source-line=\"35\" data-source-line-display=\"true\"><span class=\"xsj_heading_content\">5) A ACH tem algum efeito colateral?<\/span><\/h3>\n<p class=\"xsj_paragraph xsj_paragraph_level_0\" data-source-line=\"37\" data-source-line-display=\"true\">Resposta: N\u00e3o, n\u00e3o h\u00e1 efeitos colaterais conhecidos associados ao uso de ACH quando manuseado adequadamente com equipamento de prote\u00e7\u00e3o sendo usado o tempo todo durante os procedimentos de manuseio e aplica\u00e7\u00e3o<\/p>\n<p class=\"xsj_paragraph xsj_paragraph_level_0\" data-source-line=\"39\" data-source-line-display=\"true\"><a class=\"xsj_link xsj_manu_link\" href=\"https:\/\/vcycletech.com\/pt\/categoria-de-produto\/coagulantes-e-floculantes\/\">Obtenha a solu\u00e7\u00e3o completa de Coagulantes e Floculantes.<\/a><\/p>","protected":false},"excerpt":{"rendered":"<p><strong>ACH<\/strong> \u00e9 um coagulante amplamente utilizado em aplica\u00e7\u00f5es de \u00e1gua pot\u00e1vel, \u00e1guas residuais e \u00e1guas pluviais. Ele tem um desempenho robusto, facilitando a remo\u00e7\u00e3o de mat\u00e9ria org\u00e2nica e TSS. Al\u00e9m disso, suas capacidades de ampla faixa de pH o tornam compat\u00edvel com uma variedade de situa\u00e7\u00f5es! Se voc\u00ea est\u00e1 procurando um coagulante eficaz e vers\u00e1til, o ACH \u00e9 a escolha perfeita!<\/p>\n<p>vcycletech \u00e9 o melhor Cloridrato de Alum\u00ednio (ACH) <strong>fornecedor da china<\/strong>, oferecendo produtos de alta qualidade a pre\u00e7os competitivos. Temos uma vasta gama de produtos ACH dispon\u00edveis, para que possa encontrar o perfeito para as suas necessidades. Entre em contato conosco hoje para saber mais!<\/p>","protected":false},"featured_media":2459,"template":"","meta":{"site-sidebar-layout":"default","site-content-layout":"default","ast-site-content-layout":"default","site-content-style":"default","site-sidebar-style":"default","ast-global-header-display":"","ast-banner-title-visibility":"","ast-main-header-display":"","ast-hfb-above-header-display":"","ast-hfb-below-header-display":"","ast-hfb-mobile-header-display":"","site-post-title":"","ast-breadcrumbs-content":"","ast-featured-img":"","footer-sml-layout":"","ast-disable-related-posts":"","theme-transparent-header-meta":"default","adv-header-id-meta":"","stick-header-meta":"default","header-above-stick-meta":"","header-main-stick-meta":"","header-below-stick-meta":"","astra-migrate-meta-layouts":"default","ast-page-background-enabled":"default","ast-page-background-meta":{"desktop":{"background-color":"","background-image":"","background-repeat":"repeat","background-position":"center center","background-size":"auto","background-attachment":"scroll","background-type":"","background-media":"","overlay-type":"","overlay-color":"","overlay-opacity":"","overlay-gradient":""},"tablet":{"background-color":"","background-image":"","background-repeat":"repeat","background-position":"center center","background-size":"auto","background-attachment":"scroll","background-type":"","background-media":"","overlay-type":"","overlay-color":"","overlay-opacity":"","overlay-gradient":""},"mobile":{"background-color":"","background-image":"","background-repeat":"repeat","background-position":"center center","background-size":"auto","background-attachment":"scroll","background-type":"","background-media":"","overlay-type":"","overlay-color":"","overlay-opacity":"","overlay-gradient":""}},"ast-content-background-meta":{"desktop":{"background-color":"var(--ast-global-color-5)","background-image":"","background-repeat":"repeat","background-position":"center center","background-size":"auto","background-attachment":"scroll","background-type":"","background-media":"","overlay-type":"","overlay-color":"","overlay-opacity":"","overlay-gradient":""},"tablet":{"background-color":"var(--ast-global-color-5)","background-image":"","background-repeat":"repeat","background-position":"center center","background-size":"auto","background-attachment":"scroll","background-type":"","background-media":"","overlay-type":"","overlay-color":"","overlay-opacity":"","overlay-gradient":""},"mobile":{"background-color":"var(--ast-global-color-5)","background-image":"","background-repeat":"repeat","background-position":"center center","background-size":"auto","background-attachment":"scroll","background-type":"","background-media":"","overlay-type":"","overlay-color":"","overlay-opacity":"","overlay-gradient":""}}},"product_brand":[],"product_cat":[37],"product_tag":[],"class_list":{"0":"post-2350","1":"product","2":"type-product","3":"status-publish","4":"has-post-thumbnail","6":"product_cat-coagulants-and-flocculants","7":"desktop-align-left","8":"tablet-align-left","9":"mobile-align-left","10":"ast-product-gallery-layout-horizontal-slider","11":"ast-product-gallery-with-no-image","12":"ast-product-tabs-layout-horizontal","14":"first","15":"instock","16":"shipping-taxable","17":"product-type-simple"},"yoast_head":"<!-- This site is optimized with the Yoast SEO Premium plugin v26.3 (Yoast SEO v27.5) - https:\/\/yoast.com\/product\/yoast-seo-premium-wordpress\/ -->\n<title>Aluminum Chlorohydrate (ACH) - vcycletech<\/title>\n<meta name=\"description\" content=\"Get guaranteed water quality with Aluminum Chlorohydrate (ACH)! This powerful and versatile coagulant can be used in various drinking, wastewater and stormwater treatment applications for removing organic matter and total suspended solids (TSS). pH range compatibility ensures the perfect solution.\" \/>\n<meta name=\"robots\" content=\"index, follow, max-snippet:-1, max-image-preview:large, max-video-preview:-1\" \/>\n<link rel=\"canonical\" href=\"https:\/\/vcycletech.com\/pt\/produtos\/aluminio-clorohidrato-ach\/\" \/>\n<meta property=\"og:locale\" content=\"pt_PT\" \/>\n<meta property=\"og:type\" content=\"article\" \/>\n<meta property=\"og:title\" content=\"Aluminum Chlorohydrate (ACH)\" \/>\n<meta property=\"og:description\" content=\"Get guaranteed water quality with Aluminum Chlorohydrate (ACH)! This powerful and versatile coagulant can be used in various drinking, wastewater and stormwater treatment applications for removing organic matter and total suspended solids (TSS). pH range compatibility ensures the perfect solution.\" \/>\n<meta property=\"og:url\" content=\"https:\/\/vcycletech.com\/pt\/produtos\/aluminio-clorohidrato-ach\/\" \/>\n<meta property=\"og:site_name\" content=\"vcycletech\" \/>\n<meta property=\"article:modified_time\" content=\"2023-03-23T09:33:51+00:00\" \/>\n<meta property=\"og:image\" content=\"https:\/\/vcycletech.com\/wp-content\/uploads\/2023\/03\/WT-601-10.png\" \/>\n\t<meta property=\"og:image:width\" content=\"600\" \/>\n\t<meta property=\"og:image:height\" content=\"600\" \/>\n\t<meta property=\"og:image:type\" content=\"image\/png\" \/>\n<meta name=\"twitter:card\" content=\"summary_large_image\" \/>\n<meta name=\"twitter:label1\" content=\"Tempo estimado de leitura\" \/>\n\t<meta name=\"twitter:data1\" content=\"2 minutos\" \/>\n<script type=\"application\/ld+json\" class=\"yoast-schema-graph\">{\"@context\":\"https:\\\/\\\/schema.org\",\"@graph\":[{\"@type\":\"WebPage\",\"@id\":\"https:\\\/\\\/vcycletech.com\\\/product\\\/aluminum-chlorohydrate-ach\\\/\",\"url\":\"https:\\\/\\\/vcycletech.com\\\/product\\\/aluminum-chlorohydrate-ach\\\/\",\"name\":\"Aluminum Chlorohydrate (ACH) - vcycletech\",\"isPartOf\":{\"@id\":\"https:\\\/\\\/vcycletech.com\\\/#website\"},\"primaryImageOfPage\":{\"@id\":\"https:\\\/\\\/vcycletech.com\\\/product\\\/aluminum-chlorohydrate-ach\\\/#primaryimage\"},\"image\":{\"@id\":\"https:\\\/\\\/vcycletech.com\\\/product\\\/aluminum-chlorohydrate-ach\\\/#primaryimage\"},\"thumbnailUrl\":\"https:\\\/\\\/vcycletech.com\\\/wp-content\\\/uploads\\\/2023\\\/03\\\/WT-601-10.png\",\"datePublished\":\"2023-03-23T09:33:50+00:00\",\"dateModified\":\"2023-03-23T09:33:51+00:00\",\"description\":\"Get guaranteed water quality with Aluminum Chlorohydrate (ACH)! This powerful and versatile coagulant can be used in various drinking, wastewater and stormwater treatment applications for removing organic matter and total suspended solids (TSS). pH range compatibility ensures the perfect solution.\",\"breadcrumb\":{\"@id\":\"https:\\\/\\\/vcycletech.com\\\/product\\\/aluminum-chlorohydrate-ach\\\/#breadcrumb\"},\"inLanguage\":\"pt-PT\",\"potentialAction\":[{\"@type\":\"ReadAction\",\"target\":[\"https:\\\/\\\/vcycletech.com\\\/product\\\/aluminum-chlorohydrate-ach\\\/\"]}]},{\"@type\":\"ImageObject\",\"inLanguage\":\"pt-PT\",\"@id\":\"https:\\\/\\\/vcycletech.com\\\/product\\\/aluminum-chlorohydrate-ach\\\/#primaryimage\",\"url\":\"https:\\\/\\\/vcycletech.com\\\/wp-content\\\/uploads\\\/2023\\\/03\\\/WT-601-10.png\",\"contentUrl\":\"https:\\\/\\\/vcycletech.com\\\/wp-content\\\/uploads\\\/2023\\\/03\\\/WT-601-10.png\",\"width\":600,\"height\":600,\"caption\":\"Aluminum Chlorohydrate (ACH)\"},{\"@type\":\"BreadcrumbList\",\"@id\":\"https:\\\/\\\/vcycletech.com\\\/product\\\/aluminum-chlorohydrate-ach\\\/#breadcrumb\",\"itemListElement\":[{\"@type\":\"ListItem\",\"position\":1,\"name\":\"Home\",\"item\":\"https:\\\/\\\/vcycletech.com\\\/\"},{\"@type\":\"ListItem\",\"position\":2,\"name\":\"Water Treatment Chemicals Manufacturer\",\"item\":\"https:\\\/\\\/vcycletech.com\\\/water-treatment-chemicals-manufacturer\\\/\"},{\"@type\":\"ListItem\",\"position\":3,\"name\":\"Aluminum Chlorohydrate (ACH)\"}]},{\"@type\":\"WebSite\",\"@id\":\"https:\\\/\\\/vcycletech.com\\\/#website\",\"url\":\"https:\\\/\\\/vcycletech.com\\\/\",\"name\":\"vcycletech\",\"description\":\"China&#039;s top water treatment chemicals supplier\",\"publisher\":{\"@id\":\"https:\\\/\\\/vcycletech.com\\\/#organization\"},\"potentialAction\":[{\"@type\":\"SearchAction\",\"target\":{\"@type\":\"EntryPoint\",\"urlTemplate\":\"https:\\\/\\\/vcycletech.com\\\/?s={search_term_string}\"},\"query-input\":{\"@type\":\"PropertyValueSpecification\",\"valueRequired\":true,\"valueName\":\"search_term_string\"}}],\"inLanguage\":\"pt-PT\"},{\"@type\":\"Organization\",\"@id\":\"https:\\\/\\\/vcycletech.com\\\/#organization\",\"name\":\"vcycletech\",\"url\":\"https:\\\/\\\/vcycletech.com\\\/\",\"logo\":{\"@type\":\"ImageObject\",\"inLanguage\":\"pt-PT\",\"@id\":\"https:\\\/\\\/vcycletech.com\\\/#\\\/schema\\\/logo\\\/image\\\/\",\"url\":\"https:\\\/\\\/vcycletech.com\\\/wp-content\\\/uploads\\\/2023\\\/03\\\/logo-vcycletech-1.png\",\"contentUrl\":\"https:\\\/\\\/vcycletech.com\\\/wp-content\\\/uploads\\\/2023\\\/03\\\/logo-vcycletech-1.png\",\"width\":600,\"height\":400,\"caption\":\"vcycletech\"},\"image\":{\"@id\":\"https:\\\/\\\/vcycletech.com\\\/#\\\/schema\\\/logo\\\/image\\\/\"}}]}<\/script>\n<!-- \/ Yoast SEO Premium plugin. -->","yoast_head_json":{"title":"Cloridrato de Alum\u00ednio (ACH) - vcycletech","description":"Obtenha qualidade de \u00e1gua garantida com Clorohidrato de Alum\u00ednio (ACH)! Este coagulante poderoso e vers\u00e1til pode ser usado em v\u00e1rias aplica\u00e7\u00f5es de tratamento de \u00e1gua pot\u00e1vel, \u00e1guas residuais e \u00e1guas pluviais para remover mat\u00e9ria org\u00e2nica e s\u00f3lidos suspensos totais (TSS). A compatibilidade da faixa de pH garante a solu\u00e7\u00e3o perfeita.","robots":{"index":"index","follow":"follow","max-snippet":"max-snippet:-1","max-image-preview":"max-image-preview:large","max-video-preview":"max-video-preview:-1"},"canonical":"https:\/\/vcycletech.com\/pt\/produtos\/aluminio-clorohidrato-ach\/","og_locale":"pt_PT","og_type":"article","og_title":"Aluminum Chlorohydrate (ACH)","og_description":"Get guaranteed water quality with Aluminum Chlorohydrate (ACH)! This powerful and versatile coagulant can be used in various drinking, wastewater and stormwater treatment applications for removing organic matter and total suspended solids (TSS). pH range compatibility ensures the perfect solution.","og_url":"https:\/\/vcycletech.com\/pt\/produtos\/aluminio-clorohidrato-ach\/","og_site_name":"vcycletech","article_modified_time":"2023-03-23T09:33:51+00:00","og_image":[{"width":600,"height":600,"url":"https:\/\/vcycletech.com\/wp-content\/uploads\/2023\/03\/WT-601-10.png","type":"image\/png"}],"twitter_card":"summary_large_image","twitter_misc":{"Tempo estimado de leitura":"2 minutos"},"schema":{"@context":"https:\/\/schema.org","@graph":[{"@type":"WebPage","@id":"https:\/\/vcycletech.com\/product\/aluminum-chlorohydrate-ach\/","url":"https:\/\/vcycletech.com\/product\/aluminum-chlorohydrate-ach\/","name":"Cloridrato de Alum\u00ednio (ACH) - vcycletech","isPartOf":{"@id":"https:\/\/vcycletech.com\/#website"},"primaryImageOfPage":{"@id":"https:\/\/vcycletech.com\/product\/aluminum-chlorohydrate-ach\/#primaryimage"},"image":{"@id":"https:\/\/vcycletech.com\/product\/aluminum-chlorohydrate-ach\/#primaryimage"},"thumbnailUrl":"https:\/\/vcycletech.com\/wp-content\/uploads\/2023\/03\/WT-601-10.png","datePublished":"2023-03-23T09:33:50+00:00","dateModified":"2023-03-23T09:33:51+00:00","description":"Obtenha qualidade de \u00e1gua garantida com Clorohidrato de Alum\u00ednio (ACH)! Este coagulante poderoso e vers\u00e1til pode ser usado em v\u00e1rias aplica\u00e7\u00f5es de tratamento de \u00e1gua pot\u00e1vel, \u00e1guas residuais e \u00e1guas pluviais para remover mat\u00e9ria org\u00e2nica e s\u00f3lidos suspensos totais (TSS). A compatibilidade da faixa de pH garante a solu\u00e7\u00e3o perfeita.","breadcrumb":{"@id":"https:\/\/vcycletech.com\/product\/aluminum-chlorohydrate-ach\/#breadcrumb"},"inLanguage":"pt-PT","potentialAction":[{"@type":"ReadAction","target":["https:\/\/vcycletech.com\/product\/aluminum-chlorohydrate-ach\/"]}]},{"@type":"ImageObject","inLanguage":"pt-PT","@id":"https:\/\/vcycletech.com\/product\/aluminum-chlorohydrate-ach\/#primaryimage","url":"https:\/\/vcycletech.com\/wp-content\/uploads\/2023\/03\/WT-601-10.png","contentUrl":"https:\/\/vcycletech.com\/wp-content\/uploads\/2023\/03\/WT-601-10.png","width":600,"height":600,"caption":"Aluminum Chlorohydrate (ACH)"},{"@type":"BreadcrumbList","@id":"https:\/\/vcycletech.com\/product\/aluminum-chlorohydrate-ach\/#breadcrumb","itemListElement":[{"@type":"ListItem","position":1,"name":"Home","item":"https:\/\/vcycletech.com\/"},{"@type":"ListItem","position":2,"name":"Water Treatment Chemicals Manufacturer","item":"https:\/\/vcycletech.com\/water-treatment-chemicals-manufacturer\/"},{"@type":"ListItem","position":3,"name":"Aluminum Chlorohydrate (ACH)"}]},{"@type":"WebSite","@id":"https:\/\/vcycletech.com\/#website","url":"https:\/\/vcycletech.com\/","name":"vcycletech","description":"China&#039;principal fornecedor de produtos qu\u00edmicos para tratamento de \u00e1gua","publisher":{"@id":"https:\/\/vcycletech.com\/#organization"},"potentialAction":[{"@type":"SearchAction","target":{"@type":"EntryPoint","urlTemplate":"https:\/\/vcycletech.com\/?s={search_term_string}"},"query-input":{"@type":"PropertyValueSpecification","valueRequired":true,"valueName":"search_term_string"}}],"inLanguage":"pt-PT"},{"@type":"Organization","@id":"https:\/\/vcycletech.com\/#organization","name":"vcycletech","url":"https:\/\/vcycletech.com\/","logo":{"@type":"ImageObject","inLanguage":"pt-PT","@id":"https:\/\/vcycletech.com\/#\/schema\/logo\/image\/","url":"https:\/\/vcycletech.com\/wp-content\/uploads\/2023\/03\/logo-vcycletech-1.png","contentUrl":"https:\/\/vcycletech.com\/wp-content\/uploads\/2023\/03\/logo-vcycletech-1.png","width":600,"height":400,"caption":"vcycletech"},"image":{"@id":"https:\/\/vcycletech.com\/#\/schema\/logo\/image\/"}}]}},"_links":{"self":[{"href":"https:\/\/vcycletech.com\/pt\/wp-json\/wp\/v2\/product\/2350","targetHints":{"allow":["GET"]}}],"collection":[{"href":"https:\/\/vcycletech.com\/pt\/wp-json\/wp\/v2\/product"}],"about":[{"href":"https:\/\/vcycletech.com\/pt\/wp-json\/wp\/v2\/types\/product"}],"wp:featuredmedia":[{"embeddable":true,"href":"https:\/\/vcycletech.com\/pt\/wp-json\/wp\/v2\/media\/2459"}],"wp:attachment":[{"href":"https:\/\/vcycletech.com\/pt\/wp-json\/wp\/v2\/media?parent=2350"}],"wp:term":[{"taxonomy":"product_brand","embeddable":true,"href":"https:\/\/vcycletech.com\/pt\/wp-json\/wp\/v2\/product_brand?post=2350"},{"taxonomy":"product_cat","embeddable":true,"href":"https:\/\/vcycletech.com\/pt\/wp-json\/wp\/v2\/product_cat?post=2350"},{"taxonomy":"product_tag","embeddable":true,"href":"https:\/\/vcycletech.com\/pt\/wp-json\/wp\/v2\/product_tag?post=2350"}],"curies":[{"name":"wp","href":"https:\/\/api.w.org\/{rel}","templated":true}]}}