{"id":1443,"date":"2023-03-22T07:37:57","date_gmt":"2023-03-22T07:37:57","guid":{"rendered":"https:\/\/vcycletech.com\/?post_type=product&#038;p=1443"},"modified":"2023-03-22T07:48:12","modified_gmt":"2023-03-22T07:48:12","slug":"inibidor-de-corrosao-para-sistema-de-circulacao-fechado","status":"publish","type":"product","link":"https:\/\/vcycletech.com\/pt\/produtos\/inibidor-de-corrosao-para-sistema-de-circulacao-fechado\/","title":{"rendered":"Inibidor de Corros\u00e3o para Sistema de Circula\u00e7\u00e3o Fechado"},"content":{"rendered":"<h2>Propriedades:<\/h2>\n<p>Este produto \u00e9 utilizado como inibidor de corros\u00e3o para sistemas fechados, como o sistema de \u00e1gua de resfriamento e o sistema de circula\u00e7\u00e3o de \u00e1gua quente nos quais glicol, metanol e etanol s\u00e3o meios de resfriamento. \u00c9 composto de inibidores de corros\u00e3o org\u00e2nicos, dispersantes, nitritos e molibdatos para fornecer prote\u00e7\u00e3o confi\u00e1vel contra a corros\u00e3o sem qualquer colora\u00e7\u00e3o relacionada ao cromato ou colora\u00e7\u00e3o de materiais de superf\u00edcie como a\u00e7o carbono, a\u00e7o inoxid\u00e1vel, liga de cobre e liga de alum\u00ednio. Este produto \u00e9 altamente eficiente na inibi\u00e7\u00e3o da corros\u00e3o com uso conveniente no caso de nenhum vazamento ou pouco vazamento do sistema fechado.<\/p>\n<h3>Especifica\u00e7\u00e3o:<\/h3>\n<div id=\"footable_parent_1465\"\n         class=\"footable_parent ninja_table_wrapper loading_ninja_table wp_table_data_press_parent semantic_ui\">\n                <table data-ninja_table_instance=\"ninja_table_instance_0\" data-footable_id=\"1465\" data-filter-delay=\"1000\" aria-label=\"Inibidor de Corros\u00e3o para Sistema de Circula\u00e7\u00e3o Fechada.csv\"            id=\"footable_1465\"\n           data-unique_identifier=\"ninja_table_unique_id_2309964251_1465\"\n           class=\"foo-table ninja_footable foo_table_1465 ninja_table_unique_id_2309964251_1465 ui table  nt_type_legacy_table selectable striped vertical_centered  footable-paging-right ninja_table_pro\">\n                <colgroup>\n                            <col class=\"ninja_column_0\">\n                            <col class=\"ninja_column_1\">\n                    <\/colgroup>\n        <thead>\n<tr class=\"footable-header\">\n                                        <th scope=\"col\"  class=\"ninja_column_0 ninja_clmn_nm_items\">Unid<\/th><th scope=\"col\"  class=\"ninja_column_1 ninja_clmn_nm_index\">\u00cdndice<\/th><\/tr>\n<\/thead>\n<tbody>\n\n        <tr data-row_id=\"385\" class=\"ninja_table_row_0 nt_row_id_385\">\n            <td>Apar\u00eancia<\/td><td>L\u00edquido incolor ou \u00e2mbar claro<\/td>        <\/tr>\n            <tr data-row_id=\"386\" class=\"ninja_table_row_1 nt_row_id_386\">\n            <td>Conte\u00fado s\u00f3lido %<\/td><td>30,0min<\/td>        <\/tr>\n            <tr data-row_id=\"387\" class=\"ninja_table_row_2 nt_row_id_387\">\n            <td>pH (solu\u00e7\u00e3o de 1%)<\/td><td>9,0min<\/td>        <\/tr>\n            <tr data-row_id=\"388\" class=\"ninja_table_row_3 nt_row_id_388\">\n            <td>Densidade (20 \u2103), g\/cm3<\/td><td>1.1<\/td>        <\/tr>\n    <\/tbody><!--ninja_tobody_rendering_done-->\n    <\/table>\n    \n    \n    \n<\/div>\n\n<h3>Uso:<\/h3>\n<p>Deve ser adicionado a um sistema fechado na taxa de 1500 mg\/l, com um adicional de 1,3 vezes em opera\u00e7\u00e3o normal para desempenho ideal. Quando usado como inibidor de corros\u00e3o em petroleiros ou latas de \u00f3leo, pode ser combinado com um desemulsificante para efeito aprimorado. A opera\u00e7\u00e3o de filmagem de pr\u00e9-tratamento n\u00e3o \u00e9 necess\u00e1ria ao usar este produto.<\/p>\n<h3>Pacote e armazenamento:<\/h3>\n<p>Deve ser armazenado em sua embalagem original, longe da luz solar direta e de temperaturas extremas. N\u00e3o misture com outros produtos qu\u00edmicos ou l\u00edquidos e certifique-se de que a tampa esteja bem fechada quando n\u00e3o estiver em uso. Ele deve ser manuseado com cuidado e descartado de forma respons\u00e1vel de acordo com os regulamentos ambientais locais. Tambor de pl\u00e1stico de 200L, IBC(1000L), requisito do cliente. Armazenamento por dez meses em uma sala com sombra e local seco.<\/p>\n<h3>Perguntas frequentes sobre Inibidor de Corros\u00e3o para Sistema de Circula\u00e7\u00e3o Fechado:<\/h3>\n<p><strong>Quais s\u00e3o os benef\u00edcios de usar um inibidor de corros\u00e3o para sistemas de circula\u00e7\u00e3o fechados?<\/strong><br \/>\nUm inibidor de corros\u00e3o para sistemas de circula\u00e7\u00e3o fechados ajuda a proteger as superf\u00edcies met\u00e1licas contra danos causados por produtos qu\u00edmicos \u00e1cidos e alcalinos. Tamb\u00e9m pode ajudar a reduzir ou eliminar a forma\u00e7\u00e3o de ferrugem, lama e dep\u00f3sitos de calc\u00e1rio em tubula\u00e7\u00f5es, caldeiras e outros componentes do equipamento. Isso pode melhorar a efici\u00eancia do sistema, reduzir o tempo de inatividade devido \u00e0 manuten\u00e7\u00e3o e prolongar a vida \u00fatil de tubula\u00e7\u00f5es e equipamentos.<\/p>\n<p><strong>Como funciona um inibidor de corros\u00e3o?<\/strong><br \/>\nOs inibidores de corros\u00e3o formam uma camada protetora nas superf\u00edcies met\u00e1licas, evitando que entrem em contato com produtos qu\u00edmicos corrosivos no sistema de tratamento de \u00e1gua. As mol\u00e9culas do inibidor se ligam \u00e0 superf\u00edcie do metal, formando uma barreira invis\u00edvel que protege contra o ataque qu\u00edmico. O mecanismo exato depende do tipo de inibidor usado \u2013 alguns funcionam fornecendo uma barreira f\u00edsica entre o metal e a \u00e1gua, enquanto outros formam compostos qu\u00edmicos que reagem e neutralizam subst\u00e2ncias corrosivas em contato com a superf\u00edcie do metal.<\/p>\n<p><strong>Que tipos de inibidores de corros\u00e3o existem?<\/strong><br \/>\nOs tipos mais comumente usados de inibidores de corros\u00e3o incluem \u00e1cidos org\u00e2nicos (como \u00e1cido benz\u00f3ico), fosfatos (como fosfato de s\u00f3dio) e pol\u00edmeros (como polifosfatos). Existem tamb\u00e9m misturas propriet\u00e1rias que combinam v\u00e1rios tipos de inibidores em um produto. Essas misturas fornecem prote\u00e7\u00e3o aprimorada em compara\u00e7\u00e3o com produtos de componente \u00fanico, mas podem variar consideravelmente dependendo de sua formula\u00e7\u00e3o.<\/p>\n<p><strong>Como seleciono um inibidor de corros\u00e3o apropriado?<\/strong><br \/>\nAo selecionar um inibidor de corros\u00e3o adequado, \u00e9 importante considerar sua compatibilidade com outros produtos qu\u00edmicos usados no sistema, bem como seu desempenho em diferentes condi\u00e7\u00f5es, como n\u00edveis de pH e faixas de temperatura \u2013 alguns inibidores s\u00e3o eficazes apenas em determinados ambientes ou para metais espec\u00edficos . Al\u00e9m disso, leve em considera\u00e7\u00e3o todos os requisitos regulamentares, pois alguns inibidores podem n\u00e3o ser permitidos em determinadas \u00e1reas ou aplica\u00e7\u00f5es devido a considera\u00e7\u00f5es ambientais ou de sa\u00fade.<\/p>\n<p><a href=\"https:\/\/vcycletech.com\/pt\/categoria-de-produto\/inibidores-de-corrosao-e-agentes-de-pelicula-de-pre-tratamento\/\"><strong>Obtenha a solu\u00e7\u00e3o completa de inibidores de corros\u00e3o de escala constru\u00edda e agentes de pel\u00edcula de pr\u00e9-tratamento.<\/strong><\/a><\/p>","protected":false},"excerpt":{"rendered":"<p><strong>Inibidor de Corros\u00e3o para Sistema de Circula\u00e7\u00e3o Fechado<\/strong> para produtos qu\u00edmicos para tratamento de \u00e1gua ajuda a proteger superf\u00edcies met\u00e1licas em contato com \u00e1gua, \u00e1guas residuais ou fluidos de processo. \u00c9 um produto l\u00edquido concentrado que forma uma pel\u00edcula protetora na superf\u00edcie do metal e a protege da corros\u00e3o. O inibidor pode ser usado em sistemas de circula\u00e7\u00e3o fechados, como torres de resfriamento, caldeiras, condensadores e trocadores de calor. Tamb\u00e9m \u00e9 eficaz em sistemas abertos, como rios, lagos e oceanos.<\/p>\n<p>O inibidor est\u00e1 dispon\u00edvel na China em grandes quantidades para empresas que desejam comprar no atacado. \u00c9 um produto ecol\u00f3gico que n\u00e3o cont\u00e9m quaisquer produtos qu\u00edmicos ou metais nocivos. \u00c9 seguro para uso com todos os tipos de produtos qu\u00edmicos para tratamento de \u00e1gua e fornece prote\u00e7\u00e3o de longo prazo contra corros\u00e3o.<\/p>","protected":false},"featured_media":1458,"template":"","meta":{"site-sidebar-layout":"default","site-content-layout":"default","ast-site-content-layout":"default","site-content-style":"default","site-sidebar-style":"default","ast-global-header-display":"","ast-banner-title-visibility":"","ast-main-header-display":"","ast-hfb-above-header-display":"","ast-hfb-below-header-display":"","ast-hfb-mobile-header-display":"","site-post-title":"","ast-breadcrumbs-content":"","ast-featured-img":"","footer-sml-layout":"","ast-disable-related-posts":"","theme-transparent-header-meta":"default","adv-header-id-meta":"","stick-header-meta":"default","header-above-stick-meta":"","header-main-stick-meta":"","header-below-stick-meta":"","astra-migrate-meta-layouts":"default","ast-page-background-enabled":"default","ast-page-background-meta":{"desktop":{"background-color":"","background-image":"","background-repeat":"repeat","background-position":"center center","background-size":"auto","background-attachment":"scroll","background-type":"","background-media":"","overlay-type":"","overlay-color":"","overlay-opacity":"","overlay-gradient":""},"tablet":{"background-color":"","background-image":"","background-repeat":"repeat","background-position":"center center","background-size":"auto","background-attachment":"scroll","background-type":"","background-media":"","overlay-type":"","overlay-color":"","overlay-opacity":"","overlay-gradient":""},"mobile":{"background-color":"","background-image":"","background-repeat":"repeat","background-position":"center center","background-size":"auto","background-attachment":"scroll","background-type":"","background-media":"","overlay-type":"","overlay-color":"","overlay-opacity":"","overlay-gradient":""}},"ast-content-background-meta":{"desktop":{"background-color":"var(--ast-global-color-5)","background-image":"","background-repeat":"repeat","background-position":"center center","background-size":"auto","background-attachment":"scroll","background-type":"","background-media":"","overlay-type":"","overlay-color":"","overlay-opacity":"","overlay-gradient":""},"tablet":{"background-color":"var(--ast-global-color-5)","background-image":"","background-repeat":"repeat","background-position":"center center","background-size":"auto","background-attachment":"scroll","background-type":"","background-media":"","overlay-type":"","overlay-color":"","overlay-opacity":"","overlay-gradient":""},"mobile":{"background-color":"var(--ast-global-color-5)","background-image":"","background-repeat":"repeat","background-position":"center center","background-size":"auto","background-attachment":"scroll","background-type":"","background-media":"","overlay-type":"","overlay-color":"","overlay-opacity":"","overlay-gradient":""}}},"product_brand":[],"product_cat":[32],"product_tag":[],"class_list":{"0":"post-1443","1":"product","2":"type-product","3":"status-publish","4":"has-post-thumbnail","6":"product_cat-built-scale-corrosion-inhibitors-and-pretreatment-filming-agents","7":"desktop-align-left","8":"tablet-align-left","9":"mobile-align-left","10":"ast-product-gallery-layout-horizontal-slider","11":"ast-product-tabs-layout-horizontal","13":"first","14":"instock","15":"shipping-taxable","16":"product-type-simple"},"yoast_head":"<!-- This site is optimized with the Yoast SEO Premium plugin v26.3 (Yoast SEO v27.5) - https:\/\/yoast.com\/product\/yoast-seo-premium-wordpress\/ -->\n<title>Corrosion Inhibitor For Closed Circulating System - vcycletech<\/title>\n<meta name=\"description\" content=\"It is an advanced corrosion inhibitor for industrial closed circulating systems. It reduces water hardness, prevents scale deposition, and enhances system efficiency by eliminating the need for pretreatment filming operations. This product is easy to use and can help reduce maintenance costs and downtime in your system. Additionally, it can be used as a corrosion inhibitor in oil tankers or oil cans when paired with a demulsifier to maximize its effectiveness.\" \/>\n<meta name=\"robots\" content=\"index, follow, max-snippet:-1, max-image-preview:large, max-video-preview:-1\" \/>\n<link rel=\"canonical\" href=\"https:\/\/vcycletech.com\/pt\/produtos\/inibidor-de-corrosao-para-sistema-de-circulacao-fechado\/\" \/>\n<meta property=\"og:locale\" content=\"pt_PT\" \/>\n<meta property=\"og:type\" content=\"article\" \/>\n<meta property=\"og:title\" content=\"Corrosion Inhibitor For Closed Circulating System\" \/>\n<meta property=\"og:description\" content=\"It is an advanced corrosion inhibitor for industrial closed circulating systems. It reduces water hardness, prevents scale deposition, and enhances system efficiency by eliminating the need for pretreatment filming operations. This product is easy to use and can help reduce maintenance costs and downtime in your system. Additionally, it can be used as a corrosion inhibitor in oil tankers or oil cans when paired with a demulsifier to maximize its effectiveness.\" \/>\n<meta property=\"og:url\" content=\"https:\/\/vcycletech.com\/pt\/produtos\/inibidor-de-corrosao-para-sistema-de-circulacao-fechado\/\" \/>\n<meta property=\"og:site_name\" content=\"vcycletech\" \/>\n<meta property=\"article:modified_time\" content=\"2023-03-22T07:48:12+00:00\" \/>\n<meta property=\"og:image\" content=\"https:\/\/vcycletech.com\/wp-content\/uploads\/2023\/03\/1-80.png\" \/>\n\t<meta property=\"og:image:width\" content=\"600\" \/>\n\t<meta property=\"og:image:height\" content=\"600\" \/>\n\t<meta property=\"og:image:type\" content=\"image\/png\" \/>\n<meta name=\"twitter:card\" content=\"summary_large_image\" \/>\n<meta name=\"twitter:label1\" content=\"Tempo estimado de leitura\" \/>\n\t<meta name=\"twitter:data1\" content=\"3 minutos\" \/>\n<script type=\"application\/ld+json\" class=\"yoast-schema-graph\">{\"@context\":\"https:\\\/\\\/schema.org\",\"@graph\":[{\"@type\":\"WebPage\",\"@id\":\"https:\\\/\\\/vcycletech.com\\\/product\\\/corrosion-inhibitor-for-closed-circulating-system\\\/\",\"url\":\"https:\\\/\\\/vcycletech.com\\\/product\\\/corrosion-inhibitor-for-closed-circulating-system\\\/\",\"name\":\"Corrosion Inhibitor For Closed Circulating System - vcycletech\",\"isPartOf\":{\"@id\":\"https:\\\/\\\/vcycletech.com\\\/#website\"},\"primaryImageOfPage\":{\"@id\":\"https:\\\/\\\/vcycletech.com\\\/product\\\/corrosion-inhibitor-for-closed-circulating-system\\\/#primaryimage\"},\"image\":{\"@id\":\"https:\\\/\\\/vcycletech.com\\\/product\\\/corrosion-inhibitor-for-closed-circulating-system\\\/#primaryimage\"},\"thumbnailUrl\":\"https:\\\/\\\/vcycletech.com\\\/wp-content\\\/uploads\\\/2023\\\/03\\\/1-80.png\",\"datePublished\":\"2023-03-22T07:37:57+00:00\",\"dateModified\":\"2023-03-22T07:48:12+00:00\",\"description\":\"It is an advanced corrosion inhibitor for industrial closed circulating systems. It reduces water hardness, prevents scale deposition, and enhances system efficiency by eliminating the need for pretreatment filming operations. This product is easy to use and can help reduce maintenance costs and downtime in your system. Additionally, it can be used as a corrosion inhibitor in oil tankers or oil cans when paired with a demulsifier to maximize its effectiveness.\",\"breadcrumb\":{\"@id\":\"https:\\\/\\\/vcycletech.com\\\/product\\\/corrosion-inhibitor-for-closed-circulating-system\\\/#breadcrumb\"},\"inLanguage\":\"pt-PT\",\"potentialAction\":[{\"@type\":\"ReadAction\",\"target\":[\"https:\\\/\\\/vcycletech.com\\\/product\\\/corrosion-inhibitor-for-closed-circulating-system\\\/\"]}]},{\"@type\":\"ImageObject\",\"inLanguage\":\"pt-PT\",\"@id\":\"https:\\\/\\\/vcycletech.com\\\/product\\\/corrosion-inhibitor-for-closed-circulating-system\\\/#primaryimage\",\"url\":\"https:\\\/\\\/vcycletech.com\\\/wp-content\\\/uploads\\\/2023\\\/03\\\/1-80.png\",\"contentUrl\":\"https:\\\/\\\/vcycletech.com\\\/wp-content\\\/uploads\\\/2023\\\/03\\\/1-80.png\",\"width\":600,\"height\":600,\"caption\":\"Corrosion Inhibitor for Closed Circulating System\"},{\"@type\":\"BreadcrumbList\",\"@id\":\"https:\\\/\\\/vcycletech.com\\\/product\\\/corrosion-inhibitor-for-closed-circulating-system\\\/#breadcrumb\",\"itemListElement\":[{\"@type\":\"ListItem\",\"position\":1,\"name\":\"Home\",\"item\":\"https:\\\/\\\/vcycletech.com\\\/\"},{\"@type\":\"ListItem\",\"position\":2,\"name\":\"Water Treatment Chemicals Manufacturer\",\"item\":\"https:\\\/\\\/vcycletech.com\\\/water-treatment-chemicals-manufacturer\\\/\"},{\"@type\":\"ListItem\",\"position\":3,\"name\":\"Corrosion Inhibitor For Closed Circulating System\"}]},{\"@type\":\"WebSite\",\"@id\":\"https:\\\/\\\/vcycletech.com\\\/#website\",\"url\":\"https:\\\/\\\/vcycletech.com\\\/\",\"name\":\"vcycletech\",\"description\":\"China&#039;s top water treatment chemicals supplier\",\"publisher\":{\"@id\":\"https:\\\/\\\/vcycletech.com\\\/#organization\"},\"potentialAction\":[{\"@type\":\"SearchAction\",\"target\":{\"@type\":\"EntryPoint\",\"urlTemplate\":\"https:\\\/\\\/vcycletech.com\\\/?s={search_term_string}\"},\"query-input\":{\"@type\":\"PropertyValueSpecification\",\"valueRequired\":true,\"valueName\":\"search_term_string\"}}],\"inLanguage\":\"pt-PT\"},{\"@type\":\"Organization\",\"@id\":\"https:\\\/\\\/vcycletech.com\\\/#organization\",\"name\":\"vcycletech\",\"url\":\"https:\\\/\\\/vcycletech.com\\\/\",\"logo\":{\"@type\":\"ImageObject\",\"inLanguage\":\"pt-PT\",\"@id\":\"https:\\\/\\\/vcycletech.com\\\/#\\\/schema\\\/logo\\\/image\\\/\",\"url\":\"https:\\\/\\\/vcycletech.com\\\/wp-content\\\/uploads\\\/2023\\\/03\\\/logo-vcycletech-1.png\",\"contentUrl\":\"https:\\\/\\\/vcycletech.com\\\/wp-content\\\/uploads\\\/2023\\\/03\\\/logo-vcycletech-1.png\",\"width\":600,\"height\":400,\"caption\":\"vcycletech\"},\"image\":{\"@id\":\"https:\\\/\\\/vcycletech.com\\\/#\\\/schema\\\/logo\\\/image\\\/\"}}]}<\/script>\n<!-- \/ Yoast SEO Premium plugin. -->","yoast_head_json":{"title":"Inibidor de corros\u00e3o para sistema de circula\u00e7\u00e3o fechado - vcycletech","description":"\u00c9 um inibidor de corros\u00e3o avan\u00e7ado para sistemas industriais de circula\u00e7\u00e3o fechada. Reduz a dureza da \u00e1gua, evita a deposi\u00e7\u00e3o de incrusta\u00e7\u00f5es e aumenta a efici\u00eancia do sistema, eliminando a necessidade de opera\u00e7\u00f5es de pel\u00edcula de pr\u00e9-tratamento. Este produto \u00e9 f\u00e1cil de usar e pode ajudar a reduzir os custos de manuten\u00e7\u00e3o e o tempo de inatividade do seu sistema. Al\u00e9m disso, pode ser usado como inibidor de corros\u00e3o em petroleiros ou latas de \u00f3leo quando combinado com um desemulsificante para maximizar sua efic\u00e1cia.","robots":{"index":"index","follow":"follow","max-snippet":"max-snippet:-1","max-image-preview":"max-image-preview:large","max-video-preview":"max-video-preview:-1"},"canonical":"https:\/\/vcycletech.com\/pt\/produtos\/inibidor-de-corrosao-para-sistema-de-circulacao-fechado\/","og_locale":"pt_PT","og_type":"article","og_title":"Corrosion Inhibitor For Closed Circulating System","og_description":"It is an advanced corrosion inhibitor for industrial closed circulating systems. It reduces water hardness, prevents scale deposition, and enhances system efficiency by eliminating the need for pretreatment filming operations. This product is easy to use and can help reduce maintenance costs and downtime in your system. Additionally, it can be used as a corrosion inhibitor in oil tankers or oil cans when paired with a demulsifier to maximize its effectiveness.","og_url":"https:\/\/vcycletech.com\/pt\/produtos\/inibidor-de-corrosao-para-sistema-de-circulacao-fechado\/","og_site_name":"vcycletech","article_modified_time":"2023-03-22T07:48:12+00:00","og_image":[{"width":600,"height":600,"url":"https:\/\/vcycletech.com\/wp-content\/uploads\/2023\/03\/1-80.png","type":"image\/png"}],"twitter_card":"summary_large_image","twitter_misc":{"Tempo estimado de leitura":"3 minutos"},"schema":{"@context":"https:\/\/schema.org","@graph":[{"@type":"WebPage","@id":"https:\/\/vcycletech.com\/product\/corrosion-inhibitor-for-closed-circulating-system\/","url":"https:\/\/vcycletech.com\/product\/corrosion-inhibitor-for-closed-circulating-system\/","name":"Inibidor de corros\u00e3o para sistema de circula\u00e7\u00e3o fechado - vcycletech","isPartOf":{"@id":"https:\/\/vcycletech.com\/#website"},"primaryImageOfPage":{"@id":"https:\/\/vcycletech.com\/product\/corrosion-inhibitor-for-closed-circulating-system\/#primaryimage"},"image":{"@id":"https:\/\/vcycletech.com\/product\/corrosion-inhibitor-for-closed-circulating-system\/#primaryimage"},"thumbnailUrl":"https:\/\/vcycletech.com\/wp-content\/uploads\/2023\/03\/1-80.png","datePublished":"2023-03-22T07:37:57+00:00","dateModified":"2023-03-22T07:48:12+00:00","description":"\u00c9 um inibidor de corros\u00e3o avan\u00e7ado para sistemas industriais de circula\u00e7\u00e3o fechada. Reduz a dureza da \u00e1gua, evita a deposi\u00e7\u00e3o de incrusta\u00e7\u00f5es e aumenta a efici\u00eancia do sistema, eliminando a necessidade de opera\u00e7\u00f5es de pel\u00edcula de pr\u00e9-tratamento. Este produto \u00e9 f\u00e1cil de usar e pode ajudar a reduzir os custos de manuten\u00e7\u00e3o e o tempo de inatividade do seu sistema. Al\u00e9m disso, pode ser usado como inibidor de corros\u00e3o em petroleiros ou latas de \u00f3leo quando combinado com um desemulsificante para maximizar sua efic\u00e1cia.","breadcrumb":{"@id":"https:\/\/vcycletech.com\/product\/corrosion-inhibitor-for-closed-circulating-system\/#breadcrumb"},"inLanguage":"pt-PT","potentialAction":[{"@type":"ReadAction","target":["https:\/\/vcycletech.com\/product\/corrosion-inhibitor-for-closed-circulating-system\/"]}]},{"@type":"ImageObject","inLanguage":"pt-PT","@id":"https:\/\/vcycletech.com\/product\/corrosion-inhibitor-for-closed-circulating-system\/#primaryimage","url":"https:\/\/vcycletech.com\/wp-content\/uploads\/2023\/03\/1-80.png","contentUrl":"https:\/\/vcycletech.com\/wp-content\/uploads\/2023\/03\/1-80.png","width":600,"height":600,"caption":"Corrosion Inhibitor for Closed Circulating System"},{"@type":"BreadcrumbList","@id":"https:\/\/vcycletech.com\/product\/corrosion-inhibitor-for-closed-circulating-system\/#breadcrumb","itemListElement":[{"@type":"ListItem","position":1,"name":"Home","item":"https:\/\/vcycletech.com\/"},{"@type":"ListItem","position":2,"name":"Water Treatment Chemicals Manufacturer","item":"https:\/\/vcycletech.com\/water-treatment-chemicals-manufacturer\/"},{"@type":"ListItem","position":3,"name":"Corrosion Inhibitor For Closed Circulating System"}]},{"@type":"WebSite","@id":"https:\/\/vcycletech.com\/#website","url":"https:\/\/vcycletech.com\/","name":"vcycletech","description":"China&#039;principal fornecedor de produtos qu\u00edmicos para tratamento de \u00e1gua","publisher":{"@id":"https:\/\/vcycletech.com\/#organization"},"potentialAction":[{"@type":"SearchAction","target":{"@type":"EntryPoint","urlTemplate":"https:\/\/vcycletech.com\/?s={search_term_string}"},"query-input":{"@type":"PropertyValueSpecification","valueRequired":true,"valueName":"search_term_string"}}],"inLanguage":"pt-PT"},{"@type":"Organization","@id":"https:\/\/vcycletech.com\/#organization","name":"vcycletech","url":"https:\/\/vcycletech.com\/","logo":{"@type":"ImageObject","inLanguage":"pt-PT","@id":"https:\/\/vcycletech.com\/#\/schema\/logo\/image\/","url":"https:\/\/vcycletech.com\/wp-content\/uploads\/2023\/03\/logo-vcycletech-1.png","contentUrl":"https:\/\/vcycletech.com\/wp-content\/uploads\/2023\/03\/logo-vcycletech-1.png","width":600,"height":400,"caption":"vcycletech"},"image":{"@id":"https:\/\/vcycletech.com\/#\/schema\/logo\/image\/"}}]}},"_links":{"self":[{"href":"https:\/\/vcycletech.com\/pt\/wp-json\/wp\/v2\/product\/1443","targetHints":{"allow":["GET"]}}],"collection":[{"href":"https:\/\/vcycletech.com\/pt\/wp-json\/wp\/v2\/product"}],"about":[{"href":"https:\/\/vcycletech.com\/pt\/wp-json\/wp\/v2\/types\/product"}],"wp:featuredmedia":[{"embeddable":true,"href":"https:\/\/vcycletech.com\/pt\/wp-json\/wp\/v2\/media\/1458"}],"wp:attachment":[{"href":"https:\/\/vcycletech.com\/pt\/wp-json\/wp\/v2\/media?parent=1443"}],"wp:term":[{"taxonomy":"product_brand","embeddable":true,"href":"https:\/\/vcycletech.com\/pt\/wp-json\/wp\/v2\/product_brand?post=1443"},{"taxonomy":"product_cat","embeddable":true,"href":"https:\/\/vcycletech.com\/pt\/wp-json\/wp\/v2\/product_cat?post=1443"},{"taxonomy":"product_tag","embeddable":true,"href":"https:\/\/vcycletech.com\/pt\/wp-json\/wp\/v2\/product_tag?post=1443"}],"curies":[{"name":"wp","href":"https:\/\/api.w.org\/{rel}","templated":true}]}}