{"id":1427,"date":"2023-03-22T06:53:18","date_gmt":"2023-03-22T06:53:18","guid":{"rendered":"https:\/\/vcycletech.com\/?post_type=product&#038;p=1427"},"modified":"2023-03-27T02:44:54","modified_gmt":"2023-03-27T02:44:54","slug":"wt-610-inibidor-de-incrustacao-para-agua-empoeirada","status":"publish","type":"product","link":"https:\/\/vcycletech.com\/pt\/produtos\/wt-610-inibidor-de-incrustacao-para-agua-empoeirada\/","title":{"rendered":"WT-610 Inibidor de incrusta\u00e7\u00f5es para \u00e1gua empoeirada"},"content":{"rendered":"<h3 id=\"introduction_2\" class=\"xsj_heading_hash xsj_heading xsj_heading_h2\" data-source-line=\"6\" data-source-line-display=\"true\"><span class=\"xsj_heading_content\">Introdu\u00e7\u00e3o:<\/span><\/h3>\n<p class=\"xsj_paragraph xsj_paragraph_level_0\" data-source-line=\"7\" data-source-line-display=\"true\"><strong>WT-610<\/strong> \u00e9 uma f\u00f3rmula avan\u00e7ada de copol\u00edmero especialmente formulada para reduzir a poeira em sistemas de \u00e1gua. Ele efetivamente dispersa as part\u00edculas em todo o sistema de \u00e1gua, garantindo propriedades de distor\u00e7\u00e3o de cristal ideais e um ambiente limpo. Saiba mais sobre os recursos, aplica\u00e7\u00f5es e perguntas frequentes desse poderoso inibidor de escala.<\/p>\n<div class=\"xiaoshujiang_element xsj_anchor\"><a class=\"blank_anchor_name\" name=\"features_3\"><\/a><a id=\"features_3\" class=\"blank_anchor_id\"><\/a><a class=\"blank_anchor_name\" name=\"features\"><\/a><a id=\"features\" class=\"blank_anchor_id\"><\/a><\/div>\n<h3 id=\"features_3\" class=\"xsj_heading_hash xsj_heading xsj_heading_h2\" data-source-line=\"9\" data-source-line-display=\"true\"><span class=\"xsj_heading_content\">Caracter\u00edsticas:<br \/>\n<\/span><\/h3>\n<p class=\"xsj_paragraph xsj_paragraph_level_0\" data-source-line=\"12\" data-source-line-display=\"true\">A caracter\u00edstica mais not\u00e1vel do WT-610 s\u00e3o suas poderosas habilidades quelantes. Isso permite que ele se disperse no sistema de \u00e1gua com muito mais efici\u00eancia do que as f\u00f3rmulas tradicionais, levando a melhores resultados de redu\u00e7\u00e3o de poeira. Al\u00e9m disso, o WT-610 possui excelentes recursos de prote\u00e7\u00e3o contra corros\u00e3o e \u00e9 aprovado para uso em sistemas de \u00e1gua pot\u00e1vel \u2013 tornando-o perfeito para v\u00e1rias aplica\u00e7\u00f5es industriais.<\/p>\n<div class=\"xiaoshujiang_element xsj_anchor\"><a class=\"blank_anchor_name\" name=\"applications_4\"><\/a><a id=\"applications_4\" class=\"blank_anchor_id\"><\/a><a class=\"blank_anchor_name\" name=\"applications\"><\/a><a id=\"applications\" class=\"blank_anchor_id\"><\/a><\/div>\n<h3 id=\"applications_4\" class=\"xsj_heading_hash xsj_heading xsj_heading_h2\" data-source-line=\"14\" data-source-line-display=\"true\"><span class=\"xsj_heading_content\">Formul\u00e1rios:<\/span><\/h3>\n<p class=\"xsj_paragraph xsj_paragraph_level_0\" data-source-line=\"16\" data-source-line-display=\"true\">WT-610 \u00e9 usado em muitas ind\u00fastrias; algumas das aplica\u00e7\u00f5es mais comuns incluem torres de resfriamento, caldeiras e processos industriais, como refino de petr\u00f3leo e produ\u00e7\u00e3o de papel. Ele tamb\u00e9m pode ser usado em v\u00e1rios ambientes comerciais e dom\u00e9sticos para controlar o ac\u00famulo de dep\u00f3sitos de carbonato de c\u00e1lcio, ajudando a manter os tubos limpos e funcionando perfeitamente ao longo do tempo.<\/p>\n<h3>Especifica\u00e7\u00e3o:<\/h3>\n<div>\n<table id=\"tablepress-5\" class=\"tablepress tablepress-id-5\">\n<thead>\n<tr class=\"row-1\">\n\t<th class=\"column-1\">Unid<\/th><th class=\"column-2\">\u00cdndice<\/th><td class=\"column-3\"><\/td>\n<\/tr>\n<\/thead>\n<tbody class=\"row-striping row-hover\">\n<tr class=\"row-2\">\n\t<td class=\"column-1\">Apar\u00eancia<\/td><td class=\"column-2\">L\u00edquido transparente \u00e2mbar<\/td><td class=\"column-3\"><\/td>\n<\/tr>\n<tr class=\"row-3\">\n\t<td class=\"column-1\">Conte\u00fado s\u00f3lido, %<\/td><td class=\"column-2\">40,0 min<\/td><td class=\"column-3\"><\/td>\n<\/tr>\n<tr class=\"row-4\">\n\t<td class=\"column-1\">\u00c1cido fosf\u00f3rico total, (como PO43-)%<\/td><td class=\"column-2\">25,0 min<\/td><td class=\"column-3\"><\/td>\n<\/tr>\n<tr class=\"row-5\">\n\t<td class=\"column-1\">pH, (solu\u00e7\u00e3o de \u00e1gua 1%)<\/td><td class=\"column-2\">2,0\u00b10,5<\/td><td class=\"column-3\"><\/td>\n<\/tr>\n<tr class=\"row-6\">\n\t<td class=\"column-1\">Densidade(20\u2103), g\/cm3<\/td><td class=\"column-2\">1,20 min<\/td><td class=\"column-3\"><\/td>\n<\/tr>\n<tr class=\"row-7\">\n\t<td class=\"column-1\"><span style=\"color:#222222;\"><strong><\/strong><\/span><\/td><td class=\"column-2\"><\/td><td class=\"column-3\"><\/td>\n<\/tr>\n<\/tbody>\n<\/table>\n<\/div>\n<div class=\"xiaoshujiang_element xsj_anchor\"><a class=\"blank_anchor_name\" name=\"faqs_5\"><\/a><a id=\"faqs_5\" class=\"blank_anchor_id\"><\/a><a class=\"blank_anchor_name\" name=\"faqs\"><\/a><a id=\"faqs\" class=\"blank_anchor_id\"><\/a><\/div>\n<h3 id=\"faqs_5\" class=\"xsj_heading_hash xsj_heading xsj_heading_h2\" data-source-line=\"18\" data-source-line-display=\"true\"><span class=\"xsj_heading_content\">Perguntas frequentes:<\/span><\/h3>\n<div class=\"xiaoshujiang_element xsj_anchor\"><a class=\"blank_anchor_name\" name=\"q20what20makes20wt-61020different20from20other20scale20inhibitors_6\"><\/a><a id=\"q20what20makes20wt-61020different20from20other20scale20inhibitors_6\" class=\"blank_anchor_id\"><\/a><a class=\"blank_anchor_name\" name=\"q-what-makes-wt-610-different-from-other-scale-inhibitors\"><\/a><a id=\"q-what-makes-wt-610-different-from-other-scale-inhibitors\" class=\"blank_anchor_id\"><\/a><\/div>\n<p id=\"q20what20makes20wt-61020different20from20other20scale20inhibitors_6\" class=\"xsj_heading_hash xsj_heading xsj_heading_h3\" data-source-line=\"20\" data-source-line-display=\"true\"><strong><span class=\"xsj_heading_content\">P: O que torna o WT-610 diferente de outros inibidores de incrusta\u00e7\u00e3o?<\/span><\/strong><\/p>\n<p class=\"xsj_paragraph xsj_paragraph_level_0\" data-source-line=\"22\" data-source-line-display=\"true\">R: A principal diferen\u00e7a entre o WT-610 e outros inibidores de incrusta\u00e7\u00e3o est\u00e1 em sua f\u00f3rmula \u00fanica de copol\u00edmero. Essa combina\u00e7\u00e3o de \u00e1cido organofosfina, \u00e1cido policarbox\u00edlico e elementos sulfossal oferece habilidades quelantes superiores em compara\u00e7\u00e3o com as f\u00f3rmulas tradicionais - permitindo que se disperse nos sistemas de \u00e1gua com muito mais efici\u00eancia, proporcionando excelentes benef\u00edcios de redu\u00e7\u00e3o de poeira.<\/p>\n<div class=\"xiaoshujiang_element xsj_anchor\"><a class=\"blank_anchor_name\" name=\"q20is20wt-61020safe20for20use20with20potable20water_7\"><\/a><a id=\"q20is20wt-61020safe20for20use20with20potable20water_7\" class=\"blank_anchor_id\"><\/a><a class=\"blank_anchor_name\" name=\"q-is-wt-610-safe-for-use-with-potable-water\"><\/a><a id=\"q-is-wt-610-safe-for-use-with-potable-water\" class=\"blank_anchor_id\"><\/a><\/div>\n<p id=\"q20is20wt-61020safe20for20use20with20potable20water_7\" class=\"xsj_heading_hash xsj_heading xsj_heading_h3\" data-source-line=\"24\" data-source-line-display=\"true\"><strong><span class=\"xsj_heading_content\">P: O WT-610 \u00e9 seguro para uso com \u00e1gua pot\u00e1vel?<\/span><\/strong><\/p>\n<p class=\"xsj_paragraph xsj_paragraph_level_0\" data-source-line=\"26\" data-source-line-display=\"true\">R: Absolutamente! O WT-610 recebeu aprova\u00e7\u00e3o da NSF International para uso em sistemas de \u00e1gua pot\u00e1vel. Voc\u00ea pode ficar tranquilo sabendo que sua \u00e1gua permanecer\u00e1 segura ap\u00f3s o tratamento com este inibidor de escala avan\u00e7ado.<\/p>\n<div class=\"xiaoshujiang_element xsj_anchor\"><a class=\"blank_anchor_name\" name=\"q20how20often20should20i20use20wt-610_8\"><\/a><a id=\"q20how20often20should20i20use20wt-610_8\" class=\"blank_anchor_id\"><\/a><a class=\"blank_anchor_name\" name=\"q-how-often-should-i-use-wt-610\"><\/a><a id=\"q-how-often-should-i-use-wt-610\" class=\"blank_anchor_id\"><\/a><\/div>\n<p id=\"q20how20often20should20i20use20wt-610_8\" class=\"xsj_heading_hash xsj_heading xsj_heading_h3\" data-source-line=\"28\" data-source-line-display=\"true\"><strong><span class=\"xsj_heading_content\">P: Com que frequ\u00eancia devo usar o WT-610?<\/span><\/strong><\/p>\n<p class=\"xsj_paragraph xsj_paragraph_level_0\" data-source-line=\"30\" data-source-line-display=\"true\">R: De um modo geral, voc\u00ea deve usar o WT-610 a cada 1 a 2 semanas, dependendo de quanto seu sistema \u00e9 usado; no entanto, recomendamos consultar um profissional se n\u00e3o tiver certeza sobre os requisitos de uso exatos para sua situa\u00e7\u00e3o espec\u00edfica.<\/p>\n<div class=\"xiaoshujiang_element xsj_anchor\"><a class=\"blank_anchor_name\" name=\"q20what20are20some20signs20that20my20system20needs20treatment20with20wt-610_9\"><\/a><a id=\"q20what20are20some20signs20that20my20system20needs20treatment20with20wt-610_9\" class=\"blank_anchor_id\"><\/a><a class=\"blank_anchor_name\" name=\"q-what-are-some-signs-that-my-system-needs-treatment-with-wt-610\"><\/a><a id=\"q-what-are-some-signs-that-my-system-needs-treatment-with-wt-610\" class=\"blank_anchor_id\"><\/a><\/div>\n<p id=\"q20what20are20some20signs20that20my20system20needs20treatment20with20wt-610_9\" class=\"xsj_heading_hash xsj_heading xsj_heading_h3\" data-source-line=\"32\" data-source-line-display=\"true\"><strong><span class=\"xsj_heading_content\">P: Quais s\u00e3o os sinais de que meu sistema precisa de tratamento com WT-610?<\/span><\/strong><\/p>\n<p class=\"xsj_paragraph xsj_paragraph_level_0\" data-source-line=\"34\" data-source-line-display=\"true\">R: Se voc\u00ea notar poeira ou dep\u00f3sitos minerais se formando em torno de acess\u00f3rios ou aparelhos conectados ao seu sistema \u2013 como banheiros ou lava-lou\u00e7as \u2013 pode ser hora de aplicar uma dose de WT-610. Al\u00e9m disso, se o equipamento conectado ao seu sistema parece estar funcionando mais devagar do que o normal ou se um odor desagrad\u00e1vel emana de torneiras ou canos, isso pode indicar que um tratamento com inibidor de incrusta\u00e7\u00f5es \u00e9 necess\u00e1rio.<\/p>\n<p class=\"xsj_paragraph xsj_paragraph_level_0\" data-source-line=\"37\" data-source-line-display=\"true\"><a class=\"xsj_link xsj_manu_link\" href=\"https:\/\/vcycletech.com\/pt\/categoria-de-produto\/inibidores-de-corrosao-e-agentes-de-pelicula-de-pre-tratamento\/\">Obtenha a solu\u00e7\u00e3o completa de Inibidores de Incrusta\u00e7\u00e3o e Corros\u00e3o e Agentes de Pel\u00edcula de Pr\u00e9-tratamento<\/a>.<\/p>","protected":false},"excerpt":{"rendered":"<p>Se voc\u00ea estiver procurando por um inibidor de incrusta\u00e7\u00e3o para ajudar a reduzir a poeira em seu sistema de \u00e1gua, n\u00e3o procure mais do que <strong>WT-610<\/strong>! Esta f\u00f3rmula de copol\u00edmero compreende \u00e1cido organofosfina, \u00e1cido policarbox\u00edlico e elementos sulfossal, que criam um agente quelante eficaz. As part\u00edculas dispersas no sistema de \u00e1gua ir\u00e3o distorcer os cristais e levar a um ambiente consistentemente limpo. Al\u00e9m disso, o WT-610 tamb\u00e9m pode ajudar a reduzir os n\u00edveis de poeira em sua opera\u00e7\u00e3o comercial. Experimente hoje!<\/p>","protected":false},"featured_media":1430,"template":"","meta":{"site-sidebar-layout":"default","site-content-layout":"default","ast-site-content-layout":"default","site-content-style":"default","site-sidebar-style":"default","ast-global-header-display":"","ast-banner-title-visibility":"","ast-main-header-display":"","ast-hfb-above-header-display":"","ast-hfb-below-header-display":"","ast-hfb-mobile-header-display":"","site-post-title":"","ast-breadcrumbs-content":"","ast-featured-img":"","footer-sml-layout":"","ast-disable-related-posts":"","theme-transparent-header-meta":"default","adv-header-id-meta":"","stick-header-meta":"default","header-above-stick-meta":"","header-main-stick-meta":"","header-below-stick-meta":"","astra-migrate-meta-layouts":"default","ast-page-background-enabled":"default","ast-page-background-meta":{"desktop":{"background-color":"","background-image":"","background-repeat":"repeat","background-position":"center center","background-size":"auto","background-attachment":"scroll","background-type":"","background-media":"","overlay-type":"","overlay-color":"","overlay-opacity":"","overlay-gradient":""},"tablet":{"background-color":"","background-image":"","background-repeat":"repeat","background-position":"center center","background-size":"auto","background-attachment":"scroll","background-type":"","background-media":"","overlay-type":"","overlay-color":"","overlay-opacity":"","overlay-gradient":""},"mobile":{"background-color":"","background-image":"","background-repeat":"repeat","background-position":"center center","background-size":"auto","background-attachment":"scroll","background-type":"","background-media":"","overlay-type":"","overlay-color":"","overlay-opacity":"","overlay-gradient":""}},"ast-content-background-meta":{"desktop":{"background-color":"var(--ast-global-color-5)","background-image":"","background-repeat":"repeat","background-position":"center center","background-size":"auto","background-attachment":"scroll","background-type":"","background-media":"","overlay-type":"","overlay-color":"","overlay-opacity":"","overlay-gradient":""},"tablet":{"background-color":"var(--ast-global-color-5)","background-image":"","background-repeat":"repeat","background-position":"center center","background-size":"auto","background-attachment":"scroll","background-type":"","background-media":"","overlay-type":"","overlay-color":"","overlay-opacity":"","overlay-gradient":""},"mobile":{"background-color":"var(--ast-global-color-5)","background-image":"","background-repeat":"repeat","background-position":"center center","background-size":"auto","background-attachment":"scroll","background-type":"","background-media":"","overlay-type":"","overlay-color":"","overlay-opacity":"","overlay-gradient":""}}},"product_brand":[],"product_cat":[32],"product_tag":[],"class_list":{"0":"post-1427","1":"product","2":"type-product","3":"status-publish","4":"has-post-thumbnail","6":"product_cat-built-scale-corrosion-inhibitors-and-pretreatment-filming-agents","7":"desktop-align-left","8":"tablet-align-left","9":"mobile-align-left","10":"ast-product-gallery-layout-horizontal-slider","11":"ast-product-gallery-with-no-image","12":"ast-product-tabs-layout-horizontal","14":"first","15":"instock","16":"shipping-taxable","17":"product-type-simple"},"yoast_head":"<!-- This site is optimized with the Yoast SEO Premium plugin v26.3 (Yoast SEO v27.3) - https:\/\/yoast.com\/product\/yoast-seo-premium-wordpress\/ -->\n<title>WT-610 Scale Inhibitor for Dusty Water - vcycletech<\/title>\n<meta name=\"description\" content=\"WT-610 Scale Inhibitor for Dusty Water is the perfect solution to help keep your water system running normally! Its organophosphine acid, polycarboxylic acid and sulfosalt copolymer properties provide chelation and dispersion to recover crystal distortion.\" \/>\n<meta name=\"robots\" content=\"index, follow, max-snippet:-1, max-image-preview:large, max-video-preview:-1\" \/>\n<link rel=\"canonical\" href=\"https:\/\/vcycletech.com\/pt\/produtos\/wt-610-inibidor-de-incrustacao-para-agua-empoeirada\/\" \/>\n<meta property=\"og:locale\" content=\"pt_PT\" \/>\n<meta property=\"og:type\" content=\"article\" \/>\n<meta property=\"og:title\" content=\"WT-610 Scale Inhibitor for Dusty Water\" \/>\n<meta property=\"og:description\" content=\"WT-610 Scale Inhibitor for Dusty Water is the perfect solution to help keep your water system running normally! Its organophosphine acid, polycarboxylic acid and sulfosalt copolymer properties provide chelation and dispersion to recover crystal distortion.\" \/>\n<meta property=\"og:url\" content=\"https:\/\/vcycletech.com\/pt\/produtos\/wt-610-inibidor-de-incrustacao-para-agua-empoeirada\/\" \/>\n<meta property=\"og:site_name\" content=\"vcycletech\" \/>\n<meta property=\"article:modified_time\" content=\"2023-03-27T02:44:54+00:00\" \/>\n<meta property=\"og:image\" content=\"https:\/\/vcycletech.com\/wp-content\/uploads\/2023\/03\/WT-601-3.png\" \/>\n\t<meta property=\"og:image:width\" content=\"600\" \/>\n\t<meta property=\"og:image:height\" content=\"600\" \/>\n\t<meta property=\"og:image:type\" content=\"image\/png\" \/>\n<meta name=\"twitter:card\" content=\"summary_large_image\" \/>\n<meta name=\"twitter:label1\" content=\"Tempo estimado de leitura\" \/>\n\t<meta name=\"twitter:data1\" content=\"2 minutos\" \/>\n<script type=\"application\/ld+json\" class=\"yoast-schema-graph\">{\"@context\":\"https:\\\/\\\/schema.org\",\"@graph\":[{\"@type\":\"WebPage\",\"@id\":\"https:\\\/\\\/vcycletech.com\\\/product\\\/wt-610-scale-inhibitor-for-dusty-water\\\/\",\"url\":\"https:\\\/\\\/vcycletech.com\\\/product\\\/wt-610-scale-inhibitor-for-dusty-water\\\/\",\"name\":\"WT-610 Scale Inhibitor for Dusty Water - vcycletech\",\"isPartOf\":{\"@id\":\"https:\\\/\\\/vcycletech.com\\\/#website\"},\"primaryImageOfPage\":{\"@id\":\"https:\\\/\\\/vcycletech.com\\\/product\\\/wt-610-scale-inhibitor-for-dusty-water\\\/#primaryimage\"},\"image\":{\"@id\":\"https:\\\/\\\/vcycletech.com\\\/product\\\/wt-610-scale-inhibitor-for-dusty-water\\\/#primaryimage\"},\"thumbnailUrl\":\"https:\\\/\\\/vcycletech.com\\\/wp-content\\\/uploads\\\/2023\\\/03\\\/WT-601-3.png\",\"datePublished\":\"2023-03-22T06:53:18+00:00\",\"dateModified\":\"2023-03-27T02:44:54+00:00\",\"description\":\"WT-610 Scale Inhibitor for Dusty Water is the perfect solution to help keep your water system running normally! Its organophosphine acid, polycarboxylic acid and sulfosalt copolymer properties provide chelation and dispersion to recover crystal distortion.\",\"breadcrumb\":{\"@id\":\"https:\\\/\\\/vcycletech.com\\\/product\\\/wt-610-scale-inhibitor-for-dusty-water\\\/#breadcrumb\"},\"inLanguage\":\"pt-PT\",\"potentialAction\":[{\"@type\":\"ReadAction\",\"target\":[\"https:\\\/\\\/vcycletech.com\\\/product\\\/wt-610-scale-inhibitor-for-dusty-water\\\/\"]}]},{\"@type\":\"ImageObject\",\"inLanguage\":\"pt-PT\",\"@id\":\"https:\\\/\\\/vcycletech.com\\\/product\\\/wt-610-scale-inhibitor-for-dusty-water\\\/#primaryimage\",\"url\":\"https:\\\/\\\/vcycletech.com\\\/wp-content\\\/uploads\\\/2023\\\/03\\\/WT-601-3.png\",\"contentUrl\":\"https:\\\/\\\/vcycletech.com\\\/wp-content\\\/uploads\\\/2023\\\/03\\\/WT-601-3.png\",\"width\":600,\"height\":600,\"caption\":\"WT-610 Scale Inhibitor for Dusty Water\"},{\"@type\":\"BreadcrumbList\",\"@id\":\"https:\\\/\\\/vcycletech.com\\\/product\\\/wt-610-scale-inhibitor-for-dusty-water\\\/#breadcrumb\",\"itemListElement\":[{\"@type\":\"ListItem\",\"position\":1,\"name\":\"Home\",\"item\":\"https:\\\/\\\/vcycletech.com\\\/\"},{\"@type\":\"ListItem\",\"position\":2,\"name\":\"Water Treatment Chemicals Manufacturer\",\"item\":\"https:\\\/\\\/vcycletech.com\\\/water-treatment-chemicals-manufacturer\\\/\"},{\"@type\":\"ListItem\",\"position\":3,\"name\":\"WT-610 Scale Inhibitor for Dusty Water\"}]},{\"@type\":\"WebSite\",\"@id\":\"https:\\\/\\\/vcycletech.com\\\/#website\",\"url\":\"https:\\\/\\\/vcycletech.com\\\/\",\"name\":\"vcycletech\",\"description\":\"China&#039;s top water treatment chemicals supplier\",\"publisher\":{\"@id\":\"https:\\\/\\\/vcycletech.com\\\/#organization\"},\"potentialAction\":[{\"@type\":\"SearchAction\",\"target\":{\"@type\":\"EntryPoint\",\"urlTemplate\":\"https:\\\/\\\/vcycletech.com\\\/?s={search_term_string}\"},\"query-input\":{\"@type\":\"PropertyValueSpecification\",\"valueRequired\":true,\"valueName\":\"search_term_string\"}}],\"inLanguage\":\"pt-PT\"},{\"@type\":\"Organization\",\"@id\":\"https:\\\/\\\/vcycletech.com\\\/#organization\",\"name\":\"vcycletech\",\"url\":\"https:\\\/\\\/vcycletech.com\\\/\",\"logo\":{\"@type\":\"ImageObject\",\"inLanguage\":\"pt-PT\",\"@id\":\"https:\\\/\\\/vcycletech.com\\\/#\\\/schema\\\/logo\\\/image\\\/\",\"url\":\"https:\\\/\\\/vcycletech.com\\\/wp-content\\\/uploads\\\/2023\\\/03\\\/logo-vcycletech-1.png\",\"contentUrl\":\"https:\\\/\\\/vcycletech.com\\\/wp-content\\\/uploads\\\/2023\\\/03\\\/logo-vcycletech-1.png\",\"width\":600,\"height\":400,\"caption\":\"vcycletech\"},\"image\":{\"@id\":\"https:\\\/\\\/vcycletech.com\\\/#\\\/schema\\\/logo\\\/image\\\/\"}}]}<\/script>\n<!-- \/ Yoast SEO Premium plugin. -->","yoast_head_json":{"title":"Inibidor de escala WT-610 para \u00e1gua empoeirada - vcycletech","description":"O inibidor de incrusta\u00e7\u00e3o WT-610 para \u00e1gua com poeira \u00e9 a solu\u00e7\u00e3o perfeita para ajudar a manter seu sistema de \u00e1gua funcionando normalmente! Suas propriedades de \u00e1cido organofosfina, \u00e1cido policarbox\u00edlico e copol\u00edmero de sulfossal fornecem quela\u00e7\u00e3o e dispers\u00e3o para recuperar a distor\u00e7\u00e3o do cristal.","robots":{"index":"index","follow":"follow","max-snippet":"max-snippet:-1","max-image-preview":"max-image-preview:large","max-video-preview":"max-video-preview:-1"},"canonical":"https:\/\/vcycletech.com\/pt\/produtos\/wt-610-inibidor-de-incrustacao-para-agua-empoeirada\/","og_locale":"pt_PT","og_type":"article","og_title":"WT-610 Scale Inhibitor for Dusty Water","og_description":"WT-610 Scale Inhibitor for Dusty Water is the perfect solution to help keep your water system running normally! Its organophosphine acid, polycarboxylic acid and sulfosalt copolymer properties provide chelation and dispersion to recover crystal distortion.","og_url":"https:\/\/vcycletech.com\/pt\/produtos\/wt-610-inibidor-de-incrustacao-para-agua-empoeirada\/","og_site_name":"vcycletech","article_modified_time":"2023-03-27T02:44:54+00:00","og_image":[{"width":600,"height":600,"url":"https:\/\/vcycletech.com\/wp-content\/uploads\/2023\/03\/WT-601-3.png","type":"image\/png"}],"twitter_card":"summary_large_image","twitter_misc":{"Tempo estimado de leitura":"2 minutos"},"schema":{"@context":"https:\/\/schema.org","@graph":[{"@type":"WebPage","@id":"https:\/\/vcycletech.com\/product\/wt-610-scale-inhibitor-for-dusty-water\/","url":"https:\/\/vcycletech.com\/product\/wt-610-scale-inhibitor-for-dusty-water\/","name":"Inibidor de escala WT-610 para \u00e1gua empoeirada - vcycletech","isPartOf":{"@id":"https:\/\/vcycletech.com\/#website"},"primaryImageOfPage":{"@id":"https:\/\/vcycletech.com\/product\/wt-610-scale-inhibitor-for-dusty-water\/#primaryimage"},"image":{"@id":"https:\/\/vcycletech.com\/product\/wt-610-scale-inhibitor-for-dusty-water\/#primaryimage"},"thumbnailUrl":"https:\/\/vcycletech.com\/wp-content\/uploads\/2023\/03\/WT-601-3.png","datePublished":"2023-03-22T06:53:18+00:00","dateModified":"2023-03-27T02:44:54+00:00","description":"O inibidor de incrusta\u00e7\u00e3o WT-610 para \u00e1gua com poeira \u00e9 a solu\u00e7\u00e3o perfeita para ajudar a manter seu sistema de \u00e1gua funcionando normalmente! Suas propriedades de \u00e1cido organofosfina, \u00e1cido policarbox\u00edlico e copol\u00edmero de sulfossal fornecem quela\u00e7\u00e3o e dispers\u00e3o para recuperar a distor\u00e7\u00e3o do cristal.","breadcrumb":{"@id":"https:\/\/vcycletech.com\/product\/wt-610-scale-inhibitor-for-dusty-water\/#breadcrumb"},"inLanguage":"pt-PT","potentialAction":[{"@type":"ReadAction","target":["https:\/\/vcycletech.com\/product\/wt-610-scale-inhibitor-for-dusty-water\/"]}]},{"@type":"ImageObject","inLanguage":"pt-PT","@id":"https:\/\/vcycletech.com\/product\/wt-610-scale-inhibitor-for-dusty-water\/#primaryimage","url":"https:\/\/vcycletech.com\/wp-content\/uploads\/2023\/03\/WT-601-3.png","contentUrl":"https:\/\/vcycletech.com\/wp-content\/uploads\/2023\/03\/WT-601-3.png","width":600,"height":600,"caption":"WT-610 Scale Inhibitor for Dusty Water"},{"@type":"BreadcrumbList","@id":"https:\/\/vcycletech.com\/product\/wt-610-scale-inhibitor-for-dusty-water\/#breadcrumb","itemListElement":[{"@type":"ListItem","position":1,"name":"Home","item":"https:\/\/vcycletech.com\/"},{"@type":"ListItem","position":2,"name":"Water Treatment Chemicals Manufacturer","item":"https:\/\/vcycletech.com\/water-treatment-chemicals-manufacturer\/"},{"@type":"ListItem","position":3,"name":"WT-610 Scale Inhibitor for Dusty Water"}]},{"@type":"WebSite","@id":"https:\/\/vcycletech.com\/#website","url":"https:\/\/vcycletech.com\/","name":"vcycletech","description":"China&#039;principal fornecedor de produtos qu\u00edmicos para tratamento de \u00e1gua","publisher":{"@id":"https:\/\/vcycletech.com\/#organization"},"potentialAction":[{"@type":"SearchAction","target":{"@type":"EntryPoint","urlTemplate":"https:\/\/vcycletech.com\/?s={search_term_string}"},"query-input":{"@type":"PropertyValueSpecification","valueRequired":true,"valueName":"search_term_string"}}],"inLanguage":"pt-PT"},{"@type":"Organization","@id":"https:\/\/vcycletech.com\/#organization","name":"vcycletech","url":"https:\/\/vcycletech.com\/","logo":{"@type":"ImageObject","inLanguage":"pt-PT","@id":"https:\/\/vcycletech.com\/#\/schema\/logo\/image\/","url":"https:\/\/vcycletech.com\/wp-content\/uploads\/2023\/03\/logo-vcycletech-1.png","contentUrl":"https:\/\/vcycletech.com\/wp-content\/uploads\/2023\/03\/logo-vcycletech-1.png","width":600,"height":400,"caption":"vcycletech"},"image":{"@id":"https:\/\/vcycletech.com\/#\/schema\/logo\/image\/"}}]}},"_links":{"self":[{"href":"https:\/\/vcycletech.com\/pt\/wp-json\/wp\/v2\/product\/1427","targetHints":{"allow":["GET"]}}],"collection":[{"href":"https:\/\/vcycletech.com\/pt\/wp-json\/wp\/v2\/product"}],"about":[{"href":"https:\/\/vcycletech.com\/pt\/wp-json\/wp\/v2\/types\/product"}],"wp:featuredmedia":[{"embeddable":true,"href":"https:\/\/vcycletech.com\/pt\/wp-json\/wp\/v2\/media\/1430"}],"wp:attachment":[{"href":"https:\/\/vcycletech.com\/pt\/wp-json\/wp\/v2\/media?parent=1427"}],"wp:term":[{"taxonomy":"product_brand","embeddable":true,"href":"https:\/\/vcycletech.com\/pt\/wp-json\/wp\/v2\/product_brand?post=1427"},{"taxonomy":"product_cat","embeddable":true,"href":"https:\/\/vcycletech.com\/pt\/wp-json\/wp\/v2\/product_cat?post=1427"},{"taxonomy":"product_tag","embeddable":true,"href":"https:\/\/vcycletech.com\/pt\/wp-json\/wp\/v2\/product_tag?post=1427"}],"curies":[{"name":"wp","href":"https:\/\/api.w.org\/{rel}","templated":true}]}}