{"id":1423,"date":"2023-03-22T07:08:17","date_gmt":"2023-03-22T07:08:17","guid":{"rendered":"https:\/\/vcycletech.com\/?post_type=product&#038;p=1423"},"modified":"2023-03-27T02:54:16","modified_gmt":"2023-03-27T02:54:16","slug":"wt-701-agente-de-limpeza-sem-parar","status":"publish","type":"product","link":"https:\/\/vcycletech.com\/pt\/produtos\/wt-701-agente-de-limpeza-sem-parar\/","title":{"rendered":"WT-701 Nonstop Agente de Limpeza"},"content":{"rendered":"<h3>Propriedades:<\/h3>\n<p><strong>WT-701 Nonstop Agente de limpeza<\/strong> \u00e9 um detergente removedor de \u00f3leo poderoso e eficaz criado a partir de compostos quelantes, detergentes, dispersantes e agentes de pel\u00edcula de pr\u00e9-tratamento. Com sua r\u00e1pida velocidade de limpeza, r\u00e1pida capacidade de forma\u00e7\u00e3o de filme, homogeneidade do filme e baixa taxa de corros\u00e3o, este produto \u00e9 projetado para ser usado na limpeza ininterrupta de sistemas de \u00e1gua circulada sem qualquer risco de ser afetado por \u00edons f\u00e9rricos ou cobre durante o processo de filme de pr\u00e9-tratamento.<\/p>\n<h3>Especifica\u00e7\u00e3o:<\/h3>\n<div id=\"footable_parent_1431\"\n         class=\"footable_parent ninja_table_wrapper loading_ninja_table wp_table_data_press_parent semantic_ui\">\n                <table data-ninja_table_instance=\"ninja_table_instance_0\" data-footable_id=\"1431\" data-filter-delay=\"1000\" aria-label=\"WT-701 Nonstop Cleaning agent.csv\"            id=\"footable_1431\"\n           data-unique_identifier=\"ninja_table_unique_id_2885108782_1431\"\n           class=\"foo-table ninja_footable foo_table_1431 ninja_table_unique_id_2885108782_1431 ui table  nt_type_legacy_table selectable striped vertical_centered  footable-paging-right ninja_table_pro\">\n                <colgroup>\n                            <col class=\"ninja_column_0\">\n                            <col class=\"ninja_column_1\">\n                    <\/colgroup>\n        <thead>\n<tr class=\"footable-header\">\n                                        <th scope=\"col\"  class=\"ninja_column_0 ninja_clmn_nm_items\">Unid<\/th><th scope=\"col\"  class=\"ninja_column_1 ninja_clmn_nm_index\">\u00cdndice<\/th><\/tr>\n<\/thead>\n<tbody>\n\n        <tr data-row_id=\"380\" class=\"ninja_table_row_0 nt_row_id_380\">\n            <td>Apar\u00eancia<\/td><td>l\u00edquido \u00e2mbar<\/td>        <\/tr>\n            <tr data-row_id=\"381\" class=\"ninja_table_row_1 nt_row_id_381\">\n            <td>Conte\u00fado s\u00f3lido, %<\/td><td>40,0 min<\/td>        <\/tr>\n            <tr data-row_id=\"382\" class=\"ninja_table_row_2 nt_row_id_382\">\n            <td>\u00c1cido fosf\u00f3rico total (como PO43-), %<\/td><td>20,0 min<\/td>        <\/tr>\n            <tr data-row_id=\"383\" class=\"ninja_table_row_3 nt_row_id_383\">\n            <td>pH (solu\u00e7\u00e3o de \u00e1gua 1%)<\/td><td>2,0\u00b11,0<\/td>        <\/tr>\n            <tr data-row_id=\"384\" class=\"ninja_table_row_4 nt_row_id_384\">\n            <td>Densidade (20 \u2103), g\/cm3<\/td><td>1,25\u00b10,1<\/td>        <\/tr>\n    <\/tbody><!--ninja_tobody_rendering_done-->\n    <\/table>\n    \n    \n    \n<\/div>\n\n<h3>Uso:<\/h3>\n<p><strong>WT-701 Nonstop Agente de Limpeza<\/strong> \u00e9 projetado para uso em sistemas industriais de \u00e1gua circulante. Este poderoso detergente removedor de \u00f3leo pode ser usado para remover o ac\u00famulo de \u00f3leo e a contamina\u00e7\u00e3o do sistema sem nenhum risco ou dano. Basta consultar um engenheiro para obter mais instru\u00e7\u00f5es para determinar a melhor dosagem para sua aplica\u00e7\u00e3o espec\u00edfica e, uma vez aplicado, pode ser usado para fornecer uma limpeza ininterrupta e eficaz do sistema de circula\u00e7\u00e3o de \u00e1gua.<\/p>\n<h3>Pacote e armazenamento:<\/h3>\n<p><strong>WT-701 Nonstop Agente de Limpeza<\/strong> \u00e9 melhor armazenado em um espa\u00e7o seco, fresco e ventilado, longe da luz solar direta. O produto qu\u00edmico deve ser armazenado em recipientes devidamente fechados para evitar contamina\u00e7\u00e3o e garantir uma vida \u00fatil ideal. Ao usar este produto, consulte as instru\u00e7\u00f5es na embalagem para o uso correto. Certifique-se de manusear o produto com cuidado e n\u00e3o o misture com outros compostos qu\u00edmicos, pois isso pode resultar em rea\u00e7\u00f5es perigosas. Tambor de pl\u00e1stico 200L, IBC (1000L), exig\u00eancia dos clientes. Armazenamento por um ano em uma sala com sombra e local seco.<\/p>\n<h3>Perguntas frequentes:<\/h3>\n<p><strong>P: O que \u00e9 o Agente de Limpeza Cont\u00ednuo WT-701?<\/strong><br \/>\nWT-701 Nonstop Cleaning Agent \u00e9 um produto qu\u00edmico de tratamento de \u00e1gua projetado para uso industrial e comercial. \u00c9 uma f\u00f3rmula altamente concentrada e n\u00e3o t\u00f3xica que remove contaminantes org\u00e2nicos da \u00e1gua, incluindo \u00f3leo, graxa, lodo, s\u00f3lidos suspensos e outros compostos que podem interferir na qualidade da \u00e1gua. Tamb\u00e9m reduz o mau gosto e odores na \u00e1gua, tornando-a adequada para aplica\u00e7\u00f5es em \u00e1gua pot\u00e1vel.<\/p>\n<p><strong>P: Como funciona o Agente de Limpeza Cont\u00ednuo WT-701?<\/strong><br \/>\nWT-701 Nonstop Cleaning Agent funciona quebrando as mol\u00e9culas org\u00e2nicas em part\u00edculas menores que podem ser filtradas da \u00e1gua ou naturalmente dispersas no ambiente. A f\u00f3rmula cont\u00e9m surfactantes que ajudam a dispersar os contaminantes para que sejam mais f\u00e1ceis de remover. Al\u00e9m disso, cont\u00e9m pol\u00edmeros que se ligam aos microorganismos ajudando a reduzir seu n\u00famero e evitar a incrusta\u00e7\u00e3o de tubula\u00e7\u00f5es e equipamentos.<\/p>\n<p><strong>P: Quais s\u00e3o os benef\u00edcios de usar o Agente de Limpeza Cont\u00ednuo WT-701?<\/strong><br \/>\nO principal benef\u00edcio do uso do Agente de Limpeza Cont\u00ednuo WT-701 \u00e9 que ele ajuda a melhorar a qualidade da \u00e1gua para uso industrial e comercial, reduzindo os maus gostos e odores, bem como eliminando contaminantes potencialmente nocivos, como \u00f3leo e graxa. Al\u00e9m disso, sua f\u00f3rmula n\u00e3o t\u00f3xica o torna adequado para aplica\u00e7\u00f5es em \u00e1gua pot\u00e1vel sem efeitos adversos aos seres humanos ou ao meio ambiente.<\/p>\n<p><a href=\"https:\/\/vcycletech.com\/pt\/categoria-de-produto\/inibidores-de-corrosao-e-agentes-de-pelicula-de-pre-tratamento\/\"><strong>Obtenha a solu\u00e7\u00e3o completa de inibidores de corros\u00e3o de escala constru\u00edda e agentes de pel\u00edcula de pr\u00e9-tratamento.<\/strong><\/a><\/p>","protected":false},"excerpt":{"rendered":"<p><strong>WT-701 Nonstop Agente de limpeza<\/strong> para produtos qu\u00edmicos de tratamento de \u00e1gua \u00e9 a melhor escolha para tratamento qu\u00edmico de \u00e1gua. Como um produto desenvolvido organicamente, \u00e9 extremamente eficaz na remo\u00e7\u00e3o de bact\u00e9rias, fungos e algas de fontes de \u00e1gua. De longa dura\u00e7\u00e3o e n\u00e3o t\u00f3xico, este produto qu\u00edmico cria um ambiente ideal para apoiar o consumo limpo e seguro de sua \u00e1gua.<\/p>\n<p><strong>WT-701 Nonstop Agente de limpeza<\/strong> para produtos qu\u00edmicos de tratamento de \u00e1gua \u00e9 um agente de limpeza poderoso e eficaz que pode ser usado para limpar produtos qu\u00edmicos de tratamento de \u00e1gua. \u00c9 feito de materiais de alta qualidade e \u00e9 seguro e f\u00e1cil de usar. Empresas que procuram uma fonte confi\u00e1vel e acess\u00edvel de <strong>WT-701 Nonstop Agente de limpeza<\/strong> para produtos qu\u00edmicos de tratamento de \u00e1gua pode comprar de n\u00f3s a granel a pre\u00e7os de atacado.<\/p>","protected":false},"featured_media":1440,"template":"","meta":{"site-sidebar-layout":"default","site-content-layout":"default","ast-site-content-layout":"default","site-content-style":"default","site-sidebar-style":"default","ast-global-header-display":"","ast-banner-title-visibility":"","ast-main-header-display":"","ast-hfb-above-header-display":"","ast-hfb-below-header-display":"","ast-hfb-mobile-header-display":"","site-post-title":"","ast-breadcrumbs-content":"","ast-featured-img":"","footer-sml-layout":"","ast-disable-related-posts":"","theme-transparent-header-meta":"default","adv-header-id-meta":"","stick-header-meta":"default","header-above-stick-meta":"","header-main-stick-meta":"","header-below-stick-meta":"","astra-migrate-meta-layouts":"default","ast-page-background-enabled":"default","ast-page-background-meta":{"desktop":{"background-color":"","background-image":"","background-repeat":"repeat","background-position":"center center","background-size":"auto","background-attachment":"scroll","background-type":"","background-media":"","overlay-type":"","overlay-color":"","overlay-opacity":"","overlay-gradient":""},"tablet":{"background-color":"","background-image":"","background-repeat":"repeat","background-position":"center center","background-size":"auto","background-attachment":"scroll","background-type":"","background-media":"","overlay-type":"","overlay-color":"","overlay-opacity":"","overlay-gradient":""},"mobile":{"background-color":"","background-image":"","background-repeat":"repeat","background-position":"center center","background-size":"auto","background-attachment":"scroll","background-type":"","background-media":"","overlay-type":"","overlay-color":"","overlay-opacity":"","overlay-gradient":""}},"ast-content-background-meta":{"desktop":{"background-color":"var(--ast-global-color-5)","background-image":"","background-repeat":"repeat","background-position":"center center","background-size":"auto","background-attachment":"scroll","background-type":"","background-media":"","overlay-type":"","overlay-color":"","overlay-opacity":"","overlay-gradient":""},"tablet":{"background-color":"var(--ast-global-color-5)","background-image":"","background-repeat":"repeat","background-position":"center center","background-size":"auto","background-attachment":"scroll","background-type":"","background-media":"","overlay-type":"","overlay-color":"","overlay-opacity":"","overlay-gradient":""},"mobile":{"background-color":"var(--ast-global-color-5)","background-image":"","background-repeat":"repeat","background-position":"center center","background-size":"auto","background-attachment":"scroll","background-type":"","background-media":"","overlay-type":"","overlay-color":"","overlay-opacity":"","overlay-gradient":""}}},"product_brand":[],"product_cat":[32],"product_tag":[],"class_list":{"0":"post-1423","1":"product","2":"type-product","3":"status-publish","4":"has-post-thumbnail","6":"product_cat-built-scale-corrosion-inhibitors-and-pretreatment-filming-agents","7":"desktop-align-left","8":"tablet-align-left","9":"mobile-align-left","10":"ast-product-gallery-layout-horizontal-slider","11":"ast-product-tabs-layout-horizontal","13":"first","14":"instock","15":"shipping-taxable","16":"product-type-simple"},"yoast_head":"<!-- This site is optimized with the Yoast SEO Premium plugin v26.3 (Yoast SEO v27.3) - https:\/\/yoast.com\/product\/yoast-seo-premium-wordpress\/ -->\n<title>WT-701 Nonstop Cleaning Agent - vcycletech<\/title>\n<meta name=\"description\" content=\"So if you\u2019re looking for a reliable product that provides powerful protection against harmful bacteria, then look no further than WT-701 Nonstop Cleaning Agent for Water Treatment Chemicals.\" \/>\n<meta name=\"robots\" content=\"index, follow, max-snippet:-1, max-image-preview:large, max-video-preview:-1\" \/>\n<link rel=\"canonical\" href=\"https:\/\/vcycletech.com\/pt\/produtos\/wt-701-agente-de-limpeza-sem-parar\/\" \/>\n<meta property=\"og:locale\" content=\"pt_PT\" \/>\n<meta property=\"og:type\" content=\"article\" \/>\n<meta property=\"og:title\" content=\"WT-701 Nonstop Cleaning Agent\" \/>\n<meta property=\"og:description\" content=\"So if you\u2019re looking for a reliable product that provides powerful protection against harmful bacteria, then look no further than WT-701 Nonstop Cleaning Agent for Water Treatment Chemicals.\" \/>\n<meta property=\"og:url\" content=\"https:\/\/vcycletech.com\/pt\/produtos\/wt-701-agente-de-limpeza-sem-parar\/\" \/>\n<meta property=\"og:site_name\" content=\"vcycletech\" \/>\n<meta property=\"article:modified_time\" content=\"2023-03-27T02:54:16+00:00\" \/>\n<meta property=\"og:image\" content=\"https:\/\/vcycletech.com\/wp-content\/uploads\/2023\/03\/1-79.png\" \/>\n\t<meta property=\"og:image:width\" content=\"600\" \/>\n\t<meta property=\"og:image:height\" content=\"600\" \/>\n\t<meta property=\"og:image:type\" content=\"image\/png\" \/>\n<meta name=\"twitter:card\" content=\"summary_large_image\" \/>\n<meta name=\"twitter:label1\" content=\"Tempo estimado de leitura\" \/>\n\t<meta name=\"twitter:data1\" content=\"2 minutos\" \/>\n<script type=\"application\/ld+json\" class=\"yoast-schema-graph\">{\"@context\":\"https:\\\/\\\/schema.org\",\"@graph\":[{\"@type\":\"WebPage\",\"@id\":\"https:\\\/\\\/vcycletech.com\\\/product\\\/wt-701-nonstop-cleaning-agent\\\/\",\"url\":\"https:\\\/\\\/vcycletech.com\\\/product\\\/wt-701-nonstop-cleaning-agent\\\/\",\"name\":\"WT-701 Nonstop Cleaning Agent - vcycletech\",\"isPartOf\":{\"@id\":\"https:\\\/\\\/vcycletech.com\\\/#website\"},\"primaryImageOfPage\":{\"@id\":\"https:\\\/\\\/vcycletech.com\\\/product\\\/wt-701-nonstop-cleaning-agent\\\/#primaryimage\"},\"image\":{\"@id\":\"https:\\\/\\\/vcycletech.com\\\/product\\\/wt-701-nonstop-cleaning-agent\\\/#primaryimage\"},\"thumbnailUrl\":\"https:\\\/\\\/vcycletech.com\\\/wp-content\\\/uploads\\\/2023\\\/03\\\/1-79.png\",\"datePublished\":\"2023-03-22T07:08:17+00:00\",\"dateModified\":\"2023-03-27T02:54:16+00:00\",\"description\":\"So if you\u2019re looking for a reliable product that provides powerful protection against harmful bacteria, then look no further than WT-701 Nonstop Cleaning Agent for Water Treatment Chemicals.\",\"breadcrumb\":{\"@id\":\"https:\\\/\\\/vcycletech.com\\\/product\\\/wt-701-nonstop-cleaning-agent\\\/#breadcrumb\"},\"inLanguage\":\"pt-PT\",\"potentialAction\":[{\"@type\":\"ReadAction\",\"target\":[\"https:\\\/\\\/vcycletech.com\\\/product\\\/wt-701-nonstop-cleaning-agent\\\/\"]}]},{\"@type\":\"ImageObject\",\"inLanguage\":\"pt-PT\",\"@id\":\"https:\\\/\\\/vcycletech.com\\\/product\\\/wt-701-nonstop-cleaning-agent\\\/#primaryimage\",\"url\":\"https:\\\/\\\/vcycletech.com\\\/wp-content\\\/uploads\\\/2023\\\/03\\\/1-79.png\",\"contentUrl\":\"https:\\\/\\\/vcycletech.com\\\/wp-content\\\/uploads\\\/2023\\\/03\\\/1-79.png\",\"width\":600,\"height\":600,\"caption\":\"WT-701 Nonstop Cleaning agent\"},{\"@type\":\"BreadcrumbList\",\"@id\":\"https:\\\/\\\/vcycletech.com\\\/product\\\/wt-701-nonstop-cleaning-agent\\\/#breadcrumb\",\"itemListElement\":[{\"@type\":\"ListItem\",\"position\":1,\"name\":\"Home\",\"item\":\"https:\\\/\\\/vcycletech.com\\\/\"},{\"@type\":\"ListItem\",\"position\":2,\"name\":\"Water Treatment Chemicals Manufacturer\",\"item\":\"https:\\\/\\\/vcycletech.com\\\/water-treatment-chemicals-manufacturer\\\/\"},{\"@type\":\"ListItem\",\"position\":3,\"name\":\"WT-701 Nonstop Cleaning Agent\"}]},{\"@type\":\"WebSite\",\"@id\":\"https:\\\/\\\/vcycletech.com\\\/#website\",\"url\":\"https:\\\/\\\/vcycletech.com\\\/\",\"name\":\"vcycletech\",\"description\":\"China&#039;s top water treatment chemicals supplier\",\"publisher\":{\"@id\":\"https:\\\/\\\/vcycletech.com\\\/#organization\"},\"potentialAction\":[{\"@type\":\"SearchAction\",\"target\":{\"@type\":\"EntryPoint\",\"urlTemplate\":\"https:\\\/\\\/vcycletech.com\\\/?s={search_term_string}\"},\"query-input\":{\"@type\":\"PropertyValueSpecification\",\"valueRequired\":true,\"valueName\":\"search_term_string\"}}],\"inLanguage\":\"pt-PT\"},{\"@type\":\"Organization\",\"@id\":\"https:\\\/\\\/vcycletech.com\\\/#organization\",\"name\":\"vcycletech\",\"url\":\"https:\\\/\\\/vcycletech.com\\\/\",\"logo\":{\"@type\":\"ImageObject\",\"inLanguage\":\"pt-PT\",\"@id\":\"https:\\\/\\\/vcycletech.com\\\/#\\\/schema\\\/logo\\\/image\\\/\",\"url\":\"https:\\\/\\\/vcycletech.com\\\/wp-content\\\/uploads\\\/2023\\\/03\\\/logo-vcycletech-1.png\",\"contentUrl\":\"https:\\\/\\\/vcycletech.com\\\/wp-content\\\/uploads\\\/2023\\\/03\\\/logo-vcycletech-1.png\",\"width\":600,\"height\":400,\"caption\":\"vcycletech\"},\"image\":{\"@id\":\"https:\\\/\\\/vcycletech.com\\\/#\\\/schema\\\/logo\\\/image\\\/\"}}]}<\/script>\n<!-- \/ Yoast SEO Premium plugin. -->","yoast_head_json":{"title":"WT-701 Nonstop Cleaning Agent - vcycletech","description":"Portanto, se voc\u00ea est\u00e1 procurando um produto confi\u00e1vel que forne\u00e7a prote\u00e7\u00e3o poderosa contra bact\u00e9rias nocivas, n\u00e3o procure mais, WT-701 Nonstop Cleaning Agent for Water Treatment Chemicals.","robots":{"index":"index","follow":"follow","max-snippet":"max-snippet:-1","max-image-preview":"max-image-preview:large","max-video-preview":"max-video-preview:-1"},"canonical":"https:\/\/vcycletech.com\/pt\/produtos\/wt-701-agente-de-limpeza-sem-parar\/","og_locale":"pt_PT","og_type":"article","og_title":"WT-701 Nonstop Cleaning Agent","og_description":"So if you\u2019re looking for a reliable product that provides powerful protection against harmful bacteria, then look no further than WT-701 Nonstop Cleaning Agent for Water Treatment Chemicals.","og_url":"https:\/\/vcycletech.com\/pt\/produtos\/wt-701-agente-de-limpeza-sem-parar\/","og_site_name":"vcycletech","article_modified_time":"2023-03-27T02:54:16+00:00","og_image":[{"width":600,"height":600,"url":"https:\/\/vcycletech.com\/wp-content\/uploads\/2023\/03\/1-79.png","type":"image\/png"}],"twitter_card":"summary_large_image","twitter_misc":{"Tempo estimado de leitura":"2 minutos"},"schema":{"@context":"https:\/\/schema.org","@graph":[{"@type":"WebPage","@id":"https:\/\/vcycletech.com\/product\/wt-701-nonstop-cleaning-agent\/","url":"https:\/\/vcycletech.com\/product\/wt-701-nonstop-cleaning-agent\/","name":"WT-701 Nonstop Cleaning Agent - vcycletech","isPartOf":{"@id":"https:\/\/vcycletech.com\/#website"},"primaryImageOfPage":{"@id":"https:\/\/vcycletech.com\/product\/wt-701-nonstop-cleaning-agent\/#primaryimage"},"image":{"@id":"https:\/\/vcycletech.com\/product\/wt-701-nonstop-cleaning-agent\/#primaryimage"},"thumbnailUrl":"https:\/\/vcycletech.com\/wp-content\/uploads\/2023\/03\/1-79.png","datePublished":"2023-03-22T07:08:17+00:00","dateModified":"2023-03-27T02:54:16+00:00","description":"Portanto, se voc\u00ea est\u00e1 procurando um produto confi\u00e1vel que forne\u00e7a prote\u00e7\u00e3o poderosa contra bact\u00e9rias nocivas, n\u00e3o procure mais, WT-701 Nonstop Cleaning Agent for Water Treatment Chemicals.","breadcrumb":{"@id":"https:\/\/vcycletech.com\/product\/wt-701-nonstop-cleaning-agent\/#breadcrumb"},"inLanguage":"pt-PT","potentialAction":[{"@type":"ReadAction","target":["https:\/\/vcycletech.com\/product\/wt-701-nonstop-cleaning-agent\/"]}]},{"@type":"ImageObject","inLanguage":"pt-PT","@id":"https:\/\/vcycletech.com\/product\/wt-701-nonstop-cleaning-agent\/#primaryimage","url":"https:\/\/vcycletech.com\/wp-content\/uploads\/2023\/03\/1-79.png","contentUrl":"https:\/\/vcycletech.com\/wp-content\/uploads\/2023\/03\/1-79.png","width":600,"height":600,"caption":"WT-701 Nonstop Cleaning agent"},{"@type":"BreadcrumbList","@id":"https:\/\/vcycletech.com\/product\/wt-701-nonstop-cleaning-agent\/#breadcrumb","itemListElement":[{"@type":"ListItem","position":1,"name":"Home","item":"https:\/\/vcycletech.com\/"},{"@type":"ListItem","position":2,"name":"Water Treatment Chemicals Manufacturer","item":"https:\/\/vcycletech.com\/water-treatment-chemicals-manufacturer\/"},{"@type":"ListItem","position":3,"name":"WT-701 Nonstop Cleaning Agent"}]},{"@type":"WebSite","@id":"https:\/\/vcycletech.com\/#website","url":"https:\/\/vcycletech.com\/","name":"vcycletech","description":"China&#039;principal fornecedor de produtos qu\u00edmicos para tratamento de \u00e1gua","publisher":{"@id":"https:\/\/vcycletech.com\/#organization"},"potentialAction":[{"@type":"SearchAction","target":{"@type":"EntryPoint","urlTemplate":"https:\/\/vcycletech.com\/?s={search_term_string}"},"query-input":{"@type":"PropertyValueSpecification","valueRequired":true,"valueName":"search_term_string"}}],"inLanguage":"pt-PT"},{"@type":"Organization","@id":"https:\/\/vcycletech.com\/#organization","name":"vcycletech","url":"https:\/\/vcycletech.com\/","logo":{"@type":"ImageObject","inLanguage":"pt-PT","@id":"https:\/\/vcycletech.com\/#\/schema\/logo\/image\/","url":"https:\/\/vcycletech.com\/wp-content\/uploads\/2023\/03\/logo-vcycletech-1.png","contentUrl":"https:\/\/vcycletech.com\/wp-content\/uploads\/2023\/03\/logo-vcycletech-1.png","width":600,"height":400,"caption":"vcycletech"},"image":{"@id":"https:\/\/vcycletech.com\/#\/schema\/logo\/image\/"}}]}},"_links":{"self":[{"href":"https:\/\/vcycletech.com\/pt\/wp-json\/wp\/v2\/product\/1423","targetHints":{"allow":["GET"]}}],"collection":[{"href":"https:\/\/vcycletech.com\/pt\/wp-json\/wp\/v2\/product"}],"about":[{"href":"https:\/\/vcycletech.com\/pt\/wp-json\/wp\/v2\/types\/product"}],"wp:featuredmedia":[{"embeddable":true,"href":"https:\/\/vcycletech.com\/pt\/wp-json\/wp\/v2\/media\/1440"}],"wp:attachment":[{"href":"https:\/\/vcycletech.com\/pt\/wp-json\/wp\/v2\/media?parent=1423"}],"wp:term":[{"taxonomy":"product_brand","embeddable":true,"href":"https:\/\/vcycletech.com\/pt\/wp-json\/wp\/v2\/product_brand?post=1423"},{"taxonomy":"product_cat","embeddable":true,"href":"https:\/\/vcycletech.com\/pt\/wp-json\/wp\/v2\/product_cat?post=1423"},{"taxonomy":"product_tag","embeddable":true,"href":"https:\/\/vcycletech.com\/pt\/wp-json\/wp\/v2\/product_tag?post=1423"}],"curies":[{"name":"wp","href":"https:\/\/api.w.org\/{rel}","templated":true}]}}