{"id":1416,"date":"2023-03-22T06:43:19","date_gmt":"2023-03-22T06:43:19","guid":{"rendered":"https:\/\/vcycletech.com\/?post_type=product&#038;p=1416"},"modified":"2023-03-27T02:52:38","modified_gmt":"2023-03-27T02:52:38","slug":"wt-607b-inibidor-de-escala-para-bario-e-estroncio","status":"publish","type":"product","link":"https:\/\/vcycletech.com\/pt\/produtos\/wt-607b-inibidor-de-escala-para-bario-e-estroncio\/","title":{"rendered":"Inibidor de escala WT-607B para b\u00e1rio e estr\u00f4ncio"},"content":{"rendered":"<h3 id=\"introduction_2\" class=\"xsj_heading_hash xsj_heading xsj_heading_h2\" data-source-line=\"6\" data-source-line-display=\"true\"><span class=\"xsj_heading_content\">Introdu\u00e7\u00e3o:<\/span><\/h3>\n<p class=\"xsj_paragraph xsj_paragraph_level_0\" data-source-line=\"7\" data-source-line-display=\"true\"><strong>WT-607B<\/strong> \u00e9 um inibidor de incrusta\u00e7\u00f5es altamente avan\u00e7ado que controla os n\u00edveis de estr\u00f4ncio e b\u00e1rio em sistemas de refrigera\u00e7\u00e3o industrial e \u00e1gua de reabastecimento de campos petrol\u00edferos. Essa solu\u00e7\u00e3o de tratamento de \u00e1gua permite que os usu\u00e1rios mantenham um n\u00edvel seguro e consistente desses \u00edons perto de sua fonte, protegendo nossos preciosos recursos naturais e garantindo a sustentabilidade. Com suas propriedades eficientes de inibi\u00e7\u00e3o de incrusta\u00e7\u00f5es, <strong>WT-607B<\/strong> tornou-se uma op\u00e7\u00e3o cada vez mais popular para as empresas garantirem que suas opera\u00e7\u00f5es sejam executadas da maneira mais eficiente poss\u00edvel.<\/p>\n<div class=\"xiaoshujiang_element xsj_anchor\"><a class=\"blank_anchor_name\" name=\"features_3\"><\/a><a id=\"features_3\" class=\"blank_anchor_id\"><\/a><a class=\"blank_anchor_name\" name=\"features\"><\/a><a id=\"features\" class=\"blank_anchor_id\"><\/a><\/div>\n<h3 id=\"features_3\" class=\"xsj_heading_hash xsj_heading xsj_heading_h2\" data-source-line=\"9\" data-source-line-display=\"true\"><span class=\"xsj_heading_content\">Caracter\u00edsticas:<\/span><\/h3>\n<p class=\"xsj_paragraph xsj_paragraph_level_0\" data-source-line=\"11\" data-source-line-display=\"true\"><strong>WT-607B<\/strong> tem muitas vantagens exclusivas que o destacam da concorr\u00eancia. Sua capacidade de impedir que carbonato de c\u00e1lcio, sulfato de c\u00e1lcio e sulfatos de magn\u00e9sio se acumulem em tubula\u00e7\u00f5es, tanques ou po\u00e7os ajuda a reduzir substancialmente os custos de manuten\u00e7\u00e3o. Al\u00e9m disso, este produto \u00e9 f\u00e1cil de usar \u2013 apenas um litro por 1 metro c\u00fabico de \u00e1gua \u00e9 suficiente para fornecer prote\u00e7\u00e3o completa contra incrusta\u00e7\u00f5es. O produto tamb\u00e9m n\u00e3o cont\u00e9m metais pesados ou outros produtos qu\u00edmicos potencialmente perigosos, tornando-o n\u00e3o t\u00f3xico e seguro mesmo em \u00e1reas sens\u00edveis, como sistemas de \u00e1gua. Finalmente, tamb\u00e9m possui baixa solubilidade, dificultando que os \u00edons atinjam n\u00edveis perigosos.<\/p>\n<div class=\"xiaoshujiang_element xsj_anchor\"><a class=\"blank_anchor_name\" name=\"applications_4\"><\/a><a id=\"applications_4\" class=\"blank_anchor_id\"><\/a><a class=\"blank_anchor_name\" name=\"applications\"><\/a><a id=\"applications\" class=\"blank_anchor_id\"><\/a><\/div>\n<h3 id=\"applications_4\" class=\"xsj_heading_hash xsj_heading xsj_heading_h2\" data-source-line=\"13\" data-source-line-display=\"true\"><span class=\"xsj_heading_content\">Formul\u00e1rios:<\/span><\/h3>\n<p class=\"xsj_paragraph xsj_paragraph_level_0\" data-source-line=\"15\" data-source-line-display=\"true\"><strong>WT-607B<\/strong> pode ser usado em v\u00e1rias ind\u00fastrias, incluindo campos de petr\u00f3leo, onde os sistemas de recarga precisam de manuten\u00e7\u00e3o constante para evitar problemas de incrusta\u00e7\u00e3o causados por altos \u00edons de b\u00e1rio e estr\u00f4ncio. Tamb\u00e9m pode ser usado em sistemas de resfriamento industrial onde o ac\u00famulo desses \u00edons precisa ser controlado regularmente para tempos de opera\u00e7\u00e3o ideais. Al\u00e9m disso, este produto pode ser usado em sistemas de \u00e1gua pot\u00e1vel onde os n\u00edveis t\u00f3xicos desses dois elementos devem ser controlados em todos os momentos por raz\u00f5es de seguran\u00e7a.<\/p>\n<h3>Especifica\u00e7\u00e3o:<\/h3>\n<div>\n<table id=\"tablepress-4\" class=\"tablepress tablepress-id-4\">\n<thead>\n<tr class=\"row-1\">\n\t<th class=\"column-1\">Unid<\/th><th class=\"column-2\">\u00cdndice<\/th>\n<\/tr>\n<\/thead>\n<tbody class=\"row-striping row-hover\">\n<tr class=\"row-2\">\n\t<td class=\"column-1\">Apar\u00eancia<\/td><td class=\"column-2\">L\u00edquido transparente \u00e2mbar<\/td>\n<\/tr>\n<tr class=\"row-3\">\n\t<td class=\"column-1\">Conte\u00fado s\u00f3lido, %<\/td><td class=\"column-2\">40,0 min<\/td>\n<\/tr>\n<tr class=\"row-4\">\n\t<td class=\"column-1\">pH, (solu\u00e7\u00e3o de \u00e1gua 1%)<\/td><td class=\"column-2\">6,0 min<\/td>\n<\/tr>\n<tr class=\"row-5\">\n\t<td class=\"column-1\">Densidade (20 \u2103), g\/cm3<\/td><td class=\"column-2\">1,10 min<\/td>\n<\/tr>\n<tr class=\"row-6\">\n\t<td class=\"column-1\"><span style=\"color:#222222;\"><strong><\/strong><\/span><\/td><td class=\"column-2\"><\/td>\n<\/tr>\n<\/tbody>\n<\/table>\n<\/div>\n<div class=\"xiaoshujiang_element xsj_anchor\"><a class=\"blank_anchor_name\" name=\"faqs_5\"><\/a><a id=\"faqs_5\" class=\"blank_anchor_id\"><\/a><a class=\"blank_anchor_name\" name=\"faqs\"><\/a><a id=\"faqs\" class=\"blank_anchor_id\"><\/a><\/div>\n<h3 id=\"faqs_5\" class=\"xsj_heading_hash xsj_heading xsj_heading_h2\" data-source-line=\"17\" data-source-line-display=\"true\"><span class=\"xsj_heading_content\">Perguntas frequentes:<\/span><\/h3>\n<div class=\"xiaoshujiang_element xsj_anchor\"><a class=\"blank_anchor_name\" name=\"q120what20are20the20main20benefits20of20using20wt-607b_6\"><\/a><a id=\"q120what20are20the20main20benefits20of20using20wt-607b_6\" class=\"blank_anchor_id\"><\/a><a class=\"blank_anchor_name\" name=\"q1-what-are-the-main-benefits-of-using-wt-607b\"><\/a><a id=\"q1-what-are-the-main-benefits-of-using-wt-607b\" class=\"blank_anchor_id\"><\/a><\/div>\n<p id=\"q120what20are20the20main20benefits20of20using20wt-607b_6\" class=\"xsj_heading_hash xsj_heading xsj_heading_h3\" data-source-line=\"19\" data-source-line-display=\"true\"><strong><span class=\"xsj_heading_content\">Q1: Quais s\u00e3o os principais benef\u00edcios de usar o WT-607B?<\/span><\/strong><\/p>\n<p class=\"xsj_paragraph xsj_paragraph_level_0\" data-source-line=\"21\" data-source-line-display=\"true\">A1: Os principais benef\u00edcios incluem a preven\u00e7\u00e3o do ac\u00famulo de carbonato de c\u00e1lcio, sulfato de c\u00e1lcio e sulfatos de magn\u00e9sio em tubula\u00e7\u00f5es\/tanques\/po\u00e7os; f\u00e1cil aplica\u00e7\u00e3o com apenas um litro por 1 metro c\u00fabico necess\u00e1rio; baixa solubilidade; natureza n\u00e3o t\u00f3xica devido \u00e0 falta de metais pesados ou outros produtos qu\u00edmicos perigosos; e, finalmente, propriedades eficientes de inibi\u00e7\u00e3o de escala que ajudam a garantir a sustentabilidade ao usar este produto regularmente.<\/p>\n<div class=\"xiaoshujiang_element xsj_anchor\"><a class=\"blank_anchor_name\" name=\"q220how20much20does20wt-607b20cost_7\"><\/a><a id=\"q220how20much20does20wt-607b20cost_7\" class=\"blank_anchor_id\"><\/a><a class=\"blank_anchor_name\" name=\"q2-how-much-does-wt-607b-cost\"><\/a><a id=\"q2-how-much-does-wt-607b-cost\" class=\"blank_anchor_id\"><\/a><\/div>\n<p id=\"q220how20much20does20wt-607b20cost_7\" class=\"xsj_heading_hash xsj_heading xsj_heading_h3\" data-source-line=\"24\" data-source-line-display=\"true\"><strong><span class=\"xsj_heading_content\">Q2: Quanto custa o WT-607B?<\/span><\/strong><\/p>\n<p class=\"xsj_paragraph xsj_paragraph_level_0\" data-source-line=\"26\" data-source-line-display=\"true\">R2: O pre\u00e7o depende das necessidades de sua aplica\u00e7\u00e3o, mas geralmente come\u00e7a em torno de $100US por gal\u00e3o\/litro, dependendo da quantidade comprada.<\/p>\n<div class=\"xiaoshujiang_element xsj_anchor\"><a class=\"blank_anchor_name\" name=\"q320is20there20any20risk20associated20with20using20wt-607b_8\"><\/a><a id=\"q320is20there20any20risk20associated20with20using20wt-607b_8\" class=\"blank_anchor_id\"><\/a><a class=\"blank_anchor_name\" name=\"q3-is-there-any-risk-associated-with-using-wt-607b\"><\/a><a id=\"q3-is-there-any-risk-associated-with-using-wt-607b\" class=\"blank_anchor_id\"><\/a><\/div>\n<p id=\"q320is20there20any20risk20associated20with20using20wt-607b_8\" class=\"xsj_heading_hash xsj_heading xsj_heading_h3\" data-source-line=\"29\" data-source-line-display=\"true\"><strong><span class=\"xsj_heading_content\">Q3: Existe algum risco associado ao uso do WT-607B?<\/span><\/strong><\/p>\n<p class=\"xsj_paragraph xsj_paragraph_level_0\" data-source-line=\"31\" data-source-line-display=\"true\">R3: Conforme mencionado anteriormente, este produto n\u00e3o cont\u00e9m produtos qu\u00edmicos perigosos ou metais pesados, portanto, n\u00e3o h\u00e1 riscos ao usar este produto de acordo com as instru\u00e7\u00f5es fornecidas pelo fabricante ou fornecedor.<\/p>\n<p class=\"xiaoshujiang_element xsj_anchor\"><strong><a class=\"blank_anchor_name\" name=\"q420can20wt-607b20be20used20for20drinking20water20applications_9\"><\/a><a id=\"q420can20wt-607b20be20used20for20drinking20water20applications_9\" class=\"blank_anchor_id\"><\/a><a class=\"blank_anchor_name\" name=\"q4-can-wt-607b-be-used-for-drinking-water-applications\"><\/a><a id=\"q4-can-wt-607b-be-used-for-drinking-water-applications\" class=\"blank_anchor_id\"><\/a><\/strong><\/p>\n<p id=\"q420can20wt-607b20be20used20for20drinking20water20applications_9\" class=\"xsj_heading_hash xsj_heading xsj_heading_h3\" data-source-line=\"33\" data-source-line-display=\"true\"><strong><span class=\"xsj_heading_content\">Q4: O WT-607B pode ser usado para aplica\u00e7\u00f5es de \u00e1gua pot\u00e1vel?<\/span><\/strong><\/p>\n<p class=\"xsj_paragraph xsj_paragraph_level_0\" data-source-line=\"35\" data-source-line-display=\"true\">R4: Sim \u2013 desde que seja aplicado corretamente de acordo com as instru\u00e7\u00f5es fornecidas pelo fabricante ou fornecedor, o wt-607b pode efetivamente ajudar a controlar os n\u00edveis de b\u00e1rio e estr\u00f4ncio, mesmo em aplica\u00e7\u00f5es sens\u00edveis de \u00e1gua pot\u00e1vel sem riscos envolvidos.<\/p>\n<p class=\"xiaoshujiang_element xsj_anchor\"><strong><a class=\"blank_anchor_name\" name=\"q520does20wt-607b20require20any20special20storage20requirements_10\"><\/a><a id=\"q520does20wt-607b20require20any20special20storage20requirements_10\" class=\"blank_anchor_id\"><\/a><a class=\"blank_anchor_name\" name=\"q5-does-wt-607b-require-any-special-storage-requirements\"><\/a><a id=\"q5-does-wt-607b-require-any-special-storage-requirements\" class=\"blank_anchor_id\"><\/a><\/strong><\/p>\n<p id=\"q520does20wt-607b20require20any20special20storage20requirements_10\" class=\"xsj_heading_hash xsj_heading xsj_heading_h3\" data-source-line=\"37\" data-source-line-display=\"true\"><strong><span class=\"xsj_heading_content\">Q5: O WT-607B requer algum requisito especial de armazenamento?<\/span><\/strong><\/p>\n<p class=\"xsj_paragraph xsj_paragraph_level_0\" data-source-line=\"39\" data-source-line-display=\"true\">R5: N\u00e3o \u2013 quando armazenado adequadamente (em ambientes frescos e secos), o produto se conserva indefinidamente sem exigir condi\u00e7\u00f5es especiais ou precau\u00e7\u00f5es al\u00e9m das recomendadas pelo fabricante\/fornecedor no ato da compra<\/p>\n<p class=\"xsj_paragraph xsj_paragraph_level_0\" data-source-line=\"41\" data-source-line-display=\"true\"><a class=\"xsj_link xsj_manu_link\" href=\"https:\/\/vcycletech.com\/pt\/categoria-de-produto\/inibidores-de-corrosao-e-agentes-de-pelicula-de-pre-tratamento\/\">Obtenha a solu\u00e7\u00e3o completa de Inibidores de Incrusta\u00e7\u00e3o e Corros\u00e3o e Agentes de Pel\u00edcula de Pr\u00e9-tratamento<\/a>.<\/p>","protected":false},"excerpt":{"rendered":"<p><strong>WT-607B<\/strong> O Inibidor de Incrusta\u00e7\u00e3o para B\u00e1rio e Estr\u00f4ncio \u00e9 projetado para manter o equil\u00edbrio Ba2+ e Sr2+ em sistemas de \u00e1gua. Ao inibir a forma\u00e7\u00e3o de incrusta\u00e7\u00f5es de carbonato de c\u00e1lcio, sulfato de c\u00e1lcio e sulfatos de magn\u00e9sio, este produto ajuda a preservar nossos recursos naturais, mantendo a efici\u00eancia do sistema. <strong>WT-607B<\/strong> \u00e9 uma ferramenta valiosa para garantir a sustentabilidade no mundo de hoje e \u00e9 altamente eficaz tanto em sistemas de \u00e1gua de reabastecimento de campos petrol\u00edferos quanto em sistemas de refrigera\u00e7\u00e3o industrial.<\/p>","protected":false},"featured_media":1419,"template":"","meta":{"site-sidebar-layout":"default","site-content-layout":"default","ast-site-content-layout":"default","site-content-style":"default","site-sidebar-style":"default","ast-global-header-display":"","ast-banner-title-visibility":"","ast-main-header-display":"","ast-hfb-above-header-display":"","ast-hfb-below-header-display":"","ast-hfb-mobile-header-display":"","site-post-title":"","ast-breadcrumbs-content":"","ast-featured-img":"","footer-sml-layout":"","ast-disable-related-posts":"","theme-transparent-header-meta":"default","adv-header-id-meta":"","stick-header-meta":"default","header-above-stick-meta":"","header-main-stick-meta":"","header-below-stick-meta":"","astra-migrate-meta-layouts":"default","ast-page-background-enabled":"default","ast-page-background-meta":{"desktop":{"background-color":"","background-image":"","background-repeat":"repeat","background-position":"center center","background-size":"auto","background-attachment":"scroll","background-type":"","background-media":"","overlay-type":"","overlay-color":"","overlay-opacity":"","overlay-gradient":""},"tablet":{"background-color":"","background-image":"","background-repeat":"repeat","background-position":"center center","background-size":"auto","background-attachment":"scroll","background-type":"","background-media":"","overlay-type":"","overlay-color":"","overlay-opacity":"","overlay-gradient":""},"mobile":{"background-color":"","background-image":"","background-repeat":"repeat","background-position":"center center","background-size":"auto","background-attachment":"scroll","background-type":"","background-media":"","overlay-type":"","overlay-color":"","overlay-opacity":"","overlay-gradient":""}},"ast-content-background-meta":{"desktop":{"background-color":"var(--ast-global-color-5)","background-image":"","background-repeat":"repeat","background-position":"center center","background-size":"auto","background-attachment":"scroll","background-type":"","background-media":"","overlay-type":"","overlay-color":"","overlay-opacity":"","overlay-gradient":""},"tablet":{"background-color":"var(--ast-global-color-5)","background-image":"","background-repeat":"repeat","background-position":"center center","background-size":"auto","background-attachment":"scroll","background-type":"","background-media":"","overlay-type":"","overlay-color":"","overlay-opacity":"","overlay-gradient":""},"mobile":{"background-color":"var(--ast-global-color-5)","background-image":"","background-repeat":"repeat","background-position":"center center","background-size":"auto","background-attachment":"scroll","background-type":"","background-media":"","overlay-type":"","overlay-color":"","overlay-opacity":"","overlay-gradient":""}}},"product_brand":[],"product_cat":[32],"product_tag":[],"class_list":{"0":"post-1416","1":"product","2":"type-product","3":"status-publish","4":"has-post-thumbnail","6":"product_cat-built-scale-corrosion-inhibitors-and-pretreatment-filming-agents","7":"desktop-align-left","8":"tablet-align-left","9":"mobile-align-left","10":"ast-product-gallery-layout-horizontal-slider","11":"ast-product-gallery-with-no-image","12":"ast-product-tabs-layout-horizontal","14":"first","15":"instock","16":"shipping-taxable","17":"product-type-simple"},"yoast_head":"<!-- This site is optimized with the Yoast SEO Premium plugin v26.3 (Yoast SEO v27.5) - https:\/\/yoast.com\/product\/yoast-seo-premium-wordpress\/ -->\n<title>WT-607B Scale Inhibitor for Barium and Strontium - vcycletech<\/title>\n<meta name=\"description\" content=\"Keep your oilfield refill water and industrial cooling systems in check with WT-607B Scale Inhibitor for Barium and Strontium. Get the ultimate solution developed to keep Ba2+ and Sr2+ at a constant state. Try it now!\" \/>\n<meta name=\"robots\" content=\"index, follow, max-snippet:-1, max-image-preview:large, max-video-preview:-1\" \/>\n<link rel=\"canonical\" href=\"https:\/\/vcycletech.com\/pt\/produtos\/wt-607b-inibidor-de-escala-para-bario-e-estroncio\/\" \/>\n<meta property=\"og:locale\" content=\"pt_PT\" \/>\n<meta property=\"og:type\" content=\"article\" \/>\n<meta property=\"og:title\" content=\"WT-607B Scale Inhibitor for Barium and Strontium\" \/>\n<meta property=\"og:description\" content=\"Keep your oilfield refill water and industrial cooling systems in check with WT-607B Scale Inhibitor for Barium and Strontium. Get the ultimate solution developed to keep Ba2+ and Sr2+ at a constant state. Try it now!\" \/>\n<meta property=\"og:url\" content=\"https:\/\/vcycletech.com\/pt\/produtos\/wt-607b-inibidor-de-escala-para-bario-e-estroncio\/\" \/>\n<meta property=\"og:site_name\" content=\"vcycletech\" \/>\n<meta property=\"article:modified_time\" content=\"2023-03-27T02:52:38+00:00\" \/>\n<meta property=\"og:image\" content=\"https:\/\/vcycletech.com\/wp-content\/uploads\/2023\/03\/WT-601-2.png\" \/>\n\t<meta property=\"og:image:width\" content=\"600\" \/>\n\t<meta property=\"og:image:height\" content=\"600\" \/>\n\t<meta property=\"og:image:type\" content=\"image\/png\" \/>\n<meta name=\"twitter:card\" content=\"summary_large_image\" \/>\n<meta name=\"twitter:label1\" content=\"Tempo estimado de leitura\" \/>\n\t<meta name=\"twitter:data1\" content=\"3 minutos\" \/>\n<script type=\"application\/ld+json\" class=\"yoast-schema-graph\">{\"@context\":\"https:\\\/\\\/schema.org\",\"@graph\":[{\"@type\":\"WebPage\",\"@id\":\"https:\\\/\\\/vcycletech.com\\\/product\\\/wt-607b-scale-inhibitor-for-barium-and-strontium\\\/\",\"url\":\"https:\\\/\\\/vcycletech.com\\\/product\\\/wt-607b-scale-inhibitor-for-barium-and-strontium\\\/\",\"name\":\"WT-607B Scale Inhibitor for Barium and Strontium - vcycletech\",\"isPartOf\":{\"@id\":\"https:\\\/\\\/vcycletech.com\\\/#website\"},\"primaryImageOfPage\":{\"@id\":\"https:\\\/\\\/vcycletech.com\\\/product\\\/wt-607b-scale-inhibitor-for-barium-and-strontium\\\/#primaryimage\"},\"image\":{\"@id\":\"https:\\\/\\\/vcycletech.com\\\/product\\\/wt-607b-scale-inhibitor-for-barium-and-strontium\\\/#primaryimage\"},\"thumbnailUrl\":\"https:\\\/\\\/vcycletech.com\\\/wp-content\\\/uploads\\\/2023\\\/03\\\/WT-601-2.png\",\"datePublished\":\"2023-03-22T06:43:19+00:00\",\"dateModified\":\"2023-03-27T02:52:38+00:00\",\"description\":\"Keep your oilfield refill water and industrial cooling systems in check with WT-607B Scale Inhibitor for Barium and Strontium. Get the ultimate solution developed to keep Ba2+ and Sr2+ at a constant state. Try it now!\",\"breadcrumb\":{\"@id\":\"https:\\\/\\\/vcycletech.com\\\/product\\\/wt-607b-scale-inhibitor-for-barium-and-strontium\\\/#breadcrumb\"},\"inLanguage\":\"pt-PT\",\"potentialAction\":[{\"@type\":\"ReadAction\",\"target\":[\"https:\\\/\\\/vcycletech.com\\\/product\\\/wt-607b-scale-inhibitor-for-barium-and-strontium\\\/\"]}]},{\"@type\":\"ImageObject\",\"inLanguage\":\"pt-PT\",\"@id\":\"https:\\\/\\\/vcycletech.com\\\/product\\\/wt-607b-scale-inhibitor-for-barium-and-strontium\\\/#primaryimage\",\"url\":\"https:\\\/\\\/vcycletech.com\\\/wp-content\\\/uploads\\\/2023\\\/03\\\/WT-601-2.png\",\"contentUrl\":\"https:\\\/\\\/vcycletech.com\\\/wp-content\\\/uploads\\\/2023\\\/03\\\/WT-601-2.png\",\"width\":600,\"height\":600,\"caption\":\"WT-607B Scale Inhibitor for Barium and Strontium\"},{\"@type\":\"BreadcrumbList\",\"@id\":\"https:\\\/\\\/vcycletech.com\\\/product\\\/wt-607b-scale-inhibitor-for-barium-and-strontium\\\/#breadcrumb\",\"itemListElement\":[{\"@type\":\"ListItem\",\"position\":1,\"name\":\"Home\",\"item\":\"https:\\\/\\\/vcycletech.com\\\/\"},{\"@type\":\"ListItem\",\"position\":2,\"name\":\"Water Treatment Chemicals Manufacturer\",\"item\":\"https:\\\/\\\/vcycletech.com\\\/water-treatment-chemicals-manufacturer\\\/\"},{\"@type\":\"ListItem\",\"position\":3,\"name\":\"WT-607B Scale Inhibitor for Barium and Strontium\"}]},{\"@type\":\"WebSite\",\"@id\":\"https:\\\/\\\/vcycletech.com\\\/#website\",\"url\":\"https:\\\/\\\/vcycletech.com\\\/\",\"name\":\"vcycletech\",\"description\":\"China&#039;s top water treatment chemicals supplier\",\"publisher\":{\"@id\":\"https:\\\/\\\/vcycletech.com\\\/#organization\"},\"potentialAction\":[{\"@type\":\"SearchAction\",\"target\":{\"@type\":\"EntryPoint\",\"urlTemplate\":\"https:\\\/\\\/vcycletech.com\\\/?s={search_term_string}\"},\"query-input\":{\"@type\":\"PropertyValueSpecification\",\"valueRequired\":true,\"valueName\":\"search_term_string\"}}],\"inLanguage\":\"pt-PT\"},{\"@type\":\"Organization\",\"@id\":\"https:\\\/\\\/vcycletech.com\\\/#organization\",\"name\":\"vcycletech\",\"url\":\"https:\\\/\\\/vcycletech.com\\\/\",\"logo\":{\"@type\":\"ImageObject\",\"inLanguage\":\"pt-PT\",\"@id\":\"https:\\\/\\\/vcycletech.com\\\/#\\\/schema\\\/logo\\\/image\\\/\",\"url\":\"https:\\\/\\\/vcycletech.com\\\/wp-content\\\/uploads\\\/2023\\\/03\\\/logo-vcycletech-1.png\",\"contentUrl\":\"https:\\\/\\\/vcycletech.com\\\/wp-content\\\/uploads\\\/2023\\\/03\\\/logo-vcycletech-1.png\",\"width\":600,\"height\":400,\"caption\":\"vcycletech\"},\"image\":{\"@id\":\"https:\\\/\\\/vcycletech.com\\\/#\\\/schema\\\/logo\\\/image\\\/\"}}]}<\/script>\n<!-- \/ Yoast SEO Premium plugin. -->","yoast_head_json":{"title":"Inibidor de escala WT-607B para b\u00e1rio e estr\u00f4ncio - vcycletech","description":"Mantenha a \u00e1gua de reabastecimento do campo petrol\u00edfero e os sistemas de resfriamento industrial sob controle com o Inibidor de Incrusta\u00e7\u00e3o WT-607B para B\u00e1rio e Estr\u00f4ncio. Obtenha a solu\u00e7\u00e3o definitiva desenvolvida para manter Ba2+ e Sr2+ em um estado constante. Tente agora!","robots":{"index":"index","follow":"follow","max-snippet":"max-snippet:-1","max-image-preview":"max-image-preview:large","max-video-preview":"max-video-preview:-1"},"canonical":"https:\/\/vcycletech.com\/pt\/produtos\/wt-607b-inibidor-de-escala-para-bario-e-estroncio\/","og_locale":"pt_PT","og_type":"article","og_title":"WT-607B Scale Inhibitor for Barium and Strontium","og_description":"Keep your oilfield refill water and industrial cooling systems in check with WT-607B Scale Inhibitor for Barium and Strontium. Get the ultimate solution developed to keep Ba2+ and Sr2+ at a constant state. Try it now!","og_url":"https:\/\/vcycletech.com\/pt\/produtos\/wt-607b-inibidor-de-escala-para-bario-e-estroncio\/","og_site_name":"vcycletech","article_modified_time":"2023-03-27T02:52:38+00:00","og_image":[{"width":600,"height":600,"url":"https:\/\/vcycletech.com\/wp-content\/uploads\/2023\/03\/WT-601-2.png","type":"image\/png"}],"twitter_card":"summary_large_image","twitter_misc":{"Tempo estimado de leitura":"3 minutos"},"schema":{"@context":"https:\/\/schema.org","@graph":[{"@type":"WebPage","@id":"https:\/\/vcycletech.com\/product\/wt-607b-scale-inhibitor-for-barium-and-strontium\/","url":"https:\/\/vcycletech.com\/product\/wt-607b-scale-inhibitor-for-barium-and-strontium\/","name":"Inibidor de escala WT-607B para b\u00e1rio e estr\u00f4ncio - vcycletech","isPartOf":{"@id":"https:\/\/vcycletech.com\/#website"},"primaryImageOfPage":{"@id":"https:\/\/vcycletech.com\/product\/wt-607b-scale-inhibitor-for-barium-and-strontium\/#primaryimage"},"image":{"@id":"https:\/\/vcycletech.com\/product\/wt-607b-scale-inhibitor-for-barium-and-strontium\/#primaryimage"},"thumbnailUrl":"https:\/\/vcycletech.com\/wp-content\/uploads\/2023\/03\/WT-601-2.png","datePublished":"2023-03-22T06:43:19+00:00","dateModified":"2023-03-27T02:52:38+00:00","description":"Mantenha a \u00e1gua de reabastecimento do campo petrol\u00edfero e os sistemas de resfriamento industrial sob controle com o Inibidor de Incrusta\u00e7\u00e3o WT-607B para B\u00e1rio e Estr\u00f4ncio. Obtenha a solu\u00e7\u00e3o definitiva desenvolvida para manter Ba2+ e Sr2+ em um estado constante. Tente agora!","breadcrumb":{"@id":"https:\/\/vcycletech.com\/product\/wt-607b-scale-inhibitor-for-barium-and-strontium\/#breadcrumb"},"inLanguage":"pt-PT","potentialAction":[{"@type":"ReadAction","target":["https:\/\/vcycletech.com\/product\/wt-607b-scale-inhibitor-for-barium-and-strontium\/"]}]},{"@type":"ImageObject","inLanguage":"pt-PT","@id":"https:\/\/vcycletech.com\/product\/wt-607b-scale-inhibitor-for-barium-and-strontium\/#primaryimage","url":"https:\/\/vcycletech.com\/wp-content\/uploads\/2023\/03\/WT-601-2.png","contentUrl":"https:\/\/vcycletech.com\/wp-content\/uploads\/2023\/03\/WT-601-2.png","width":600,"height":600,"caption":"WT-607B Scale Inhibitor for Barium and Strontium"},{"@type":"BreadcrumbList","@id":"https:\/\/vcycletech.com\/product\/wt-607b-scale-inhibitor-for-barium-and-strontium\/#breadcrumb","itemListElement":[{"@type":"ListItem","position":1,"name":"Home","item":"https:\/\/vcycletech.com\/"},{"@type":"ListItem","position":2,"name":"Water Treatment Chemicals Manufacturer","item":"https:\/\/vcycletech.com\/water-treatment-chemicals-manufacturer\/"},{"@type":"ListItem","position":3,"name":"WT-607B Scale Inhibitor for Barium and Strontium"}]},{"@type":"WebSite","@id":"https:\/\/vcycletech.com\/#website","url":"https:\/\/vcycletech.com\/","name":"vcycletech","description":"China&#039;principal fornecedor de produtos qu\u00edmicos para tratamento de \u00e1gua","publisher":{"@id":"https:\/\/vcycletech.com\/#organization"},"potentialAction":[{"@type":"SearchAction","target":{"@type":"EntryPoint","urlTemplate":"https:\/\/vcycletech.com\/?s={search_term_string}"},"query-input":{"@type":"PropertyValueSpecification","valueRequired":true,"valueName":"search_term_string"}}],"inLanguage":"pt-PT"},{"@type":"Organization","@id":"https:\/\/vcycletech.com\/#organization","name":"vcycletech","url":"https:\/\/vcycletech.com\/","logo":{"@type":"ImageObject","inLanguage":"pt-PT","@id":"https:\/\/vcycletech.com\/#\/schema\/logo\/image\/","url":"https:\/\/vcycletech.com\/wp-content\/uploads\/2023\/03\/logo-vcycletech-1.png","contentUrl":"https:\/\/vcycletech.com\/wp-content\/uploads\/2023\/03\/logo-vcycletech-1.png","width":600,"height":400,"caption":"vcycletech"},"image":{"@id":"https:\/\/vcycletech.com\/#\/schema\/logo\/image\/"}}]}},"_links":{"self":[{"href":"https:\/\/vcycletech.com\/pt\/wp-json\/wp\/v2\/product\/1416","targetHints":{"allow":["GET"]}}],"collection":[{"href":"https:\/\/vcycletech.com\/pt\/wp-json\/wp\/v2\/product"}],"about":[{"href":"https:\/\/vcycletech.com\/pt\/wp-json\/wp\/v2\/types\/product"}],"wp:featuredmedia":[{"embeddable":true,"href":"https:\/\/vcycletech.com\/pt\/wp-json\/wp\/v2\/media\/1419"}],"wp:attachment":[{"href":"https:\/\/vcycletech.com\/pt\/wp-json\/wp\/v2\/media?parent=1416"}],"wp:term":[{"taxonomy":"product_brand","embeddable":true,"href":"https:\/\/vcycletech.com\/pt\/wp-json\/wp\/v2\/product_brand?post=1416"},{"taxonomy":"product_cat","embeddable":true,"href":"https:\/\/vcycletech.com\/pt\/wp-json\/wp\/v2\/product_cat?post=1416"},{"taxonomy":"product_tag","embeddable":true,"href":"https:\/\/vcycletech.com\/pt\/wp-json\/wp\/v2\/product_tag?post=1416"}],"curies":[{"name":"wp","href":"https:\/\/api.w.org\/{rel}","templated":true}]}}