{"id":1408,"date":"2023-03-22T06:53:12","date_gmt":"2023-03-22T06:53:12","guid":{"rendered":"https:\/\/vcycletech.com\/?post_type=product&#038;p=1408"},"modified":"2023-03-27T02:49:47","modified_gmt":"2023-03-27T02:49:47","slug":"wt-607-inibidor-de-incrustacao-para-agua-de-enchimento-de-campo-petrolifero-2","status":"publish","type":"product","link":"https:\/\/vcycletech.com\/pt\/produtos\/wt-607-inibidor-de-incrustacao-para-agua-de-enchimento-de-campo-petrolifero-2\/","title":{"rendered":"Inibidor de Incrusta\u00e7\u00e3o WT-607 para \u00c1gua de Reabastecimento de Campo Petrol\u00edfero"},"content":{"rendered":"<h3>Propriedades:<\/h3>\n<div class=\"break-words markdown-formatted-text\">\n<p class=\"my-0.5\"><strong>WT-607<\/strong> \u00e9 um inibidor de escala industrial usado em oleodutos de \u00e1gua de reabastecimento de campos petrol\u00edferos devido \u00e0s suas propriedades especiais. \u00c9 constru\u00eddo com \u00e1cido organofosf\u00f3rico, surfactante e agentes sin\u00e9rgicos, permitindo quelatar com Ca2+ e Mg2+, dispersando assim de forma eficaz as escamas de carbonato de c\u00e1lcio, sulfato de c\u00e1lcio e fosfato de c\u00e1lcio. Al\u00e9m disso, este produto se beneficia de sua toler\u00e2ncia a altas temperaturas, toler\u00e2ncia alcalina, toler\u00e2ncia ao sal e estabilidade em reservat\u00f3rios de campos petrol\u00edferos em baixas dosagens.<\/p>\n<h3>Especifica\u00e7\u00e3o:<\/h3>\n<div id=\"footable_parent_1425\"\n         class=\"footable_parent ninja_table_wrapper loading_ninja_table wp_table_data_press_parent semantic_ui\">\n                <table data-ninja_table_instance=\"ninja_table_instance_0\" data-footable_id=\"1425\" data-filter-delay=\"1000\" aria-label=\"Inibidor de Incrusta\u00e7\u00e3o KR-607 para \u00c1gua de Reabastecimento de Campo Petrol\u00edfero.csv\"            id=\"footable_1425\"\n           data-unique_identifier=\"ninja_table_unique_id_3245409234_1425\"\n           class=\"foo-table ninja_footable foo_table_1425 ninja_table_unique_id_3245409234_1425 ui table  nt_type_legacy_table selectable striped vertical_centered  footable-paging-right ninja_table_pro\">\n                <colgroup>\n                            <col class=\"ninja_column_0\">\n                            <col class=\"ninja_column_1\">\n                    <\/colgroup>\n        <thead>\n<tr class=\"footable-header\">\n                                        <th scope=\"col\"  class=\"ninja_column_0 ninja_clmn_nm_items\">Itens<\/th><th scope=\"col\"  class=\"ninja_column_1 ninja_clmn_nm_index\">\u00cdndice<\/th><\/tr>\n<\/thead>\n<tbody>\n\n        <tr data-row_id=\"376\" class=\"ninja_table_row_0 nt_row_id_376\">\n            <td>Apar\u00eancia<\/td><td>l\u00edquido incolor ou amarelo claro<\/td>        <\/tr>\n            <tr data-row_id=\"377\" class=\"ninja_table_row_1 nt_row_id_377\">\n            <td>Conte\u00fado s\u00f3lido, %<\/td><td>30,0 min<\/td>        <\/tr>\n            <tr data-row_id=\"378\" class=\"ninja_table_row_2 nt_row_id_378\">\n            <td>pH (solu\u00e7\u00e3o de \u00e1gua 1%)<\/td><td>2,0\u00b11,5<\/td>        <\/tr>\n            <tr data-row_id=\"379\" class=\"ninja_table_row_3 nt_row_id_379\">\n            <td>Densidade (20 \u2103), g\/cm3<\/td><td>1,10 min<\/td>        <\/tr>\n    <\/tbody><!--ninja_tobody_rendering_done-->\n    <\/table>\n    \n    \n    \n<\/div>\n\n<h3>Uso:<\/h3>\n<p>Adicionar <strong>WT-607<\/strong> em uma piscina ou caixa de pl\u00e1stico todos os dias para um desempenho ideal. Dilua-o com \u00e1gua e adicione-o continuamente \u00e0 entrada de uma bomba dosadora ou v\u00e1lvula dosadora localizada na sa\u00edda de um tanque coletor. A dosagem preferida varia de 10 a 50 ppm, dependendo da \u00e1gua de reposi\u00e7\u00e3o utilizada.<\/p>\n<h3>Embalagem e armazenamento:<\/h3>\n<p>O acondicionamento e o armazenamento devem ocorrer em tambores pl\u00e1sticos de 200L ou recipientes IBC (1000L). Os clientes tamb\u00e9m podem solicitar solu\u00e7\u00f5es alternativas de embalagem. Todos <strong>WT-607<\/strong> deve ser armazenado por at\u00e9 dez meses em local fresco e seco, longe da luz solar direta.<\/p>\n<h3>Guia Completo:<\/h3>\n<p><strong>WT-607<\/strong> \u00e9 um inibidor de incrusta\u00e7\u00f5es para \u00e1gua de reabastecimento de campos petrol\u00edferos projetado para produtos qu\u00edmicos de tratamento de \u00e1gua. Ele \u00e9 projetado para prevenir a forma\u00e7\u00e3o de incrusta\u00e7\u00f5es em tubula\u00e7\u00f5es de forma eficaz. Para isso, incorpora \u00e1cido organofosforado, tensoativos especiais e agentes sin\u00e9rgicos quelantes com \u00edons c\u00e1lcio e magn\u00e9sio. Isto faz <strong>WT-607<\/strong> eficiente e confi\u00e1vel para sistemas de abastecimento de \u00e1gua em campos petrol\u00edferos e outras aplica\u00e7\u00f5es industriais.<\/p>\n<p>Fun\u00e7\u00e3o: <strong>WT-607<\/strong> inibe o ac\u00famulo de dep\u00f3sitos minerais como carbonato de c\u00e1lcio e hidr\u00f3xido de magn\u00e9sio em oleodutos que transportam \u00e1gua de reabastecimento de campos petrol\u00edferos. Isso ajuda a garantir que a vaz\u00e3o do l\u00edquido permane\u00e7a em n\u00edveis ideais e que os tubos permane\u00e7am livres de entupimentos.<\/p>\n<p>Princ\u00edpio de A\u00e7\u00e3o: O \u00e1cido organofosforado em <strong>WT-607<\/strong> atua como um agente quelante que se liga aos \u00edons de c\u00e1lcio e magn\u00e9sio. Isso evita que eles precipitem fora da solu\u00e7\u00e3o, evitando o ac\u00famulo de dep\u00f3sitos minerais nas paredes da tubula\u00e7\u00e3o. Os surfactantes especiais tamb\u00e9m ajudam a reduzir a tens\u00e3o superficial, o que aumenta ainda mais a efici\u00eancia deste produto quando usado para inibi\u00e7\u00e3o de incrusta\u00e7\u00f5es em sistemas de \u00e1gua de reabastecimento de campos petrol\u00edferos.<\/p>\n<p>Campo de aplica\u00e7\u00e3o: <strong>WT-607<\/strong> \u00e9 adequado para uso em sistemas de \u00e1gua de reabastecimento de campos petrol\u00edferos e outras aplica\u00e7\u00f5es industriais onde a forma\u00e7\u00e3o de incrusta\u00e7\u00f5es precisa ser evitada. Sua toler\u00e2ncia a altas temperaturas, toler\u00e2ncia alcalina, toler\u00e2ncia ao sal e compatibilidade com outros aditivos o tornam uma escolha confi\u00e1vel quando usado nesses ambientes.<\/p>\n<p>Precau\u00e7\u00f5es de uso: Ao usar <strong>WT-607<\/strong>, \u00e9 essencial seguir todas as precau\u00e7\u00f5es de seguran\u00e7a estabelecidas pelo fabricante, incluindo garantir n\u00e3o exceder as dosagens recomendadas ou exp\u00f4-lo a temperaturas superiores \u00e0s especificadas. Al\u00e9m disso, medidas de seguran\u00e7a adequadas devem ser tomadas ao manusear este produto qu\u00edmico, incluindo o uso de luvas, \u00f3culos e roupas de prote\u00e7\u00e3o.<\/p>\n<h3>Perguntas frequentes:<\/h3>\n<p><strong>P: O que \u00e9 WT-607?<\/strong><\/p>\n<p>O WT-607 \u00e9 um inibidor de incrusta\u00e7\u00e3o projetado para sistemas de \u00e1gua de reabastecimento de campos petrol\u00edferos para evitar a forma\u00e7\u00e3o de dep\u00f3sitos minerais nas paredes do tubo. Incorpora \u00e1cido organofosforado, tensoativos especiais e agentes sin\u00e9rgicos quelantes com \u00edons de c\u00e1lcio e magn\u00e9sio.<\/p>\n<p><strong>P: Como funciona o WT-607?<\/strong><\/p>\n<p>O WT-607 funciona ligando-se aos \u00edons de c\u00e1lcio e magn\u00e9sio, evitando que precipitem da solu\u00e7\u00e3o, evitando assim que dep\u00f3sitos minerais se acumulem nas paredes dos tubos nos sistemas de \u00e1gua de reabastecimento do campo petrol\u00edfero.<\/p>\n<p><strong>P: Quais s\u00e3o as vantagens de usar o WT-607?<\/strong><\/p>\n<p>Algumas vantagens incluem resist\u00eancia a altas temperaturas, toler\u00e2ncia alcalina, toler\u00e2ncia ao sal e boa compatibilidade com outros aditivos, tornando-o uma escolha confi\u00e1vel quando usado em v\u00e1rios ambientes.<\/p>\n<p><strong>P: Quais precau\u00e7\u00f5es devem ser tomadas ao usar o WT-607?<\/strong><\/p>\n<p>Precau\u00e7\u00f5es de seguran\u00e7a devem ser sempre tomadas ao manusear produtos qu\u00edmicos, incluindo o uso de luvas de prote\u00e7\u00e3o, \u00f3culos, roupas, etc. Al\u00e9m disso, deve-se tomar cuidado para n\u00e3o exceder as dosagens recomendadas ou exp\u00f4-lo a temperaturas superiores \u00e0s especificadas pelo fabricante.<\/p>\n<p><strong>P: Quais aplicativos podem se beneficiar do uso do WT-607?<\/strong><\/p>\n<p>O WT-607 pode ser usado em qualquer ambiente onde a forma\u00e7\u00e3o de incrusta\u00e7\u00f5es deva ser evitada, como sistemas de \u00e1gua de reabastecimento de campos petrol\u00edferos e outras configura\u00e7\u00f5es industriais, como caldeiras.<\/p>\n<p><strong>P: H\u00e1 algum dado de pesquisa dispon\u00edvel no WT-607?<\/strong><\/p>\n<p>Dados de pesquisa est\u00e3o dispon\u00edveis em rela\u00e7\u00e3o \u00e0 sua efic\u00e1cia contra diferentes escalas e adequa\u00e7\u00e3o a v\u00e1rias condi\u00e7\u00f5es ambientais, como alcalinidade.<\/p>\n<p><a href=\"https:\/\/vcycletech.com\/pt\/categoria-de-produto\/inibidores-de-corrosao-e-agentes-de-pelicula-de-pre-tratamento\/\">Obtenha a solu\u00e7\u00e3o completa de inibidores de corros\u00e3o de escala constru\u00edda e agentes de pel\u00edcula de pr\u00e9-tratamento.<\/a><\/p>\n<\/div>","protected":false},"excerpt":{"rendered":"<p class=\"my-0.5\"><strong>WT-607 \u00e9 um inibidor de escala<\/strong> para \u00e1gua de recarga de campos petrol\u00edferos, projetado especificamente para produtos qu\u00edmicos de tratamento de \u00e1gua. \u00c9 constru\u00eddo com \u00e1cido organofosf\u00f3rico, surfactante especial e agentes sin\u00e9rgicos que podem quelar com Ca2+ e Mg2+. Isto faz <strong>WT-607<\/strong> um agente quelante eficaz que evita a forma\u00e7\u00e3o de incrusta\u00e7\u00f5es em tubula\u00e7\u00f5es. Tamb\u00e9m tem as vantagens de resist\u00eancia a altas temperaturas, toler\u00e2ncia alcalina, toler\u00e2ncia ao sal e boa compatibilidade com outros aditivos. <strong>WT-607<\/strong> \u00e9 uma escolha confi\u00e1vel para sistemas de \u00e1gua de reabastecimento de campos petrol\u00edferos e outras aplica\u00e7\u00f5es industriais.<\/p>","protected":false},"featured_media":2823,"template":"","meta":{"site-sidebar-layout":"default","site-content-layout":"default","ast-site-content-layout":"default","site-content-style":"default","site-sidebar-style":"default","ast-global-header-display":"","ast-banner-title-visibility":"","ast-main-header-display":"","ast-hfb-above-header-display":"","ast-hfb-below-header-display":"","ast-hfb-mobile-header-display":"","site-post-title":"","ast-breadcrumbs-content":"","ast-featured-img":"","footer-sml-layout":"","ast-disable-related-posts":"","theme-transparent-header-meta":"default","adv-header-id-meta":"","stick-header-meta":"default","header-above-stick-meta":"","header-main-stick-meta":"","header-below-stick-meta":"","astra-migrate-meta-layouts":"default","ast-page-background-enabled":"default","ast-page-background-meta":{"desktop":{"background-color":"","background-image":"","background-repeat":"repeat","background-position":"center center","background-size":"auto","background-attachment":"scroll","background-type":"","background-media":"","overlay-type":"","overlay-color":"","overlay-opacity":"","overlay-gradient":""},"tablet":{"background-color":"","background-image":"","background-repeat":"repeat","background-position":"center center","background-size":"auto","background-attachment":"scroll","background-type":"","background-media":"","overlay-type":"","overlay-color":"","overlay-opacity":"","overlay-gradient":""},"mobile":{"background-color":"","background-image":"","background-repeat":"repeat","background-position":"center center","background-size":"auto","background-attachment":"scroll","background-type":"","background-media":"","overlay-type":"","overlay-color":"","overlay-opacity":"","overlay-gradient":""}},"ast-content-background-meta":{"desktop":{"background-color":"var(--ast-global-color-5)","background-image":"","background-repeat":"repeat","background-position":"center center","background-size":"auto","background-attachment":"scroll","background-type":"","background-media":"","overlay-type":"","overlay-color":"","overlay-opacity":"","overlay-gradient":""},"tablet":{"background-color":"var(--ast-global-color-5)","background-image":"","background-repeat":"repeat","background-position":"center center","background-size":"auto","background-attachment":"scroll","background-type":"","background-media":"","overlay-type":"","overlay-color":"","overlay-opacity":"","overlay-gradient":""},"mobile":{"background-color":"var(--ast-global-color-5)","background-image":"","background-repeat":"repeat","background-position":"center center","background-size":"auto","background-attachment":"scroll","background-type":"","background-media":"","overlay-type":"","overlay-color":"","overlay-opacity":"","overlay-gradient":""}}},"product_brand":[],"product_cat":[32],"product_tag":[],"class_list":{"0":"post-1408","1":"product","2":"type-product","3":"status-publish","4":"has-post-thumbnail","6":"product_cat-built-scale-corrosion-inhibitors-and-pretreatment-filming-agents","7":"desktop-align-left","8":"tablet-align-left","9":"mobile-align-left","10":"ast-product-gallery-layout-horizontal-slider","11":"ast-product-gallery-with-no-image","12":"ast-product-tabs-layout-horizontal","14":"first","15":"instock","16":"shipping-taxable","17":"product-type-simple"},"yoast_head":"<!-- This site is optimized with the Yoast SEO Premium plugin v26.3 (Yoast SEO v27.3) - https:\/\/yoast.com\/product\/yoast-seo-premium-wordpress\/ -->\n<title>WT-607 Scale Inhibitor for Oilfield Refill Water - vcycletech<\/title>\n<meta name=\"description\" content=\"Keep your water clean and free from scale deposits with WT-607 Scale Inhibitor for Oilfield Refill Water. Get the ultimate water treatment chemicals now!\" \/>\n<meta name=\"robots\" content=\"index, follow, max-snippet:-1, max-image-preview:large, max-video-preview:-1\" \/>\n<link rel=\"canonical\" href=\"https:\/\/vcycletech.com\/pt\/produtos\/wt-607-inibidor-de-incrustacao-para-agua-de-enchimento-de-campo-petrolifero-2\/\" \/>\n<meta property=\"og:locale\" content=\"pt_PT\" \/>\n<meta property=\"og:type\" content=\"article\" \/>\n<meta property=\"og:title\" content=\"WT-607 Scale Inhibitor for Oilfield Refill Water\" \/>\n<meta property=\"og:description\" content=\"Keep your water clean and free from scale deposits with WT-607 Scale Inhibitor for Oilfield Refill Water. Get the ultimate water treatment chemicals now!\" \/>\n<meta property=\"og:url\" content=\"https:\/\/vcycletech.com\/pt\/produtos\/wt-607-inibidor-de-incrustacao-para-agua-de-enchimento-de-campo-petrolifero-2\/\" \/>\n<meta property=\"og:site_name\" content=\"vcycletech\" \/>\n<meta property=\"article:modified_time\" content=\"2023-03-27T02:49:47+00:00\" \/>\n<meta property=\"og:image\" content=\"https:\/\/vcycletech.com\/wp-content\/uploads\/2023\/03\/1-109.png\" \/>\n\t<meta property=\"og:image:width\" content=\"600\" \/>\n\t<meta property=\"og:image:height\" content=\"600\" \/>\n\t<meta property=\"og:image:type\" content=\"image\/png\" \/>\n<meta name=\"twitter:card\" content=\"summary_large_image\" \/>\n<meta name=\"twitter:label1\" content=\"Tempo estimado de leitura\" \/>\n\t<meta name=\"twitter:data1\" content=\"3 minutos\" \/>\n<script type=\"application\/ld+json\" class=\"yoast-schema-graph\">{\"@context\":\"https:\\\/\\\/schema.org\",\"@graph\":[{\"@type\":\"WebPage\",\"@id\":\"https:\\\/\\\/vcycletech.com\\\/product\\\/wt-607-scale-inhibitor-for-oilfield-refill-water-2\\\/\",\"url\":\"https:\\\/\\\/vcycletech.com\\\/product\\\/wt-607-scale-inhibitor-for-oilfield-refill-water-2\\\/\",\"name\":\"WT-607 Scale Inhibitor for Oilfield Refill Water - vcycletech\",\"isPartOf\":{\"@id\":\"https:\\\/\\\/vcycletech.com\\\/#website\"},\"primaryImageOfPage\":{\"@id\":\"https:\\\/\\\/vcycletech.com\\\/product\\\/wt-607-scale-inhibitor-for-oilfield-refill-water-2\\\/#primaryimage\"},\"image\":{\"@id\":\"https:\\\/\\\/vcycletech.com\\\/product\\\/wt-607-scale-inhibitor-for-oilfield-refill-water-2\\\/#primaryimage\"},\"thumbnailUrl\":\"https:\\\/\\\/vcycletech.com\\\/wp-content\\\/uploads\\\/2023\\\/03\\\/1-109.png\",\"datePublished\":\"2023-03-22T06:53:12+00:00\",\"dateModified\":\"2023-03-27T02:49:47+00:00\",\"description\":\"Keep your water clean and free from scale deposits with WT-607 Scale Inhibitor for Oilfield Refill Water. Get the ultimate water treatment chemicals now!\",\"breadcrumb\":{\"@id\":\"https:\\\/\\\/vcycletech.com\\\/product\\\/wt-607-scale-inhibitor-for-oilfield-refill-water-2\\\/#breadcrumb\"},\"inLanguage\":\"pt-PT\",\"potentialAction\":[{\"@type\":\"ReadAction\",\"target\":[\"https:\\\/\\\/vcycletech.com\\\/product\\\/wt-607-scale-inhibitor-for-oilfield-refill-water-2\\\/\"]}]},{\"@type\":\"ImageObject\",\"inLanguage\":\"pt-PT\",\"@id\":\"https:\\\/\\\/vcycletech.com\\\/product\\\/wt-607-scale-inhibitor-for-oilfield-refill-water-2\\\/#primaryimage\",\"url\":\"https:\\\/\\\/vcycletech.com\\\/wp-content\\\/uploads\\\/2023\\\/03\\\/1-109.png\",\"contentUrl\":\"https:\\\/\\\/vcycletech.com\\\/wp-content\\\/uploads\\\/2023\\\/03\\\/1-109.png\",\"width\":600,\"height\":600,\"caption\":\"WT-607 Scale Inhibitor for Oilfield Refill Water\"},{\"@type\":\"BreadcrumbList\",\"@id\":\"https:\\\/\\\/vcycletech.com\\\/product\\\/wt-607-scale-inhibitor-for-oilfield-refill-water-2\\\/#breadcrumb\",\"itemListElement\":[{\"@type\":\"ListItem\",\"position\":1,\"name\":\"Home\",\"item\":\"https:\\\/\\\/vcycletech.com\\\/\"},{\"@type\":\"ListItem\",\"position\":2,\"name\":\"Water Treatment Chemicals Manufacturer\",\"item\":\"https:\\\/\\\/vcycletech.com\\\/water-treatment-chemicals-manufacturer\\\/\"},{\"@type\":\"ListItem\",\"position\":3,\"name\":\"WT-607 Scale Inhibitor for Oilfield Refill Water\"}]},{\"@type\":\"WebSite\",\"@id\":\"https:\\\/\\\/vcycletech.com\\\/#website\",\"url\":\"https:\\\/\\\/vcycletech.com\\\/\",\"name\":\"vcycletech\",\"description\":\"China&#039;s top water treatment chemicals supplier\",\"publisher\":{\"@id\":\"https:\\\/\\\/vcycletech.com\\\/#organization\"},\"potentialAction\":[{\"@type\":\"SearchAction\",\"target\":{\"@type\":\"EntryPoint\",\"urlTemplate\":\"https:\\\/\\\/vcycletech.com\\\/?s={search_term_string}\"},\"query-input\":{\"@type\":\"PropertyValueSpecification\",\"valueRequired\":true,\"valueName\":\"search_term_string\"}}],\"inLanguage\":\"pt-PT\"},{\"@type\":\"Organization\",\"@id\":\"https:\\\/\\\/vcycletech.com\\\/#organization\",\"name\":\"vcycletech\",\"url\":\"https:\\\/\\\/vcycletech.com\\\/\",\"logo\":{\"@type\":\"ImageObject\",\"inLanguage\":\"pt-PT\",\"@id\":\"https:\\\/\\\/vcycletech.com\\\/#\\\/schema\\\/logo\\\/image\\\/\",\"url\":\"https:\\\/\\\/vcycletech.com\\\/wp-content\\\/uploads\\\/2023\\\/03\\\/logo-vcycletech-1.png\",\"contentUrl\":\"https:\\\/\\\/vcycletech.com\\\/wp-content\\\/uploads\\\/2023\\\/03\\\/logo-vcycletech-1.png\",\"width\":600,\"height\":400,\"caption\":\"vcycletech\"},\"image\":{\"@id\":\"https:\\\/\\\/vcycletech.com\\\/#\\\/schema\\\/logo\\\/image\\\/\"}}]}<\/script>\n<!-- \/ Yoast SEO Premium plugin. -->","yoast_head_json":{"title":"Inibidor de Incrusta\u00e7\u00e3o WT-607 para \u00c1gua de Reabastecimento de Campo Petrol\u00edfero - vcycletech","description":"Mantenha sua \u00e1gua limpa e livre de dep\u00f3sitos de incrusta\u00e7\u00f5es com o inibidor de incrusta\u00e7\u00e3o WT-607 para \u00e1gua de reabastecimento de campos petrol\u00edferos. Obtenha os melhores produtos qu\u00edmicos para tratamento de \u00e1gua agora!","robots":{"index":"index","follow":"follow","max-snippet":"max-snippet:-1","max-image-preview":"max-image-preview:large","max-video-preview":"max-video-preview:-1"},"canonical":"https:\/\/vcycletech.com\/pt\/produtos\/wt-607-inibidor-de-incrustacao-para-agua-de-enchimento-de-campo-petrolifero-2\/","og_locale":"pt_PT","og_type":"article","og_title":"WT-607 Scale Inhibitor for Oilfield Refill Water","og_description":"Keep your water clean and free from scale deposits with WT-607 Scale Inhibitor for Oilfield Refill Water. Get the ultimate water treatment chemicals now!","og_url":"https:\/\/vcycletech.com\/pt\/produtos\/wt-607-inibidor-de-incrustacao-para-agua-de-enchimento-de-campo-petrolifero-2\/","og_site_name":"vcycletech","article_modified_time":"2023-03-27T02:49:47+00:00","og_image":[{"width":600,"height":600,"url":"https:\/\/vcycletech.com\/wp-content\/uploads\/2023\/03\/1-109.png","type":"image\/png"}],"twitter_card":"summary_large_image","twitter_misc":{"Tempo estimado de leitura":"3 minutos"},"schema":{"@context":"https:\/\/schema.org","@graph":[{"@type":"WebPage","@id":"https:\/\/vcycletech.com\/product\/wt-607-scale-inhibitor-for-oilfield-refill-water-2\/","url":"https:\/\/vcycletech.com\/product\/wt-607-scale-inhibitor-for-oilfield-refill-water-2\/","name":"Inibidor de Incrusta\u00e7\u00e3o WT-607 para \u00c1gua de Reabastecimento de Campo Petrol\u00edfero - vcycletech","isPartOf":{"@id":"https:\/\/vcycletech.com\/#website"},"primaryImageOfPage":{"@id":"https:\/\/vcycletech.com\/product\/wt-607-scale-inhibitor-for-oilfield-refill-water-2\/#primaryimage"},"image":{"@id":"https:\/\/vcycletech.com\/product\/wt-607-scale-inhibitor-for-oilfield-refill-water-2\/#primaryimage"},"thumbnailUrl":"https:\/\/vcycletech.com\/wp-content\/uploads\/2023\/03\/1-109.png","datePublished":"2023-03-22T06:53:12+00:00","dateModified":"2023-03-27T02:49:47+00:00","description":"Mantenha sua \u00e1gua limpa e livre de dep\u00f3sitos de incrusta\u00e7\u00f5es com o inibidor de incrusta\u00e7\u00e3o WT-607 para \u00e1gua de reabastecimento de campos petrol\u00edferos. Obtenha os melhores produtos qu\u00edmicos para tratamento de \u00e1gua agora!","breadcrumb":{"@id":"https:\/\/vcycletech.com\/product\/wt-607-scale-inhibitor-for-oilfield-refill-water-2\/#breadcrumb"},"inLanguage":"pt-PT","potentialAction":[{"@type":"ReadAction","target":["https:\/\/vcycletech.com\/product\/wt-607-scale-inhibitor-for-oilfield-refill-water-2\/"]}]},{"@type":"ImageObject","inLanguage":"pt-PT","@id":"https:\/\/vcycletech.com\/product\/wt-607-scale-inhibitor-for-oilfield-refill-water-2\/#primaryimage","url":"https:\/\/vcycletech.com\/wp-content\/uploads\/2023\/03\/1-109.png","contentUrl":"https:\/\/vcycletech.com\/wp-content\/uploads\/2023\/03\/1-109.png","width":600,"height":600,"caption":"WT-607 Scale Inhibitor for Oilfield Refill Water"},{"@type":"BreadcrumbList","@id":"https:\/\/vcycletech.com\/product\/wt-607-scale-inhibitor-for-oilfield-refill-water-2\/#breadcrumb","itemListElement":[{"@type":"ListItem","position":1,"name":"Home","item":"https:\/\/vcycletech.com\/"},{"@type":"ListItem","position":2,"name":"Water Treatment Chemicals Manufacturer","item":"https:\/\/vcycletech.com\/water-treatment-chemicals-manufacturer\/"},{"@type":"ListItem","position":3,"name":"WT-607 Scale Inhibitor for Oilfield Refill Water"}]},{"@type":"WebSite","@id":"https:\/\/vcycletech.com\/#website","url":"https:\/\/vcycletech.com\/","name":"vcycletech","description":"China&#039;principal fornecedor de produtos qu\u00edmicos para tratamento de \u00e1gua","publisher":{"@id":"https:\/\/vcycletech.com\/#organization"},"potentialAction":[{"@type":"SearchAction","target":{"@type":"EntryPoint","urlTemplate":"https:\/\/vcycletech.com\/?s={search_term_string}"},"query-input":{"@type":"PropertyValueSpecification","valueRequired":true,"valueName":"search_term_string"}}],"inLanguage":"pt-PT"},{"@type":"Organization","@id":"https:\/\/vcycletech.com\/#organization","name":"vcycletech","url":"https:\/\/vcycletech.com\/","logo":{"@type":"ImageObject","inLanguage":"pt-PT","@id":"https:\/\/vcycletech.com\/#\/schema\/logo\/image\/","url":"https:\/\/vcycletech.com\/wp-content\/uploads\/2023\/03\/logo-vcycletech-1.png","contentUrl":"https:\/\/vcycletech.com\/wp-content\/uploads\/2023\/03\/logo-vcycletech-1.png","width":600,"height":400,"caption":"vcycletech"},"image":{"@id":"https:\/\/vcycletech.com\/#\/schema\/logo\/image\/"}}]}},"_links":{"self":[{"href":"https:\/\/vcycletech.com\/pt\/wp-json\/wp\/v2\/product\/1408","targetHints":{"allow":["GET"]}}],"collection":[{"href":"https:\/\/vcycletech.com\/pt\/wp-json\/wp\/v2\/product"}],"about":[{"href":"https:\/\/vcycletech.com\/pt\/wp-json\/wp\/v2\/types\/product"}],"wp:featuredmedia":[{"embeddable":true,"href":"https:\/\/vcycletech.com\/pt\/wp-json\/wp\/v2\/media\/2823"}],"wp:attachment":[{"href":"https:\/\/vcycletech.com\/pt\/wp-json\/wp\/v2\/media?parent=1408"}],"wp:term":[{"taxonomy":"product_brand","embeddable":true,"href":"https:\/\/vcycletech.com\/pt\/wp-json\/wp\/v2\/product_brand?post=1408"},{"taxonomy":"product_cat","embeddable":true,"href":"https:\/\/vcycletech.com\/pt\/wp-json\/wp\/v2\/product_cat?post=1408"},{"taxonomy":"product_tag","embeddable":true,"href":"https:\/\/vcycletech.com\/pt\/wp-json\/wp\/v2\/product_tag?post=1408"}],"curies":[{"name":"wp","href":"https:\/\/api.w.org\/{rel}","templated":true}]}}