{"id":1400,"date":"2023-03-22T06:30:22","date_gmt":"2023-03-22T06:30:22","guid":{"rendered":"https:\/\/vcycletech.com\/?post_type=product&#038;p=1400"},"modified":"2023-03-27T02:58:46","modified_gmt":"2023-03-27T02:58:46","slug":"wt-604-inibidor-de-incrustacao-e-corrosao-para-usina","status":"publish","type":"product","link":"https:\/\/vcycletech.com\/pt\/produtos\/wt-604-inibidor-de-incrustacao-e-corrosao-para-usina\/","title":{"rendered":"Inibidor de Incrusta\u00e7\u00e3o e Corros\u00e3o WT-604 para Usina El\u00e9trica"},"content":{"rendered":"<h3 id=\"introduction_2\" class=\"xsj_heading_hash xsj_heading xsj_heading_h2\" data-source-line=\"6\" data-source-line-display=\"true\"><span class=\"xsj_heading_content\">Introdu\u00e7\u00e3o:<\/span><\/h3>\n<p class=\"xsj_paragraph xsj_paragraph_level_0\" data-source-line=\"7\" data-source-line-display=\"true\">O <strong>Incrustante WT-604 e inibidor de corros\u00e3o<\/strong> oferecem prote\u00e7\u00e3o ideal para sistemas de \u00e1gua de resfriamento circulante em v\u00e1rios setores, incluindo usinas de energia. Este poderoso inibidor apresenta uma mistura especial de organofosforado e \u00e1cido policarbox\u00edlico para quelar. Dispersa carbonato de c\u00e1lcio, sulfato e incrustantes de fosfato enquanto exibe boa inibi\u00e7\u00e3o de incrusta\u00e7\u00e3o em superf\u00edcies de a\u00e7o e ferro e cobre.<\/p>\n<div class=\"xiaoshujiang_element xsj_anchor\"><a class=\"blank_anchor_name\" name=\"features_3\"><\/a><a id=\"features_3\" class=\"blank_anchor_id\"><\/a><a class=\"blank_anchor_name\" name=\"features\"><\/a><a id=\"features\" class=\"blank_anchor_id\"><\/a><\/div>\n<h3 id=\"features_3\" class=\"xsj_heading_hash xsj_heading xsj_heading_h2\" data-source-line=\"10\" data-source-line-display=\"true\"><span class=\"xsj_heading_content\">Caracter\u00edsticas:<\/span><\/h3>\n<p class=\"xsj_paragraph xsj_paragraph_level_0\" data-source-line=\"11\" data-source-line-display=\"true\"><strong>WT-604<\/strong> \u00e9 projetado especificamente para proteger contra o ac\u00famulo de dep\u00f3sitos minerais em sistemas de \u00e1gua de resfriamento circulante. Atua impedindo a precipita\u00e7\u00e3o de minerais em tubula\u00e7\u00f5es, trocadores, caldeiras, tanques, superf\u00edcies de transfer\u00eancia de calor, etc., evitando assim a forma\u00e7\u00e3o de incrusta\u00e7\u00f5es. Al\u00e9m disso, ajuda a prevenir a corros\u00e3o devido \u00e0 sua mistura \u00fanica de \u00e1cido organofosforado e compostos de \u00e1cido policarbox\u00edlico que podem quelar \u00edons insol\u00faveis (por exemplo, carbonato de c\u00e1lcio) que, de outra forma, levariam \u00e0 incrusta\u00e7\u00e3o ou corros\u00e3o. Outros benef\u00edcios incluem maior efici\u00eancia de transfer\u00eancia de calor e expectativa de vida \u00fatil dos componentes do equipamento.<\/p>\n<div class=\"xiaoshujiang_element xsj_anchor\"><a class=\"blank_anchor_name\" name=\"applications_4\"><\/a><a id=\"applications_4\" class=\"blank_anchor_id\"><\/a><a class=\"blank_anchor_name\" name=\"applications\"><\/a><a id=\"applications\" class=\"blank_anchor_id\"><\/a><\/div>\n<h3 id=\"applications_4\" class=\"xsj_heading_hash xsj_heading xsj_heading_h2\" data-source-line=\"13\" data-source-line-display=\"true\"><span class=\"xsj_heading_content\">Formul\u00e1rios:<\/span><\/h3>\n<p class=\"xsj_paragraph xsj_paragraph_level_0\" data-source-line=\"15\" data-source-line-display=\"true\"><strong>WT-604<\/strong> foi projetado para uso em usinas de energia, onde pode fornecer prote\u00e7\u00e3o eficaz contra dep\u00f3sitos de incrusta\u00e7\u00e3o causados por carbonato de c\u00e1lcio, sulfatos, fosfatos ou outros minerais na \u00e1gua do sistema. Tamb\u00e9m \u00e9 adequado para aplica\u00e7\u00f5es em outras ind\u00fastrias, como f\u00e1bricas de produtos qu\u00edmicos ou instala\u00e7\u00f5es petroqu\u00edmicas, com problemas semelhantes de escama\u00e7\u00e3o mineral ou ataques corrosivos em componentes de equipamentos.<\/p>\n<h3>Especifica\u00e7\u00e3o:<\/h3>\n<div>\n<table id=\"tablepress-3\" class=\"tablepress tablepress-id-3\">\n<thead>\n<tr class=\"row-1\">\n\t<th class=\"column-1\">Unid<\/th><th class=\"column-2\">\u00cdndice<\/th>\n<\/tr>\n<\/thead>\n<tbody class=\"row-striping row-hover\">\n<tr class=\"row-2\">\n\t<td class=\"column-1\">Apar\u00eancia<\/td><td class=\"column-2\">L\u00edquido marrom transparente<\/td>\n<\/tr>\n<tr class=\"row-3\">\n\t<td class=\"column-1\">Tiazole(C6H5N3)%<\/td><td class=\"column-2\">1,0 min<\/td>\n<\/tr>\n<tr class=\"row-4\">\n\t<td class=\"column-1\">\u00c1cido fosf\u00f3rico total (como PO43-)%<\/td><td class=\"column-2\">20 m\u00e1x.<\/td>\n<\/tr>\n<tr class=\"row-5\">\n\t<td class=\"column-1\">\u00c1cido fosforoso (como PO33-)%<\/td><td class=\"column-2\">1,0 m\u00e1x.<\/td>\n<\/tr>\n<tr class=\"row-6\">\n\t<td class=\"column-1\">\u00e1cido fosf\u00f3rico (como PO43-)%<\/td><td class=\"column-2\">0,5 m\u00e1x.<\/td>\n<\/tr>\n<tr class=\"row-7\">\n\t<td class=\"column-1\">Conte\u00fado s\u00f3lido %<\/td><td class=\"column-2\">32,0 min<\/td>\n<\/tr>\n<tr class=\"row-8\">\n\t<td class=\"column-1\">PH (solu\u00e7\u00e3o de \u00e1gua 1%)<\/td><td class=\"column-2\">3,0\u00b11,5<\/td>\n<\/tr>\n<tr class=\"row-9\">\n\t<td class=\"column-1\">Densidade 20\u2103 (g\/cm3)<\/td><td class=\"column-2\">1,15 minutos<\/td>\n<\/tr>\n<tr class=\"row-10\">\n\t<td class=\"column-1\"><span style=\"color:#222222;\"><strong><\/strong><\/span><\/td><td class=\"column-2\"><\/td>\n<\/tr>\n<\/tbody>\n<\/table>\n<\/div>\n<div class=\"xiaoshujiang_element xsj_anchor\"><a class=\"blank_anchor_name\" name=\"faqs_5\"><\/a><a id=\"faqs_5\" class=\"blank_anchor_id\"><\/a><a class=\"blank_anchor_name\" name=\"faqs\"><\/a><a id=\"faqs\" class=\"blank_anchor_id\"><\/a><\/div>\n<h3 id=\"faqs_5\" class=\"xsj_heading_hash xsj_heading xsj_heading_h2\" data-source-line=\"17\" data-source-line-display=\"true\"><span class=\"xsj_heading_content\">Perguntas frequentes:<\/span><\/h3>\n<div class=\"xiaoshujiang_element xsj_anchor\"><a class=\"blank_anchor_name\" name=\"q120what20makes20wt-60420so20effective_6\"><\/a><a id=\"q120what20makes20wt-60420so20effective_6\" class=\"blank_anchor_id\"><\/a><a class=\"blank_anchor_name\" name=\"q1-what-makes-wt-604-so-effective\"><\/a><a id=\"q1-what-makes-wt-604-so-effective\" class=\"blank_anchor_id\"><\/a><\/div>\n<p id=\"q120what20makes20wt-60420so20effective_6\" class=\"xsj_heading_hash xsj_heading xsj_heading_h3\" data-source-line=\"19\" data-source-line-display=\"true\"><strong><span class=\"xsj_heading_content\">P1: O que torna o WT-604 t\u00e3o eficaz?<\/span><\/strong><\/p>\n<p class=\"xsj_paragraph xsj_paragraph_level_0\" data-source-line=\"21\" data-source-line-display=\"true\">A1: WT-604 combina \u00e1cido organofosforado e compostos de \u00e1cido policarbox\u00edlico, que podem efetivamente quelar \u00edons insol\u00faveis, como carbonato de c\u00e1lcio, antes de se acumular em dep\u00f3sitos que causam descama\u00e7\u00e3o ou levam \u00e0 corros\u00e3o. Isso ajuda a manter a transfer\u00eancia de calor eficiente em todo o sistema e melhora a expectativa de vida dos componentes.<\/p>\n<div class=\"xiaoshujiang_element xsj_anchor\"><a class=\"blank_anchor_name\" name=\"q220what20industries20does20it20work20best20for_7\"><\/a><a id=\"q220what20industries20does20it20work20best20for_7\" class=\"blank_anchor_id\"><\/a><a class=\"blank_anchor_name\" name=\"q2-what-industries-does-it-work-best-for\"><\/a><a id=\"q2-what-industries-does-it-work-best-for\" class=\"blank_anchor_id\"><\/a><\/div>\n<p id=\"q220what20industries20does20it20work20best20for_7\" class=\"xsj_heading_hash xsj_heading xsj_heading_h3\" data-source-line=\"23\" data-source-line-display=\"true\"><strong><span class=\"xsj_heading_content\">P2: Para quais setores ele funciona melhor?<\/span><\/strong><\/p>\n<p class=\"xsj_paragraph xsj_paragraph_level_0\" data-source-line=\"25\" data-source-line-display=\"true\">R2: A principal aplica\u00e7\u00e3o do WP-604 \u00e9 proteger dep\u00f3sitos minerais em usinas de energia; no entanto, ele pode ser usado com sucesso em qualquer ind\u00fastria que lide com sistemas de refrigera\u00e7\u00e3o por circula\u00e7\u00e3o, como f\u00e1bricas de produtos qu\u00edmicos ou instala\u00e7\u00f5es petroqu\u00edmicas, onde h\u00e1 problemas com incrusta\u00e7\u00e3o mineral ou ataque corrosivo.<\/p>\n<div class=\"xiaoshujiang_element xsj_anchor\"><a class=\"blank_anchor_name\" name=\"q320does20it20have20any20other20benefits_8\"><\/a><a id=\"q320does20it20have20any20other20benefits_8\" class=\"blank_anchor_id\"><\/a><a class=\"blank_anchor_name\" name=\"q3-does-it-have-any-other-benefits\"><\/a><a id=\"q3-does-it-have-any-other-benefits\" class=\"blank_anchor_id\"><\/a><\/div>\n<p id=\"q320does20it20have20any20other20benefits_8\" class=\"xsj_heading_hash xsj_heading xsj_heading_h3\" data-source-line=\"27\" data-source-line-display=\"true\"><strong><span class=\"xsj_heading_content\">Q3: Tem algum outro benef\u00edcio?<\/span><\/strong><\/p>\n<p class=\"xsj_paragraph xsj_paragraph_level_0\" data-source-line=\"29\" data-source-line-display=\"true\">A3: Sim! O principal benef\u00edcio fornecido pelo WT-604 s\u00e3o as propriedades anti-descama\u00e7\u00e3o e anticorrosivas de alto desempenho; no entanto, tamb\u00e9m melhora a efici\u00eancia da transfer\u00eancia de calor em todo o sistema e, ao mesmo tempo, aumenta a expectativa de vida dos componentes por meio de melhor prote\u00e7\u00e3o contra deposi\u00e7\u00e3o de incrusta\u00e7\u00f5es e ataque corrosivo \u2013 ambos problemas comuns associados ao uso de sistemas de refrigera\u00e7\u00e3o circulante em ambientes industriais.<\/p>\n<div class=\"xiaoshujiang_element xsj_anchor\"><a class=\"blank_anchor_name\" name=\"q420are20there20any20safety20concerns20related20to20using20this20product_9\"><\/a><a id=\"q420are20there20any20safety20concerns20related20to20using20this20product_9\" class=\"blank_anchor_id\"><\/a><a class=\"blank_anchor_name\" name=\"q4-are-there-any-safety-concerns-related-to-using-this-product\"><\/a><a id=\"q4-are-there-any-safety-concerns-related-to-using-this-product\" class=\"blank_anchor_id\"><\/a><\/div>\n<p id=\"q420are20there20any20safety20concerns20related20to20using20this20product_9\" class=\"xsj_heading_hash xsj_heading xsj_heading_h3\" data-source-line=\"31\" data-source-line-display=\"true\"><strong><span class=\"xsj_heading_content\">Q4: H\u00e1 alguma preocupa\u00e7\u00e3o de seguran\u00e7a relacionada ao uso deste produto?<\/span><\/strong><\/p>\n<p class=\"xsj_paragraph xsj_paragraph_level_0\" data-source-line=\"33\" data-source-line-display=\"true\">R4: Tal como acontece com todos os produtos qu\u00edmicos, deve ser manuseado com cuidado \u2013 ao manusear o WP-604 (ou produtos similares), siga sempre as diretrizes de seguran\u00e7a fornecidas pelo seu fornecedor. Roupas de prote\u00e7\u00e3o devem ser sempre usadas ao manusear produtos qu\u00edmicos \u2013 luvas, \u00f3culos, etc. \u2013 e ventila\u00e7\u00e3o adequada tamb\u00e9m deve ser implementada durante o processo de uso\/aplica\u00e7\u00e3o!<\/p>\n<p data-source-line=\"33\" data-source-line-display=\"true\"><a class=\"xsj_link xsj_manu_link\" href=\"https:\/\/vcycletech.com\/pt\/categoria-de-produto\/inibidores-de-corrosao-e-agentes-de-pelicula-de-pre-tratamento\/\">Obtenha a solu\u00e7\u00e3o completa de Inibidores de Incrusta\u00e7\u00e3o e Corros\u00e3o e Agentes de Pel\u00edcula de Pr\u00e9-tratamento<\/a>.<\/p>","protected":false},"excerpt":{"rendered":"<p><strong>Inibidor de Incrusta\u00e7\u00e3o e Corros\u00e3o WT-604<\/strong> \u00e9 uma mistura de produtos qu\u00edmicos que trabalham juntos para proteger seu equipamento contra corros\u00e3o e ac\u00famulo de incrusta\u00e7\u00f5es. Este inibidor \u00e9 projetado para uso em sistemas de circula\u00e7\u00e3o de \u00e1gua fria em usinas de energia, plantas qu\u00edmicas e instala\u00e7\u00f5es petroqu\u00edmicas. \u00c9 eficaz na dispers\u00e3o de escamadores de carbonato de c\u00e1lcio, sulfato e fosfato, ao mesmo tempo em que fornece inibi\u00e7\u00e3o de incrusta\u00e7\u00f5es em superf\u00edcies de a\u00e7o e ferro. Com <strong>Inibidor de Incrusta\u00e7\u00e3o e Corros\u00e3o WT-604<\/strong>, voc\u00ea pode manter seu equipamento industrial funcionando de forma suave e eficiente.<\/p>","protected":false},"featured_media":1414,"template":"","meta":{"site-sidebar-layout":"default","site-content-layout":"default","ast-site-content-layout":"default","site-content-style":"default","site-sidebar-style":"default","ast-global-header-display":"","ast-banner-title-visibility":"","ast-main-header-display":"","ast-hfb-above-header-display":"","ast-hfb-below-header-display":"","ast-hfb-mobile-header-display":"","site-post-title":"","ast-breadcrumbs-content":"","ast-featured-img":"","footer-sml-layout":"","ast-disable-related-posts":"","theme-transparent-header-meta":"default","adv-header-id-meta":"","stick-header-meta":"default","header-above-stick-meta":"","header-main-stick-meta":"","header-below-stick-meta":"","astra-migrate-meta-layouts":"default","ast-page-background-enabled":"default","ast-page-background-meta":{"desktop":{"background-color":"","background-image":"","background-repeat":"repeat","background-position":"center center","background-size":"auto","background-attachment":"scroll","background-type":"","background-media":"","overlay-type":"","overlay-color":"","overlay-opacity":"","overlay-gradient":""},"tablet":{"background-color":"","background-image":"","background-repeat":"repeat","background-position":"center center","background-size":"auto","background-attachment":"scroll","background-type":"","background-media":"","overlay-type":"","overlay-color":"","overlay-opacity":"","overlay-gradient":""},"mobile":{"background-color":"","background-image":"","background-repeat":"repeat","background-position":"center center","background-size":"auto","background-attachment":"scroll","background-type":"","background-media":"","overlay-type":"","overlay-color":"","overlay-opacity":"","overlay-gradient":""}},"ast-content-background-meta":{"desktop":{"background-color":"var(--ast-global-color-5)","background-image":"","background-repeat":"repeat","background-position":"center center","background-size":"auto","background-attachment":"scroll","background-type":"","background-media":"","overlay-type":"","overlay-color":"","overlay-opacity":"","overlay-gradient":""},"tablet":{"background-color":"var(--ast-global-color-5)","background-image":"","background-repeat":"repeat","background-position":"center center","background-size":"auto","background-attachment":"scroll","background-type":"","background-media":"","overlay-type":"","overlay-color":"","overlay-opacity":"","overlay-gradient":""},"mobile":{"background-color":"var(--ast-global-color-5)","background-image":"","background-repeat":"repeat","background-position":"center center","background-size":"auto","background-attachment":"scroll","background-type":"","background-media":"","overlay-type":"","overlay-color":"","overlay-opacity":"","overlay-gradient":""}}},"product_brand":[],"product_cat":[32],"product_tag":[],"class_list":{"0":"post-1400","1":"product","2":"type-product","3":"status-publish","4":"has-post-thumbnail","6":"product_cat-built-scale-corrosion-inhibitors-and-pretreatment-filming-agents","7":"desktop-align-left","8":"tablet-align-left","9":"mobile-align-left","10":"ast-product-gallery-layout-horizontal-slider","11":"ast-product-gallery-with-no-image","12":"ast-product-tabs-layout-horizontal","14":"first","15":"instock","16":"shipping-taxable","17":"product-type-simple"},"yoast_head":"<!-- This site is optimized with the Yoast SEO Premium plugin v26.3 (Yoast SEO v27.3) - https:\/\/yoast.com\/product\/yoast-seo-premium-wordpress\/ -->\n<title>WT-604 Scale and Corrosion Inhibitor for Power Plant - vcycletech<\/title>\n<meta name=\"description\" content=\"Protect your power plant with WT-604 Scale and Corrosion Inhibitor. Our special blend of organophosphorus acid and polycarboxylic acid chelate &amp; disperse scalers for optimal protection in power plants, chemical plants and petrochemical. Try it now!\" \/>\n<meta name=\"robots\" content=\"index, follow, max-snippet:-1, max-image-preview:large, max-video-preview:-1\" \/>\n<link rel=\"canonical\" href=\"https:\/\/vcycletech.com\/pt\/produtos\/wt-604-inibidor-de-incrustacao-e-corrosao-para-usina\/\" \/>\n<meta property=\"og:locale\" content=\"pt_PT\" \/>\n<meta property=\"og:type\" content=\"article\" \/>\n<meta property=\"og:title\" content=\"WT-604 Scale and Corrosion Inhibitor for Power Plant\" \/>\n<meta property=\"og:description\" content=\"Protect your power plant with WT-604 Scale and Corrosion Inhibitor. Our special blend of organophosphorus acid and polycarboxylic acid chelate &amp; disperse scalers for optimal protection in power plants, chemical plants and petrochemical. Try it now!\" \/>\n<meta property=\"og:url\" content=\"https:\/\/vcycletech.com\/pt\/produtos\/wt-604-inibidor-de-incrustacao-e-corrosao-para-usina\/\" \/>\n<meta property=\"og:site_name\" content=\"vcycletech\" \/>\n<meta property=\"article:modified_time\" content=\"2023-03-27T02:58:46+00:00\" \/>\n<meta property=\"og:image\" content=\"https:\/\/vcycletech.com\/wp-content\/uploads\/2023\/03\/WT-601-1.png\" \/>\n\t<meta property=\"og:image:width\" content=\"600\" \/>\n\t<meta property=\"og:image:height\" content=\"600\" \/>\n\t<meta property=\"og:image:type\" content=\"image\/png\" \/>\n<meta name=\"twitter:card\" content=\"summary_large_image\" \/>\n<meta name=\"twitter:label1\" content=\"Tempo estimado de leitura\" \/>\n\t<meta name=\"twitter:data1\" content=\"2 minutos\" \/>\n<script type=\"application\/ld+json\" class=\"yoast-schema-graph\">{\"@context\":\"https:\\\/\\\/schema.org\",\"@graph\":[{\"@type\":\"WebPage\",\"@id\":\"https:\\\/\\\/vcycletech.com\\\/product\\\/wt-604-scale-and-corrosion-inhibitor-for-power-plant\\\/\",\"url\":\"https:\\\/\\\/vcycletech.com\\\/product\\\/wt-604-scale-and-corrosion-inhibitor-for-power-plant\\\/\",\"name\":\"WT-604 Scale and Corrosion Inhibitor for Power Plant - vcycletech\",\"isPartOf\":{\"@id\":\"https:\\\/\\\/vcycletech.com\\\/#website\"},\"primaryImageOfPage\":{\"@id\":\"https:\\\/\\\/vcycletech.com\\\/product\\\/wt-604-scale-and-corrosion-inhibitor-for-power-plant\\\/#primaryimage\"},\"image\":{\"@id\":\"https:\\\/\\\/vcycletech.com\\\/product\\\/wt-604-scale-and-corrosion-inhibitor-for-power-plant\\\/#primaryimage\"},\"thumbnailUrl\":\"https:\\\/\\\/vcycletech.com\\\/wp-content\\\/uploads\\\/2023\\\/03\\\/WT-601-1.png\",\"datePublished\":\"2023-03-22T06:30:22+00:00\",\"dateModified\":\"2023-03-27T02:58:46+00:00\",\"description\":\"Protect your power plant with WT-604 Scale and Corrosion Inhibitor. Our special blend of organophosphorus acid and polycarboxylic acid chelate & disperse scalers for optimal protection in power plants, chemical plants and petrochemical. Try it now!\",\"breadcrumb\":{\"@id\":\"https:\\\/\\\/vcycletech.com\\\/product\\\/wt-604-scale-and-corrosion-inhibitor-for-power-plant\\\/#breadcrumb\"},\"inLanguage\":\"pt-PT\",\"potentialAction\":[{\"@type\":\"ReadAction\",\"target\":[\"https:\\\/\\\/vcycletech.com\\\/product\\\/wt-604-scale-and-corrosion-inhibitor-for-power-plant\\\/\"]}]},{\"@type\":\"ImageObject\",\"inLanguage\":\"pt-PT\",\"@id\":\"https:\\\/\\\/vcycletech.com\\\/product\\\/wt-604-scale-and-corrosion-inhibitor-for-power-plant\\\/#primaryimage\",\"url\":\"https:\\\/\\\/vcycletech.com\\\/wp-content\\\/uploads\\\/2023\\\/03\\\/WT-601-1.png\",\"contentUrl\":\"https:\\\/\\\/vcycletech.com\\\/wp-content\\\/uploads\\\/2023\\\/03\\\/WT-601-1.png\",\"width\":600,\"height\":600,\"caption\":\"WT-604 Scale and Corrosion Inhibitor for Power Plant\"},{\"@type\":\"BreadcrumbList\",\"@id\":\"https:\\\/\\\/vcycletech.com\\\/product\\\/wt-604-scale-and-corrosion-inhibitor-for-power-plant\\\/#breadcrumb\",\"itemListElement\":[{\"@type\":\"ListItem\",\"position\":1,\"name\":\"Home\",\"item\":\"https:\\\/\\\/vcycletech.com\\\/\"},{\"@type\":\"ListItem\",\"position\":2,\"name\":\"Water Treatment Chemicals Manufacturer\",\"item\":\"https:\\\/\\\/vcycletech.com\\\/water-treatment-chemicals-manufacturer\\\/\"},{\"@type\":\"ListItem\",\"position\":3,\"name\":\"WT-604 Scale and Corrosion Inhibitor for Power Plant\"}]},{\"@type\":\"WebSite\",\"@id\":\"https:\\\/\\\/vcycletech.com\\\/#website\",\"url\":\"https:\\\/\\\/vcycletech.com\\\/\",\"name\":\"vcycletech\",\"description\":\"China&#039;s top water treatment chemicals supplier\",\"publisher\":{\"@id\":\"https:\\\/\\\/vcycletech.com\\\/#organization\"},\"potentialAction\":[{\"@type\":\"SearchAction\",\"target\":{\"@type\":\"EntryPoint\",\"urlTemplate\":\"https:\\\/\\\/vcycletech.com\\\/?s={search_term_string}\"},\"query-input\":{\"@type\":\"PropertyValueSpecification\",\"valueRequired\":true,\"valueName\":\"search_term_string\"}}],\"inLanguage\":\"pt-PT\"},{\"@type\":\"Organization\",\"@id\":\"https:\\\/\\\/vcycletech.com\\\/#organization\",\"name\":\"vcycletech\",\"url\":\"https:\\\/\\\/vcycletech.com\\\/\",\"logo\":{\"@type\":\"ImageObject\",\"inLanguage\":\"pt-PT\",\"@id\":\"https:\\\/\\\/vcycletech.com\\\/#\\\/schema\\\/logo\\\/image\\\/\",\"url\":\"https:\\\/\\\/vcycletech.com\\\/wp-content\\\/uploads\\\/2023\\\/03\\\/logo-vcycletech-1.png\",\"contentUrl\":\"https:\\\/\\\/vcycletech.com\\\/wp-content\\\/uploads\\\/2023\\\/03\\\/logo-vcycletech-1.png\",\"width\":600,\"height\":400,\"caption\":\"vcycletech\"},\"image\":{\"@id\":\"https:\\\/\\\/vcycletech.com\\\/#\\\/schema\\\/logo\\\/image\\\/\"}}]}<\/script>\n<!-- \/ Yoast SEO Premium plugin. -->","yoast_head_json":{"title":"Inibidor de Incrusta\u00e7\u00e3o e Corros\u00e3o WT-604 para Usina El\u00e9trica - vcycletech","description":"Proteja sua usina de energia com Inibidor de Incrusta\u00e7\u00e3o e Corros\u00e3o WT-604. Nossa mistura especial de \u00e1cido organofosforado e quelato de \u00e1cido policarbox\u00edlico e desincrustantes dispersos para prote\u00e7\u00e3o ideal em usinas de energia, ind\u00fastrias qu\u00edmicas e petroqu\u00edmicas. Tente agora!","robots":{"index":"index","follow":"follow","max-snippet":"max-snippet:-1","max-image-preview":"max-image-preview:large","max-video-preview":"max-video-preview:-1"},"canonical":"https:\/\/vcycletech.com\/pt\/produtos\/wt-604-inibidor-de-incrustacao-e-corrosao-para-usina\/","og_locale":"pt_PT","og_type":"article","og_title":"WT-604 Scale and Corrosion Inhibitor for Power Plant","og_description":"Protect your power plant with WT-604 Scale and Corrosion Inhibitor. Our special blend of organophosphorus acid and polycarboxylic acid chelate & disperse scalers for optimal protection in power plants, chemical plants and petrochemical. Try it now!","og_url":"https:\/\/vcycletech.com\/pt\/produtos\/wt-604-inibidor-de-incrustacao-e-corrosao-para-usina\/","og_site_name":"vcycletech","article_modified_time":"2023-03-27T02:58:46+00:00","og_image":[{"width":600,"height":600,"url":"https:\/\/vcycletech.com\/wp-content\/uploads\/2023\/03\/WT-601-1.png","type":"image\/png"}],"twitter_card":"summary_large_image","twitter_misc":{"Tempo estimado de leitura":"2 minutos"},"schema":{"@context":"https:\/\/schema.org","@graph":[{"@type":"WebPage","@id":"https:\/\/vcycletech.com\/product\/wt-604-scale-and-corrosion-inhibitor-for-power-plant\/","url":"https:\/\/vcycletech.com\/product\/wt-604-scale-and-corrosion-inhibitor-for-power-plant\/","name":"Inibidor de Incrusta\u00e7\u00e3o e Corros\u00e3o WT-604 para Usina El\u00e9trica - vcycletech","isPartOf":{"@id":"https:\/\/vcycletech.com\/#website"},"primaryImageOfPage":{"@id":"https:\/\/vcycletech.com\/product\/wt-604-scale-and-corrosion-inhibitor-for-power-plant\/#primaryimage"},"image":{"@id":"https:\/\/vcycletech.com\/product\/wt-604-scale-and-corrosion-inhibitor-for-power-plant\/#primaryimage"},"thumbnailUrl":"https:\/\/vcycletech.com\/wp-content\/uploads\/2023\/03\/WT-601-1.png","datePublished":"2023-03-22T06:30:22+00:00","dateModified":"2023-03-27T02:58:46+00:00","description":"Proteja sua usina de energia com Inibidor de Incrusta\u00e7\u00e3o e Corros\u00e3o WT-604. Nossa mistura especial de \u00e1cido organofosforado e quelato de \u00e1cido policarbox\u00edlico e desincrustantes dispersos para prote\u00e7\u00e3o ideal em usinas de energia, ind\u00fastrias qu\u00edmicas e petroqu\u00edmicas. Tente agora!","breadcrumb":{"@id":"https:\/\/vcycletech.com\/product\/wt-604-scale-and-corrosion-inhibitor-for-power-plant\/#breadcrumb"},"inLanguage":"pt-PT","potentialAction":[{"@type":"ReadAction","target":["https:\/\/vcycletech.com\/product\/wt-604-scale-and-corrosion-inhibitor-for-power-plant\/"]}]},{"@type":"ImageObject","inLanguage":"pt-PT","@id":"https:\/\/vcycletech.com\/product\/wt-604-scale-and-corrosion-inhibitor-for-power-plant\/#primaryimage","url":"https:\/\/vcycletech.com\/wp-content\/uploads\/2023\/03\/WT-601-1.png","contentUrl":"https:\/\/vcycletech.com\/wp-content\/uploads\/2023\/03\/WT-601-1.png","width":600,"height":600,"caption":"WT-604 Scale and Corrosion Inhibitor for Power Plant"},{"@type":"BreadcrumbList","@id":"https:\/\/vcycletech.com\/product\/wt-604-scale-and-corrosion-inhibitor-for-power-plant\/#breadcrumb","itemListElement":[{"@type":"ListItem","position":1,"name":"Home","item":"https:\/\/vcycletech.com\/"},{"@type":"ListItem","position":2,"name":"Water Treatment Chemicals Manufacturer","item":"https:\/\/vcycletech.com\/water-treatment-chemicals-manufacturer\/"},{"@type":"ListItem","position":3,"name":"WT-604 Scale and Corrosion Inhibitor for Power Plant"}]},{"@type":"WebSite","@id":"https:\/\/vcycletech.com\/#website","url":"https:\/\/vcycletech.com\/","name":"vcycletech","description":"China&#039;principal fornecedor de produtos qu\u00edmicos para tratamento de \u00e1gua","publisher":{"@id":"https:\/\/vcycletech.com\/#organization"},"potentialAction":[{"@type":"SearchAction","target":{"@type":"EntryPoint","urlTemplate":"https:\/\/vcycletech.com\/?s={search_term_string}"},"query-input":{"@type":"PropertyValueSpecification","valueRequired":true,"valueName":"search_term_string"}}],"inLanguage":"pt-PT"},{"@type":"Organization","@id":"https:\/\/vcycletech.com\/#organization","name":"vcycletech","url":"https:\/\/vcycletech.com\/","logo":{"@type":"ImageObject","inLanguage":"pt-PT","@id":"https:\/\/vcycletech.com\/#\/schema\/logo\/image\/","url":"https:\/\/vcycletech.com\/wp-content\/uploads\/2023\/03\/logo-vcycletech-1.png","contentUrl":"https:\/\/vcycletech.com\/wp-content\/uploads\/2023\/03\/logo-vcycletech-1.png","width":600,"height":400,"caption":"vcycletech"},"image":{"@id":"https:\/\/vcycletech.com\/#\/schema\/logo\/image\/"}}]}},"_links":{"self":[{"href":"https:\/\/vcycletech.com\/pt\/wp-json\/wp\/v2\/product\/1400","targetHints":{"allow":["GET"]}}],"collection":[{"href":"https:\/\/vcycletech.com\/pt\/wp-json\/wp\/v2\/product"}],"about":[{"href":"https:\/\/vcycletech.com\/pt\/wp-json\/wp\/v2\/types\/product"}],"wp:featuredmedia":[{"embeddable":true,"href":"https:\/\/vcycletech.com\/pt\/wp-json\/wp\/v2\/media\/1414"}],"wp:attachment":[{"href":"https:\/\/vcycletech.com\/pt\/wp-json\/wp\/v2\/media?parent=1400"}],"wp:term":[{"taxonomy":"product_brand","embeddable":true,"href":"https:\/\/vcycletech.com\/pt\/wp-json\/wp\/v2\/product_brand?post=1400"},{"taxonomy":"product_cat","embeddable":true,"href":"https:\/\/vcycletech.com\/pt\/wp-json\/wp\/v2\/product_cat?post=1400"},{"taxonomy":"product_tag","embeddable":true,"href":"https:\/\/vcycletech.com\/pt\/wp-json\/wp\/v2\/product_tag?post=1400"}],"curies":[{"name":"wp","href":"https:\/\/api.w.org\/{rel}","templated":true}]}}