{"id":1390,"date":"2023-03-22T06:12:43","date_gmt":"2023-03-22T06:12:43","guid":{"rendered":"https:\/\/vcycletech.com\/?post_type=product&#038;p=1390"},"modified":"2023-03-27T03:02:44","modified_gmt":"2023-03-27T03:02:44","slug":"wt-601-inibidor-de-incrustacao-e-corrosao-para-planta-de-ferro-aco","status":"publish","type":"product","link":"https:\/\/vcycletech.com\/pt\/produtos\/wt-601-inibidor-de-incrustacao-e-corrosao-para-planta-de-ferro-aco\/","title":{"rendered":"Inibidor de Incrusta\u00e7\u00e3o e Corros\u00e3o WT-601 para F\u00e1brica de Ferro e A\u00e7o"},"content":{"rendered":"<h3 id=\"introduction_2\" class=\"xsj_heading_hash xsj_heading xsj_heading_h2\" data-source-line=\"6\" data-source-line-display=\"true\"><span class=\"xsj_heading_content\">Introdu\u00e7\u00e3o:<\/span><\/h3>\n<p class=\"xsj_paragraph xsj_paragraph_level_0\" data-source-line=\"7\" data-source-line-display=\"true\"><strong>WT-601<\/strong> \u00e9 um poderoso inibidor de incrusta\u00e7\u00e3o e corros\u00e3o criado a partir de organofosforado, \u00e1cido policarbox\u00edlico e inibidores de ferro carbono. Ele quela eficientemente os dep\u00f3sitos de carbonato de c\u00e1lcio e fosfato para proteger o ferro e o a\u00e7o em sistemas abertos de circula\u00e7\u00e3o de \u00e1gua - tornando-o uma solu\u00e7\u00e3o ideal para proteger esses materiais contra ac\u00famulo ou corros\u00e3o prejudiciais. A combina\u00e7\u00e3o avan\u00e7ada de compostos org\u00e2nicos garante o desempenho superior do WT-601 em rela\u00e7\u00e3o a outras marcas.<\/p>\n<div class=\"xiaoshujiang_element xsj_anchor\"><a class=\"blank_anchor_name\" name=\"features20of20wt-601_3\"><\/a><a id=\"features20of20wt-601_3\" class=\"blank_anchor_id\"><\/a><a class=\"blank_anchor_name\" name=\"features-of-wt-601\"><\/a><a id=\"features-of-wt-601\" class=\"blank_anchor_id\"><\/a><\/div>\n<h3 id=\"features20of20wt-601_3\" class=\"xsj_heading_hash xsj_heading xsj_heading_h2\" data-source-line=\"9\" data-source-line-display=\"true\"><span class=\"xsj_heading_content\">Caracter\u00edsticas:<\/span><\/h3>\n<p class=\"xsj_paragraph xsj_paragraph_level_0\" data-source-line=\"11\" data-source-line-display=\"true\">1, altamente eficaz - projetado para proteger ferro e a\u00e7o contra danos causados por ac\u00famulo ou corros\u00e3o.<br \/>\n2, f\u00e1cil de usar - instila facilmente em qualquer sistema de \u00e1gua circulante aberto sem exigir instala\u00e7\u00f5es complexas.<br \/>\n3, alta compatibilidade com a maioria dos materiais de tubula\u00e7\u00e3o \u2013 garante prote\u00e7\u00e3o duradoura com requisitos m\u00ednimos de manuten\u00e7\u00e3o.<br \/>\n4, poderoso quelante \u2013 quela efetivamente dep\u00f3sitos de carbonato de c\u00e1lcio e fosfato para prote\u00e7\u00e3o m\u00e1xima.<br \/>\n5, n\u00e3o t\u00f3xico e n\u00e3o inflam\u00e1vel - seguro para uso em muitos ambientes sem representar riscos \u00e0 sa\u00fade ou inc\u00eandio.<\/p>\n<h3 id=\"applications20of20wt-20601_4\" class=\"xsj_heading_hash xsj_heading xsj_heading_h2\" data-source-line=\"17\" data-source-line-display=\"true\"><span class=\"xsj_heading_content\">Formul\u00e1rios:<\/span><\/h3>\n<p class=\"xsj_paragraph xsj_paragraph_level_0\" data-source-line=\"19\" data-source-line-display=\"true\">1, Sistemas de \u00e1gua de alimenta\u00e7\u00e3o de caldeiras \u2013 protegem contra incrusta\u00e7\u00f5es, incrusta\u00e7\u00f5es e ferrugem, melhorando a efici\u00eancia das caldeiras ao reduzir a necessidade de ciclos de limpeza frequentes.<br \/>\n2, sistemas HVAC \u2013 Ajuda a reduzir os custos de energia, evitando o ac\u00famulo nas serpentinas do evaporador, o que pode causar quedas na efici\u00eancia do resfriamento devido \u00e0 perda de energia.<br \/>\n3, Esta\u00e7\u00f5es de tratamento de \u00e1guas residuais \u2013 Evita o ac\u00famulo em tubula\u00e7\u00f5es que podem comprometer o processo de filtragem, levando a custos operacionais mais altos para os propriet\u00e1rios da esta\u00e7\u00e3o.<\/p>\n<h3>Especifica\u00e7\u00e3o:<\/h3>\n<div>\n<table id=\"tablepress-2\" class=\"tablepress tablepress-id-2\">\n<thead>\n<tr class=\"row-1\">\n\t<th class=\"column-1\">Unid<\/th><th class=\"column-2\">\u00cdndice<\/th>\n<\/tr>\n<\/thead>\n<tbody class=\"row-striping row-hover\">\n<tr class=\"row-2\">\n\t<td class=\"column-1\">Apar\u00eancia<\/td><td class=\"column-2\">l\u00edquido \u00e2mbar<\/td>\n<\/tr>\n<tr class=\"row-3\">\n\t<td class=\"column-1\">Conte\u00fado s\u00f3lido, %<\/td><td class=\"column-2\">30,0 min<\/td>\n<\/tr>\n<tr class=\"row-4\">\n\t<td class=\"column-1\">\u00c1cido fosf\u00f3rico total, (como PO43-)%<\/td><td class=\"column-2\">15,0 min<\/td>\n<\/tr>\n<tr class=\"row-5\">\n\t<td class=\"column-1\">pH, (solu\u00e7\u00e3o de \u00e1gua 1%)<\/td><td class=\"column-2\">2,0\u00b11,0<\/td>\n<\/tr>\n<tr class=\"row-6\">\n\t<td class=\"column-1\">Densidade(20\u2103), g\/cm3<\/td><td class=\"column-2\">1.1<\/td>\n<\/tr>\n<tr class=\"row-7\">\n\t<td class=\"column-1\"><span style=\"color:#222222;\"><strong><\/strong><\/span><\/td><td class=\"column-2\"><\/td>\n<\/tr>\n<\/tbody>\n<\/table>\n<\/div>\n<div class=\"xiaoshujiang_element xsj_anchor\"><a class=\"blank_anchor_name\" name=\"frequently20asked20questions20about20wt-20601_4\"><\/a><a id=\"frequently20asked20questions20about20wt-20601_4\" class=\"blank_anchor_id\"><\/a><a class=\"blank_anchor_name\" name=\"frequently-asked-questions-about-wt-601\"><\/a><a id=\"frequently-asked-questions-about-wt-601\" class=\"blank_anchor_id\"><\/a><\/div>\n<h3 id=\"frequently20asked20questions20about20wt-20601_4\" class=\"xsj_heading_hash xsj_heading xsj_heading_h2\" data-source-line=\"21\" data-source-line-display=\"true\">Perguntas frequentes:<\/h3>\n<div class=\"xiaoshujiang_element xsj_anchor\"><a class=\"blank_anchor_name\" name=\"q20what20are20the20benefits20of20using20wt-601_5\"><\/a><a id=\"q20what20are20the20benefits20of20using20wt-601_5\" class=\"blank_anchor_id\"><\/a><a class=\"blank_anchor_name\" name=\"q-what-are-the-benefits-of-using-wt-601\"><\/a><a id=\"q-what-are-the-benefits-of-using-wt-601\" class=\"blank_anchor_id\"><\/a><\/div>\n<p id=\"q20what20are20the20benefits20of20using20wt-601_5\" class=\"xsj_heading_hash xsj_heading xsj_heading_h3\" data-source-line=\"23\" data-source-line-display=\"true\"><strong><span class=\"xsj_heading_content\">Q1: Quais s\u00e3o os benef\u00edcios de usar o WT-601?<\/span><\/strong><\/p>\n<p class=\"xsj_paragraph xsj_paragraph_level_0\" data-source-line=\"25\" data-source-line-display=\"true\">O principal benef\u00edcio \u00e9 que ele \u00e9 altamente eficaz na prote\u00e7\u00e3o de ferro e a\u00e7o contra danos causados por ac\u00famulo ou corros\u00e3o, ao mesmo tempo em que \u00e9 simples de instilar em qualquer sistema aberto de circula\u00e7\u00e3o de \u00e1gua com requisitos m\u00ednimos de manuten\u00e7\u00e3o posterior.<\/p>\n<div class=\"xiaoshujiang_element xsj_anchor\"><a class=\"blank_anchor_name\" name=\"q20is20wt-2060120non20toxic_6\"><\/a><a id=\"q20is20wt-2060120non20toxic_6\" class=\"blank_anchor_id\"><\/a><a class=\"blank_anchor_name\" name=\"q-is-wt-601-non-toxic\"><\/a><a id=\"q-is-wt-601-non-toxic\" class=\"blank_anchor_id\"><\/a><\/div>\n<p id=\"q20is20wt-2060120non20toxic_6\" class=\"xsj_heading_hash xsj_heading xsj_heading_h3\" data-source-line=\"27\" data-source-line-display=\"true\"><strong><span class=\"xsj_heading_content\">Q2: O WT-601 n\u00e3o \u00e9 t\u00f3xico?<\/span><\/strong><\/p>\n<p class=\"xsj_paragraph xsj_paragraph_level_0\" data-source-line=\"29\" data-source-line-display=\"true\">Sim, n\u00e3o \u00e9 t\u00f3xico nem inflam\u00e1vel, o que o torna seguro para uso em quase todos os ambientes sem apresentar riscos \u00e0 sa\u00fade ou inc\u00eandio.<\/p>\n<div class=\"xiaoshujiang_element xsj_anchor\"><a class=\"blank_anchor_name\" name=\"q20how20does20wt-60120work_7\"><\/a><a id=\"q20how20does20wt-60120work_7\" class=\"blank_anchor_id\"><\/a><a class=\"blank_anchor_name\" name=\"q-how-does-wt-601-work\"><\/a><a id=\"q-how-does-wt-601-work\" class=\"blank_anchor_id\"><\/a><\/div>\n<p id=\"q20how20does20wt-60120work_7\" class=\"xsj_heading_hash xsj_heading xsj_heading_h3\" data-source-line=\"31\" data-source-line-display=\"true\"><strong><span class=\"xsj_heading_content\">Q3: Como funciona o WT-601?<\/span><\/strong><\/p>\n<p class=\"xsj_paragraph xsj_paragraph_level_0\" data-source-line=\"33\" data-source-line-display=\"true\">Ele funciona quelando os dep\u00f3sitos de carbonato de c\u00e1lcio e fosfato, o que ajuda a proteger o ferro e o a\u00e7o contra danos causados por ac\u00famulo ou corros\u00e3o quando usado em um sistema aberto de circula\u00e7\u00e3o de \u00e1gua, como um sistema de \u00e1gua de alimenta\u00e7\u00e3o de caldeira ou sistema HVAC.<\/p>\n<div class=\"xiaoshujiang_element xsj_anchor\"><a class=\"blank_anchor_name\" name=\"q20what20type20of20materials20are20compatible20with20wte28090601_8\"><\/a><a id=\"q20what20type20of20materials20are20compatible20with20wte28090601_8\" class=\"blank_anchor_id\"><\/a><a class=\"blank_anchor_name\" name=\"q-what-type-of-materials-are-compatible-with-wt601\"><\/a><a id=\"q-what-type-of-materials-are-compatible-with-wt601\" class=\"blank_anchor_id\"><\/a><\/div>\n<p id=\"q20what20type20of20materials20are20compatible20with20wte28090601_8\" class=\"xsj_heading_hash xsj_heading xsj_heading_h3\" data-source-line=\"35\" data-source-line-display=\"true\"><strong><span class=\"xsj_heading_content\">Q4: Que tipo de materiais s\u00e3o compat\u00edveis com WT-601?<\/span><\/strong><\/p>\n<p class=\"xsj_paragraph xsj_paragraph_level_0\" data-source-line=\"37\" data-source-line-display=\"true\">O WT\u2010601 \u00e9 altamente compat\u00edvel com a maioria dos materiais de tubos, portanto, voc\u00ea n\u00e3o precisa se preocupar em danificar a tubula\u00e7\u00e3o existente ao us\u00e1-lo para prote\u00e7\u00e3o contra ac\u00famulo de incrusta\u00e7\u00f5es ou corros\u00e3o.<\/p>\n<div class=\"xiaoshujiang_element xsj_anchor\"><a class=\"blank_anchor_name\" name=\"q20are20there20any20safety20concerns20associated20with20using20wte28090601_9\"><\/a><a id=\"q20are20there20any20safety20concerns20associated20with20using20wte28090601_9\" class=\"blank_anchor_id\"><\/a><a class=\"blank_anchor_name\" name=\"q-are-there-any-safety-concerns-associated-with-using-wt601\"><\/a><a id=\"q-are-there-any-safety-concerns-associated-with-using-wt601\" class=\"blank_anchor_id\"><\/a><\/div>\n<p id=\"q20are20there20any20safety20concerns20associated20with20using20wte28090601_9\" class=\"xsj_heading_hash xsj_heading xsj_heading_h3\" data-source-line=\"40\" data-source-line-display=\"true\"><strong><span class=\"xsj_heading_content\">Q5: H\u00e1 alguma preocupa\u00e7\u00e3o de seguran\u00e7a associada ao uso do WT-601?<\/span><\/strong><\/p>\n<p class=\"xsj_paragraph xsj_paragraph_level_0\" data-source-line=\"42\" data-source-line-display=\"true\">N\u00e3o, por ser at\u00f3xico e n\u00e3o inflam\u00e1vel, n\u00e3o h\u00e1 preocupa\u00e7\u00f5es de seguran\u00e7a associadas ao seu uso al\u00e9m das precau\u00e7\u00f5es normais que devem ser tomadas ao lidar com produtos qu\u00edmicos.<\/p>\n<p class=\"xsj_paragraph xsj_paragraph_level_0\" data-source-line=\"44\" data-source-line-display=\"true\"><a class=\"xsj_link xsj_manu_link\" href=\"https:\/\/vcycletech.com\/pt\/categoria-de-produto\/inibidores-de-corrosao-e-agentes-de-pelicula-de-pre-tratamento\/\">Obtenha a solu\u00e7\u00e3o completa de Inibidores de Incrusta\u00e7\u00e3o e Corros\u00e3o e Agentes de Pel\u00edcula de Pr\u00e9-tratamento<\/a>.<\/p>","protected":false},"excerpt":{"rendered":"<p>Se voc\u00ea estiver procurando por um inibidor de incrusta\u00e7\u00e3o e corros\u00e3o que possa proteger a\u00e7o e ferro em sistemas abertos de circula\u00e7\u00e3o de \u00e1gua fria, ent\u00e3o <strong>WT<span style=\"font-size: 16px; font-style: normal;\">\u00a0<\/span><\/strong><span style=\"font-size: 16px;\"><strong>-601<\/strong> \u00e9 uma escolha perfeita. Este produto \u00e9 elaborado a partir de organofosforado, \u00e1cido policarbox\u00edlico e inibidores de ferro carbono, tornando-o altamente eficaz na quela\u00e7\u00e3o de dep\u00f3sitos de carbonato de c\u00e1lcio e fosfato. Usando <strong>WT-601<\/strong>, voc\u00ea pode proteger seus materiais contra ac\u00famulo de danos ou corros\u00e3o.<\/span><\/p>","protected":false},"featured_media":1398,"template":"","meta":{"site-sidebar-layout":"default","site-content-layout":"default","ast-site-content-layout":"default","site-content-style":"default","site-sidebar-style":"default","ast-global-header-display":"","ast-banner-title-visibility":"","ast-main-header-display":"","ast-hfb-above-header-display":"","ast-hfb-below-header-display":"","ast-hfb-mobile-header-display":"","site-post-title":"","ast-breadcrumbs-content":"","ast-featured-img":"","footer-sml-layout":"","ast-disable-related-posts":"","theme-transparent-header-meta":"default","adv-header-id-meta":"","stick-header-meta":"default","header-above-stick-meta":"","header-main-stick-meta":"","header-below-stick-meta":"","astra-migrate-meta-layouts":"default","ast-page-background-enabled":"default","ast-page-background-meta":{"desktop":{"background-color":"","background-image":"","background-repeat":"repeat","background-position":"center center","background-size":"auto","background-attachment":"scroll","background-type":"","background-media":"","overlay-type":"","overlay-color":"","overlay-opacity":"","overlay-gradient":""},"tablet":{"background-color":"","background-image":"","background-repeat":"repeat","background-position":"center center","background-size":"auto","background-attachment":"scroll","background-type":"","background-media":"","overlay-type":"","overlay-color":"","overlay-opacity":"","overlay-gradient":""},"mobile":{"background-color":"","background-image":"","background-repeat":"repeat","background-position":"center center","background-size":"auto","background-attachment":"scroll","background-type":"","background-media":"","overlay-type":"","overlay-color":"","overlay-opacity":"","overlay-gradient":""}},"ast-content-background-meta":{"desktop":{"background-color":"var(--ast-global-color-5)","background-image":"","background-repeat":"repeat","background-position":"center center","background-size":"auto","background-attachment":"scroll","background-type":"","background-media":"","overlay-type":"","overlay-color":"","overlay-opacity":"","overlay-gradient":""},"tablet":{"background-color":"var(--ast-global-color-5)","background-image":"","background-repeat":"repeat","background-position":"center center","background-size":"auto","background-attachment":"scroll","background-type":"","background-media":"","overlay-type":"","overlay-color":"","overlay-opacity":"","overlay-gradient":""},"mobile":{"background-color":"var(--ast-global-color-5)","background-image":"","background-repeat":"repeat","background-position":"center center","background-size":"auto","background-attachment":"scroll","background-type":"","background-media":"","overlay-type":"","overlay-color":"","overlay-opacity":"","overlay-gradient":""}}},"product_brand":[],"product_cat":[32],"product_tag":[],"class_list":{"0":"post-1390","1":"product","2":"type-product","3":"status-publish","4":"has-post-thumbnail","6":"product_cat-built-scale-corrosion-inhibitors-and-pretreatment-filming-agents","7":"desktop-align-left","8":"tablet-align-left","9":"mobile-align-left","10":"ast-product-gallery-layout-horizontal-slider","11":"ast-product-gallery-with-no-image","12":"ast-product-tabs-layout-horizontal","14":"first","15":"instock","16":"shipping-taxable","17":"product-type-simple"},"yoast_head":"<!-- This site is optimized with the Yoast SEO Premium plugin v26.3 (Yoast SEO v27.5) - https:\/\/yoast.com\/product\/yoast-seo-premium-wordpress\/ -->\n<title>WT-601 Scale and Corrosion Inhibitor for Iron &amp; Steel Plant - vcycletech<\/title>\n<meta name=\"description\" content=\"Protect steel &amp; iron in open wide circulating cool water systems with WT-601 \u2013 a highly effective scale and corrosion inhibitor crafted from organophosphorus, polycarboxylic acid, and carbon iron inhibitors!\" \/>\n<meta name=\"robots\" content=\"index, follow, max-snippet:-1, max-image-preview:large, max-video-preview:-1\" \/>\n<link rel=\"canonical\" href=\"https:\/\/vcycletech.com\/pt\/produtos\/wt-601-inibidor-de-incrustacao-e-corrosao-para-planta-de-ferro-aco\/\" \/>\n<meta property=\"og:locale\" content=\"pt_PT\" \/>\n<meta property=\"og:type\" content=\"article\" \/>\n<meta property=\"og:title\" content=\"WT-601 Scale and Corrosion Inhibitor for Iron &amp; Steel Plant\" \/>\n<meta property=\"og:description\" content=\"Protect steel &amp; iron in open wide circulating cool water systems with WT-601 \u2013 a highly effective scale and corrosion inhibitor crafted from organophosphorus, polycarboxylic acid, and carbon iron inhibitors!\" \/>\n<meta property=\"og:url\" content=\"https:\/\/vcycletech.com\/pt\/produtos\/wt-601-inibidor-de-incrustacao-e-corrosao-para-planta-de-ferro-aco\/\" \/>\n<meta property=\"og:site_name\" content=\"vcycletech\" \/>\n<meta property=\"article:modified_time\" content=\"2023-03-27T03:02:44+00:00\" \/>\n<meta property=\"og:image\" content=\"https:\/\/vcycletech.com\/wp-content\/uploads\/2023\/03\/WT-601.png\" \/>\n\t<meta property=\"og:image:width\" content=\"600\" \/>\n\t<meta property=\"og:image:height\" content=\"600\" \/>\n\t<meta property=\"og:image:type\" content=\"image\/png\" \/>\n<meta name=\"twitter:card\" content=\"summary_large_image\" \/>\n<meta name=\"twitter:label1\" content=\"Tempo estimado de leitura\" \/>\n\t<meta name=\"twitter:data1\" content=\"2 minutos\" \/>\n<script type=\"application\/ld+json\" class=\"yoast-schema-graph\">{\"@context\":\"https:\\\/\\\/schema.org\",\"@graph\":[{\"@type\":\"WebPage\",\"@id\":\"https:\\\/\\\/vcycletech.com\\\/product\\\/wt-601-scale-and-corrosion-inhibitor-for-iron-steel-plant\\\/\",\"url\":\"https:\\\/\\\/vcycletech.com\\\/product\\\/wt-601-scale-and-corrosion-inhibitor-for-iron-steel-plant\\\/\",\"name\":\"WT-601 Scale and Corrosion Inhibitor for Iron & Steel Plant - vcycletech\",\"isPartOf\":{\"@id\":\"https:\\\/\\\/vcycletech.com\\\/#website\"},\"primaryImageOfPage\":{\"@id\":\"https:\\\/\\\/vcycletech.com\\\/product\\\/wt-601-scale-and-corrosion-inhibitor-for-iron-steel-plant\\\/#primaryimage\"},\"image\":{\"@id\":\"https:\\\/\\\/vcycletech.com\\\/product\\\/wt-601-scale-and-corrosion-inhibitor-for-iron-steel-plant\\\/#primaryimage\"},\"thumbnailUrl\":\"https:\\\/\\\/vcycletech.com\\\/wp-content\\\/uploads\\\/2023\\\/03\\\/WT-601.png\",\"datePublished\":\"2023-03-22T06:12:43+00:00\",\"dateModified\":\"2023-03-27T03:02:44+00:00\",\"description\":\"Protect steel & iron in open wide circulating cool water systems with WT-601 \u2013 a highly effective scale and corrosion inhibitor crafted from organophosphorus, polycarboxylic acid, and carbon iron inhibitors!\",\"breadcrumb\":{\"@id\":\"https:\\\/\\\/vcycletech.com\\\/product\\\/wt-601-scale-and-corrosion-inhibitor-for-iron-steel-plant\\\/#breadcrumb\"},\"inLanguage\":\"pt-PT\",\"potentialAction\":[{\"@type\":\"ReadAction\",\"target\":[\"https:\\\/\\\/vcycletech.com\\\/product\\\/wt-601-scale-and-corrosion-inhibitor-for-iron-steel-plant\\\/\"]}]},{\"@type\":\"ImageObject\",\"inLanguage\":\"pt-PT\",\"@id\":\"https:\\\/\\\/vcycletech.com\\\/product\\\/wt-601-scale-and-corrosion-inhibitor-for-iron-steel-plant\\\/#primaryimage\",\"url\":\"https:\\\/\\\/vcycletech.com\\\/wp-content\\\/uploads\\\/2023\\\/03\\\/WT-601.png\",\"contentUrl\":\"https:\\\/\\\/vcycletech.com\\\/wp-content\\\/uploads\\\/2023\\\/03\\\/WT-601.png\",\"width\":600,\"height\":600,\"caption\":\"WT-601 Scale and Corrosion Inhibitor for Iron & Steel Plant\"},{\"@type\":\"BreadcrumbList\",\"@id\":\"https:\\\/\\\/vcycletech.com\\\/product\\\/wt-601-scale-and-corrosion-inhibitor-for-iron-steel-plant\\\/#breadcrumb\",\"itemListElement\":[{\"@type\":\"ListItem\",\"position\":1,\"name\":\"Home\",\"item\":\"https:\\\/\\\/vcycletech.com\\\/\"},{\"@type\":\"ListItem\",\"position\":2,\"name\":\"Water Treatment Chemicals Manufacturer\",\"item\":\"https:\\\/\\\/vcycletech.com\\\/water-treatment-chemicals-manufacturer\\\/\"},{\"@type\":\"ListItem\",\"position\":3,\"name\":\"WT-601 Scale and Corrosion Inhibitor for Iron &#038; Steel Plant\"}]},{\"@type\":\"WebSite\",\"@id\":\"https:\\\/\\\/vcycletech.com\\\/#website\",\"url\":\"https:\\\/\\\/vcycletech.com\\\/\",\"name\":\"vcycletech\",\"description\":\"China&#039;s top water treatment chemicals supplier\",\"publisher\":{\"@id\":\"https:\\\/\\\/vcycletech.com\\\/#organization\"},\"potentialAction\":[{\"@type\":\"SearchAction\",\"target\":{\"@type\":\"EntryPoint\",\"urlTemplate\":\"https:\\\/\\\/vcycletech.com\\\/?s={search_term_string}\"},\"query-input\":{\"@type\":\"PropertyValueSpecification\",\"valueRequired\":true,\"valueName\":\"search_term_string\"}}],\"inLanguage\":\"pt-PT\"},{\"@type\":\"Organization\",\"@id\":\"https:\\\/\\\/vcycletech.com\\\/#organization\",\"name\":\"vcycletech\",\"url\":\"https:\\\/\\\/vcycletech.com\\\/\",\"logo\":{\"@type\":\"ImageObject\",\"inLanguage\":\"pt-PT\",\"@id\":\"https:\\\/\\\/vcycletech.com\\\/#\\\/schema\\\/logo\\\/image\\\/\",\"url\":\"https:\\\/\\\/vcycletech.com\\\/wp-content\\\/uploads\\\/2023\\\/03\\\/logo-vcycletech-1.png\",\"contentUrl\":\"https:\\\/\\\/vcycletech.com\\\/wp-content\\\/uploads\\\/2023\\\/03\\\/logo-vcycletech-1.png\",\"width\":600,\"height\":400,\"caption\":\"vcycletech\"},\"image\":{\"@id\":\"https:\\\/\\\/vcycletech.com\\\/#\\\/schema\\\/logo\\\/image\\\/\"}}]}<\/script>\n<!-- \/ Yoast SEO Premium plugin. -->","yoast_head_json":{"title":"Inibidor de Incrusta\u00e7\u00e3o e Corros\u00e3o WT-601 para F\u00e1brica de Ferro e A\u00e7o - vcycletech","description":"Proteja o a\u00e7o e o ferro em sistemas abertos de circula\u00e7\u00e3o de \u00e1gua fria com WT-601 - um inibidor de corros\u00e3o e incrusta\u00e7\u00e3o altamente eficaz feito de organofosforado, \u00e1cido policarbox\u00edlico e inibidores de ferro carbono!","robots":{"index":"index","follow":"follow","max-snippet":"max-snippet:-1","max-image-preview":"max-image-preview:large","max-video-preview":"max-video-preview:-1"},"canonical":"https:\/\/vcycletech.com\/pt\/produtos\/wt-601-inibidor-de-incrustacao-e-corrosao-para-planta-de-ferro-aco\/","og_locale":"pt_PT","og_type":"article","og_title":"WT-601 Scale and Corrosion Inhibitor for Iron & Steel Plant","og_description":"Protect steel & iron in open wide circulating cool water systems with WT-601 \u2013 a highly effective scale and corrosion inhibitor crafted from organophosphorus, polycarboxylic acid, and carbon iron inhibitors!","og_url":"https:\/\/vcycletech.com\/pt\/produtos\/wt-601-inibidor-de-incrustacao-e-corrosao-para-planta-de-ferro-aco\/","og_site_name":"vcycletech","article_modified_time":"2023-03-27T03:02:44+00:00","og_image":[{"width":600,"height":600,"url":"https:\/\/vcycletech.com\/wp-content\/uploads\/2023\/03\/WT-601.png","type":"image\/png"}],"twitter_card":"summary_large_image","twitter_misc":{"Tempo estimado de leitura":"2 minutos"},"schema":{"@context":"https:\/\/schema.org","@graph":[{"@type":"WebPage","@id":"https:\/\/vcycletech.com\/product\/wt-601-scale-and-corrosion-inhibitor-for-iron-steel-plant\/","url":"https:\/\/vcycletech.com\/product\/wt-601-scale-and-corrosion-inhibitor-for-iron-steel-plant\/","name":"Inibidor de Incrusta\u00e7\u00e3o e Corros\u00e3o WT-601 para F\u00e1brica de Ferro e A\u00e7o - vcycletech","isPartOf":{"@id":"https:\/\/vcycletech.com\/#website"},"primaryImageOfPage":{"@id":"https:\/\/vcycletech.com\/product\/wt-601-scale-and-corrosion-inhibitor-for-iron-steel-plant\/#primaryimage"},"image":{"@id":"https:\/\/vcycletech.com\/product\/wt-601-scale-and-corrosion-inhibitor-for-iron-steel-plant\/#primaryimage"},"thumbnailUrl":"https:\/\/vcycletech.com\/wp-content\/uploads\/2023\/03\/WT-601.png","datePublished":"2023-03-22T06:12:43+00:00","dateModified":"2023-03-27T03:02:44+00:00","description":"Proteja o a\u00e7o e o ferro em sistemas abertos de circula\u00e7\u00e3o de \u00e1gua fria com WT-601 - um inibidor de corros\u00e3o e incrusta\u00e7\u00e3o altamente eficaz feito de organofosforado, \u00e1cido policarbox\u00edlico e inibidores de ferro carbono!","breadcrumb":{"@id":"https:\/\/vcycletech.com\/product\/wt-601-scale-and-corrosion-inhibitor-for-iron-steel-plant\/#breadcrumb"},"inLanguage":"pt-PT","potentialAction":[{"@type":"ReadAction","target":["https:\/\/vcycletech.com\/product\/wt-601-scale-and-corrosion-inhibitor-for-iron-steel-plant\/"]}]},{"@type":"ImageObject","inLanguage":"pt-PT","@id":"https:\/\/vcycletech.com\/product\/wt-601-scale-and-corrosion-inhibitor-for-iron-steel-plant\/#primaryimage","url":"https:\/\/vcycletech.com\/wp-content\/uploads\/2023\/03\/WT-601.png","contentUrl":"https:\/\/vcycletech.com\/wp-content\/uploads\/2023\/03\/WT-601.png","width":600,"height":600,"caption":"WT-601 Scale and Corrosion Inhibitor for Iron & Steel Plant"},{"@type":"BreadcrumbList","@id":"https:\/\/vcycletech.com\/product\/wt-601-scale-and-corrosion-inhibitor-for-iron-steel-plant\/#breadcrumb","itemListElement":[{"@type":"ListItem","position":1,"name":"Home","item":"https:\/\/vcycletech.com\/"},{"@type":"ListItem","position":2,"name":"Water Treatment Chemicals Manufacturer","item":"https:\/\/vcycletech.com\/water-treatment-chemicals-manufacturer\/"},{"@type":"ListItem","position":3,"name":"WT-601 Scale and Corrosion Inhibitor for Iron &#038; Steel Plant"}]},{"@type":"WebSite","@id":"https:\/\/vcycletech.com\/#website","url":"https:\/\/vcycletech.com\/","name":"vcycletech","description":"China&#039;principal fornecedor de produtos qu\u00edmicos para tratamento de \u00e1gua","publisher":{"@id":"https:\/\/vcycletech.com\/#organization"},"potentialAction":[{"@type":"SearchAction","target":{"@type":"EntryPoint","urlTemplate":"https:\/\/vcycletech.com\/?s={search_term_string}"},"query-input":{"@type":"PropertyValueSpecification","valueRequired":true,"valueName":"search_term_string"}}],"inLanguage":"pt-PT"},{"@type":"Organization","@id":"https:\/\/vcycletech.com\/#organization","name":"vcycletech","url":"https:\/\/vcycletech.com\/","logo":{"@type":"ImageObject","inLanguage":"pt-PT","@id":"https:\/\/vcycletech.com\/#\/schema\/logo\/image\/","url":"https:\/\/vcycletech.com\/wp-content\/uploads\/2023\/03\/logo-vcycletech-1.png","contentUrl":"https:\/\/vcycletech.com\/wp-content\/uploads\/2023\/03\/logo-vcycletech-1.png","width":600,"height":400,"caption":"vcycletech"},"image":{"@id":"https:\/\/vcycletech.com\/#\/schema\/logo\/image\/"}}]}},"_links":{"self":[{"href":"https:\/\/vcycletech.com\/pt\/wp-json\/wp\/v2\/product\/1390","targetHints":{"allow":["GET"]}}],"collection":[{"href":"https:\/\/vcycletech.com\/pt\/wp-json\/wp\/v2\/product"}],"about":[{"href":"https:\/\/vcycletech.com\/pt\/wp-json\/wp\/v2\/types\/product"}],"wp:featuredmedia":[{"embeddable":true,"href":"https:\/\/vcycletech.com\/pt\/wp-json\/wp\/v2\/media\/1398"}],"wp:attachment":[{"href":"https:\/\/vcycletech.com\/pt\/wp-json\/wp\/v2\/media?parent=1390"}],"wp:term":[{"taxonomy":"product_brand","embeddable":true,"href":"https:\/\/vcycletech.com\/pt\/wp-json\/wp\/v2\/product_brand?post=1390"},{"taxonomy":"product_cat","embeddable":true,"href":"https:\/\/vcycletech.com\/pt\/wp-json\/wp\/v2\/product_cat?post=1390"},{"taxonomy":"product_tag","embeddable":true,"href":"https:\/\/vcycletech.com\/pt\/wp-json\/wp\/v2\/product_tag?post=1390"}],"curies":[{"name":"wp","href":"https:\/\/api.w.org\/{rel}","templated":true}]}}