{"id":1386,"date":"2023-03-22T05:50:58","date_gmt":"2023-03-22T05:50:58","guid":{"rendered":"https:\/\/vcycletech.com\/?post_type=product&#038;p=1386"},"modified":"2023-03-22T06:43:00","modified_gmt":"2023-03-22T06:43:00","slug":"dodecil-tetradecil-dimetil-amina-oxideoa-14","status":"publish","type":"product","link":"https:\/\/vcycletech.com\/pt\/produtos\/dodecil-tetradecil-dimetil-amina-oxideoa-14\/","title":{"rendered":"\u00d3xido de Dodecil Tetradecil Dimetil Amina (OA-14)"},"content":{"rendered":"<h3>N\u00ba CAS 3332-27-2<\/h3>\n<h3>F\u00f3rmula molecular: C16H35NO<\/h3>\n<h3>Peso molecular: 257,46<\/h3>\n<h3>F\u00f3rmula estrutural:<\/h3>\n<figure id=\"attachment_1388\" aria-describedby=\"caption-attachment-1388\" style=\"width: 600px\" class=\"wp-caption alignnone\"><img fetchpriority=\"high\" decoding=\"async\" class=\"size-full wp-image-1388\" src=\"https:\/\/vcycletech.com\/wp-content\/uploads\/2023\/03\/1-73.png\" alt=\"\u00d3xido de dodeciltetradecil dimetil amina (OA-14)\" width=\"600\" height=\"600\" srcset=\"https:\/\/vcycletech.com\/wp-content\/uploads\/2023\/03\/1-73.png 600w, https:\/\/vcycletech.com\/wp-content\/uploads\/2023\/03\/1-73-100x100.png 100w, https:\/\/vcycletech.com\/wp-content\/uploads\/2023\/03\/1-73-300x300.png 300w, https:\/\/vcycletech.com\/wp-content\/uploads\/2023\/03\/1-73-150x150.png 150w\" sizes=\"(max-width: 600px) 100vw, 600px\" \/><figcaption id=\"caption-attachment-1388\" class=\"wp-caption-text\">\u00d3xido de dodeciltetradecil dimetil amina (OA-14)<\/figcaption><\/figure>\n<h3>Especifica\u00e7\u00e3o:<\/h3>\n<div id=\"footable_parent_1389\"\n         class=\"footable_parent ninja_table_wrapper loading_ninja_table wp_table_data_press_parent semantic_ui\">\n                <table data-ninja_table_instance=\"ninja_table_instance_0\" data-footable_id=\"1389\" data-filter-delay=\"1000\" aria-label=\"\u00d3xido de DodecilTetradecil Dimetil Amina (OA-14).csv\"            id=\"footable_1389\"\n           data-unique_identifier=\"ninja_table_unique_id_3925466179_1389\"\n           class=\"foo-table ninja_footable foo_table_1389 ninja_table_unique_id_3925466179_1389 ui table  nt_type_legacy_table selectable striped vertical_centered  footable-paging-right ninja_table_pro\">\n                <colgroup>\n                            <col class=\"ninja_column_0\">\n                            <col class=\"ninja_column_1\">\n                    <\/colgroup>\n        <thead>\n<tr class=\"footable-header\">\n                                        <th scope=\"col\"  class=\"ninja_column_0 ninja_clmn_nm_items\">Unid<\/th><th scope=\"col\"  class=\"ninja_column_1 ninja_clmn_nm_index\">\u00cdndice<\/th><\/tr>\n<\/thead>\n<tbody>\n\n        <tr data-row_id=\"368\" class=\"ninja_table_row_0 nt_row_id_368\">\n            <td>Apar\u00eancia<\/td><td>L\u00edquido transparente amarelo claro<\/td>        <\/tr>\n            <tr data-row_id=\"369\" class=\"ninja_table_row_1 nt_row_id_369\">\n            <td>Conte\u00fado ativo, %<\/td><td>28.0-32.0<\/td>        <\/tr>\n            <tr data-row_id=\"370\" class=\"ninja_table_row_2 nt_row_id_370\">\n            <td>Amina livre, %<\/td><td>1,0 m\u00e1x.<\/td>        <\/tr>\n            <tr data-row_id=\"371\" class=\"ninja_table_row_3 nt_row_id_371\">\n            <td>PH (solu\u00e7\u00e3o de \u00e1gua 10%)<\/td><td>6.0-9.0<\/td>        <\/tr>\n    <\/tbody><!--ninja_tobody_rendering_done-->\n    <\/table>\n    \n    \n    \n<\/div>\n\n<h3>Propriedades:<\/h3>\n<p><strong>\u00d3xido de dodeciltetradecil dimetil amina (OA-14)<\/strong> \u00e9 um tensoativo zwitteri\u00f4nico \u00e0 base de \u00f3xido de amina com uma cauda de alquil C14 (tetradecil). \u00c9 usado como estabilizador de espuma e agente condicionador de cabelo em alguns xampus e condicionadores. <strong>\u00d3xido de dodeciltetradecil dimetil amina (OA-14)<\/strong> \u00e9 mais eficaz contra as bact\u00e9rias comuns S. aureus e E. coli.<\/p>\n<h3>Uso:<\/h3>\n<p><strong>\u00d3xido de Dodecil Tetradecil Dimetil Amina (OA-14)<\/strong> \u00e9 usado principalmente em xampus, tornando o cabelo mais flex\u00edvel e f\u00e1cil de pentear. Produz uma espuma delicada com um brilho rico. Al\u00e9m disso, pode ser usado como agente de limpeza para superf\u00edcies duras, como utens\u00edlios de mesa, azulejos de banheiro e paredes de edif\u00edcios. Este surfactante confere espessura aos produtos, aumenta o sinergismo e reduz a irrita\u00e7\u00e3o.<\/p>\n<h3>Pacote e armazenamento:<\/h3>\n<p><strong>\u00d3xido de DodecilTetradecil Dimetil Amina (OA-14)<\/strong> devem ser armazenados e embalados em recipiente fechado, longe do calor, umidade e luz solar direta. Recomenda-se que o prazo de validade do produto n\u00e3o exceda um ano. Tambor de pl\u00e1stico 200L, IBC (1000L), exig\u00eancia dos clientes. Armazenamento por um ano em sala com sombra e local seco.<\/p>\n<h3>Sin\u00f4nimos:<\/h3>\n<p>\u00d3XIDO DE N,N-DIMETIL-TETRADECILAMINA<\/p>\n<p>\u00d3XIDO DE MIRISTIL DIMETILAMINA<\/p>\n<p>1-Tetradecanamina,N,N-dimetil-,N-\u00f3xido<\/p>\n<p>n,n-dimetil-1-tetradecanaminn-\u00f3xido<\/p>\n<p>n,n-dimetiltetradecilamineno-oxidesol<\/p>\n<p>N,N-dimetilTetradecilamina-N-\u00f3xido<\/p>\n<p>\u00d3XIDO DE MIRISTAMINA<\/p>\n<p>Tetradecildimetilamino\u00f3xido<\/p>\n<h3>Perguntas frequentes sobre o \u00f3xido de dodeciltetradecil dimetil amina (OA-14):<\/h3>\n<p><strong>O que \u00e9 \u00f3xido de dodeciltetradecil dimetil amina (OA-14)?<\/strong><br \/>\nResposta: O \u00f3xido de dodeciltetradecil dimetil amina (OA-14) \u00e9 um surfactante de \u00f3xido de alquil amina comumente usado no tratamento de \u00e1gua e em outras aplica\u00e7\u00f5es industriais. \u00c9 composto por tr\u00eas componentes principais \u2013 grupo dodecil, grupo tetradecil e \u00f3xido de dimetilamina \u2013 que s\u00e3o combinados para formar uma mol\u00e9cula anfif\u00edlica \u00fanica. Esta mol\u00e9cula tem propriedades hidrof\u00edlicas e lipof\u00edlicas, permitindo-lhe interagir tanto com mol\u00e9culas de \u00e1gua como com compostos org\u00e2nicos em solu\u00e7\u00e3o.<\/p>\n<p><strong>Como funciona o OA-14?<\/strong><br \/>\nOA-14 funciona como um emulsificante entre dois l\u00edquidos imisc\u00edveis diferentes, como \u00f3leo e \u00e1gua. A por\u00e7\u00e3o lipof\u00edlica da mol\u00e9cula se liga ao \u00f3leo enquanto a parte hidrof\u00edlica se liga \u00e0s mol\u00e9culas de \u00e1gua. Isso faz com que as duas subst\u00e2ncias fiquem suspensas juntas em uma mistura homog\u00eanea conhecida como emuls\u00e3o. Esta emuls\u00e3o pode ent\u00e3o ser utilizada para uma variedade de aplica\u00e7\u00f5es, incluindo, entre outras, tratamento de \u00e1guas residuais e solu\u00e7\u00f5es desengordurantes.<\/p>\n<p><strong>Quais s\u00e3o alguns usos comuns para OA-14?<\/strong><br \/>\nOA-14 \u00e9 freq\u00fcentemente usado em aplica\u00e7\u00f5es de tratamento de \u00e1gua onde ajuda a remover \u00f3leos e graxas de correntes de \u00e1gua contaminadas. Tamb\u00e9m \u00e9 comumente usado em formula\u00e7\u00f5es agr\u00edcolas como repelente de insetos e fungicida, al\u00e9m de ser adicionado a xampus, condicionadores, detergentes, sab\u00f5es, cosm\u00e9ticos e outros agentes de limpeza para melhorar a forma\u00e7\u00e3o de espuma ou propriedades de solubiliza\u00e7\u00e3o. Al\u00e9m disso, verificou-se que o OA-14 fornece inibi\u00e7\u00e3o eficaz da corros\u00e3o sob certas condi\u00e7\u00f5es quando misturado com outras aminas ou surfactantes secund\u00e1rios, como etoxilatos de \u00e1lcool ou silicones.<\/p>\n<p><strong>Quais s\u00e3o os benef\u00edcios de usar OA-14?<\/strong><br \/>\nO principal benef\u00edcio do uso do OA-14 \u00e9 sua excelente capacidade de reduzir a tens\u00e3o superficial entre l\u00edquidos imisc\u00edveis devido \u00e0 sua natureza anfif\u00edlica; isso permite que ele emulsifique \u00f3leos em correntes de \u00e1gua com mais efici\u00eancia do que a maioria dos outros tipos de surfactantes ou emulsificantes dispon\u00edveis no mercado atualmente. Al\u00e9m disso, tem um n\u00edvel relativamente baixo de toxicidade em compara\u00e7\u00e3o com muitos outros surfactantes comerciais, de modo que pode ser usado com seguran\u00e7a em v\u00e1rias formula\u00e7\u00f5es industriais sem apresentar grandes riscos \u00e0 sa\u00fade quando manuseado adequadamente de acordo com as diretrizes de seguran\u00e7a estabelecidas por ag\u00eancias reguladoras como OSHA ou EPA.<\/p>\n<p><a href=\"https:\/\/vcycletech.com\/pt\/surfactante-cationico\/\"><strong>Obtenha a solu\u00e7\u00e3o completa de surfactante cati\u00f4nico.<\/strong><\/a><\/p>","protected":false},"excerpt":{"rendered":"<p>Procurando um aditivo de detergente e surfactante acess\u00edvel e de alta qualidade? N\u00e3o procure mais do que <strong>\u00d3xido de dodeciltetradecil dimetil amina (OA-14)<\/strong> para produtos qu\u00edmicos de tratamento de \u00e1gua. Este produto \u00e9 um excelente emulsificante e agente umectante, ajudando a quebrar sujeira, \u00f3leos e outros poluentes.<\/p>\n<p>Fabricado na China com os mais altos padr\u00f5es, <strong>\u00d3xido de dodeciltetradecil dimetil amina (OA-14)<\/strong> para Tratamento de \u00c1gua Produtos Qu\u00edmicos est\u00e1 dispon\u00edvel a um pre\u00e7o competitivo. Ent\u00e3o, se voc\u00ea est\u00e1 procurando um fornecedor confi\u00e1vel de surfactantes de alta qualidade e aditivos detergentes, n\u00e3o procure mais do que <strong>\u00d3xido de Dodecil Tetradecil Dimetil Amina (OA-14)<\/strong> para produtos qu\u00edmicos de tratamento de \u00e1gua da china!<\/p>","protected":false},"featured_media":1392,"template":"","meta":{"site-sidebar-layout":"default","site-content-layout":"default","ast-site-content-layout":"default","site-content-style":"default","site-sidebar-style":"default","ast-global-header-display":"","ast-banner-title-visibility":"","ast-main-header-display":"","ast-hfb-above-header-display":"","ast-hfb-below-header-display":"","ast-hfb-mobile-header-display":"","site-post-title":"","ast-breadcrumbs-content":"","ast-featured-img":"","footer-sml-layout":"","ast-disable-related-posts":"","theme-transparent-header-meta":"default","adv-header-id-meta":"","stick-header-meta":"default","header-above-stick-meta":"","header-main-stick-meta":"","header-below-stick-meta":"","astra-migrate-meta-layouts":"default","ast-page-background-enabled":"default","ast-page-background-meta":{"desktop":{"background-color":"","background-image":"","background-repeat":"repeat","background-position":"center center","background-size":"auto","background-attachment":"scroll","background-type":"","background-media":"","overlay-type":"","overlay-color":"","overlay-opacity":"","overlay-gradient":""},"tablet":{"background-color":"","background-image":"","background-repeat":"repeat","background-position":"center center","background-size":"auto","background-attachment":"scroll","background-type":"","background-media":"","overlay-type":"","overlay-color":"","overlay-opacity":"","overlay-gradient":""},"mobile":{"background-color":"","background-image":"","background-repeat":"repeat","background-position":"center center","background-size":"auto","background-attachment":"scroll","background-type":"","background-media":"","overlay-type":"","overlay-color":"","overlay-opacity":"","overlay-gradient":""}},"ast-content-background-meta":{"desktop":{"background-color":"var(--ast-global-color-5)","background-image":"","background-repeat":"repeat","background-position":"center center","background-size":"auto","background-attachment":"scroll","background-type":"","background-media":"","overlay-type":"","overlay-color":"","overlay-opacity":"","overlay-gradient":""},"tablet":{"background-color":"var(--ast-global-color-5)","background-image":"","background-repeat":"repeat","background-position":"center center","background-size":"auto","background-attachment":"scroll","background-type":"","background-media":"","overlay-type":"","overlay-color":"","overlay-opacity":"","overlay-gradient":""},"mobile":{"background-color":"var(--ast-global-color-5)","background-image":"","background-repeat":"repeat","background-position":"center center","background-size":"auto","background-attachment":"scroll","background-type":"","background-media":"","overlay-type":"","overlay-color":"","overlay-opacity":"","overlay-gradient":""}}},"product_brand":[],"product_cat":[33],"product_tag":[],"class_list":{"0":"post-1386","1":"product","2":"type-product","3":"status-publish","4":"has-post-thumbnail","6":"product_cat-cationic-surfactant-list","7":"desktop-align-left","8":"tablet-align-left","9":"mobile-align-left","10":"ast-product-gallery-layout-horizontal-slider","11":"ast-product-tabs-layout-horizontal","13":"first","14":"instock","15":"shipping-taxable","16":"product-type-simple"},"yoast_head":"<!-- This site is optimized with the Yoast SEO Premium plugin v26.3 (Yoast SEO v27.3) - https:\/\/yoast.com\/product\/yoast-seo-premium-wordpress\/ -->\n<title>Dodecyl Tetradecyl Dimethyl Amine Oxide(OA-14) - vcycletech<\/title>\n<meta name=\"description\" content=\"DodecylTetradecyl Dimethyl Amine Oxide(OA-14) for Water Treatment Chemicals is a surfactant and detergent additive used in the water treatment industry. It is an effective emulsifier and wetting agent, and helps to break down dirt, oils and other pollutants. This product is available from china at a competitive price, making it an attractive option for companies looking to purchase wholesale quantities.\" \/>\n<meta name=\"robots\" content=\"index, follow, max-snippet:-1, max-image-preview:large, max-video-preview:-1\" \/>\n<link rel=\"canonical\" href=\"https:\/\/vcycletech.com\/pt\/produtos\/dodecil-tetradecil-dimetil-amina-oxideoa-14\/\" \/>\n<meta property=\"og:locale\" content=\"pt_PT\" \/>\n<meta property=\"og:type\" content=\"article\" \/>\n<meta property=\"og:title\" content=\"Dodecyl Tetradecyl Dimethyl Amine Oxide(OA-14)\" \/>\n<meta property=\"og:description\" content=\"DodecylTetradecyl Dimethyl Amine Oxide(OA-14) for Water Treatment Chemicals is a surfactant and detergent additive used in the water treatment industry. It is an effective emulsifier and wetting agent, and helps to break down dirt, oils and other pollutants. This product is available from china at a competitive price, making it an attractive option for companies looking to purchase wholesale quantities.\" \/>\n<meta property=\"og:url\" content=\"https:\/\/vcycletech.com\/pt\/produtos\/dodecil-tetradecil-dimetil-amina-oxideoa-14\/\" \/>\n<meta property=\"og:site_name\" content=\"vcycletech\" \/>\n<meta property=\"article:modified_time\" content=\"2023-03-22T06:43:00+00:00\" \/>\n<meta property=\"og:image\" content=\"https:\/\/vcycletech.com\/wp-content\/uploads\/2023\/03\/1-74.png\" \/>\n\t<meta property=\"og:image:width\" content=\"600\" \/>\n\t<meta property=\"og:image:height\" content=\"600\" \/>\n\t<meta property=\"og:image:type\" content=\"image\/png\" \/>\n<meta name=\"twitter:card\" content=\"summary_large_image\" \/>\n<meta name=\"twitter:label1\" content=\"Tempo estimado de leitura\" \/>\n\t<meta name=\"twitter:data1\" content=\"3 minutos\" \/>\n<script type=\"application\/ld+json\" class=\"yoast-schema-graph\">{\"@context\":\"https:\\\/\\\/schema.org\",\"@graph\":[{\"@type\":\"WebPage\",\"@id\":\"https:\\\/\\\/vcycletech.com\\\/product\\\/dodecyl-tetradecyl-dimethyl-amine-oxideoa-14\\\/\",\"url\":\"https:\\\/\\\/vcycletech.com\\\/product\\\/dodecyl-tetradecyl-dimethyl-amine-oxideoa-14\\\/\",\"name\":\"Dodecyl Tetradecyl Dimethyl Amine Oxide(OA-14) - vcycletech\",\"isPartOf\":{\"@id\":\"https:\\\/\\\/vcycletech.com\\\/#website\"},\"primaryImageOfPage\":{\"@id\":\"https:\\\/\\\/vcycletech.com\\\/product\\\/dodecyl-tetradecyl-dimethyl-amine-oxideoa-14\\\/#primaryimage\"},\"image\":{\"@id\":\"https:\\\/\\\/vcycletech.com\\\/product\\\/dodecyl-tetradecyl-dimethyl-amine-oxideoa-14\\\/#primaryimage\"},\"thumbnailUrl\":\"https:\\\/\\\/vcycletech.com\\\/wp-content\\\/uploads\\\/2023\\\/03\\\/1-74.png\",\"datePublished\":\"2023-03-22T05:50:58+00:00\",\"dateModified\":\"2023-03-22T06:43:00+00:00\",\"description\":\"DodecylTetradecyl Dimethyl Amine Oxide(OA-14) for Water Treatment Chemicals is a surfactant and detergent additive used in the water treatment industry. It is an effective emulsifier and wetting agent, and helps to break down dirt, oils and other pollutants. This product is available from china at a competitive price, making it an attractive option for companies looking to purchase wholesale quantities.\",\"breadcrumb\":{\"@id\":\"https:\\\/\\\/vcycletech.com\\\/product\\\/dodecyl-tetradecyl-dimethyl-amine-oxideoa-14\\\/#breadcrumb\"},\"inLanguage\":\"pt-PT\",\"potentialAction\":[{\"@type\":\"ReadAction\",\"target\":[\"https:\\\/\\\/vcycletech.com\\\/product\\\/dodecyl-tetradecyl-dimethyl-amine-oxideoa-14\\\/\"]}]},{\"@type\":\"ImageObject\",\"inLanguage\":\"pt-PT\",\"@id\":\"https:\\\/\\\/vcycletech.com\\\/product\\\/dodecyl-tetradecyl-dimethyl-amine-oxideoa-14\\\/#primaryimage\",\"url\":\"https:\\\/\\\/vcycletech.com\\\/wp-content\\\/uploads\\\/2023\\\/03\\\/1-74.png\",\"contentUrl\":\"https:\\\/\\\/vcycletech.com\\\/wp-content\\\/uploads\\\/2023\\\/03\\\/1-74.png\",\"width\":600,\"height\":600,\"caption\":\"DodecylTetradecyl Dimethyl Amine Oxide(OA-14)\"},{\"@type\":\"BreadcrumbList\",\"@id\":\"https:\\\/\\\/vcycletech.com\\\/product\\\/dodecyl-tetradecyl-dimethyl-amine-oxideoa-14\\\/#breadcrumb\",\"itemListElement\":[{\"@type\":\"ListItem\",\"position\":1,\"name\":\"Home\",\"item\":\"https:\\\/\\\/vcycletech.com\\\/\"},{\"@type\":\"ListItem\",\"position\":2,\"name\":\"Water Treatment Chemicals Manufacturer\",\"item\":\"https:\\\/\\\/vcycletech.com\\\/water-treatment-chemicals-manufacturer\\\/\"},{\"@type\":\"ListItem\",\"position\":3,\"name\":\"Dodecyl Tetradecyl Dimethyl Amine Oxide(OA-14)\"}]},{\"@type\":\"WebSite\",\"@id\":\"https:\\\/\\\/vcycletech.com\\\/#website\",\"url\":\"https:\\\/\\\/vcycletech.com\\\/\",\"name\":\"vcycletech\",\"description\":\"China&#039;s top water treatment chemicals supplier\",\"publisher\":{\"@id\":\"https:\\\/\\\/vcycletech.com\\\/#organization\"},\"potentialAction\":[{\"@type\":\"SearchAction\",\"target\":{\"@type\":\"EntryPoint\",\"urlTemplate\":\"https:\\\/\\\/vcycletech.com\\\/?s={search_term_string}\"},\"query-input\":{\"@type\":\"PropertyValueSpecification\",\"valueRequired\":true,\"valueName\":\"search_term_string\"}}],\"inLanguage\":\"pt-PT\"},{\"@type\":\"Organization\",\"@id\":\"https:\\\/\\\/vcycletech.com\\\/#organization\",\"name\":\"vcycletech\",\"url\":\"https:\\\/\\\/vcycletech.com\\\/\",\"logo\":{\"@type\":\"ImageObject\",\"inLanguage\":\"pt-PT\",\"@id\":\"https:\\\/\\\/vcycletech.com\\\/#\\\/schema\\\/logo\\\/image\\\/\",\"url\":\"https:\\\/\\\/vcycletech.com\\\/wp-content\\\/uploads\\\/2023\\\/03\\\/logo-vcycletech-1.png\",\"contentUrl\":\"https:\\\/\\\/vcycletech.com\\\/wp-content\\\/uploads\\\/2023\\\/03\\\/logo-vcycletech-1.png\",\"width\":600,\"height\":400,\"caption\":\"vcycletech\"},\"image\":{\"@id\":\"https:\\\/\\\/vcycletech.com\\\/#\\\/schema\\\/logo\\\/image\\\/\"}}]}<\/script>\n<!-- \/ Yoast SEO Premium plugin. -->","yoast_head_json":{"title":"\u00d3xido de Dodecil Tetradecil Dimetil Amina (OA-14) - vcycletech","description":"DodecylTetradecyl Dimethyl Amine Oxide (OA-14) para produtos qu\u00edmicos de tratamento de \u00e1gua \u00e9 um surfactante e aditivo detergente usado na ind\u00fastria de tratamento de \u00e1gua. \u00c9 um emulsificante eficaz e agente umectante e ajuda a quebrar a sujeira, \u00f3leos e outros poluentes. Este produto est\u00e1 dispon\u00edvel na China a um pre\u00e7o competitivo, tornando-se uma op\u00e7\u00e3o atraente para empresas que desejam comprar quantidades no atacado.","robots":{"index":"index","follow":"follow","max-snippet":"max-snippet:-1","max-image-preview":"max-image-preview:large","max-video-preview":"max-video-preview:-1"},"canonical":"https:\/\/vcycletech.com\/pt\/produtos\/dodecil-tetradecil-dimetil-amina-oxideoa-14\/","og_locale":"pt_PT","og_type":"article","og_title":"Dodecyl Tetradecyl Dimethyl Amine Oxide(OA-14)","og_description":"DodecylTetradecyl Dimethyl Amine Oxide(OA-14) for Water Treatment Chemicals is a surfactant and detergent additive used in the water treatment industry. It is an effective emulsifier and wetting agent, and helps to break down dirt, oils and other pollutants. This product is available from china at a competitive price, making it an attractive option for companies looking to purchase wholesale quantities.","og_url":"https:\/\/vcycletech.com\/pt\/produtos\/dodecil-tetradecil-dimetil-amina-oxideoa-14\/","og_site_name":"vcycletech","article_modified_time":"2023-03-22T06:43:00+00:00","og_image":[{"width":600,"height":600,"url":"https:\/\/vcycletech.com\/wp-content\/uploads\/2023\/03\/1-74.png","type":"image\/png"}],"twitter_card":"summary_large_image","twitter_misc":{"Tempo estimado de leitura":"3 minutos"},"schema":{"@context":"https:\/\/schema.org","@graph":[{"@type":"WebPage","@id":"https:\/\/vcycletech.com\/product\/dodecyl-tetradecyl-dimethyl-amine-oxideoa-14\/","url":"https:\/\/vcycletech.com\/product\/dodecyl-tetradecyl-dimethyl-amine-oxideoa-14\/","name":"\u00d3xido de Dodecil Tetradecil Dimetil Amina (OA-14) - vcycletech","isPartOf":{"@id":"https:\/\/vcycletech.com\/#website"},"primaryImageOfPage":{"@id":"https:\/\/vcycletech.com\/product\/dodecyl-tetradecyl-dimethyl-amine-oxideoa-14\/#primaryimage"},"image":{"@id":"https:\/\/vcycletech.com\/product\/dodecyl-tetradecyl-dimethyl-amine-oxideoa-14\/#primaryimage"},"thumbnailUrl":"https:\/\/vcycletech.com\/wp-content\/uploads\/2023\/03\/1-74.png","datePublished":"2023-03-22T05:50:58+00:00","dateModified":"2023-03-22T06:43:00+00:00","description":"DodecylTetradecyl Dimethyl Amine Oxide (OA-14) para produtos qu\u00edmicos de tratamento de \u00e1gua \u00e9 um surfactante e aditivo detergente usado na ind\u00fastria de tratamento de \u00e1gua. \u00c9 um emulsificante eficaz e agente umectante e ajuda a quebrar a sujeira, \u00f3leos e outros poluentes. Este produto est\u00e1 dispon\u00edvel na China a um pre\u00e7o competitivo, tornando-se uma op\u00e7\u00e3o atraente para empresas que desejam comprar quantidades no atacado.","breadcrumb":{"@id":"https:\/\/vcycletech.com\/product\/dodecyl-tetradecyl-dimethyl-amine-oxideoa-14\/#breadcrumb"},"inLanguage":"pt-PT","potentialAction":[{"@type":"ReadAction","target":["https:\/\/vcycletech.com\/product\/dodecyl-tetradecyl-dimethyl-amine-oxideoa-14\/"]}]},{"@type":"ImageObject","inLanguage":"pt-PT","@id":"https:\/\/vcycletech.com\/product\/dodecyl-tetradecyl-dimethyl-amine-oxideoa-14\/#primaryimage","url":"https:\/\/vcycletech.com\/wp-content\/uploads\/2023\/03\/1-74.png","contentUrl":"https:\/\/vcycletech.com\/wp-content\/uploads\/2023\/03\/1-74.png","width":600,"height":600,"caption":"DodecylTetradecyl Dimethyl Amine Oxide(OA-14)"},{"@type":"BreadcrumbList","@id":"https:\/\/vcycletech.com\/product\/dodecyl-tetradecyl-dimethyl-amine-oxideoa-14\/#breadcrumb","itemListElement":[{"@type":"ListItem","position":1,"name":"Home","item":"https:\/\/vcycletech.com\/"},{"@type":"ListItem","position":2,"name":"Water Treatment Chemicals Manufacturer","item":"https:\/\/vcycletech.com\/water-treatment-chemicals-manufacturer\/"},{"@type":"ListItem","position":3,"name":"Dodecyl Tetradecyl Dimethyl Amine Oxide(OA-14)"}]},{"@type":"WebSite","@id":"https:\/\/vcycletech.com\/#website","url":"https:\/\/vcycletech.com\/","name":"vcycletech","description":"China&#039;principal fornecedor de produtos qu\u00edmicos para tratamento de \u00e1gua","publisher":{"@id":"https:\/\/vcycletech.com\/#organization"},"potentialAction":[{"@type":"SearchAction","target":{"@type":"EntryPoint","urlTemplate":"https:\/\/vcycletech.com\/?s={search_term_string}"},"query-input":{"@type":"PropertyValueSpecification","valueRequired":true,"valueName":"search_term_string"}}],"inLanguage":"pt-PT"},{"@type":"Organization","@id":"https:\/\/vcycletech.com\/#organization","name":"vcycletech","url":"https:\/\/vcycletech.com\/","logo":{"@type":"ImageObject","inLanguage":"pt-PT","@id":"https:\/\/vcycletech.com\/#\/schema\/logo\/image\/","url":"https:\/\/vcycletech.com\/wp-content\/uploads\/2023\/03\/logo-vcycletech-1.png","contentUrl":"https:\/\/vcycletech.com\/wp-content\/uploads\/2023\/03\/logo-vcycletech-1.png","width":600,"height":400,"caption":"vcycletech"},"image":{"@id":"https:\/\/vcycletech.com\/#\/schema\/logo\/image\/"}}]}},"_links":{"self":[{"href":"https:\/\/vcycletech.com\/pt\/wp-json\/wp\/v2\/product\/1386","targetHints":{"allow":["GET"]}}],"collection":[{"href":"https:\/\/vcycletech.com\/pt\/wp-json\/wp\/v2\/product"}],"about":[{"href":"https:\/\/vcycletech.com\/pt\/wp-json\/wp\/v2\/types\/product"}],"wp:featuredmedia":[{"embeddable":true,"href":"https:\/\/vcycletech.com\/pt\/wp-json\/wp\/v2\/media\/1392"}],"wp:attachment":[{"href":"https:\/\/vcycletech.com\/pt\/wp-json\/wp\/v2\/media?parent=1386"}],"wp:term":[{"taxonomy":"product_brand","embeddable":true,"href":"https:\/\/vcycletech.com\/pt\/wp-json\/wp\/v2\/product_brand?post=1386"},{"taxonomy":"product_cat","embeddable":true,"href":"https:\/\/vcycletech.com\/pt\/wp-json\/wp\/v2\/product_cat?post=1386"},{"taxonomy":"product_tag","embeddable":true,"href":"https:\/\/vcycletech.com\/pt\/wp-json\/wp\/v2\/product_tag?post=1386"}],"curies":[{"name":"wp","href":"https:\/\/api.w.org\/{rel}","templated":true}]}}