{"id":1378,"date":"2023-03-22T05:22:55","date_gmt":"2023-03-22T05:22:55","guid":{"rendered":"https:\/\/vcycletech.com\/?post_type=product&#038;p=1378"},"modified":"2023-03-22T06:42:12","modified_gmt":"2023-03-22T06:42:12","slug":"lauril-dimetil-amina-oxideoa-12","status":"publish","type":"product","link":"https:\/\/vcycletech.com\/pt\/produtos\/lauril-dimetil-amina-oxideoa-12\/","title":{"rendered":"\u00d3xido de Lauril Dimetil Amina (OA-12)"},"content":{"rendered":"<h3>N\u00ba CAS 1643-20-5<\/h3>\n<h3>F\u00f3rmula molecular: C14H31NO<\/h3>\n<h3>Peso molecular: 229,4<\/h3>\n<h3>F\u00f3rmula estrutural:<\/h3>\n<figure id=\"attachment_1380\" aria-describedby=\"caption-attachment-1380\" style=\"width: 600px\" class=\"wp-caption alignnone\"><img fetchpriority=\"high\" decoding=\"async\" class=\"size-full wp-image-1380\" src=\"https:\/\/vcycletech.com\/wp-content\/uploads\/2023\/03\/1-71.png\" alt=\"\u00d3xido de Lauril Dimetil Amina (OA-12)\" width=\"600\" height=\"600\" srcset=\"https:\/\/vcycletech.com\/wp-content\/uploads\/2023\/03\/1-71.png 600w, https:\/\/vcycletech.com\/wp-content\/uploads\/2023\/03\/1-71-100x100.png 100w, https:\/\/vcycletech.com\/wp-content\/uploads\/2023\/03\/1-71-300x300.png 300w, https:\/\/vcycletech.com\/wp-content\/uploads\/2023\/03\/1-71-150x150.png 150w\" sizes=\"(max-width: 600px) 100vw, 600px\" \/><figcaption id=\"caption-attachment-1380\" class=\"wp-caption-text\">\u00d3xido de Lauril Dimetil Amina (OA-12)<\/figcaption><\/figure>\n<h3>Especifica\u00e7\u00e3o:<\/h3>\n<div id=\"footable_parent_1381\"\n         class=\"footable_parent ninja_table_wrapper loading_ninja_table wp_table_data_press_parent semantic_ui\">\n                <table data-ninja_table_instance=\"ninja_table_instance_0\" data-footable_id=\"1381\" data-filter-delay=\"1000\" aria-label=\"Lauril Dimetil Amina \u00d3xido(OA-12).csv\"            id=\"footable_1381\"\n           data-unique_identifier=\"ninja_table_unique_id_3980618564_1381\"\n           class=\"foo-table ninja_footable foo_table_1381 ninja_table_unique_id_3980618564_1381 ui table  nt_type_legacy_table selectable striped vertical_centered  footable-paging-right ninja_table_pro\">\n                <colgroup>\n                            <col class=\"ninja_column_0\">\n                            <col class=\"ninja_column_1\">\n                    <\/colgroup>\n        <thead>\n<tr class=\"footable-header\">\n                                        <th scope=\"col\"  class=\"ninja_column_0 ninja_clmn_nm_items\">Unid<\/th><th scope=\"col\"  class=\"ninja_column_1 ninja_clmn_nm_index\">\u00cdndice<\/th><\/tr>\n<\/thead>\n<tbody>\n\n        <tr data-row_id=\"364\" class=\"ninja_table_row_0 nt_row_id_364\">\n            <td>Apar\u00eancia<\/td><td>L\u00edquido transparente amarelo claro<\/td>        <\/tr>\n            <tr data-row_id=\"365\" class=\"ninja_table_row_1 nt_row_id_365\">\n            <td>Conte\u00fado ativo, %<\/td><td>28-32<\/td>        <\/tr>\n            <tr data-row_id=\"366\" class=\"ninja_table_row_2 nt_row_id_366\">\n            <td>Amina livre, %<\/td><td>1,5 m\u00e1x.<\/td>        <\/tr>\n            <tr data-row_id=\"367\" class=\"ninja_table_row_3 nt_row_id_367\">\n            <td>PH (solu\u00e7\u00e3o de \u00e1gua 10%)<\/td><td>5.0-9.0<\/td>        <\/tr>\n    <\/tbody><!--ninja_tobody_rendering_done-->\n    <\/table>\n    \n    \n    \n<\/div>\n\n<h3>Propriedades:<\/h3>\n<p><strong>\u00d3xido de Lauril Dimetil Amina (OA-12)<\/strong> \u00e9 um surfactante de \u00f3xido de cocoamina com altas propriedades de forma\u00e7\u00e3o de espuma, proporcionando excelente acoplamento, deterg\u00eancia e compatibilidade para v\u00e1rias aplica\u00e7\u00f5es industriais.<strong> \u00d3xido de Lauril Dimetil Amina (OA-12)<\/strong> \u00e9 o \u00f3xido de amina que mais produz espuma em sua classe.<\/p>\n<h3>Uso:<\/h3>\n<p>Lauryl Dimethyl Amine Oxide \u00e9 um surfactante de \u00f3xido de cocoamina concentrado com caracter\u00edsticas not\u00e1veis de forma\u00e7\u00e3o de espuma, acoplamento, deterg\u00eancia e compatibilidade. Pode ser usado em uma ampla variedade de aplica\u00e7\u00f5es de limpeza industrial onde essas caracter\u00edsticas s\u00e3o de extrema import\u00e2ncia.<\/p>\n<h3>Pacote e armazenamento:<\/h3>\n<p><strong>Lauril Dimetil Amina \u00d3xido (OA-12)<\/strong> deve ser embalado hermeticamente em um recipiente fechado e armazenado em local fresco e seco. \u00c9 importante garantir que o produto n\u00e3o entre em contato com \u00e1gua, calor ou outras subst\u00e2ncias nocivas, pois isso pode levar \u00e0 degrada\u00e7\u00e3o do surfactante. Tambor pl\u00e1stico de 200L, IBC(1000L), pedido do cliente. Armazenamento por um ano em uma sala com sombra e local seco.<\/p>\n<h3>Sin\u00f4nimos:<\/h3>\n<p>1-Dodecanamina,N,N-dimetil\u00f3xido<\/p>\n<p>amon\u00edaco<\/p>\n<p>aromoxdmcd<\/p>\n<p>aromoxdmmc-w<\/p>\n<p>LDAO<\/p>\n<h3>Perguntas frequentes sobre \u00f3xido de lauril dimetil amina (OA-12):<\/h3>\n<p><strong>O que \u00e9 \u00d3xido de Lauril Dimetil Amina (OA-12)?<\/strong><br \/>\nO \u00d3xido de Lauril Dimetil Amina (OA-12) \u00e9 um composto org\u00e2nico que pertence \u00e0 fam\u00edlia dos \u00f3xidos de amina. \u00c9 um surfactante branco, sol\u00favel em \u00e1gua e n\u00e3o i\u00f4nico com uma ampla gama de aplica\u00e7\u00f5es em ind\u00fastrias como detergentes, produtos de cuidados pessoais e produtos qu\u00edmicos para tratamento de \u00e1gua.<\/p>\n<p><strong>Como funciona o \u00d3xido de Lauril Dimetil Amina (OA-12)?<\/strong><br \/>\nO \u00d3xido de Lauril Dimetil Amina (OA-12) funciona diminuindo a tens\u00e3o superficial na interface entre duas subst\u00e2ncias. Isso reduz a tens\u00e3o interfacial entre as mol\u00e9culas de \u00f3leo e \u00e1gua, o que ajuda a criar emuls\u00f5es e dispers\u00f5es est\u00e1veis. A mol\u00e9cula tamb\u00e9m possui excelentes propriedades de umecta\u00e7\u00e3o e capacidade de forma\u00e7\u00e3o de espuma, tornando-a adequada para uso em produtos de limpeza e v\u00e1rios outros processos industriais.<\/p>\n<p><strong>Quais s\u00e3o alguns dos usos comuns do \u00d3xido de Lauril Dimetil Amina (OA-12)?<\/strong><br \/>\nOs usos comuns do \u00d3xido de Lauril Dimetil Amina (OA-12) incluem sua aplica\u00e7\u00e3o como surfactante em detergentes e produtos de higiene pessoal, criando emuls\u00f5es e dispers\u00f5es est\u00e1veis, agentes umectantes em sistemas de processos industriais e estabiliza\u00e7\u00e3o de espuma para bebidas como cerveja ou refrigerantes. Tamb\u00e9m \u00e9 usado como componente principal em muitos produtos qu\u00edmicos de tratamento de \u00e1gua devido \u00e0 sua capacidade de ligar poluentes e ajudar a remov\u00ea-los dos fluxos de \u00e1guas residuais.<\/p>\n<p><strong>Existem riscos potenciais \u00e0 sa\u00fade associados ao uso de \u00f3xido de lauril dimetil amina (OA-12)?<\/strong><br \/>\nResposta: De um modo geral, n\u00e3o h\u00e1 riscos de sa\u00fade conhecidos associados ao uso de \u00d3xido de Lauril Dimetil Amina (OA-12). No entanto, a exposi\u00e7\u00e3o prolongada a altas concentra\u00e7\u00f5es pode causar irrita\u00e7\u00e3o na pele ou leve irrita\u00e7\u00e3o nos olhos \u2013 precau\u00e7\u00f5es de seguran\u00e7a devem ser tomadas ao manusear esta subst\u00e2ncia diretamente ou trabalhar em ambientes controlados onde ela est\u00e1 presente.<\/p>\n<p><a href=\"https:\/\/vcycletech.com\/pt\/surfactante-cationico\/\"><strong>Obtenha a solu\u00e7\u00e3o completa de surfactante cati\u00f4nico.<\/strong><\/a><\/p>","protected":false},"excerpt":{"rendered":"<p><strong>\u00d3xido de Lauril Dimetil Amina (OA-12)<\/strong> \u00e9 usado para a produ\u00e7\u00e3o de \u00e1gua pot\u00e1vel, tratamento de \u00e1guas residuais, branqueamento de polpa de papel e muitos outros processos industriais. O di\u00f3xido de cloro tamb\u00e9m pode ser produzido no local a partir de clorito de s\u00f3dio e \u00e1cido clor\u00eddrico.<\/p>\n<p>\u00c9 mais eficaz na elimina\u00e7\u00e3o de bact\u00e9rias e v\u00edrus; n\u00e3o produz subprodutos cancer\u00edgenos, como trihalometanos (THMs); n\u00e3o corr\u00f3i canos ou conex\u00f5es de metal; e se dissipa rapidamente ao ar livre, portanto, h\u00e1 pouco risco de exposi\u00e7\u00e3o dos trabalhadores ou do p\u00fablico.<\/p>\n<p>Se voc\u00ea est\u00e1 procurando um fornecedor de <strong>\u00d3xido de DiLauril Dimetil Amina (OA-12)<\/strong>, sinta-se \u00e0 vontade para entrar em contato conosco. Teremos todo o gosto em oferecer-lhe os nossos produtos a um pre\u00e7o competitivo.<\/p>","protected":false},"featured_media":1382,"template":"","meta":{"site-sidebar-layout":"default","site-content-layout":"default","ast-site-content-layout":"default","site-content-style":"default","site-sidebar-style":"default","ast-global-header-display":"","ast-banner-title-visibility":"","ast-main-header-display":"","ast-hfb-above-header-display":"","ast-hfb-below-header-display":"","ast-hfb-mobile-header-display":"","site-post-title":"","ast-breadcrumbs-content":"","ast-featured-img":"","footer-sml-layout":"","ast-disable-related-posts":"","theme-transparent-header-meta":"default","adv-header-id-meta":"","stick-header-meta":"default","header-above-stick-meta":"","header-main-stick-meta":"","header-below-stick-meta":"","astra-migrate-meta-layouts":"default","ast-page-background-enabled":"default","ast-page-background-meta":{"desktop":{"background-color":"","background-image":"","background-repeat":"repeat","background-position":"center center","background-size":"auto","background-attachment":"scroll","background-type":"","background-media":"","overlay-type":"","overlay-color":"","overlay-opacity":"","overlay-gradient":""},"tablet":{"background-color":"","background-image":"","background-repeat":"repeat","background-position":"center center","background-size":"auto","background-attachment":"scroll","background-type":"","background-media":"","overlay-type":"","overlay-color":"","overlay-opacity":"","overlay-gradient":""},"mobile":{"background-color":"","background-image":"","background-repeat":"repeat","background-position":"center center","background-size":"auto","background-attachment":"scroll","background-type":"","background-media":"","overlay-type":"","overlay-color":"","overlay-opacity":"","overlay-gradient":""}},"ast-content-background-meta":{"desktop":{"background-color":"var(--ast-global-color-5)","background-image":"","background-repeat":"repeat","background-position":"center center","background-size":"auto","background-attachment":"scroll","background-type":"","background-media":"","overlay-type":"","overlay-color":"","overlay-opacity":"","overlay-gradient":""},"tablet":{"background-color":"var(--ast-global-color-5)","background-image":"","background-repeat":"repeat","background-position":"center center","background-size":"auto","background-attachment":"scroll","background-type":"","background-media":"","overlay-type":"","overlay-color":"","overlay-opacity":"","overlay-gradient":""},"mobile":{"background-color":"var(--ast-global-color-5)","background-image":"","background-repeat":"repeat","background-position":"center center","background-size":"auto","background-attachment":"scroll","background-type":"","background-media":"","overlay-type":"","overlay-color":"","overlay-opacity":"","overlay-gradient":""}}},"product_brand":[],"product_cat":[33],"product_tag":[],"class_list":{"0":"post-1378","1":"product","2":"type-product","3":"status-publish","4":"has-post-thumbnail","6":"product_cat-cationic-surfactant-list","7":"desktop-align-left","8":"tablet-align-left","9":"mobile-align-left","10":"ast-product-gallery-layout-horizontal-slider","11":"ast-product-tabs-layout-horizontal","13":"first","14":"instock","15":"shipping-taxable","16":"product-type-simple"},"yoast_head":"<!-- This site is optimized with the Yoast SEO Premium plugin v26.3 (Yoast SEO v27.3) - https:\/\/yoast.com\/product\/yoast-seo-premium-wordpress\/ -->\n<title>Lauryl Dimethyl Amine Oxide(OA-12) - vcycletech<\/title>\n<meta name=\"description\" content=\"Lauryl Dimethyl Amine Oxide (OA-12) is an organic compound that belongs to the amine oxide family. It is a white, water-soluble, nonionic surfactant with a wide range of applications in industries such as detergents, personal care products, and water treatment chemicals.\" \/>\n<meta name=\"robots\" content=\"index, follow, max-snippet:-1, max-image-preview:large, max-video-preview:-1\" \/>\n<link rel=\"canonical\" href=\"https:\/\/vcycletech.com\/pt\/produtos\/lauril-dimetil-amina-oxideoa-12\/\" \/>\n<meta property=\"og:locale\" content=\"pt_PT\" \/>\n<meta property=\"og:type\" content=\"article\" \/>\n<meta property=\"og:title\" content=\"Lauryl Dimethyl Amine Oxide(OA-12)\" \/>\n<meta property=\"og:description\" content=\"Lauryl Dimethyl Amine Oxide (OA-12) is an organic compound that belongs to the amine oxide family. It is a white, water-soluble, nonionic surfactant with a wide range of applications in industries such as detergents, personal care products, and water treatment chemicals.\" \/>\n<meta property=\"og:url\" content=\"https:\/\/vcycletech.com\/pt\/produtos\/lauril-dimetil-amina-oxideoa-12\/\" \/>\n<meta property=\"og:site_name\" content=\"vcycletech\" \/>\n<meta property=\"article:modified_time\" content=\"2023-03-22T06:42:12+00:00\" \/>\n<meta property=\"og:image\" content=\"https:\/\/vcycletech.com\/wp-content\/uploads\/2023\/03\/\u672a\u547d\u540d\u7684\u8bbe\u8ba1-2-17.png\" \/>\n\t<meta property=\"og:image:width\" content=\"600\" \/>\n\t<meta property=\"og:image:height\" content=\"600\" \/>\n\t<meta property=\"og:image:type\" content=\"image\/png\" \/>\n<meta name=\"twitter:card\" content=\"summary_large_image\" \/>\n<meta name=\"twitter:label1\" content=\"Tempo estimado de leitura\" \/>\n\t<meta name=\"twitter:data1\" content=\"3 minutos\" \/>\n<script type=\"application\/ld+json\" class=\"yoast-schema-graph\">{\"@context\":\"https:\\\/\\\/schema.org\",\"@graph\":[{\"@type\":\"WebPage\",\"@id\":\"https:\\\/\\\/vcycletech.com\\\/product\\\/lauryl-dimethyl-amine-oxideoa-12\\\/\",\"url\":\"https:\\\/\\\/vcycletech.com\\\/product\\\/lauryl-dimethyl-amine-oxideoa-12\\\/\",\"name\":\"Lauryl Dimethyl Amine Oxide(OA-12) - vcycletech\",\"isPartOf\":{\"@id\":\"https:\\\/\\\/vcycletech.com\\\/#website\"},\"primaryImageOfPage\":{\"@id\":\"https:\\\/\\\/vcycletech.com\\\/product\\\/lauryl-dimethyl-amine-oxideoa-12\\\/#primaryimage\"},\"image\":{\"@id\":\"https:\\\/\\\/vcycletech.com\\\/product\\\/lauryl-dimethyl-amine-oxideoa-12\\\/#primaryimage\"},\"thumbnailUrl\":\"https:\\\/\\\/vcycletech.com\\\/wp-content\\\/uploads\\\/2023\\\/03\\\/\u672a\u547d\u540d\u7684\u8bbe\u8ba1-2-17.png\",\"datePublished\":\"2023-03-22T05:22:55+00:00\",\"dateModified\":\"2023-03-22T06:42:12+00:00\",\"description\":\"Lauryl Dimethyl Amine Oxide (OA-12) is an organic compound that belongs to the amine oxide family. It is a white, water-soluble, nonionic surfactant with a wide range of applications in industries such as detergents, personal care products, and water treatment chemicals.\",\"breadcrumb\":{\"@id\":\"https:\\\/\\\/vcycletech.com\\\/product\\\/lauryl-dimethyl-amine-oxideoa-12\\\/#breadcrumb\"},\"inLanguage\":\"pt-PT\",\"potentialAction\":[{\"@type\":\"ReadAction\",\"target\":[\"https:\\\/\\\/vcycletech.com\\\/product\\\/lauryl-dimethyl-amine-oxideoa-12\\\/\"]}]},{\"@type\":\"ImageObject\",\"inLanguage\":\"pt-PT\",\"@id\":\"https:\\\/\\\/vcycletech.com\\\/product\\\/lauryl-dimethyl-amine-oxideoa-12\\\/#primaryimage\",\"url\":\"https:\\\/\\\/vcycletech.com\\\/wp-content\\\/uploads\\\/2023\\\/03\\\/\u672a\u547d\u540d\u7684\u8bbe\u8ba1-2-17.png\",\"contentUrl\":\"https:\\\/\\\/vcycletech.com\\\/wp-content\\\/uploads\\\/2023\\\/03\\\/\u672a\u547d\u540d\u7684\u8bbe\u8ba1-2-17.png\",\"width\":600,\"height\":600,\"caption\":\"Lauryl Dimethyl Amine Oxide(OA-12)\"},{\"@type\":\"BreadcrumbList\",\"@id\":\"https:\\\/\\\/vcycletech.com\\\/product\\\/lauryl-dimethyl-amine-oxideoa-12\\\/#breadcrumb\",\"itemListElement\":[{\"@type\":\"ListItem\",\"position\":1,\"name\":\"Home\",\"item\":\"https:\\\/\\\/vcycletech.com\\\/\"},{\"@type\":\"ListItem\",\"position\":2,\"name\":\"Water Treatment Chemicals Manufacturer\",\"item\":\"https:\\\/\\\/vcycletech.com\\\/water-treatment-chemicals-manufacturer\\\/\"},{\"@type\":\"ListItem\",\"position\":3,\"name\":\"Lauryl Dimethyl Amine Oxide(OA-12)\"}]},{\"@type\":\"WebSite\",\"@id\":\"https:\\\/\\\/vcycletech.com\\\/#website\",\"url\":\"https:\\\/\\\/vcycletech.com\\\/\",\"name\":\"vcycletech\",\"description\":\"China&#039;s top water treatment chemicals supplier\",\"publisher\":{\"@id\":\"https:\\\/\\\/vcycletech.com\\\/#organization\"},\"potentialAction\":[{\"@type\":\"SearchAction\",\"target\":{\"@type\":\"EntryPoint\",\"urlTemplate\":\"https:\\\/\\\/vcycletech.com\\\/?s={search_term_string}\"},\"query-input\":{\"@type\":\"PropertyValueSpecification\",\"valueRequired\":true,\"valueName\":\"search_term_string\"}}],\"inLanguage\":\"pt-PT\"},{\"@type\":\"Organization\",\"@id\":\"https:\\\/\\\/vcycletech.com\\\/#organization\",\"name\":\"vcycletech\",\"url\":\"https:\\\/\\\/vcycletech.com\\\/\",\"logo\":{\"@type\":\"ImageObject\",\"inLanguage\":\"pt-PT\",\"@id\":\"https:\\\/\\\/vcycletech.com\\\/#\\\/schema\\\/logo\\\/image\\\/\",\"url\":\"https:\\\/\\\/vcycletech.com\\\/wp-content\\\/uploads\\\/2023\\\/03\\\/logo-vcycletech-1.png\",\"contentUrl\":\"https:\\\/\\\/vcycletech.com\\\/wp-content\\\/uploads\\\/2023\\\/03\\\/logo-vcycletech-1.png\",\"width\":600,\"height\":400,\"caption\":\"vcycletech\"},\"image\":{\"@id\":\"https:\\\/\\\/vcycletech.com\\\/#\\\/schema\\\/logo\\\/image\\\/\"}}]}<\/script>\n<!-- \/ Yoast SEO Premium plugin. -->","yoast_head_json":{"title":"\u00d3xido de Lauril Dimetil Amina (OA-12) - vcycletech","description":"Lauril Dimetil Amina \u00d3xido (OA-12) \u00e9 um composto org\u00e2nico que pertence \u00e0 fam\u00edlia dos \u00f3xidos de amina. \u00c9 um surfactante branco, sol\u00favel em \u00e1gua e n\u00e3o i\u00f4nico com uma ampla gama de aplica\u00e7\u00f5es em ind\u00fastrias como detergentes, produtos de cuidados pessoais e produtos qu\u00edmicos para tratamento de \u00e1gua.","robots":{"index":"index","follow":"follow","max-snippet":"max-snippet:-1","max-image-preview":"max-image-preview:large","max-video-preview":"max-video-preview:-1"},"canonical":"https:\/\/vcycletech.com\/pt\/produtos\/lauril-dimetil-amina-oxideoa-12\/","og_locale":"pt_PT","og_type":"article","og_title":"Lauryl Dimethyl Amine Oxide(OA-12)","og_description":"Lauryl Dimethyl Amine Oxide (OA-12) is an organic compound that belongs to the amine oxide family. It is a white, water-soluble, nonionic surfactant with a wide range of applications in industries such as detergents, personal care products, and water treatment chemicals.","og_url":"https:\/\/vcycletech.com\/pt\/produtos\/lauril-dimetil-amina-oxideoa-12\/","og_site_name":"vcycletech","article_modified_time":"2023-03-22T06:42:12+00:00","og_image":[{"width":600,"height":600,"url":"https:\/\/vcycletech.com\/wp-content\/uploads\/2023\/03\/\u672a\u547d\u540d\u7684\u8bbe\u8ba1-2-17.png","type":"image\/png"}],"twitter_card":"summary_large_image","twitter_misc":{"Tempo estimado de leitura":"3 minutos"},"schema":{"@context":"https:\/\/schema.org","@graph":[{"@type":"WebPage","@id":"https:\/\/vcycletech.com\/product\/lauryl-dimethyl-amine-oxideoa-12\/","url":"https:\/\/vcycletech.com\/product\/lauryl-dimethyl-amine-oxideoa-12\/","name":"\u00d3xido de Lauril Dimetil Amina (OA-12) - vcycletech","isPartOf":{"@id":"https:\/\/vcycletech.com\/#website"},"primaryImageOfPage":{"@id":"https:\/\/vcycletech.com\/product\/lauryl-dimethyl-amine-oxideoa-12\/#primaryimage"},"image":{"@id":"https:\/\/vcycletech.com\/product\/lauryl-dimethyl-amine-oxideoa-12\/#primaryimage"},"thumbnailUrl":"https:\/\/vcycletech.com\/wp-content\/uploads\/2023\/03\/\u672a\u547d\u540d\u7684\u8bbe\u8ba1-2-17.png","datePublished":"2023-03-22T05:22:55+00:00","dateModified":"2023-03-22T06:42:12+00:00","description":"Lauril Dimetil Amina \u00d3xido (OA-12) \u00e9 um composto org\u00e2nico que pertence \u00e0 fam\u00edlia dos \u00f3xidos de amina. \u00c9 um surfactante branco, sol\u00favel em \u00e1gua e n\u00e3o i\u00f4nico com uma ampla gama de aplica\u00e7\u00f5es em ind\u00fastrias como detergentes, produtos de cuidados pessoais e produtos qu\u00edmicos para tratamento de \u00e1gua.","breadcrumb":{"@id":"https:\/\/vcycletech.com\/product\/lauryl-dimethyl-amine-oxideoa-12\/#breadcrumb"},"inLanguage":"pt-PT","potentialAction":[{"@type":"ReadAction","target":["https:\/\/vcycletech.com\/product\/lauryl-dimethyl-amine-oxideoa-12\/"]}]},{"@type":"ImageObject","inLanguage":"pt-PT","@id":"https:\/\/vcycletech.com\/product\/lauryl-dimethyl-amine-oxideoa-12\/#primaryimage","url":"https:\/\/vcycletech.com\/wp-content\/uploads\/2023\/03\/\u672a\u547d\u540d\u7684\u8bbe\u8ba1-2-17.png","contentUrl":"https:\/\/vcycletech.com\/wp-content\/uploads\/2023\/03\/\u672a\u547d\u540d\u7684\u8bbe\u8ba1-2-17.png","width":600,"height":600,"caption":"Lauryl Dimethyl Amine Oxide(OA-12)"},{"@type":"BreadcrumbList","@id":"https:\/\/vcycletech.com\/product\/lauryl-dimethyl-amine-oxideoa-12\/#breadcrumb","itemListElement":[{"@type":"ListItem","position":1,"name":"Home","item":"https:\/\/vcycletech.com\/"},{"@type":"ListItem","position":2,"name":"Water Treatment Chemicals Manufacturer","item":"https:\/\/vcycletech.com\/water-treatment-chemicals-manufacturer\/"},{"@type":"ListItem","position":3,"name":"Lauryl Dimethyl Amine Oxide(OA-12)"}]},{"@type":"WebSite","@id":"https:\/\/vcycletech.com\/#website","url":"https:\/\/vcycletech.com\/","name":"vcycletech","description":"China&#039;principal fornecedor de produtos qu\u00edmicos para tratamento de \u00e1gua","publisher":{"@id":"https:\/\/vcycletech.com\/#organization"},"potentialAction":[{"@type":"SearchAction","target":{"@type":"EntryPoint","urlTemplate":"https:\/\/vcycletech.com\/?s={search_term_string}"},"query-input":{"@type":"PropertyValueSpecification","valueRequired":true,"valueName":"search_term_string"}}],"inLanguage":"pt-PT"},{"@type":"Organization","@id":"https:\/\/vcycletech.com\/#organization","name":"vcycletech","url":"https:\/\/vcycletech.com\/","logo":{"@type":"ImageObject","inLanguage":"pt-PT","@id":"https:\/\/vcycletech.com\/#\/schema\/logo\/image\/","url":"https:\/\/vcycletech.com\/wp-content\/uploads\/2023\/03\/logo-vcycletech-1.png","contentUrl":"https:\/\/vcycletech.com\/wp-content\/uploads\/2023\/03\/logo-vcycletech-1.png","width":600,"height":400,"caption":"vcycletech"},"image":{"@id":"https:\/\/vcycletech.com\/#\/schema\/logo\/image\/"}}]}},"_links":{"self":[{"href":"https:\/\/vcycletech.com\/pt\/wp-json\/wp\/v2\/product\/1378","targetHints":{"allow":["GET"]}}],"collection":[{"href":"https:\/\/vcycletech.com\/pt\/wp-json\/wp\/v2\/product"}],"about":[{"href":"https:\/\/vcycletech.com\/pt\/wp-json\/wp\/v2\/types\/product"}],"wp:featuredmedia":[{"embeddable":true,"href":"https:\/\/vcycletech.com\/pt\/wp-json\/wp\/v2\/media\/1382"}],"wp:attachment":[{"href":"https:\/\/vcycletech.com\/pt\/wp-json\/wp\/v2\/media?parent=1378"}],"wp:term":[{"taxonomy":"product_brand","embeddable":true,"href":"https:\/\/vcycletech.com\/pt\/wp-json\/wp\/v2\/product_brand?post=1378"},{"taxonomy":"product_cat","embeddable":true,"href":"https:\/\/vcycletech.com\/pt\/wp-json\/wp\/v2\/product_cat?post=1378"},{"taxonomy":"product_tag","embeddable":true,"href":"https:\/\/vcycletech.com\/pt\/wp-json\/wp\/v2\/product_tag?post=1378"}],"curies":[{"name":"wp","href":"https:\/\/api.w.org\/{rel}","templated":true}]}}