{"id":1368,"date":"2023-03-22T04:45:17","date_gmt":"2023-03-22T04:45:17","guid":{"rendered":"https:\/\/vcycletech.com\/?post_type=product&#038;p=1368"},"modified":"2023-03-22T06:41:29","modified_gmt":"2023-03-22T06:41:29","slug":"didecil-dimetil-amonio-cloreto-1021","status":"publish","type":"product","link":"https:\/\/vcycletech.com\/pt\/produtos\/didecil-dimetil-amonio-cloreto-1021\/","title":{"rendered":"Cloreto de Didecil Dimetil Am\u00f4nio (D1021)"},"content":{"rendered":"<h3>CAS: 7173-51-5<\/h3>\n<h3>F\u00f3rmula molecular: C22H48ClN<\/h3>\n<h3>Peso molecular: 362<\/h3>\n<h3>Estrutura:<\/h3>\n<figure id=\"attachment_1374\" aria-describedby=\"caption-attachment-1374\" style=\"width: 600px\" class=\"wp-caption alignnone\"><img fetchpriority=\"high\" decoding=\"async\" class=\"size-full wp-image-1374\" src=\"https:\/\/vcycletech.com\/wp-content\/uploads\/2023\/03\/1-70.png\" alt=\"D1021\" width=\"600\" height=\"600\" srcset=\"https:\/\/vcycletech.com\/wp-content\/uploads\/2023\/03\/1-70.png 600w, https:\/\/vcycletech.com\/wp-content\/uploads\/2023\/03\/1-70-100x100.png 100w, https:\/\/vcycletech.com\/wp-content\/uploads\/2023\/03\/1-70-300x300.png 300w, https:\/\/vcycletech.com\/wp-content\/uploads\/2023\/03\/1-70-150x150.png 150w\" sizes=\"(max-width: 600px) 100vw, 600px\" \/><figcaption id=\"caption-attachment-1374\" class=\"wp-caption-text\">D1021<\/figcaption><\/figure>\n<h3>Especifica\u00e7\u00e3o:<\/h3>\n<div id=\"footable_parent_1375\"\n         class=\"footable_parent ninja_table_wrapper loading_ninja_table wp_table_data_press_parent semantic_ui\">\n                <table data-ninja_table_instance=\"ninja_table_instance_0\" data-footable_id=\"1375\" data-filter-delay=\"1000\" aria-label=\"D1021.csv\"            id=\"footable_1375\"\n           data-unique_identifier=\"ninja_table_unique_id_3101809944_1375\"\n           class=\"foo-table ninja_footable foo_table_1375 ninja_table_unique_id_3101809944_1375 ui table  nt_type_legacy_table selectable striped vertical_centered  footable-paging-right ninja_table_pro\">\n                <colgroup>\n                            <col class=\"ninja_column_0\">\n                            <col class=\"ninja_column_1\">\n                            <col class=\"ninja_column_2\">\n                    <\/colgroup>\n        <thead>\n<tr class=\"footable-header\">\n                                                        <th scope=\"col\"  class=\"ninja_column_0 ninja_clmn_nm_items\">Unid<\/th><th scope=\"col\"  class=\"ninja_column_1 ninja_clmn_nm_index\">\u00cdndice<\/th><th scope=\"col\"  class=\"ninja_column_2 ninja_clmn_nm_ninja_column_3\"><\/th><\/tr>\n<\/thead>\n<tbody>\n\n        <tr data-row_id=\"359\" class=\"ninja_table_row_0 nt_row_id_359\">\n            <td>Apar\u00eancia<\/td><td>L\u00edquido l\u00edmpido, amarelo p\u00e1lido a palha<\/td><td>L\u00edquido l\u00edmpido, amarelo p\u00e1lido a palha<\/td>        <\/tr>\n            <tr data-row_id=\"360\" class=\"ninja_table_row_1 nt_row_id_360\">\n            <td>Conte\u00fado ativo, %<\/td><td>48-52<\/td><td>78-82<\/td>        <\/tr>\n            <tr data-row_id=\"361\" class=\"ninja_table_row_2 nt_row_id_361\">\n            <td>pH (solu\u00e7\u00e3o de \u00e1gua 10%)<\/td><td>5.0-9.0<\/td><td>5.0-9.0<\/td>        <\/tr>\n            <tr data-row_id=\"362\" class=\"ninja_table_row_3 nt_row_id_362\">\n            <td>Amina livre, %<\/td><td>2,0 m\u00e1x.<\/td><td>2,0 m\u00e1x.<\/td>        <\/tr>\n            <tr data-row_id=\"363\" class=\"ninja_table_row_4 nt_row_id_363\">\n            <td>Cor (APHA)<\/td><td>150 m\u00e1x.<\/td><td>150 m\u00e1x.<\/td>        <\/tr>\n    <\/tbody><!--ninja_tobody_rendering_done-->\n    <\/table>\n    \n    \n    \n<\/div>\n\n<h2>Propriedades:<\/h2>\n<p><strong>Cloreto de Didecil Dimetil Am\u00f4nio (D1021)<\/strong> \u00e9 um surfactante cati\u00f4nico de compostos de dialquil dimetil am\u00f4nio quatern\u00e1rio. \u00c9 facilmente sol\u00favel em \u00e1gua e solventes org\u00e2nicos, e \u00e9 um l\u00edquido amarelo claro \u00e0 temperatura ambiente com estrutura qu\u00edmica est\u00e1vel e baixa irrita\u00e7\u00e3o.<\/p>\n<p><strong>Cloreto de Didecil Dimetil Am\u00f4nio (D1021)<\/strong> tem um amplo espectro de atividade contra bact\u00e9rias gram-positivas e gram-negativas, fungos, bolores e v\u00edrus envelopados. Ele resiste \u00e0 \u00e1gua dura, possui forte surfactante e propriedades umectantes e \u00e9 reconhecido por sua efic\u00e1cia contra sujidades org\u00e2nicas pesadas, como sangue e prote\u00ednas. Isso o torna adequado para aceita\u00e7\u00e3o mundial com base na aprova\u00e7\u00e3o de registro e listas oficiais.<\/p>\n<h3>Uso:<\/h3>\n<p><strong>Cloreto de Didecil Dimetil Am\u00f4nio (D1021)<\/strong> \u00c9 a terceira gera\u00e7\u00e3o de compostos de am\u00f4nio quatern\u00e1rio, apresentando propriedades antimicrobianas superiores aos produtos de primeira e segunda gera\u00e7\u00e3o. Tem uma vasta gama de aplica\u00e7\u00f5es, incluindo:<\/p>\n<p>1. Como um fungicida para \u00e1gua de inje\u00e7\u00e3o em campos petrol\u00edferos e \u00e1gua de resfriamento de circula\u00e7\u00e3o industrial.<br \/>\n2. Como desinfetante, fungicida e conservante de madeira.<br \/>\n3. Como agentes anti-tra\u00e7a para t\u00eaxteis.<br \/>\n4. Quando combinado com di\u00f3xido de cloro para higieniza\u00e7\u00e3o de superf\u00edcies duras, mata as bact\u00e9rias.<\/p>\n<h3>Pacote e armazenamento:<\/h3>\n<p><strong>Cloreto de Didecil Dimetil Am\u00f4nio (D1021)<\/strong> devem ser embalados em recipientes apertados e armazenados em local fresco e seco, longe da luz solar direta. \u00c9 essencial manter o recipiente fechado quando n\u00e3o estiver em uso, pois \u00e9 altamente higrosc\u00f3pico e pode absorver umidade se for deixado exposto. Tambor pl\u00e1stico de 200L, IBC(1000L), requisito do cliente. Armazenamento por um ano em uma sala com sombra e local seco.<\/p>\n<h3>Sin\u00f4nimos:<\/h3>\n<p>aliquat203<\/p>\n<p>bardac22<\/p>\n<p>bio-dac50-22<\/p>\n<p>Cloreto de N,N-Didecil-N,N-dimetilam\u00f4nio<\/p>\n<p>1-Decanam\u00ednio,N-decil-N,N-dimetil-,cloreto<\/p>\n<p>btc1010<\/p>\n<p>ddac(cloreto de didecildimetilam\u00f4nio)<\/p>\n<h3>Perguntas frequentes sobre o D1021:<\/h3>\n<p><strong>O que \u00e9 Cloreto de Didecil Dimetil Am\u00f4nio (D1021)?<\/strong><br \/>\n\u00c9 um composto org\u00e2nico comumente usado como ingrediente ativo em produtos qu\u00edmicos para tratamento de \u00e1gua. \u00c9 um surfactante cati\u00f4nico e desinfetante que ajuda a remover s\u00f3lidos suspensos, \u00f3leos e outros contaminantes da \u00e1gua. Possui alto teor de cet\u00edlico, o que lhe confere intensa a\u00e7\u00e3o de esfolia\u00e7\u00e3o e excelentes resultados de limpeza.<\/p>\n<p><strong>Quais s\u00e3o as vantagens de usar o D1021 para tratamento de \u00e1gua?<\/strong><br \/>\nO uso do D1021 para tratamento de \u00e1gua oferece v\u00e1rias vantagens, incluindo:<br \/>\n\u2022 Alta efic\u00e1cia na remo\u00e7\u00e3o de s\u00f3lidos em suspens\u00e3o, \u00f3leos e outros contaminantes da \u00e1gua;<br \/>\n\u2022 Custo-benef\u00edcio;<br \/>\n\u2022 Biodegradabilidade;<br \/>\n\u2022 Baixa toxicidade;<br \/>\n\u2022 Compatibilidade com outros produtos qu\u00edmicos de tratamento de \u00e1gua.<\/p>\n<p><strong>Existem riscos potenciais associados ao uso do D1021?<\/strong><br \/>\nEmbora o D1021 seja geralmente considerado seguro quando usado corretamente de acordo com as instru\u00e7\u00f5es do fabricante, os riscos potenciais podem incluir irrita\u00e7\u00e3o da pele ou alergias devido ao contato direto com o pr\u00f3prio produto qu\u00edmico ou seus vapores. A exposi\u00e7\u00e3o prolongada a altas concentra\u00e7\u00f5es deste produto qu\u00edmico tamb\u00e9m pode causar irrita\u00e7\u00e3o respirat\u00f3ria ou rea\u00e7\u00f5es semelhantes a queimaduras na pele. Portanto, \u00e9 importante ter cuidado ao manusear este material e seguir todas as orienta\u00e7\u00f5es de seguran\u00e7a fornecidas pelo fabricante.<\/p>\n<p><strong>Quais s\u00e3o alguns usos comuns do D1021?<\/strong><br \/>\nO D1021 \u00e9 mais comumente usado em aplica\u00e7\u00f5es industriais, como esta\u00e7\u00f5es de tratamento de \u00e1guas residuais, onde ajuda a remover impurezas de fontes de \u00e1gua contaminadas antes que cheguem aos nossos rios, lagos e oceanos. Tamb\u00e9m pode ser usado para limpar suprimentos de \u00e1gua pot\u00e1vel que foram contaminados devido a desastres naturais, como inunda\u00e7\u00f5es, furac\u00f5es ou terremotos, onde os m\u00e9todos tradicionais de filtragem podem n\u00e3o remover efetivamente todos os contaminantes do abastecimento de \u00e1gua da fonte.<\/p>\n<p><a href=\"https:\/\/vcycletech.com\/pt\/surfactante-cationico\/\"><strong>Obtenha a solu\u00e7\u00e3o completa de surfactante cati\u00f4nico.<\/strong><\/a><\/p>","protected":false},"excerpt":{"rendered":"<p>Este produto poderoso representa uma verdadeira refer\u00eancia em excel\u00eancia em tratamento de \u00e1gua, gra\u00e7as \u00e0 sua capacidade de penetrar profundamente e esterilizar qualquer coisa em contato. Com qualidades de a\u00e7\u00e3o r\u00e1pida, o tempo de perman\u00eancia necess\u00e1rio \u00e9 menor do que a maioria dos outros produtos \u2013 o que significa que os resultados v\u00eam mais r\u00e1pido e mais f\u00e1cil do que nunca.<\/p>\n<p>Com biodegradabilidade muito superior aos compostos de am\u00f4nio quatern\u00e1rio convencionais no mercado hoje, o D1021 se decomp\u00f5e em \u00e1cido ac\u00e9tico inofensivo sem causar danos a humanos ou animais e sem danificar nosso meio ambiente. Dando a voc\u00ea paz de esp\u00edrito a cada uso.<\/p>\n<p>N\u00e3o importa que tipo de sistema de \u00e1gua voc\u00ea tenha; desde uma piscina grande que mant\u00e9m milhares de pessoas refrescadas durante o ver\u00e3o ou simplesmente itens de limpeza dom\u00e9stica, como chuveiros e pequenos lagos externos, este desinfetante supereficiente certamente est\u00e1 \u00e0 altura da tarefa!<\/p>","protected":false},"featured_media":1370,"template":"","meta":{"site-sidebar-layout":"default","site-content-layout":"default","ast-site-content-layout":"default","site-content-style":"default","site-sidebar-style":"default","ast-global-header-display":"","ast-banner-title-visibility":"","ast-main-header-display":"","ast-hfb-above-header-display":"","ast-hfb-below-header-display":"","ast-hfb-mobile-header-display":"","site-post-title":"","ast-breadcrumbs-content":"","ast-featured-img":"","footer-sml-layout":"","ast-disable-related-posts":"","theme-transparent-header-meta":"default","adv-header-id-meta":"","stick-header-meta":"default","header-above-stick-meta":"","header-main-stick-meta":"","header-below-stick-meta":"","astra-migrate-meta-layouts":"default","ast-page-background-enabled":"default","ast-page-background-meta":{"desktop":{"background-color":"","background-image":"","background-repeat":"repeat","background-position":"center center","background-size":"auto","background-attachment":"scroll","background-type":"","background-media":"","overlay-type":"","overlay-color":"","overlay-opacity":"","overlay-gradient":""},"tablet":{"background-color":"","background-image":"","background-repeat":"repeat","background-position":"center center","background-size":"auto","background-attachment":"scroll","background-type":"","background-media":"","overlay-type":"","overlay-color":"","overlay-opacity":"","overlay-gradient":""},"mobile":{"background-color":"","background-image":"","background-repeat":"repeat","background-position":"center center","background-size":"auto","background-attachment":"scroll","background-type":"","background-media":"","overlay-type":"","overlay-color":"","overlay-opacity":"","overlay-gradient":""}},"ast-content-background-meta":{"desktop":{"background-color":"var(--ast-global-color-5)","background-image":"","background-repeat":"repeat","background-position":"center center","background-size":"auto","background-attachment":"scroll","background-type":"","background-media":"","overlay-type":"","overlay-color":"","overlay-opacity":"","overlay-gradient":""},"tablet":{"background-color":"var(--ast-global-color-5)","background-image":"","background-repeat":"repeat","background-position":"center center","background-size":"auto","background-attachment":"scroll","background-type":"","background-media":"","overlay-type":"","overlay-color":"","overlay-opacity":"","overlay-gradient":""},"mobile":{"background-color":"var(--ast-global-color-5)","background-image":"","background-repeat":"repeat","background-position":"center center","background-size":"auto","background-attachment":"scroll","background-type":"","background-media":"","overlay-type":"","overlay-color":"","overlay-opacity":"","overlay-gradient":""}}},"product_brand":[],"product_cat":[33],"product_tag":[],"class_list":{"0":"post-1368","1":"product","2":"type-product","3":"status-publish","4":"has-post-thumbnail","6":"product_cat-cationic-surfactant-list","7":"desktop-align-left","8":"tablet-align-left","9":"mobile-align-left","10":"ast-product-gallery-layout-horizontal-slider","11":"ast-product-tabs-layout-horizontal","13":"first","14":"instock","15":"shipping-taxable","16":"product-type-simple"},"yoast_head":"<!-- This site is optimized with the Yoast SEO Premium plugin v26.3 (Yoast SEO v27.5) - https:\/\/yoast.com\/product\/yoast-seo-premium-wordpress\/ -->\n<title>Didecyl Dimethyl Ammonium Chloride(D1021) - vcycletech<\/title>\n<meta name=\"description\" content=\"The water treatment and disinfectant chemicals can give your water supply the confidence of cleanliness. With antibacterial, antifungal, and virucidal properties, it ensures your family&#039;s pools, hot tubs, fountains, and other sources of drinking water are all treated with the utmost efficiency when you use D1021.\" \/>\n<meta name=\"robots\" content=\"index, follow, max-snippet:-1, max-image-preview:large, max-video-preview:-1\" \/>\n<link rel=\"canonical\" href=\"https:\/\/vcycletech.com\/pt\/produtos\/didecil-dimetil-amonio-cloreto-1021\/\" \/>\n<meta property=\"og:locale\" content=\"pt_PT\" \/>\n<meta property=\"og:type\" content=\"article\" \/>\n<meta property=\"og:title\" content=\"Didecyl Dimethyl Ammonium Chloride(D1021)\" \/>\n<meta property=\"og:description\" content=\"The water treatment and disinfectant chemicals can give your water supply the confidence of cleanliness. With antibacterial, antifungal, and virucidal properties, it ensures your family&#039;s pools, hot tubs, fountains, and other sources of drinking water are all treated with the utmost efficiency when you use D1021.\" \/>\n<meta property=\"og:url\" content=\"https:\/\/vcycletech.com\/pt\/produtos\/didecil-dimetil-amonio-cloreto-1021\/\" \/>\n<meta property=\"og:site_name\" content=\"vcycletech\" \/>\n<meta property=\"article:modified_time\" content=\"2023-03-22T06:41:29+00:00\" \/>\n<meta property=\"og:image\" content=\"https:\/\/vcycletech.com\/wp-content\/uploads\/2023\/03\/1-69.png\" \/>\n\t<meta property=\"og:image:width\" content=\"600\" \/>\n\t<meta property=\"og:image:height\" content=\"600\" \/>\n\t<meta property=\"og:image:type\" content=\"image\/png\" \/>\n<meta name=\"twitter:card\" content=\"summary_large_image\" \/>\n<meta name=\"twitter:label1\" content=\"Tempo estimado de leitura\" \/>\n\t<meta name=\"twitter:data1\" content=\"3 minutos\" \/>\n<script type=\"application\/ld+json\" class=\"yoast-schema-graph\">{\"@context\":\"https:\\\/\\\/schema.org\",\"@graph\":[{\"@type\":\"WebPage\",\"@id\":\"https:\\\/\\\/vcycletech.com\\\/product\\\/didecyl-dimethyl-ammonium-chlorided1021\\\/\",\"url\":\"https:\\\/\\\/vcycletech.com\\\/product\\\/didecyl-dimethyl-ammonium-chlorided1021\\\/\",\"name\":\"Didecyl Dimethyl Ammonium Chloride(D1021) - vcycletech\",\"isPartOf\":{\"@id\":\"https:\\\/\\\/vcycletech.com\\\/#website\"},\"primaryImageOfPage\":{\"@id\":\"https:\\\/\\\/vcycletech.com\\\/product\\\/didecyl-dimethyl-ammonium-chlorided1021\\\/#primaryimage\"},\"image\":{\"@id\":\"https:\\\/\\\/vcycletech.com\\\/product\\\/didecyl-dimethyl-ammonium-chlorided1021\\\/#primaryimage\"},\"thumbnailUrl\":\"https:\\\/\\\/vcycletech.com\\\/wp-content\\\/uploads\\\/2023\\\/03\\\/1-69.png\",\"datePublished\":\"2023-03-22T04:45:17+00:00\",\"dateModified\":\"2023-03-22T06:41:29+00:00\",\"description\":\"The water treatment and disinfectant chemicals can give your water supply the confidence of cleanliness. With antibacterial, antifungal, and virucidal properties, it ensures your family's pools, hot tubs, fountains, and other sources of drinking water are all treated with the utmost efficiency when you use D1021.\",\"breadcrumb\":{\"@id\":\"https:\\\/\\\/vcycletech.com\\\/product\\\/didecyl-dimethyl-ammonium-chlorided1021\\\/#breadcrumb\"},\"inLanguage\":\"pt-PT\",\"potentialAction\":[{\"@type\":\"ReadAction\",\"target\":[\"https:\\\/\\\/vcycletech.com\\\/product\\\/didecyl-dimethyl-ammonium-chlorided1021\\\/\"]}]},{\"@type\":\"ImageObject\",\"inLanguage\":\"pt-PT\",\"@id\":\"https:\\\/\\\/vcycletech.com\\\/product\\\/didecyl-dimethyl-ammonium-chlorided1021\\\/#primaryimage\",\"url\":\"https:\\\/\\\/vcycletech.com\\\/wp-content\\\/uploads\\\/2023\\\/03\\\/1-69.png\",\"contentUrl\":\"https:\\\/\\\/vcycletech.com\\\/wp-content\\\/uploads\\\/2023\\\/03\\\/1-69.png\",\"width\":600,\"height\":600,\"caption\":\"Didecyl Dimethyl Ammonium Chloride(D1021)\"},{\"@type\":\"BreadcrumbList\",\"@id\":\"https:\\\/\\\/vcycletech.com\\\/product\\\/didecyl-dimethyl-ammonium-chlorided1021\\\/#breadcrumb\",\"itemListElement\":[{\"@type\":\"ListItem\",\"position\":1,\"name\":\"Home\",\"item\":\"https:\\\/\\\/vcycletech.com\\\/\"},{\"@type\":\"ListItem\",\"position\":2,\"name\":\"Water Treatment Chemicals Manufacturer\",\"item\":\"https:\\\/\\\/vcycletech.com\\\/water-treatment-chemicals-manufacturer\\\/\"},{\"@type\":\"ListItem\",\"position\":3,\"name\":\"Didecyl Dimethyl Ammonium Chloride(D1021)\"}]},{\"@type\":\"WebSite\",\"@id\":\"https:\\\/\\\/vcycletech.com\\\/#website\",\"url\":\"https:\\\/\\\/vcycletech.com\\\/\",\"name\":\"vcycletech\",\"description\":\"China&#039;s top water treatment chemicals supplier\",\"publisher\":{\"@id\":\"https:\\\/\\\/vcycletech.com\\\/#organization\"},\"potentialAction\":[{\"@type\":\"SearchAction\",\"target\":{\"@type\":\"EntryPoint\",\"urlTemplate\":\"https:\\\/\\\/vcycletech.com\\\/?s={search_term_string}\"},\"query-input\":{\"@type\":\"PropertyValueSpecification\",\"valueRequired\":true,\"valueName\":\"search_term_string\"}}],\"inLanguage\":\"pt-PT\"},{\"@type\":\"Organization\",\"@id\":\"https:\\\/\\\/vcycletech.com\\\/#organization\",\"name\":\"vcycletech\",\"url\":\"https:\\\/\\\/vcycletech.com\\\/\",\"logo\":{\"@type\":\"ImageObject\",\"inLanguage\":\"pt-PT\",\"@id\":\"https:\\\/\\\/vcycletech.com\\\/#\\\/schema\\\/logo\\\/image\\\/\",\"url\":\"https:\\\/\\\/vcycletech.com\\\/wp-content\\\/uploads\\\/2023\\\/03\\\/logo-vcycletech-1.png\",\"contentUrl\":\"https:\\\/\\\/vcycletech.com\\\/wp-content\\\/uploads\\\/2023\\\/03\\\/logo-vcycletech-1.png\",\"width\":600,\"height\":400,\"caption\":\"vcycletech\"},\"image\":{\"@id\":\"https:\\\/\\\/vcycletech.com\\\/#\\\/schema\\\/logo\\\/image\\\/\"}}]}<\/script>\n<!-- \/ Yoast SEO Premium plugin. -->","yoast_head_json":{"title":"Cloreto de Didecil Dimetil Am\u00f4nio (D1021) - vcycletech","description":"O tratamento de \u00e1gua e os produtos qu\u00edmicos desinfetantes podem dar ao seu abastecimento de \u00e1gua a confian\u00e7a da limpeza. Com propriedades antibacterianas, antif\u00fangicas e viricidas, garante que as piscinas, banheiras de hidromassagem, fontes e outras fontes de \u00e1gua pot\u00e1vel da sua fam\u00edlia sejam tratadas com a m\u00e1xima efici\u00eancia quando voc\u00ea usa o D1021.","robots":{"index":"index","follow":"follow","max-snippet":"max-snippet:-1","max-image-preview":"max-image-preview:large","max-video-preview":"max-video-preview:-1"},"canonical":"https:\/\/vcycletech.com\/pt\/produtos\/didecil-dimetil-amonio-cloreto-1021\/","og_locale":"pt_PT","og_type":"article","og_title":"Didecyl Dimethyl Ammonium Chloride(D1021)","og_description":"The water treatment and disinfectant chemicals can give your water supply the confidence of cleanliness. With antibacterial, antifungal, and virucidal properties, it ensures your family's pools, hot tubs, fountains, and other sources of drinking water are all treated with the utmost efficiency when you use D1021.","og_url":"https:\/\/vcycletech.com\/pt\/produtos\/didecil-dimetil-amonio-cloreto-1021\/","og_site_name":"vcycletech","article_modified_time":"2023-03-22T06:41:29+00:00","og_image":[{"width":600,"height":600,"url":"https:\/\/vcycletech.com\/wp-content\/uploads\/2023\/03\/1-69.png","type":"image\/png"}],"twitter_card":"summary_large_image","twitter_misc":{"Tempo estimado de leitura":"3 minutos"},"schema":{"@context":"https:\/\/schema.org","@graph":[{"@type":"WebPage","@id":"https:\/\/vcycletech.com\/product\/didecyl-dimethyl-ammonium-chlorided1021\/","url":"https:\/\/vcycletech.com\/product\/didecyl-dimethyl-ammonium-chlorided1021\/","name":"Cloreto de Didecil Dimetil Am\u00f4nio (D1021) - vcycletech","isPartOf":{"@id":"https:\/\/vcycletech.com\/#website"},"primaryImageOfPage":{"@id":"https:\/\/vcycletech.com\/product\/didecyl-dimethyl-ammonium-chlorided1021\/#primaryimage"},"image":{"@id":"https:\/\/vcycletech.com\/product\/didecyl-dimethyl-ammonium-chlorided1021\/#primaryimage"},"thumbnailUrl":"https:\/\/vcycletech.com\/wp-content\/uploads\/2023\/03\/1-69.png","datePublished":"2023-03-22T04:45:17+00:00","dateModified":"2023-03-22T06:41:29+00:00","description":"O tratamento de \u00e1gua e os produtos qu\u00edmicos desinfetantes podem dar ao seu abastecimento de \u00e1gua a confian\u00e7a da limpeza. Com propriedades antibacterianas, antif\u00fangicas e viricidas, garante que as piscinas, banheiras de hidromassagem, fontes e outras fontes de \u00e1gua pot\u00e1vel da sua fam\u00edlia sejam tratadas com a m\u00e1xima efici\u00eancia quando voc\u00ea usa o D1021.","breadcrumb":{"@id":"https:\/\/vcycletech.com\/product\/didecyl-dimethyl-ammonium-chlorided1021\/#breadcrumb"},"inLanguage":"pt-PT","potentialAction":[{"@type":"ReadAction","target":["https:\/\/vcycletech.com\/product\/didecyl-dimethyl-ammonium-chlorided1021\/"]}]},{"@type":"ImageObject","inLanguage":"pt-PT","@id":"https:\/\/vcycletech.com\/product\/didecyl-dimethyl-ammonium-chlorided1021\/#primaryimage","url":"https:\/\/vcycletech.com\/wp-content\/uploads\/2023\/03\/1-69.png","contentUrl":"https:\/\/vcycletech.com\/wp-content\/uploads\/2023\/03\/1-69.png","width":600,"height":600,"caption":"Didecyl Dimethyl Ammonium Chloride(D1021)"},{"@type":"BreadcrumbList","@id":"https:\/\/vcycletech.com\/product\/didecyl-dimethyl-ammonium-chlorided1021\/#breadcrumb","itemListElement":[{"@type":"ListItem","position":1,"name":"Home","item":"https:\/\/vcycletech.com\/"},{"@type":"ListItem","position":2,"name":"Water Treatment Chemicals Manufacturer","item":"https:\/\/vcycletech.com\/water-treatment-chemicals-manufacturer\/"},{"@type":"ListItem","position":3,"name":"Didecyl Dimethyl Ammonium Chloride(D1021)"}]},{"@type":"WebSite","@id":"https:\/\/vcycletech.com\/#website","url":"https:\/\/vcycletech.com\/","name":"vcycletech","description":"China&#039;principal fornecedor de produtos qu\u00edmicos para tratamento de \u00e1gua","publisher":{"@id":"https:\/\/vcycletech.com\/#organization"},"potentialAction":[{"@type":"SearchAction","target":{"@type":"EntryPoint","urlTemplate":"https:\/\/vcycletech.com\/?s={search_term_string}"},"query-input":{"@type":"PropertyValueSpecification","valueRequired":true,"valueName":"search_term_string"}}],"inLanguage":"pt-PT"},{"@type":"Organization","@id":"https:\/\/vcycletech.com\/#organization","name":"vcycletech","url":"https:\/\/vcycletech.com\/","logo":{"@type":"ImageObject","inLanguage":"pt-PT","@id":"https:\/\/vcycletech.com\/#\/schema\/logo\/image\/","url":"https:\/\/vcycletech.com\/wp-content\/uploads\/2023\/03\/logo-vcycletech-1.png","contentUrl":"https:\/\/vcycletech.com\/wp-content\/uploads\/2023\/03\/logo-vcycletech-1.png","width":600,"height":400,"caption":"vcycletech"},"image":{"@id":"https:\/\/vcycletech.com\/#\/schema\/logo\/image\/"}}]}},"_links":{"self":[{"href":"https:\/\/vcycletech.com\/pt\/wp-json\/wp\/v2\/product\/1368","targetHints":{"allow":["GET"]}}],"collection":[{"href":"https:\/\/vcycletech.com\/pt\/wp-json\/wp\/v2\/product"}],"about":[{"href":"https:\/\/vcycletech.com\/pt\/wp-json\/wp\/v2\/types\/product"}],"wp:featuredmedia":[{"embeddable":true,"href":"https:\/\/vcycletech.com\/pt\/wp-json\/wp\/v2\/media\/1370"}],"wp:attachment":[{"href":"https:\/\/vcycletech.com\/pt\/wp-json\/wp\/v2\/media?parent=1368"}],"wp:term":[{"taxonomy":"product_brand","embeddable":true,"href":"https:\/\/vcycletech.com\/pt\/wp-json\/wp\/v2\/product_brand?post=1368"},{"taxonomy":"product_cat","embeddable":true,"href":"https:\/\/vcycletech.com\/pt\/wp-json\/wp\/v2\/product_cat?post=1368"},{"taxonomy":"product_tag","embeddable":true,"href":"https:\/\/vcycletech.com\/pt\/wp-json\/wp\/v2\/product_tag?post=1368"}],"curies":[{"name":"wp","href":"https:\/\/api.w.org\/{rel}","templated":true}]}}