{"id":1365,"date":"2023-03-22T06:11:12","date_gmt":"2023-03-22T06:11:12","guid":{"rendered":"https:\/\/vcycletech.com\/?post_type=product&#038;p=1365"},"modified":"2023-03-27T03:11:58","modified_gmt":"2023-03-27T03:11:58","slug":"wt-706-detergente-para-remocao-de-oleo","status":"publish","type":"product","link":"https:\/\/vcycletech.com\/pt\/produtos\/wt-706-detergente-para-remocao-de-oleo\/","title":{"rendered":"Detergente Desengordurante WT-706"},"content":{"rendered":"<h3>Propriedades:<\/h3>\n<div class=\"break-words markdown-formatted-text\">\n<p class=\"my-0.5\"><strong>KR-706<\/strong> \u00e9 um poderoso detergente desengordurante que elimina pel\u00edculas de \u00f3leo, \u00f3leo emulsificado e incrusta\u00e7\u00f5es. Limpa e desincrusta superf\u00edcies com efici\u00eancia gra\u00e7as aos seus componentes quelantes, de limpeza, desoleificantes, dispersantes e agentes penetrantes. O KR-706 tamb\u00e9m \u00e9 compat\u00edvel com incrusta\u00e7\u00f5es da s\u00e9rie de f\u00f3sforo e inibidores de corros\u00e3o para prote\u00e7\u00e3o adicional.<\/p>\n<\/div>\n<h3 class=\"flex w-full items-center justify-end flex-wrap pt-0 !mt-2 @md:!mt-0 @md:pt-1.5\" data-exclude-from-screenshot=\"true\">Especifica\u00e7\u00e3o:<\/h3>\n<div id=\"footable_parent_1367\"\n         class=\"footable_parent ninja_table_wrapper loading_ninja_table wp_table_data_press_parent semantic_ui\">\n                <table data-ninja_table_instance=\"ninja_table_instance_0\" data-footable_id=\"1367\" data-filter-delay=\"1000\" aria-label=\"Detergente Desengordurante KR-706.csv\"            id=\"footable_1367\"\n           data-unique_identifier=\"ninja_table_unique_id_2972250417_1367\"\n           class=\"foo-table ninja_footable foo_table_1367 ninja_table_unique_id_2972250417_1367 ui table  nt_type_legacy_table selectable striped vertical_centered  footable-paging-right ninja_table_pro\">\n                <colgroup>\n                            <col class=\"ninja_column_0\">\n                            <col class=\"ninja_column_1\">\n                    <\/colgroup>\n        <thead>\n<tr class=\"footable-header\">\n                                        <th scope=\"col\"  class=\"ninja_column_0 ninja_clmn_nm_items\">Itens<\/th><th scope=\"col\"  class=\"ninja_column_1 ninja_clmn_nm_index\">\u00cdndice<\/th><\/tr>\n<\/thead>\n<tbody>\n\n        <tr data-row_id=\"355\" class=\"ninja_table_row_0 nt_row_id_355\">\n            <td>Apar\u00eancia<\/td><td>Ambe l\u00edquido turvo<\/td>        <\/tr>\n            <tr data-row_id=\"356\" class=\"ninja_table_row_1 nt_row_id_356\">\n            <td>Conte\u00fado s\u00f3lido, %<\/td><td>30,0 min<\/td>        <\/tr>\n            <tr data-row_id=\"357\" class=\"ninja_table_row_2 nt_row_id_357\">\n            <td>Densidade (20 \u2103), g\/cm3<\/td><td>1,25\u00b10,1<\/td>        <\/tr>\n            <tr data-row_id=\"358\" class=\"ninja_table_row_3 nt_row_id_358\">\n            <td>pH (solu\u00e7\u00e3o de \u00e1gua 1%)<\/td><td>2,0\u00b11,0<\/td>        <\/tr>\n    <\/tbody><!--ninja_tobody_rendering_done-->\n    <\/table>\n    \n    \n    \n<\/div>\n\n<h3>Uso:<\/h3>\n<p>A circula\u00e7\u00e3o real de \u00e1gua fria por um t\u00e9cnico qualificado deve determinar a dosagem.<\/p>\n<h3>Pacote e armazenamento:<\/h3>\n<p>De acordo com as solicita\u00e7\u00f5es dos clientes, o produto est\u00e1 dispon\u00edvel em tambores pl\u00e1sticos de 200L e IBCs (1000L). Deve ser armazenado em um ambiente seco e sombreado por seis meses.<\/p>\n<h3>Prote\u00e7\u00e3o de seguran\u00e7a:<\/h3>\n<p>\u00c9 \u00e1cido e n\u00e3o deve entrar em contato com os olhos ou a pele. Se ocorrer contato, lave bem a \u00e1rea afetada com \u00e1gua.<\/p>\n<h3>Perguntas frequentes:<\/h3>\n<p><strong>Q1: O que \u00e9 WT-706 Detergent Deoiling?<\/strong><br \/>\nWT-706 Detergent Deoiling \u00e9 um produto qu\u00edmico de tratamento de \u00e1gua especializado usado para remover \u00f3leos e graxas da \u00e1gua. \u00c9 comumente usado na produ\u00e7\u00e3o de petr\u00f3leo, refino, petroqu\u00edmica e outros processos industriais para reduzir a polui\u00e7\u00e3o ambiental.<\/p>\n<p><strong>Q2: Como funciona o Detergente Deoiling WT-706?<\/strong><br \/>\nO detergente funciona quebrando a estrutura molecular das mol\u00e9culas de \u00f3leo, permitindo que sejam separadas da \u00e1gua. Ele funciona combinando-se com as mol\u00e9culas de hidrocarbonetos do \u00f3leo e formando uma emuls\u00e3o que pode ser facilmente removida da solu\u00e7\u00e3o tratada.<\/p>\n<p><strong>P3: Quais s\u00e3o os benef\u00edcios de usar o Detergente Deoiling WT-706?<\/strong><br \/>\nA utiliza\u00e7\u00e3o do Detergente Desoilante WT-706 oferece v\u00e1rias vantagens para os processos industriais. Este detergente pode ajudar a reduzir a polui\u00e7\u00e3o causada por \u00e1guas residuais oleosas, melhorar a efici\u00eancia do processo, aumentar as taxas de recupera\u00e7\u00e3o do produto e reduzir os custos associados ao tratamento de suprimentos de \u00e1gua contaminada. Al\u00e9m disso, pode ser usado em conjunto com outras formas de produtos qu\u00edmicos de tratamento de \u00e1gua para garantir os melhores resultados.<\/p>\n<p><strong>Q4: H\u00e1 algum risco associado ao uso do Detergente Deoiling WT-706?<\/strong><br \/>\nEmbora o uso desse tipo de detergente seja geralmente considerado seguro, os usu\u00e1rios devem tomar precau\u00e7\u00f5es ao manuse\u00e1-lo devido \u00e0 sua forma altamente concentrada. O descarte de revendedores usados tamb\u00e9m deve ser gerenciado com cuidado para evitar poss\u00edvel contamina\u00e7\u00e3o ambiental.<\/p>\n<p><a href=\"https:\/\/vcycletech.com\/pt\/categoria-de-produto\/inibidores-de-corrosao-e-agentes-de-pelicula-de-pre-tratamento\/\">Obtenha a solu\u00e7\u00e3o completa de inibidores de corros\u00e3o de escala constru\u00edda e agentes de pel\u00edcula de pr\u00e9-tratamento.<\/a><\/p>","protected":false},"excerpt":{"rendered":"<p><strong>Detergente Desengordurante WT-706<\/strong> \u00e9 um produto qu\u00edmico de tratamento de \u00e1gua eficaz usado para remo\u00e7\u00e3o de \u00f3leo, descalcifica\u00e7\u00e3o e limpeza. Ele pode efetivamente remover incrusta\u00e7\u00f5es, pel\u00edcula de \u00f3leo e \u00f3leo emulsificado de superf\u00edcies. tornando-o uma escolha ideal para aplica\u00e7\u00f5es de limpeza desengordurantes em ambientes industriais. Al\u00e9m disso, \u00e9 um agente de limpeza ecol\u00f3gico que cont\u00e9m 40% em peso dos ingredientes da composi\u00e7\u00e3o, como sal de s\u00f3dio de toliltriazol Tta Na metilbenzotriazol inibidor de corros\u00e3o, sal diss\u00f3dico de \u00e1cido 1-hidroxietilideno-1,1-difosf\u00f4nico e hexametilenodiaminatetra (\u00e1cido metilenofosf\u00f4nico ) HMDTMPA.<\/p>","protected":false},"featured_media":1402,"template":"","meta":{"site-sidebar-layout":"default","site-content-layout":"default","ast-site-content-layout":"default","site-content-style":"default","site-sidebar-style":"default","ast-global-header-display":"","ast-banner-title-visibility":"","ast-main-header-display":"","ast-hfb-above-header-display":"","ast-hfb-below-header-display":"","ast-hfb-mobile-header-display":"","site-post-title":"","ast-breadcrumbs-content":"","ast-featured-img":"","footer-sml-layout":"","ast-disable-related-posts":"","theme-transparent-header-meta":"default","adv-header-id-meta":"","stick-header-meta":"default","header-above-stick-meta":"","header-main-stick-meta":"","header-below-stick-meta":"","astra-migrate-meta-layouts":"default","ast-page-background-enabled":"default","ast-page-background-meta":{"desktop":{"background-color":"","background-image":"","background-repeat":"repeat","background-position":"center center","background-size":"auto","background-attachment":"scroll","background-type":"","background-media":"","overlay-type":"","overlay-color":"","overlay-opacity":"","overlay-gradient":""},"tablet":{"background-color":"","background-image":"","background-repeat":"repeat","background-position":"center center","background-size":"auto","background-attachment":"scroll","background-type":"","background-media":"","overlay-type":"","overlay-color":"","overlay-opacity":"","overlay-gradient":""},"mobile":{"background-color":"","background-image":"","background-repeat":"repeat","background-position":"center center","background-size":"auto","background-attachment":"scroll","background-type":"","background-media":"","overlay-type":"","overlay-color":"","overlay-opacity":"","overlay-gradient":""}},"ast-content-background-meta":{"desktop":{"background-color":"var(--ast-global-color-5)","background-image":"","background-repeat":"repeat","background-position":"center center","background-size":"auto","background-attachment":"scroll","background-type":"","background-media":"","overlay-type":"","overlay-color":"","overlay-opacity":"","overlay-gradient":""},"tablet":{"background-color":"var(--ast-global-color-5)","background-image":"","background-repeat":"repeat","background-position":"center center","background-size":"auto","background-attachment":"scroll","background-type":"","background-media":"","overlay-type":"","overlay-color":"","overlay-opacity":"","overlay-gradient":""},"mobile":{"background-color":"var(--ast-global-color-5)","background-image":"","background-repeat":"repeat","background-position":"center center","background-size":"auto","background-attachment":"scroll","background-type":"","background-media":"","overlay-type":"","overlay-color":"","overlay-opacity":"","overlay-gradient":""}}},"product_brand":[],"product_cat":[32],"product_tag":[],"class_list":{"0":"post-1365","1":"product","2":"type-product","3":"status-publish","4":"has-post-thumbnail","6":"product_cat-built-scale-corrosion-inhibitors-and-pretreatment-filming-agents","7":"desktop-align-left","8":"tablet-align-left","9":"mobile-align-left","10":"ast-product-gallery-layout-horizontal-slider","11":"ast-product-gallery-with-no-image","12":"ast-product-tabs-layout-horizontal","14":"first","15":"instock","16":"shipping-taxable","17":"product-type-simple"},"yoast_head":"<!-- This site is optimized with the Yoast SEO Premium plugin v26.3 (Yoast SEO v27.5) - https:\/\/yoast.com\/product\/yoast-seo-premium-wordpress\/ -->\n<title>WT-706 Deoiling Detergent - vcycletech<\/title>\n<meta name=\"description\" content=\"Is your water treatment process not working? WT-706 Deoiling Detergent is your solution for successful results!\" \/>\n<meta name=\"robots\" content=\"index, follow, max-snippet:-1, max-image-preview:large, max-video-preview:-1\" \/>\n<link rel=\"canonical\" href=\"https:\/\/vcycletech.com\/pt\/produtos\/wt-706-detergente-para-remocao-de-oleo\/\" \/>\n<meta property=\"og:locale\" content=\"pt_PT\" \/>\n<meta property=\"og:type\" content=\"article\" \/>\n<meta property=\"og:title\" content=\"WT-706 Deoiling Detergent\" \/>\n<meta property=\"og:description\" content=\"Is your water treatment process not working? WT-706 Deoiling Detergent is your solution for successful results!\" \/>\n<meta property=\"og:url\" content=\"https:\/\/vcycletech.com\/pt\/produtos\/wt-706-detergente-para-remocao-de-oleo\/\" \/>\n<meta property=\"og:site_name\" content=\"vcycletech\" \/>\n<meta property=\"article:modified_time\" content=\"2023-03-27T03:11:58+00:00\" \/>\n<meta property=\"og:image\" content=\"https:\/\/vcycletech.com\/wp-content\/uploads\/2023\/03\/1-75.png\" \/>\n\t<meta property=\"og:image:width\" content=\"600\" \/>\n\t<meta property=\"og:image:height\" content=\"600\" \/>\n\t<meta property=\"og:image:type\" content=\"image\/png\" \/>\n<meta name=\"twitter:card\" content=\"summary_large_image\" \/>\n<meta name=\"twitter:label1\" content=\"Tempo estimado de leitura\" \/>\n\t<meta name=\"twitter:data1\" content=\"2 minutos\" \/>\n<script type=\"application\/ld+json\" class=\"yoast-schema-graph\">{\"@context\":\"https:\\\/\\\/schema.org\",\"@graph\":[{\"@type\":\"WebPage\",\"@id\":\"https:\\\/\\\/vcycletech.com\\\/product\\\/wt-706-deoiling-detergent\\\/\",\"url\":\"https:\\\/\\\/vcycletech.com\\\/product\\\/wt-706-deoiling-detergent\\\/\",\"name\":\"WT-706 Deoiling Detergent - vcycletech\",\"isPartOf\":{\"@id\":\"https:\\\/\\\/vcycletech.com\\\/#website\"},\"primaryImageOfPage\":{\"@id\":\"https:\\\/\\\/vcycletech.com\\\/product\\\/wt-706-deoiling-detergent\\\/#primaryimage\"},\"image\":{\"@id\":\"https:\\\/\\\/vcycletech.com\\\/product\\\/wt-706-deoiling-detergent\\\/#primaryimage\"},\"thumbnailUrl\":\"https:\\\/\\\/vcycletech.com\\\/wp-content\\\/uploads\\\/2023\\\/03\\\/1-75.png\",\"datePublished\":\"2023-03-22T06:11:12+00:00\",\"dateModified\":\"2023-03-27T03:11:58+00:00\",\"description\":\"Is your water treatment process not working? WT-706 Deoiling Detergent is your solution for successful results!\",\"breadcrumb\":{\"@id\":\"https:\\\/\\\/vcycletech.com\\\/product\\\/wt-706-deoiling-detergent\\\/#breadcrumb\"},\"inLanguage\":\"pt-PT\",\"potentialAction\":[{\"@type\":\"ReadAction\",\"target\":[\"https:\\\/\\\/vcycletech.com\\\/product\\\/wt-706-deoiling-detergent\\\/\"]}]},{\"@type\":\"ImageObject\",\"inLanguage\":\"pt-PT\",\"@id\":\"https:\\\/\\\/vcycletech.com\\\/product\\\/wt-706-deoiling-detergent\\\/#primaryimage\",\"url\":\"https:\\\/\\\/vcycletech.com\\\/wp-content\\\/uploads\\\/2023\\\/03\\\/1-75.png\",\"contentUrl\":\"https:\\\/\\\/vcycletech.com\\\/wp-content\\\/uploads\\\/2023\\\/03\\\/1-75.png\",\"width\":600,\"height\":600,\"caption\":\"Deoiling Detergent\"},{\"@type\":\"BreadcrumbList\",\"@id\":\"https:\\\/\\\/vcycletech.com\\\/product\\\/wt-706-deoiling-detergent\\\/#breadcrumb\",\"itemListElement\":[{\"@type\":\"ListItem\",\"position\":1,\"name\":\"Home\",\"item\":\"https:\\\/\\\/vcycletech.com\\\/\"},{\"@type\":\"ListItem\",\"position\":2,\"name\":\"Water Treatment Chemicals Manufacturer\",\"item\":\"https:\\\/\\\/vcycletech.com\\\/water-treatment-chemicals-manufacturer\\\/\"},{\"@type\":\"ListItem\",\"position\":3,\"name\":\"WT-706 Deoiling Detergent\"}]},{\"@type\":\"WebSite\",\"@id\":\"https:\\\/\\\/vcycletech.com\\\/#website\",\"url\":\"https:\\\/\\\/vcycletech.com\\\/\",\"name\":\"vcycletech\",\"description\":\"China&#039;s top water treatment chemicals supplier\",\"publisher\":{\"@id\":\"https:\\\/\\\/vcycletech.com\\\/#organization\"},\"potentialAction\":[{\"@type\":\"SearchAction\",\"target\":{\"@type\":\"EntryPoint\",\"urlTemplate\":\"https:\\\/\\\/vcycletech.com\\\/?s={search_term_string}\"},\"query-input\":{\"@type\":\"PropertyValueSpecification\",\"valueRequired\":true,\"valueName\":\"search_term_string\"}}],\"inLanguage\":\"pt-PT\"},{\"@type\":\"Organization\",\"@id\":\"https:\\\/\\\/vcycletech.com\\\/#organization\",\"name\":\"vcycletech\",\"url\":\"https:\\\/\\\/vcycletech.com\\\/\",\"logo\":{\"@type\":\"ImageObject\",\"inLanguage\":\"pt-PT\",\"@id\":\"https:\\\/\\\/vcycletech.com\\\/#\\\/schema\\\/logo\\\/image\\\/\",\"url\":\"https:\\\/\\\/vcycletech.com\\\/wp-content\\\/uploads\\\/2023\\\/03\\\/logo-vcycletech-1.png\",\"contentUrl\":\"https:\\\/\\\/vcycletech.com\\\/wp-content\\\/uploads\\\/2023\\\/03\\\/logo-vcycletech-1.png\",\"width\":600,\"height\":400,\"caption\":\"vcycletech\"},\"image\":{\"@id\":\"https:\\\/\\\/vcycletech.com\\\/#\\\/schema\\\/logo\\\/image\\\/\"}}]}<\/script>\n<!-- \/ Yoast SEO Premium plugin. -->","yoast_head_json":{"title":"Detergente Desengordurante WT-706 - vcycletech","description":"Seu processo de tratamento de \u00e1gua n\u00e3o est\u00e1 funcionando? WT-706 Detergent Deoiling \u00e9 a sua solu\u00e7\u00e3o para resultados de sucesso!","robots":{"index":"index","follow":"follow","max-snippet":"max-snippet:-1","max-image-preview":"max-image-preview:large","max-video-preview":"max-video-preview:-1"},"canonical":"https:\/\/vcycletech.com\/pt\/produtos\/wt-706-detergente-para-remocao-de-oleo\/","og_locale":"pt_PT","og_type":"article","og_title":"WT-706 Deoiling Detergent","og_description":"Is your water treatment process not working? WT-706 Deoiling Detergent is your solution for successful results!","og_url":"https:\/\/vcycletech.com\/pt\/produtos\/wt-706-detergente-para-remocao-de-oleo\/","og_site_name":"vcycletech","article_modified_time":"2023-03-27T03:11:58+00:00","og_image":[{"width":600,"height":600,"url":"https:\/\/vcycletech.com\/wp-content\/uploads\/2023\/03\/1-75.png","type":"image\/png"}],"twitter_card":"summary_large_image","twitter_misc":{"Tempo estimado de leitura":"2 minutos"},"schema":{"@context":"https:\/\/schema.org","@graph":[{"@type":"WebPage","@id":"https:\/\/vcycletech.com\/product\/wt-706-deoiling-detergent\/","url":"https:\/\/vcycletech.com\/product\/wt-706-deoiling-detergent\/","name":"Detergente Desengordurante WT-706 - vcycletech","isPartOf":{"@id":"https:\/\/vcycletech.com\/#website"},"primaryImageOfPage":{"@id":"https:\/\/vcycletech.com\/product\/wt-706-deoiling-detergent\/#primaryimage"},"image":{"@id":"https:\/\/vcycletech.com\/product\/wt-706-deoiling-detergent\/#primaryimage"},"thumbnailUrl":"https:\/\/vcycletech.com\/wp-content\/uploads\/2023\/03\/1-75.png","datePublished":"2023-03-22T06:11:12+00:00","dateModified":"2023-03-27T03:11:58+00:00","description":"Seu processo de tratamento de \u00e1gua n\u00e3o est\u00e1 funcionando? WT-706 Detergent Deoiling \u00e9 a sua solu\u00e7\u00e3o para resultados de sucesso!","breadcrumb":{"@id":"https:\/\/vcycletech.com\/product\/wt-706-deoiling-detergent\/#breadcrumb"},"inLanguage":"pt-PT","potentialAction":[{"@type":"ReadAction","target":["https:\/\/vcycletech.com\/product\/wt-706-deoiling-detergent\/"]}]},{"@type":"ImageObject","inLanguage":"pt-PT","@id":"https:\/\/vcycletech.com\/product\/wt-706-deoiling-detergent\/#primaryimage","url":"https:\/\/vcycletech.com\/wp-content\/uploads\/2023\/03\/1-75.png","contentUrl":"https:\/\/vcycletech.com\/wp-content\/uploads\/2023\/03\/1-75.png","width":600,"height":600,"caption":"Deoiling Detergent"},{"@type":"BreadcrumbList","@id":"https:\/\/vcycletech.com\/product\/wt-706-deoiling-detergent\/#breadcrumb","itemListElement":[{"@type":"ListItem","position":1,"name":"Home","item":"https:\/\/vcycletech.com\/"},{"@type":"ListItem","position":2,"name":"Water Treatment Chemicals Manufacturer","item":"https:\/\/vcycletech.com\/water-treatment-chemicals-manufacturer\/"},{"@type":"ListItem","position":3,"name":"WT-706 Deoiling Detergent"}]},{"@type":"WebSite","@id":"https:\/\/vcycletech.com\/#website","url":"https:\/\/vcycletech.com\/","name":"vcycletech","description":"China&#039;principal fornecedor de produtos qu\u00edmicos para tratamento de \u00e1gua","publisher":{"@id":"https:\/\/vcycletech.com\/#organization"},"potentialAction":[{"@type":"SearchAction","target":{"@type":"EntryPoint","urlTemplate":"https:\/\/vcycletech.com\/?s={search_term_string}"},"query-input":{"@type":"PropertyValueSpecification","valueRequired":true,"valueName":"search_term_string"}}],"inLanguage":"pt-PT"},{"@type":"Organization","@id":"https:\/\/vcycletech.com\/#organization","name":"vcycletech","url":"https:\/\/vcycletech.com\/","logo":{"@type":"ImageObject","inLanguage":"pt-PT","@id":"https:\/\/vcycletech.com\/#\/schema\/logo\/image\/","url":"https:\/\/vcycletech.com\/wp-content\/uploads\/2023\/03\/logo-vcycletech-1.png","contentUrl":"https:\/\/vcycletech.com\/wp-content\/uploads\/2023\/03\/logo-vcycletech-1.png","width":600,"height":400,"caption":"vcycletech"},"image":{"@id":"https:\/\/vcycletech.com\/#\/schema\/logo\/image\/"}}]}},"_links":{"self":[{"href":"https:\/\/vcycletech.com\/pt\/wp-json\/wp\/v2\/product\/1365","targetHints":{"allow":["GET"]}}],"collection":[{"href":"https:\/\/vcycletech.com\/pt\/wp-json\/wp\/v2\/product"}],"about":[{"href":"https:\/\/vcycletech.com\/pt\/wp-json\/wp\/v2\/types\/product"}],"wp:featuredmedia":[{"embeddable":true,"href":"https:\/\/vcycletech.com\/pt\/wp-json\/wp\/v2\/media\/1402"}],"wp:attachment":[{"href":"https:\/\/vcycletech.com\/pt\/wp-json\/wp\/v2\/media?parent=1365"}],"wp:term":[{"taxonomy":"product_brand","embeddable":true,"href":"https:\/\/vcycletech.com\/pt\/wp-json\/wp\/v2\/product_brand?post=1365"},{"taxonomy":"product_cat","embeddable":true,"href":"https:\/\/vcycletech.com\/pt\/wp-json\/wp\/v2\/product_cat?post=1365"},{"taxonomy":"product_tag","embeddable":true,"href":"https:\/\/vcycletech.com\/pt\/wp-json\/wp\/v2\/product_tag?post=1365"}],"curies":[{"name":"wp","href":"https:\/\/api.w.org\/{rel}","templated":true}]}}