{"id":1350,"date":"2023-03-22T02:51:05","date_gmt":"2023-03-22T02:51:05","guid":{"rendered":"https:\/\/vcycletech.com\/?post_type=product&#038;p=1350"},"modified":"2023-03-22T06:40:25","modified_gmt":"2023-03-22T06:40:25","slug":"dioctildecildimetil-cloreto-de-amonio8021","status":"publish","type":"product","link":"https:\/\/vcycletech.com\/pt\/produtos\/dioctildecildimetil-cloreto-de-amonio8021\/","title":{"rendered":"Cloreto de di(octildecil)dimetil am\u00f4nio (D8021)"},"content":{"rendered":"<h3>N\u00ba CAS 68424-95-3<\/h3>\n<h3>F\u00f3rmula molecular: C32H66Cl2+4<\/h3>\n<h3>Peso molecular: 521,77<\/h3>\n<h3>F\u00f3rmula estrutural:<\/h3>\n<figure id=\"attachment_1352\" aria-describedby=\"caption-attachment-1352\" style=\"width: 600px\" class=\"wp-caption alignnone\"><img fetchpriority=\"high\" decoding=\"async\" class=\"size-full wp-image-1352\" src=\"https:\/\/vcycletech.com\/wp-content\/uploads\/2023\/03\/1-66.png\" alt=\"D8021\" width=\"600\" height=\"600\" srcset=\"https:\/\/vcycletech.com\/wp-content\/uploads\/2023\/03\/1-66.png 600w, https:\/\/vcycletech.com\/wp-content\/uploads\/2023\/03\/1-66-100x100.png 100w, https:\/\/vcycletech.com\/wp-content\/uploads\/2023\/03\/1-66-300x300.png 300w, https:\/\/vcycletech.com\/wp-content\/uploads\/2023\/03\/1-66-150x150.png 150w\" sizes=\"(max-width: 600px) 100vw, 600px\" \/><figcaption id=\"caption-attachment-1352\" class=\"wp-caption-text\">D8021<\/figcaption><\/figure>\n<h3>Especifica\u00e7\u00e3o:<\/h3>\n<div id=\"footable_parent_1358\"\n         class=\"footable_parent ninja_table_wrapper loading_ninja_table wp_table_data_press_parent semantic_ui\">\n                <table data-ninja_table_instance=\"ninja_table_instance_0\" data-footable_id=\"1358\" data-filter-delay=\"1000\" aria-label=\"D8021.csv\"            id=\"footable_1358\"\n           data-unique_identifier=\"ninja_table_unique_id_3495156303_1358\"\n           class=\"foo-table ninja_footable foo_table_1358 ninja_table_unique_id_3495156303_1358 ui table  nt_type_legacy_table selectable striped vertical_centered  footable-paging-right ninja_table_pro\">\n                <colgroup>\n                            <col class=\"ninja_column_0\">\n                            <col class=\"ninja_column_1\">\n                            <col class=\"ninja_column_2\">\n                    <\/colgroup>\n        <thead>\n<tr class=\"footable-header\">\n                                                        <th scope=\"col\"  class=\"ninja_column_0 ninja_clmn_nm_items\">Unid<\/th><th scope=\"col\"  class=\"ninja_column_1 ninja_clmn_nm_index\">\u00cdndice<\/th><th scope=\"col\"  class=\"ninja_column_2 ninja_clmn_nm_ninja_column_3\"><\/th><\/tr>\n<\/thead>\n<tbody>\n\n        <tr data-row_id=\"347\" class=\"ninja_table_row_0 nt_row_id_347\">\n            <td>Apar\u00eancia<\/td><td>L\u00edquido l\u00edmpido, amarelo p\u00e1lido a palha<\/td><td>L\u00edquido l\u00edmpido, amarelo p\u00e1lido a palha<\/td>        <\/tr>\n            <tr data-row_id=\"348\" class=\"ninja_table_row_1 nt_row_id_348\">\n            <td>Conte\u00fado ativo, %<\/td><td>48-52<\/td><td>78-82<\/td>        <\/tr>\n            <tr data-row_id=\"349\" class=\"ninja_table_row_2 nt_row_id_349\">\n            <td>pH (solu\u00e7\u00e3o de \u00e1gua 10%)<\/td><td>5.0-9.0<\/td><td>5.0-9.0<\/td>        <\/tr>\n            <tr data-row_id=\"350\" class=\"ninja_table_row_3 nt_row_id_350\">\n            <td>Amina livre, %<\/td><td>2,0 m\u00e1x.<\/td><td>2,0 m\u00e1x.<\/td>        <\/tr>\n    <\/tbody><!--ninja_tobody_rendering_done-->\n    <\/table>\n    \n    \n    \n<\/div>\n\n<h3>Propriedades:<\/h3>\n<p><strong>Cloreto de di(octildecil)dimetil am\u00f4nio (D8021)<\/strong> tem excelente atividade de superf\u00edcie, estabilidade e biodegradabilidade, tornando-o uma escolha ideal para sistemas de recircula\u00e7\u00e3o de \u00e1gua. \u00c9 capaz de controlar micr\u00f3bios indesej\u00e1veis sem produzir espuma excessiva ou danificar as superf\u00edcies tratadas. Al\u00e9m disso, <strong>Cloreto de di(octildecil)dimetil am\u00f4nio (D8021)<\/strong> \u00e9 eficaz em uma ampla gama de aplica\u00e7\u00f5es, incluindo tratamento de \u00e1gua de inje\u00e7\u00e3o em campos petrol\u00edferos e sistemas industriais de refrigera\u00e7\u00e3o circulante, desinfec\u00e7\u00e3o de fungos e bact\u00e9rias, agentes conservantes de madeira e agentes t\u00eaxteis \u00e0 prova de tra\u00e7as.<\/p>\n<h3>Uso:<\/h3>\n<p><strong>Cloreto de di(octil\/decil)dimetil am\u00f4nio<\/strong> tem efeitos especiais de emuls\u00e3o, tingimento, esteriliza\u00e7\u00e3o e lavagem de desinfec\u00e7\u00e3o. Tamb\u00e9m pode ser usado como agente antiest\u00e1tico, inibidor de corros\u00e3o, amaciante de tecidos, aditivo de cardagem, agente de flota\u00e7\u00e3o mineral e agente de polimento. Quando combinado com 1227, \u00e9 ideal para tratamento de \u00e1gua industrial, bem como para aquicultura e \u00e1rvores frut\u00edferas, e aplica\u00e7\u00f5es de biocidas em terras agr\u00edcolas. O DDAC \u00e9 particularmente eficaz nos seguintes campos:<br \/>\n1. Fungicida em \u00e1gua de inje\u00e7\u00e3o de campos petrol\u00edferos e sistemas de resfriamento de circula\u00e7\u00e3o industrial.<br \/>\n2. Agentes desinfetantes, fungicidas e conservantes de madeira.<br \/>\n3. Agentes anti-tra\u00e7a para t\u00eaxteis.<\/p>\n<h3>Pacote e armazenamento:<\/h3>\n<p><strong>Cloreto de di(octil\/decil)dimetil am\u00f4nio (D8021)<\/strong> deve ser armazenado em recipientes originais hermeticamente fechados em uma \u00e1rea fresca, seca e ventilada. Os recipientes abertos devem ser cuidadosamente fechados e mantidos na posi\u00e7\u00e3o vertical para evitar vazamentos. Certifique-se de que n\u00e3o est\u00e1 exposto \u00e0 luz solar direta ou calor excessivo. Mantenha os recipientes longe de fontes de igni\u00e7\u00e3o e incompat\u00edveis, como agentes oxidantes, \u00e1cidos e outros compostos halogenados. Tambor de pl\u00e1stico de 200 L, IBC (1000 L), exig\u00eancia do cliente - armazenamento por um ano em local seco e com sombra.<\/p>\n<h3>Prote\u00e7\u00e3o de seguran\u00e7a:<\/h3>\n<p><strong>Cloreto de di(octildecil)dimetil am\u00f4nio (D8021)<\/strong> tem um leve cheiro de am\u00eandoa e n\u00e3o estimula visivelmente a pele. Em caso de contato, lave com \u00e1gua imediatamente.<\/p>\n<h3>Sin\u00f4nimos:<\/h3>\n<p>compostos de am\u00f4nio quatern\u00e1rio, di-c8-10-alquildimetil, cloretos<\/p>\n<p>dicapril\/dicaprilil cloreto de dim\u00f4nio<\/p>\n<p>cloreto de n,n-dialquil(c8-10)-n,n-dimetilam\u00f4nio (em 10% etanol \/ 10%\u00e1gua)<\/p>\n<p>BARDAC2050<\/p>\n<p>BARDAC2080<\/p>\n<p>cloreto de di-c8-10-alquildimetilam\u00f4nio<\/p>\n<p>cloreto de dialquil dimetil am\u00f4nio misto<\/p>\n<p>cloreto de n,n-dialquil(c8-10)-n,n-dimetil am\u00f4nio (em 40% etanol \/ 10%\u00e1gua)<\/p>\n<h3>Perguntas frequentes sobre D8021 para produtos qu\u00edmicos de tratamento de \u00e1gua:<\/h3>\n<p><strong>O que \u00e9 Cloreto de Di(OctilDecil)Dimetil Am\u00f4nio (D8021)?<\/strong><br \/>\nDi(OctylDecyl)Dimethyl Ammonium Chloride (D8021) \u00e9 um surfactante cati\u00f4nico de am\u00f4nio quatern\u00e1rio usado em aplica\u00e7\u00f5es de tratamento de \u00e1gua. \u00c9 um composto org\u00e2nico usado como biocida, desinfetante e desinfetante de uso geral. Ele pode dissolver \u00f3leos e gorduras, tornando-o \u00fatil na remo\u00e7\u00e3o de biofilmes de superf\u00edcies e equipamentos.<\/p>\n<p><strong>Como funciona o cloreto de di(octildecil)dimetil am\u00f4nio (D8021)?<\/strong><br \/>\nDi(OctylDecyl)Dimethyl Ammonium Chloride (D8021) atua rompendo as membranas celulares de bact\u00e9rias e outros microorganismos. O grupo de am\u00f4nio quatern\u00e1rio carregado positivamente se liga \u00e0 membrana celular carregada negativamente de microorganismos, enfraquecendo-a ou destruindo-a e levando \u00e0 morte do organismo.<\/p>\n<p><strong>Quais s\u00e3o algumas aplica\u00e7\u00f5es comuns do D8021?<\/strong><br \/>\nAs aplica\u00e7\u00f5es t\u00edpicas do D8021 incluem o uso em torres de resfriamento, esta\u00e7\u00f5es de tratamento de \u00e1guas residuais industriais, piscinas, parques aqu\u00e1ticos, lavanderias, instala\u00e7\u00f5es de prepara\u00e7\u00e3o de alimentos e outras \u00e1reas onde o crescimento microbiano pode causar problemas. Tamb\u00e9m pode ser usado como algicida em lagoas e fontes recreativas para controlar a prolifera\u00e7\u00e3o de algas e mant\u00ea-las sob controle ao longo do tempo.<\/p>\n<p><strong>Existe alguma preocupa\u00e7\u00e3o de seguran\u00e7a ao usar Cloreto de Di(OctilDecil)Dimetil Am\u00f4nio (D8021)?<\/strong><br \/>\nSim, \u00e9 importante ter cuidado ao manusear esta subst\u00e2ncia, pois ela pode ser perigosa se n\u00e3o for manuseada adequadamente ou se ocorrer contato com a pele ou olhos sem o uso de equipamentos de prote\u00e7\u00e3o adequados, como \u00f3culos ou luvas. Al\u00e9m disso, este produto n\u00e3o deve ser misturado com outros produtos qu\u00edmicos, pois sua rea\u00e7\u00e3o pode ser perigosa. Sempre consulte as fichas de dados de seguran\u00e7a antes de manusear qualquer produto qu\u00edmico, como D8021.<\/p>\n<p><strong>Quais s\u00e3o algumas alternativas ao uso de Cloreto de Di(OctilDecil)Dimetil Am\u00f4nio (D8021)?<\/strong><br \/>\nAs alternativas ao D8021 podem incluir algicidas \u00e0 base de cobre, como sulfato de cobre ou cloreto de cobre; biocidas \u00e0 base de cloro, como hipoclorito de s\u00f3dio; ou biocidas n\u00e3o oxidantes, como cloreto de benzalc\u00f4nio ou \u00f3xido de dimetil dioctil amina, dependendo dos requisitos da aplica\u00e7\u00e3o e do resultado desejado necess\u00e1rio para o uso eficaz de produtos qu\u00edmicos em tratamentos de \u00e1gua em diferentes \u00e1reas.<\/p>\n<p><a href=\"https:\/\/vcycletech.com\/pt\/surfactante-cationico\/\"><strong>Obtenha a solu\u00e7\u00e3o completa de surfactante cati\u00f4nico.<\/strong><\/a><\/p>","protected":false},"excerpt":{"rendered":"<p>Entendemos a import\u00e2ncia de proteger nosso maior recurso natural: a \u00e1gua pot\u00e1vel. \u00c9 por isso que nos orgulhamos de oferecer <strong>Cloreto de Di(OctilDecil)Dimetil Am\u00f4nio<\/strong> para profissionais de tratamento de \u00e1gua em todo o mundo. Este poderoso agente qu\u00edmico foi rigorosamente testado e fornece prote\u00e7\u00e3o superior contra bact\u00e9rias, v\u00edrus e algas prejudiciais que crescem em sistemas de \u00e1gua.<\/p>\n<p>Seja sua miss\u00e3o o tratamento de \u00e1gua residencial ou comercial, <strong>Cloreto de Di(OctilDecil)Dimetil Am\u00f4nio<\/strong> ajudar\u00e1 a levar seus esfor\u00e7os para o pr\u00f3ximo n\u00edvel. Nosso produto \u00e9 seguro e f\u00e1cil de usar com sistemas de filtragem padr\u00e3o e n\u00e3o requer tempo adicional de configura\u00e7\u00e3o al\u00e9m da instala\u00e7\u00e3o do pr\u00f3prio produto. E por ser ecologicamente correto, voc\u00ea n\u00e3o precisa se preocupar em poluir lagos ou rios com produtos qu\u00edmicos agressivos para mant\u00ea-los limpos!<\/p>","protected":false},"featured_media":1360,"template":"","meta":{"site-sidebar-layout":"default","site-content-layout":"default","ast-site-content-layout":"default","site-content-style":"default","site-sidebar-style":"default","ast-global-header-display":"","ast-banner-title-visibility":"","ast-main-header-display":"","ast-hfb-above-header-display":"","ast-hfb-below-header-display":"","ast-hfb-mobile-header-display":"","site-post-title":"","ast-breadcrumbs-content":"","ast-featured-img":"","footer-sml-layout":"","ast-disable-related-posts":"","theme-transparent-header-meta":"default","adv-header-id-meta":"","stick-header-meta":"default","header-above-stick-meta":"","header-main-stick-meta":"","header-below-stick-meta":"","astra-migrate-meta-layouts":"default","ast-page-background-enabled":"default","ast-page-background-meta":{"desktop":{"background-color":"","background-image":"","background-repeat":"repeat","background-position":"center center","background-size":"auto","background-attachment":"scroll","background-type":"","background-media":"","overlay-type":"","overlay-color":"","overlay-opacity":"","overlay-gradient":""},"tablet":{"background-color":"","background-image":"","background-repeat":"repeat","background-position":"center center","background-size":"auto","background-attachment":"scroll","background-type":"","background-media":"","overlay-type":"","overlay-color":"","overlay-opacity":"","overlay-gradient":""},"mobile":{"background-color":"","background-image":"","background-repeat":"repeat","background-position":"center center","background-size":"auto","background-attachment":"scroll","background-type":"","background-media":"","overlay-type":"","overlay-color":"","overlay-opacity":"","overlay-gradient":""}},"ast-content-background-meta":{"desktop":{"background-color":"var(--ast-global-color-5)","background-image":"","background-repeat":"repeat","background-position":"center center","background-size":"auto","background-attachment":"scroll","background-type":"","background-media":"","overlay-type":"","overlay-color":"","overlay-opacity":"","overlay-gradient":""},"tablet":{"background-color":"var(--ast-global-color-5)","background-image":"","background-repeat":"repeat","background-position":"center center","background-size":"auto","background-attachment":"scroll","background-type":"","background-media":"","overlay-type":"","overlay-color":"","overlay-opacity":"","overlay-gradient":""},"mobile":{"background-color":"var(--ast-global-color-5)","background-image":"","background-repeat":"repeat","background-position":"center center","background-size":"auto","background-attachment":"scroll","background-type":"","background-media":"","overlay-type":"","overlay-color":"","overlay-opacity":"","overlay-gradient":""}}},"product_brand":[],"product_cat":[33],"product_tag":[],"class_list":{"0":"post-1350","1":"product","2":"type-product","3":"status-publish","4":"has-post-thumbnail","6":"product_cat-cationic-surfactant-list","7":"desktop-align-left","8":"tablet-align-left","9":"mobile-align-left","10":"ast-product-gallery-layout-horizontal-slider","11":"ast-product-tabs-layout-horizontal","13":"first","14":"instock","15":"shipping-taxable","16":"product-type-simple"},"yoast_head":"<!-- This site is optimized with the Yoast SEO Premium plugin v26.3 (Yoast SEO v27.3) - https:\/\/yoast.com\/product\/yoast-seo-premium-wordpress\/ -->\n<title>Di(OctylDecyl)Dimethyl Ammonium Chloride(D8021) - vcycletech<\/title>\n<meta name=\"description\" content=\"Di(OctylDecyl)Dimethyl Ammonium Chloride provides fast results when used for treating areas affected by biological fouling. The compound attacks cells on the surface layer and helps stop photosynthesis, slowing down their growth and the spread of any potential contamination or infestation. With its strong performance, excellent insulation properties, and unique formula\u2019s adaptability to different concentrations of ions, this product serves as a perfect solution for water treatment needs.\" \/>\n<meta name=\"robots\" content=\"index, follow, max-snippet:-1, max-image-preview:large, max-video-preview:-1\" \/>\n<link rel=\"canonical\" href=\"https:\/\/vcycletech.com\/pt\/produtos\/dioctildecildimetil-cloreto-de-amonio8021\/\" \/>\n<meta property=\"og:locale\" content=\"pt_PT\" \/>\n<meta property=\"og:type\" content=\"article\" \/>\n<meta property=\"og:title\" content=\"Di(OctylDecyl)Dimethyl Ammonium Chloride(D8021)\" \/>\n<meta property=\"og:description\" content=\"Di(OctylDecyl)Dimethyl Ammonium Chloride provides fast results when used for treating areas affected by biological fouling. The compound attacks cells on the surface layer and helps stop photosynthesis, slowing down their growth and the spread of any potential contamination or infestation. With its strong performance, excellent insulation properties, and unique formula\u2019s adaptability to different concentrations of ions, this product serves as a perfect solution for water treatment needs.\" \/>\n<meta property=\"og:url\" content=\"https:\/\/vcycletech.com\/pt\/produtos\/dioctildecildimetil-cloreto-de-amonio8021\/\" \/>\n<meta property=\"og:site_name\" content=\"vcycletech\" \/>\n<meta property=\"article:modified_time\" content=\"2023-03-22T06:40:25+00:00\" \/>\n<meta property=\"og:image\" content=\"https:\/\/vcycletech.com\/wp-content\/uploads\/2023\/03\/1-67.png\" \/>\n\t<meta property=\"og:image:width\" content=\"600\" \/>\n\t<meta property=\"og:image:height\" content=\"600\" \/>\n\t<meta property=\"og:image:type\" content=\"image\/png\" \/>\n<meta name=\"twitter:card\" content=\"summary_large_image\" \/>\n<meta name=\"twitter:label1\" content=\"Tempo estimado de leitura\" \/>\n\t<meta name=\"twitter:data1\" content=\"3 minutos\" \/>\n<script type=\"application\/ld+json\" class=\"yoast-schema-graph\">{\"@context\":\"https:\\\/\\\/schema.org\",\"@graph\":[{\"@type\":\"WebPage\",\"@id\":\"https:\\\/\\\/vcycletech.com\\\/product\\\/dioctyldecyldimethyl-ammonium-chlorided8021\\\/\",\"url\":\"https:\\\/\\\/vcycletech.com\\\/product\\\/dioctyldecyldimethyl-ammonium-chlorided8021\\\/\",\"name\":\"Di(OctylDecyl)Dimethyl Ammonium Chloride(D8021) - vcycletech\",\"isPartOf\":{\"@id\":\"https:\\\/\\\/vcycletech.com\\\/#website\"},\"primaryImageOfPage\":{\"@id\":\"https:\\\/\\\/vcycletech.com\\\/product\\\/dioctyldecyldimethyl-ammonium-chlorided8021\\\/#primaryimage\"},\"image\":{\"@id\":\"https:\\\/\\\/vcycletech.com\\\/product\\\/dioctyldecyldimethyl-ammonium-chlorided8021\\\/#primaryimage\"},\"thumbnailUrl\":\"https:\\\/\\\/vcycletech.com\\\/wp-content\\\/uploads\\\/2023\\\/03\\\/1-67.png\",\"datePublished\":\"2023-03-22T02:51:05+00:00\",\"dateModified\":\"2023-03-22T06:40:25+00:00\",\"description\":\"Di(OctylDecyl)Dimethyl Ammonium Chloride provides fast results when used for treating areas affected by biological fouling. The compound attacks cells on the surface layer and helps stop photosynthesis, slowing down their growth and the spread of any potential contamination or infestation. With its strong performance, excellent insulation properties, and unique formula\u2019s adaptability to different concentrations of ions, this product serves as a perfect solution for water treatment needs.\",\"breadcrumb\":{\"@id\":\"https:\\\/\\\/vcycletech.com\\\/product\\\/dioctyldecyldimethyl-ammonium-chlorided8021\\\/#breadcrumb\"},\"inLanguage\":\"pt-PT\",\"potentialAction\":[{\"@type\":\"ReadAction\",\"target\":[\"https:\\\/\\\/vcycletech.com\\\/product\\\/dioctyldecyldimethyl-ammonium-chlorided8021\\\/\"]}]},{\"@type\":\"ImageObject\",\"inLanguage\":\"pt-PT\",\"@id\":\"https:\\\/\\\/vcycletech.com\\\/product\\\/dioctyldecyldimethyl-ammonium-chlorided8021\\\/#primaryimage\",\"url\":\"https:\\\/\\\/vcycletech.com\\\/wp-content\\\/uploads\\\/2023\\\/03\\\/1-67.png\",\"contentUrl\":\"https:\\\/\\\/vcycletech.com\\\/wp-content\\\/uploads\\\/2023\\\/03\\\/1-67.png\",\"width\":600,\"height\":600,\"caption\":\"Di(OctylDecyl)Dimethyl Ammonium Chloride(D8021)\"},{\"@type\":\"BreadcrumbList\",\"@id\":\"https:\\\/\\\/vcycletech.com\\\/product\\\/dioctyldecyldimethyl-ammonium-chlorided8021\\\/#breadcrumb\",\"itemListElement\":[{\"@type\":\"ListItem\",\"position\":1,\"name\":\"Home\",\"item\":\"https:\\\/\\\/vcycletech.com\\\/\"},{\"@type\":\"ListItem\",\"position\":2,\"name\":\"Water Treatment Chemicals Manufacturer\",\"item\":\"https:\\\/\\\/vcycletech.com\\\/water-treatment-chemicals-manufacturer\\\/\"},{\"@type\":\"ListItem\",\"position\":3,\"name\":\"Di(OctylDecyl)Dimethyl Ammonium Chloride(D8021)\"}]},{\"@type\":\"WebSite\",\"@id\":\"https:\\\/\\\/vcycletech.com\\\/#website\",\"url\":\"https:\\\/\\\/vcycletech.com\\\/\",\"name\":\"vcycletech\",\"description\":\"China&#039;s top water treatment chemicals supplier\",\"publisher\":{\"@id\":\"https:\\\/\\\/vcycletech.com\\\/#organization\"},\"potentialAction\":[{\"@type\":\"SearchAction\",\"target\":{\"@type\":\"EntryPoint\",\"urlTemplate\":\"https:\\\/\\\/vcycletech.com\\\/?s={search_term_string}\"},\"query-input\":{\"@type\":\"PropertyValueSpecification\",\"valueRequired\":true,\"valueName\":\"search_term_string\"}}],\"inLanguage\":\"pt-PT\"},{\"@type\":\"Organization\",\"@id\":\"https:\\\/\\\/vcycletech.com\\\/#organization\",\"name\":\"vcycletech\",\"url\":\"https:\\\/\\\/vcycletech.com\\\/\",\"logo\":{\"@type\":\"ImageObject\",\"inLanguage\":\"pt-PT\",\"@id\":\"https:\\\/\\\/vcycletech.com\\\/#\\\/schema\\\/logo\\\/image\\\/\",\"url\":\"https:\\\/\\\/vcycletech.com\\\/wp-content\\\/uploads\\\/2023\\\/03\\\/logo-vcycletech-1.png\",\"contentUrl\":\"https:\\\/\\\/vcycletech.com\\\/wp-content\\\/uploads\\\/2023\\\/03\\\/logo-vcycletech-1.png\",\"width\":600,\"height\":400,\"caption\":\"vcycletech\"},\"image\":{\"@id\":\"https:\\\/\\\/vcycletech.com\\\/#\\\/schema\\\/logo\\\/image\\\/\"}}]}<\/script>\n<!-- \/ Yoast SEO Premium plugin. -->","yoast_head_json":{"title":"Cloreto de Di(OctilDecil)Dimetil Am\u00f4nio(D8021) - vcycletech","description":"Di(OctylDecyl)Dimethyl Ammonium Chloride fornece resultados r\u00e1pidos quando usado para tratar \u00e1reas afetadas por incrusta\u00e7\u00f5es biol\u00f3gicas. O composto ataca as c\u00e9lulas na camada superficial e ajuda a interromper a fotoss\u00edntese, retardando seu crescimento e a propaga\u00e7\u00e3o de qualquer poss\u00edvel contamina\u00e7\u00e3o ou infesta\u00e7\u00e3o. Com seu forte desempenho, excelentes propriedades de isolamento e adaptabilidade da f\u00f3rmula \u00fanica a diferentes concentra\u00e7\u00f5es de \u00edons, este produto serve como uma solu\u00e7\u00e3o perfeita para as necessidades de tratamento de \u00e1gua.","robots":{"index":"index","follow":"follow","max-snippet":"max-snippet:-1","max-image-preview":"max-image-preview:large","max-video-preview":"max-video-preview:-1"},"canonical":"https:\/\/vcycletech.com\/pt\/produtos\/dioctildecildimetil-cloreto-de-amonio8021\/","og_locale":"pt_PT","og_type":"article","og_title":"Di(OctylDecyl)Dimethyl Ammonium Chloride(D8021)","og_description":"Di(OctylDecyl)Dimethyl Ammonium Chloride provides fast results when used for treating areas affected by biological fouling. The compound attacks cells on the surface layer and helps stop photosynthesis, slowing down their growth and the spread of any potential contamination or infestation. With its strong performance, excellent insulation properties, and unique formula\u2019s adaptability to different concentrations of ions, this product serves as a perfect solution for water treatment needs.","og_url":"https:\/\/vcycletech.com\/pt\/produtos\/dioctildecildimetil-cloreto-de-amonio8021\/","og_site_name":"vcycletech","article_modified_time":"2023-03-22T06:40:25+00:00","og_image":[{"width":600,"height":600,"url":"https:\/\/vcycletech.com\/wp-content\/uploads\/2023\/03\/1-67.png","type":"image\/png"}],"twitter_card":"summary_large_image","twitter_misc":{"Tempo estimado de leitura":"3 minutos"},"schema":{"@context":"https:\/\/schema.org","@graph":[{"@type":"WebPage","@id":"https:\/\/vcycletech.com\/product\/dioctyldecyldimethyl-ammonium-chlorided8021\/","url":"https:\/\/vcycletech.com\/product\/dioctyldecyldimethyl-ammonium-chlorided8021\/","name":"Cloreto de Di(OctilDecil)Dimetil Am\u00f4nio(D8021) - vcycletech","isPartOf":{"@id":"https:\/\/vcycletech.com\/#website"},"primaryImageOfPage":{"@id":"https:\/\/vcycletech.com\/product\/dioctyldecyldimethyl-ammonium-chlorided8021\/#primaryimage"},"image":{"@id":"https:\/\/vcycletech.com\/product\/dioctyldecyldimethyl-ammonium-chlorided8021\/#primaryimage"},"thumbnailUrl":"https:\/\/vcycletech.com\/wp-content\/uploads\/2023\/03\/1-67.png","datePublished":"2023-03-22T02:51:05+00:00","dateModified":"2023-03-22T06:40:25+00:00","description":"Di(OctylDecyl)Dimethyl Ammonium Chloride fornece resultados r\u00e1pidos quando usado para tratar \u00e1reas afetadas por incrusta\u00e7\u00f5es biol\u00f3gicas. O composto ataca as c\u00e9lulas na camada superficial e ajuda a interromper a fotoss\u00edntese, retardando seu crescimento e a propaga\u00e7\u00e3o de qualquer poss\u00edvel contamina\u00e7\u00e3o ou infesta\u00e7\u00e3o. Com seu forte desempenho, excelentes propriedades de isolamento e adaptabilidade da f\u00f3rmula \u00fanica a diferentes concentra\u00e7\u00f5es de \u00edons, este produto serve como uma solu\u00e7\u00e3o perfeita para as necessidades de tratamento de \u00e1gua.","breadcrumb":{"@id":"https:\/\/vcycletech.com\/product\/dioctyldecyldimethyl-ammonium-chlorided8021\/#breadcrumb"},"inLanguage":"pt-PT","potentialAction":[{"@type":"ReadAction","target":["https:\/\/vcycletech.com\/product\/dioctyldecyldimethyl-ammonium-chlorided8021\/"]}]},{"@type":"ImageObject","inLanguage":"pt-PT","@id":"https:\/\/vcycletech.com\/product\/dioctyldecyldimethyl-ammonium-chlorided8021\/#primaryimage","url":"https:\/\/vcycletech.com\/wp-content\/uploads\/2023\/03\/1-67.png","contentUrl":"https:\/\/vcycletech.com\/wp-content\/uploads\/2023\/03\/1-67.png","width":600,"height":600,"caption":"Di(OctylDecyl)Dimethyl Ammonium Chloride(D8021)"},{"@type":"BreadcrumbList","@id":"https:\/\/vcycletech.com\/product\/dioctyldecyldimethyl-ammonium-chlorided8021\/#breadcrumb","itemListElement":[{"@type":"ListItem","position":1,"name":"Home","item":"https:\/\/vcycletech.com\/"},{"@type":"ListItem","position":2,"name":"Water Treatment Chemicals Manufacturer","item":"https:\/\/vcycletech.com\/water-treatment-chemicals-manufacturer\/"},{"@type":"ListItem","position":3,"name":"Di(OctylDecyl)Dimethyl Ammonium Chloride(D8021)"}]},{"@type":"WebSite","@id":"https:\/\/vcycletech.com\/#website","url":"https:\/\/vcycletech.com\/","name":"vcycletech","description":"China&#039;principal fornecedor de produtos qu\u00edmicos para tratamento de \u00e1gua","publisher":{"@id":"https:\/\/vcycletech.com\/#organization"},"potentialAction":[{"@type":"SearchAction","target":{"@type":"EntryPoint","urlTemplate":"https:\/\/vcycletech.com\/?s={search_term_string}"},"query-input":{"@type":"PropertyValueSpecification","valueRequired":true,"valueName":"search_term_string"}}],"inLanguage":"pt-PT"},{"@type":"Organization","@id":"https:\/\/vcycletech.com\/#organization","name":"vcycletech","url":"https:\/\/vcycletech.com\/","logo":{"@type":"ImageObject","inLanguage":"pt-PT","@id":"https:\/\/vcycletech.com\/#\/schema\/logo\/image\/","url":"https:\/\/vcycletech.com\/wp-content\/uploads\/2023\/03\/logo-vcycletech-1.png","contentUrl":"https:\/\/vcycletech.com\/wp-content\/uploads\/2023\/03\/logo-vcycletech-1.png","width":600,"height":400,"caption":"vcycletech"},"image":{"@id":"https:\/\/vcycletech.com\/#\/schema\/logo\/image\/"}}]}},"_links":{"self":[{"href":"https:\/\/vcycletech.com\/pt\/wp-json\/wp\/v2\/product\/1350","targetHints":{"allow":["GET"]}}],"collection":[{"href":"https:\/\/vcycletech.com\/pt\/wp-json\/wp\/v2\/product"}],"about":[{"href":"https:\/\/vcycletech.com\/pt\/wp-json\/wp\/v2\/types\/product"}],"wp:featuredmedia":[{"embeddable":true,"href":"https:\/\/vcycletech.com\/pt\/wp-json\/wp\/v2\/media\/1360"}],"wp:attachment":[{"href":"https:\/\/vcycletech.com\/pt\/wp-json\/wp\/v2\/media?parent=1350"}],"wp:term":[{"taxonomy":"product_brand","embeddable":true,"href":"https:\/\/vcycletech.com\/pt\/wp-json\/wp\/v2\/product_brand?post=1350"},{"taxonomy":"product_cat","embeddable":true,"href":"https:\/\/vcycletech.com\/pt\/wp-json\/wp\/v2\/product_cat?post=1350"},{"taxonomy":"product_tag","embeddable":true,"href":"https:\/\/vcycletech.com\/pt\/wp-json\/wp\/v2\/product_tag?post=1350"}],"curies":[{"name":"wp","href":"https:\/\/api.w.org\/{rel}","templated":true}]}}