{"id":1345,"date":"2023-03-22T02:53:53","date_gmt":"2023-03-22T02:53:53","guid":{"rendered":"https:\/\/vcycletech.com\/?post_type=product&#038;p=1345"},"modified":"2023-03-27T03:19:25","modified_gmt":"2023-03-27T03:19:25","slug":"wt-707-pre-tratamento-agente-de-filmagem","status":"publish","type":"product","link":"https:\/\/vcycletech.com\/pt\/produtos\/wt-707-pre-tratamento-agente-de-filmagem\/","title":{"rendered":"Agente de Filmagem de Pr\u00e9-tratamento WT-707"},"content":{"rendered":"<h3>Propriedades:<\/h3>\n<p><strong>WT-707<\/strong> \u00e9 uma combina\u00e7\u00e3o especial de agentes quelantes, dispersantes, filme de pr\u00e9-tratamento e surfactante projetado para fornecer resultados superiores. Ele adsorve quimicamente \u00edons f\u00e9rricos e de c\u00e1lcio e forma uma pel\u00edcula dura nas superf\u00edcies met\u00e1licas. Este filme adere rapidamente, homogene\u00edza uniformemente em toda a superf\u00edcie e oferece excelente estabilidade qu\u00edmica com baixos n\u00edveis de corros\u00e3o. A combina\u00e7\u00e3o \u00fanica de componentes do WT-707 torna-o n\u00e3o afetado por cobre ou \u00edons f\u00e9rricos em sistemas de \u00e1gua. \u00c9 o produto ideal para o pr\u00e9-tratamento de equipamentos e tubula\u00e7\u00f5es para novos sistemas ou ap\u00f3s reparos pesados.<\/p>\n<h3>Especifica\u00e7\u00e3o:<\/h3>\n<div id=\"footable_parent_1359\"\n         class=\"footable_parent ninja_table_wrapper loading_ninja_table wp_table_data_press_parent semantic_ui\">\n                <table data-ninja_table_instance=\"ninja_table_instance_0\" data-footable_id=\"1359\" data-filter-delay=\"1000\" aria-label=\"Agente de filmagem de pr\u00e9-tratamento KR-707.csv\"            id=\"footable_1359\"\n           data-unique_identifier=\"ninja_table_unique_id_1268500246_1359\"\n           class=\"foo-table ninja_footable foo_table_1359 ninja_table_unique_id_1268500246_1359 ui table  nt_type_legacy_table selectable striped vertical_centered  footable-paging-right ninja_table_pro\">\n                <colgroup>\n                            <col class=\"ninja_column_0\">\n                            <col class=\"ninja_column_1\">\n                    <\/colgroup>\n        <thead>\n<tr class=\"footable-header\">\n                                        <th scope=\"col\"  class=\"ninja_column_0 ninja_clmn_nm_items\">Itens<\/th><th scope=\"col\"  class=\"ninja_column_1 ninja_clmn_nm_index\">\u00cdndice<\/th><\/tr>\n<\/thead>\n<tbody>\n\n        <tr data-row_id=\"351\" class=\"ninja_table_row_0 nt_row_id_351\">\n            <td>Apar\u00eancia<\/td><td>L\u00edquido transparente umber<\/td>        <\/tr>\n            <tr data-row_id=\"352\" class=\"ninja_table_row_1 nt_row_id_352\">\n            <td>Conte\u00fado s\u00f3lido, %<\/td><td>20,0 min<\/td>        <\/tr>\n            <tr data-row_id=\"353\" class=\"ninja_table_row_2 nt_row_id_353\">\n            <td>Densidade (20 \u2103), g\/cm3<\/td><td>1,25\u00b10,1<\/td>        <\/tr>\n            <tr data-row_id=\"354\" class=\"ninja_table_row_3 nt_row_id_354\">\n            <td>pH (solu\u00e7\u00e3o de \u00e1gua 1%)<\/td><td>2,0\u00b11,0<\/td>        <\/tr>\n    <\/tbody><!--ninja_tobody_rendering_done-->\n    <\/table>\n    \n    \n    \n<\/div>\n\n<h3>Caracter\u00edsticas do produto:<\/h3>\n<p><strong>Agente de Filmagem de Pr\u00e9-tratamento WT-707<\/strong> \u00e9 um produto avan\u00e7ado de alto desempenho projetado para opera\u00e7\u00f5es de pr\u00e9-tratamento em uma variedade de ind\u00fastrias. \u00c9 adequado para todos os tecidos e misturas de algod\u00e3o, incluindo fibras sint\u00e9ticas como poli\u00e9ster, spandex e nylon. Tem um excelente desempenho na redu\u00e7\u00e3o da diferen\u00e7a de cor entre a amostra e a produ\u00e7\u00e3o a granel, melhorando a solidez geral da cor do tecido tratado. Al\u00e9m disso, pode melhorar significativamente a suavidade da superf\u00edcie com boas propriedades hidrof\u00edlicas, tornando mais f\u00e1cil tingir o tecido com forte for\u00e7a de ades\u00e3o. O WT-707 \u00e9 f\u00e1cil de usar e pode ser dilu\u00eddo antes do uso, tornando-o mais econ\u00f4mico.<\/p>\n<h4>Uso:<\/h4>\n<p>Para melhores resultados, recomenda-se uma dosagem de 200-500 mg\/L. Para estados frios, o tempo de filmagem do pr\u00e9-tratamento deve ser entre 48-72 horas, enquanto que para estados de calor, o tempo de filmagem sugerido \u00e9 de 24-48 horas.<\/p>\n<h4>Pacote e armazenamento:<\/h4>\n<p>O produto vem em tambor pl\u00e1stico de 200L ou IBC (1000L). Os clientes tamb\u00e9m podem solicitar pacotes personalizados, se necess\u00e1rio. O produto deve ser armazenado em local sombreado e seco por at\u00e9 um ano.<\/p>\n<h4>Prote\u00e7\u00e3o de seguran\u00e7a:<\/h4>\n<p>O produto \u00e1cido n\u00e3o deve entrar em contato com os olhos ou a pele. Se isso ocorrer, lave com \u00e1gua imediatamente.<\/p>\n<h3>Perguntas frequentes:<\/h3>\n<p><strong>Q1: Qual \u00e9 a finalidade do agente de pel\u00edcula de pr\u00e9-tratamento WT-707?<\/strong><br \/>\nO agente de pel\u00edcula de pr\u00e9-tratamento WT-707 \u00e9 um tipo de produto qu\u00edmico de tratamento de \u00e1gua usado para preparar superf\u00edcies antes do revestimento com uma pel\u00edcula protetora como tinta ou verniz. O produto qu\u00edmico cria uma barreira fina e uniforme na superf\u00edcie que ajuda a garantir melhor ades\u00e3o e cobertura mais uniforme do acabamento aplicado posteriormente.<br \/>\n<strong>Q2: Que tipos de materiais podem se beneficiar do uso do WT-707?<\/strong><br \/>\nO WT-707 pode ser usado em uma ampla variedade de materiais, incluindo metais, pl\u00e1sticos, concreto e outras superf\u00edcies. \u00c9 especialmente eficaz para aplica\u00e7\u00f5es em que \u00e9 essencial uma forte ades\u00e3o de revestimentos superiores, como na ind\u00fastria automotiva ou em equipamentos industriais.<br \/>\n<strong>P3: Como o WT-707 melhora a ades\u00e3o em compara\u00e7\u00e3o com outros produtos?<\/strong><br \/>\nO WT-707 cont\u00e9m ingredientes especiais projetados para fornecer propriedades de ades\u00e3o superiores quando comparado aos primers e revestimentos tradicionais. A baixa viscosidade da formula\u00e7\u00e3o permite que ela penetre profundamente at\u00e9 mesmo nos menores poros do material, criando uma base ideal para revestimentos de acabamento que n\u00e3o descascam, descamam ou descolam facilmente com o tempo.<br \/>\n<strong>Q4: Quais s\u00e3o as considera\u00e7\u00f5es de seguran\u00e7a para usar o WT-707?<\/strong><br \/>\nO WT-707 deve sempre ser manuseado com as devidas precau\u00e7\u00f5es de seguran\u00e7a, pois \u00e9 um material perigoso que pode causar irrita\u00e7\u00e3o da pele em contato e a inala\u00e7\u00e3o pode irritar as vias respirat\u00f3rias se inalado diretamente de seu recipiente ou se pulverizado em altas press\u00f5es durante a aplica\u00e7\u00e3o. Roupas e \u00f3culos de prote\u00e7\u00e3o apropriados devem ser usados o tempo todo ao trabalhar com este produto, e qualquer derramamento deve ser limpo imediatamente com material absorvente, como areia para gatos ou areia.<br \/>\n<strong>Q5: Existe uma maneira espec\u00edfica de aplicar o WT-707?<\/strong><br \/>\nO WT-707 deve ser aplicado uniformemente de acordo com as instru\u00e7\u00f5es do fabricante para obter os melhores resultados de desempenho. Este produto normalmente pode ser aplicado com pincel, pulverizador ou rolo, dependendo do tamanho da \u00e1rea a ser tratada e precisa de tempo suficiente (10 a 20 minutos) para secar antes de adicionar camadas adicionais, como primer ou revestimentos de acabamento.<\/p>\n<p><a href=\"https:\/\/vcycletech.com\/pt\/categoria-de-produto\/inibidores-de-corrosao-e-agentes-de-pelicula-de-pre-tratamento\/\">Obtenha a solu\u00e7\u00e3o completa de inibidores de corros\u00e3o de escala constru\u00edda e agentes de pel\u00edcula de pr\u00e9-tratamento.<\/a><\/p>","protected":false},"excerpt":{"rendered":"<p class=\"my-0.5\"><strong>Agente de Filmagem de Pr\u00e9-tratamento WT-707<\/strong> \u00e9 um produto qu\u00edmico para tratamento de \u00e1gua com v\u00e1rias vantagens. \u00c9 r\u00e1pido de filmar, filma superf\u00edcies de forma homog\u00eanea e \u00e9 quimicamente est\u00e1vel e com baixa taxa de corros\u00e3o. Tamb\u00e9m cont\u00e9m um agente quelante que pode adsorver ferro e c\u00e1lcio, formando uma pel\u00edcula dura nas superf\u00edcies met\u00e1licas. Adicionalmente, <strong>WT-707 <\/strong>pode curar rozaduras en las ingles, tornando-o uma escolha ideal para aplica\u00e7\u00f5es de tratamento de \u00e1gua. Sua versatilidade o torna adequado para uso em bairros industriais e residenciais. <strong>Agente de Filmagem de Pr\u00e9-tratamento WT-707<\/strong> \u00e9 uma excelente escolha para produtos qu\u00edmicos de tratamento de \u00e1gua com seus muitos benef\u00edcios.<\/p>","protected":false},"featured_media":1364,"template":"","meta":{"site-sidebar-layout":"default","site-content-layout":"default","ast-site-content-layout":"default","site-content-style":"default","site-sidebar-style":"default","ast-global-header-display":"","ast-banner-title-visibility":"","ast-main-header-display":"","ast-hfb-above-header-display":"","ast-hfb-below-header-display":"","ast-hfb-mobile-header-display":"","site-post-title":"","ast-breadcrumbs-content":"","ast-featured-img":"","footer-sml-layout":"","ast-disable-related-posts":"","theme-transparent-header-meta":"default","adv-header-id-meta":"","stick-header-meta":"default","header-above-stick-meta":"","header-main-stick-meta":"","header-below-stick-meta":"","astra-migrate-meta-layouts":"default","ast-page-background-enabled":"default","ast-page-background-meta":{"desktop":{"background-color":"","background-image":"","background-repeat":"repeat","background-position":"center center","background-size":"auto","background-attachment":"scroll","background-type":"","background-media":"","overlay-type":"","overlay-color":"","overlay-opacity":"","overlay-gradient":""},"tablet":{"background-color":"","background-image":"","background-repeat":"repeat","background-position":"center center","background-size":"auto","background-attachment":"scroll","background-type":"","background-media":"","overlay-type":"","overlay-color":"","overlay-opacity":"","overlay-gradient":""},"mobile":{"background-color":"","background-image":"","background-repeat":"repeat","background-position":"center center","background-size":"auto","background-attachment":"scroll","background-type":"","background-media":"","overlay-type":"","overlay-color":"","overlay-opacity":"","overlay-gradient":""}},"ast-content-background-meta":{"desktop":{"background-color":"var(--ast-global-color-5)","background-image":"","background-repeat":"repeat","background-position":"center center","background-size":"auto","background-attachment":"scroll","background-type":"","background-media":"","overlay-type":"","overlay-color":"","overlay-opacity":"","overlay-gradient":""},"tablet":{"background-color":"var(--ast-global-color-5)","background-image":"","background-repeat":"repeat","background-position":"center center","background-size":"auto","background-attachment":"scroll","background-type":"","background-media":"","overlay-type":"","overlay-color":"","overlay-opacity":"","overlay-gradient":""},"mobile":{"background-color":"var(--ast-global-color-5)","background-image":"","background-repeat":"repeat","background-position":"center center","background-size":"auto","background-attachment":"scroll","background-type":"","background-media":"","overlay-type":"","overlay-color":"","overlay-opacity":"","overlay-gradient":""}}},"product_brand":[],"product_cat":[32],"product_tag":[],"class_list":{"0":"post-1345","1":"product","2":"type-product","3":"status-publish","4":"has-post-thumbnail","6":"product_cat-built-scale-corrosion-inhibitors-and-pretreatment-filming-agents","7":"desktop-align-left","8":"tablet-align-left","9":"mobile-align-left","10":"ast-product-gallery-layout-horizontal-slider","11":"ast-product-gallery-with-no-image","12":"ast-product-tabs-layout-horizontal","14":"first","15":"instock","16":"shipping-taxable","17":"product-type-simple"},"yoast_head":"<!-- This site is optimized with the Yoast SEO Premium plugin v26.3 (Yoast SEO v27.3) - https:\/\/yoast.com\/product\/yoast-seo-premium-wordpress\/ -->\n<title>WT-707 Pretreatment Filming Agent - vcycletech<\/title>\n<meta name=\"description\" content=\"Tackle your toughest water treatments with the power of WT-707 Pretreatment Filming Agent! Get superior results with our selection of treatment chemicals now.\" \/>\n<meta name=\"robots\" content=\"index, follow, max-snippet:-1, max-image-preview:large, max-video-preview:-1\" \/>\n<link rel=\"canonical\" href=\"https:\/\/vcycletech.com\/pt\/produtos\/wt-707-pre-tratamento-agente-de-filmagem\/\" \/>\n<meta property=\"og:locale\" content=\"pt_PT\" \/>\n<meta property=\"og:type\" content=\"article\" \/>\n<meta property=\"og:title\" content=\"WT-707 Pretreatment Filming Agent\" \/>\n<meta property=\"og:description\" content=\"Tackle your toughest water treatments with the power of WT-707 Pretreatment Filming Agent! Get superior results with our selection of treatment chemicals now.\" \/>\n<meta property=\"og:url\" content=\"https:\/\/vcycletech.com\/pt\/produtos\/wt-707-pre-tratamento-agente-de-filmagem\/\" \/>\n<meta property=\"og:site_name\" content=\"vcycletech\" \/>\n<meta property=\"article:modified_time\" content=\"2023-03-27T03:19:25+00:00\" \/>\n<meta property=\"og:image\" content=\"https:\/\/vcycletech.com\/wp-content\/uploads\/2023\/03\/1-68.png\" \/>\n\t<meta property=\"og:image:width\" content=\"600\" \/>\n\t<meta property=\"og:image:height\" content=\"600\" \/>\n\t<meta property=\"og:image:type\" content=\"image\/png\" \/>\n<meta name=\"twitter:card\" content=\"summary_large_image\" \/>\n<meta name=\"twitter:label1\" content=\"Tempo estimado de leitura\" \/>\n\t<meta name=\"twitter:data1\" content=\"3 minutos\" \/>\n<script type=\"application\/ld+json\" class=\"yoast-schema-graph\">{\"@context\":\"https:\\\/\\\/schema.org\",\"@graph\":[{\"@type\":\"WebPage\",\"@id\":\"https:\\\/\\\/vcycletech.com\\\/product\\\/wt-707-pretreatment-filming-agent\\\/\",\"url\":\"https:\\\/\\\/vcycletech.com\\\/product\\\/wt-707-pretreatment-filming-agent\\\/\",\"name\":\"WT-707 Pretreatment Filming Agent - vcycletech\",\"isPartOf\":{\"@id\":\"https:\\\/\\\/vcycletech.com\\\/#website\"},\"primaryImageOfPage\":{\"@id\":\"https:\\\/\\\/vcycletech.com\\\/product\\\/wt-707-pretreatment-filming-agent\\\/#primaryimage\"},\"image\":{\"@id\":\"https:\\\/\\\/vcycletech.com\\\/product\\\/wt-707-pretreatment-filming-agent\\\/#primaryimage\"},\"thumbnailUrl\":\"https:\\\/\\\/vcycletech.com\\\/wp-content\\\/uploads\\\/2023\\\/03\\\/1-68.png\",\"datePublished\":\"2023-03-22T02:53:53+00:00\",\"dateModified\":\"2023-03-27T03:19:25+00:00\",\"description\":\"Tackle your toughest water treatments with the power of WT-707 Pretreatment Filming Agent! Get superior results with our selection of treatment chemicals now.\",\"breadcrumb\":{\"@id\":\"https:\\\/\\\/vcycletech.com\\\/product\\\/wt-707-pretreatment-filming-agent\\\/#breadcrumb\"},\"inLanguage\":\"pt-PT\",\"potentialAction\":[{\"@type\":\"ReadAction\",\"target\":[\"https:\\\/\\\/vcycletech.com\\\/product\\\/wt-707-pretreatment-filming-agent\\\/\"]}]},{\"@type\":\"ImageObject\",\"inLanguage\":\"pt-PT\",\"@id\":\"https:\\\/\\\/vcycletech.com\\\/product\\\/wt-707-pretreatment-filming-agent\\\/#primaryimage\",\"url\":\"https:\\\/\\\/vcycletech.com\\\/wp-content\\\/uploads\\\/2023\\\/03\\\/1-68.png\",\"contentUrl\":\"https:\\\/\\\/vcycletech.com\\\/wp-content\\\/uploads\\\/2023\\\/03\\\/1-68.png\",\"width\":600,\"height\":600,\"caption\":\"KR-707 Pretreatment Filming Agent\"},{\"@type\":\"BreadcrumbList\",\"@id\":\"https:\\\/\\\/vcycletech.com\\\/product\\\/wt-707-pretreatment-filming-agent\\\/#breadcrumb\",\"itemListElement\":[{\"@type\":\"ListItem\",\"position\":1,\"name\":\"Home\",\"item\":\"https:\\\/\\\/vcycletech.com\\\/\"},{\"@type\":\"ListItem\",\"position\":2,\"name\":\"Water Treatment Chemicals Manufacturer\",\"item\":\"https:\\\/\\\/vcycletech.com\\\/water-treatment-chemicals-manufacturer\\\/\"},{\"@type\":\"ListItem\",\"position\":3,\"name\":\"WT-707 Pretreatment Filming Agent\"}]},{\"@type\":\"WebSite\",\"@id\":\"https:\\\/\\\/vcycletech.com\\\/#website\",\"url\":\"https:\\\/\\\/vcycletech.com\\\/\",\"name\":\"vcycletech\",\"description\":\"China&#039;s top water treatment chemicals supplier\",\"publisher\":{\"@id\":\"https:\\\/\\\/vcycletech.com\\\/#organization\"},\"potentialAction\":[{\"@type\":\"SearchAction\",\"target\":{\"@type\":\"EntryPoint\",\"urlTemplate\":\"https:\\\/\\\/vcycletech.com\\\/?s={search_term_string}\"},\"query-input\":{\"@type\":\"PropertyValueSpecification\",\"valueRequired\":true,\"valueName\":\"search_term_string\"}}],\"inLanguage\":\"pt-PT\"},{\"@type\":\"Organization\",\"@id\":\"https:\\\/\\\/vcycletech.com\\\/#organization\",\"name\":\"vcycletech\",\"url\":\"https:\\\/\\\/vcycletech.com\\\/\",\"logo\":{\"@type\":\"ImageObject\",\"inLanguage\":\"pt-PT\",\"@id\":\"https:\\\/\\\/vcycletech.com\\\/#\\\/schema\\\/logo\\\/image\\\/\",\"url\":\"https:\\\/\\\/vcycletech.com\\\/wp-content\\\/uploads\\\/2023\\\/03\\\/logo-vcycletech-1.png\",\"contentUrl\":\"https:\\\/\\\/vcycletech.com\\\/wp-content\\\/uploads\\\/2023\\\/03\\\/logo-vcycletech-1.png\",\"width\":600,\"height\":400,\"caption\":\"vcycletech\"},\"image\":{\"@id\":\"https:\\\/\\\/vcycletech.com\\\/#\\\/schema\\\/logo\\\/image\\\/\"}}]}<\/script>\n<!-- \/ Yoast SEO Premium plugin. -->","yoast_head_json":{"title":"Agente de pel\u00edcula de pr\u00e9-tratamento WT-707 - vcycletech","description":"Enfrente seus tratamentos de \u00e1gua mais dif\u00edceis com o poder do Agente de Filmagem de Pr\u00e9-tratamento WT-707! Obtenha resultados superiores com nossa sele\u00e7\u00e3o de produtos qu\u00edmicos de tratamento agora.","robots":{"index":"index","follow":"follow","max-snippet":"max-snippet:-1","max-image-preview":"max-image-preview:large","max-video-preview":"max-video-preview:-1"},"canonical":"https:\/\/vcycletech.com\/pt\/produtos\/wt-707-pre-tratamento-agente-de-filmagem\/","og_locale":"pt_PT","og_type":"article","og_title":"WT-707 Pretreatment Filming Agent","og_description":"Tackle your toughest water treatments with the power of WT-707 Pretreatment Filming Agent! Get superior results with our selection of treatment chemicals now.","og_url":"https:\/\/vcycletech.com\/pt\/produtos\/wt-707-pre-tratamento-agente-de-filmagem\/","og_site_name":"vcycletech","article_modified_time":"2023-03-27T03:19:25+00:00","og_image":[{"width":600,"height":600,"url":"https:\/\/vcycletech.com\/wp-content\/uploads\/2023\/03\/1-68.png","type":"image\/png"}],"twitter_card":"summary_large_image","twitter_misc":{"Tempo estimado de leitura":"3 minutos"},"schema":{"@context":"https:\/\/schema.org","@graph":[{"@type":"WebPage","@id":"https:\/\/vcycletech.com\/product\/wt-707-pretreatment-filming-agent\/","url":"https:\/\/vcycletech.com\/product\/wt-707-pretreatment-filming-agent\/","name":"Agente de pel\u00edcula de pr\u00e9-tratamento WT-707 - vcycletech","isPartOf":{"@id":"https:\/\/vcycletech.com\/#website"},"primaryImageOfPage":{"@id":"https:\/\/vcycletech.com\/product\/wt-707-pretreatment-filming-agent\/#primaryimage"},"image":{"@id":"https:\/\/vcycletech.com\/product\/wt-707-pretreatment-filming-agent\/#primaryimage"},"thumbnailUrl":"https:\/\/vcycletech.com\/wp-content\/uploads\/2023\/03\/1-68.png","datePublished":"2023-03-22T02:53:53+00:00","dateModified":"2023-03-27T03:19:25+00:00","description":"Enfrente seus tratamentos de \u00e1gua mais dif\u00edceis com o poder do Agente de Filmagem de Pr\u00e9-tratamento WT-707! Obtenha resultados superiores com nossa sele\u00e7\u00e3o de produtos qu\u00edmicos de tratamento agora.","breadcrumb":{"@id":"https:\/\/vcycletech.com\/product\/wt-707-pretreatment-filming-agent\/#breadcrumb"},"inLanguage":"pt-PT","potentialAction":[{"@type":"ReadAction","target":["https:\/\/vcycletech.com\/product\/wt-707-pretreatment-filming-agent\/"]}]},{"@type":"ImageObject","inLanguage":"pt-PT","@id":"https:\/\/vcycletech.com\/product\/wt-707-pretreatment-filming-agent\/#primaryimage","url":"https:\/\/vcycletech.com\/wp-content\/uploads\/2023\/03\/1-68.png","contentUrl":"https:\/\/vcycletech.com\/wp-content\/uploads\/2023\/03\/1-68.png","width":600,"height":600,"caption":"KR-707 Pretreatment Filming Agent"},{"@type":"BreadcrumbList","@id":"https:\/\/vcycletech.com\/product\/wt-707-pretreatment-filming-agent\/#breadcrumb","itemListElement":[{"@type":"ListItem","position":1,"name":"Home","item":"https:\/\/vcycletech.com\/"},{"@type":"ListItem","position":2,"name":"Water Treatment Chemicals Manufacturer","item":"https:\/\/vcycletech.com\/water-treatment-chemicals-manufacturer\/"},{"@type":"ListItem","position":3,"name":"WT-707 Pretreatment Filming Agent"}]},{"@type":"WebSite","@id":"https:\/\/vcycletech.com\/#website","url":"https:\/\/vcycletech.com\/","name":"vcycletech","description":"China&#039;principal fornecedor de produtos qu\u00edmicos para tratamento de \u00e1gua","publisher":{"@id":"https:\/\/vcycletech.com\/#organization"},"potentialAction":[{"@type":"SearchAction","target":{"@type":"EntryPoint","urlTemplate":"https:\/\/vcycletech.com\/?s={search_term_string}"},"query-input":{"@type":"PropertyValueSpecification","valueRequired":true,"valueName":"search_term_string"}}],"inLanguage":"pt-PT"},{"@type":"Organization","@id":"https:\/\/vcycletech.com\/#organization","name":"vcycletech","url":"https:\/\/vcycletech.com\/","logo":{"@type":"ImageObject","inLanguage":"pt-PT","@id":"https:\/\/vcycletech.com\/#\/schema\/logo\/image\/","url":"https:\/\/vcycletech.com\/wp-content\/uploads\/2023\/03\/logo-vcycletech-1.png","contentUrl":"https:\/\/vcycletech.com\/wp-content\/uploads\/2023\/03\/logo-vcycletech-1.png","width":600,"height":400,"caption":"vcycletech"},"image":{"@id":"https:\/\/vcycletech.com\/#\/schema\/logo\/image\/"}}]}},"_links":{"self":[{"href":"https:\/\/vcycletech.com\/pt\/wp-json\/wp\/v2\/product\/1345","targetHints":{"allow":["GET"]}}],"collection":[{"href":"https:\/\/vcycletech.com\/pt\/wp-json\/wp\/v2\/product"}],"about":[{"href":"https:\/\/vcycletech.com\/pt\/wp-json\/wp\/v2\/types\/product"}],"wp:featuredmedia":[{"embeddable":true,"href":"https:\/\/vcycletech.com\/pt\/wp-json\/wp\/v2\/media\/1364"}],"wp:attachment":[{"href":"https:\/\/vcycletech.com\/pt\/wp-json\/wp\/v2\/media?parent=1345"}],"wp:term":[{"taxonomy":"product_brand","embeddable":true,"href":"https:\/\/vcycletech.com\/pt\/wp-json\/wp\/v2\/product_brand?post=1345"},{"taxonomy":"product_cat","embeddable":true,"href":"https:\/\/vcycletech.com\/pt\/wp-json\/wp\/v2\/product_cat?post=1345"},{"taxonomy":"product_tag","embeddable":true,"href":"https:\/\/vcycletech.com\/pt\/wp-json\/wp\/v2\/product_tag?post=1345"}],"curies":[{"name":"wp","href":"https:\/\/api.w.org\/{rel}","templated":true}]}}