{"id":1343,"date":"2023-03-22T02:17:11","date_gmt":"2023-03-22T02:17:11","guid":{"rendered":"https:\/\/vcycletech.com\/?post_type=product&#038;p=1343"},"modified":"2023-03-27T03:27:32","modified_gmt":"2023-03-27T03:27:32","slug":"wt-504-inibidor-de-incrustacao-e-corrosao-para-aquecer-agua","status":"publish","type":"product","link":"https:\/\/vcycletech.com\/pt\/produtos\/wt-504-inibidor-de-incrustacao-e-corrosao-para-aquecer-agua\/","title":{"rendered":"Inibidor de Incrusta\u00e7\u00e3o e Corros\u00e3o WT-504 para \u00c1gua de Aquecimento"},"content":{"rendered":"<h3 id=\"introduction_2\" class=\"xsj_heading_hash xsj_heading xsj_heading_h2\" data-source-line=\"6\" data-source-line-display=\"true\"><span class=\"xsj_heading_content\">Introdu\u00e7\u00e3o:<\/span><\/h3>\n<p class=\"xsj_paragraph xsj_paragraph_level_0\" data-source-line=\"7\" data-source-line-display=\"true\"><strong>WT-504<\/strong> \u00e9 um composto org\u00e2nico avan\u00e7ado projetado para fornecer prote\u00e7\u00e3o superior contra incrusta\u00e7\u00f5es e corros\u00e3o para sistemas de \u00e1gua quente. \u00c9 um produto tolerante a altas temperaturas que forma uma pel\u00edcula protetora nas superf\u00edcies met\u00e1licas, distorcendo efetivamente a forma\u00e7\u00e3o de cristais de carbonatos e sulfatos para que a incrusta\u00e7\u00e3o n\u00e3o se prenda firmemente \u00e0s paredes do vaso. Ele tamb\u00e9m apresenta incr\u00edvel biodegradabilidade e \u00e9 livre de subst\u00e2ncias cancer\u00edgenas como nitrito de s\u00f3dio, tornando-o uma solu\u00e7\u00e3o segura e ecol\u00f3gica!<\/p>\n<div class=\"xiaoshujiang_element xsj_anchor\"><a class=\"blank_anchor_name\" name=\"features_3\"><\/a><a id=\"features_3\" class=\"blank_anchor_id\"><\/a><a class=\"blank_anchor_name\" name=\"features\"><\/a><a id=\"features\" class=\"blank_anchor_id\"><\/a><\/div>\n<h3 id=\"features_3\" class=\"xsj_heading_hash xsj_heading xsj_heading_h2\" data-source-line=\"9\" data-source-line-display=\"true\"><span class=\"xsj_heading_content\">Caracter\u00edsticas:<\/span><\/h3>\n<p class=\"xsj_paragraph xsj_paragraph_level_0\" data-source-line=\"11\" data-source-line-display=\"true\"><strong>WT-504<\/strong> oferece desempenho superior formando uma pel\u00edcula protetora que adere firmemente \u00e0 superf\u00edcie do metal. Isso fornece excelente inibi\u00e7\u00e3o de incrusta\u00e7\u00f5es e prote\u00e7\u00e3o contra corros\u00e3o. A toler\u00e2ncia a altas temperaturas deste produto garante sua efic\u00e1cia mesmo nos ambientes mais dif\u00edceis. Al\u00e9m disso, \u00e9 livre de subst\u00e2ncias cancer\u00edgenas como nitrito de s\u00f3dio, tornando-se uma op\u00e7\u00e3o ecol\u00f3gica. Al\u00e9m disso, sua natureza biodegrad\u00e1vel garante um impacto ambiental m\u00ednimo e seguran\u00e7a em aplica\u00e7\u00f5es de \u00e1gua pot\u00e1vel.<\/p>\n<div class=\"xiaoshujiang_element xsj_anchor\"><a class=\"blank_anchor_name\" name=\"applications_4\"><\/a><a id=\"applications_4\" class=\"blank_anchor_id\"><\/a><a class=\"blank_anchor_name\" name=\"applications\"><\/a><a id=\"applications\" class=\"blank_anchor_id\"><\/a><\/div>\n<h3 id=\"applications_4\" class=\"xsj_heading_hash xsj_heading xsj_heading_h2\" data-source-line=\"13\" data-source-line-display=\"true\"><span class=\"xsj_heading_content\">Formul\u00e1rios:<\/span><\/h3>\n<p class=\"xsj_paragraph xsj_paragraph_level_0\" data-source-line=\"15\" data-source-line-display=\"true\"><strong>WT-504<\/strong> \u00e9 ideal para sistemas de \u00e1gua quente onde a prote\u00e7\u00e3o contra incrusta\u00e7\u00f5es e corros\u00e3o \u00e9 desejada sem comprometer a seguran\u00e7a ou o respeito pelo meio ambiente. \u00c9 adequado para sistemas de aquecimento residencial, comercial ou industrial, bombas de calor geot\u00e9rmicas, resfriadores e torres de resfriamento, para citar apenas alguns. Adicionalmente, <strong>WT-504<\/strong> pode ser usado em aplica\u00e7\u00f5es de \u00e1gua pot\u00e1vel para proteger contra a forma\u00e7\u00e3o de incrusta\u00e7\u00f5es sem introduzir produtos qu\u00edmicos perigosos.<\/p>\n<div class=\"xiaoshujiang_element xsj_anchor\"><a class=\"blank_anchor_name\" name=\"faqs_5\"><\/a><a id=\"faqs_5\" class=\"blank_anchor_id\"><\/a><a class=\"blank_anchor_name\" name=\"faqs\"><\/a><a id=\"faqs\" class=\"blank_anchor_id\"><\/a><\/div>\n<div>\n<h3>Uso e embalagem e armazenamento:<\/h3>\n<p>Nosso produto \u00e9 perfeito para sistemas de aquecimento de \u00e1gua devido \u00e0 sua concentra\u00e7\u00e3o precisa de 50-200g por tonelada, enquanto maquiagem adicional pode ser adicionada em propor\u00e7\u00e3o. \u00c9 convenientemente embalado e armazenado em tambor de 200L\/pl\u00e1stico ou capacidade IBC\/1000L, tamb\u00e9m adaptado de acordo com a prefer\u00eancia do cliente; garantindo uma vida \u00fatil ideal de um ano quando mantido em local fresco e seco.<\/p>\n<\/div>\n<h3 id=\"faqs_5\" class=\"xsj_heading_hash xsj_heading xsj_heading_h2\" data-source-line=\"17\" data-source-line-display=\"true\"><span class=\"xsj_heading_content\">Perguntas frequentes:<\/span><\/h3>\n<p class=\"xiaoshujiang_element xsj_anchor\"><strong><a class=\"blank_anchor_name\" name=\"120what20are20the20benefits20of20using20wt-504_6\"><\/a><a id=\"120what20are20the20benefits20of20using20wt-504_6\" class=\"blank_anchor_id\"><\/a><a class=\"blank_anchor_name\" name=\"1-what-are-the-benefits-of-using-wt-504\"><\/a><a id=\"1-what-are-the-benefits-of-using-wt-504\" class=\"blank_anchor_id\"><\/a><\/strong><\/p>\n<p id=\"120what20are20the20benefits20of20using20wt-504_6\" class=\"xsj_heading_hash xsj_heading xsj_heading_h3\" data-source-line=\"19\" data-source-line-display=\"true\"><strong><span class=\"xsj_heading_content\">Q1: Quais s\u00e3o os benef\u00edcios de usar o WT-504?<\/span><\/strong><\/p>\n<p class=\"xsj_paragraph xsj_paragraph_level_0\" data-source-line=\"21\" data-source-line-display=\"true\">O WT-504 oferece inibi\u00e7\u00e3o de escala superior e prote\u00e7\u00e3o contra corros\u00e3o enquanto ainda \u00e9 seguro e ecol\u00f3gico, sem produtos qu\u00edmicos perigosos como nitrito de s\u00f3dio no produto.<\/p>\n<div class=\"xiaoshujiang_element xsj_anchor\"><a class=\"blank_anchor_name\" name=\"220is20wt-50420suitable20for20drinking20water20applications_7\"><\/a><a id=\"220is20wt-50420suitable20for20drinking20water20applications_7\" class=\"blank_anchor_id\"><\/a><a class=\"blank_anchor_name\" name=\"2-is-wt-504-suitable-for-drinking-water-applications\"><\/a><a id=\"2-is-wt-504-suitable-for-drinking-water-applications\" class=\"blank_anchor_id\"><\/a><\/div>\n<p id=\"220is20wt-50420suitable20for20drinking20water20applications_7\" class=\"xsj_heading_hash xsj_heading xsj_heading_h3\" data-source-line=\"23\" data-source-line-display=\"true\"><strong><span class=\"xsj_heading_content\">Q2: O WT-504 \u00e9 adequado para aplica\u00e7\u00f5es de \u00e1gua pot\u00e1vel?<\/span><\/strong><\/p>\n<p class=\"xsj_paragraph xsj_paragraph_level_0\" data-source-line=\"25\" data-source-line-display=\"true\">O WT 504 \u00e9 adequado para aplica\u00e7\u00f5es de \u00e1gua pot\u00e1vel residencial e comercial, pois \u00e9 livre de produtos qu\u00edmicos perigosos, como nitrito de s\u00f3dio, tornando-o seguro para uso mesmo ao consumir a \u00e1gua diretamente.<\/p>\n<div class=\"xiaoshujiang_element xsj_anchor\"><a class=\"blank_anchor_name\" name=\"320does20wt2050420work20in20high20temperatures_8\"><\/a><a id=\"320does20wt2050420work20in20high20temperatures_8\" class=\"blank_anchor_id\"><\/a><a class=\"blank_anchor_name\" name=\"3-does-wt-504-work-in-high-temperatures\"><\/a><a id=\"3-does-wt-504-work-in-high-temperatures\" class=\"blank_anchor_id\"><\/a><\/div>\n<p id=\"320does20wt2050420work20in20high20temperatures_8\" class=\"xsj_heading_hash xsj_heading xsj_heading_h3\" data-source-line=\"27\" data-source-line-display=\"true\"><strong><span class=\"xsj_heading_content\">Q3: O WT 504 funciona em altas temperaturas?<\/span><\/strong><\/p>\n<p class=\"xsj_paragraph xsj_paragraph_level_0\" data-source-line=\"29\" data-source-line-display=\"true\">O WT 504 funciona de forma eficiente mesmo em altas temperaturas devido \u00e0s suas excelentes propriedades de estabilidade t\u00e9rmica, garantindo um \u00f3timo desempenho, independentemente das condi\u00e7\u00f5es ambientais.<\/p>\n<div class=\"xiaoshujiang_element xsj_anchor\"><a class=\"blank_anchor_name\" name=\"420does20wt2050420form20a20protective20film_9\"><\/a><a id=\"420does20wt2050420form20a20protective20film_9\" class=\"blank_anchor_id\"><\/a><a class=\"blank_anchor_name\" name=\"4-does-wt-504-form-a-protective-film\"><\/a><a id=\"4-does-wt-504-form-a-protective-film\" class=\"blank_anchor_id\"><\/a><\/div>\n<p id=\"420does20wt2050420form20a20protective20film_9\" class=\"xsj_heading_hash xsj_heading xsj_heading_h3\" data-source-line=\"31\" data-source-line-display=\"true\"><strong><span class=\"xsj_heading_content\">Q4: O WT 504 forma uma pel\u00edcula protetora?<\/span><\/strong><\/p>\n<p class=\"xsj_paragraph xsj_paragraph_level_0\" data-source-line=\"33\" data-source-line-display=\"true\">O WT 504 forma uma pel\u00edcula protetora de liga\u00e7\u00e3o incrivelmente firme em superf\u00edcies met\u00e1licas que distorce a forma\u00e7\u00e3o de cristais de carbonatos e sulfatos, de modo que a incrusta\u00e7\u00e3o n\u00e3o possa se ligar firmemente \u00e0s paredes do vaso, oferecendo assim prote\u00e7\u00e3o suprema contra a forma\u00e7\u00e3o de incrusta\u00e7\u00f5es e prote\u00e7\u00e3o contra corros\u00e3o em ambientes hostis.<\/p>\n<div class=\"xiaoshujiang_element xsj_anchor\"><a class=\"blank_anchor_name\" name=\"520is20wt2050420bio20degradable_10\"><\/a><a id=\"520is20wt2050420bio20degradable_10\" class=\"blank_anchor_id\"><\/a><a class=\"blank_anchor_name\" name=\"5-is-wt-504-bio-degradable\"><\/a><a id=\"5-is-wt-504-bio-degradable\" class=\"blank_anchor_id\"><\/a><\/div>\n<p id=\"520is20wt2050420bio20degradable_10\" class=\"xsj_heading_hash xsj_heading xsj_heading_h3\" data-source-line=\"35\" data-source-line-display=\"true\"><strong><span class=\"xsj_heading_content\">Q5: O WT 504 \u00e9 biodegrad\u00e1vel?<\/span><\/strong><\/p>\n<p class=\"xsj_paragraph xsj_paragraph_level_0\" data-source-line=\"37\" data-source-line-display=\"true\">O WT 504 possui incr\u00edveis propriedades de biodegradabilidade, garantindo m\u00ednimo impacto ambiental quando utilizado.<\/p>\n<p class=\"xsj_paragraph xsj_paragraph_level_0\" data-source-line=\"39\" data-source-line-display=\"true\"><a class=\"xsj_link xsj_manu_link\" href=\"https:\/\/vcycletech.com\/pt\/categoria-de-produto\/inibidores-de-corrosao-e-agentes-de-pelicula-de-pre-tratamento\/\">Obtenha a solu\u00e7\u00e3o completa de Inibidores de Incrusta\u00e7\u00e3o e Corros\u00e3o e Agentes de Pel\u00edcula de Pr\u00e9-tratamento<\/a>.<\/p>","protected":false},"excerpt":{"rendered":"<p>Se voc\u00ea est\u00e1 procurando um inibidor de incrusta\u00e7\u00e3o e corros\u00e3o avan\u00e7ado e ecologicamente correto para o seu sistema de \u00e1gua quente, n\u00e3o procure mais do que <strong>WT-504<\/strong>! Este produto foi projetado para fornecer prote\u00e7\u00e3o superior contra incrusta\u00e7\u00f5es e corros\u00e3o, al\u00e9m de ser seguro para o meio ambiente e sua sa\u00fade. O WT-504 \u00e9 feito de compostos org\u00e2nicos que formam uma pel\u00edcula protetora nas superf\u00edcies met\u00e1licas, evitando que os cristais se liguem e formem escamas. Al\u00e9m disso, este produto \u00e9 biodegrad\u00e1vel e livre de subst\u00e2ncias cancer\u00edgenas. Portanto, se voc\u00ea deseja a melhor prote\u00e7\u00e3o para o seu sistema de \u00e1gua quente, escolha o WT-504!<\/p>\n<p class=\"xsj_paragraph xsj_paragraph_level_0\" data-source-line=\"43\" data-source-line-display=\"true\">","protected":false},"featured_media":1355,"template":"","meta":{"site-sidebar-layout":"default","site-content-layout":"default","ast-site-content-layout":"default","site-content-style":"default","site-sidebar-style":"default","ast-global-header-display":"","ast-banner-title-visibility":"","ast-main-header-display":"","ast-hfb-above-header-display":"","ast-hfb-below-header-display":"","ast-hfb-mobile-header-display":"","site-post-title":"","ast-breadcrumbs-content":"","ast-featured-img":"","footer-sml-layout":"","ast-disable-related-posts":"","theme-transparent-header-meta":"default","adv-header-id-meta":"","stick-header-meta":"default","header-above-stick-meta":"","header-main-stick-meta":"","header-below-stick-meta":"","astra-migrate-meta-layouts":"default","ast-page-background-enabled":"default","ast-page-background-meta":{"desktop":{"background-color":"","background-image":"","background-repeat":"repeat","background-position":"center center","background-size":"auto","background-attachment":"scroll","background-type":"","background-media":"","overlay-type":"","overlay-color":"","overlay-opacity":"","overlay-gradient":""},"tablet":{"background-color":"","background-image":"","background-repeat":"repeat","background-position":"center center","background-size":"auto","background-attachment":"scroll","background-type":"","background-media":"","overlay-type":"","overlay-color":"","overlay-opacity":"","overlay-gradient":""},"mobile":{"background-color":"","background-image":"","background-repeat":"repeat","background-position":"center center","background-size":"auto","background-attachment":"scroll","background-type":"","background-media":"","overlay-type":"","overlay-color":"","overlay-opacity":"","overlay-gradient":""}},"ast-content-background-meta":{"desktop":{"background-color":"var(--ast-global-color-5)","background-image":"","background-repeat":"repeat","background-position":"center center","background-size":"auto","background-attachment":"scroll","background-type":"","background-media":"","overlay-type":"","overlay-color":"","overlay-opacity":"","overlay-gradient":""},"tablet":{"background-color":"var(--ast-global-color-5)","background-image":"","background-repeat":"repeat","background-position":"center center","background-size":"auto","background-attachment":"scroll","background-type":"","background-media":"","overlay-type":"","overlay-color":"","overlay-opacity":"","overlay-gradient":""},"mobile":{"background-color":"var(--ast-global-color-5)","background-image":"","background-repeat":"repeat","background-position":"center center","background-size":"auto","background-attachment":"scroll","background-type":"","background-media":"","overlay-type":"","overlay-color":"","overlay-opacity":"","overlay-gradient":""}}},"product_brand":[],"product_cat":[32],"product_tag":[],"class_list":{"0":"post-1343","1":"product","2":"type-product","3":"status-publish","4":"has-post-thumbnail","6":"product_cat-built-scale-corrosion-inhibitors-and-pretreatment-filming-agents","7":"desktop-align-left","8":"tablet-align-left","9":"mobile-align-left","10":"ast-product-gallery-layout-horizontal-slider","11":"ast-product-gallery-with-no-image","12":"ast-product-tabs-layout-horizontal","14":"first","15":"instock","16":"shipping-taxable","17":"product-type-simple"},"yoast_head":"<!-- This site is optimized with the Yoast SEO Premium plugin v26.3 (Yoast SEO v27.5) - https:\/\/yoast.com\/product\/yoast-seo-premium-wordpress\/ -->\n<title>WT-504 Scale and Corrosion Inhibitor for Heating Water - vcycletech<\/title>\n<meta name=\"description\" content=\"Protect your hot water system with WT-504 Scale and Corrosion Inhibitor. This advanced organic composite provides superior scale inhibition &amp; corrosion protection in high temperature environments. Try it today!\" \/>\n<meta name=\"robots\" content=\"index, follow, max-snippet:-1, max-image-preview:large, max-video-preview:-1\" \/>\n<link rel=\"canonical\" href=\"https:\/\/vcycletech.com\/pt\/produtos\/wt-504-inibidor-de-incrustacao-e-corrosao-para-aquecer-agua\/\" \/>\n<meta property=\"og:locale\" content=\"pt_PT\" \/>\n<meta property=\"og:type\" content=\"article\" \/>\n<meta property=\"og:title\" content=\"WT-504 Scale and Corrosion Inhibitor for Heating Water\" \/>\n<meta property=\"og:description\" content=\"Protect your hot water system with WT-504 Scale and Corrosion Inhibitor. This advanced organic composite provides superior scale inhibition &amp; corrosion protection in high temperature environments. Try it today!\" \/>\n<meta property=\"og:url\" content=\"https:\/\/vcycletech.com\/pt\/produtos\/wt-504-inibidor-de-incrustacao-e-corrosao-para-aquecer-agua\/\" \/>\n<meta property=\"og:site_name\" content=\"vcycletech\" \/>\n<meta property=\"article:modified_time\" content=\"2023-03-27T03:27:32+00:00\" \/>\n<meta property=\"og:image\" content=\"https:\/\/vcycletech.com\/wp-content\/uploads\/2023\/03\/Benzalkonium-Chloride-Dodecyl-Dimethyl-Benzyl-Ammonium-Chloride-4.png\" \/>\n\t<meta property=\"og:image:width\" content=\"600\" \/>\n\t<meta property=\"og:image:height\" content=\"600\" \/>\n\t<meta property=\"og:image:type\" content=\"image\/png\" \/>\n<meta name=\"twitter:card\" content=\"summary_large_image\" \/>\n<meta name=\"twitter:label1\" content=\"Tempo estimado de leitura\" \/>\n\t<meta name=\"twitter:data1\" content=\"2 minutos\" \/>\n<script type=\"application\/ld+json\" class=\"yoast-schema-graph\">{\"@context\":\"https:\\\/\\\/schema.org\",\"@graph\":[{\"@type\":\"WebPage\",\"@id\":\"https:\\\/\\\/vcycletech.com\\\/product\\\/wt-504-scale-and-corrosion-inhibitor-for-heating-water\\\/\",\"url\":\"https:\\\/\\\/vcycletech.com\\\/product\\\/wt-504-scale-and-corrosion-inhibitor-for-heating-water\\\/\",\"name\":\"WT-504 Scale and Corrosion Inhibitor for Heating Water - vcycletech\",\"isPartOf\":{\"@id\":\"https:\\\/\\\/vcycletech.com\\\/#website\"},\"primaryImageOfPage\":{\"@id\":\"https:\\\/\\\/vcycletech.com\\\/product\\\/wt-504-scale-and-corrosion-inhibitor-for-heating-water\\\/#primaryimage\"},\"image\":{\"@id\":\"https:\\\/\\\/vcycletech.com\\\/product\\\/wt-504-scale-and-corrosion-inhibitor-for-heating-water\\\/#primaryimage\"},\"thumbnailUrl\":\"https:\\\/\\\/vcycletech.com\\\/wp-content\\\/uploads\\\/2023\\\/03\\\/Benzalkonium-Chloride-Dodecyl-Dimethyl-Benzyl-Ammonium-Chloride-4.png\",\"datePublished\":\"2023-03-22T02:17:11+00:00\",\"dateModified\":\"2023-03-27T03:27:32+00:00\",\"description\":\"Protect your hot water system with WT-504 Scale and Corrosion Inhibitor. This advanced organic composite provides superior scale inhibition & corrosion protection in high temperature environments. Try it today!\",\"breadcrumb\":{\"@id\":\"https:\\\/\\\/vcycletech.com\\\/product\\\/wt-504-scale-and-corrosion-inhibitor-for-heating-water\\\/#breadcrumb\"},\"inLanguage\":\"pt-PT\",\"potentialAction\":[{\"@type\":\"ReadAction\",\"target\":[\"https:\\\/\\\/vcycletech.com\\\/product\\\/wt-504-scale-and-corrosion-inhibitor-for-heating-water\\\/\"]}]},{\"@type\":\"ImageObject\",\"inLanguage\":\"pt-PT\",\"@id\":\"https:\\\/\\\/vcycletech.com\\\/product\\\/wt-504-scale-and-corrosion-inhibitor-for-heating-water\\\/#primaryimage\",\"url\":\"https:\\\/\\\/vcycletech.com\\\/wp-content\\\/uploads\\\/2023\\\/03\\\/Benzalkonium-Chloride-Dodecyl-Dimethyl-Benzyl-Ammonium-Chloride-4.png\",\"contentUrl\":\"https:\\\/\\\/vcycletech.com\\\/wp-content\\\/uploads\\\/2023\\\/03\\\/Benzalkonium-Chloride-Dodecyl-Dimethyl-Benzyl-Ammonium-Chloride-4.png\",\"width\":600,\"height\":600,\"caption\":\"WT-504 Scale and Corrosion Inhibitor for Heating Water\"},{\"@type\":\"BreadcrumbList\",\"@id\":\"https:\\\/\\\/vcycletech.com\\\/product\\\/wt-504-scale-and-corrosion-inhibitor-for-heating-water\\\/#breadcrumb\",\"itemListElement\":[{\"@type\":\"ListItem\",\"position\":1,\"name\":\"Home\",\"item\":\"https:\\\/\\\/vcycletech.com\\\/\"},{\"@type\":\"ListItem\",\"position\":2,\"name\":\"Water Treatment Chemicals Manufacturer\",\"item\":\"https:\\\/\\\/vcycletech.com\\\/water-treatment-chemicals-manufacturer\\\/\"},{\"@type\":\"ListItem\",\"position\":3,\"name\":\"WT-504 Scale and Corrosion Inhibitor for Heating Water\"}]},{\"@type\":\"WebSite\",\"@id\":\"https:\\\/\\\/vcycletech.com\\\/#website\",\"url\":\"https:\\\/\\\/vcycletech.com\\\/\",\"name\":\"vcycletech\",\"description\":\"China&#039;s top water treatment chemicals supplier\",\"publisher\":{\"@id\":\"https:\\\/\\\/vcycletech.com\\\/#organization\"},\"potentialAction\":[{\"@type\":\"SearchAction\",\"target\":{\"@type\":\"EntryPoint\",\"urlTemplate\":\"https:\\\/\\\/vcycletech.com\\\/?s={search_term_string}\"},\"query-input\":{\"@type\":\"PropertyValueSpecification\",\"valueRequired\":true,\"valueName\":\"search_term_string\"}}],\"inLanguage\":\"pt-PT\"},{\"@type\":\"Organization\",\"@id\":\"https:\\\/\\\/vcycletech.com\\\/#organization\",\"name\":\"vcycletech\",\"url\":\"https:\\\/\\\/vcycletech.com\\\/\",\"logo\":{\"@type\":\"ImageObject\",\"inLanguage\":\"pt-PT\",\"@id\":\"https:\\\/\\\/vcycletech.com\\\/#\\\/schema\\\/logo\\\/image\\\/\",\"url\":\"https:\\\/\\\/vcycletech.com\\\/wp-content\\\/uploads\\\/2023\\\/03\\\/logo-vcycletech-1.png\",\"contentUrl\":\"https:\\\/\\\/vcycletech.com\\\/wp-content\\\/uploads\\\/2023\\\/03\\\/logo-vcycletech-1.png\",\"width\":600,\"height\":400,\"caption\":\"vcycletech\"},\"image\":{\"@id\":\"https:\\\/\\\/vcycletech.com\\\/#\\\/schema\\\/logo\\\/image\\\/\"}}]}<\/script>\n<!-- \/ Yoast SEO Premium plugin. -->","yoast_head_json":{"title":"WT-504 Inibidor de Incrusta\u00e7\u00e3o e Corros\u00e3o para \u00c1gua de Aquecimento - vcycletech","description":"Proteja seu sistema de \u00e1gua quente com o Inibidor de Incrusta\u00e7\u00e3o e Corros\u00e3o WT-504. Este composto org\u00e2nico avan\u00e7ado fornece inibi\u00e7\u00e3o de escala superior e prote\u00e7\u00e3o contra corros\u00e3o em ambientes de alta temperatura. Experimente hoje!","robots":{"index":"index","follow":"follow","max-snippet":"max-snippet:-1","max-image-preview":"max-image-preview:large","max-video-preview":"max-video-preview:-1"},"canonical":"https:\/\/vcycletech.com\/pt\/produtos\/wt-504-inibidor-de-incrustacao-e-corrosao-para-aquecer-agua\/","og_locale":"pt_PT","og_type":"article","og_title":"WT-504 Scale and Corrosion Inhibitor for Heating Water","og_description":"Protect your hot water system with WT-504 Scale and Corrosion Inhibitor. This advanced organic composite provides superior scale inhibition & corrosion protection in high temperature environments. Try it today!","og_url":"https:\/\/vcycletech.com\/pt\/produtos\/wt-504-inibidor-de-incrustacao-e-corrosao-para-aquecer-agua\/","og_site_name":"vcycletech","article_modified_time":"2023-03-27T03:27:32+00:00","og_image":[{"width":600,"height":600,"url":"https:\/\/vcycletech.com\/wp-content\/uploads\/2023\/03\/Benzalkonium-Chloride-Dodecyl-Dimethyl-Benzyl-Ammonium-Chloride-4.png","type":"image\/png"}],"twitter_card":"summary_large_image","twitter_misc":{"Tempo estimado de leitura":"2 minutos"},"schema":{"@context":"https:\/\/schema.org","@graph":[{"@type":"WebPage","@id":"https:\/\/vcycletech.com\/product\/wt-504-scale-and-corrosion-inhibitor-for-heating-water\/","url":"https:\/\/vcycletech.com\/product\/wt-504-scale-and-corrosion-inhibitor-for-heating-water\/","name":"WT-504 Inibidor de Incrusta\u00e7\u00e3o e Corros\u00e3o para \u00c1gua de Aquecimento - vcycletech","isPartOf":{"@id":"https:\/\/vcycletech.com\/#website"},"primaryImageOfPage":{"@id":"https:\/\/vcycletech.com\/product\/wt-504-scale-and-corrosion-inhibitor-for-heating-water\/#primaryimage"},"image":{"@id":"https:\/\/vcycletech.com\/product\/wt-504-scale-and-corrosion-inhibitor-for-heating-water\/#primaryimage"},"thumbnailUrl":"https:\/\/vcycletech.com\/wp-content\/uploads\/2023\/03\/Benzalkonium-Chloride-Dodecyl-Dimethyl-Benzyl-Ammonium-Chloride-4.png","datePublished":"2023-03-22T02:17:11+00:00","dateModified":"2023-03-27T03:27:32+00:00","description":"Proteja seu sistema de \u00e1gua quente com o Inibidor de Incrusta\u00e7\u00e3o e Corros\u00e3o WT-504. Este composto org\u00e2nico avan\u00e7ado fornece inibi\u00e7\u00e3o de escala superior e prote\u00e7\u00e3o contra corros\u00e3o em ambientes de alta temperatura. Experimente hoje!","breadcrumb":{"@id":"https:\/\/vcycletech.com\/product\/wt-504-scale-and-corrosion-inhibitor-for-heating-water\/#breadcrumb"},"inLanguage":"pt-PT","potentialAction":[{"@type":"ReadAction","target":["https:\/\/vcycletech.com\/product\/wt-504-scale-and-corrosion-inhibitor-for-heating-water\/"]}]},{"@type":"ImageObject","inLanguage":"pt-PT","@id":"https:\/\/vcycletech.com\/product\/wt-504-scale-and-corrosion-inhibitor-for-heating-water\/#primaryimage","url":"https:\/\/vcycletech.com\/wp-content\/uploads\/2023\/03\/Benzalkonium-Chloride-Dodecyl-Dimethyl-Benzyl-Ammonium-Chloride-4.png","contentUrl":"https:\/\/vcycletech.com\/wp-content\/uploads\/2023\/03\/Benzalkonium-Chloride-Dodecyl-Dimethyl-Benzyl-Ammonium-Chloride-4.png","width":600,"height":600,"caption":"WT-504 Scale and Corrosion Inhibitor for Heating Water"},{"@type":"BreadcrumbList","@id":"https:\/\/vcycletech.com\/product\/wt-504-scale-and-corrosion-inhibitor-for-heating-water\/#breadcrumb","itemListElement":[{"@type":"ListItem","position":1,"name":"Home","item":"https:\/\/vcycletech.com\/"},{"@type":"ListItem","position":2,"name":"Water Treatment Chemicals Manufacturer","item":"https:\/\/vcycletech.com\/water-treatment-chemicals-manufacturer\/"},{"@type":"ListItem","position":3,"name":"WT-504 Scale and Corrosion Inhibitor for Heating Water"}]},{"@type":"WebSite","@id":"https:\/\/vcycletech.com\/#website","url":"https:\/\/vcycletech.com\/","name":"vcycletech","description":"China&#039;principal fornecedor de produtos qu\u00edmicos para tratamento de \u00e1gua","publisher":{"@id":"https:\/\/vcycletech.com\/#organization"},"potentialAction":[{"@type":"SearchAction","target":{"@type":"EntryPoint","urlTemplate":"https:\/\/vcycletech.com\/?s={search_term_string}"},"query-input":{"@type":"PropertyValueSpecification","valueRequired":true,"valueName":"search_term_string"}}],"inLanguage":"pt-PT"},{"@type":"Organization","@id":"https:\/\/vcycletech.com\/#organization","name":"vcycletech","url":"https:\/\/vcycletech.com\/","logo":{"@type":"ImageObject","inLanguage":"pt-PT","@id":"https:\/\/vcycletech.com\/#\/schema\/logo\/image\/","url":"https:\/\/vcycletech.com\/wp-content\/uploads\/2023\/03\/logo-vcycletech-1.png","contentUrl":"https:\/\/vcycletech.com\/wp-content\/uploads\/2023\/03\/logo-vcycletech-1.png","width":600,"height":400,"caption":"vcycletech"},"image":{"@id":"https:\/\/vcycletech.com\/#\/schema\/logo\/image\/"}}]}},"_links":{"self":[{"href":"https:\/\/vcycletech.com\/pt\/wp-json\/wp\/v2\/product\/1343","targetHints":{"allow":["GET"]}}],"collection":[{"href":"https:\/\/vcycletech.com\/pt\/wp-json\/wp\/v2\/product"}],"about":[{"href":"https:\/\/vcycletech.com\/pt\/wp-json\/wp\/v2\/types\/product"}],"wp:featuredmedia":[{"embeddable":true,"href":"https:\/\/vcycletech.com\/pt\/wp-json\/wp\/v2\/media\/1355"}],"wp:attachment":[{"href":"https:\/\/vcycletech.com\/pt\/wp-json\/wp\/v2\/media?parent=1343"}],"wp:term":[{"taxonomy":"product_brand","embeddable":true,"href":"https:\/\/vcycletech.com\/pt\/wp-json\/wp\/v2\/product_brand?post=1343"},{"taxonomy":"product_cat","embeddable":true,"href":"https:\/\/vcycletech.com\/pt\/wp-json\/wp\/v2\/product_cat?post=1343"},{"taxonomy":"product_tag","embeddable":true,"href":"https:\/\/vcycletech.com\/pt\/wp-json\/wp\/v2\/product_tag?post=1343"}],"curies":[{"name":"wp","href":"https:\/\/api.w.org\/{rel}","templated":true}]}}