{"id":1332,"date":"2023-03-22T02:10:09","date_gmt":"2023-03-22T02:10:09","guid":{"rendered":"https:\/\/vcycletech.com\/?post_type=product&#038;p=1332"},"modified":"2023-03-22T06:39:26","modified_gmt":"2023-03-22T06:39:26","slug":"cloreto-de-diotil-dimetil-amonio-0821","status":"publish","type":"product","link":"https:\/\/vcycletech.com\/pt\/produtos\/cloreto-de-diotil-dimetil-amonio-0821\/","title":{"rendered":"Cloreto de Diotil Dimetil Am\u00f4nio (D0821)"},"content":{"rendered":"<h3>N\u00ba CAS 5538-94-3<\/h3>\n<h3>F\u00f3rmula molecular: C18H40ClN<\/h3>\n<h3>Peso molecular: 305,97<\/h3>\n<h3>F\u00f3rmula estrutural:<\/h3>\n<figure id=\"attachment_1335\" aria-describedby=\"caption-attachment-1335\" style=\"width: 600px\" class=\"wp-caption alignnone\"><img fetchpriority=\"high\" decoding=\"async\" class=\"size-full wp-image-1335\" src=\"https:\/\/vcycletech.com\/wp-content\/uploads\/2023\/03\/1-64.png\" alt=\"D0821\" width=\"600\" height=\"600\" srcset=\"https:\/\/vcycletech.com\/wp-content\/uploads\/2023\/03\/1-64.png 600w, https:\/\/vcycletech.com\/wp-content\/uploads\/2023\/03\/1-64-100x100.png 100w, https:\/\/vcycletech.com\/wp-content\/uploads\/2023\/03\/1-64-300x300.png 300w, https:\/\/vcycletech.com\/wp-content\/uploads\/2023\/03\/1-64-150x150.png 150w\" sizes=\"(max-width: 600px) 100vw, 600px\" \/><figcaption id=\"caption-attachment-1335\" class=\"wp-caption-text\">D0821<\/figcaption><\/figure>\n<h3>Especifica\u00e7\u00e3o:<\/h3>\n<div id=\"footable_parent_1338\"\n         class=\"footable_parent ninja_table_wrapper loading_ninja_table wp_table_data_press_parent semantic_ui\">\n                <table data-ninja_table_instance=\"ninja_table_instance_0\" data-footable_id=\"1338\" data-filter-delay=\"1000\" aria-label=\"D0821.csv\"            id=\"footable_1338\"\n           data-unique_identifier=\"ninja_table_unique_id_3119296704_1338\"\n           class=\"foo-table ninja_footable foo_table_1338 ninja_table_unique_id_3119296704_1338 ui table  nt_type_legacy_table selectable striped vertical_centered  footable-paging-right ninja_table_pro\">\n                <colgroup>\n                            <col class=\"ninja_column_0\">\n                            <col class=\"ninja_column_1\">\n                            <col class=\"ninja_column_2\">\n                    <\/colgroup>\n        <thead>\n<tr class=\"footable-header\">\n                                                        <th scope=\"col\"  class=\"ninja_column_0 ninja_clmn_nm_items\">Unid<\/th><th scope=\"col\"  class=\"ninja_column_1 ninja_clmn_nm_index\">\u00cdndice<\/th><th scope=\"col\"  class=\"ninja_column_2 ninja_clmn_nm_ninja_column_3\"><\/th><\/tr>\n<\/thead>\n<tbody>\n\n        <tr data-row_id=\"342\" class=\"ninja_table_row_0 nt_row_id_342\">\n            <td>Apar\u00eancia<\/td><td>L\u00edquido l\u00edmpido, amarelo p\u00e1lido a palha<\/td><td>L\u00edquido l\u00edmpido, amarelo p\u00e1lido a palha<\/td>        <\/tr>\n            <tr data-row_id=\"343\" class=\"ninja_table_row_1 nt_row_id_343\">\n            <td>Conte\u00fado ativo, %<\/td><td>48-52<\/td><td>78-82<\/td>        <\/tr>\n            <tr data-row_id=\"344\" class=\"ninja_table_row_2 nt_row_id_344\">\n            <td>PH (solu\u00e7\u00e3o de \u00e1gua 10%)<\/td><td>5.0-9.0<\/td><td>5.0-9.0<\/td>        <\/tr>\n            <tr data-row_id=\"345\" class=\"ninja_table_row_3 nt_row_id_345\">\n            <td>Amina livre, %<\/td><td>2,0 m\u00e1x.<\/td><td>2,0 m\u00e1x.<\/td>        <\/tr>\n            <tr data-row_id=\"346\" class=\"ninja_table_row_4 nt_row_id_346\">\n            <td>Cor (APHA)<\/td><td>200 m\u00e1x.<\/td><td>200 m\u00e1x.<\/td>        <\/tr>\n    <\/tbody><!--ninja_tobody_rendering_done-->\n    <\/table>\n    \n    \n    \n<\/div>\n\n<h3>Propriedades:<\/h3>\n<p><strong>Cloreto de Diotil Dimetil Am\u00f4nio (DDAC)<\/strong> \u00e9 um composto de am\u00f4nia quatern\u00e1ria de cadeia dupla que fornece a\u00e7\u00e3o biocida controlada em espuma. Verificou-se que ele exibe espuma baixa e de quebra r\u00e1pida com desempenho excepcional de espuma din\u00e2mica e controlada em desinfetantes de superf\u00edcie dura registrados pela FIFRA1, sanitizantes e certos tipos de formula\u00e7\u00f5es de tratamento de \u00e1gua. O DDAC oferece a\u00e7\u00e3o germicida potente contra um amplo espectro de organismos microbianos, incluindo bact\u00e9rias, fungos, v\u00edrus e algas, mesmo sob cargas pesadas de solo org\u00e2nico e condi\u00e7\u00f5es complexas de \u00e1gua.<\/p>\n<h3>Uso:<\/h3>\n<p><strong>Cloreto de Diotil Dimetil Am\u00f4nio (DDAC)<\/strong> \u00e9 um antimicrobiano \u00e0 base de am\u00f4nio quatern\u00e1rio usado como bacteriostato, desinfetante ou microbiocida. \u00c9 ideal para sistemas de recircula\u00e7\u00e3o de \u00e1gua onde o controle de micr\u00f3bios indesej\u00e1veis sem excesso de espuma \u00e9 essencial.<\/p>\n<p>Descobriu-se que o DDAC \u00e9 eficaz em v\u00e1rios campos, incluindo tratamento de \u00e1gua de inje\u00e7\u00e3o em campos petrol\u00edferos e sistemas industriais de refrigera\u00e7\u00e3o circulante, desinfec\u00e7\u00e3o de fungos e bact\u00e9rias, agentes de preserva\u00e7\u00e3o de madeira e agentes \u00e0 prova de tra\u00e7as t\u00eaxteis. Al\u00e9m disso, tamb\u00e9m pode ser usado com di\u00f3xido de cloro no tratamento de superf\u00edcies duras para eliminar bact\u00e9rias.<\/p>\n<h3>Pacote e armazenamento:<\/h3>\n<p><strong>Cloreto de Diotil Dimetil Am\u00f4nio (DDAC, D0821)<\/strong> devem ser armazenados em recipientes originais em uma \u00e1rea seca e bem ventilada, longe de temperaturas extremas. Recomenda-se manter o produto lacrado e ao abrigo da luz solar direta, pois altas temperaturas podem degradar sua efic\u00e1cia. Ao manusear DDAC, roupas de prote\u00e7\u00e3o como luvas, protetores faciais, respiradores, botas e aventais resistentes a produtos qu\u00edmicos s\u00e3o recomendados. Tambor de pl\u00e1stico de 200L, IBC(1000L), requisito do cliente\u2014armazenamento por um ano em local seco e com sombra.<\/p>\n<h3>Sin\u00f4nimos:<\/h3>\n<p>cloreto de diocti dimetil am\u00f4nio<\/p>\n<p>cloreto de dimetildioctilam\u00f4nio<\/p>\n<p>cloreto de n,n-dimetil-n,n-dioctilam\u00f4nio<\/p>\n<p>cloreto de diocti dimetil am\u00f4nio \u2013 dodac<\/p>\n<p>Bardac LF \/Bardac LF-80<\/p>\n<p>cloreto de bisoctil dimetil am\u00f4nio<br \/>\n1-octanam\u00ednio, n,n-dimetil-n-octil-, cloreto<\/p>\n<h3>Perguntas frequentes sobre D0821 para produtos qu\u00edmicos de tratamento de \u00e1gua:<\/h3>\n<p><strong>O que \u00e9 Cloreto de Diotil Dimetil Am\u00f4nio (D0821)?<\/strong><br \/>\nCloreto de Diotil Dimetil Am\u00f4nio (D0821) \u00e9 um surfactante cati\u00f4nico usado em produtos qu\u00edmicos para tratamento de \u00e1gua. \u00c9 um l\u00edquido claro, amarelo claro e incolor que funciona como desinfetante, algicida e agente floculante. Pode controlar bact\u00e9rias, algas, fungos, organismos produtores de lodo e s\u00f3lidos suspensos na \u00e1gua.<\/p>\n<p><strong>Quais s\u00e3o os usos do Diotil Dimetil Ammonium Chloride (D0821)?<\/strong><br \/>\nCloreto de Diotil Dimetil Am\u00f4nio (D0821) pode ser usado em muitas aplica\u00e7\u00f5es, incluindo desinfec\u00e7\u00e3o de \u00e1guas residuais, tratamento de \u00e1guas residuais industriais, desinfec\u00e7\u00e3o de \u00e1gua pot\u00e1vel, desinfec\u00e7\u00e3o de piscinas, limpeza e manuten\u00e7\u00e3o de torres de resfriamento, formula\u00e7\u00e3o de produtos qu\u00edmicos para campos petrol\u00edferos e processos de produ\u00e7\u00e3o. Al\u00e9m de seu uso como agente biocida contra microorganismos, tamb\u00e9m auxilia na solidifica\u00e7\u00e3o de part\u00edculas suspensas na \u00e1gua e auxilia na sua remo\u00e7\u00e3o do sistema.<\/p>\n<p><strong>Existe alguma preocupa\u00e7\u00e3o de seguran\u00e7a associada ao uso do Cloreto de Diotil Dimetil Am\u00f4nio (D0821)?<\/strong><\/p>\n<p>Embora geralmente seguro de usar quando aplicado conforme as instru\u00e7\u00f5es e seguindo os protocolos de seguran\u00e7a adequados ao manusear este produto, a superexposi\u00e7\u00e3o ou uso indevido pode causar riscos \u00e0 sa\u00fade, como irrita\u00e7\u00e3o da pele ou danos aos olhos. Sempre use equipamento de prote\u00e7\u00e3o, como luvas, ao manusear este produto e evite o contato com os olhos e a pele. Se o contato ocorrer por acidente, procure atendimento m\u00e9dico imediatamente. Este produto n\u00e3o deve ser ingerido em hip\u00f3tese alguma. Deve ser sempre armazenado longe de alimentos ou bebidas para evitar a contamina\u00e7\u00e3o de alimentos ou bebidas com este composto qu\u00edmico.<\/p>\n<p><strong>Cloreto de Diotil Dimetil Am\u00f4nio (D0821) \u00e9 ecologicamente correto?<\/strong><br \/>\nSim! Quando utilizado de forma respons\u00e1vel nas concentra\u00e7\u00f5es recomendadas, representa um risco ambiental m\u00ednimo devido \u00e0 sua r\u00e1pida taxa de degrada\u00e7\u00e3o, uma vez liberado nos sistemas aqu\u00e1ticos. No entanto, o uso indevido pode resultar no ac\u00famulo de materiais t\u00f3xicos que podem representar uma amea\u00e7a para esp\u00e9cies marinhas sens\u00edveis, como peixes ou outras formas de vida aqu\u00e1tica, portanto, as diretrizes de dilui\u00e7\u00e3o adequadas devem ser seguidas ao usar este produto para tratamento de \u00e1gua.<\/p>\n<p><strong>Como aplico Cloreto de Diotil Dimetil Am\u00f4nio (D0821) para tratamento de \u00e1gua?<\/strong><br \/>\nA quantidade de terra de diatom\u00e1ceas necess\u00e1ria depende do n\u00famero de contaminantes presentes na \u00e1gua a ser tratada, mas normalmente varia de 0,02 a 0,1% n\u00edveis de concentra\u00e7\u00e3o, dependendo do tipo de contaminantes presentes no corpo de \u00e1gua a ser tratado. Para garantir resultados eficazes, \u00e9 essencial seguir todas as instru\u00e7\u00f5es do r\u00f3tulo ou consultar um profissional antes de usar, caso n\u00e3o tenha certeza sobre as concentra\u00e7\u00f5es necess\u00e1rias para fins de aplica\u00e7\u00e3o.<\/p>\n<p><a href=\"https:\/\/vcycletech.com\/pt\/surfactante-cationico\/\"><strong>Obtenha a solu\u00e7\u00e3o completa de surfactante cati\u00f4nico.<\/strong><\/a><\/p>","protected":false},"excerpt":{"rendered":"<p><strong>Cloreto de Diotil Dimetil Am\u00f4nio (D0821)<\/strong> para Water Treatment Chemicals \u00e9 um sal de am\u00f4nio quatern\u00e1rio que \u00e9 amplamente usado em tratamento de \u00e1gua, t\u00eaxtil, fabrica\u00e7\u00e3o de papel, couro e outras ind\u00fastrias. Ele tem boa estabilidade de cloro e pode efetivamente remover mat\u00e9ria org\u00e2nica, col\u00f3ides e cor da \u00e1gua.<\/p>\n<p>Este produto \u00e9 de alta qualidade <strong>Cloreto de Diotil Dimetil Am\u00f4nio (D0821)<\/strong> para produtos qu\u00edmicos de tratamento de \u00e1gua provenientes da China. Est\u00e1 dispon\u00edvel em grandes quantidades a pre\u00e7os competitivos. Empresas que querem comprar <strong>Cloreto de Diotil Dimetil Am\u00f4nio (D0821)<\/strong> para Produtos Qu\u00edmicos para Tratamento de \u00c1gua a granel, entre em contato conosco hoje mesmo.<\/p>","protected":false},"featured_media":1347,"template":"","meta":{"site-sidebar-layout":"default","site-content-layout":"default","ast-site-content-layout":"default","site-content-style":"default","site-sidebar-style":"default","ast-global-header-display":"","ast-banner-title-visibility":"","ast-main-header-display":"","ast-hfb-above-header-display":"","ast-hfb-below-header-display":"","ast-hfb-mobile-header-display":"","site-post-title":"","ast-breadcrumbs-content":"","ast-featured-img":"","footer-sml-layout":"","ast-disable-related-posts":"","theme-transparent-header-meta":"default","adv-header-id-meta":"","stick-header-meta":"default","header-above-stick-meta":"","header-main-stick-meta":"","header-below-stick-meta":"","astra-migrate-meta-layouts":"default","ast-page-background-enabled":"default","ast-page-background-meta":{"desktop":{"background-color":"","background-image":"","background-repeat":"repeat","background-position":"center center","background-size":"auto","background-attachment":"scroll","background-type":"","background-media":"","overlay-type":"","overlay-color":"","overlay-opacity":"","overlay-gradient":""},"tablet":{"background-color":"","background-image":"","background-repeat":"repeat","background-position":"center center","background-size":"auto","background-attachment":"scroll","background-type":"","background-media":"","overlay-type":"","overlay-color":"","overlay-opacity":"","overlay-gradient":""},"mobile":{"background-color":"","background-image":"","background-repeat":"repeat","background-position":"center center","background-size":"auto","background-attachment":"scroll","background-type":"","background-media":"","overlay-type":"","overlay-color":"","overlay-opacity":"","overlay-gradient":""}},"ast-content-background-meta":{"desktop":{"background-color":"var(--ast-global-color-5)","background-image":"","background-repeat":"repeat","background-position":"center center","background-size":"auto","background-attachment":"scroll","background-type":"","background-media":"","overlay-type":"","overlay-color":"","overlay-opacity":"","overlay-gradient":""},"tablet":{"background-color":"var(--ast-global-color-5)","background-image":"","background-repeat":"repeat","background-position":"center center","background-size":"auto","background-attachment":"scroll","background-type":"","background-media":"","overlay-type":"","overlay-color":"","overlay-opacity":"","overlay-gradient":""},"mobile":{"background-color":"var(--ast-global-color-5)","background-image":"","background-repeat":"repeat","background-position":"center center","background-size":"auto","background-attachment":"scroll","background-type":"","background-media":"","overlay-type":"","overlay-color":"","overlay-opacity":"","overlay-gradient":""}}},"product_brand":[],"product_cat":[33],"product_tag":[],"class_list":{"0":"post-1332","1":"product","2":"type-product","3":"status-publish","4":"has-post-thumbnail","6":"product_cat-cationic-surfactant-list","7":"desktop-align-left","8":"tablet-align-left","9":"mobile-align-left","10":"ast-product-gallery-layout-horizontal-slider","11":"ast-product-tabs-layout-horizontal","13":"first","14":"instock","15":"shipping-taxable","16":"product-type-simple"},"yoast_head":"<!-- This site is optimized with the Yoast SEO Premium plugin v26.3 (Yoast SEO v27.3) - https:\/\/yoast.com\/product\/yoast-seo-premium-wordpress\/ -->\n<title>Diotyl Dimethyl Ammonium Chloride(D0821) - vcycletech<\/title>\n<meta name=\"description\" content=\"DDAC has been found to be effective in a variety of fields including injection water treatment in oilfields and industrial circulating cooling systems, fungi, and bacteria disinfection, wood preservative agents, and textile moth-proofing agents. Additionally, it can also be used with chlorine dioxide when treating hard surfaces to eliminate bacteria.\" \/>\n<meta name=\"robots\" content=\"index, follow, max-snippet:-1, max-image-preview:large, max-video-preview:-1\" \/>\n<link rel=\"canonical\" href=\"https:\/\/vcycletech.com\/pt\/produtos\/cloreto-de-diotil-dimetil-amonio-0821\/\" \/>\n<meta property=\"og:locale\" content=\"pt_PT\" \/>\n<meta property=\"og:type\" content=\"article\" \/>\n<meta property=\"og:title\" content=\"Diotyl Dimethyl Ammonium Chloride(D0821)\" \/>\n<meta property=\"og:description\" content=\"DDAC has been found to be effective in a variety of fields including injection water treatment in oilfields and industrial circulating cooling systems, fungi, and bacteria disinfection, wood preservative agents, and textile moth-proofing agents. Additionally, it can also be used with chlorine dioxide when treating hard surfaces to eliminate bacteria.\" \/>\n<meta property=\"og:url\" content=\"https:\/\/vcycletech.com\/pt\/produtos\/cloreto-de-diotil-dimetil-amonio-0821\/\" \/>\n<meta property=\"og:site_name\" content=\"vcycletech\" \/>\n<meta property=\"article:modified_time\" content=\"2023-03-22T06:39:26+00:00\" \/>\n<meta property=\"og:image\" content=\"https:\/\/vcycletech.com\/wp-content\/uploads\/2023\/03\/1-65.png\" \/>\n\t<meta property=\"og:image:width\" content=\"600\" \/>\n\t<meta property=\"og:image:height\" content=\"600\" \/>\n\t<meta property=\"og:image:type\" content=\"image\/png\" \/>\n<meta name=\"twitter:card\" content=\"summary_large_image\" \/>\n<meta name=\"twitter:label1\" content=\"Tempo estimado de leitura\" \/>\n\t<meta name=\"twitter:data1\" content=\"4 minutos\" \/>\n<script type=\"application\/ld+json\" class=\"yoast-schema-graph\">{\"@context\":\"https:\\\/\\\/schema.org\",\"@graph\":[{\"@type\":\"WebPage\",\"@id\":\"https:\\\/\\\/vcycletech.com\\\/product\\\/diotyl-dimethyl-ammonium-chlorided0821\\\/\",\"url\":\"https:\\\/\\\/vcycletech.com\\\/product\\\/diotyl-dimethyl-ammonium-chlorided0821\\\/\",\"name\":\"Diotyl Dimethyl Ammonium Chloride(D0821) - vcycletech\",\"isPartOf\":{\"@id\":\"https:\\\/\\\/vcycletech.com\\\/#website\"},\"primaryImageOfPage\":{\"@id\":\"https:\\\/\\\/vcycletech.com\\\/product\\\/diotyl-dimethyl-ammonium-chlorided0821\\\/#primaryimage\"},\"image\":{\"@id\":\"https:\\\/\\\/vcycletech.com\\\/product\\\/diotyl-dimethyl-ammonium-chlorided0821\\\/#primaryimage\"},\"thumbnailUrl\":\"https:\\\/\\\/vcycletech.com\\\/wp-content\\\/uploads\\\/2023\\\/03\\\/1-65.png\",\"datePublished\":\"2023-03-22T02:10:09+00:00\",\"dateModified\":\"2023-03-22T06:39:26+00:00\",\"description\":\"DDAC has been found to be effective in a variety of fields including injection water treatment in oilfields and industrial circulating cooling systems, fungi, and bacteria disinfection, wood preservative agents, and textile moth-proofing agents. Additionally, it can also be used with chlorine dioxide when treating hard surfaces to eliminate bacteria.\",\"breadcrumb\":{\"@id\":\"https:\\\/\\\/vcycletech.com\\\/product\\\/diotyl-dimethyl-ammonium-chlorided0821\\\/#breadcrumb\"},\"inLanguage\":\"pt-PT\",\"potentialAction\":[{\"@type\":\"ReadAction\",\"target\":[\"https:\\\/\\\/vcycletech.com\\\/product\\\/diotyl-dimethyl-ammonium-chlorided0821\\\/\"]}]},{\"@type\":\"ImageObject\",\"inLanguage\":\"pt-PT\",\"@id\":\"https:\\\/\\\/vcycletech.com\\\/product\\\/diotyl-dimethyl-ammonium-chlorided0821\\\/#primaryimage\",\"url\":\"https:\\\/\\\/vcycletech.com\\\/wp-content\\\/uploads\\\/2023\\\/03\\\/1-65.png\",\"contentUrl\":\"https:\\\/\\\/vcycletech.com\\\/wp-content\\\/uploads\\\/2023\\\/03\\\/1-65.png\",\"width\":600,\"height\":600,\"caption\":\"Diotyl dimethyl Ammonium Chloride(D0821)\"},{\"@type\":\"BreadcrumbList\",\"@id\":\"https:\\\/\\\/vcycletech.com\\\/product\\\/diotyl-dimethyl-ammonium-chlorided0821\\\/#breadcrumb\",\"itemListElement\":[{\"@type\":\"ListItem\",\"position\":1,\"name\":\"Home\",\"item\":\"https:\\\/\\\/vcycletech.com\\\/\"},{\"@type\":\"ListItem\",\"position\":2,\"name\":\"Water Treatment Chemicals Manufacturer\",\"item\":\"https:\\\/\\\/vcycletech.com\\\/water-treatment-chemicals-manufacturer\\\/\"},{\"@type\":\"ListItem\",\"position\":3,\"name\":\"Diotyl Dimethyl Ammonium Chloride(D0821)\"}]},{\"@type\":\"WebSite\",\"@id\":\"https:\\\/\\\/vcycletech.com\\\/#website\",\"url\":\"https:\\\/\\\/vcycletech.com\\\/\",\"name\":\"vcycletech\",\"description\":\"China&#039;s top water treatment chemicals supplier\",\"publisher\":{\"@id\":\"https:\\\/\\\/vcycletech.com\\\/#organization\"},\"potentialAction\":[{\"@type\":\"SearchAction\",\"target\":{\"@type\":\"EntryPoint\",\"urlTemplate\":\"https:\\\/\\\/vcycletech.com\\\/?s={search_term_string}\"},\"query-input\":{\"@type\":\"PropertyValueSpecification\",\"valueRequired\":true,\"valueName\":\"search_term_string\"}}],\"inLanguage\":\"pt-PT\"},{\"@type\":\"Organization\",\"@id\":\"https:\\\/\\\/vcycletech.com\\\/#organization\",\"name\":\"vcycletech\",\"url\":\"https:\\\/\\\/vcycletech.com\\\/\",\"logo\":{\"@type\":\"ImageObject\",\"inLanguage\":\"pt-PT\",\"@id\":\"https:\\\/\\\/vcycletech.com\\\/#\\\/schema\\\/logo\\\/image\\\/\",\"url\":\"https:\\\/\\\/vcycletech.com\\\/wp-content\\\/uploads\\\/2023\\\/03\\\/logo-vcycletech-1.png\",\"contentUrl\":\"https:\\\/\\\/vcycletech.com\\\/wp-content\\\/uploads\\\/2023\\\/03\\\/logo-vcycletech-1.png\",\"width\":600,\"height\":400,\"caption\":\"vcycletech\"},\"image\":{\"@id\":\"https:\\\/\\\/vcycletech.com\\\/#\\\/schema\\\/logo\\\/image\\\/\"}}]}<\/script>\n<!-- \/ Yoast SEO Premium plugin. -->","yoast_head_json":{"title":"Cloreto de Diotil Dimetil Am\u00f4nio (D0821) - vcycletech","description":"Descobriu-se que o DDAC \u00e9 eficaz em uma variedade de campos, incluindo tratamento de \u00e1gua de inje\u00e7\u00e3o em campos petrol\u00edferos e sistemas industriais de resfriamento circulante, desinfec\u00e7\u00e3o de fungos e bact\u00e9rias, agentes conservantes de madeira e agentes t\u00eaxteis \u00e0 prova de tra\u00e7as. Al\u00e9m disso, tamb\u00e9m pode ser usado com di\u00f3xido de cloro no tratamento de superf\u00edcies duras para eliminar bact\u00e9rias.","robots":{"index":"index","follow":"follow","max-snippet":"max-snippet:-1","max-image-preview":"max-image-preview:large","max-video-preview":"max-video-preview:-1"},"canonical":"https:\/\/vcycletech.com\/pt\/produtos\/cloreto-de-diotil-dimetil-amonio-0821\/","og_locale":"pt_PT","og_type":"article","og_title":"Diotyl Dimethyl Ammonium Chloride(D0821)","og_description":"DDAC has been found to be effective in a variety of fields including injection water treatment in oilfields and industrial circulating cooling systems, fungi, and bacteria disinfection, wood preservative agents, and textile moth-proofing agents. Additionally, it can also be used with chlorine dioxide when treating hard surfaces to eliminate bacteria.","og_url":"https:\/\/vcycletech.com\/pt\/produtos\/cloreto-de-diotil-dimetil-amonio-0821\/","og_site_name":"vcycletech","article_modified_time":"2023-03-22T06:39:26+00:00","og_image":[{"width":600,"height":600,"url":"https:\/\/vcycletech.com\/wp-content\/uploads\/2023\/03\/1-65.png","type":"image\/png"}],"twitter_card":"summary_large_image","twitter_misc":{"Tempo estimado de leitura":"4 minutos"},"schema":{"@context":"https:\/\/schema.org","@graph":[{"@type":"WebPage","@id":"https:\/\/vcycletech.com\/product\/diotyl-dimethyl-ammonium-chlorided0821\/","url":"https:\/\/vcycletech.com\/product\/diotyl-dimethyl-ammonium-chlorided0821\/","name":"Cloreto de Diotil Dimetil Am\u00f4nio (D0821) - vcycletech","isPartOf":{"@id":"https:\/\/vcycletech.com\/#website"},"primaryImageOfPage":{"@id":"https:\/\/vcycletech.com\/product\/diotyl-dimethyl-ammonium-chlorided0821\/#primaryimage"},"image":{"@id":"https:\/\/vcycletech.com\/product\/diotyl-dimethyl-ammonium-chlorided0821\/#primaryimage"},"thumbnailUrl":"https:\/\/vcycletech.com\/wp-content\/uploads\/2023\/03\/1-65.png","datePublished":"2023-03-22T02:10:09+00:00","dateModified":"2023-03-22T06:39:26+00:00","description":"Descobriu-se que o DDAC \u00e9 eficaz em uma variedade de campos, incluindo tratamento de \u00e1gua de inje\u00e7\u00e3o em campos petrol\u00edferos e sistemas industriais de resfriamento circulante, desinfec\u00e7\u00e3o de fungos e bact\u00e9rias, agentes conservantes de madeira e agentes t\u00eaxteis \u00e0 prova de tra\u00e7as. Al\u00e9m disso, tamb\u00e9m pode ser usado com di\u00f3xido de cloro no tratamento de superf\u00edcies duras para eliminar bact\u00e9rias.","breadcrumb":{"@id":"https:\/\/vcycletech.com\/product\/diotyl-dimethyl-ammonium-chlorided0821\/#breadcrumb"},"inLanguage":"pt-PT","potentialAction":[{"@type":"ReadAction","target":["https:\/\/vcycletech.com\/product\/diotyl-dimethyl-ammonium-chlorided0821\/"]}]},{"@type":"ImageObject","inLanguage":"pt-PT","@id":"https:\/\/vcycletech.com\/product\/diotyl-dimethyl-ammonium-chlorided0821\/#primaryimage","url":"https:\/\/vcycletech.com\/wp-content\/uploads\/2023\/03\/1-65.png","contentUrl":"https:\/\/vcycletech.com\/wp-content\/uploads\/2023\/03\/1-65.png","width":600,"height":600,"caption":"Diotyl dimethyl Ammonium Chloride(D0821)"},{"@type":"BreadcrumbList","@id":"https:\/\/vcycletech.com\/product\/diotyl-dimethyl-ammonium-chlorided0821\/#breadcrumb","itemListElement":[{"@type":"ListItem","position":1,"name":"Home","item":"https:\/\/vcycletech.com\/"},{"@type":"ListItem","position":2,"name":"Water Treatment Chemicals Manufacturer","item":"https:\/\/vcycletech.com\/water-treatment-chemicals-manufacturer\/"},{"@type":"ListItem","position":3,"name":"Diotyl Dimethyl Ammonium Chloride(D0821)"}]},{"@type":"WebSite","@id":"https:\/\/vcycletech.com\/#website","url":"https:\/\/vcycletech.com\/","name":"vcycletech","description":"China&#039;principal fornecedor de produtos qu\u00edmicos para tratamento de \u00e1gua","publisher":{"@id":"https:\/\/vcycletech.com\/#organization"},"potentialAction":[{"@type":"SearchAction","target":{"@type":"EntryPoint","urlTemplate":"https:\/\/vcycletech.com\/?s={search_term_string}"},"query-input":{"@type":"PropertyValueSpecification","valueRequired":true,"valueName":"search_term_string"}}],"inLanguage":"pt-PT"},{"@type":"Organization","@id":"https:\/\/vcycletech.com\/#organization","name":"vcycletech","url":"https:\/\/vcycletech.com\/","logo":{"@type":"ImageObject","inLanguage":"pt-PT","@id":"https:\/\/vcycletech.com\/#\/schema\/logo\/image\/","url":"https:\/\/vcycletech.com\/wp-content\/uploads\/2023\/03\/logo-vcycletech-1.png","contentUrl":"https:\/\/vcycletech.com\/wp-content\/uploads\/2023\/03\/logo-vcycletech-1.png","width":600,"height":400,"caption":"vcycletech"},"image":{"@id":"https:\/\/vcycletech.com\/#\/schema\/logo\/image\/"}}]}},"_links":{"self":[{"href":"https:\/\/vcycletech.com\/pt\/wp-json\/wp\/v2\/product\/1332","targetHints":{"allow":["GET"]}}],"collection":[{"href":"https:\/\/vcycletech.com\/pt\/wp-json\/wp\/v2\/product"}],"about":[{"href":"https:\/\/vcycletech.com\/pt\/wp-json\/wp\/v2\/types\/product"}],"wp:featuredmedia":[{"embeddable":true,"href":"https:\/\/vcycletech.com\/pt\/wp-json\/wp\/v2\/media\/1347"}],"wp:attachment":[{"href":"https:\/\/vcycletech.com\/pt\/wp-json\/wp\/v2\/media?parent=1332"}],"wp:term":[{"taxonomy":"product_brand","embeddable":true,"href":"https:\/\/vcycletech.com\/pt\/wp-json\/wp\/v2\/product_brand?post=1332"},{"taxonomy":"product_cat","embeddable":true,"href":"https:\/\/vcycletech.com\/pt\/wp-json\/wp\/v2\/product_cat?post=1332"},{"taxonomy":"product_tag","embeddable":true,"href":"https:\/\/vcycletech.com\/pt\/wp-json\/wp\/v2\/product_tag?post=1332"}],"curies":[{"name":"wp","href":"https:\/\/api.w.org\/{rel}","templated":true}]}}