{"id":1324,"date":"2023-03-21T14:43:45","date_gmt":"2023-03-21T14:43:45","guid":{"rendered":"https:\/\/vcycletech.com\/?post_type=product&#038;p=1324"},"modified":"2023-03-22T06:38:17","modified_gmt":"2023-03-22T06:38:17","slug":"octadecil-trimetil-amonio-cloridratoco","status":"publish","type":"product","link":"https:\/\/vcycletech.com\/pt\/produtos\/octadecil-trimetil-amonio-cloridratoco\/","title":{"rendered":"Cloreto de Octadecil Trimetil Am\u00f4nio (OTAC)"},"content":{"rendered":"<h3>N\u00ba CAS 112-03-8<\/h3>\n<h3>F\u00f3rmula molecular: C21H46NCL<\/h3>\n<h3>Peso molecular: 348,05<\/h3>\n<h3>F\u00f3rmula estrutural:<\/h3>\n<figure id=\"attachment_1326\" aria-describedby=\"caption-attachment-1326\" style=\"width: 600px\" class=\"wp-caption alignnone\"><img fetchpriority=\"high\" decoding=\"async\" class=\"size-full wp-image-1326\" src=\"https:\/\/vcycletech.com\/wp-content\/uploads\/2023\/03\/1-62.png\" alt=\"OTAC\" width=\"600\" height=\"600\" srcset=\"https:\/\/vcycletech.com\/wp-content\/uploads\/2023\/03\/1-62.png 600w, https:\/\/vcycletech.com\/wp-content\/uploads\/2023\/03\/1-62-100x100.png 100w, https:\/\/vcycletech.com\/wp-content\/uploads\/2023\/03\/1-62-300x300.png 300w, https:\/\/vcycletech.com\/wp-content\/uploads\/2023\/03\/1-62-150x150.png 150w\" sizes=\"(max-width: 600px) 100vw, 600px\" \/><figcaption id=\"caption-attachment-1326\" class=\"wp-caption-text\">OTAC<\/figcaption><\/figure>\n<h3>Especifica\u00e7\u00e3o:<\/h3>\n<div id=\"footable_parent_1327\"\n         class=\"footable_parent ninja_table_wrapper loading_ninja_table wp_table_data_press_parent semantic_ui\">\n                <table data-ninja_table_instance=\"ninja_table_instance_0\" data-footable_id=\"1327\" data-filter-delay=\"1000\" aria-label=\"Cloreto de Octadecil Trimetil Am\u00f4nio (OTAC).csv\"            id=\"footable_1327\"\n           data-unique_identifier=\"ninja_table_unique_id_352281094_1327\"\n           class=\"foo-table ninja_footable foo_table_1327 ninja_table_unique_id_352281094_1327 ui table  nt_type_legacy_table selectable striped vertical_centered  footable-paging-right ninja_table_pro\">\n                <colgroup>\n                            <col class=\"ninja_column_0\">\n                            <col class=\"ninja_column_1\">\n                            <col class=\"ninja_column_2\">\n                    <\/colgroup>\n        <thead>\n<tr class=\"footable-header\">\n                                                        <th scope=\"col\"  class=\"ninja_column_0 ninja_clmn_nm_items\">Unid<\/th><th scope=\"col\"  class=\"ninja_column_1 ninja_clmn_nm_index\">\u00cdndice<\/th><th scope=\"col\"  class=\"ninja_column_2 ninja_clmn_nm_ninja_column_3\"><\/th><\/tr>\n<\/thead>\n<tbody>\n\n        <tr data-row_id=\"338\" class=\"ninja_table_row_0 nt_row_id_338\">\n            <td>Apar\u00eancia<\/td><td>L\u00edquido incolor a amarelo p\u00e1lido<\/td><td>L\u00edquido creme incolor a amarelo p\u00e1lido<\/td>        <\/tr>\n            <tr data-row_id=\"339\" class=\"ninja_table_row_1 nt_row_id_339\">\n            <td>Conte\u00fado ativo, %<\/td><td>48-52<\/td><td>68-72<\/td>        <\/tr>\n            <tr data-row_id=\"340\" class=\"ninja_table_row_2 nt_row_id_340\">\n            <td>pH (solu\u00e7\u00e3o de \u00e1gua 10%)<\/td><td>4.0-9.0<\/td><td>4.0-9.0<\/td>        <\/tr>\n            <tr data-row_id=\"341\" class=\"ninja_table_row_3 nt_row_id_341\">\n            <td>Amina livre, %<\/td><td>1,5 m\u00e1x.<\/td><td>2,0 m\u00e1x.<\/td>        <\/tr>\n    <\/tbody><!--ninja_tobody_rendering_done-->\n    <\/table>\n    \n    \n    \n<\/div>\n\n<h3>Propriedades:<\/h3>\n<p><strong>Cloreto de Octadecil Trimetil Am\u00f4nio (OTAC)<\/strong> \u00e9 sol\u00favel em \u00e1gua, etanol e metanol e \u00e9 compat\u00edvel com surfactantes cati\u00f4nicos, n\u00e3o i\u00f4nicos e anf\u00f3teros. Possui boa estabilidade qu\u00edmica quando exposto ao calor, luz, press\u00e3o e solu\u00e7\u00f5es \u00e1cidas ou alcalinas. OTAC tamb\u00e9m possui excelente permeabilidade, maciez, emulsifica\u00e7\u00e3o e propriedades antieletrost\u00e1ticas e bactericidas.<\/p>\n<h2>Uso:<\/h2>\n<p><strong>Cloreto de Octadecil Trimetil Am\u00f4nio (OTAC)<\/strong> pode ser utilizado como amaciante de roupas, mat\u00e9ria-prima para emuls\u00e3o asf\u00e1ltica e condicionador de cabelo, modificador de bentonita org\u00e2nica, coagulante de prote\u00ednas ou floculante na ind\u00fastria biofarmac\u00eautica, agente antiest\u00e1tico de fibra t\u00eaxtil e agente de ajuste de cabelo. Al\u00e9m disso, o OTAC pode ser usado como emulsificante de asfalto, \u00f3leo de silicone e borracha, como bact\u00e9ria para ciclagem de \u00e1gua de resfriamento e desinfetante.<\/p>\n<h3>Pacote e armazenamento:<\/h3>\n<p><strong>Cloreto de Octadecil Trimetil Am\u00f4nio (OTAC)<\/strong> deve ser armazenado em local seco, fresco e ventilado, longe de fontes de fogo e calor. Deve ser selado e embalado para evitar umidade e contamina\u00e7\u00e3o por corpos estranhos. Tambor de pl\u00e1stico 200L, IBC (1000L), exig\u00eancia dos clientes. Armazenamento por um ano em uma sala com sombra e local seco.<\/p>\n<h3>Prote\u00e7\u00e3o de seguran\u00e7a:<\/h3>\n<p><strong>Cloreto de Octadecil Trimetil Am\u00f4nio (OTAC)<\/strong> tem um leve cheiro de am\u00eandoa e n\u00e3o estimula visivelmente a pele. Em caso de contato, lave com \u00e1gua imediatamente.<\/p>\n<h3>Sin\u00f4nimos:<\/h3>\n<p>1831<\/p>\n<p>Cloreto de Octadecil Trimetil Am\u00f4nio<\/p>\n<p>STAC<\/p>\n<p>Cloreto de Estearil Trimetil Am\u00f4nio<\/p>\n<p>Cloreto de TrimetilEstearilAm\u00f4nio<\/p>\n<p>1-octadecanam\u00ednio,n,n,n-trimetil-,cloreto<\/p>\n<h3>Perguntas frequentes sobre OTAC:<\/h3>\n<p><strong>O que \u00e9 Cloreto de Octadecil Trimetil Am\u00f4nio (OTAC)?<\/strong><br \/>\nCloreto de octadecil trimetil am\u00f4nio (OTAC) \u00e9 um composto quatern\u00e1rio de am\u00f4nio usado em produtos qu\u00edmicos para tratamento de \u00e1gua. \u00c9 um surfactante cati\u00f4nico, o que significa que carrega uma carga positiva e negativa que torna o composto altamente sol\u00favel em \u00e1gua. Isso permite que ele seja usado como um dispersante eficaz, emulsificante e agente antibacteriano.<\/p>\n<p><strong>Quais s\u00e3o os benef\u00edcios do OTAC para tratamento de \u00e1gua?<\/strong><br \/>\nO OTAC tem muitos benef\u00edcios quando usado como produto qu\u00edmico para tratamento de \u00e1gua. Ele pode ajudar na dispers\u00e3o de contaminantes, ajudando a decomp\u00f4-los em part\u00edculas menores que podem ser filtradas com mais facilidade. Al\u00e9m disso, o OTAC atua como um agente antibacteriano, o que ajuda a reduzir os n\u00edveis de bact\u00e9rias e outros microrganismos na \u00e1gua pot\u00e1vel. Finalmente, funciona como um emulsificante, permitindo uma mistura mais f\u00e1cil de diferentes subst\u00e2ncias.<\/p>\n<p><strong>O OTAC \u00e9 seguro para consumo humano?<\/strong><br \/>\nSim, o OTAC \u00e9 considerado seguro para consumo humano quando usado em concentra\u00e7\u00f5es espec\u00edficas e sob condi\u00e7\u00f5es espec\u00edficas.<\/p>\n<p><strong>Como funciona o OTAC?<\/strong><br \/>\nOTAC funciona formando liga\u00e7\u00f5es fortes com c\u00e9lulas de bact\u00e9rias que cont\u00eam \u00edons carregados positivamente, como c\u00e1lcio e magn\u00e9sio. Isso faz com que as c\u00e9lulas das bact\u00e9rias sejam interrompidas, o que as torna mais f\u00e1ceis de filtrar do abastecimento de \u00e1gua. Al\u00e9m disso, devido \u00e0 sua carga cati\u00f4nica, o composto tamb\u00e9m se liga aos col\u00f3ides presentes na \u00e1gua, de modo que eles tamb\u00e9m podem ser filtrados com mais facilidade.<\/p>\n<p><a href=\"https:\/\/vcycletech.com\/pt\/surfactante-cationico\/\"><strong>Obtenha a solu\u00e7\u00e3o completa de surfactante cati\u00f4nico.<\/strong><\/a><\/p>\n<p>&nbsp;<\/p>","protected":false},"excerpt":{"rendered":"<p>OTAC \u00e9 um surfactante cati\u00f4nico com excelentes propriedades emulsificantes, umectantes, dispersantes e detergentes. Tamb\u00e9m \u00e9 um construtor eficiente para dureza e alcalinidade da \u00e1gua. OTAC pode ser usado em auxiliares t\u00eaxteis, na ind\u00fastria do couro, na ind\u00fastria do petr\u00f3leo, em agroqu\u00edmicos e outras ind\u00fastrias.<\/p>\n<p>Se voc\u00ea est\u00e1 procurando por um produto de alta qualidade <strong>Cloreto de Octadecil Trimetil Am\u00f4nio (OTAC)<\/strong> para produtos qu\u00edmicos para tratamento de \u00e1gua, n\u00e3o procure mais do que nossos produtos da China. Oferecemos uma ampla gama de produtos qu\u00edmicos que s\u00e3o perfeitos para suas necessidades e garantimos sua qualidade.<\/p>","protected":false},"featured_media":1328,"template":"","meta":{"site-sidebar-layout":"default","site-content-layout":"default","ast-site-content-layout":"default","site-content-style":"default","site-sidebar-style":"default","ast-global-header-display":"","ast-banner-title-visibility":"","ast-main-header-display":"","ast-hfb-above-header-display":"","ast-hfb-below-header-display":"","ast-hfb-mobile-header-display":"","site-post-title":"","ast-breadcrumbs-content":"","ast-featured-img":"","footer-sml-layout":"","ast-disable-related-posts":"","theme-transparent-header-meta":"default","adv-header-id-meta":"","stick-header-meta":"default","header-above-stick-meta":"","header-main-stick-meta":"","header-below-stick-meta":"","astra-migrate-meta-layouts":"default","ast-page-background-enabled":"default","ast-page-background-meta":{"desktop":{"background-color":"","background-image":"","background-repeat":"repeat","background-position":"center center","background-size":"auto","background-attachment":"scroll","background-type":"","background-media":"","overlay-type":"","overlay-color":"","overlay-opacity":"","overlay-gradient":""},"tablet":{"background-color":"","background-image":"","background-repeat":"repeat","background-position":"center center","background-size":"auto","background-attachment":"scroll","background-type":"","background-media":"","overlay-type":"","overlay-color":"","overlay-opacity":"","overlay-gradient":""},"mobile":{"background-color":"","background-image":"","background-repeat":"repeat","background-position":"center center","background-size":"auto","background-attachment":"scroll","background-type":"","background-media":"","overlay-type":"","overlay-color":"","overlay-opacity":"","overlay-gradient":""}},"ast-content-background-meta":{"desktop":{"background-color":"var(--ast-global-color-5)","background-image":"","background-repeat":"repeat","background-position":"center center","background-size":"auto","background-attachment":"scroll","background-type":"","background-media":"","overlay-type":"","overlay-color":"","overlay-opacity":"","overlay-gradient":""},"tablet":{"background-color":"var(--ast-global-color-5)","background-image":"","background-repeat":"repeat","background-position":"center center","background-size":"auto","background-attachment":"scroll","background-type":"","background-media":"","overlay-type":"","overlay-color":"","overlay-opacity":"","overlay-gradient":""},"mobile":{"background-color":"var(--ast-global-color-5)","background-image":"","background-repeat":"repeat","background-position":"center center","background-size":"auto","background-attachment":"scroll","background-type":"","background-media":"","overlay-type":"","overlay-color":"","overlay-opacity":"","overlay-gradient":""}}},"product_brand":[],"product_cat":[33],"product_tag":[],"class_list":{"0":"post-1324","1":"product","2":"type-product","3":"status-publish","4":"has-post-thumbnail","6":"product_cat-cationic-surfactant-list","7":"desktop-align-left","8":"tablet-align-left","9":"mobile-align-left","10":"ast-product-gallery-layout-horizontal-slider","11":"ast-product-tabs-layout-horizontal","13":"first","14":"instock","15":"shipping-taxable","16":"product-type-simple"},"yoast_head":"<!-- This site is optimized with the Yoast SEO Premium plugin v26.3 (Yoast SEO v27.3) - https:\/\/yoast.com\/product\/yoast-seo-premium-wordpress\/ -->\n<title>Octadecyl Trimethyl Ammonium Chloride(OTAC) - vcycletech<\/title>\n<meta name=\"description\" content=\"Octadecyl Trimethyl Ammonium Chloride (OTAC) is a cationic, quaternary ammonium compound used as an active ingredient in many industrial products such as detergents and disinfectants. Its chemical structure consists of a positively charged trimethylammonium cation and an octadecyl radical. It has antiseptic and antifungal properties when it comes into contact with infectious agents. OTAC is also known for its solubility in water and other organic solvents, making it ideal for use in numerous cleaning applications.\" \/>\n<meta name=\"robots\" content=\"index, follow, max-snippet:-1, max-image-preview:large, max-video-preview:-1\" \/>\n<link rel=\"canonical\" href=\"https:\/\/vcycletech.com\/pt\/produtos\/octadecil-trimetil-amonio-cloridratoco\/\" \/>\n<meta property=\"og:locale\" content=\"pt_PT\" \/>\n<meta property=\"og:type\" content=\"article\" \/>\n<meta property=\"og:title\" content=\"Octadecyl Trimethyl Ammonium Chloride(OTAC)\" \/>\n<meta property=\"og:description\" content=\"Octadecyl Trimethyl Ammonium Chloride (OTAC) is a cationic, quaternary ammonium compound used as an active ingredient in many industrial products such as detergents and disinfectants. Its chemical structure consists of a positively charged trimethylammonium cation and an octadecyl radical. It has antiseptic and antifungal properties when it comes into contact with infectious agents. OTAC is also known for its solubility in water and other organic solvents, making it ideal for use in numerous cleaning applications.\" \/>\n<meta property=\"og:url\" content=\"https:\/\/vcycletech.com\/pt\/produtos\/octadecil-trimetil-amonio-cloridratoco\/\" \/>\n<meta property=\"og:site_name\" content=\"vcycletech\" \/>\n<meta property=\"article:modified_time\" content=\"2023-03-22T06:38:17+00:00\" \/>\n<meta property=\"og:image\" content=\"https:\/\/vcycletech.com\/wp-content\/uploads\/2023\/03\/\u672a\u547d\u540d\u7684\u8bbe\u8ba1-1-13.png\" \/>\n\t<meta property=\"og:image:width\" content=\"600\" \/>\n\t<meta property=\"og:image:height\" content=\"600\" \/>\n\t<meta property=\"og:image:type\" content=\"image\/png\" \/>\n<meta name=\"twitter:card\" content=\"summary_large_image\" \/>\n<meta name=\"twitter:label1\" content=\"Tempo estimado de leitura\" \/>\n\t<meta name=\"twitter:data1\" content=\"3 minutos\" \/>\n<script type=\"application\/ld+json\" class=\"yoast-schema-graph\">{\"@context\":\"https:\\\/\\\/schema.org\",\"@graph\":[{\"@type\":\"WebPage\",\"@id\":\"https:\\\/\\\/vcycletech.com\\\/product\\\/octadecyl-trimethyl-ammonium-chlorideotac\\\/\",\"url\":\"https:\\\/\\\/vcycletech.com\\\/product\\\/octadecyl-trimethyl-ammonium-chlorideotac\\\/\",\"name\":\"Octadecyl Trimethyl Ammonium Chloride(OTAC) - vcycletech\",\"isPartOf\":{\"@id\":\"https:\\\/\\\/vcycletech.com\\\/#website\"},\"primaryImageOfPage\":{\"@id\":\"https:\\\/\\\/vcycletech.com\\\/product\\\/octadecyl-trimethyl-ammonium-chlorideotac\\\/#primaryimage\"},\"image\":{\"@id\":\"https:\\\/\\\/vcycletech.com\\\/product\\\/octadecyl-trimethyl-ammonium-chlorideotac\\\/#primaryimage\"},\"thumbnailUrl\":\"https:\\\/\\\/vcycletech.com\\\/wp-content\\\/uploads\\\/2023\\\/03\\\/\u672a\u547d\u540d\u7684\u8bbe\u8ba1-1-13.png\",\"datePublished\":\"2023-03-21T14:43:45+00:00\",\"dateModified\":\"2023-03-22T06:38:17+00:00\",\"description\":\"Octadecyl Trimethyl Ammonium Chloride (OTAC) is a cationic, quaternary ammonium compound used as an active ingredient in many industrial products such as detergents and disinfectants. Its chemical structure consists of a positively charged trimethylammonium cation and an octadecyl radical. It has antiseptic and antifungal properties when it comes into contact with infectious agents. OTAC is also known for its solubility in water and other organic solvents, making it ideal for use in numerous cleaning applications.\",\"breadcrumb\":{\"@id\":\"https:\\\/\\\/vcycletech.com\\\/product\\\/octadecyl-trimethyl-ammonium-chlorideotac\\\/#breadcrumb\"},\"inLanguage\":\"pt-PT\",\"potentialAction\":[{\"@type\":\"ReadAction\",\"target\":[\"https:\\\/\\\/vcycletech.com\\\/product\\\/octadecyl-trimethyl-ammonium-chlorideotac\\\/\"]}]},{\"@type\":\"ImageObject\",\"inLanguage\":\"pt-PT\",\"@id\":\"https:\\\/\\\/vcycletech.com\\\/product\\\/octadecyl-trimethyl-ammonium-chlorideotac\\\/#primaryimage\",\"url\":\"https:\\\/\\\/vcycletech.com\\\/wp-content\\\/uploads\\\/2023\\\/03\\\/\u672a\u547d\u540d\u7684\u8bbe\u8ba1-1-13.png\",\"contentUrl\":\"https:\\\/\\\/vcycletech.com\\\/wp-content\\\/uploads\\\/2023\\\/03\\\/\u672a\u547d\u540d\u7684\u8bbe\u8ba1-1-13.png\",\"width\":600,\"height\":600,\"caption\":\"Octadecyl Trimethyl Ammonium Chloride(OTAC)\"},{\"@type\":\"BreadcrumbList\",\"@id\":\"https:\\\/\\\/vcycletech.com\\\/product\\\/octadecyl-trimethyl-ammonium-chlorideotac\\\/#breadcrumb\",\"itemListElement\":[{\"@type\":\"ListItem\",\"position\":1,\"name\":\"Home\",\"item\":\"https:\\\/\\\/vcycletech.com\\\/\"},{\"@type\":\"ListItem\",\"position\":2,\"name\":\"Water Treatment Chemicals Manufacturer\",\"item\":\"https:\\\/\\\/vcycletech.com\\\/water-treatment-chemicals-manufacturer\\\/\"},{\"@type\":\"ListItem\",\"position\":3,\"name\":\"Octadecyl Trimethyl Ammonium Chloride(OTAC)\"}]},{\"@type\":\"WebSite\",\"@id\":\"https:\\\/\\\/vcycletech.com\\\/#website\",\"url\":\"https:\\\/\\\/vcycletech.com\\\/\",\"name\":\"vcycletech\",\"description\":\"China&#039;s top water treatment chemicals supplier\",\"publisher\":{\"@id\":\"https:\\\/\\\/vcycletech.com\\\/#organization\"},\"potentialAction\":[{\"@type\":\"SearchAction\",\"target\":{\"@type\":\"EntryPoint\",\"urlTemplate\":\"https:\\\/\\\/vcycletech.com\\\/?s={search_term_string}\"},\"query-input\":{\"@type\":\"PropertyValueSpecification\",\"valueRequired\":true,\"valueName\":\"search_term_string\"}}],\"inLanguage\":\"pt-PT\"},{\"@type\":\"Organization\",\"@id\":\"https:\\\/\\\/vcycletech.com\\\/#organization\",\"name\":\"vcycletech\",\"url\":\"https:\\\/\\\/vcycletech.com\\\/\",\"logo\":{\"@type\":\"ImageObject\",\"inLanguage\":\"pt-PT\",\"@id\":\"https:\\\/\\\/vcycletech.com\\\/#\\\/schema\\\/logo\\\/image\\\/\",\"url\":\"https:\\\/\\\/vcycletech.com\\\/wp-content\\\/uploads\\\/2023\\\/03\\\/logo-vcycletech-1.png\",\"contentUrl\":\"https:\\\/\\\/vcycletech.com\\\/wp-content\\\/uploads\\\/2023\\\/03\\\/logo-vcycletech-1.png\",\"width\":600,\"height\":400,\"caption\":\"vcycletech\"},\"image\":{\"@id\":\"https:\\\/\\\/vcycletech.com\\\/#\\\/schema\\\/logo\\\/image\\\/\"}}]}<\/script>\n<!-- \/ Yoast SEO Premium plugin. -->","yoast_head_json":{"title":"Cloreto de Octadecil Trimetil Am\u00f4nio (OTAC) - vcycletech","description":"Cloreto de octadecil trimetil am\u00f4nio (OTAC) \u00e9 um composto cati\u00f4nico de am\u00f4nio quatern\u00e1rio usado como ingrediente ativo em muitos produtos industriais, como detergentes e desinfetantes. Sua estrutura qu\u00edmica consiste em um c\u00e1tion trimetilam\u00f4nio carregado positivamente e um radical octadecil. Possui propriedades antiss\u00e9pticas e antif\u00fangicas quando em contato com agentes infecciosos. OTAC tamb\u00e9m \u00e9 conhecido por sua solubilidade em \u00e1gua e outros solventes org\u00e2nicos, tornando-o ideal para uso em in\u00fameras aplica\u00e7\u00f5es de limpeza.","robots":{"index":"index","follow":"follow","max-snippet":"max-snippet:-1","max-image-preview":"max-image-preview:large","max-video-preview":"max-video-preview:-1"},"canonical":"https:\/\/vcycletech.com\/pt\/produtos\/octadecil-trimetil-amonio-cloridratoco\/","og_locale":"pt_PT","og_type":"article","og_title":"Octadecyl Trimethyl Ammonium Chloride(OTAC)","og_description":"Octadecyl Trimethyl Ammonium Chloride (OTAC) is a cationic, quaternary ammonium compound used as an active ingredient in many industrial products such as detergents and disinfectants. Its chemical structure consists of a positively charged trimethylammonium cation and an octadecyl radical. It has antiseptic and antifungal properties when it comes into contact with infectious agents. OTAC is also known for its solubility in water and other organic solvents, making it ideal for use in numerous cleaning applications.","og_url":"https:\/\/vcycletech.com\/pt\/produtos\/octadecil-trimetil-amonio-cloridratoco\/","og_site_name":"vcycletech","article_modified_time":"2023-03-22T06:38:17+00:00","og_image":[{"width":600,"height":600,"url":"https:\/\/vcycletech.com\/wp-content\/uploads\/2023\/03\/\u672a\u547d\u540d\u7684\u8bbe\u8ba1-1-13.png","type":"image\/png"}],"twitter_card":"summary_large_image","twitter_misc":{"Tempo estimado de leitura":"3 minutos"},"schema":{"@context":"https:\/\/schema.org","@graph":[{"@type":"WebPage","@id":"https:\/\/vcycletech.com\/product\/octadecyl-trimethyl-ammonium-chlorideotac\/","url":"https:\/\/vcycletech.com\/product\/octadecyl-trimethyl-ammonium-chlorideotac\/","name":"Cloreto de Octadecil Trimetil Am\u00f4nio (OTAC) - vcycletech","isPartOf":{"@id":"https:\/\/vcycletech.com\/#website"},"primaryImageOfPage":{"@id":"https:\/\/vcycletech.com\/product\/octadecyl-trimethyl-ammonium-chlorideotac\/#primaryimage"},"image":{"@id":"https:\/\/vcycletech.com\/product\/octadecyl-trimethyl-ammonium-chlorideotac\/#primaryimage"},"thumbnailUrl":"https:\/\/vcycletech.com\/wp-content\/uploads\/2023\/03\/\u672a\u547d\u540d\u7684\u8bbe\u8ba1-1-13.png","datePublished":"2023-03-21T14:43:45+00:00","dateModified":"2023-03-22T06:38:17+00:00","description":"Cloreto de octadecil trimetil am\u00f4nio (OTAC) \u00e9 um composto cati\u00f4nico de am\u00f4nio quatern\u00e1rio usado como ingrediente ativo em muitos produtos industriais, como detergentes e desinfetantes. Sua estrutura qu\u00edmica consiste em um c\u00e1tion trimetilam\u00f4nio carregado positivamente e um radical octadecil. Possui propriedades antiss\u00e9pticas e antif\u00fangicas quando em contato com agentes infecciosos. OTAC tamb\u00e9m \u00e9 conhecido por sua solubilidade em \u00e1gua e outros solventes org\u00e2nicos, tornando-o ideal para uso em in\u00fameras aplica\u00e7\u00f5es de limpeza.","breadcrumb":{"@id":"https:\/\/vcycletech.com\/product\/octadecyl-trimethyl-ammonium-chlorideotac\/#breadcrumb"},"inLanguage":"pt-PT","potentialAction":[{"@type":"ReadAction","target":["https:\/\/vcycletech.com\/product\/octadecyl-trimethyl-ammonium-chlorideotac\/"]}]},{"@type":"ImageObject","inLanguage":"pt-PT","@id":"https:\/\/vcycletech.com\/product\/octadecyl-trimethyl-ammonium-chlorideotac\/#primaryimage","url":"https:\/\/vcycletech.com\/wp-content\/uploads\/2023\/03\/\u672a\u547d\u540d\u7684\u8bbe\u8ba1-1-13.png","contentUrl":"https:\/\/vcycletech.com\/wp-content\/uploads\/2023\/03\/\u672a\u547d\u540d\u7684\u8bbe\u8ba1-1-13.png","width":600,"height":600,"caption":"Octadecyl Trimethyl Ammonium Chloride(OTAC)"},{"@type":"BreadcrumbList","@id":"https:\/\/vcycletech.com\/product\/octadecyl-trimethyl-ammonium-chlorideotac\/#breadcrumb","itemListElement":[{"@type":"ListItem","position":1,"name":"Home","item":"https:\/\/vcycletech.com\/"},{"@type":"ListItem","position":2,"name":"Water Treatment Chemicals Manufacturer","item":"https:\/\/vcycletech.com\/water-treatment-chemicals-manufacturer\/"},{"@type":"ListItem","position":3,"name":"Octadecyl Trimethyl Ammonium Chloride(OTAC)"}]},{"@type":"WebSite","@id":"https:\/\/vcycletech.com\/#website","url":"https:\/\/vcycletech.com\/","name":"vcycletech","description":"China&#039;principal fornecedor de produtos qu\u00edmicos para tratamento de \u00e1gua","publisher":{"@id":"https:\/\/vcycletech.com\/#organization"},"potentialAction":[{"@type":"SearchAction","target":{"@type":"EntryPoint","urlTemplate":"https:\/\/vcycletech.com\/?s={search_term_string}"},"query-input":{"@type":"PropertyValueSpecification","valueRequired":true,"valueName":"search_term_string"}}],"inLanguage":"pt-PT"},{"@type":"Organization","@id":"https:\/\/vcycletech.com\/#organization","name":"vcycletech","url":"https:\/\/vcycletech.com\/","logo":{"@type":"ImageObject","inLanguage":"pt-PT","@id":"https:\/\/vcycletech.com\/#\/schema\/logo\/image\/","url":"https:\/\/vcycletech.com\/wp-content\/uploads\/2023\/03\/logo-vcycletech-1.png","contentUrl":"https:\/\/vcycletech.com\/wp-content\/uploads\/2023\/03\/logo-vcycletech-1.png","width":600,"height":400,"caption":"vcycletech"},"image":{"@id":"https:\/\/vcycletech.com\/#\/schema\/logo\/image\/"}}]}},"_links":{"self":[{"href":"https:\/\/vcycletech.com\/pt\/wp-json\/wp\/v2\/product\/1324","targetHints":{"allow":["GET"]}}],"collection":[{"href":"https:\/\/vcycletech.com\/pt\/wp-json\/wp\/v2\/product"}],"about":[{"href":"https:\/\/vcycletech.com\/pt\/wp-json\/wp\/v2\/types\/product"}],"wp:featuredmedia":[{"embeddable":true,"href":"https:\/\/vcycletech.com\/pt\/wp-json\/wp\/v2\/media\/1328"}],"wp:attachment":[{"href":"https:\/\/vcycletech.com\/pt\/wp-json\/wp\/v2\/media?parent=1324"}],"wp:term":[{"taxonomy":"product_brand","embeddable":true,"href":"https:\/\/vcycletech.com\/pt\/wp-json\/wp\/v2\/product_brand?post=1324"},{"taxonomy":"product_cat","embeddable":true,"href":"https:\/\/vcycletech.com\/pt\/wp-json\/wp\/v2\/product_cat?post=1324"},{"taxonomy":"product_tag","embeddable":true,"href":"https:\/\/vcycletech.com\/pt\/wp-json\/wp\/v2\/product_tag?post=1324"}],"curies":[{"name":"wp","href":"https:\/\/api.w.org\/{rel}","templated":true}]}}