{"id":1310,"date":"2023-03-21T14:17:17","date_gmt":"2023-03-21T14:17:17","guid":{"rendered":"https:\/\/vcycletech.com\/?post_type=product&#038;p=1310"},"modified":"2023-03-22T06:37:26","modified_gmt":"2023-03-22T06:37:26","slug":"cetil-trimetil-amonio-cloridectac","status":"publish","type":"product","link":"https:\/\/vcycletech.com\/pt\/produtos\/cetil-trimetil-amonio-cloridectac\/","title":{"rendered":"Cloreto de Cetil Trimetil Am\u00f4nio (CTAC)"},"content":{"rendered":"<h3>N\u00ba CAS 112-02-7<\/h3>\n<h3>F\u00f3rmula molecular: C19H42ClN<\/h3>\n<h3>Peso molecular: 320<\/h3>\n<h3>F\u00f3rmula estrutural:<\/h3>\n<figure id=\"attachment_1320\" aria-describedby=\"caption-attachment-1320\" style=\"width: 600px\" class=\"wp-caption alignnone\"><img fetchpriority=\"high\" decoding=\"async\" class=\"size-full wp-image-1320\" src=\"https:\/\/vcycletech.com\/wp-content\/uploads\/2023\/03\/1-61.png\" alt=\"CTAC\" width=\"600\" height=\"600\" srcset=\"https:\/\/vcycletech.com\/wp-content\/uploads\/2023\/03\/1-61.png 600w, https:\/\/vcycletech.com\/wp-content\/uploads\/2023\/03\/1-61-100x100.png 100w, https:\/\/vcycletech.com\/wp-content\/uploads\/2023\/03\/1-61-300x300.png 300w, https:\/\/vcycletech.com\/wp-content\/uploads\/2023\/03\/1-61-150x150.png 150w\" sizes=\"(max-width: 600px) 100vw, 600px\" \/><figcaption id=\"caption-attachment-1320\" class=\"wp-caption-text\">CTAC<\/figcaption><\/figure>\n<h3>Especifica\u00e7\u00e3o:<\/h3>\n<div id=\"footable_parent_1323\"\n         class=\"footable_parent ninja_table_wrapper loading_ninja_table wp_table_data_press_parent semantic_ui\">\n                <table data-ninja_table_instance=\"ninja_table_instance_0\" data-footable_id=\"1323\" data-filter-delay=\"1000\" aria-label=\"Cloreto de Cetil Trimetil Am\u00f4nio (CTAC). csv\"            id=\"footable_1323\"\n           data-unique_identifier=\"ninja_table_unique_id_56876740_1323\"\n           class=\"foo-table ninja_footable foo_table_1323 ninja_table_unique_id_56876740_1323 ui table  nt_type_legacy_table selectable striped vertical_centered  footable-paging-right ninja_table_pro\">\n                <colgroup>\n                            <col class=\"ninja_column_0\">\n                            <col class=\"ninja_column_1\">\n                            <col class=\"ninja_column_2\">\n                    <\/colgroup>\n        <thead>\n<tr class=\"footable-header\">\n                                                        <th scope=\"col\"  class=\"ninja_column_0 ninja_clmn_nm_items\">Unid<\/th><th scope=\"col\"  class=\"ninja_column_1 ninja_clmn_nm_index\">\u00cdndice<\/th><th scope=\"col\"  class=\"ninja_column_2 ninja_clmn_nm_ninja_column_3\"><\/th><\/tr>\n<\/thead>\n<tbody>\n\n        <tr data-row_id=\"333\" class=\"ninja_table_row_0 nt_row_id_333\">\n            <td>Apar\u00eancia<\/td><td>L\u00edquido incolor a amarelo p\u00e1lido<\/td><td>Creme ou s\u00f3lido incolor a amarelo p\u00e1lido<\/td>        <\/tr>\n            <tr data-row_id=\"334\" class=\"ninja_table_row_1 nt_row_id_334\">\n            <td>Conte\u00fado ativo, %<\/td><td>48-52<\/td><td>68-72<\/td>        <\/tr>\n            <tr data-row_id=\"335\" class=\"ninja_table_row_2 nt_row_id_335\">\n            <td>PH (solu\u00e7\u00e3o de \u00e1gua 10%)<\/td><td>4.0-9.0<\/td><td>4.0-9.0<\/td>        <\/tr>\n            <tr data-row_id=\"336\" class=\"ninja_table_row_3 nt_row_id_336\">\n            <td>Amina livre, %<\/td><td>1,5 m\u00e1x.<\/td><td>2,0 m\u00e1x.<\/td>        <\/tr>\n            <tr data-row_id=\"337\" class=\"ninja_table_row_4 nt_row_id_337\">\n            <td>Cor (APHA)<\/td><td>150 m\u00e1x.<\/td><td>150 m\u00e1x.<\/td>        <\/tr>\n    <\/tbody><!--ninja_tobody_rendering_done-->\n    <\/table>\n    \n    \n    \n<\/div>\n\n<h3>Propriedades CTAC:<\/h3>\n<p><strong>Cloreto de Cetil Trimetil Am\u00f4nio (CTAC)<\/strong> \u00e9 um surfactante cati\u00f4nico, sol\u00favel em \u00e1gua, metanol e etanol, tornando-o uma escolha ideal para uma variedade de aplica\u00e7\u00f5es. Pode ser usado como amaciante e condicionador de cabelo, bem como em revestimentos imperme\u00e1veis, fibras naturais, fibras sint\u00e9ticas e at\u00e9 fibras de vidro. Este produto apresenta forte estabilidade qu\u00edmica, resist\u00eancia ao calor e resist\u00eancia \u00e0 luz.<\/p>\n<p>Al\u00e9m disso, o CTAC tamb\u00e9m possui excelente permeabilidade, maciez, capacidade de emulsifica\u00e7\u00e3o e propriedades antieletrost\u00e1ticas, proporcionando boa resist\u00eancia a \u00e1cidos e \u00e1lcalis. Al\u00e9m disso, este produto oferece excelentes caracter\u00edsticas bactericidas.<\/p>\n<h3>Uso do CTAC:<\/h3>\n<p><strong>Cloreto de Cetil Trimetil Am\u00f4nio (CTAC)<\/strong> \u00e9 ideal para uso em v\u00e1rias aplica\u00e7\u00f5es de xampus, cuidados com os cabelos, revestimentos arquitet\u00f4nicos e amaciantes de roupas. Al\u00e9m disso, pode ser utilizado nos campos de petr\u00f3leo, fabrica\u00e7\u00e3o de papel e processamento de alimentos, oferecendo excelentes propriedades bactericidas para o tratamento c\u00edclico da \u00e1gua de resfriamento.<\/p>\n<p>O CTAC tamb\u00e9m \u00e9 um agente emulsificante eficaz para \u00f3leo de silicone, um emulsificante de condicionador de cabelo e um amaciante de fibra com excelente desempenho antiest\u00e1tico. Al\u00e9m disso, este produto pode ser usado para amaciar e isolar papel como um agente de ajuste de lavagem (agente de enx\u00e1gue de cabelo) e condicionador de cabelo na ind\u00fastria de decapagem.<\/p>\n<h3>Pacote e armazenamento:<\/h3>\n<p><strong>Cloreto de Cetil Trimetil Am\u00f4nio (CTAC)<\/strong> devem ser bem fechados e armazenados com seguran\u00e7a em local fresco e seco. \u00c9 aconselh\u00e1vel evitar luz solar direta, umidade e outros fatores que possam afetar negativamente sua qualidade. Al\u00e9m disso, recomenda-se o uso de recipientes que n\u00e3o sejam altamente reativos a este produto para fins de armazenamento. Tambor de pl\u00e1stico de 200L, IBC(1000L), requisito do cliente. Armazenamento por um ano em sala com sombra e local seco.<\/p>\n<h3>Prote\u00e7\u00e3o de seguran\u00e7a:<\/h3>\n<p><strong>Cloreto de Cetil Trimetil Am\u00f4nio (CTAC)<\/strong> oferece um leve cheiro de am\u00eandoa e n\u00e3o irrita visivelmente a pele. Em caso de contato, enx\u00e1gue imediatamente com \u00e1gua em abund\u00e2ncia.<\/p>\n<h3>Sin\u00f4nimos:<\/h3>\n<p>1631<br \/>\nCloreto de N-Hexadecil Trimetil Am\u00f4nio<br \/>\nCloreto de Trimetil Hexadecil Am\u00f4nio<br \/>\nCloreto de Trimetil-1-Hexadecano Am\u00f4nio<br \/>\n1-Hexadecanam\u00ednio, N,N, N-trimetil-, cloreto<\/p>\n<h3>Perguntas frequentes sobre CTAC:<\/h3>\n<p><strong>O que \u00e9 Cloreto de Cetil Trimetil Am\u00f4nio (CTAC)?<\/strong><br \/>\nCloreto de Cetil Trimetil Am\u00f4nio (CTAC) \u00e9 um sal org\u00e2nico de am\u00f4nio quatern\u00e1rio composto por um c\u00e1tion alquil trimetil am\u00f4nio de cadeia longa e um \u00e2nion cloreto. \u00c9 usado principalmente como surfactante, agente antiest\u00e1tico e biocida em produtos qu\u00edmicos de tratamento de \u00e1gua.<\/p>\n<p><strong>Quais s\u00e3o os benef\u00edcios de usar o CTAC para tratamento de \u00e1gua?<\/strong><br \/>\nO uso de CTAC para tratamento de \u00e1gua pode ajudar a reduzir a tens\u00e3o superficial da \u00e1gua, melhorar as caracter\u00edsticas de solubilidade e aumentar a efici\u00eancia dos processos qu\u00edmicos. Tamb\u00e9m atua como um biocida eficaz contra bact\u00e9rias, fungos, algas e outros microrganismos sem causar danos aos seres humanos ou \u00e0 vida aqu\u00e1tica.<\/p>\n<p><strong>O CTAC \u00e9 seguro para uso na \u00e1gua pot\u00e1vel?<\/strong><br \/>\nSim, o CTAC \u00e9 considerado seguro para uso na \u00e1gua pot\u00e1vel quando usado em concentra\u00e7\u00f5es aprovadas.<\/p>\n<p><strong>Como o CTAC funciona como um surfactante?<\/strong><br \/>\nO CTAC atua como um surfactante devido \u00e0 sua estrutura anfif\u00edlica \u2013 cont\u00e9m por\u00e7\u00f5es hidrof\u00f3bicas (repelentes \u00e0 \u00e1gua) e hidrof\u00edlicas (atraem a \u00e1gua). A por\u00e7\u00e3o hidrof\u00f3bica ajuda a reduzir a tens\u00e3o superficial da \u00e1gua, enquanto a por\u00e7\u00e3o hidrof\u00edlica aumenta suas caracter\u00edsticas de solubilidade. Isso permite que seja eficaz na quebra de mol\u00e9culas de sujeira e \u00f3leo em part\u00edculas menores que podem ser removidas mais facilmente da \u00e1rea tratada.<\/p>\n<p><a href=\"https:\/\/vcycletech.com\/pt\/surfactante-cationico\/\"><strong>Obtenha a solu\u00e7\u00e3o completa de surfactante cati\u00f4nico.<\/strong><\/a><\/p>","protected":false},"excerpt":{"rendered":"<p>CTAC \u00e9 um sal de am\u00f4nio quatern\u00e1rio com excelentes propriedades umectantes, detergentes e emulsificantes. \u00c9 usado como um produto qu\u00edmico de tratamento de \u00e1gua para aplica\u00e7\u00f5es industriais. CTAC pode ser usado em \u00e1gua de caldeira, torres de resfriamento, \u00e1guas de processo e outras \u00e1guas dif\u00edceis de tratar onde incrusta\u00e7\u00f5es e inibi\u00e7\u00e3o de corros\u00e3o s\u00e3o necess\u00e1rias. CTAC tem baixa toxicidade e boa compatibilidade ambiental. Tamb\u00e9m est\u00e1 dispon\u00edvel em forma l\u00edquida para facilitar o manuseio.<\/p>\n<p>Se voc\u00ea procura qualidade <strong>Cloreto de Cetil Trimetil Am\u00f4nio (CTAC)<\/strong> para produtos qu\u00edmicos para tratamento de \u00e1gua, n\u00e3o procure mais, nossa f\u00e1brica na China. Oferecemos os melhores produtos pelo menor pre\u00e7o poss\u00edvel.<\/p>","protected":false},"featured_media":1316,"template":"","meta":{"site-sidebar-layout":"default","site-content-layout":"default","ast-site-content-layout":"default","site-content-style":"default","site-sidebar-style":"default","ast-global-header-display":"","ast-banner-title-visibility":"","ast-main-header-display":"","ast-hfb-above-header-display":"","ast-hfb-below-header-display":"","ast-hfb-mobile-header-display":"","site-post-title":"","ast-breadcrumbs-content":"","ast-featured-img":"","footer-sml-layout":"","ast-disable-related-posts":"","theme-transparent-header-meta":"default","adv-header-id-meta":"","stick-header-meta":"default","header-above-stick-meta":"","header-main-stick-meta":"","header-below-stick-meta":"","astra-migrate-meta-layouts":"default","ast-page-background-enabled":"default","ast-page-background-meta":{"desktop":{"background-color":"","background-image":"","background-repeat":"repeat","background-position":"center center","background-size":"auto","background-attachment":"scroll","background-type":"","background-media":"","overlay-type":"","overlay-color":"","overlay-opacity":"","overlay-gradient":""},"tablet":{"background-color":"","background-image":"","background-repeat":"repeat","background-position":"center center","background-size":"auto","background-attachment":"scroll","background-type":"","background-media":"","overlay-type":"","overlay-color":"","overlay-opacity":"","overlay-gradient":""},"mobile":{"background-color":"","background-image":"","background-repeat":"repeat","background-position":"center center","background-size":"auto","background-attachment":"scroll","background-type":"","background-media":"","overlay-type":"","overlay-color":"","overlay-opacity":"","overlay-gradient":""}},"ast-content-background-meta":{"desktop":{"background-color":"var(--ast-global-color-5)","background-image":"","background-repeat":"repeat","background-position":"center center","background-size":"auto","background-attachment":"scroll","background-type":"","background-media":"","overlay-type":"","overlay-color":"","overlay-opacity":"","overlay-gradient":""},"tablet":{"background-color":"var(--ast-global-color-5)","background-image":"","background-repeat":"repeat","background-position":"center center","background-size":"auto","background-attachment":"scroll","background-type":"","background-media":"","overlay-type":"","overlay-color":"","overlay-opacity":"","overlay-gradient":""},"mobile":{"background-color":"var(--ast-global-color-5)","background-image":"","background-repeat":"repeat","background-position":"center center","background-size":"auto","background-attachment":"scroll","background-type":"","background-media":"","overlay-type":"","overlay-color":"","overlay-opacity":"","overlay-gradient":""}}},"product_brand":[],"product_cat":[33],"product_tag":[],"class_list":{"0":"post-1310","1":"product","2":"type-product","3":"status-publish","4":"has-post-thumbnail","6":"product_cat-cationic-surfactant-list","7":"desktop-align-left","8":"tablet-align-left","9":"mobile-align-left","10":"ast-product-gallery-layout-horizontal-slider","11":"ast-product-tabs-layout-horizontal","13":"first","14":"instock","15":"shipping-taxable","16":"product-type-simple"},"yoast_head":"<!-- This site is optimized with the Yoast SEO Premium plugin v26.3 (Yoast SEO v27.3) - https:\/\/yoast.com\/product\/yoast-seo-premium-wordpress\/ -->\n<title>Cetyl Trimethyl Ammonium Chloride(CTAC) - vcycletech<\/title>\n<meta name=\"description\" content=\"Cetyl Trimethyl Ammonium Chloride (CTAC) is an effective water treatment and conditioning chemical, commonly used for swimming pools, spas, and industrial water sources. Its properties make it a powerful flocculant that can aid in the removal of various toxins and impurities from the water, helping to keep it clean and safe for use.\" \/>\n<meta name=\"robots\" content=\"index, follow, max-snippet:-1, max-image-preview:large, max-video-preview:-1\" \/>\n<link rel=\"canonical\" href=\"https:\/\/vcycletech.com\/pt\/produtos\/cetil-trimetil-amonio-cloridectac\/\" \/>\n<meta property=\"og:locale\" content=\"pt_PT\" \/>\n<meta property=\"og:type\" content=\"article\" \/>\n<meta property=\"og:title\" content=\"Cetyl Trimethyl Ammonium Chloride(CTAC)\" \/>\n<meta property=\"og:description\" content=\"Cetyl Trimethyl Ammonium Chloride (CTAC) is an effective water treatment and conditioning chemical, commonly used for swimming pools, spas, and industrial water sources. Its properties make it a powerful flocculant that can aid in the removal of various toxins and impurities from the water, helping to keep it clean and safe for use.\" \/>\n<meta property=\"og:url\" content=\"https:\/\/vcycletech.com\/pt\/produtos\/cetil-trimetil-amonio-cloridectac\/\" \/>\n<meta property=\"og:site_name\" content=\"vcycletech\" \/>\n<meta property=\"article:modified_time\" content=\"2023-03-22T06:37:26+00:00\" \/>\n<meta property=\"og:image\" content=\"https:\/\/vcycletech.com\/wp-content\/uploads\/2023\/03\/\u672a\u547d\u540d\u7684\u8bbe\u8ba1-2-12.png\" \/>\n\t<meta property=\"og:image:width\" content=\"600\" \/>\n\t<meta property=\"og:image:height\" content=\"600\" \/>\n\t<meta property=\"og:image:type\" content=\"image\/png\" \/>\n<meta name=\"twitter:card\" content=\"summary_large_image\" \/>\n<meta name=\"twitter:label1\" content=\"Tempo estimado de leitura\" \/>\n\t<meta name=\"twitter:data1\" content=\"3 minutos\" \/>\n<script type=\"application\/ld+json\" class=\"yoast-schema-graph\">{\"@context\":\"https:\\\/\\\/schema.org\",\"@graph\":[{\"@type\":\"WebPage\",\"@id\":\"https:\\\/\\\/vcycletech.com\\\/product\\\/cetyl-trimethyl-ammonium-chloridectac\\\/\",\"url\":\"https:\\\/\\\/vcycletech.com\\\/product\\\/cetyl-trimethyl-ammonium-chloridectac\\\/\",\"name\":\"Cetyl Trimethyl Ammonium Chloride(CTAC) - vcycletech\",\"isPartOf\":{\"@id\":\"https:\\\/\\\/vcycletech.com\\\/#website\"},\"primaryImageOfPage\":{\"@id\":\"https:\\\/\\\/vcycletech.com\\\/product\\\/cetyl-trimethyl-ammonium-chloridectac\\\/#primaryimage\"},\"image\":{\"@id\":\"https:\\\/\\\/vcycletech.com\\\/product\\\/cetyl-trimethyl-ammonium-chloridectac\\\/#primaryimage\"},\"thumbnailUrl\":\"https:\\\/\\\/vcycletech.com\\\/wp-content\\\/uploads\\\/2023\\\/03\\\/\u672a\u547d\u540d\u7684\u8bbe\u8ba1-2-12.png\",\"datePublished\":\"2023-03-21T14:17:17+00:00\",\"dateModified\":\"2023-03-22T06:37:26+00:00\",\"description\":\"Cetyl Trimethyl Ammonium Chloride (CTAC) is an effective water treatment and conditioning chemical, commonly used for swimming pools, spas, and industrial water sources. Its properties make it a powerful flocculant that can aid in the removal of various toxins and impurities from the water, helping to keep it clean and safe for use.\",\"breadcrumb\":{\"@id\":\"https:\\\/\\\/vcycletech.com\\\/product\\\/cetyl-trimethyl-ammonium-chloridectac\\\/#breadcrumb\"},\"inLanguage\":\"pt-PT\",\"potentialAction\":[{\"@type\":\"ReadAction\",\"target\":[\"https:\\\/\\\/vcycletech.com\\\/product\\\/cetyl-trimethyl-ammonium-chloridectac\\\/\"]}]},{\"@type\":\"ImageObject\",\"inLanguage\":\"pt-PT\",\"@id\":\"https:\\\/\\\/vcycletech.com\\\/product\\\/cetyl-trimethyl-ammonium-chloridectac\\\/#primaryimage\",\"url\":\"https:\\\/\\\/vcycletech.com\\\/wp-content\\\/uploads\\\/2023\\\/03\\\/\u672a\u547d\u540d\u7684\u8bbe\u8ba1-2-12.png\",\"contentUrl\":\"https:\\\/\\\/vcycletech.com\\\/wp-content\\\/uploads\\\/2023\\\/03\\\/\u672a\u547d\u540d\u7684\u8bbe\u8ba1-2-12.png\",\"width\":600,\"height\":600,\"caption\":\"Cetyl Trimethyl Ammonium Chloride(CTAC)\"},{\"@type\":\"BreadcrumbList\",\"@id\":\"https:\\\/\\\/vcycletech.com\\\/product\\\/cetyl-trimethyl-ammonium-chloridectac\\\/#breadcrumb\",\"itemListElement\":[{\"@type\":\"ListItem\",\"position\":1,\"name\":\"Home\",\"item\":\"https:\\\/\\\/vcycletech.com\\\/\"},{\"@type\":\"ListItem\",\"position\":2,\"name\":\"Water Treatment Chemicals Manufacturer\",\"item\":\"https:\\\/\\\/vcycletech.com\\\/water-treatment-chemicals-manufacturer\\\/\"},{\"@type\":\"ListItem\",\"position\":3,\"name\":\"Cetyl Trimethyl Ammonium Chloride(CTAC)\"}]},{\"@type\":\"WebSite\",\"@id\":\"https:\\\/\\\/vcycletech.com\\\/#website\",\"url\":\"https:\\\/\\\/vcycletech.com\\\/\",\"name\":\"vcycletech\",\"description\":\"China&#039;s top water treatment chemicals supplier\",\"publisher\":{\"@id\":\"https:\\\/\\\/vcycletech.com\\\/#organization\"},\"potentialAction\":[{\"@type\":\"SearchAction\",\"target\":{\"@type\":\"EntryPoint\",\"urlTemplate\":\"https:\\\/\\\/vcycletech.com\\\/?s={search_term_string}\"},\"query-input\":{\"@type\":\"PropertyValueSpecification\",\"valueRequired\":true,\"valueName\":\"search_term_string\"}}],\"inLanguage\":\"pt-PT\"},{\"@type\":\"Organization\",\"@id\":\"https:\\\/\\\/vcycletech.com\\\/#organization\",\"name\":\"vcycletech\",\"url\":\"https:\\\/\\\/vcycletech.com\\\/\",\"logo\":{\"@type\":\"ImageObject\",\"inLanguage\":\"pt-PT\",\"@id\":\"https:\\\/\\\/vcycletech.com\\\/#\\\/schema\\\/logo\\\/image\\\/\",\"url\":\"https:\\\/\\\/vcycletech.com\\\/wp-content\\\/uploads\\\/2023\\\/03\\\/logo-vcycletech-1.png\",\"contentUrl\":\"https:\\\/\\\/vcycletech.com\\\/wp-content\\\/uploads\\\/2023\\\/03\\\/logo-vcycletech-1.png\",\"width\":600,\"height\":400,\"caption\":\"vcycletech\"},\"image\":{\"@id\":\"https:\\\/\\\/vcycletech.com\\\/#\\\/schema\\\/logo\\\/image\\\/\"}}]}<\/script>\n<!-- \/ Yoast SEO Premium plugin. -->","yoast_head_json":{"title":"Cloreto de Cetil Trimetil Am\u00f4nio (CTAC) - vcycletech","description":"Cloreto de Cetil Trimetil Am\u00f4nio (CTAC) \u00e9 um tratamento qu\u00edmico eficaz e condicionador de \u00e1gua, comumente usado para piscinas, spas e fontes de \u00e1gua industrial. Suas propriedades o tornam um poderoso floculante que pode auxiliar na remo\u00e7\u00e3o de diversas toxinas e impurezas da \u00e1gua, ajudando a mant\u00ea-la limpa e segura para o uso.","robots":{"index":"index","follow":"follow","max-snippet":"max-snippet:-1","max-image-preview":"max-image-preview:large","max-video-preview":"max-video-preview:-1"},"canonical":"https:\/\/vcycletech.com\/pt\/produtos\/cetil-trimetil-amonio-cloridectac\/","og_locale":"pt_PT","og_type":"article","og_title":"Cetyl Trimethyl Ammonium Chloride(CTAC)","og_description":"Cetyl Trimethyl Ammonium Chloride (CTAC) is an effective water treatment and conditioning chemical, commonly used for swimming pools, spas, and industrial water sources. Its properties make it a powerful flocculant that can aid in the removal of various toxins and impurities from the water, helping to keep it clean and safe for use.","og_url":"https:\/\/vcycletech.com\/pt\/produtos\/cetil-trimetil-amonio-cloridectac\/","og_site_name":"vcycletech","article_modified_time":"2023-03-22T06:37:26+00:00","og_image":[{"width":600,"height":600,"url":"https:\/\/vcycletech.com\/wp-content\/uploads\/2023\/03\/\u672a\u547d\u540d\u7684\u8bbe\u8ba1-2-12.png","type":"image\/png"}],"twitter_card":"summary_large_image","twitter_misc":{"Tempo estimado de leitura":"3 minutos"},"schema":{"@context":"https:\/\/schema.org","@graph":[{"@type":"WebPage","@id":"https:\/\/vcycletech.com\/product\/cetyl-trimethyl-ammonium-chloridectac\/","url":"https:\/\/vcycletech.com\/product\/cetyl-trimethyl-ammonium-chloridectac\/","name":"Cloreto de Cetil Trimetil Am\u00f4nio (CTAC) - vcycletech","isPartOf":{"@id":"https:\/\/vcycletech.com\/#website"},"primaryImageOfPage":{"@id":"https:\/\/vcycletech.com\/product\/cetyl-trimethyl-ammonium-chloridectac\/#primaryimage"},"image":{"@id":"https:\/\/vcycletech.com\/product\/cetyl-trimethyl-ammonium-chloridectac\/#primaryimage"},"thumbnailUrl":"https:\/\/vcycletech.com\/wp-content\/uploads\/2023\/03\/\u672a\u547d\u540d\u7684\u8bbe\u8ba1-2-12.png","datePublished":"2023-03-21T14:17:17+00:00","dateModified":"2023-03-22T06:37:26+00:00","description":"Cloreto de Cetil Trimetil Am\u00f4nio (CTAC) \u00e9 um tratamento qu\u00edmico eficaz e condicionador de \u00e1gua, comumente usado para piscinas, spas e fontes de \u00e1gua industrial. Suas propriedades o tornam um poderoso floculante que pode auxiliar na remo\u00e7\u00e3o de diversas toxinas e impurezas da \u00e1gua, ajudando a mant\u00ea-la limpa e segura para o uso.","breadcrumb":{"@id":"https:\/\/vcycletech.com\/product\/cetyl-trimethyl-ammonium-chloridectac\/#breadcrumb"},"inLanguage":"pt-PT","potentialAction":[{"@type":"ReadAction","target":["https:\/\/vcycletech.com\/product\/cetyl-trimethyl-ammonium-chloridectac\/"]}]},{"@type":"ImageObject","inLanguage":"pt-PT","@id":"https:\/\/vcycletech.com\/product\/cetyl-trimethyl-ammonium-chloridectac\/#primaryimage","url":"https:\/\/vcycletech.com\/wp-content\/uploads\/2023\/03\/\u672a\u547d\u540d\u7684\u8bbe\u8ba1-2-12.png","contentUrl":"https:\/\/vcycletech.com\/wp-content\/uploads\/2023\/03\/\u672a\u547d\u540d\u7684\u8bbe\u8ba1-2-12.png","width":600,"height":600,"caption":"Cetyl Trimethyl Ammonium Chloride(CTAC)"},{"@type":"BreadcrumbList","@id":"https:\/\/vcycletech.com\/product\/cetyl-trimethyl-ammonium-chloridectac\/#breadcrumb","itemListElement":[{"@type":"ListItem","position":1,"name":"Home","item":"https:\/\/vcycletech.com\/"},{"@type":"ListItem","position":2,"name":"Water Treatment Chemicals Manufacturer","item":"https:\/\/vcycletech.com\/water-treatment-chemicals-manufacturer\/"},{"@type":"ListItem","position":3,"name":"Cetyl Trimethyl Ammonium Chloride(CTAC)"}]},{"@type":"WebSite","@id":"https:\/\/vcycletech.com\/#website","url":"https:\/\/vcycletech.com\/","name":"vcycletech","description":"China&#039;principal fornecedor de produtos qu\u00edmicos para tratamento de \u00e1gua","publisher":{"@id":"https:\/\/vcycletech.com\/#organization"},"potentialAction":[{"@type":"SearchAction","target":{"@type":"EntryPoint","urlTemplate":"https:\/\/vcycletech.com\/?s={search_term_string}"},"query-input":{"@type":"PropertyValueSpecification","valueRequired":true,"valueName":"search_term_string"}}],"inLanguage":"pt-PT"},{"@type":"Organization","@id":"https:\/\/vcycletech.com\/#organization","name":"vcycletech","url":"https:\/\/vcycletech.com\/","logo":{"@type":"ImageObject","inLanguage":"pt-PT","@id":"https:\/\/vcycletech.com\/#\/schema\/logo\/image\/","url":"https:\/\/vcycletech.com\/wp-content\/uploads\/2023\/03\/logo-vcycletech-1.png","contentUrl":"https:\/\/vcycletech.com\/wp-content\/uploads\/2023\/03\/logo-vcycletech-1.png","width":600,"height":400,"caption":"vcycletech"},"image":{"@id":"https:\/\/vcycletech.com\/#\/schema\/logo\/image\/"}}]}},"_links":{"self":[{"href":"https:\/\/vcycletech.com\/pt\/wp-json\/wp\/v2\/product\/1310","targetHints":{"allow":["GET"]}}],"collection":[{"href":"https:\/\/vcycletech.com\/pt\/wp-json\/wp\/v2\/product"}],"about":[{"href":"https:\/\/vcycletech.com\/pt\/wp-json\/wp\/v2\/types\/product"}],"wp:featuredmedia":[{"embeddable":true,"href":"https:\/\/vcycletech.com\/pt\/wp-json\/wp\/v2\/media\/1316"}],"wp:attachment":[{"href":"https:\/\/vcycletech.com\/pt\/wp-json\/wp\/v2\/media?parent=1310"}],"wp:term":[{"taxonomy":"product_brand","embeddable":true,"href":"https:\/\/vcycletech.com\/pt\/wp-json\/wp\/v2\/product_brand?post=1310"},{"taxonomy":"product_cat","embeddable":true,"href":"https:\/\/vcycletech.com\/pt\/wp-json\/wp\/v2\/product_cat?post=1310"},{"taxonomy":"product_tag","embeddable":true,"href":"https:\/\/vcycletech.com\/pt\/wp-json\/wp\/v2\/product_tag?post=1310"}],"curies":[{"name":"wp","href":"https:\/\/api.w.org\/{rel}","templated":true}]}}