{"id":1296,"date":"2023-03-21T13:45:11","date_gmt":"2023-03-21T13:45:11","guid":{"rendered":"https:\/\/vcycletech.com\/?post_type=product&#038;p=1296"},"modified":"2023-03-27T04:12:26","modified_gmt":"2023-03-27T04:12:26","slug":"wt-907-nao-p-escala-inibidor-de-corrosao","status":"publish","type":"product","link":"https:\/\/vcycletech.com\/pt\/produtos\/wt-907-nao-p-escala-inibidor-de-corrosao\/","title":{"rendered":"WT-907 Non-P Scale &amp; Inibidor de Corros\u00e3o"},"content":{"rendered":"<h3 id=\"introduction_2\" class=\"xsj_heading_hash xsj_heading xsj_heading_h2\" data-source-line=\"6\" data-source-line-display=\"true\"><span class=\"xsj_heading_content\">Introdu\u00e7\u00e3o:<\/span><\/h3>\n<p class=\"xsj_paragraph xsj_paragraph_level_0\" data-source-line=\"7\" data-source-line-display=\"true\">O<strong> WT-907 non-p e inibidor de corros\u00e3o<\/strong> \u00e9 um produto revolucion\u00e1rio para o tratamento de \u00e1guas residuais. Sua formula\u00e7\u00e3o exclusiva evita o ac\u00famulo de sais de c\u00e1lcio, magn\u00e9sio e ferro em superf\u00edcies molhadas, ajudando a prolongar a vida \u00fatil do equipamento e reduzir a corros\u00e3o. Este poderoso produto oferece in\u00fameras vantagens, tornando-o a escolha perfeita para muitas aplica\u00e7\u00f5es de tratamento de \u00e1guas residuais.<\/p>\n<div class=\"xiaoshujiang_element xsj_anchor\"><a class=\"blank_anchor_name\" name=\"features_3\"><\/a><a id=\"features_3\" class=\"blank_anchor_id\"><\/a><a class=\"blank_anchor_name\" name=\"features\"><\/a><a id=\"features\" class=\"blank_anchor_id\"><\/a><\/div>\n<h3 id=\"features_3\" class=\"xsj_heading_hash xsj_heading xsj_heading_h2\" data-source-line=\"9\" data-source-line-display=\"true\"><span class=\"xsj_heading_content\">Caracter\u00edsticas:<\/span><\/h3>\n<p class=\"xsj_paragraph xsj_paragraph_level_0\" data-source-line=\"11\" data-source-line-display=\"true\"><strong>WT-907 non-p e inibidor de corros\u00e3o<\/strong> t\u00eam v\u00e1rias vantagens sobre outros produtos. Ele pode ser usado em faixas de pH neutro e \u00e1cido e ainda protege eficazmente contra descama\u00e7\u00e3o, ferrugem e corros\u00e3o. Tamb\u00e9m reduz as dosagens de produtos qu\u00edmicos porque reduz a utiliza\u00e7\u00e3o de bactericida enquanto remove os s\u00f3lidos sedimentados. Isso ajuda a minimizar o risco de crescimento microbiano em sistemas de \u00e1guas residuais. Al\u00e9m disso, o WT-907 evita que o material org\u00e2nico grude nas superf\u00edcies, facilitando a limpeza.<\/p>\n<div class=\"xiaoshujiang_element xsj_anchor\"><a class=\"blank_anchor_name\" name=\"applications_4\"><\/a><a id=\"applications_4\" class=\"blank_anchor_id\"><\/a><a class=\"blank_anchor_name\" name=\"applications\"><\/a><a id=\"applications\" class=\"blank_anchor_id\"><\/a><\/div>\n<h3 id=\"applications_4\" class=\"xsj_heading_hash xsj_heading xsj_heading_h2\" data-source-line=\"13\" data-source-line-display=\"true\"><span class=\"xsj_heading_content\">Formul\u00e1rios:<\/span><\/h3>\n<p class=\"xsj_paragraph xsj_paragraph_level_0\" data-source-line=\"15\" data-source-line-display=\"true\"><strong>WT-907 non-p e inibidor de corros\u00e3o<\/strong> pode ser usado em v\u00e1rias aplica\u00e7\u00f5es, incluindo torres de resfriamento, caldeiras, aquecedores de \u00e1gua, condensadores evaporativos, sistemas de irriga\u00e7\u00e3o, linhas de processo, sistemas de osmose reversa, etc. \u00c9 ideal para ind\u00fastrias como plantas de produ\u00e7\u00e3o\/processamento de petr\u00f3leo e g\u00e1s; usinas de energia; refinarias; f\u00e1bricas de papel; instala\u00e7\u00f5es de processamento de alimentos; instala\u00e7\u00f5es de fabrica\u00e7\u00e3o farmac\u00eautica; hospitais; s\u00edtios agr\u00edcolas; edif\u00edcios comerciais; etc.<\/p>\n<h3>Especifica\u00e7\u00e3o:<\/h3>\n<table>\n<tbody>\n<tr>\n<td width=\"204\">Unid<\/td>\n<td width=\"315\">\u00cdndice<\/td>\n<\/tr>\n<tr>\n<td width=\"204\">Apar\u00eancia<\/td>\n<td width=\"315\">Solu\u00e7\u00e3o \u00e2mbar escuro<\/td>\n<\/tr>\n<tr>\n<td width=\"204\">Conte\u00fado s\u00f3lido %<\/td>\n<td width=\"315\">30,0min<\/td>\n<\/tr>\n<tr>\n<td width=\"204\">pH\uff081\uff05 solu\u00e7\u00e3o\uff09<\/td>\n<td width=\"315\">2.0-3.0<\/td>\n<\/tr>\n<tr>\n<td width=\"204\">Densidade (20 \u2103) g\/cm3<\/td>\n<td width=\"315\">1,10min<\/td>\n<\/tr>\n<\/tbody>\n<\/table>\n<div class=\"xiaoshujiang_element xsj_anchor\"><a class=\"blank_anchor_name\" name=\"faqs_5\"><\/a><a id=\"faqs_5\" class=\"blank_anchor_id\"><\/a><a class=\"blank_anchor_name\" name=\"faqs\"><\/a><a id=\"faqs\" class=\"blank_anchor_id\"><\/a><\/div>\n<h3 id=\"faqs_5\" class=\"xsj_heading_hash xsj_heading xsj_heading_h2\" data-source-line=\"17\" data-source-line-display=\"true\"><span class=\"xsj_heading_content\">Perguntas frequentes:<\/span><\/h3>\n<div class=\"xiaoshujiang_element xsj_anchor\"><a class=\"blank_anchor_name\" name=\"120what20are20the20benefits20of20using20wt-907_6\"><\/a><a id=\"120what20are20the20benefits20of20using20wt-907_6\" class=\"blank_anchor_id\"><\/a><a class=\"blank_anchor_name\" name=\"1-what-are-the-benefits-of-using-wt-907\"><\/a><a id=\"1-what-are-the-benefits-of-using-wt-907\" class=\"blank_anchor_id\"><\/a><\/div>\n<p id=\"120what20are20the20benefits20of20using20wt-907_6\" class=\"xsj_heading_hash xsj_heading xsj_heading_h3\" data-source-line=\"19\" data-source-line-display=\"true\"><strong><span class=\"xsj_heading_content\">Q1: Quais s\u00e3o os benef\u00edcios de usar o WT-907?<\/span><\/strong><\/p>\n<p class=\"xsj_paragraph xsj_paragraph_level_0\" data-source-line=\"21\" data-source-line-display=\"true\">Os principais benef\u00edcios incluem redu\u00e7\u00e3o da incrusta\u00e7\u00e3o em superf\u00edcies molhadas, extens\u00e3o da vida \u00fatil do equipamento por meio de n\u00edveis reduzidos de corros\u00e3o, redu\u00e7\u00e3o das dosagens qu\u00edmicas devido \u00e0 sua capacidade de diminuir a utiliza\u00e7\u00e3o de bactericidas enquanto remove s\u00f3lidos sedimentados e minimiza\u00e7\u00e3o do crescimento microbiano em sistemas de \u00e1guas residuais devido \u00e0s suas capacidades n\u00e3o-p.<\/p>\n<div class=\"xiaoshujiang_element xsj_anchor\"><a class=\"blank_anchor_name\" name=\"220is20wt-90720suitable20for20use20across20multiple20ph20ranges_7\"><\/a><a id=\"220is20wt-90720suitable20for20use20across20multiple20ph20ranges_7\" class=\"blank_anchor_id\"><\/a><a class=\"blank_anchor_name\" name=\"2-is-wt-907-suitable-for-use-across-multiple-ph-ranges\"><\/a><a id=\"2-is-wt-907-suitable-for-use-across-multiple-ph-ranges\" class=\"blank_anchor_id\"><\/a><\/div>\n<p id=\"220is20wt-90720suitable20for20use20across20multiple20ph20ranges_7\" class=\"xsj_heading_hash xsj_heading xsj_heading_h3\" data-source-line=\"23\" data-source-line-display=\"true\"><strong><span class=\"xsj_heading_content\">Q2: O WT-907 \u00e9 adequado para uso em v\u00e1rias faixas de pH?<\/span><\/strong><\/p>\n<p class=\"xsj_paragraph xsj_paragraph_level_0\" data-source-line=\"25\" data-source-line-display=\"true\">Sim! O WT-907 foi projetado para uso em faixas de pH neutro e \u00e1cido, tornando-o muito vers\u00e1til para diferentes aplica\u00e7\u00f5es.<\/p>\n<div class=\"xiaoshujiang_element xsj_anchor\"><a class=\"blank_anchor_name\" name=\"320what20types20of20industries20can20benefit20from20using20wt-907_8\"><\/a><a id=\"320what20types20of20industries20can20benefit20from20using20wt-907_8\" class=\"blank_anchor_id\"><\/a><a class=\"blank_anchor_name\" name=\"3-what-types-of-industries-can-benefit-from-using-wt-907\"><\/a><a id=\"3-what-types-of-industries-can-benefit-from-using-wt-907\" class=\"blank_anchor_id\"><\/a><\/div>\n<p id=\"320what20types20of20industries20can20benefit20from20using20wt-907_8\" class=\"xsj_heading_hash xsj_heading xsj_heading_h3\" data-source-line=\"27\" data-source-line-display=\"true\"><strong><span class=\"xsj_heading_content\">Q3: Que tipos de ind\u00fastrias podem se beneficiar do uso do WT-907?<\/span><\/strong><\/p>\n<p class=\"xsj_paragraph xsj_paragraph_level_0\" data-source-line=\"29\" data-source-line-display=\"true\">O WT-907 pode ser usado por v\u00e1rias ind\u00fastrias, incluindo plantas de produ\u00e7\u00e3o\/processamento de petr\u00f3leo e g\u00e1s; usinas de energia; refinarias; f\u00e1bricas de papel; instala\u00e7\u00f5es de processamento de alimentos; instala\u00e7\u00f5es de fabrica\u00e7\u00e3o farmac\u00eautica; hospitais; s\u00edtios agr\u00edcolas; e edif\u00edcios comerciais.<\/p>\n<div class=\"xiaoshujiang_element xsj_anchor\"><a class=\"blank_anchor_name\" name=\"420does20wt-90720help20prevent20organic20material20from20sticking20to20surfaces_9\"><\/a><a id=\"420does20wt-90720help20prevent20organic20material20from20sticking20to20surfaces_9\" class=\"blank_anchor_id\"><\/a><a class=\"blank_anchor_name\" name=\"4-does-wt-907-help-prevent-organic-material-from-sticking-to-surfaces\"><\/a><a id=\"4-does-wt-907-help-prevent-organic-material-from-sticking-to-surfaces\" class=\"blank_anchor_id\"><\/a><\/div>\n<p id=\"420does20wt-90720help20prevent20organic20material20from20sticking20to20surfaces_9\" class=\"xsj_heading_hash xsj_heading xsj_heading_h3\" data-source-line=\"31\" data-source-line-display=\"true\"><strong><span class=\"xsj_heading_content\">Q4: O WT-907 ajuda a evitar que o material org\u00e2nico grude nas superf\u00edcies?<\/span><\/strong><\/p>\n<p class=\"xsj_paragraph xsj_paragraph_level_0\" data-source-line=\"33\" data-source-line-display=\"true\">Sim! Uma das principais caracter\u00edsticas deste produto \u00e9 que ele ajuda a evitar que os materiais org\u00e2nicos adiram \u00e0s superf\u00edcies, tornando a limpeza muito mais f\u00e1cil do que antes do uso.<\/p>\n<p class=\"xiaoshujiang_element xsj_anchor\"><a class=\"blank_anchor_name\" name=\"520can20i20use20wt2090720with20other20chemicals20or20products_10\"><\/a><a id=\"520can20i20use20wt2090720with20other20chemicals20or20products_10\" class=\"blank_anchor_id\"><\/a><strong><a class=\"blank_anchor_name\" name=\"5-can-i-use-wt-907-with-other-chemicals-or-products\"><\/a><a id=\"5-can-i-use-wt-907-with-other-chemicals-or-products\" class=\"blank_anchor_id\"><\/a><\/strong><\/p>\n<p id=\"520can20i20use20wt2090720with20other20chemicals20or20products_10\" class=\"xsj_heading_hash xsj_heading xsj_heading_h3\" data-source-line=\"35\" data-source-line-display=\"true\"><strong><span class=\"xsj_heading_content\">Q5: Posso usar WT 907 com outros produtos qu\u00edmicos ou produtos?<\/span><\/strong><\/p>\n<p class=\"xsj_paragraph xsj_paragraph_level_0\" data-source-line=\"37\" data-source-line-display=\"true\">Sim! Voc\u00ea pode usar este produto com outros produtos qu\u00edmicos ou produtos se eles n\u00e3o interferirem nas habilidades ou n\u00edveis de efic\u00e1cia uns dos outros.<\/p>\n<p class=\"xsj_paragraph xsj_paragraph_level_0\" data-source-line=\"39\" data-source-line-display=\"true\"><a class=\"xsj_link xsj_manu_link\" href=\"https:\/\/vcycletech.com\/pt\/categoria-de-produto\/inibidores-de-corrosao-e-agentes-de-pelicula-de-pre-tratamento\/\">Obtenha a solu\u00e7\u00e3o completa de Inibidores de Incrusta\u00e7\u00e3o e Corros\u00e3o e Agentes de Pel\u00edcula de Pr\u00e9-tratamento<\/a>.<\/p>","protected":false},"excerpt":{"rendered":"<p><strong>WT-907 Non-P Scale &amp; Inibidor de Corros\u00e3o<\/strong> \u00e9 um produto premium que ajuda as instala\u00e7\u00f5es de tratamento de \u00e1guas residuais a cumprir os limites r\u00edgidos impostos \u00e0 drenagem de f\u00f3sforo. Ele oferece uma variedade de benef\u00edcios, incluindo crescimento microbiano reduzido e dosagens qu\u00edmicas mais baixas, devido \u00e0 sua capacidade de diminuir a utiliza\u00e7\u00e3o de bactericidas enquanto remove s\u00f3lidos sedimentados. Com <strong>WP-907<\/strong>, voc\u00ea pode ter certeza de que suas instala\u00e7\u00f5es est\u00e3o funcionando sem problemas e atendendo a todos os requisitos regulamentares. Pe\u00e7a agora e experimente os benef\u00edcios por si mesmo!<\/p>","protected":false},"featured_media":1306,"template":"","meta":{"site-sidebar-layout":"default","site-content-layout":"default","ast-site-content-layout":"default","site-content-style":"default","site-sidebar-style":"default","ast-global-header-display":"","ast-banner-title-visibility":"","ast-main-header-display":"","ast-hfb-above-header-display":"","ast-hfb-below-header-display":"","ast-hfb-mobile-header-display":"","site-post-title":"","ast-breadcrumbs-content":"","ast-featured-img":"","footer-sml-layout":"","ast-disable-related-posts":"","theme-transparent-header-meta":"default","adv-header-id-meta":"","stick-header-meta":"default","header-above-stick-meta":"","header-main-stick-meta":"","header-below-stick-meta":"","astra-migrate-meta-layouts":"default","ast-page-background-enabled":"default","ast-page-background-meta":{"desktop":{"background-color":"","background-image":"","background-repeat":"repeat","background-position":"center center","background-size":"auto","background-attachment":"scroll","background-type":"","background-media":"","overlay-type":"","overlay-color":"","overlay-opacity":"","overlay-gradient":""},"tablet":{"background-color":"","background-image":"","background-repeat":"repeat","background-position":"center center","background-size":"auto","background-attachment":"scroll","background-type":"","background-media":"","overlay-type":"","overlay-color":"","overlay-opacity":"","overlay-gradient":""},"mobile":{"background-color":"","background-image":"","background-repeat":"repeat","background-position":"center center","background-size":"auto","background-attachment":"scroll","background-type":"","background-media":"","overlay-type":"","overlay-color":"","overlay-opacity":"","overlay-gradient":""}},"ast-content-background-meta":{"desktop":{"background-color":"var(--ast-global-color-5)","background-image":"","background-repeat":"repeat","background-position":"center center","background-size":"auto","background-attachment":"scroll","background-type":"","background-media":"","overlay-type":"","overlay-color":"","overlay-opacity":"","overlay-gradient":""},"tablet":{"background-color":"var(--ast-global-color-5)","background-image":"","background-repeat":"repeat","background-position":"center center","background-size":"auto","background-attachment":"scroll","background-type":"","background-media":"","overlay-type":"","overlay-color":"","overlay-opacity":"","overlay-gradient":""},"mobile":{"background-color":"var(--ast-global-color-5)","background-image":"","background-repeat":"repeat","background-position":"center center","background-size":"auto","background-attachment":"scroll","background-type":"","background-media":"","overlay-type":"","overlay-color":"","overlay-opacity":"","overlay-gradient":""}}},"product_brand":[],"product_cat":[32],"product_tag":[],"class_list":{"0":"post-1296","1":"product","2":"type-product","3":"status-publish","4":"has-post-thumbnail","6":"product_cat-built-scale-corrosion-inhibitors-and-pretreatment-filming-agents","7":"desktop-align-left","8":"tablet-align-left","9":"mobile-align-left","10":"ast-product-gallery-layout-horizontal-slider","11":"ast-product-gallery-with-no-image","12":"ast-product-tabs-layout-horizontal","14":"first","15":"instock","16":"shipping-taxable","17":"product-type-simple"},"yoast_head":"<!-- This site is optimized with the Yoast SEO Premium plugin v26.3 (Yoast SEO v27.5) - https:\/\/yoast.com\/product\/yoast-seo-premium-wordpress\/ -->\n<title>WT-907 Non-P Scale &amp; Corrosion Inhibitor - vcycletech<\/title>\n<meta name=\"description\" content=\"Get rid of rust and scale with WP-907 non-p scale &amp; corrosion inhibitor! Formulated to meet strict limits of phosphorus drainage, it helps reduce wastewater treatment costs. Stop bacteria growth, decrease bactericide dosage, and remove sludge agents\u2014all with one reliable product.\" \/>\n<meta name=\"robots\" content=\"index, follow, max-snippet:-1, max-image-preview:large, max-video-preview:-1\" \/>\n<link rel=\"canonical\" href=\"https:\/\/vcycletech.com\/pt\/produtos\/wt-907-nao-p-escala-inibidor-de-corrosao\/\" \/>\n<meta property=\"og:locale\" content=\"pt_PT\" \/>\n<meta property=\"og:type\" content=\"article\" \/>\n<meta property=\"og:title\" content=\"WT-907 Non-P Scale &amp; Corrosion Inhibitor\" \/>\n<meta property=\"og:description\" content=\"Get rid of rust and scale with WP-907 non-p scale &amp; corrosion inhibitor! Formulated to meet strict limits of phosphorus drainage, it helps reduce wastewater treatment costs. Stop bacteria growth, decrease bactericide dosage, and remove sludge agents\u2014all with one reliable product.\" \/>\n<meta property=\"og:url\" content=\"https:\/\/vcycletech.com\/pt\/produtos\/wt-907-nao-p-escala-inibidor-de-corrosao\/\" \/>\n<meta property=\"og:site_name\" content=\"vcycletech\" \/>\n<meta property=\"article:modified_time\" content=\"2023-03-27T04:12:26+00:00\" \/>\n<meta property=\"og:image\" content=\"https:\/\/vcycletech.com\/wp-content\/uploads\/2023\/03\/WT-907-Non-P-Scale-Corrosion-Inhibitor-e1679628028829.png\" \/>\n\t<meta property=\"og:image:width\" content=\"600\" \/>\n\t<meta property=\"og:image:height\" content=\"600\" \/>\n\t<meta property=\"og:image:type\" content=\"image\/png\" \/>\n<meta name=\"twitter:card\" content=\"summary_large_image\" \/>\n<meta name=\"twitter:label1\" content=\"Tempo estimado de leitura\" \/>\n\t<meta name=\"twitter:data1\" content=\"2 minutos\" \/>\n<script type=\"application\/ld+json\" class=\"yoast-schema-graph\">{\"@context\":\"https:\\\/\\\/schema.org\",\"@graph\":[{\"@type\":\"WebPage\",\"@id\":\"https:\\\/\\\/vcycletech.com\\\/product\\\/wt-907-non-p-scale-corrosion-inhibitor\\\/\",\"url\":\"https:\\\/\\\/vcycletech.com\\\/product\\\/wt-907-non-p-scale-corrosion-inhibitor\\\/\",\"name\":\"WT-907 Non-P Scale & Corrosion Inhibitor - vcycletech\",\"isPartOf\":{\"@id\":\"https:\\\/\\\/vcycletech.com\\\/#website\"},\"primaryImageOfPage\":{\"@id\":\"https:\\\/\\\/vcycletech.com\\\/product\\\/wt-907-non-p-scale-corrosion-inhibitor\\\/#primaryimage\"},\"image\":{\"@id\":\"https:\\\/\\\/vcycletech.com\\\/product\\\/wt-907-non-p-scale-corrosion-inhibitor\\\/#primaryimage\"},\"thumbnailUrl\":\"https:\\\/\\\/vcycletech.com\\\/wp-content\\\/uploads\\\/2023\\\/03\\\/WT-907-Non-P-Scale-Corrosion-Inhibitor-e1679628028829.png\",\"datePublished\":\"2023-03-21T13:45:11+00:00\",\"dateModified\":\"2023-03-27T04:12:26+00:00\",\"description\":\"Get rid of rust and scale with WP-907 non-p scale & corrosion inhibitor! Formulated to meet strict limits of phosphorus drainage, it helps reduce wastewater treatment costs. Stop bacteria growth, decrease bactericide dosage, and remove sludge agents\u2014all with one reliable product.\",\"breadcrumb\":{\"@id\":\"https:\\\/\\\/vcycletech.com\\\/product\\\/wt-907-non-p-scale-corrosion-inhibitor\\\/#breadcrumb\"},\"inLanguage\":\"pt-PT\",\"potentialAction\":[{\"@type\":\"ReadAction\",\"target\":[\"https:\\\/\\\/vcycletech.com\\\/product\\\/wt-907-non-p-scale-corrosion-inhibitor\\\/\"]}]},{\"@type\":\"ImageObject\",\"inLanguage\":\"pt-PT\",\"@id\":\"https:\\\/\\\/vcycletech.com\\\/product\\\/wt-907-non-p-scale-corrosion-inhibitor\\\/#primaryimage\",\"url\":\"https:\\\/\\\/vcycletech.com\\\/wp-content\\\/uploads\\\/2023\\\/03\\\/WT-907-Non-P-Scale-Corrosion-Inhibitor-e1679628028829.png\",\"contentUrl\":\"https:\\\/\\\/vcycletech.com\\\/wp-content\\\/uploads\\\/2023\\\/03\\\/WT-907-Non-P-Scale-Corrosion-Inhibitor-e1679628028829.png\",\"width\":600,\"height\":600,\"caption\":\"WT-907 Non-P Scale & Corrosion Inhibitor\"},{\"@type\":\"BreadcrumbList\",\"@id\":\"https:\\\/\\\/vcycletech.com\\\/product\\\/wt-907-non-p-scale-corrosion-inhibitor\\\/#breadcrumb\",\"itemListElement\":[{\"@type\":\"ListItem\",\"position\":1,\"name\":\"Home\",\"item\":\"https:\\\/\\\/vcycletech.com\\\/\"},{\"@type\":\"ListItem\",\"position\":2,\"name\":\"Water Treatment Chemicals Manufacturer\",\"item\":\"https:\\\/\\\/vcycletech.com\\\/water-treatment-chemicals-manufacturer\\\/\"},{\"@type\":\"ListItem\",\"position\":3,\"name\":\"WT-907 Non-P Scale &#038; Corrosion Inhibitor\"}]},{\"@type\":\"WebSite\",\"@id\":\"https:\\\/\\\/vcycletech.com\\\/#website\",\"url\":\"https:\\\/\\\/vcycletech.com\\\/\",\"name\":\"vcycletech\",\"description\":\"China&#039;s top water treatment chemicals supplier\",\"publisher\":{\"@id\":\"https:\\\/\\\/vcycletech.com\\\/#organization\"},\"potentialAction\":[{\"@type\":\"SearchAction\",\"target\":{\"@type\":\"EntryPoint\",\"urlTemplate\":\"https:\\\/\\\/vcycletech.com\\\/?s={search_term_string}\"},\"query-input\":{\"@type\":\"PropertyValueSpecification\",\"valueRequired\":true,\"valueName\":\"search_term_string\"}}],\"inLanguage\":\"pt-PT\"},{\"@type\":\"Organization\",\"@id\":\"https:\\\/\\\/vcycletech.com\\\/#organization\",\"name\":\"vcycletech\",\"url\":\"https:\\\/\\\/vcycletech.com\\\/\",\"logo\":{\"@type\":\"ImageObject\",\"inLanguage\":\"pt-PT\",\"@id\":\"https:\\\/\\\/vcycletech.com\\\/#\\\/schema\\\/logo\\\/image\\\/\",\"url\":\"https:\\\/\\\/vcycletech.com\\\/wp-content\\\/uploads\\\/2023\\\/03\\\/logo-vcycletech-1.png\",\"contentUrl\":\"https:\\\/\\\/vcycletech.com\\\/wp-content\\\/uploads\\\/2023\\\/03\\\/logo-vcycletech-1.png\",\"width\":600,\"height\":400,\"caption\":\"vcycletech\"},\"image\":{\"@id\":\"https:\\\/\\\/vcycletech.com\\\/#\\\/schema\\\/logo\\\/image\\\/\"}}]}<\/script>\n<!-- \/ Yoast SEO Premium plugin. -->","yoast_head_json":{"title":"WT-907 Non-P Scale &amp; Inibidor de Corros\u00e3o - vcycletech","description":"Livre-se da ferrugem e incrusta\u00e7\u00f5es com o inibidor de incrusta\u00e7\u00e3o e corros\u00e3o WP-907 non-p! Formulado para atender aos limites r\u00edgidos de drenagem de f\u00f3sforo, ajuda a reduzir os custos de tratamento de \u00e1guas residuais. Interrompa o crescimento de bact\u00e9rias, diminua a dosagem de bactericida e remova os agentes de lodo - tudo com um produto confi\u00e1vel.","robots":{"index":"index","follow":"follow","max-snippet":"max-snippet:-1","max-image-preview":"max-image-preview:large","max-video-preview":"max-video-preview:-1"},"canonical":"https:\/\/vcycletech.com\/pt\/produtos\/wt-907-nao-p-escala-inibidor-de-corrosao\/","og_locale":"pt_PT","og_type":"article","og_title":"WT-907 Non-P Scale & Corrosion Inhibitor","og_description":"Get rid of rust and scale with WP-907 non-p scale & corrosion inhibitor! Formulated to meet strict limits of phosphorus drainage, it helps reduce wastewater treatment costs. Stop bacteria growth, decrease bactericide dosage, and remove sludge agents\u2014all with one reliable product.","og_url":"https:\/\/vcycletech.com\/pt\/produtos\/wt-907-nao-p-escala-inibidor-de-corrosao\/","og_site_name":"vcycletech","article_modified_time":"2023-03-27T04:12:26+00:00","og_image":[{"width":600,"height":600,"url":"https:\/\/vcycletech.com\/wp-content\/uploads\/2023\/03\/WT-907-Non-P-Scale-Corrosion-Inhibitor-e1679628028829.png","type":"image\/png"}],"twitter_card":"summary_large_image","twitter_misc":{"Tempo estimado de leitura":"2 minutos"},"schema":{"@context":"https:\/\/schema.org","@graph":[{"@type":"WebPage","@id":"https:\/\/vcycletech.com\/product\/wt-907-non-p-scale-corrosion-inhibitor\/","url":"https:\/\/vcycletech.com\/product\/wt-907-non-p-scale-corrosion-inhibitor\/","name":"WT-907 Non-P Scale &amp; Inibidor de Corros\u00e3o - vcycletech","isPartOf":{"@id":"https:\/\/vcycletech.com\/#website"},"primaryImageOfPage":{"@id":"https:\/\/vcycletech.com\/product\/wt-907-non-p-scale-corrosion-inhibitor\/#primaryimage"},"image":{"@id":"https:\/\/vcycletech.com\/product\/wt-907-non-p-scale-corrosion-inhibitor\/#primaryimage"},"thumbnailUrl":"https:\/\/vcycletech.com\/wp-content\/uploads\/2023\/03\/WT-907-Non-P-Scale-Corrosion-Inhibitor-e1679628028829.png","datePublished":"2023-03-21T13:45:11+00:00","dateModified":"2023-03-27T04:12:26+00:00","description":"Livre-se da ferrugem e incrusta\u00e7\u00f5es com o inibidor de incrusta\u00e7\u00e3o e corros\u00e3o WP-907 non-p! Formulado para atender aos limites r\u00edgidos de drenagem de f\u00f3sforo, ajuda a reduzir os custos de tratamento de \u00e1guas residuais. Interrompa o crescimento de bact\u00e9rias, diminua a dosagem de bactericida e remova os agentes de lodo - tudo com um produto confi\u00e1vel.","breadcrumb":{"@id":"https:\/\/vcycletech.com\/product\/wt-907-non-p-scale-corrosion-inhibitor\/#breadcrumb"},"inLanguage":"pt-PT","potentialAction":[{"@type":"ReadAction","target":["https:\/\/vcycletech.com\/product\/wt-907-non-p-scale-corrosion-inhibitor\/"]}]},{"@type":"ImageObject","inLanguage":"pt-PT","@id":"https:\/\/vcycletech.com\/product\/wt-907-non-p-scale-corrosion-inhibitor\/#primaryimage","url":"https:\/\/vcycletech.com\/wp-content\/uploads\/2023\/03\/WT-907-Non-P-Scale-Corrosion-Inhibitor-e1679628028829.png","contentUrl":"https:\/\/vcycletech.com\/wp-content\/uploads\/2023\/03\/WT-907-Non-P-Scale-Corrosion-Inhibitor-e1679628028829.png","width":600,"height":600,"caption":"WT-907 Non-P Scale & Corrosion Inhibitor"},{"@type":"BreadcrumbList","@id":"https:\/\/vcycletech.com\/product\/wt-907-non-p-scale-corrosion-inhibitor\/#breadcrumb","itemListElement":[{"@type":"ListItem","position":1,"name":"Home","item":"https:\/\/vcycletech.com\/"},{"@type":"ListItem","position":2,"name":"Water Treatment Chemicals Manufacturer","item":"https:\/\/vcycletech.com\/water-treatment-chemicals-manufacturer\/"},{"@type":"ListItem","position":3,"name":"WT-907 Non-P Scale &#038; Corrosion Inhibitor"}]},{"@type":"WebSite","@id":"https:\/\/vcycletech.com\/#website","url":"https:\/\/vcycletech.com\/","name":"vcycletech","description":"China&#039;principal fornecedor de produtos qu\u00edmicos para tratamento de \u00e1gua","publisher":{"@id":"https:\/\/vcycletech.com\/#organization"},"potentialAction":[{"@type":"SearchAction","target":{"@type":"EntryPoint","urlTemplate":"https:\/\/vcycletech.com\/?s={search_term_string}"},"query-input":{"@type":"PropertyValueSpecification","valueRequired":true,"valueName":"search_term_string"}}],"inLanguage":"pt-PT"},{"@type":"Organization","@id":"https:\/\/vcycletech.com\/#organization","name":"vcycletech","url":"https:\/\/vcycletech.com\/","logo":{"@type":"ImageObject","inLanguage":"pt-PT","@id":"https:\/\/vcycletech.com\/#\/schema\/logo\/image\/","url":"https:\/\/vcycletech.com\/wp-content\/uploads\/2023\/03\/logo-vcycletech-1.png","contentUrl":"https:\/\/vcycletech.com\/wp-content\/uploads\/2023\/03\/logo-vcycletech-1.png","width":600,"height":400,"caption":"vcycletech"},"image":{"@id":"https:\/\/vcycletech.com\/#\/schema\/logo\/image\/"}}]}},"_links":{"self":[{"href":"https:\/\/vcycletech.com\/pt\/wp-json\/wp\/v2\/product\/1296","targetHints":{"allow":["GET"]}}],"collection":[{"href":"https:\/\/vcycletech.com\/pt\/wp-json\/wp\/v2\/product"}],"about":[{"href":"https:\/\/vcycletech.com\/pt\/wp-json\/wp\/v2\/types\/product"}],"wp:featuredmedia":[{"embeddable":true,"href":"https:\/\/vcycletech.com\/pt\/wp-json\/wp\/v2\/media\/1306"}],"wp:attachment":[{"href":"https:\/\/vcycletech.com\/pt\/wp-json\/wp\/v2\/media?parent=1296"}],"wp:term":[{"taxonomy":"product_brand","embeddable":true,"href":"https:\/\/vcycletech.com\/pt\/wp-json\/wp\/v2\/product_brand?post=1296"},{"taxonomy":"product_cat","embeddable":true,"href":"https:\/\/vcycletech.com\/pt\/wp-json\/wp\/v2\/product_cat?post=1296"},{"taxonomy":"product_tag","embeddable":true,"href":"https:\/\/vcycletech.com\/pt\/wp-json\/wp\/v2\/product_tag?post=1296"}],"curies":[{"name":"wp","href":"https:\/\/api.w.org\/{rel}","templated":true}]}}