{"id":1274,"date":"2023-03-21T13:06:39","date_gmt":"2023-03-21T13:06:39","guid":{"rendered":"https:\/\/vcycletech.com\/?post_type=product&#038;p=1274"},"modified":"2023-03-21T13:08:08","modified_gmt":"2023-03-21T13:08:08","slug":"poliepoxissuccinico-acidopesa","status":"publish","type":"product","link":"https:\/\/vcycletech.com\/pt\/produtos\/poliepoxissuccinico-acidopesa\/","title":{"rendered":"\u00c1cido poliepoxisucc\u00ednico (PESA)"},"content":{"rendered":"<h3>N\u00ba CAS: 51274-37-4;109578-44-1<\/h3>\n<p><strong>F\u00f3rmula molecular: HO(C4H2O5M2)nH Peso molecular: 400-1500<\/strong><\/p>\n<h3>F\u00f3rmula estrutural:<\/h3>\n<p><img fetchpriority=\"high\" decoding=\"async\" class=\"alignnone size-full wp-image-1276\" src=\"https:\/\/vcycletech.com\/wp-content\/uploads\/2023\/03\/Structural-Formula-10.png\" alt=\"F\u00f3rmula Estrutural do \u00c1cido Poliepoxisucc\u00ednico (PESA)\" width=\"1400\" height=\"450\" srcset=\"https:\/\/vcycletech.com\/wp-content\/uploads\/2023\/03\/Structural-Formula-10.png 1400w, https:\/\/vcycletech.com\/wp-content\/uploads\/2023\/03\/Structural-Formula-10-600x193.png 600w, https:\/\/vcycletech.com\/wp-content\/uploads\/2023\/03\/Structural-Formula-10-300x96.png 300w, https:\/\/vcycletech.com\/wp-content\/uploads\/2023\/03\/Structural-Formula-10-1024x329.png 1024w, https:\/\/vcycletech.com\/wp-content\/uploads\/2023\/03\/Structural-Formula-10-768x247.png 768w\" sizes=\"(max-width: 1400px) 100vw, 1400px\" \/><\/p>\n<h3>Propriedades:<\/h3>\n<p><strong>PESA<\/strong> \u00e9 um inibidor avan\u00e7ado de escala multivariada e corros\u00e3o sem f\u00f3sforo ou nitrog\u00eanio. \u00c9 comprovadamente mais eficaz do que as organofosfinas comuns na inibi\u00e7\u00e3o do crescimento de carbonato de c\u00e1lcio, sulfato de c\u00e1lcio, fluoreto de c\u00e1lcio e escamas de s\u00edlica. Quando combinado com organofosforados, seu efeito de sinergia amplifica ainda mais.<\/p>\n<p><strong>PESA<\/strong> tamb\u00e9m \u00e9 biodegrad\u00e1vel e pode ser usado com seguran\u00e7a em sistemas de \u00e1gua de alta alcalinidade, dureza e pH alto, mesmo em altas concentra\u00e7\u00f5es. Tamb\u00e9m tem excelentes efeitos sin\u00e9rgicos quando usado com cloro e outros produtos qu\u00edmicos de tratamento de \u00e1gua.<\/p>\n<h3>Especifica\u00e7\u00e3o:<\/h3>\n<div id=\"footable_parent_1281\"\n         class=\"footable_parent ninja_table_wrapper loading_ninja_table wp_table_data_press_parent semantic_ui\">\n                <table data-ninja_table_instance=\"ninja_table_instance_0\" data-footable_id=\"1281\" data-filter-delay=\"1000\" aria-label=\"\u00c1cido Poliepoxisucc\u00ednico (PESA).csv\"            id=\"footable_1281\"\n           data-unique_identifier=\"ninja_table_unique_id_11365682_1281\"\n           class=\"foo-table ninja_footable foo_table_1281 ninja_table_unique_id_11365682_1281 ui table  nt_type_legacy_table selectable striped vertical_centered  footable-paging-right ninja_table_pro\">\n                <colgroup>\n                            <col class=\"ninja_column_0\">\n                            <col class=\"ninja_column_1\">\n                            <col class=\"ninja_column_2\">\n                    <\/colgroup>\n        <thead>\n<tr class=\"footable-header\">\n                                                        <th scope=\"col\"  class=\"ninja_column_0 ninja_clmn_nm_items\">Itens<\/th><th scope=\"col\"  class=\"ninja_column_1 ninja_clmn_nm_index\">\u00cdndice<\/th><th scope=\"col\"  class=\"ninja_column_2 ninja_clmn_nm_ninja_column_3\"><\/th><\/tr>\n<\/thead>\n<tbody>\n\n        <tr data-row_id=\"320\" class=\"ninja_table_row_0 nt_row_id_320\">\n            <td>Apar\u00eancia<\/td><td>L\u00edquido transparente incolor ou \u00e2mbar<\/td><td>p\u00f3 branco<\/td>        <\/tr>\n            <tr data-row_id=\"321\" class=\"ninja_table_row_1 nt_row_id_321\">\n            <td>Conte\u00fado s\u00f3lido, %<\/td><td>40,0 min<\/td><td>90,0min<\/td>        <\/tr>\n            <tr data-row_id=\"322\" class=\"ninja_table_row_2 nt_row_id_322\">\n            <td>Densidade (20 \u2103), g\/cm3<\/td><td>1,30 min<\/td><td>-<\/td>        <\/tr>\n            <tr data-row_id=\"323\" class=\"ninja_table_row_3 nt_row_id_323\">\n            <td>pH (solu\u00e7\u00e3o de \u00e1gua 1%)<\/td><td>10.0-12.0<\/td><td>10.0-12.0<\/td>        <\/tr>\n    <\/tbody><!--ninja_tobody_rendering_done-->\n    <\/table>\n    \n    \n    \n<\/div>\n\n<h3>Uso<\/h3>\n<p>PESA \u00e9 um \u00e1cido poliepoxissucc\u00ednico conhecido como poli(\u00e1cido 1-oxaciclopropano-2,3-dicarbox\u00edlico) e homopol\u00edmero de \u00e1cido epoxissucc\u00ednico. Pode ser usado em uma variedade de aplica\u00e7\u00f5es, como \u00e1gua de reabastecimento de campo petrol\u00edfero, desidrata\u00e7\u00e3o de petr\u00f3leo bruto e caldeira, sistema de circula\u00e7\u00e3o de \u00e1gua excelente de a\u00e7o, petroqu\u00edmica, usina de energia e medicina, \u00e1gua de caldeira, usina de dessaliniza\u00e7\u00e3o e separa\u00e7\u00e3o de membrana em alta dureza alcalina e situa\u00e7\u00f5es de valores de pH com alto \u00edndice de concentra\u00e7\u00e3o. Al\u00e9m disso, pode ser empregado para fins de detergente.<\/p>\n<p>De acordo com as especifica\u00e7\u00f5es do cliente, o l\u00edquido PESA est\u00e1 dispon\u00edvel em tambor pl\u00e1stico de 200L ou IBC (1000 L). Quanto \u00e0 forma s\u00f3lida do produto, 20kg\/saco podem ser adquiridos mediante solicita\u00e7\u00e3o do cliente. Deve ser armazenado em local escuro e seco por 10 meses com as m\u00e1ximas medidas de seguran\u00e7a: evitar contato com os olhos\/pele. Se tal situa\u00e7\u00e3o ocorrer, enx\u00e1gue abundantemente com \u00e1gua.<\/p>\n<h3>Guia completo sobre o \u00e1cido poliepoxisucc\u00ednico (PESA)<\/h3>\n<p>O \u00e1cido poliepoxissucc\u00ednico (PESA) \u00e9 um dos produtos qu\u00edmicos de tratamento de \u00e1gua mais populares do mercado, um inibidor eficaz de escala multivariada e corros\u00e3o. Com seu potente sinergismo com cloro e outros agentes de tratamento de \u00e1gua, o PESA tornou-se uma op\u00e7\u00e3o quando se trabalha com \u00e1guas altamente alcalinas, de dureza e de alto pH. Tamb\u00e9m \u00e9 altamente considerado por suas excelentes habilidades de inibi\u00e7\u00e3o de escala em sistemas de osmose reversa. Al\u00e9m disso, o PESA \u00e9 um produto verde que n\u00e3o cont\u00e9m subst\u00e2ncias perigosas como o f\u00f3sforo.<\/p>\n<h4>Fun\u00e7\u00e3o e princ\u00edpio de a\u00e7\u00e3o:<\/h4>\n<p>Quando utilizado em processos de tratamento de \u00e1gua, o \u00c1cido Poliepoxissucc\u00ednico (PESA) forma incrusta\u00e7\u00f5es de c\u00e1lcio insol\u00faveis, que previnem a corros\u00e3o causada por \u00edons presentes em \u00e1guas duras. A acidez do PESA aumenta o n\u00edvel de pH da \u00e1gua para reduzir a condutividade e diminuir os potenciais de corros\u00e3o. Quando usado em n\u00edveis de concentra\u00e7\u00e3o ideais, o PESA tamb\u00e9m ajuda a quebrar as incrusta\u00e7\u00f5es existentes em part\u00edculas menores, que podem ser removidas do sistema durante a filtra\u00e7\u00e3o ou sedimenta\u00e7\u00e3o.<\/p>\n<h4>Campo de aplica\u00e7\u00e3o:<\/h4>\n<p>O \u00e1cido poliepoxissucc\u00ednico (PESA) \u00e9 amplamente utilizado em ind\u00fastrias como usinas sider\u00fargicas, usinas de energia, refinarias e petroqu\u00edmicas devido \u00e0 sua efic\u00e1cia na preven\u00e7\u00e3o de aplica\u00e7\u00f5es de corros\u00e3o e forma\u00e7\u00e3o de incrusta\u00e7\u00f5es, incluindo caldeiras, sistemas de resfriamento circulante, usinas de dessaliniza\u00e7\u00e3o e processos de separa\u00e7\u00e3o por membrana. Tamb\u00e9m \u00e9 adequado para uso em sistemas de osmose reversa para enfrentar problemas desafiadores relacionados ao aumento de escala e ao aumento da vida \u00fatil.<\/p>\n<h4>Precau\u00e7\u00f5es para uso:<\/h4>\n<p>\u00c9 importante observar que o \u00e1cido poliepoxissucc\u00ednico (PESA) nunca deve ser adicionado diretamente no tanque principal ou na tubula\u00e7\u00e3o sem pr\u00e9-dilui\u00e7\u00e3o. Al\u00e9m disso, os usu\u00e1rios devem garantir que todas as medidas de seguran\u00e7a sejam tomadas durante o manuseio deste produto qu\u00edmico, como o uso de luvas e \u00f3culos de prote\u00e7\u00e3o, pois o contato com a pele ou os olhos pode causar irrita\u00e7\u00e3o ou queimaduras. Al\u00e9m disso, equipamentos met\u00e1licos n\u00e3o devem entrar em contato com esse produto qu\u00edmico devido \u00e0 sua propriedade \u00e1cida, que pode causar danos ao longo do tempo se n\u00e3o for controlada.<\/p>\n<h3>Perguntas frequentes:<\/h3>\n<p>Q1: Como funciona o \u00c1cido Poliepoxisucc\u00ednico (PESA)?<br \/>\nA1: Quando usado em processos de tratamento de \u00e1gua, o PESA forma incrusta\u00e7\u00f5es de c\u00e1lcio insol\u00faveis que evitam a corros\u00e3o causada por \u00edons em \u00e1guas duras. A acidez do PESA aumenta o n\u00edvel de pH da \u00e1gua para reduzir a condutividade e diminuir os potenciais de corros\u00e3o.<\/p>\n<p>Q2: Quais s\u00e3o algumas aplica\u00e7\u00f5es t\u00edpicas onde o PESA pode ser usado?<br \/>\nA2: PESA \u00e9 comumente usado em v\u00e1rias ind\u00fastrias, como usinas sider\u00fargicas, usinas de energia, refinarias e plantas petroqu\u00edmicas devido \u00e0 sua capacidade de proteger contra corros\u00e3o e forma\u00e7\u00e3o de incrusta\u00e7\u00f5es em muitas aplica\u00e7\u00f5es, incluindo caldeiras, sistemas de resfriamento circulante, usinas de dessaliniza\u00e7\u00e3o e separa\u00e7\u00e3o por membrana processos, etc.,<\/p>\n<p>Q3: O \u00e1cido poliepoxissucc\u00ednico (PESA) \u00e9 seguro?<br \/>\nA3: Sim! Este produto verde n\u00e3o cont\u00e9m nenhuma subst\u00e2ncia perigosa, como f\u00f3sforo, tornando-o seguro para uso pr\u00f3ximo a humanos quando os procedimentos de manuseio adequados s\u00e3o seguidos corretamente, incluindo o uso de luvas\/\u00f3culos de prote\u00e7\u00e3o, etc.,<\/p>\n<p>Q4: Posso adicionar \u00e1cido poliepoxissucc\u00ednico (PESA) diretamente no meu tanque\/pipeline?<br \/>\nR4: N\u00e3o \u00c9 essencial observar que este \u00e1cido nunca deve ser adicionado diretamente no tanque principal ou na tubula\u00e7\u00e3o sem pr\u00e9-dilu\u00ed-lo primeiro para um \u00f3timo desempenho e raz\u00f5es de seguran\u00e7a.<\/p>\n<p>Q5: O \u00e1cido poliepoxissucc\u00ednico (PESa) ajuda a quebrar as escalas existentes?<br \/>\nA5; Sim! Quando usado em n\u00edveis de concentra\u00e7\u00e3o ideais, o PESa tamb\u00e9m ajuda a quebrar as incrusta\u00e7\u00f5es existentes em part\u00edculas menores. Eles podem ser removidos do sistema durante os processos de filtra\u00e7\u00e3o ou sedimenta\u00e7\u00e3o com seguran\u00e7a e efici\u00eancia.<\/p>\n<p>Q6; \u00c9 permitido que equipamentos de metal entrem em contato com o \u00e1cido poliepoxissucc\u00ednico (PESa)?<br \/>\nA6; N\u00e3o! Devido \u00e0 sua propriedade \u00e1cida, equipamentos de metal n\u00e3o devem entrar em contato com este produto qu\u00edmico, pois pode causar danos ao longo do tempo se n\u00e3o for controlado.<\/p>","protected":false},"excerpt":{"rendered":"<p><strong>\u00c1cido Poliepoxisucc\u00ednico<\/strong> (PESA) \u00e9 um produto qu\u00edmico de tratamento de \u00e1gua eficaz para inibir incrusta\u00e7\u00f5es multivariadas e corros\u00e3o. Possui boa sinergia com cloro e outros produtos qu\u00edmicos de tratamento de \u00e1gua, tornando-o uma escolha popular para \u00e1gua de caldeira, \u00e1gua fria circulante, usina de dessaliniza\u00e7\u00e3o e separa\u00e7\u00e3o por membrana em situa\u00e7\u00f5es de alta alcalinidade, dureza e pH alto. A PESA tamb\u00e9m \u00e9 conhecida por suas excelentes capacidades de inibi\u00e7\u00e3o de incrusta\u00e7\u00f5es em sistemas de osmose reversa. Al\u00e9m disso, <strong>PESA<\/strong> \u00e9 um agente de tratamento de \u00e1gua verde sem f\u00f3sforo ou outras subst\u00e2ncias perigosas.<\/p>","protected":false},"featured_media":1290,"template":"","meta":{"site-sidebar-layout":"default","site-content-layout":"default","ast-site-content-layout":"default","site-content-style":"default","site-sidebar-style":"default","ast-global-header-display":"","ast-banner-title-visibility":"","ast-main-header-display":"","ast-hfb-above-header-display":"","ast-hfb-below-header-display":"","ast-hfb-mobile-header-display":"","site-post-title":"","ast-breadcrumbs-content":"","ast-featured-img":"","footer-sml-layout":"","ast-disable-related-posts":"","theme-transparent-header-meta":"default","adv-header-id-meta":"","stick-header-meta":"default","header-above-stick-meta":"","header-main-stick-meta":"","header-below-stick-meta":"","astra-migrate-meta-layouts":"default","ast-page-background-enabled":"default","ast-page-background-meta":{"desktop":{"background-color":"","background-image":"","background-repeat":"repeat","background-position":"center center","background-size":"auto","background-attachment":"scroll","background-type":"","background-media":"","overlay-type":"","overlay-color":"","overlay-opacity":"","overlay-gradient":""},"tablet":{"background-color":"","background-image":"","background-repeat":"repeat","background-position":"center center","background-size":"auto","background-attachment":"scroll","background-type":"","background-media":"","overlay-type":"","overlay-color":"","overlay-opacity":"","overlay-gradient":""},"mobile":{"background-color":"","background-image":"","background-repeat":"repeat","background-position":"center center","background-size":"auto","background-attachment":"scroll","background-type":"","background-media":"","overlay-type":"","overlay-color":"","overlay-opacity":"","overlay-gradient":""}},"ast-content-background-meta":{"desktop":{"background-color":"var(--ast-global-color-5)","background-image":"","background-repeat":"repeat","background-position":"center center","background-size":"auto","background-attachment":"scroll","background-type":"","background-media":"","overlay-type":"","overlay-color":"","overlay-opacity":"","overlay-gradient":""},"tablet":{"background-color":"var(--ast-global-color-5)","background-image":"","background-repeat":"repeat","background-position":"center center","background-size":"auto","background-attachment":"scroll","background-type":"","background-media":"","overlay-type":"","overlay-color":"","overlay-opacity":"","overlay-gradient":""},"mobile":{"background-color":"var(--ast-global-color-5)","background-image":"","background-repeat":"repeat","background-position":"center center","background-size":"auto","background-attachment":"scroll","background-type":"","background-media":"","overlay-type":"","overlay-color":"","overlay-opacity":"","overlay-gradient":""}}},"product_brand":[],"product_cat":[28],"product_tag":[],"class_list":{"0":"post-1274","1":"product","2":"type-product","3":"status-publish","4":"has-post-thumbnail","6":"product_cat-polycarboxylic-antiscalant-and-dispersant","7":"desktop-align-left","8":"tablet-align-left","9":"mobile-align-left","10":"ast-product-gallery-layout-horizontal-slider","11":"ast-product-gallery-with-no-image","12":"ast-product-tabs-layout-horizontal","14":"first","15":"instock","16":"shipping-taxable","17":"product-type-simple"},"yoast_head":"<!-- This site is optimized with the Yoast SEO Premium plugin v26.3 (Yoast SEO v27.5) - https:\/\/yoast.com\/product\/yoast-seo-premium-wordpress\/ -->\n<title>Polyepoxysuccinic Acid(PESA) - vcycletech<\/title>\n<meta name=\"robots\" content=\"index, follow, max-snippet:-1, max-image-preview:large, max-video-preview:-1\" \/>\n<link rel=\"canonical\" href=\"https:\/\/vcycletech.com\/pt\/produtos\/poliepoxissuccinico-acidopesa\/\" \/>\n<meta property=\"og:locale\" content=\"pt_PT\" \/>\n<meta property=\"og:type\" content=\"article\" \/>\n<meta property=\"og:title\" content=\"Polyepoxysuccinic Acid(PESA)\" \/>\n<meta property=\"og:description\" content=\"Polyepoxysuccinic Acid (PESA) is an effective water treatment chemical to inhibit multivariate scale and corrosion. It has good synergism with chlorine and other water treatment chemicals, making it a popular choice for boiler water, circulating cool water, desalination plant, and membrane separation in situations of high alkaline, hardness, and high pH. PESA is also known for its excellent scale inhibition capabilities in reverse osmosis systems. Furthermore, PESA is a green water treatment agent without phosphorous or other hazardous substances.\" \/>\n<meta property=\"og:url\" content=\"https:\/\/vcycletech.com\/pt\/produtos\/poliepoxissuccinico-acidopesa\/\" \/>\n<meta property=\"og:site_name\" content=\"vcycletech\" \/>\n<meta property=\"article:modified_time\" content=\"2023-03-21T13:08:08+00:00\" \/>\n<meta property=\"og:image\" content=\"https:\/\/vcycletech.com\/wp-content\/uploads\/2023\/03\/1-55.png\" \/>\n\t<meta property=\"og:image:width\" content=\"600\" \/>\n\t<meta property=\"og:image:height\" content=\"600\" \/>\n\t<meta property=\"og:image:type\" content=\"image\/png\" \/>\n<meta name=\"twitter:card\" content=\"summary_large_image\" \/>\n<meta name=\"twitter:label1\" content=\"Tempo estimado de leitura\" \/>\n\t<meta name=\"twitter:data1\" content=\"4 minutos\" \/>\n<script type=\"application\/ld+json\" class=\"yoast-schema-graph\">{\"@context\":\"https:\\\/\\\/schema.org\",\"@graph\":[{\"@type\":\"WebPage\",\"@id\":\"https:\\\/\\\/vcycletech.com\\\/product\\\/polyepoxysuccinic-acidpesa\\\/\",\"url\":\"https:\\\/\\\/vcycletech.com\\\/product\\\/polyepoxysuccinic-acidpesa\\\/\",\"name\":\"Polyepoxysuccinic Acid(PESA) - vcycletech\",\"isPartOf\":{\"@id\":\"https:\\\/\\\/vcycletech.com\\\/#website\"},\"primaryImageOfPage\":{\"@id\":\"https:\\\/\\\/vcycletech.com\\\/product\\\/polyepoxysuccinic-acidpesa\\\/#primaryimage\"},\"image\":{\"@id\":\"https:\\\/\\\/vcycletech.com\\\/product\\\/polyepoxysuccinic-acidpesa\\\/#primaryimage\"},\"thumbnailUrl\":\"https:\\\/\\\/vcycletech.com\\\/wp-content\\\/uploads\\\/2023\\\/03\\\/1-55.png\",\"datePublished\":\"2023-03-21T13:06:39+00:00\",\"dateModified\":\"2023-03-21T13:08:08+00:00\",\"breadcrumb\":{\"@id\":\"https:\\\/\\\/vcycletech.com\\\/product\\\/polyepoxysuccinic-acidpesa\\\/#breadcrumb\"},\"inLanguage\":\"pt-PT\",\"potentialAction\":[{\"@type\":\"ReadAction\",\"target\":[\"https:\\\/\\\/vcycletech.com\\\/product\\\/polyepoxysuccinic-acidpesa\\\/\"]}]},{\"@type\":\"ImageObject\",\"inLanguage\":\"pt-PT\",\"@id\":\"https:\\\/\\\/vcycletech.com\\\/product\\\/polyepoxysuccinic-acidpesa\\\/#primaryimage\",\"url\":\"https:\\\/\\\/vcycletech.com\\\/wp-content\\\/uploads\\\/2023\\\/03\\\/1-55.png\",\"contentUrl\":\"https:\\\/\\\/vcycletech.com\\\/wp-content\\\/uploads\\\/2023\\\/03\\\/1-55.png\",\"width\":600,\"height\":600,\"caption\":\"Polyepoxysuccinic Acid(PESA)\"},{\"@type\":\"BreadcrumbList\",\"@id\":\"https:\\\/\\\/vcycletech.com\\\/product\\\/polyepoxysuccinic-acidpesa\\\/#breadcrumb\",\"itemListElement\":[{\"@type\":\"ListItem\",\"position\":1,\"name\":\"Home\",\"item\":\"https:\\\/\\\/vcycletech.com\\\/\"},{\"@type\":\"ListItem\",\"position\":2,\"name\":\"Water Treatment Chemicals Manufacturer\",\"item\":\"https:\\\/\\\/vcycletech.com\\\/water-treatment-chemicals-manufacturer\\\/\"},{\"@type\":\"ListItem\",\"position\":3,\"name\":\"Polyepoxysuccinic Acid(PESA)\"}]},{\"@type\":\"WebSite\",\"@id\":\"https:\\\/\\\/vcycletech.com\\\/#website\",\"url\":\"https:\\\/\\\/vcycletech.com\\\/\",\"name\":\"vcycletech\",\"description\":\"China&#039;s top water treatment chemicals supplier\",\"publisher\":{\"@id\":\"https:\\\/\\\/vcycletech.com\\\/#organization\"},\"potentialAction\":[{\"@type\":\"SearchAction\",\"target\":{\"@type\":\"EntryPoint\",\"urlTemplate\":\"https:\\\/\\\/vcycletech.com\\\/?s={search_term_string}\"},\"query-input\":{\"@type\":\"PropertyValueSpecification\",\"valueRequired\":true,\"valueName\":\"search_term_string\"}}],\"inLanguage\":\"pt-PT\"},{\"@type\":\"Organization\",\"@id\":\"https:\\\/\\\/vcycletech.com\\\/#organization\",\"name\":\"vcycletech\",\"url\":\"https:\\\/\\\/vcycletech.com\\\/\",\"logo\":{\"@type\":\"ImageObject\",\"inLanguage\":\"pt-PT\",\"@id\":\"https:\\\/\\\/vcycletech.com\\\/#\\\/schema\\\/logo\\\/image\\\/\",\"url\":\"https:\\\/\\\/vcycletech.com\\\/wp-content\\\/uploads\\\/2023\\\/03\\\/logo-vcycletech-1.png\",\"contentUrl\":\"https:\\\/\\\/vcycletech.com\\\/wp-content\\\/uploads\\\/2023\\\/03\\\/logo-vcycletech-1.png\",\"width\":600,\"height\":400,\"caption\":\"vcycletech\"},\"image\":{\"@id\":\"https:\\\/\\\/vcycletech.com\\\/#\\\/schema\\\/logo\\\/image\\\/\"}}]}<\/script>\n<!-- \/ Yoast SEO Premium plugin. -->","yoast_head_json":{"title":"\u00c1cido poliepoxisucc\u00ednico (PESA) - vcycletech","robots":{"index":"index","follow":"follow","max-snippet":"max-snippet:-1","max-image-preview":"max-image-preview:large","max-video-preview":"max-video-preview:-1"},"canonical":"https:\/\/vcycletech.com\/pt\/produtos\/poliepoxissuccinico-acidopesa\/","og_locale":"pt_PT","og_type":"article","og_title":"Polyepoxysuccinic Acid(PESA)","og_description":"Polyepoxysuccinic Acid (PESA) is an effective water treatment chemical to inhibit multivariate scale and corrosion. It has good synergism with chlorine and other water treatment chemicals, making it a popular choice for boiler water, circulating cool water, desalination plant, and membrane separation in situations of high alkaline, hardness, and high pH. PESA is also known for its excellent scale inhibition capabilities in reverse osmosis systems. Furthermore, PESA is a green water treatment agent without phosphorous or other hazardous substances.","og_url":"https:\/\/vcycletech.com\/pt\/produtos\/poliepoxissuccinico-acidopesa\/","og_site_name":"vcycletech","article_modified_time":"2023-03-21T13:08:08+00:00","og_image":[{"width":600,"height":600,"url":"https:\/\/vcycletech.com\/wp-content\/uploads\/2023\/03\/1-55.png","type":"image\/png"}],"twitter_card":"summary_large_image","twitter_misc":{"Tempo estimado de leitura":"4 minutos"},"schema":{"@context":"https:\/\/schema.org","@graph":[{"@type":"WebPage","@id":"https:\/\/vcycletech.com\/product\/polyepoxysuccinic-acidpesa\/","url":"https:\/\/vcycletech.com\/product\/polyepoxysuccinic-acidpesa\/","name":"\u00c1cido poliepoxisucc\u00ednico (PESA) - vcycletech","isPartOf":{"@id":"https:\/\/vcycletech.com\/#website"},"primaryImageOfPage":{"@id":"https:\/\/vcycletech.com\/product\/polyepoxysuccinic-acidpesa\/#primaryimage"},"image":{"@id":"https:\/\/vcycletech.com\/product\/polyepoxysuccinic-acidpesa\/#primaryimage"},"thumbnailUrl":"https:\/\/vcycletech.com\/wp-content\/uploads\/2023\/03\/1-55.png","datePublished":"2023-03-21T13:06:39+00:00","dateModified":"2023-03-21T13:08:08+00:00","breadcrumb":{"@id":"https:\/\/vcycletech.com\/product\/polyepoxysuccinic-acidpesa\/#breadcrumb"},"inLanguage":"pt-PT","potentialAction":[{"@type":"ReadAction","target":["https:\/\/vcycletech.com\/product\/polyepoxysuccinic-acidpesa\/"]}]},{"@type":"ImageObject","inLanguage":"pt-PT","@id":"https:\/\/vcycletech.com\/product\/polyepoxysuccinic-acidpesa\/#primaryimage","url":"https:\/\/vcycletech.com\/wp-content\/uploads\/2023\/03\/1-55.png","contentUrl":"https:\/\/vcycletech.com\/wp-content\/uploads\/2023\/03\/1-55.png","width":600,"height":600,"caption":"Polyepoxysuccinic Acid(PESA)"},{"@type":"BreadcrumbList","@id":"https:\/\/vcycletech.com\/product\/polyepoxysuccinic-acidpesa\/#breadcrumb","itemListElement":[{"@type":"ListItem","position":1,"name":"Home","item":"https:\/\/vcycletech.com\/"},{"@type":"ListItem","position":2,"name":"Water Treatment Chemicals Manufacturer","item":"https:\/\/vcycletech.com\/water-treatment-chemicals-manufacturer\/"},{"@type":"ListItem","position":3,"name":"Polyepoxysuccinic Acid(PESA)"}]},{"@type":"WebSite","@id":"https:\/\/vcycletech.com\/#website","url":"https:\/\/vcycletech.com\/","name":"vcycletech","description":"China&#039;principal fornecedor de produtos qu\u00edmicos para tratamento de \u00e1gua","publisher":{"@id":"https:\/\/vcycletech.com\/#organization"},"potentialAction":[{"@type":"SearchAction","target":{"@type":"EntryPoint","urlTemplate":"https:\/\/vcycletech.com\/?s={search_term_string}"},"query-input":{"@type":"PropertyValueSpecification","valueRequired":true,"valueName":"search_term_string"}}],"inLanguage":"pt-PT"},{"@type":"Organization","@id":"https:\/\/vcycletech.com\/#organization","name":"vcycletech","url":"https:\/\/vcycletech.com\/","logo":{"@type":"ImageObject","inLanguage":"pt-PT","@id":"https:\/\/vcycletech.com\/#\/schema\/logo\/image\/","url":"https:\/\/vcycletech.com\/wp-content\/uploads\/2023\/03\/logo-vcycletech-1.png","contentUrl":"https:\/\/vcycletech.com\/wp-content\/uploads\/2023\/03\/logo-vcycletech-1.png","width":600,"height":400,"caption":"vcycletech"},"image":{"@id":"https:\/\/vcycletech.com\/#\/schema\/logo\/image\/"}}]}},"_links":{"self":[{"href":"https:\/\/vcycletech.com\/pt\/wp-json\/wp\/v2\/product\/1274","targetHints":{"allow":["GET"]}}],"collection":[{"href":"https:\/\/vcycletech.com\/pt\/wp-json\/wp\/v2\/product"}],"about":[{"href":"https:\/\/vcycletech.com\/pt\/wp-json\/wp\/v2\/types\/product"}],"wp:featuredmedia":[{"embeddable":true,"href":"https:\/\/vcycletech.com\/pt\/wp-json\/wp\/v2\/media\/1290"}],"wp:attachment":[{"href":"https:\/\/vcycletech.com\/pt\/wp-json\/wp\/v2\/media?parent=1274"}],"wp:term":[{"taxonomy":"product_brand","embeddable":true,"href":"https:\/\/vcycletech.com\/pt\/wp-json\/wp\/v2\/product_brand?post=1274"},{"taxonomy":"product_cat","embeddable":true,"href":"https:\/\/vcycletech.com\/pt\/wp-json\/wp\/v2\/product_cat?post=1274"},{"taxonomy":"product_tag","embeddable":true,"href":"https:\/\/vcycletech.com\/pt\/wp-json\/wp\/v2\/product_tag?post=1274"}],"curies":[{"name":"wp","href":"https:\/\/api.w.org\/{rel}","templated":true}]}}