{"id":1272,"date":"2023-03-21T12:55:49","date_gmt":"2023-03-21T12:55:49","guid":{"rendered":"https:\/\/vcycletech.com\/?post_type=product&#038;p=1272"},"modified":"2023-03-27T04:15:22","modified_gmt":"2023-03-27T04:15:22","slug":"wt-261-detergente-alcalino","status":"publish","type":"product","link":"https:\/\/vcycletech.com\/pt\/produtos\/wt-261-detergente-alcalino\/","title":{"rendered":"WT-261 Detergente Alcalino para Membrana RO"},"content":{"rendered":"<h3 id=\"introduction_2\" class=\"xsj_heading_hash xsj_heading xsj_heading_h2\" data-source-line=\"6\" data-source-line-display=\"true\"><span class=\"xsj_heading_content\">Introdu\u00e7\u00e3o:<\/span><\/h3>\n<p class=\"xsj_paragraph xsj_paragraph_level_0\" data-source-line=\"7\" data-source-line-display=\"true\"><strong>WT-261 Detergente Alcalino<\/strong> \u00e9 uma solu\u00e7\u00e3o de limpeza poderosa e inovadora que elimina oleosidade, subst\u00e2ncias org\u00e2nicas e biomucosa. Funciona com v\u00e1rias membranas arom\u00e1ticas de poliamida e \u00e1cido acetato para m\u00e1xima efici\u00eancia em todas as superf\u00edcies. Com a capacidade de aumentar as temperaturas durante o uso para aumentar a pot\u00eancia, al\u00e9m de produtos qu\u00edmicos l\u00edquidos dilu\u00eddos com pH 10,5\u00b10,5, proporcionando ainda mais otimiza\u00e7\u00e3o quando bem misturados antes da aplica\u00e7\u00e3o - este detergente pode ser reutilizado repetidamente!<\/p>\n<div class=\"xiaoshujiang_element xsj_anchor\"><a class=\"blank_anchor_name\" name=\"features_3\"><\/a><a id=\"features_3\" class=\"blank_anchor_id\"><\/a><a class=\"blank_anchor_name\" name=\"features\"><\/a><a id=\"features\" class=\"blank_anchor_id\"><\/a><\/div>\n<h3 id=\"features_3\" class=\"xsj_heading_hash xsj_heading xsj_heading_h2\" data-source-line=\"9\" data-source-line-display=\"true\"><span class=\"xsj_heading_content\">Caracter\u00edsticas:<\/span><\/h3>\n<p><strong>WT-261 Detergente Alcalino<\/strong> tem v\u00e1rios recursos exclusivos que o tornam a escolha ideal para membranas RO:<br \/>\n1, A temperatura pode ser aumentada durante o uso para aumentar o poder de limpeza;<br \/>\n2, funciona com uma variedade de poliamida arom\u00e1tica e membranas \u00e1cidas de acetato para m\u00e1xima efici\u00eancia em todas as superf\u00edcies;<br \/>\n3, os produtos qu\u00edmicos l\u00edquidos dilu\u00eddos com pH 10,5\u00b10,5 fornecem otimiza\u00e7\u00e3o adicional quando misturados completamente antes da aplica\u00e7\u00e3o;<br \/>\n4, reutiliz\u00e1vel v\u00e1rias vezes;<br \/>\n5, resultados poderosos contra \u00f3leo, subst\u00e2ncias org\u00e2nicas e biomucosa.<\/p>\n<div class=\"xiaoshujiang_element xsj_anchor\"><a class=\"blank_anchor_name\" name=\"applications_4\"><\/a><a id=\"applications_4\" class=\"blank_anchor_id\"><\/a><a class=\"blank_anchor_name\" name=\"applications\"><\/a><a id=\"applications\" class=\"blank_anchor_id\"><\/a><\/div>\n<h3 id=\"applications_4\" class=\"xsj_heading_hash xsj_heading xsj_heading_h2\" data-source-line=\"19\" data-source-line-display=\"true\"><span class=\"xsj_heading_content\">Formul\u00e1rios:<\/span><\/h3>\n<p class=\"xsj_paragraph xsj_paragraph_level_0\" data-source-line=\"21\" data-source-line-display=\"true\"><strong>WT-261 Detergente Alcalino<\/strong> pode ser usado em uma variedade de aplica\u00e7\u00f5es, incluindo mas n\u00e3o se limitando a equipamentos industriais como bombas, v\u00e1lvulas, etc.; instala\u00e7\u00f5es m\u00e9dicas; plantas de processamento de alimentos; laborat\u00f3rios; frotas automotivas; tanques de combust\u00edvel; sistemas de tratamento de \u00e1gua; separadores de \u00f3leo\/filtros de \u00f3leo; sistemas de gest\u00e3o de \u00e1guas residuais; aeronaves\/aeroportos\/hangares\/outras \u00e1reas de manuten\u00e7\u00e3o aeron\u00e1utica e muitas outras.<\/p>\n<h3>Especifica\u00e7\u00e3o:<\/h3>\n<table>\n<tbody>\n<tr>\n<td width=\"204\">Unid<\/td>\n<td width=\"315\">\u00cdndice<\/td>\n<\/tr>\n<tr>\n<td width=\"204\">Apar\u00eancia<\/td>\n<td width=\"315\">L\u00edquido transparente incolor a amarelo p\u00e1lido<\/td>\n<\/tr>\n<tr>\n<td width=\"204\">pH\uff081:45 solu\u00e7\u00e3o de \u00e1gua\uff09<\/td>\n<td width=\"315\">10.0-12.0<\/td>\n<\/tr>\n<tr>\n<td width=\"204\">Densidade (20\u2103)g\/cm3<\/td>\n<td width=\"315\">1.05-1.15<\/td>\n<\/tr>\n<tr>\n<td width=\"204\">Temperatura de armazenamento<\/td>\n<td width=\"315\">N\u00e3o inferior a -5 \u2103<\/td>\n<\/tr>\n<\/tbody>\n<\/table>\n<div class=\"xiaoshujiang_element xsj_anchor\"><a class=\"blank_anchor_name\" name=\"faqs_5\"><\/a><a id=\"faqs_5\" class=\"blank_anchor_id\"><\/a><a class=\"blank_anchor_name\" name=\"faqs\"><\/a><a id=\"faqs\" class=\"blank_anchor_id\"><\/a><\/div>\n<h3 id=\"faqs_5\" class=\"xsj_heading_hash xsj_heading xsj_heading_h2\" data-source-line=\"23\" data-source-line-display=\"true\"><span class=\"xsj_heading_content\">Perguntas frequentes:<\/span><\/h3>\n<div class=\"xiaoshujiang_element xsj_anchor\"><a class=\"blank_anchor_name\" name=\"q120what20kind20of20detergent20is20wt-26120alkali20detergent_6\"><\/a><a id=\"q120what20kind20of20detergent20is20wt-26120alkali20detergent_6\" class=\"blank_anchor_id\"><\/a><a class=\"blank_anchor_name\" name=\"q1-what-kind-of-detergent-is-wt-261-alkali-detergent\"><\/a><a id=\"q1-what-kind-of-detergent-is-wt-261-alkali-detergent\" class=\"blank_anchor_id\"><\/a><\/div>\n<p id=\"q120what20kind20of20detergent20is20wt-26120alkali20detergent_6\" class=\"xsj_heading_hash xsj_heading xsj_heading_h3\" data-source-line=\"25\" data-source-line-display=\"true\"><strong><span class=\"xsj_heading_content\">Q1: Que tipo de detergente \u00e9 o detergente alcalino WT-261?<\/span><\/strong><\/p>\n<p class=\"xsj_paragraph xsj_paragraph_level_0\" data-source-line=\"27\" data-source-line-display=\"true\">WT-261 Alkali Detergent \u00e9 um detergente alcalino desenvolvido para oferecer resultados poderosos contra oleosidade, subst\u00e2ncias org\u00e2nicas e bio-mucosa. Funciona com v\u00e1rias membranas arom\u00e1ticas de poliamida e \u00e1cido acetato para m\u00e1xima efici\u00eancia em todas as superf\u00edcies.<\/p>\n<div class=\"xiaoshujiang_element xsj_anchor\"><a class=\"blank_anchor_name\" name=\"q220how20does20wt-26120work_7\"><\/a><a id=\"q220how20does20wt-26120work_7\" class=\"blank_anchor_id\"><\/a><a class=\"blank_anchor_name\" name=\"q2-how-does-wt-261-work\"><\/a><a id=\"q2-how-does-wt-261-work\" class=\"blank_anchor_id\"><\/a><\/div>\n<p id=\"q220how20does20wt-26120work_7\" class=\"xsj_heading_hash xsj_heading xsj_heading_h3\" data-source-line=\"29\" data-source-line-display=\"true\"><strong><span class=\"xsj_heading_content\">Q2: Como funciona o WT-261?<\/span><\/strong><\/p>\n<p class=\"xsj_paragraph xsj_paragraph_level_0\" data-source-line=\"31\" data-source-line-display=\"true\">O Detergente Alcalino WT-261 aumenta a temperatura durante o uso para aumentar seu poder de limpeza. Ele tamb\u00e9m utiliza produtos qu\u00edmicos l\u00edquidos dilu\u00eddos de pH 10,5\u00b10,5, que fornecem otimiza\u00e7\u00e3o adicional quando misturados completamente antes da aplica\u00e7\u00e3o - permitindo que seja reutilizado repetidamente!<\/p>\n<div class=\"xiaoshujiang_element xsj_anchor\"><a class=\"blank_anchor_name\" name=\"q320what20are20the20applications20for20wt-261_8\"><\/a><a id=\"q320what20are20the20applications20for20wt-261_8\" class=\"blank_anchor_id\"><\/a><a class=\"blank_anchor_name\" name=\"q3-what-are-the-applications-for-wt-261\"><\/a><a id=\"q3-what-are-the-applications-for-wt-261\" class=\"blank_anchor_id\"><\/a><\/div>\n<p id=\"q320what20are20the20applications20for20wt-261_8\" class=\"xsj_heading_hash xsj_heading xsj_heading_h3\" data-source-line=\"33\" data-source-line-display=\"true\"><strong><span class=\"xsj_heading_content\">Q3: Quais s\u00e3o as aplica\u00e7\u00f5es para WT-261?<\/span><\/strong><\/p>\n<p class=\"xsj_paragraph xsj_paragraph_level_0\" data-source-line=\"35\" data-source-line-display=\"true\">O Detergente Alcalino WT-261 pode ser utilizado em diversas aplica\u00e7\u00f5es, como equipamentos industriais, instala\u00e7\u00f5es m\u00e9dicas, plantas de processamento de alimentos, laborat\u00f3rios, frotas automotivas, tanques de combust\u00edvel, sistemas de tratamento de \u00e1gua e separadores\/filtros de \u00f3leo, entre muitos outros usos.<\/p>\n<div class=\"xiaoshujiang_element xsj_anchor\"><a class=\"blank_anchor_name\" name=\"q420can20i20reuse20wt-261_9\"><\/a><a id=\"q420can20i20reuse20wt-261_9\" class=\"blank_anchor_id\"><\/a><a class=\"blank_anchor_name\" name=\"q4-can-i-reuse-wt-261\"><\/a><a id=\"q4-can-i-reuse-wt-261\" class=\"blank_anchor_id\"><\/a><\/div>\n<p id=\"q420can20i20reuse20wt-261_9\" class=\"xsj_heading_hash xsj_heading xsj_heading_h3\" data-source-line=\"37\" data-source-line-display=\"true\"><strong><span class=\"xsj_heading_content\">Q4: Posso reutilizar o WT-261?<\/span><\/strong><\/p>\n<p class=\"xsj_paragraph xsj_paragraph_level_0\" data-source-line=\"39\" data-source-line-display=\"true\">O Detergente Alcalino WT-261 pode ser reutilizado v\u00e1rias vezes devido \u00e0 sua qu\u00edmica otimizada que permite que os l\u00edquidos se misturem completamente antes da aplica\u00e7\u00e3o - tornando-o altamente eficiente e reutiliz\u00e1vel!<\/p>\n<div class=\"xiaoshujiang_element xsj_anchor\"><a class=\"blank_anchor_name\" name=\"q520is20there20any20need20for20special20protective20equipment20or20additional20safety20measures20required20when20using20this20product_10\"><\/a><a id=\"q520is20there20any20need20for20special20protective20equipment20or20additional20safety20measures20required20when20using20this20product_10\" class=\"blank_anchor_id\"><\/a><a class=\"blank_anchor_name\" name=\"q5-is-there-any-need-for-special-protective-equipment-or-additional-safety-measures-required-when-using-this-product\"><\/a><a id=\"q5-is-there-any-need-for-special-protective-equipment-or-additional-safety-measures-required-when-using-this-product\" class=\"blank_anchor_id\"><\/a><\/div>\n<p id=\"q520is20there20any20need20for20special20protective20equipment20or20additional20safety20measures20required20when20using20this20product_10\" class=\"xsj_heading_hash xsj_heading xsj_heading_h3\" data-source-line=\"41\" data-source-line-display=\"true\"><strong><span class=\"xsj_heading_content\">Q5: Existe alguma necessidade de equipamento de prote\u00e7\u00e3o especial ou medidas de seguran\u00e7a adicionais necess\u00e1rias ao usar este produto?<\/span><\/strong><\/p>\n<p class=\"xsj_paragraph xsj_paragraph_level_0\" data-source-line=\"43\" data-source-line-display=\"true\">Como sempre acontece com qualquer produto qu\u00edmico \u2013 as precau\u00e7\u00f5es de seguran\u00e7a devem sempre ser consideradas ao manuse\u00e1-lo ou us\u00e1-lo (incluindo o uso de roupas ou \u00f3culos de prote\u00e7\u00e3o). No entanto, nenhum equipamento de prote\u00e7\u00e3o especial ou medidas de seguran\u00e7a adicionais s\u00e3o necess\u00e1rias ao usar este produto conforme prescrito nas instru\u00e7\u00f5es do r\u00f3tulo.<\/p>\n<p class=\"xsj_paragraph xsj_paragraph_level_0\" data-source-line=\"45\" data-source-line-display=\"true\"><a class=\"xsj_link xsj_manu_link\" href=\"https:\/\/vcycletech.com\/pt\/biocida-e-algicida\/\">Obtenha a solu\u00e7\u00e3o completa de produtos qu\u00edmicos de osmose reversa<\/a>.<\/p>","protected":false},"excerpt":{"rendered":"<p>Se voc\u00ea est\u00e1 procurando um detergente alcalino resistente a \u00f3leos, subst\u00e2ncias org\u00e2nicas e biomucosa, n\u00e3o procure mais, <strong>WT-261<\/strong>. Desenvolvido para ser usado com uma variedade de membranas, este detergente oferece m\u00e1xima efici\u00eancia em todas as superf\u00edcies. A temperatura pode ser aumentada durante o uso para aumentar o poder de limpeza, enquanto os produtos qu\u00edmicos l\u00edquidos dilu\u00eddos com pH 10,5\u00b10,5 fornecem otimiza\u00e7\u00e3o adicional quando misturados completamente antes da aplica\u00e7\u00e3o \u2013 permitindo que sejam reutilizados v\u00e1rias vezes!<\/p>","protected":false},"featured_media":1282,"template":"","meta":{"site-sidebar-layout":"default","site-content-layout":"default","ast-site-content-layout":"default","site-content-style":"default","site-sidebar-style":"default","ast-global-header-display":"","ast-banner-title-visibility":"","ast-main-header-display":"","ast-hfb-above-header-display":"","ast-hfb-below-header-display":"","ast-hfb-mobile-header-display":"","site-post-title":"","ast-breadcrumbs-content":"","ast-featured-img":"","footer-sml-layout":"","ast-disable-related-posts":"","theme-transparent-header-meta":"default","adv-header-id-meta":"","stick-header-meta":"default","header-above-stick-meta":"","header-main-stick-meta":"","header-below-stick-meta":"","astra-migrate-meta-layouts":"default","ast-page-background-enabled":"default","ast-page-background-meta":{"desktop":{"background-color":"","background-image":"","background-repeat":"repeat","background-position":"center center","background-size":"auto","background-attachment":"scroll","background-type":"","background-media":"","overlay-type":"","overlay-color":"","overlay-opacity":"","overlay-gradient":""},"tablet":{"background-color":"","background-image":"","background-repeat":"repeat","background-position":"center center","background-size":"auto","background-attachment":"scroll","background-type":"","background-media":"","overlay-type":"","overlay-color":"","overlay-opacity":"","overlay-gradient":""},"mobile":{"background-color":"","background-image":"","background-repeat":"repeat","background-position":"center center","background-size":"auto","background-attachment":"scroll","background-type":"","background-media":"","overlay-type":"","overlay-color":"","overlay-opacity":"","overlay-gradient":""}},"ast-content-background-meta":{"desktop":{"background-color":"var(--ast-global-color-5)","background-image":"","background-repeat":"repeat","background-position":"center center","background-size":"auto","background-attachment":"scroll","background-type":"","background-media":"","overlay-type":"","overlay-color":"","overlay-opacity":"","overlay-gradient":""},"tablet":{"background-color":"var(--ast-global-color-5)","background-image":"","background-repeat":"repeat","background-position":"center center","background-size":"auto","background-attachment":"scroll","background-type":"","background-media":"","overlay-type":"","overlay-color":"","overlay-opacity":"","overlay-gradient":""},"mobile":{"background-color":"var(--ast-global-color-5)","background-image":"","background-repeat":"repeat","background-position":"center center","background-size":"auto","background-attachment":"scroll","background-type":"","background-media":"","overlay-type":"","overlay-color":"","overlay-opacity":"","overlay-gradient":""}}},"product_brand":[],"product_cat":[31],"product_tag":[],"class_list":{"0":"post-1272","1":"product","2":"type-product","3":"status-publish","4":"has-post-thumbnail","6":"product_cat-reverse-osmosis-chemicals","7":"desktop-align-left","8":"tablet-align-left","9":"mobile-align-left","10":"ast-product-gallery-layout-horizontal-slider","11":"ast-product-gallery-with-no-image","12":"ast-product-tabs-layout-horizontal","14":"first","15":"instock","16":"shipping-taxable","17":"product-type-simple"},"yoast_head":"<!-- This site is optimized with the Yoast SEO Premium plugin v26.3 (Yoast SEO v27.3) - https:\/\/yoast.com\/product\/yoast-seo-premium-wordpress\/ -->\n<title>WT-261 Alkali Detergent for RO Membrane - vcycletech<\/title>\n<meta name=\"description\" content=\"[WT-261 Alkali Detergent] ensures powerful results against oils, organic substances and bio-mucosa on all surfaces. Get maximum efficiency across your aromatic polyamide and acetate acid membranes with our innovative formula. Try it today!\" \/>\n<meta name=\"robots\" content=\"index, follow, max-snippet:-1, max-image-preview:large, max-video-preview:-1\" \/>\n<link rel=\"canonical\" href=\"https:\/\/vcycletech.com\/pt\/produtos\/wt-261-detergente-alcalino\/\" \/>\n<meta property=\"og:locale\" content=\"pt_PT\" \/>\n<meta property=\"og:type\" content=\"article\" \/>\n<meta property=\"og:title\" content=\"WT-261 Alkali Detergent for RO Membrane\" \/>\n<meta property=\"og:description\" content=\"[WT-261 Alkali Detergent] ensures powerful results against oils, organic substances and bio-mucosa on all surfaces. Get maximum efficiency across your aromatic polyamide and acetate acid membranes with our innovative formula. Try it today!\" \/>\n<meta property=\"og:url\" content=\"https:\/\/vcycletech.com\/pt\/produtos\/wt-261-detergente-alcalino\/\" \/>\n<meta property=\"og:site_name\" content=\"vcycletech\" \/>\n<meta property=\"article:modified_time\" content=\"2023-03-27T04:15:22+00:00\" \/>\n<meta property=\"og:image\" content=\"https:\/\/vcycletech.com\/wp-content\/uploads\/2023\/03\/WT-0100-6-e1679628148833.png\" \/>\n\t<meta property=\"og:image:width\" content=\"600\" \/>\n\t<meta property=\"og:image:height\" content=\"600\" \/>\n\t<meta property=\"og:image:type\" content=\"image\/png\" \/>\n<meta name=\"twitter:card\" content=\"summary_large_image\" \/>\n<meta name=\"twitter:label1\" content=\"Tempo estimado de leitura\" \/>\n\t<meta name=\"twitter:data1\" content=\"2 minutos\" \/>\n<script type=\"application\/ld+json\" class=\"yoast-schema-graph\">{\"@context\":\"https:\\\/\\\/schema.org\",\"@graph\":[{\"@type\":\"WebPage\",\"@id\":\"https:\\\/\\\/vcycletech.com\\\/product\\\/wt-261-alkali-detergent\\\/\",\"url\":\"https:\\\/\\\/vcycletech.com\\\/product\\\/wt-261-alkali-detergent\\\/\",\"name\":\"WT-261 Alkali Detergent for RO Membrane - vcycletech\",\"isPartOf\":{\"@id\":\"https:\\\/\\\/vcycletech.com\\\/#website\"},\"primaryImageOfPage\":{\"@id\":\"https:\\\/\\\/vcycletech.com\\\/product\\\/wt-261-alkali-detergent\\\/#primaryimage\"},\"image\":{\"@id\":\"https:\\\/\\\/vcycletech.com\\\/product\\\/wt-261-alkali-detergent\\\/#primaryimage\"},\"thumbnailUrl\":\"https:\\\/\\\/vcycletech.com\\\/wp-content\\\/uploads\\\/2023\\\/03\\\/WT-0100-6-e1679628148833.png\",\"datePublished\":\"2023-03-21T12:55:49+00:00\",\"dateModified\":\"2023-03-27T04:15:22+00:00\",\"description\":\"[WT-261 Alkali Detergent] ensures powerful results against oils, organic substances and bio-mucosa on all surfaces. Get maximum efficiency across your aromatic polyamide and acetate acid membranes with our innovative formula. Try it today!\",\"breadcrumb\":{\"@id\":\"https:\\\/\\\/vcycletech.com\\\/product\\\/wt-261-alkali-detergent\\\/#breadcrumb\"},\"inLanguage\":\"pt-PT\",\"potentialAction\":[{\"@type\":\"ReadAction\",\"target\":[\"https:\\\/\\\/vcycletech.com\\\/product\\\/wt-261-alkali-detergent\\\/\"]}]},{\"@type\":\"ImageObject\",\"inLanguage\":\"pt-PT\",\"@id\":\"https:\\\/\\\/vcycletech.com\\\/product\\\/wt-261-alkali-detergent\\\/#primaryimage\",\"url\":\"https:\\\/\\\/vcycletech.com\\\/wp-content\\\/uploads\\\/2023\\\/03\\\/WT-0100-6-e1679628148833.png\",\"contentUrl\":\"https:\\\/\\\/vcycletech.com\\\/wp-content\\\/uploads\\\/2023\\\/03\\\/WT-0100-6-e1679628148833.png\",\"width\":600,\"height\":600,\"caption\":\"WT-261 Alkali Detergent for RO Membrane\"},{\"@type\":\"BreadcrumbList\",\"@id\":\"https:\\\/\\\/vcycletech.com\\\/product\\\/wt-261-alkali-detergent\\\/#breadcrumb\",\"itemListElement\":[{\"@type\":\"ListItem\",\"position\":1,\"name\":\"Home\",\"item\":\"https:\\\/\\\/vcycletech.com\\\/\"},{\"@type\":\"ListItem\",\"position\":2,\"name\":\"Water Treatment Chemicals Manufacturer\",\"item\":\"https:\\\/\\\/vcycletech.com\\\/water-treatment-chemicals-manufacturer\\\/\"},{\"@type\":\"ListItem\",\"position\":3,\"name\":\"WT-261 Alkali Detergent for RO Membrane\"}]},{\"@type\":\"WebSite\",\"@id\":\"https:\\\/\\\/vcycletech.com\\\/#website\",\"url\":\"https:\\\/\\\/vcycletech.com\\\/\",\"name\":\"vcycletech\",\"description\":\"China&#039;s top water treatment chemicals supplier\",\"publisher\":{\"@id\":\"https:\\\/\\\/vcycletech.com\\\/#organization\"},\"potentialAction\":[{\"@type\":\"SearchAction\",\"target\":{\"@type\":\"EntryPoint\",\"urlTemplate\":\"https:\\\/\\\/vcycletech.com\\\/?s={search_term_string}\"},\"query-input\":{\"@type\":\"PropertyValueSpecification\",\"valueRequired\":true,\"valueName\":\"search_term_string\"}}],\"inLanguage\":\"pt-PT\"},{\"@type\":\"Organization\",\"@id\":\"https:\\\/\\\/vcycletech.com\\\/#organization\",\"name\":\"vcycletech\",\"url\":\"https:\\\/\\\/vcycletech.com\\\/\",\"logo\":{\"@type\":\"ImageObject\",\"inLanguage\":\"pt-PT\",\"@id\":\"https:\\\/\\\/vcycletech.com\\\/#\\\/schema\\\/logo\\\/image\\\/\",\"url\":\"https:\\\/\\\/vcycletech.com\\\/wp-content\\\/uploads\\\/2023\\\/03\\\/logo-vcycletech-1.png\",\"contentUrl\":\"https:\\\/\\\/vcycletech.com\\\/wp-content\\\/uploads\\\/2023\\\/03\\\/logo-vcycletech-1.png\",\"width\":600,\"height\":400,\"caption\":\"vcycletech\"},\"image\":{\"@id\":\"https:\\\/\\\/vcycletech.com\\\/#\\\/schema\\\/logo\\\/image\\\/\"}}]}<\/script>\n<!-- \/ Yoast SEO Premium plugin. -->","yoast_head_json":{"title":"WT-261 Detergente Alcalino para Membrana RO - vcycletech","description":"[WT-261 Alkali Detergent] ensures powerful results against oils, organic substances and bio-mucosa on all surfaces. Get maximum efficiency across your aromatic polyamide and acetate acid membranes with our innovative formula. Try it today!","robots":{"index":"index","follow":"follow","max-snippet":"max-snippet:-1","max-image-preview":"max-image-preview:large","max-video-preview":"max-video-preview:-1"},"canonical":"https:\/\/vcycletech.com\/pt\/produtos\/wt-261-detergente-alcalino\/","og_locale":"pt_PT","og_type":"article","og_title":"WT-261 Alkali Detergent for RO Membrane","og_description":"[WT-261 Alkali Detergent] ensures powerful results against oils, organic substances and bio-mucosa on all surfaces. Get maximum efficiency across your aromatic polyamide and acetate acid membranes with our innovative formula. Try it today!","og_url":"https:\/\/vcycletech.com\/pt\/produtos\/wt-261-detergente-alcalino\/","og_site_name":"vcycletech","article_modified_time":"2023-03-27T04:15:22+00:00","og_image":[{"width":600,"height":600,"url":"https:\/\/vcycletech.com\/wp-content\/uploads\/2023\/03\/WT-0100-6-e1679628148833.png","type":"image\/png"}],"twitter_card":"summary_large_image","twitter_misc":{"Tempo estimado de leitura":"2 minutos"},"schema":{"@context":"https:\/\/schema.org","@graph":[{"@type":"WebPage","@id":"https:\/\/vcycletech.com\/product\/wt-261-alkali-detergent\/","url":"https:\/\/vcycletech.com\/product\/wt-261-alkali-detergent\/","name":"WT-261 Detergente Alcalino para Membrana RO - vcycletech","isPartOf":{"@id":"https:\/\/vcycletech.com\/#website"},"primaryImageOfPage":{"@id":"https:\/\/vcycletech.com\/product\/wt-261-alkali-detergent\/#primaryimage"},"image":{"@id":"https:\/\/vcycletech.com\/product\/wt-261-alkali-detergent\/#primaryimage"},"thumbnailUrl":"https:\/\/vcycletech.com\/wp-content\/uploads\/2023\/03\/WT-0100-6-e1679628148833.png","datePublished":"2023-03-21T12:55:49+00:00","dateModified":"2023-03-27T04:15:22+00:00","description":"[WT-261 Alkali Detergent] ensures powerful results against oils, organic substances and bio-mucosa on all surfaces. Get maximum efficiency across your aromatic polyamide and acetate acid membranes with our innovative formula. Try it today!","breadcrumb":{"@id":"https:\/\/vcycletech.com\/product\/wt-261-alkali-detergent\/#breadcrumb"},"inLanguage":"pt-PT","potentialAction":[{"@type":"ReadAction","target":["https:\/\/vcycletech.com\/product\/wt-261-alkali-detergent\/"]}]},{"@type":"ImageObject","inLanguage":"pt-PT","@id":"https:\/\/vcycletech.com\/product\/wt-261-alkali-detergent\/#primaryimage","url":"https:\/\/vcycletech.com\/wp-content\/uploads\/2023\/03\/WT-0100-6-e1679628148833.png","contentUrl":"https:\/\/vcycletech.com\/wp-content\/uploads\/2023\/03\/WT-0100-6-e1679628148833.png","width":600,"height":600,"caption":"WT-261 Alkali Detergent for RO Membrane"},{"@type":"BreadcrumbList","@id":"https:\/\/vcycletech.com\/product\/wt-261-alkali-detergent\/#breadcrumb","itemListElement":[{"@type":"ListItem","position":1,"name":"Home","item":"https:\/\/vcycletech.com\/"},{"@type":"ListItem","position":2,"name":"Water Treatment Chemicals Manufacturer","item":"https:\/\/vcycletech.com\/water-treatment-chemicals-manufacturer\/"},{"@type":"ListItem","position":3,"name":"WT-261 Alkali Detergent for RO Membrane"}]},{"@type":"WebSite","@id":"https:\/\/vcycletech.com\/#website","url":"https:\/\/vcycletech.com\/","name":"vcycletech","description":"China&#039;principal fornecedor de produtos qu\u00edmicos para tratamento de \u00e1gua","publisher":{"@id":"https:\/\/vcycletech.com\/#organization"},"potentialAction":[{"@type":"SearchAction","target":{"@type":"EntryPoint","urlTemplate":"https:\/\/vcycletech.com\/?s={search_term_string}"},"query-input":{"@type":"PropertyValueSpecification","valueRequired":true,"valueName":"search_term_string"}}],"inLanguage":"pt-PT"},{"@type":"Organization","@id":"https:\/\/vcycletech.com\/#organization","name":"vcycletech","url":"https:\/\/vcycletech.com\/","logo":{"@type":"ImageObject","inLanguage":"pt-PT","@id":"https:\/\/vcycletech.com\/#\/schema\/logo\/image\/","url":"https:\/\/vcycletech.com\/wp-content\/uploads\/2023\/03\/logo-vcycletech-1.png","contentUrl":"https:\/\/vcycletech.com\/wp-content\/uploads\/2023\/03\/logo-vcycletech-1.png","width":600,"height":400,"caption":"vcycletech"},"image":{"@id":"https:\/\/vcycletech.com\/#\/schema\/logo\/image\/"}}]}},"_links":{"self":[{"href":"https:\/\/vcycletech.com\/pt\/wp-json\/wp\/v2\/product\/1272","targetHints":{"allow":["GET"]}}],"collection":[{"href":"https:\/\/vcycletech.com\/pt\/wp-json\/wp\/v2\/product"}],"about":[{"href":"https:\/\/vcycletech.com\/pt\/wp-json\/wp\/v2\/types\/product"}],"wp:featuredmedia":[{"embeddable":true,"href":"https:\/\/vcycletech.com\/pt\/wp-json\/wp\/v2\/media\/1282"}],"wp:attachment":[{"href":"https:\/\/vcycletech.com\/pt\/wp-json\/wp\/v2\/media?parent=1272"}],"wp:term":[{"taxonomy":"product_brand","embeddable":true,"href":"https:\/\/vcycletech.com\/pt\/wp-json\/wp\/v2\/product_brand?post=1272"},{"taxonomy":"product_cat","embeddable":true,"href":"https:\/\/vcycletech.com\/pt\/wp-json\/wp\/v2\/product_cat?post=1272"},{"taxonomy":"product_tag","embeddable":true,"href":"https:\/\/vcycletech.com\/pt\/wp-json\/wp\/v2\/product_tag?post=1272"}],"curies":[{"name":"wp","href":"https:\/\/api.w.org\/{rel}","templated":true}]}}