{"id":1262,"date":"2023-03-21T12:38:46","date_gmt":"2023-03-21T12:38:46","guid":{"rendered":"https:\/\/vcycletech.com\/?post_type=product&#038;p=1262"},"modified":"2023-03-27T04:29:37","modified_gmt":"2023-03-27T04:29:37","slug":"wt-908-ceramico-dispersante","status":"publish","type":"product","link":"https:\/\/vcycletech.com\/pt\/produtos\/wt-908-ceramico-dispersante\/","title":{"rendered":"Dispersante Cer\u00e2mico WT-908"},"content":{"rendered":"<h3>Propriedades:<\/h3>\n<p><strong>Dispersante Cer\u00e2mico WT-908<\/strong> \u00e9 um sal de pol\u00edmero ani\u00f4nico capaz de adsorver na superf\u00edcie de v\u00e1rias pequenas part\u00edculas, criando uma for\u00e7a de repuls\u00e3o est\u00e1tica que evita que as part\u00edculas se acumulem e se agrupem.<\/p>\n<p class=\"my-0.5\">Quando usado como aditivo em materiais magn\u00e9ticos, cer\u00e2mica eletr\u00f4nica, fabrica\u00e7\u00e3o de papel e cer\u00e2mica de alumina, cer\u00e2mica dom\u00e9stica, <strong>Dispersante Cer\u00e2mico WT-908 <\/strong>reduz a viscosidade e facilita o processamento. Volatiliza durante o processo de calcina\u00e7\u00e3o sem afetar nenhuma propriedade f\u00edsica ou qu\u00edmica do produto. Al\u00e9m disso, n\u00e3o apresenta toxicidade ou risco corrosivo.<\/p>\n<h3>Especifica\u00e7\u00e3o:<\/h3>\n<div id=\"footable_parent_1268\"\n         class=\"footable_parent ninja_table_wrapper loading_ninja_table wp_table_data_press_parent semantic_ui\">\n                <table data-ninja_table_instance=\"ninja_table_instance_0\" data-footable_id=\"1268\" data-filter-delay=\"1000\" aria-label=\"Dispersante Cer\u00e2mico KR-908.csv\"            id=\"footable_1268\"\n           data-unique_identifier=\"ninja_table_unique_id_2785356642_1268\"\n           class=\"foo-table ninja_footable foo_table_1268 ninja_table_unique_id_2785356642_1268 ui table  nt_type_legacy_table selectable striped vertical_centered  footable-paging-right ninja_table_pro\">\n                <colgroup>\n                            <col class=\"ninja_column_0\">\n                            <col class=\"ninja_column_1\">\n                    <\/colgroup>\n        <thead>\n<tr class=\"footable-header\">\n                                        <th scope=\"col\"  class=\"ninja_column_0 ninja_clmn_nm_items\">Itens<\/th><th scope=\"col\"  class=\"ninja_column_1 ninja_clmn_nm_index\">\u00cdndice<\/th><\/tr>\n<\/thead>\n<tbody>\n\n        <tr data-row_id=\"315\" class=\"ninja_table_row_0 nt_row_id_315\">\n            <td>Apar\u00eancia<\/td><td>L\u00edquido viscoso amarelo claro<\/td>        <\/tr>\n            <tr data-row_id=\"316\" class=\"ninja_table_row_1 nt_row_id_316\">\n            <td>Conte\u00fado s\u00f3lido, %<\/td><td>40<\/td>        <\/tr>\n            <tr data-row_id=\"317\" class=\"ninja_table_row_2 nt_row_id_317\">\n            <td>Densidade (20 \u2103), g\/cm3<\/td><td>1.1<\/td>        <\/tr>\n            <tr data-row_id=\"318\" class=\"ninja_table_row_3 nt_row_id_318\">\n            <td>pH (como ele)<\/td><td>7.0-8.0<\/td>        <\/tr>\n            <tr data-row_id=\"319\" class=\"ninja_table_row_4 nt_row_id_319\">\n            <td>Viscosidade(25\u2103) mpa.s<\/td><td>100-500<\/td>        <\/tr>\n    <\/tbody><!--ninja_tobody_rendering_done-->\n    <\/table>\n    \n    \n    \n<\/div>\n\n<h3>Uso:<\/h3>\n<p><strong>WT-908<\/strong> \u00e9 uma mat\u00e9ria-prima que ajuda a reduzir a quantidade de \u00e1gua e o tempo necess\u00e1rio para a moagem. Quando \u00e9 misturado com um certo teor de \u00e1gua e depois mo\u00eddo, produz um alto teor de s\u00f3lidos e uma pasta est\u00e1vel. Atrav\u00e9s de prensagem a seco ou meia prensagem a seco durante o processo de secagem por pulveriza\u00e7\u00e3o, o p\u00f3 obtido \u00e9 forte e resistente ao desgaste. Tamb\u00e9m evita o encolhimento ou fracionamento na calcina\u00e7\u00e3o.<\/p>\n<p>A quantidade preferida de <strong>WT-908<\/strong> para uso \u00e9 de 0,2% a 2,0% (s\u00f3lido\/s\u00f3lido). Para melhores resultados, experimentos devem ser conduzidos para determinar a quantidade exata a ser usada. Al\u00e9m disso, <strong>WT-908<\/strong> pode ser combinado com dispersantes de fosfato inorg\u00e2nico.<\/p>\n<p><strong>WT-908<\/strong> vem em tambores de pl\u00e1stico de 200L, IBCs (1000L) e pacotes personalizados que atendem \u00e0s necessidades do cliente. Deve ser armazenado em uma sala bem sombreada em condi\u00e7\u00f5es secas por at\u00e9 dez meses.<\/p>\n<p>Por motivos de seguran\u00e7a, deve-se tomar cuidado ao manusear este produto, pois ele \u00e9 de natureza alcalina fraca. Mantenha fora do contato com os olhos e a pele; se ocorrer contato, enx\u00e1gue imediatamente com bastante \u00e1gua.<\/p>\n<h3>Guia completo:<\/h3>\n<p><strong>\u00a0Dispersante Cer\u00e2mico WT-908<\/strong> \u00e9 uma solu\u00e7\u00e3o eficaz e confi\u00e1vel para produtos qu\u00edmicos de tratamento de \u00e1gua. \u00c9 um sal de pol\u00edmero ani\u00f4nico que tem a capacidade de adsorver na superf\u00edcie v\u00e1rias part\u00edculas menores, gerando repuls\u00e3o est\u00e1tica e evitando que se agrupem. Isso ajuda a reduzir a bioincrusta\u00e7\u00e3o em sistemas de biorreatores de membrana, tornando-os ideais para o tratamento de \u00e1guas residuais. Al\u00e9m disso, tamb\u00e9m pode ser usado como ingrediente antioxidante em sistemas de tratamento de \u00e1guas residuais.<\/p>\n<h4>Fun\u00e7\u00e3o e princ\u00edpio de a\u00e7\u00e3o<\/h4>\n<p>WT-908 \u00e9 usado para evitar a sedimenta\u00e7\u00e3o em sistemas de \u00e1gua. Suas propriedades qu\u00edmicas permitem que ele reaja com as part\u00edculas e forme camadas microsc\u00f3picas ao seu redor, que atuam como barreiras que impedem que outras part\u00edculas se prendam. Isso evita que part\u00edculas maiores se formem e se assentem na solu\u00e7\u00e3o, o que, de outra forma, criaria bloqueios ou impediria o fluxo. Ao manter o movimento constante ao longo do tempo, o WT-908 mant\u00e9m os s\u00f3lidos suspensos distribu\u00eddos uniformemente por todo o fluxo de \u00e1gua.<\/p>\n<h4>Campo de aplica\u00e7\u00e3o<\/h4>\n<p>O WT-908 pode ser usado em uma variedade de aplica\u00e7\u00f5es, incluindo tratamento de \u00e1gua de caldeira, tratamento de \u00e1gua de resfriamento e outros processos qu\u00edmicos. \u00c9 adequado para v\u00e1rios usos industriais, como usinas de energia, plantas de processamento de alimentos e instala\u00e7\u00f5es de fabrica\u00e7\u00e3o onde contaminantes sol\u00faveis devem ser removidos ou impedidos de entupir equipamentos de processo ou interferir na efici\u00eancia das opera\u00e7\u00f5es ou na qualidade do produto.<\/p>\n<h4>Precau\u00e7\u00f5es para uso<\/h4>\n<p>Ao manusear <strong>Dispersante Cer\u00e2mico WT-908,<\/strong> \u00e9 importante usar equipamentos de prote\u00e7\u00e3o, como \u00f3culos de seguran\u00e7a e luvas. Al\u00e9m disso, os usu\u00e1rios devem evitar o contato direto com a pele ou os olhos a todo custo e certificar-se de que n\u00e3o sejam expostos a altos n\u00edveis de poeira gerada por este produto durante o uso ou condi\u00e7\u00f5es de armazenamento em que sua forma em p\u00f3 possa ser transportada pelo ar. Todas as superf\u00edcies que entrarem em contato com o WT-908 devem ser devidamente vedadas e bem ventiladas durante os per\u00edodos de aplica\u00e7\u00e3o, de forma a minimizar os potenciais riscos \u00e0 sa\u00fade decorrentes da inala\u00e7\u00e3o de irritantes respirat\u00f3rios decorrentes de seu uso.<\/p>\n<h3>Perguntas frequentes:<\/h3>\n<p><strong>Q1: O que \u00e9 o Dispersante Cer\u00e2mico WT-908?<\/strong><br \/>\nWT-908 Ceramic Dispersant \u00e9 um sal de pol\u00edmero ani\u00f4nico usado para produtos qu\u00edmicos de tratamento de \u00e1gua com a capacidade de adsorver na superf\u00edcie de v\u00e1rias part\u00edculas menores, gerando repuls\u00e3o est\u00e1tica e impedindo que se agrupem; Ajuda a reduzir a bioincrusta\u00e7\u00e3o em sistemas de biorreatores de membrana, tornando-o ideal para o tratamento de \u00e1guas residuais; Tamb\u00e9m pode ser usado como ingrediente antioxidante em sistemas de tratamento de \u00e1guas residuais.<\/p>\n<p><strong>Q2: Quais s\u00e3o algumas aplica\u00e7\u00f5es para o Dispersante Cer\u00e2mico WT-908?<\/strong><br \/>\nO WT-908 pode ser usado para v\u00e1rios usos industriais, como usinas de energia, plantas de processamento de alimentos e instala\u00e7\u00f5es de fabrica\u00e7\u00e3o onde os contaminantes sol\u00faveis devem ser removidos ou impedidos de obstruir equipamentos de processo ou interferir na efici\u00eancia das opera\u00e7\u00f5es ou na qualidade do produto; Tamb\u00e9m pode ser aplicado no tratamento de \u00e1gua de caldeiras, tratamento de \u00e1gua de resfriamento e outros processos qu\u00edmicos.<\/p>\n<p><strong>Q3: O uso do WT-908 apresenta algum risco \u00e0 sa\u00fade?<\/strong><br \/>\nAo manusear o dispersante WT-908, \u00e9 essencial usar equipamento de prote\u00e7\u00e3o, como \u00f3culos de seguran\u00e7a e luvas; O contato direto com a pele ou olhos deve ser sempre evitado; De forma a minimizar os potenciais riscos para a sa\u00fade devido \u00e0 inala\u00e7\u00e3o de irritantes respirat\u00f3rios decorrentes da sua utiliza\u00e7\u00e3o, todas as superf\u00edcies que entrem em contacto com o produto devem estar devidamente vedadas e bem ventiladas durante os per\u00edodos de aplica\u00e7\u00e3o.<\/p>\n<p><strong>Q4: Como funciona o WT-908?<\/strong><br \/>\nSuas propriedades qu\u00edmicas possibilitam a rea\u00e7\u00e3o de deslocamento do WT-908 com as part\u00edculas, formando ao seu redor camadas microsc\u00f3picas que atuam como barreiras que impedem que outras part\u00edculas se prendam; Isso evita que part\u00edculas maiores se formem e se assentem na solu\u00e7\u00e3o, evitando bloqueios ou impedindo o fluxo, mantendo um movimento constante ao longo do tempo em todo o sistema tratado.<\/p>\n<p><strong>Q5: Posso confiar neste produto?<\/strong><br \/>\nSim! Ceramic Dispersant Wt-908 \u00e9 uma solu\u00e7\u00e3o confi\u00e1vel e eficiente para produtos qu\u00edmicos de tratamento de \u00e1gua desenvolvida por profissionais experientes da ind\u00fastria.<\/p>\n<p><strong>Q6: Quais s\u00e3o alguns benef\u00edcios de usar este dispersante?<\/strong><br \/>\nAlguns benef\u00edcios incluem melhor controle sobre a taxa de sedimenta\u00e7\u00e3o nos sistemas tratados, levando a menos danos causados pela deposi\u00e7\u00e3o de part\u00edculas pesadas; Al\u00e9m disso, ser capaz de manter uma distribui\u00e7\u00e3o uniforme ao longo dos fluxos tratados oferece maior grau de clareza ao monitorar o progresso, mesmo ap\u00f3s uso prolongado; Isso n\u00e3o apenas melhora o desempenho geral do sistema, mas tamb\u00e9m economiza dinheiro, pois a manuten\u00e7\u00e3o frequente causa um consumo de recursos mais caro.<\/p>\n<p><a href=\"https:\/\/vcycletech.com\/pt\/categoria-de-produto\/policarboxilico-anti-incrustante-e-dispersante\/\">Obtenha a solu\u00e7\u00e3o anti-incrustante e dispersante policarbox\u00edlico completa.<\/a><\/p>","protected":false},"excerpt":{"rendered":"<p><strong>Dispersante Cer\u00e2mico WT-908<\/strong> \u00e9 um sal de pol\u00edmero de \u00e2nion usado para produtos qu\u00edmicos de tratamento de \u00e1gua. Tem a capacidade de adsorver na superf\u00edcie v\u00e1rias part\u00edculas menores, gerando repuls\u00e3o est\u00e1tica e evitando que se agrupem. Isso ajuda a reduzir a bioincrusta\u00e7\u00e3o em sistemas de biorreatores de membrana, tornando-os ideais para o tratamento de \u00e1guas residuais.<strong>Dispersante Cer\u00e2mico WT-908<\/strong> tamb\u00e9m \u00e9 eficaz no tratamento de \u00e1gua de caldeira, tratamento de \u00e1gua de resfriamento e outros processos qu\u00edmicos. Al\u00e9m disso, pode ser usado como ingrediente antioxidante em sistemas de tratamento de \u00e1guas residuais.<strong>Dispersante Cer\u00e2mico WT-908<\/strong>\u00a0\u00e9 uma solu\u00e7\u00e3o confi\u00e1vel e eficiente para produtos qu\u00edmicos de tratamento de \u00e1gua.<\/p>","protected":false},"featured_media":2831,"template":"","meta":{"site-sidebar-layout":"default","site-content-layout":"default","ast-site-content-layout":"default","site-content-style":"default","site-sidebar-style":"default","ast-global-header-display":"","ast-banner-title-visibility":"","ast-main-header-display":"","ast-hfb-above-header-display":"","ast-hfb-below-header-display":"","ast-hfb-mobile-header-display":"","site-post-title":"","ast-breadcrumbs-content":"","ast-featured-img":"","footer-sml-layout":"","ast-disable-related-posts":"","theme-transparent-header-meta":"default","adv-header-id-meta":"","stick-header-meta":"default","header-above-stick-meta":"","header-main-stick-meta":"","header-below-stick-meta":"","astra-migrate-meta-layouts":"default","ast-page-background-enabled":"default","ast-page-background-meta":{"desktop":{"background-color":"","background-image":"","background-repeat":"repeat","background-position":"center center","background-size":"auto","background-attachment":"scroll","background-type":"","background-media":"","overlay-type":"","overlay-color":"","overlay-opacity":"","overlay-gradient":""},"tablet":{"background-color":"","background-image":"","background-repeat":"repeat","background-position":"center center","background-size":"auto","background-attachment":"scroll","background-type":"","background-media":"","overlay-type":"","overlay-color":"","overlay-opacity":"","overlay-gradient":""},"mobile":{"background-color":"","background-image":"","background-repeat":"repeat","background-position":"center center","background-size":"auto","background-attachment":"scroll","background-type":"","background-media":"","overlay-type":"","overlay-color":"","overlay-opacity":"","overlay-gradient":""}},"ast-content-background-meta":{"desktop":{"background-color":"var(--ast-global-color-5)","background-image":"","background-repeat":"repeat","background-position":"center center","background-size":"auto","background-attachment":"scroll","background-type":"","background-media":"","overlay-type":"","overlay-color":"","overlay-opacity":"","overlay-gradient":""},"tablet":{"background-color":"var(--ast-global-color-5)","background-image":"","background-repeat":"repeat","background-position":"center center","background-size":"auto","background-attachment":"scroll","background-type":"","background-media":"","overlay-type":"","overlay-color":"","overlay-opacity":"","overlay-gradient":""},"mobile":{"background-color":"var(--ast-global-color-5)","background-image":"","background-repeat":"repeat","background-position":"center center","background-size":"auto","background-attachment":"scroll","background-type":"","background-media":"","overlay-type":"","overlay-color":"","overlay-opacity":"","overlay-gradient":""}}},"product_brand":[],"product_cat":[28],"product_tag":[],"class_list":{"0":"post-1262","1":"product","2":"type-product","3":"status-publish","4":"has-post-thumbnail","6":"product_cat-polycarboxylic-antiscalant-and-dispersant","7":"desktop-align-left","8":"tablet-align-left","9":"mobile-align-left","10":"ast-product-gallery-layout-horizontal-slider","11":"ast-product-gallery-with-no-image","12":"ast-product-tabs-layout-horizontal","14":"first","15":"instock","16":"shipping-taxable","17":"product-type-simple"},"yoast_head":"<!-- This site is optimized with the Yoast SEO Premium plugin v26.3 (Yoast SEO v27.3) - https:\/\/yoast.com\/product\/yoast-seo-premium-wordpress\/ -->\n<title>WT-908 Ceramic Dispersant - vcycletech<\/title>\n<meta name=\"description\" content=\"Get reliable water treatment results with WT-908 Ceramic Dispersant! Our effective chemicals are the solution to your needs.\" \/>\n<meta name=\"robots\" content=\"index, follow, max-snippet:-1, max-image-preview:large, max-video-preview:-1\" \/>\n<link rel=\"canonical\" href=\"https:\/\/vcycletech.com\/pt\/produtos\/wt-908-ceramico-dispersante\/\" \/>\n<meta property=\"og:locale\" content=\"pt_PT\" \/>\n<meta property=\"og:type\" content=\"article\" \/>\n<meta property=\"og:title\" content=\"WT-908 Ceramic Dispersant\" \/>\n<meta property=\"og:description\" content=\"Get reliable water treatment results with WT-908 Ceramic Dispersant! Our effective chemicals are the solution to your needs.\" \/>\n<meta property=\"og:url\" content=\"https:\/\/vcycletech.com\/pt\/produtos\/wt-908-ceramico-dispersante\/\" \/>\n<meta property=\"og:site_name\" content=\"vcycletech\" \/>\n<meta property=\"article:modified_time\" content=\"2023-03-27T04:29:37+00:00\" \/>\n<meta property=\"og:image\" content=\"https:\/\/vcycletech.com\/wp-content\/uploads\/2023\/03\/1-110.png\" \/>\n\t<meta property=\"og:image:width\" content=\"600\" \/>\n\t<meta property=\"og:image:height\" content=\"600\" \/>\n\t<meta property=\"og:image:type\" content=\"image\/png\" \/>\n<meta name=\"twitter:card\" content=\"summary_large_image\" \/>\n<meta name=\"twitter:label1\" content=\"Tempo estimado de leitura\" \/>\n\t<meta name=\"twitter:data1\" content=\"5 minutos\" \/>\n<script type=\"application\/ld+json\" class=\"yoast-schema-graph\">{\"@context\":\"https:\\\/\\\/schema.org\",\"@graph\":[{\"@type\":\"WebPage\",\"@id\":\"https:\\\/\\\/vcycletech.com\\\/product\\\/wt-908-ceramic-dispersant\\\/\",\"url\":\"https:\\\/\\\/vcycletech.com\\\/product\\\/wt-908-ceramic-dispersant\\\/\",\"name\":\"WT-908 Ceramic Dispersant - vcycletech\",\"isPartOf\":{\"@id\":\"https:\\\/\\\/vcycletech.com\\\/#website\"},\"primaryImageOfPage\":{\"@id\":\"https:\\\/\\\/vcycletech.com\\\/product\\\/wt-908-ceramic-dispersant\\\/#primaryimage\"},\"image\":{\"@id\":\"https:\\\/\\\/vcycletech.com\\\/product\\\/wt-908-ceramic-dispersant\\\/#primaryimage\"},\"thumbnailUrl\":\"https:\\\/\\\/vcycletech.com\\\/wp-content\\\/uploads\\\/2023\\\/03\\\/1-110.png\",\"datePublished\":\"2023-03-21T12:38:46+00:00\",\"dateModified\":\"2023-03-27T04:29:37+00:00\",\"description\":\"Get reliable water treatment results with WT-908 Ceramic Dispersant! Our effective chemicals are the solution to your needs.\",\"breadcrumb\":{\"@id\":\"https:\\\/\\\/vcycletech.com\\\/product\\\/wt-908-ceramic-dispersant\\\/#breadcrumb\"},\"inLanguage\":\"pt-PT\",\"potentialAction\":[{\"@type\":\"ReadAction\",\"target\":[\"https:\\\/\\\/vcycletech.com\\\/product\\\/wt-908-ceramic-dispersant\\\/\"]}]},{\"@type\":\"ImageObject\",\"inLanguage\":\"pt-PT\",\"@id\":\"https:\\\/\\\/vcycletech.com\\\/product\\\/wt-908-ceramic-dispersant\\\/#primaryimage\",\"url\":\"https:\\\/\\\/vcycletech.com\\\/wp-content\\\/uploads\\\/2023\\\/03\\\/1-110.png\",\"contentUrl\":\"https:\\\/\\\/vcycletech.com\\\/wp-content\\\/uploads\\\/2023\\\/03\\\/1-110.png\",\"width\":600,\"height\":600,\"caption\":\"WT-908 Ceramic Dispersant\"},{\"@type\":\"BreadcrumbList\",\"@id\":\"https:\\\/\\\/vcycletech.com\\\/product\\\/wt-908-ceramic-dispersant\\\/#breadcrumb\",\"itemListElement\":[{\"@type\":\"ListItem\",\"position\":1,\"name\":\"Home\",\"item\":\"https:\\\/\\\/vcycletech.com\\\/\"},{\"@type\":\"ListItem\",\"position\":2,\"name\":\"Water Treatment Chemicals Manufacturer\",\"item\":\"https:\\\/\\\/vcycletech.com\\\/water-treatment-chemicals-manufacturer\\\/\"},{\"@type\":\"ListItem\",\"position\":3,\"name\":\"WT-908 Ceramic Dispersant\"}]},{\"@type\":\"WebSite\",\"@id\":\"https:\\\/\\\/vcycletech.com\\\/#website\",\"url\":\"https:\\\/\\\/vcycletech.com\\\/\",\"name\":\"vcycletech\",\"description\":\"China&#039;s top water treatment chemicals supplier\",\"publisher\":{\"@id\":\"https:\\\/\\\/vcycletech.com\\\/#organization\"},\"potentialAction\":[{\"@type\":\"SearchAction\",\"target\":{\"@type\":\"EntryPoint\",\"urlTemplate\":\"https:\\\/\\\/vcycletech.com\\\/?s={search_term_string}\"},\"query-input\":{\"@type\":\"PropertyValueSpecification\",\"valueRequired\":true,\"valueName\":\"search_term_string\"}}],\"inLanguage\":\"pt-PT\"},{\"@type\":\"Organization\",\"@id\":\"https:\\\/\\\/vcycletech.com\\\/#organization\",\"name\":\"vcycletech\",\"url\":\"https:\\\/\\\/vcycletech.com\\\/\",\"logo\":{\"@type\":\"ImageObject\",\"inLanguage\":\"pt-PT\",\"@id\":\"https:\\\/\\\/vcycletech.com\\\/#\\\/schema\\\/logo\\\/image\\\/\",\"url\":\"https:\\\/\\\/vcycletech.com\\\/wp-content\\\/uploads\\\/2023\\\/03\\\/logo-vcycletech-1.png\",\"contentUrl\":\"https:\\\/\\\/vcycletech.com\\\/wp-content\\\/uploads\\\/2023\\\/03\\\/logo-vcycletech-1.png\",\"width\":600,\"height\":400,\"caption\":\"vcycletech\"},\"image\":{\"@id\":\"https:\\\/\\\/vcycletech.com\\\/#\\\/schema\\\/logo\\\/image\\\/\"}}]}<\/script>\n<!-- \/ Yoast SEO Premium plugin. -->","yoast_head_json":{"title":"Dispersante Cer\u00e2mico WT-908 - vcycletech","description":"Obtenha resultados confi\u00e1veis no tratamento de \u00e1gua com o Dispersante Cer\u00e2mico WT-908! Nossos produtos qu\u00edmicos eficazes s\u00e3o a solu\u00e7\u00e3o para suas necessidades.","robots":{"index":"index","follow":"follow","max-snippet":"max-snippet:-1","max-image-preview":"max-image-preview:large","max-video-preview":"max-video-preview:-1"},"canonical":"https:\/\/vcycletech.com\/pt\/produtos\/wt-908-ceramico-dispersante\/","og_locale":"pt_PT","og_type":"article","og_title":"WT-908 Ceramic Dispersant","og_description":"Get reliable water treatment results with WT-908 Ceramic Dispersant! Our effective chemicals are the solution to your needs.","og_url":"https:\/\/vcycletech.com\/pt\/produtos\/wt-908-ceramico-dispersante\/","og_site_name":"vcycletech","article_modified_time":"2023-03-27T04:29:37+00:00","og_image":[{"width":600,"height":600,"url":"https:\/\/vcycletech.com\/wp-content\/uploads\/2023\/03\/1-110.png","type":"image\/png"}],"twitter_card":"summary_large_image","twitter_misc":{"Tempo estimado de leitura":"5 minutos"},"schema":{"@context":"https:\/\/schema.org","@graph":[{"@type":"WebPage","@id":"https:\/\/vcycletech.com\/product\/wt-908-ceramic-dispersant\/","url":"https:\/\/vcycletech.com\/product\/wt-908-ceramic-dispersant\/","name":"Dispersante Cer\u00e2mico WT-908 - vcycletech","isPartOf":{"@id":"https:\/\/vcycletech.com\/#website"},"primaryImageOfPage":{"@id":"https:\/\/vcycletech.com\/product\/wt-908-ceramic-dispersant\/#primaryimage"},"image":{"@id":"https:\/\/vcycletech.com\/product\/wt-908-ceramic-dispersant\/#primaryimage"},"thumbnailUrl":"https:\/\/vcycletech.com\/wp-content\/uploads\/2023\/03\/1-110.png","datePublished":"2023-03-21T12:38:46+00:00","dateModified":"2023-03-27T04:29:37+00:00","description":"Obtenha resultados confi\u00e1veis no tratamento de \u00e1gua com o Dispersante Cer\u00e2mico WT-908! Nossos produtos qu\u00edmicos eficazes s\u00e3o a solu\u00e7\u00e3o para suas necessidades.","breadcrumb":{"@id":"https:\/\/vcycletech.com\/product\/wt-908-ceramic-dispersant\/#breadcrumb"},"inLanguage":"pt-PT","potentialAction":[{"@type":"ReadAction","target":["https:\/\/vcycletech.com\/product\/wt-908-ceramic-dispersant\/"]}]},{"@type":"ImageObject","inLanguage":"pt-PT","@id":"https:\/\/vcycletech.com\/product\/wt-908-ceramic-dispersant\/#primaryimage","url":"https:\/\/vcycletech.com\/wp-content\/uploads\/2023\/03\/1-110.png","contentUrl":"https:\/\/vcycletech.com\/wp-content\/uploads\/2023\/03\/1-110.png","width":600,"height":600,"caption":"WT-908 Ceramic Dispersant"},{"@type":"BreadcrumbList","@id":"https:\/\/vcycletech.com\/product\/wt-908-ceramic-dispersant\/#breadcrumb","itemListElement":[{"@type":"ListItem","position":1,"name":"Home","item":"https:\/\/vcycletech.com\/"},{"@type":"ListItem","position":2,"name":"Water Treatment Chemicals Manufacturer","item":"https:\/\/vcycletech.com\/water-treatment-chemicals-manufacturer\/"},{"@type":"ListItem","position":3,"name":"WT-908 Ceramic Dispersant"}]},{"@type":"WebSite","@id":"https:\/\/vcycletech.com\/#website","url":"https:\/\/vcycletech.com\/","name":"vcycletech","description":"China&#039;principal fornecedor de produtos qu\u00edmicos para tratamento de \u00e1gua","publisher":{"@id":"https:\/\/vcycletech.com\/#organization"},"potentialAction":[{"@type":"SearchAction","target":{"@type":"EntryPoint","urlTemplate":"https:\/\/vcycletech.com\/?s={search_term_string}"},"query-input":{"@type":"PropertyValueSpecification","valueRequired":true,"valueName":"search_term_string"}}],"inLanguage":"pt-PT"},{"@type":"Organization","@id":"https:\/\/vcycletech.com\/#organization","name":"vcycletech","url":"https:\/\/vcycletech.com\/","logo":{"@type":"ImageObject","inLanguage":"pt-PT","@id":"https:\/\/vcycletech.com\/#\/schema\/logo\/image\/","url":"https:\/\/vcycletech.com\/wp-content\/uploads\/2023\/03\/logo-vcycletech-1.png","contentUrl":"https:\/\/vcycletech.com\/wp-content\/uploads\/2023\/03\/logo-vcycletech-1.png","width":600,"height":400,"caption":"vcycletech"},"image":{"@id":"https:\/\/vcycletech.com\/#\/schema\/logo\/image\/"}}]}},"_links":{"self":[{"href":"https:\/\/vcycletech.com\/pt\/wp-json\/wp\/v2\/product\/1262","targetHints":{"allow":["GET"]}}],"collection":[{"href":"https:\/\/vcycletech.com\/pt\/wp-json\/wp\/v2\/product"}],"about":[{"href":"https:\/\/vcycletech.com\/pt\/wp-json\/wp\/v2\/types\/product"}],"wp:featuredmedia":[{"embeddable":true,"href":"https:\/\/vcycletech.com\/pt\/wp-json\/wp\/v2\/media\/2831"}],"wp:attachment":[{"href":"https:\/\/vcycletech.com\/pt\/wp-json\/wp\/v2\/media?parent=1262"}],"wp:term":[{"taxonomy":"product_brand","embeddable":true,"href":"https:\/\/vcycletech.com\/pt\/wp-json\/wp\/v2\/product_brand?post=1262"},{"taxonomy":"product_cat","embeddable":true,"href":"https:\/\/vcycletech.com\/pt\/wp-json\/wp\/v2\/product_cat?post=1262"},{"taxonomy":"product_tag","embeddable":true,"href":"https:\/\/vcycletech.com\/pt\/wp-json\/wp\/v2\/product_tag?post=1262"}],"curies":[{"name":"wp","href":"https:\/\/api.w.org\/{rel}","templated":true}]}}