{"id":1256,"date":"2023-03-21T12:53:43","date_gmt":"2023-03-21T12:53:43","guid":{"rendered":"https:\/\/vcycletech.com\/?post_type=product&#038;p=1256"},"modified":"2023-03-21T12:54:30","modified_gmt":"2023-03-21T12:54:30","slug":"3-metoxipropilaminamopa","status":"publish","type":"product","link":"https:\/\/vcycletech.com\/pt\/produtos\/3-metoxipropilaminamopa\/","title":{"rendered":"3-Metoxipropilamina (MOPA)"},"content":{"rendered":"<h3>N\u00ba CAS 5332-73-0<\/h3>\n<h3>F\u00f3rmula molecular: C4H11NO<\/h3>\n<h3>Peso molecular: 89,14<\/h3>\n<h3>Especifica\u00e7\u00e3o:<\/h3>\n<div id=\"footable_parent_1259\"\n         class=\"footable_parent ninja_table_wrapper loading_ninja_table wp_table_data_press_parent semantic_ui\">\n                <table data-ninja_table_instance=\"ninja_table_instance_0\" data-footable_id=\"1259\" data-filter-delay=\"1000\" aria-label=\"3-Metoxipropilamina(MOPA).csv\"            id=\"footable_1259\"\n           data-unique_identifier=\"ninja_table_unique_id_3129591277_1259\"\n           class=\"foo-table ninja_footable foo_table_1259 ninja_table_unique_id_3129591277_1259 ui table  nt_type_legacy_table selectable striped vertical_centered  footable-paging-right ninja_table_pro\">\n                <colgroup>\n                            <col class=\"ninja_column_0\">\n                            <col class=\"ninja_column_1\">\n                    <\/colgroup>\n        <thead>\n<tr class=\"footable-header\">\n                                        <th scope=\"col\"  class=\"ninja_column_0 ninja_clmn_nm_items\">Unid<\/th><th scope=\"col\"  class=\"ninja_column_1 ninja_clmn_nm_index\">\u00cdndice<\/th><\/tr>\n<\/thead>\n<tbody>\n\n        <tr data-row_id=\"311\" class=\"ninja_table_row_0 nt_row_id_311\">\n            <td>Apar\u00eancia<\/td><td>L\u00edquido transparente incolor<\/td>        <\/tr>\n            <tr data-row_id=\"312\" class=\"ninja_table_row_1 nt_row_id_312\">\n            <td>Pureza, %<\/td><td>99,5 minutos<\/td>        <\/tr>\n            <tr data-row_id=\"313\" class=\"ninja_table_row_2 nt_row_id_313\">\n            <td>Cor (APHA)<\/td><td>30,0 m\u00e1x.<\/td>        <\/tr>\n            <tr data-row_id=\"314\" class=\"ninja_table_row_3 nt_row_id_314\">\n            <td>Umidade, %<\/td><td>0,3 m\u00e1x.<\/td>        <\/tr>\n    <\/tbody><!--ninja_tobody_rendering_done-->\n    <\/table>\n    \n    \n    \n<\/div>\n\n<h3>Propriedades:<\/h3>\n<p><strong>3-Metoxipropilamina (MOPA)<\/strong> \u00e9 uma base forte e um reagente eficiente adequado para uso na ind\u00fastria de tratamento de \u00e1gua. \u00c9 um composto org\u00e2nico com alta alcalinidade, baixa volatilidade e baixa biodegradabilidade. Al\u00e9m disso, tem boa miscibilidade em muitos solventes e pode ser usado como tamp\u00e3o de pH. O MOPA tamb\u00e9m \u00e9 conhecido por suas excelentes propriedades de inibi\u00e7\u00e3o de corros\u00e3o, tornando-o adequado para prevenir a corros\u00e3o de metais devido ao contato com sistemas de \u00e1gua \u00e1spera.<\/p>\n<p>O MOPA \u00e9 um l\u00edquido l\u00edmpido, incolor a levemente colorido, com odor semelhante ao da am\u00f4nia. \u00c9 uma amina prim\u00e1ria com v\u00e1rias propriedades e tem boa miscibilidade em \u00e1gua, etanol, tolueno, acetona, hexano e outros solventes padr\u00e3o.<\/p>\n<h3>Uso:<\/h3>\n<p>O MOPA pode ser usado para v\u00e1rias aplica\u00e7\u00f5es na ind\u00fastria de tratamento de \u00e1gua. \u00c9 uma base forte e reagente eficiente adequado para sintetizar corante disperso 60# Blue, agentes antiest\u00e1ticos, surfactantes e outros produtos. Como um inibidor de corros\u00e3o, o MOPA pode ser usado em caldeiras de vapor para proteger as se\u00e7\u00f5es de condensado da corros\u00e3o \u00e1cida causada pelo di\u00f3xido de carbono.<\/p>\n<p>Al\u00e9m disso, tamb\u00e9m pode ser usado como agente umectante, protetor de cereais e catalisador na produ\u00e7\u00e3o de espuma de poliuretano e resina ep\u00f3xi. Por fim, \u00e9 um solvente org\u00e2nico avan\u00e7ado com usos que variam de intermedi\u00e1rios farmac\u00eauticos a agentes anticorrosivos de petr\u00f3leo e agentes de limpeza.<\/p>\n<h3>Pacote e armazenamento:<\/h3>\n<p><strong>3-Metoxipropilamina (MOPA)<\/strong> pode ser armazenado em recipientes fechados e herm\u00e9ticos em local fresco e seco. Se estiver sujeito a longa exposi\u00e7\u00e3o ao sol ou a altas temperaturas, deve ser armazenado em recipientes isolados. O MOPA normalmente \u00e9 embalado em tambores e sempre deve ser manuseado com equipamentos de prote\u00e7\u00e3o, como luvas, prote\u00e7\u00e3o para os olhos e m\u00e1scaras. Ventila\u00e7\u00e3o apropriada tamb\u00e9m deve ser usada para reduzir o risco de seus vapores.MOPA \u00e9 embalado em 170kg\/tambor.<\/p>\n<h3>Perguntas frequentes sobre 3-metoxipropilamina (MOPA):<\/h3>\n<p><strong>O que \u00e9 3-metoxipropilamina (MOPA)?<\/strong><br \/>\n<strong>3-Metoxipropilamina (MOPA)<\/strong> \u00e9 um composto org\u00e2nico, mais especificamente uma amina, usado como intermedi\u00e1rio na s\u00edntese de produtos farmac\u00eauticos e outros produtos qu\u00edmicos. Tem uma variedade de aplica\u00e7\u00f5es industriais, incluindo seu uso como produto qu\u00edmico de tratamento de \u00e1gua para reduzir a corros\u00e3o e a forma\u00e7\u00e3o de incrusta\u00e7\u00f5es em caldeiras e torres de resfriamento. O MOPA tamb\u00e9m \u00e9 usado para controlar os n\u00edveis de pH de certas solu\u00e7\u00f5es para evitar a ocorr\u00eancia de rea\u00e7\u00f5es ou para melhorar sua efici\u00eancia.<\/p>\n<p><strong>Quais s\u00e3o os benef\u00edcios de usar MOPA para tratamento de \u00e1gua?<\/strong><br \/>\nO uso de MOPA para tratamento de \u00e1gua tem v\u00e1rios benef\u00edcios. Ajuda a reduzir a corros\u00e3o e o ac\u00famulo de incrusta\u00e7\u00f5es em caldeiras e torres de resfriamento, levando a uma maior efici\u00eancia e economia de custos ao longo do tempo. O MOPA tamb\u00e9m pode ser usado para controlar os n\u00edveis de pH para evitar rea\u00e7\u00f5es indesejadas ou aumentar sua efic\u00e1cia. Al\u00e9m disso, provou ser um produto qu\u00edmico confi\u00e1vel e seguro para sistemas de tratamento de \u00e1gua devido ao seu baixo n\u00edvel de toxicidade e m\u00ednimo impacto ambiental.<\/p>\n<p><strong>Como o MOPA interage com outros produtos qu\u00edmicos de tratamento de \u00e1gua?<\/strong><br \/>\nQuando usado corretamente com dosagem e monitoramento corretos, o MOPA pode ser usado de forma eficaz com outros produtos qu\u00edmicos de tratamento de \u00e1gua, como biocidas, inibidores de incrusta\u00e7\u00e3o, removedores de oxig\u00eanio, surfactantes e muito mais. Sua capacidade de ajustar os n\u00edveis de pH o torna particularmente \u00fatil quando combinado com outros agentes ativos que podem ter dificuldade em atuar em n\u00edveis extremos de pH. Deve-se observar, no entanto, que a mistura inadequada ou dosagem incorreta de qualquer combina\u00e7\u00e3o de produtos qu\u00edmicos pode levar a resultados indesej\u00e1veis, como diminui\u00e7\u00e3o do desempenho ou at\u00e9 mesmo condi\u00e7\u00f5es perigosas no sistema que est\u00e1 sendo tratado com eles.<\/p>\n<p><strong>Existem requisitos de manuten\u00e7\u00e3o ao usar MOPA para tratamentos de \u00e1gua?<\/strong><br \/>\nAo usar o MOPA para qualquer tratamento de \u00e1gua, v\u00e1rios requisitos de manuten\u00e7\u00e3o devem ser seguidos para garantir o desempenho ideal do sistema que est\u00e1 sendo tratado com ele. Isso inclui testes regulares de v\u00e1rios par\u00e2metros, como alcalinidade, dureza de c\u00e1lcio ou teor de cloro, dependendo da aplica\u00e7\u00e3o; monitoramento dos n\u00edveis de dosagem; ajustando-os adequadamente; e limpar regularmente quaisquer filtros contaminados, se necess\u00e1rio. A manuten\u00e7\u00e3o adequada tamb\u00e9m inclui a inspe\u00e7\u00e3o peri\u00f3dica dos componentes do equipamento, como tubos ou bombas, em busca de sinais de desgaste ou danos que possam interferir no funcionamento adequado ao longo do tempo, se n\u00e3o forem tratados adequadamente imediatamente.<\/p>\n<p><strong>H\u00e1 alguma preocupa\u00e7\u00e3o de seguran\u00e7a relacionada ao uso do MOPA?<\/strong><br \/>\nQuando manuseado corretamente de acordo com as diretrizes de seguran\u00e7a fornecidas pelo fabricante, n\u00e3o h\u00e1 grandes preocupa\u00e7\u00f5es de seguran\u00e7a relacionadas diretamente ao uso de MOPA para tratamentos de \u00e1gua, pois apresenta baixos n\u00edveis de toxicidade e impacto ambiental m\u00ednimo quando comparado com outros produtos qu\u00edmicos comumente usados nesta aplica\u00e7\u00e3o. No entanto, todos os trabalhadores ainda devem tomar as devidas precau\u00e7\u00f5es, como usar roupas de prote\u00e7\u00e3o ao manuse\u00e1-lo de qualquer maneira, pois algumas pessoas podem sofrer irrita\u00e7\u00e3o na pele se entrarem em contato direto com esta subst\u00e2ncia, mesmo em concentra\u00e7\u00f5es deficientes, devido \u00e0s suas propriedades potencialmente irritantes se n\u00e3o forem manuseadas. cuidadosamente durante os processos de aplica\u00e7\u00e3o, seja por inala\u00e7\u00e3o ou ingest\u00e3o.<\/p>\n<p><a href=\"https:\/\/vcycletech.com\/pt\/inibidor-de-corrosao\/\"><strong>Obtenha a solu\u00e7\u00e3o completa de inibidores de corros\u00e3o.<\/strong><\/a><\/p>","protected":false},"excerpt":{"rendered":"<p><strong>3-Metoxipropilamina (MOPA)<\/strong> \u00e9 um l\u00edquido incolor com odor semelhante ao da am\u00f4nia. \u00c9 misc\u00edvel com \u00e1gua e a maioria dos solventes org\u00e2nicos. <strong>3-Metoxipropilamina (MOPA)<\/strong> \u00e9 usado como intermedi\u00e1rio na produ\u00e7\u00e3o de pesticidas, produtos farmac\u00eauticos e outros produtos qu\u00edmicos org\u00e2nicos.<\/p>\n<p>Somos um dos maiores fornecedores de<strong> 3-Metoxipropilamina (MOPA)<\/strong> na China. Nosso produto \u00e9 de alta qualidade e pre\u00e7o competitivo. Se voc\u00ea estiver interessado em nossos produtos, sinta-se \u00e0 vontade para entrar em contato conosco para obter mais informa\u00e7\u00f5es.<\/p>","protected":false},"featured_media":1277,"template":"","meta":{"site-sidebar-layout":"default","site-content-layout":"default","ast-site-content-layout":"default","site-content-style":"default","site-sidebar-style":"default","ast-global-header-display":"","ast-banner-title-visibility":"","ast-main-header-display":"","ast-hfb-above-header-display":"","ast-hfb-below-header-display":"","ast-hfb-mobile-header-display":"","site-post-title":"","ast-breadcrumbs-content":"","ast-featured-img":"","footer-sml-layout":"","ast-disable-related-posts":"","theme-transparent-header-meta":"default","adv-header-id-meta":"","stick-header-meta":"default","header-above-stick-meta":"","header-main-stick-meta":"","header-below-stick-meta":"","astra-migrate-meta-layouts":"default","ast-page-background-enabled":"default","ast-page-background-meta":{"desktop":{"background-color":"","background-image":"","background-repeat":"repeat","background-position":"center center","background-size":"auto","background-attachment":"scroll","background-type":"","background-media":"","overlay-type":"","overlay-color":"","overlay-opacity":"","overlay-gradient":""},"tablet":{"background-color":"","background-image":"","background-repeat":"repeat","background-position":"center center","background-size":"auto","background-attachment":"scroll","background-type":"","background-media":"","overlay-type":"","overlay-color":"","overlay-opacity":"","overlay-gradient":""},"mobile":{"background-color":"","background-image":"","background-repeat":"repeat","background-position":"center center","background-size":"auto","background-attachment":"scroll","background-type":"","background-media":"","overlay-type":"","overlay-color":"","overlay-opacity":"","overlay-gradient":""}},"ast-content-background-meta":{"desktop":{"background-color":"var(--ast-global-color-5)","background-image":"","background-repeat":"repeat","background-position":"center center","background-size":"auto","background-attachment":"scroll","background-type":"","background-media":"","overlay-type":"","overlay-color":"","overlay-opacity":"","overlay-gradient":""},"tablet":{"background-color":"var(--ast-global-color-5)","background-image":"","background-repeat":"repeat","background-position":"center center","background-size":"auto","background-attachment":"scroll","background-type":"","background-media":"","overlay-type":"","overlay-color":"","overlay-opacity":"","overlay-gradient":""},"mobile":{"background-color":"var(--ast-global-color-5)","background-image":"","background-repeat":"repeat","background-position":"center center","background-size":"auto","background-attachment":"scroll","background-type":"","background-media":"","overlay-type":"","overlay-color":"","overlay-opacity":"","overlay-gradient":""}}},"product_brand":[],"product_cat":[30],"product_tag":[],"class_list":{"0":"post-1256","1":"product","2":"type-product","3":"status-publish","4":"has-post-thumbnail","6":"product_cat-corrosion-inhibitors","7":"desktop-align-left","8":"tablet-align-left","9":"mobile-align-left","10":"ast-product-gallery-layout-horizontal-slider","11":"ast-product-tabs-layout-horizontal","13":"first","14":"instock","15":"shipping-taxable","16":"product-type-simple"},"yoast_head":"<!-- This site is optimized with the Yoast SEO Premium plugin v26.3 (Yoast SEO v27.3) - https:\/\/yoast.com\/product\/yoast-seo-premium-wordpress\/ -->\n<title>3-Methoxypropylamine(MOPA) - vcycletech<\/title>\n<meta name=\"description\" content=\"3-Methoxypropylamine (MOPA) is a versatile chemical used in water treatment processes. It is a strong base and efficient reagent ideal for a wide range of applications.\" \/>\n<meta name=\"robots\" content=\"index, follow, max-snippet:-1, max-image-preview:large, max-video-preview:-1\" \/>\n<link rel=\"canonical\" href=\"https:\/\/vcycletech.com\/pt\/produtos\/3-metoxipropilaminamopa\/\" \/>\n<meta property=\"og:locale\" content=\"pt_PT\" \/>\n<meta property=\"og:type\" content=\"article\" \/>\n<meta property=\"og:title\" content=\"3-Methoxypropylamine(MOPA)\" \/>\n<meta property=\"og:description\" content=\"3-Methoxypropylamine (MOPA) is a versatile chemical used in water treatment processes. It is a strong base and efficient reagent ideal for a wide range of applications.\" \/>\n<meta property=\"og:url\" content=\"https:\/\/vcycletech.com\/pt\/produtos\/3-metoxipropilaminamopa\/\" \/>\n<meta property=\"og:site_name\" content=\"vcycletech\" \/>\n<meta property=\"article:modified_time\" content=\"2023-03-21T12:54:30+00:00\" \/>\n<meta property=\"og:image\" content=\"https:\/\/vcycletech.com\/wp-content\/uploads\/2023\/03\/1-54.png\" \/>\n\t<meta property=\"og:image:width\" content=\"600\" \/>\n\t<meta property=\"og:image:height\" content=\"600\" \/>\n\t<meta property=\"og:image:type\" content=\"image\/png\" \/>\n<meta name=\"twitter:card\" content=\"summary_large_image\" \/>\n<meta name=\"twitter:label1\" content=\"Tempo estimado de leitura\" \/>\n\t<meta name=\"twitter:data1\" content=\"4 minutos\" \/>\n<script type=\"application\/ld+json\" class=\"yoast-schema-graph\">{\"@context\":\"https:\\\/\\\/schema.org\",\"@graph\":[{\"@type\":\"WebPage\",\"@id\":\"https:\\\/\\\/vcycletech.com\\\/product\\\/3-methoxypropylaminemopa\\\/\",\"url\":\"https:\\\/\\\/vcycletech.com\\\/product\\\/3-methoxypropylaminemopa\\\/\",\"name\":\"3-Methoxypropylamine(MOPA) - vcycletech\",\"isPartOf\":{\"@id\":\"https:\\\/\\\/vcycletech.com\\\/#website\"},\"primaryImageOfPage\":{\"@id\":\"https:\\\/\\\/vcycletech.com\\\/product\\\/3-methoxypropylaminemopa\\\/#primaryimage\"},\"image\":{\"@id\":\"https:\\\/\\\/vcycletech.com\\\/product\\\/3-methoxypropylaminemopa\\\/#primaryimage\"},\"thumbnailUrl\":\"https:\\\/\\\/vcycletech.com\\\/wp-content\\\/uploads\\\/2023\\\/03\\\/1-54.png\",\"datePublished\":\"2023-03-21T12:53:43+00:00\",\"dateModified\":\"2023-03-21T12:54:30+00:00\",\"description\":\"3-Methoxypropylamine (MOPA) is a versatile chemical used in water treatment processes. It is a strong base and efficient reagent ideal for a wide range of applications.\",\"breadcrumb\":{\"@id\":\"https:\\\/\\\/vcycletech.com\\\/product\\\/3-methoxypropylaminemopa\\\/#breadcrumb\"},\"inLanguage\":\"pt-PT\",\"potentialAction\":[{\"@type\":\"ReadAction\",\"target\":[\"https:\\\/\\\/vcycletech.com\\\/product\\\/3-methoxypropylaminemopa\\\/\"]}]},{\"@type\":\"ImageObject\",\"inLanguage\":\"pt-PT\",\"@id\":\"https:\\\/\\\/vcycletech.com\\\/product\\\/3-methoxypropylaminemopa\\\/#primaryimage\",\"url\":\"https:\\\/\\\/vcycletech.com\\\/wp-content\\\/uploads\\\/2023\\\/03\\\/1-54.png\",\"contentUrl\":\"https:\\\/\\\/vcycletech.com\\\/wp-content\\\/uploads\\\/2023\\\/03\\\/1-54.png\",\"width\":600,\"height\":600,\"caption\":\"3-Methoxypropylamine(MOPA)\"},{\"@type\":\"BreadcrumbList\",\"@id\":\"https:\\\/\\\/vcycletech.com\\\/product\\\/3-methoxypropylaminemopa\\\/#breadcrumb\",\"itemListElement\":[{\"@type\":\"ListItem\",\"position\":1,\"name\":\"Home\",\"item\":\"https:\\\/\\\/vcycletech.com\\\/\"},{\"@type\":\"ListItem\",\"position\":2,\"name\":\"Water Treatment Chemicals Manufacturer\",\"item\":\"https:\\\/\\\/vcycletech.com\\\/water-treatment-chemicals-manufacturer\\\/\"},{\"@type\":\"ListItem\",\"position\":3,\"name\":\"3-Methoxypropylamine(MOPA)\"}]},{\"@type\":\"WebSite\",\"@id\":\"https:\\\/\\\/vcycletech.com\\\/#website\",\"url\":\"https:\\\/\\\/vcycletech.com\\\/\",\"name\":\"vcycletech\",\"description\":\"China&#039;s top water treatment chemicals supplier\",\"publisher\":{\"@id\":\"https:\\\/\\\/vcycletech.com\\\/#organization\"},\"potentialAction\":[{\"@type\":\"SearchAction\",\"target\":{\"@type\":\"EntryPoint\",\"urlTemplate\":\"https:\\\/\\\/vcycletech.com\\\/?s={search_term_string}\"},\"query-input\":{\"@type\":\"PropertyValueSpecification\",\"valueRequired\":true,\"valueName\":\"search_term_string\"}}],\"inLanguage\":\"pt-PT\"},{\"@type\":\"Organization\",\"@id\":\"https:\\\/\\\/vcycletech.com\\\/#organization\",\"name\":\"vcycletech\",\"url\":\"https:\\\/\\\/vcycletech.com\\\/\",\"logo\":{\"@type\":\"ImageObject\",\"inLanguage\":\"pt-PT\",\"@id\":\"https:\\\/\\\/vcycletech.com\\\/#\\\/schema\\\/logo\\\/image\\\/\",\"url\":\"https:\\\/\\\/vcycletech.com\\\/wp-content\\\/uploads\\\/2023\\\/03\\\/logo-vcycletech-1.png\",\"contentUrl\":\"https:\\\/\\\/vcycletech.com\\\/wp-content\\\/uploads\\\/2023\\\/03\\\/logo-vcycletech-1.png\",\"width\":600,\"height\":400,\"caption\":\"vcycletech\"},\"image\":{\"@id\":\"https:\\\/\\\/vcycletech.com\\\/#\\\/schema\\\/logo\\\/image\\\/\"}}]}<\/script>\n<!-- \/ Yoast SEO Premium plugin. -->","yoast_head_json":{"title":"3-Metoxipropilamina (MOPA) - vcycletech","description":"3-Metoxipropilamina (MOPA) \u00e9 um produto qu\u00edmico vers\u00e1til usado em processos de tratamento de \u00e1gua. \u00c9 uma base forte e reagente eficiente ideal para uma ampla gama de aplica\u00e7\u00f5es.","robots":{"index":"index","follow":"follow","max-snippet":"max-snippet:-1","max-image-preview":"max-image-preview:large","max-video-preview":"max-video-preview:-1"},"canonical":"https:\/\/vcycletech.com\/pt\/produtos\/3-metoxipropilaminamopa\/","og_locale":"pt_PT","og_type":"article","og_title":"3-Methoxypropylamine(MOPA)","og_description":"3-Methoxypropylamine (MOPA) is a versatile chemical used in water treatment processes. It is a strong base and efficient reagent ideal for a wide range of applications.","og_url":"https:\/\/vcycletech.com\/pt\/produtos\/3-metoxipropilaminamopa\/","og_site_name":"vcycletech","article_modified_time":"2023-03-21T12:54:30+00:00","og_image":[{"width":600,"height":600,"url":"https:\/\/vcycletech.com\/wp-content\/uploads\/2023\/03\/1-54.png","type":"image\/png"}],"twitter_card":"summary_large_image","twitter_misc":{"Tempo estimado de leitura":"4 minutos"},"schema":{"@context":"https:\/\/schema.org","@graph":[{"@type":"WebPage","@id":"https:\/\/vcycletech.com\/product\/3-methoxypropylaminemopa\/","url":"https:\/\/vcycletech.com\/product\/3-methoxypropylaminemopa\/","name":"3-Metoxipropilamina (MOPA) - vcycletech","isPartOf":{"@id":"https:\/\/vcycletech.com\/#website"},"primaryImageOfPage":{"@id":"https:\/\/vcycletech.com\/product\/3-methoxypropylaminemopa\/#primaryimage"},"image":{"@id":"https:\/\/vcycletech.com\/product\/3-methoxypropylaminemopa\/#primaryimage"},"thumbnailUrl":"https:\/\/vcycletech.com\/wp-content\/uploads\/2023\/03\/1-54.png","datePublished":"2023-03-21T12:53:43+00:00","dateModified":"2023-03-21T12:54:30+00:00","description":"3-Metoxipropilamina (MOPA) \u00e9 um produto qu\u00edmico vers\u00e1til usado em processos de tratamento de \u00e1gua. \u00c9 uma base forte e reagente eficiente ideal para uma ampla gama de aplica\u00e7\u00f5es.","breadcrumb":{"@id":"https:\/\/vcycletech.com\/product\/3-methoxypropylaminemopa\/#breadcrumb"},"inLanguage":"pt-PT","potentialAction":[{"@type":"ReadAction","target":["https:\/\/vcycletech.com\/product\/3-methoxypropylaminemopa\/"]}]},{"@type":"ImageObject","inLanguage":"pt-PT","@id":"https:\/\/vcycletech.com\/product\/3-methoxypropylaminemopa\/#primaryimage","url":"https:\/\/vcycletech.com\/wp-content\/uploads\/2023\/03\/1-54.png","contentUrl":"https:\/\/vcycletech.com\/wp-content\/uploads\/2023\/03\/1-54.png","width":600,"height":600,"caption":"3-Methoxypropylamine(MOPA)"},{"@type":"BreadcrumbList","@id":"https:\/\/vcycletech.com\/product\/3-methoxypropylaminemopa\/#breadcrumb","itemListElement":[{"@type":"ListItem","position":1,"name":"Home","item":"https:\/\/vcycletech.com\/"},{"@type":"ListItem","position":2,"name":"Water Treatment Chemicals Manufacturer","item":"https:\/\/vcycletech.com\/water-treatment-chemicals-manufacturer\/"},{"@type":"ListItem","position":3,"name":"3-Methoxypropylamine(MOPA)"}]},{"@type":"WebSite","@id":"https:\/\/vcycletech.com\/#website","url":"https:\/\/vcycletech.com\/","name":"vcycletech","description":"China&#039;principal fornecedor de produtos qu\u00edmicos para tratamento de \u00e1gua","publisher":{"@id":"https:\/\/vcycletech.com\/#organization"},"potentialAction":[{"@type":"SearchAction","target":{"@type":"EntryPoint","urlTemplate":"https:\/\/vcycletech.com\/?s={search_term_string}"},"query-input":{"@type":"PropertyValueSpecification","valueRequired":true,"valueName":"search_term_string"}}],"inLanguage":"pt-PT"},{"@type":"Organization","@id":"https:\/\/vcycletech.com\/#organization","name":"vcycletech","url":"https:\/\/vcycletech.com\/","logo":{"@type":"ImageObject","inLanguage":"pt-PT","@id":"https:\/\/vcycletech.com\/#\/schema\/logo\/image\/","url":"https:\/\/vcycletech.com\/wp-content\/uploads\/2023\/03\/logo-vcycletech-1.png","contentUrl":"https:\/\/vcycletech.com\/wp-content\/uploads\/2023\/03\/logo-vcycletech-1.png","width":600,"height":400,"caption":"vcycletech"},"image":{"@id":"https:\/\/vcycletech.com\/#\/schema\/logo\/image\/"}}]}},"_links":{"self":[{"href":"https:\/\/vcycletech.com\/pt\/wp-json\/wp\/v2\/product\/1256","targetHints":{"allow":["GET"]}}],"collection":[{"href":"https:\/\/vcycletech.com\/pt\/wp-json\/wp\/v2\/product"}],"about":[{"href":"https:\/\/vcycletech.com\/pt\/wp-json\/wp\/v2\/types\/product"}],"wp:featuredmedia":[{"embeddable":true,"href":"https:\/\/vcycletech.com\/pt\/wp-json\/wp\/v2\/media\/1277"}],"wp:attachment":[{"href":"https:\/\/vcycletech.com\/pt\/wp-json\/wp\/v2\/media?parent=1256"}],"wp:term":[{"taxonomy":"product_brand","embeddable":true,"href":"https:\/\/vcycletech.com\/pt\/wp-json\/wp\/v2\/product_brand?post=1256"},{"taxonomy":"product_cat","embeddable":true,"href":"https:\/\/vcycletech.com\/pt\/wp-json\/wp\/v2\/product_cat?post=1256"},{"taxonomy":"product_tag","embeddable":true,"href":"https:\/\/vcycletech.com\/pt\/wp-json\/wp\/v2\/product_tag?post=1256"}],"curies":[{"name":"wp","href":"https:\/\/api.w.org\/{rel}","templated":true}]}}