{"id":1249,"date":"2023-03-21T12:20:20","date_gmt":"2023-03-21T12:20:20","guid":{"rendered":"https:\/\/vcycletech.com\/?post_type=product&#038;p=1249"},"modified":"2023-03-27T04:55:14","modified_gmt":"2023-03-27T04:55:14","slug":"wt-904-aquoso-dispersante","status":"publish","type":"product","link":"https:\/\/vcycletech.com\/pt\/produtos\/wt-904-aquoso-dispersante\/","title":{"rendered":"Dispersante Aquoso WT-904"},"content":{"rendered":"<h3>Propriedades:<\/h3>\n<p><strong>Dispersante Aquoso WT-904<\/strong> \u00e9 um dispersante de pol\u00edmero ani\u00f4nico que garante a repuls\u00e3o est\u00e1tica para ajudar a prevenir a sedimenta\u00e7\u00e3o e o retorno grosseiro. \u00c9 de baixa forma\u00e7\u00e3o de espuma, seguro para uso, n\u00e3o corrosivo e n\u00e3o perigoso.<\/p>\n<p><strong>Dispersante Aquoso WT-904<\/strong> \u00e9 adequado como agente quelante em revestimento de papel, revestimento de constru\u00e7\u00e3o, retardador de concreto, redutores de \u00e1gua, tecidos e tingimento. Seu desempenho atende ao do SN-5040. Quando adicionado \u00e0 pasta durante processos de moagem de bolus alba, carbonato de cal, argila de cer\u00e2mica, pigmento de tit\u00e2nio, giz franc\u00eas, sulfato de b\u00e1rio ou pasta de \u00e1gua de carv\u00e3o, pode reduzir significativamente a viscosidade enquanto fornece melhor dispers\u00e3o da pasta para resultados est\u00e1veis.<\/p>\n<h3>Especifica\u00e7\u00e3o:<\/h3>\n<div id=\"footable_parent_1251\"\n         class=\"footable_parent ninja_table_wrapper loading_ninja_table wp_table_data_press_parent semantic_ui\">\n                <table data-ninja_table_instance=\"ninja_table_instance_0\" data-footable_id=\"1251\" data-filter-delay=\"1000\" aria-label=\"Dispersante aquoso KR-904.csv\"            id=\"footable_1251\"\n           data-unique_identifier=\"ninja_table_unique_id_27189946_1251\"\n           class=\"foo-table ninja_footable foo_table_1251 ninja_table_unique_id_27189946_1251 ui table  nt_type_legacy_table selectable striped vertical_centered  footable-paging-right ninja_table_pro\">\n                <colgroup>\n                            <col class=\"ninja_column_0\">\n                            <col class=\"ninja_column_1\">\n                    <\/colgroup>\n        <thead>\n<tr class=\"footable-header\">\n                                        <th scope=\"col\"  class=\"ninja_column_0 ninja_clmn_nm_items\">Itens<\/th><th scope=\"col\"  class=\"ninja_column_1 ninja_clmn_nm_index\">\u00cdndice<\/th><\/tr>\n<\/thead>\n<tbody>\n\n        <tr data-row_id=\"306\" class=\"ninja_table_row_0 nt_row_id_306\">\n            <td>Apar\u00eancia<\/td><td>L\u00edquido viscoso incolor a amarelo claro<\/td>        <\/tr>\n            <tr data-row_id=\"307\" class=\"ninja_table_row_1 nt_row_id_307\">\n            <td>Conte\u00fado s\u00f3lido, %<\/td><td>40,0 min<\/td>        <\/tr>\n            <tr data-row_id=\"308\" class=\"ninja_table_row_2 nt_row_id_308\">\n            <td>valor de pH (solu\u00e7\u00e3o de \u00e1gua 50%)<\/td><td>8.0~11.0<\/td>        <\/tr>\n            <tr data-row_id=\"309\" class=\"ninja_table_row_3 nt_row_id_309\">\n            <td>Densidade (20 \u2103), g\/cm3<\/td><td>1,20 min<\/td>        <\/tr>\n            <tr data-row_id=\"310\" class=\"ninja_table_row_4 nt_row_id_310\">\n            <td>Viscosidade(25\u2103) mpa.s<\/td><td>50-400<\/td>        <\/tr>\n    <\/tbody><!--ninja_tobody_rendering_done-->\n    <\/table>\n    \n    \n    \n<\/div>\n\n<h3 class=\"text-lg font-bold\">Uso:<\/h3>\n<p class=\"my-0.5\">A dosagem preferida de 0,2-2% deve ser determinada por meio de experimenta\u00e7\u00e3o para obter os melhores resultados.<\/p>\n<h3 class=\"text-lg font-bold\">Pacote e armazenamento:<\/h3>\n<p class=\"my-0.5\">De acordo com os requisitos do cliente, o produto \u00e9 embalado em tambores pl\u00e1sticos de 200L ou cont\u00eaineres IBC (1000L). Deve ser armazenado em local fresco e seco por at\u00e9 dez meses.<\/p>\n<h3>Guia completo:<\/h3>\n<p><strong>Dispersante Aquoso WT-904<\/strong> \u00e9 um redutor de \u00e1gua para produtos qu\u00edmicos de tratamento de \u00e1gua, proporcionando desempenho superior em diversas aplica\u00e7\u00f5es. \u00c9 um dispersante de pol\u00edmero ani\u00f4nico que evita a sedimenta\u00e7\u00e3o e o retorno grosseiro, garantindo a repuls\u00e3o est\u00e1tica e n\u00e3o \u00e9 corrosivo, com baixa forma\u00e7\u00e3o de espuma e seguro para uso. Foi comprovado que supera o SN-5040 em revestimento de papel, revestimento de constru\u00e7\u00e3o, retardador de concreto, redutores de \u00e1gua, tecidos e tingimento.<\/p>\n<h5>A fun\u00e7\u00e3o do WT-904 como um redutor de \u00e1gua<\/h5>\n<p>O WT-904 reduz a viscosidade das pastas durante os processos de moagem, ao mesmo tempo em que melhora a dispers\u00e3o da pasta. Isso garante resultados est\u00e1veis quando usado com bolus alba, carbonato de cal, argila de cer\u00e2mica, pigmento de tit\u00e2nio, giz franc\u00eas, sulfato de b\u00e1rio ou pasta de \u00e1gua de carv\u00e3o. Sua fun\u00e7\u00e3o como agente quelante tamb\u00e9m ajuda a melhorar as aplica\u00e7\u00f5es de revestimento de papel e outros usos industriais.<\/p>\n<h5>Princ\u00edpio de A\u00e7\u00e3o<\/h5>\n<p>O princ\u00edpio por tr\u00e1s da capacidade do WT-904 de reduzir a viscosidade est\u00e1 em sua estrutura dispersante de pol\u00edmero ani\u00f4nico; evita a sedimenta\u00e7\u00e3o e o retorno grosseiro, mantendo a repuls\u00e3o est\u00e1tica entre as part\u00edculas. Isso reduz a espessura geral da pasta enquanto ainda fornece propriedades de dispers\u00e3o aprimoradas.<\/p>\n<h5>Campos de Aplica\u00e7\u00e3o<\/h5>\n<p>O WT-904 pode ser usado em aplica\u00e7\u00f5es de revestimento de papel, como tintas e revestimentos para edif\u00edcios ou retardadores de concreto. Tamb\u00e9m \u00e9 adequado para uso em processos de tecelagem e tingimento e com sistemas de pasta de carv\u00e3o-\u00e1gua devido ao seu desempenho superior em compara\u00e7\u00e3o com o SN5040. Al\u00e9m disso, tamb\u00e9m pode ser usado com bolo alba, carbonato de cal, cer\u00e2mica, argila, pigmento de tit\u00e2nio, giz franc\u00eas e pastas de sulfato de b\u00e1rio para reduzir sua viscosidade e, ao mesmo tempo, fornecer caracter\u00edsticas de dispers\u00e3o aprimoradas.<\/p>\n<h5>Precau\u00e7\u00f5es para uso<\/h5>\n<p>Ao usar o WT 904, \u00e9 essencial garantir que as devidas precau\u00e7\u00f5es de seguran\u00e7a sejam tomadas, incluindo o uso de roupas de prote\u00e7\u00e3o, como luvas ou respiradores, se necess\u00e1rio, ao manusear este produto pr\u00f3ximo a fuma\u00e7a ou vapores de outros produtos qu\u00edmicos que possam estar presentes em seu local de aplica\u00e7\u00e3o. Al\u00e9m disso, deve-se sempre ler os r\u00f3tulos dos produtos antes de usar este produto para que eles possam entender a melhor forma de manuse\u00e1-lo com seguran\u00e7a para evitar poss\u00edveis riscos associados ao seu uso.<\/p>\n<h3>Perguntas frequentes:<\/h3>\n<p><strong>Q1: O que \u00e9 WT-904?<\/strong><br \/>\nO WT-904 \u00e9 um dispersante de pol\u00edmero ani\u00f4nico projetado para uso em produtos qu\u00edmicos de tratamento de \u00e1gua que garante a repuls\u00e3o est\u00e1tica entre as part\u00edculas, o que, em \u00faltima an\u00e1lise, ajuda a evitar a sedimenta\u00e7\u00e3o e o retorno grosseiro, o que pode causar interrup\u00e7\u00f5es significativas durante as opera\u00e7\u00f5es de processamento relacionadas ao revestimento de papel, revestimento de constru\u00e7\u00e3o, retardador de concreto, tingimento de tecidos, etc.<\/p>\n<p><strong>Q2: Quais as vantagens do WT-904 sobre o SN 5040?<\/strong><br \/>\nFoi comprovado que o WT 904 supera o desempenho do SN 5040 quando usado em tecidos retardadores de concreto revestidos de papel ou processos de tingimento devido \u00e0 sua capacidade superior de fornecer propriedades de dispers\u00e3o aprimoradas enquanto ainda reduz os n\u00edveis gerais de viscosidade.<\/p>\n<p><strong>Q3: Como funciona o WT-904?<\/strong><br \/>\nO princ\u00edpio por tr\u00e1s da capacidade do WT-9 04 de reduzir a viscosidade reside em sua estrutura dispersante de pol\u00edmero ani\u00f4nico; ele mant\u00e9m a repuls\u00e3o est\u00e1tica entre as part\u00edculas, reduzindo os n\u00edveis gerais de viscosidade enquanto fornece caracter\u00edsticas de dispers\u00e3o aprimoradas.<\/p>\n<p><strong>Q4: Quais ind\u00fastrias poderiam se beneficiar do uso deste produto?<\/strong><br \/>\nMuitas ind\u00fastrias diferentes podem se beneficiar do uso do WT-904; estes incluem, mas n\u00e3o est\u00e3o limitados a, revestimentos de papel, revestimentos de constru\u00e7\u00e3o, retardadores de concreto, tecelagem, tingimento, pastas de carv\u00e3o-\u00e1gua, etc\u2026.\u2026<\/p>\n<p><strong>Q5: Este produto vem com alguma precau\u00e7\u00e3o de seguran\u00e7a?<\/strong><br \/>\nAo manusear este produto, voc\u00ea deve sempre tomar as devidas precau\u00e7\u00f5es de seguran\u00e7a, incluindo o uso de roupas de prote\u00e7\u00e3o, como luvas ou respiradores, se necess\u00e1rio, ao manusear este produto pr\u00f3ximo a fuma\u00e7a ou vapores de outros produtos qu\u00edmicos presentes em seu local de aplica\u00e7\u00e3o. Al\u00e9m disso, deve-se sempre ler os r\u00f3tulos dos produtos antes de usar este produto para entender a melhor forma de manuse\u00e1-lo com seguran\u00e7a e evitar poss\u00edveis riscos associados ao seu uso.<\/p>\n<p><strong>Q6: Existe algum dado dispon\u00edvel sobre sua efic\u00e1cia quando usado em diferentes substratos?<\/strong><br \/>\nExistem v\u00e1rios estudos dispon\u00edveis nos quais foram coletados dados sobre a efic\u00e1cia do WT-904 quando usado em substratos, como bolo alba, carbonato de cal, cer\u00e2mica, argila, pigmento de tit\u00e2nio, giz franc\u00eas e pastas de sulfato de b\u00e1rio, mostrando a efic\u00e1cia de seu desempenho em compara\u00e7\u00e3o com outros produtos, como SN 5040 .<\/p>\n<p><a href=\"https:\/\/vcycletech.com\/pt\/categoria-de-produto\/policarboxilico-anti-incrustante-e-dispersante\/\">Obtenha a solu\u00e7\u00e3o anti-incrustante e dispersante policarbox\u00edlico completa.<\/a><\/p>","protected":false},"excerpt":{"rendered":"<p><strong>Dispersante Aquoso WT-904<\/strong> s\u00e3o essenciais para os produtos qu\u00edmicos de tratamento de \u00e1gua, pois reduzem a \u00e1gua necess\u00e1ria em uma mistura de concreto, mantendo sua resist\u00eancia e trabalhabilidade. Os redutores de \u00e1gua s\u00e3o produtos qu\u00edmicos especiais adicionados a uma mistura de concreto antes de ser despejada. Eles podem reduzir a demanda de \u00e1gua em 5-10% e v\u00eam em duas grandes categorias: cati\u00f4nicos e ani\u00f4nicos. As resinas de troca cati\u00f4nica (CER) reduzem efetivamente o PFAS na \u00e1gua pot\u00e1vel. Ao mesmo tempo, lignossulfonatos, \u00e1cidos hidroxicarbox\u00edlicos, pol\u00edmeros hidroxilados e sais de melamina s\u00e3o todos tipos comumente usados de misturas redutoras de \u00e1gua. Agentes redutores de \u00e1gua de \u00e1cido policarbox\u00edlico t\u00eam boas propriedades abrangentes e oferecem uma boa perspectiva. Os pre\u00e7os desses produtos qu\u00edmicos variam de acordo com o tipo e a quantidade adquirida.<\/p>","protected":false},"featured_media":2833,"template":"","meta":{"site-sidebar-layout":"default","site-content-layout":"default","ast-site-content-layout":"default","site-content-style":"default","site-sidebar-style":"default","ast-global-header-display":"","ast-banner-title-visibility":"","ast-main-header-display":"","ast-hfb-above-header-display":"","ast-hfb-below-header-display":"","ast-hfb-mobile-header-display":"","site-post-title":"","ast-breadcrumbs-content":"","ast-featured-img":"","footer-sml-layout":"","ast-disable-related-posts":"","theme-transparent-header-meta":"default","adv-header-id-meta":"","stick-header-meta":"default","header-above-stick-meta":"","header-main-stick-meta":"","header-below-stick-meta":"","astra-migrate-meta-layouts":"default","ast-page-background-enabled":"default","ast-page-background-meta":{"desktop":{"background-color":"","background-image":"","background-repeat":"repeat","background-position":"center center","background-size":"auto","background-attachment":"scroll","background-type":"","background-media":"","overlay-type":"","overlay-color":"","overlay-opacity":"","overlay-gradient":""},"tablet":{"background-color":"","background-image":"","background-repeat":"repeat","background-position":"center center","background-size":"auto","background-attachment":"scroll","background-type":"","background-media":"","overlay-type":"","overlay-color":"","overlay-opacity":"","overlay-gradient":""},"mobile":{"background-color":"","background-image":"","background-repeat":"repeat","background-position":"center center","background-size":"auto","background-attachment":"scroll","background-type":"","background-media":"","overlay-type":"","overlay-color":"","overlay-opacity":"","overlay-gradient":""}},"ast-content-background-meta":{"desktop":{"background-color":"var(--ast-global-color-5)","background-image":"","background-repeat":"repeat","background-position":"center center","background-size":"auto","background-attachment":"scroll","background-type":"","background-media":"","overlay-type":"","overlay-color":"","overlay-opacity":"","overlay-gradient":""},"tablet":{"background-color":"var(--ast-global-color-5)","background-image":"","background-repeat":"repeat","background-position":"center center","background-size":"auto","background-attachment":"scroll","background-type":"","background-media":"","overlay-type":"","overlay-color":"","overlay-opacity":"","overlay-gradient":""},"mobile":{"background-color":"var(--ast-global-color-5)","background-image":"","background-repeat":"repeat","background-position":"center center","background-size":"auto","background-attachment":"scroll","background-type":"","background-media":"","overlay-type":"","overlay-color":"","overlay-opacity":"","overlay-gradient":""}}},"product_brand":[],"product_cat":[28],"product_tag":[],"class_list":{"0":"post-1249","1":"product","2":"type-product","3":"status-publish","4":"has-post-thumbnail","6":"product_cat-polycarboxylic-antiscalant-and-dispersant","7":"desktop-align-left","8":"tablet-align-left","9":"mobile-align-left","10":"ast-product-gallery-layout-horizontal-slider","11":"ast-product-gallery-with-no-image","12":"ast-product-tabs-layout-horizontal","14":"first","15":"instock","16":"shipping-taxable","17":"product-type-simple"},"yoast_head":"<!-- This site is optimized with the Yoast SEO Premium plugin v26.3 (Yoast SEO v27.3) - https:\/\/yoast.com\/product\/yoast-seo-premium-wordpress\/ -->\n<title>WT-904 Aqueous Dispersant - vcycletech<\/title>\n<meta name=\"description\" content=\"Get the lowest prices on water treatment chemicals with Water Reducer,WT-904 Aqueous Dispersant! Make sure to keep your home safe and clean with quality products.\" \/>\n<meta name=\"robots\" content=\"index, follow, max-snippet:-1, max-image-preview:large, max-video-preview:-1\" \/>\n<link rel=\"canonical\" href=\"https:\/\/vcycletech.com\/pt\/produtos\/wt-904-aquoso-dispersante\/\" \/>\n<meta property=\"og:locale\" content=\"pt_PT\" \/>\n<meta property=\"og:type\" content=\"article\" \/>\n<meta property=\"og:title\" content=\"WT-904 Aqueous Dispersant\" \/>\n<meta property=\"og:description\" content=\"Get the lowest prices on water treatment chemicals with Water Reducer,WT-904 Aqueous Dispersant! Make sure to keep your home safe and clean with quality products.\" \/>\n<meta property=\"og:url\" content=\"https:\/\/vcycletech.com\/pt\/produtos\/wt-904-aquoso-dispersante\/\" \/>\n<meta property=\"og:site_name\" content=\"vcycletech\" \/>\n<meta property=\"article:modified_time\" content=\"2023-03-27T04:55:14+00:00\" \/>\n<meta property=\"og:image\" content=\"https:\/\/vcycletech.com\/wp-content\/uploads\/2023\/03\/\u672a\u547d\u540d\u7684\u8bbe\u8ba1-2-23.png\" \/>\n\t<meta property=\"og:image:width\" content=\"600\" \/>\n\t<meta property=\"og:image:height\" content=\"600\" \/>\n\t<meta property=\"og:image:type\" content=\"image\/png\" \/>\n<meta name=\"twitter:card\" content=\"summary_large_image\" \/>\n<meta name=\"twitter:label1\" content=\"Tempo estimado de leitura\" \/>\n\t<meta name=\"twitter:data1\" content=\"4 minutos\" \/>\n<script type=\"application\/ld+json\" class=\"yoast-schema-graph\">{\"@context\":\"https:\\\/\\\/schema.org\",\"@graph\":[{\"@type\":\"WebPage\",\"@id\":\"https:\\\/\\\/vcycletech.com\\\/product\\\/wt-904-aqueous-dispersant\\\/\",\"url\":\"https:\\\/\\\/vcycletech.com\\\/product\\\/wt-904-aqueous-dispersant\\\/\",\"name\":\"WT-904 Aqueous Dispersant - vcycletech\",\"isPartOf\":{\"@id\":\"https:\\\/\\\/vcycletech.com\\\/#website\"},\"primaryImageOfPage\":{\"@id\":\"https:\\\/\\\/vcycletech.com\\\/product\\\/wt-904-aqueous-dispersant\\\/#primaryimage\"},\"image\":{\"@id\":\"https:\\\/\\\/vcycletech.com\\\/product\\\/wt-904-aqueous-dispersant\\\/#primaryimage\"},\"thumbnailUrl\":\"https:\\\/\\\/vcycletech.com\\\/wp-content\\\/uploads\\\/2023\\\/03\\\/\u672a\u547d\u540d\u7684\u8bbe\u8ba1-2-23.png\",\"datePublished\":\"2023-03-21T12:20:20+00:00\",\"dateModified\":\"2023-03-27T04:55:14+00:00\",\"description\":\"Get the lowest prices on water treatment chemicals with Water Reducer,WT-904 Aqueous Dispersant! Make sure to keep your home safe and clean with quality products.\",\"breadcrumb\":{\"@id\":\"https:\\\/\\\/vcycletech.com\\\/product\\\/wt-904-aqueous-dispersant\\\/#breadcrumb\"},\"inLanguage\":\"pt-PT\",\"potentialAction\":[{\"@type\":\"ReadAction\",\"target\":[\"https:\\\/\\\/vcycletech.com\\\/product\\\/wt-904-aqueous-dispersant\\\/\"]}]},{\"@type\":\"ImageObject\",\"inLanguage\":\"pt-PT\",\"@id\":\"https:\\\/\\\/vcycletech.com\\\/product\\\/wt-904-aqueous-dispersant\\\/#primaryimage\",\"url\":\"https:\\\/\\\/vcycletech.com\\\/wp-content\\\/uploads\\\/2023\\\/03\\\/\u672a\u547d\u540d\u7684\u8bbe\u8ba1-2-23.png\",\"contentUrl\":\"https:\\\/\\\/vcycletech.com\\\/wp-content\\\/uploads\\\/2023\\\/03\\\/\u672a\u547d\u540d\u7684\u8bbe\u8ba1-2-23.png\",\"width\":600,\"height\":600,\"caption\":\"WT-904 Aqueous Dispersant\"},{\"@type\":\"BreadcrumbList\",\"@id\":\"https:\\\/\\\/vcycletech.com\\\/product\\\/wt-904-aqueous-dispersant\\\/#breadcrumb\",\"itemListElement\":[{\"@type\":\"ListItem\",\"position\":1,\"name\":\"Home\",\"item\":\"https:\\\/\\\/vcycletech.com\\\/\"},{\"@type\":\"ListItem\",\"position\":2,\"name\":\"Water Treatment Chemicals Manufacturer\",\"item\":\"https:\\\/\\\/vcycletech.com\\\/water-treatment-chemicals-manufacturer\\\/\"},{\"@type\":\"ListItem\",\"position\":3,\"name\":\"WT-904 Aqueous Dispersant\"}]},{\"@type\":\"WebSite\",\"@id\":\"https:\\\/\\\/vcycletech.com\\\/#website\",\"url\":\"https:\\\/\\\/vcycletech.com\\\/\",\"name\":\"vcycletech\",\"description\":\"China&#039;s top water treatment chemicals supplier\",\"publisher\":{\"@id\":\"https:\\\/\\\/vcycletech.com\\\/#organization\"},\"potentialAction\":[{\"@type\":\"SearchAction\",\"target\":{\"@type\":\"EntryPoint\",\"urlTemplate\":\"https:\\\/\\\/vcycletech.com\\\/?s={search_term_string}\"},\"query-input\":{\"@type\":\"PropertyValueSpecification\",\"valueRequired\":true,\"valueName\":\"search_term_string\"}}],\"inLanguage\":\"pt-PT\"},{\"@type\":\"Organization\",\"@id\":\"https:\\\/\\\/vcycletech.com\\\/#organization\",\"name\":\"vcycletech\",\"url\":\"https:\\\/\\\/vcycletech.com\\\/\",\"logo\":{\"@type\":\"ImageObject\",\"inLanguage\":\"pt-PT\",\"@id\":\"https:\\\/\\\/vcycletech.com\\\/#\\\/schema\\\/logo\\\/image\\\/\",\"url\":\"https:\\\/\\\/vcycletech.com\\\/wp-content\\\/uploads\\\/2023\\\/03\\\/logo-vcycletech-1.png\",\"contentUrl\":\"https:\\\/\\\/vcycletech.com\\\/wp-content\\\/uploads\\\/2023\\\/03\\\/logo-vcycletech-1.png\",\"width\":600,\"height\":400,\"caption\":\"vcycletech\"},\"image\":{\"@id\":\"https:\\\/\\\/vcycletech.com\\\/#\\\/schema\\\/logo\\\/image\\\/\"}}]}<\/script>\n<!-- \/ Yoast SEO Premium plugin. -->","yoast_head_json":{"title":"Dispersante Aquoso WT-904 - vcycletech","description":"Obtenha os pre\u00e7os mais baixos em produtos qu\u00edmicos para tratamento de \u00e1gua com o Redutor de \u00c1gua, Dispersante Aquoso WT-904! Certifique-se de manter sua casa segura e limpa com produtos de qualidade.","robots":{"index":"index","follow":"follow","max-snippet":"max-snippet:-1","max-image-preview":"max-image-preview:large","max-video-preview":"max-video-preview:-1"},"canonical":"https:\/\/vcycletech.com\/pt\/produtos\/wt-904-aquoso-dispersante\/","og_locale":"pt_PT","og_type":"article","og_title":"WT-904 Aqueous Dispersant","og_description":"Get the lowest prices on water treatment chemicals with Water Reducer,WT-904 Aqueous Dispersant! Make sure to keep your home safe and clean with quality products.","og_url":"https:\/\/vcycletech.com\/pt\/produtos\/wt-904-aquoso-dispersante\/","og_site_name":"vcycletech","article_modified_time":"2023-03-27T04:55:14+00:00","og_image":[{"width":600,"height":600,"url":"https:\/\/vcycletech.com\/wp-content\/uploads\/2023\/03\/\u672a\u547d\u540d\u7684\u8bbe\u8ba1-2-23.png","type":"image\/png"}],"twitter_card":"summary_large_image","twitter_misc":{"Tempo estimado de leitura":"4 minutos"},"schema":{"@context":"https:\/\/schema.org","@graph":[{"@type":"WebPage","@id":"https:\/\/vcycletech.com\/product\/wt-904-aqueous-dispersant\/","url":"https:\/\/vcycletech.com\/product\/wt-904-aqueous-dispersant\/","name":"Dispersante Aquoso WT-904 - vcycletech","isPartOf":{"@id":"https:\/\/vcycletech.com\/#website"},"primaryImageOfPage":{"@id":"https:\/\/vcycletech.com\/product\/wt-904-aqueous-dispersant\/#primaryimage"},"image":{"@id":"https:\/\/vcycletech.com\/product\/wt-904-aqueous-dispersant\/#primaryimage"},"thumbnailUrl":"https:\/\/vcycletech.com\/wp-content\/uploads\/2023\/03\/\u672a\u547d\u540d\u7684\u8bbe\u8ba1-2-23.png","datePublished":"2023-03-21T12:20:20+00:00","dateModified":"2023-03-27T04:55:14+00:00","description":"Obtenha os pre\u00e7os mais baixos em produtos qu\u00edmicos para tratamento de \u00e1gua com o Redutor de \u00c1gua, Dispersante Aquoso WT-904! Certifique-se de manter sua casa segura e limpa com produtos de qualidade.","breadcrumb":{"@id":"https:\/\/vcycletech.com\/product\/wt-904-aqueous-dispersant\/#breadcrumb"},"inLanguage":"pt-PT","potentialAction":[{"@type":"ReadAction","target":["https:\/\/vcycletech.com\/product\/wt-904-aqueous-dispersant\/"]}]},{"@type":"ImageObject","inLanguage":"pt-PT","@id":"https:\/\/vcycletech.com\/product\/wt-904-aqueous-dispersant\/#primaryimage","url":"https:\/\/vcycletech.com\/wp-content\/uploads\/2023\/03\/\u672a\u547d\u540d\u7684\u8bbe\u8ba1-2-23.png","contentUrl":"https:\/\/vcycletech.com\/wp-content\/uploads\/2023\/03\/\u672a\u547d\u540d\u7684\u8bbe\u8ba1-2-23.png","width":600,"height":600,"caption":"WT-904 Aqueous Dispersant"},{"@type":"BreadcrumbList","@id":"https:\/\/vcycletech.com\/product\/wt-904-aqueous-dispersant\/#breadcrumb","itemListElement":[{"@type":"ListItem","position":1,"name":"Home","item":"https:\/\/vcycletech.com\/"},{"@type":"ListItem","position":2,"name":"Water Treatment Chemicals Manufacturer","item":"https:\/\/vcycletech.com\/water-treatment-chemicals-manufacturer\/"},{"@type":"ListItem","position":3,"name":"WT-904 Aqueous Dispersant"}]},{"@type":"WebSite","@id":"https:\/\/vcycletech.com\/#website","url":"https:\/\/vcycletech.com\/","name":"vcycletech","description":"China&#039;principal fornecedor de produtos qu\u00edmicos para tratamento de \u00e1gua","publisher":{"@id":"https:\/\/vcycletech.com\/#organization"},"potentialAction":[{"@type":"SearchAction","target":{"@type":"EntryPoint","urlTemplate":"https:\/\/vcycletech.com\/?s={search_term_string}"},"query-input":{"@type":"PropertyValueSpecification","valueRequired":true,"valueName":"search_term_string"}}],"inLanguage":"pt-PT"},{"@type":"Organization","@id":"https:\/\/vcycletech.com\/#organization","name":"vcycletech","url":"https:\/\/vcycletech.com\/","logo":{"@type":"ImageObject","inLanguage":"pt-PT","@id":"https:\/\/vcycletech.com\/#\/schema\/logo\/image\/","url":"https:\/\/vcycletech.com\/wp-content\/uploads\/2023\/03\/logo-vcycletech-1.png","contentUrl":"https:\/\/vcycletech.com\/wp-content\/uploads\/2023\/03\/logo-vcycletech-1.png","width":600,"height":400,"caption":"vcycletech"},"image":{"@id":"https:\/\/vcycletech.com\/#\/schema\/logo\/image\/"}}]}},"_links":{"self":[{"href":"https:\/\/vcycletech.com\/pt\/wp-json\/wp\/v2\/product\/1249","targetHints":{"allow":["GET"]}}],"collection":[{"href":"https:\/\/vcycletech.com\/pt\/wp-json\/wp\/v2\/product"}],"about":[{"href":"https:\/\/vcycletech.com\/pt\/wp-json\/wp\/v2\/types\/product"}],"wp:featuredmedia":[{"embeddable":true,"href":"https:\/\/vcycletech.com\/pt\/wp-json\/wp\/v2\/media\/2833"}],"wp:attachment":[{"href":"https:\/\/vcycletech.com\/pt\/wp-json\/wp\/v2\/media?parent=1249"}],"wp:term":[{"taxonomy":"product_brand","embeddable":true,"href":"https:\/\/vcycletech.com\/pt\/wp-json\/wp\/v2\/product_brand?post=1249"},{"taxonomy":"product_cat","embeddable":true,"href":"https:\/\/vcycletech.com\/pt\/wp-json\/wp\/v2\/product_cat?post=1249"},{"taxonomy":"product_tag","embeddable":true,"href":"https:\/\/vcycletech.com\/pt\/wp-json\/wp\/v2\/product_tag?post=1249"}],"curies":[{"name":"wp","href":"https:\/\/api.w.org\/{rel}","templated":true}]}}