{"id":1239,"date":"2023-03-21T12:03:34","date_gmt":"2023-03-21T12:03:34","guid":{"rendered":"https:\/\/vcycletech.com\/?post_type=product&#038;p=1239"},"modified":"2023-03-27T05:01:08","modified_gmt":"2023-03-27T05:01:08","slug":"wt-2000-carboxilato-sulfonato-copolimero","status":"publish","type":"product","link":"https:\/\/vcycletech.com\/pt\/produtos\/wt-2000-carboxilato-sulfonato-copolimero\/","title":{"rendered":"Copol\u00edmero de carboxilato-sulfonato WT-2000"},"content":{"rendered":"<h3>Propriedades:<\/h3>\n<p><strong>WT-2000<\/strong> \u00e9 um copol\u00edmero de acr\u00edlico-acrilato-sulfosato, que fornece excelente inibi\u00e7\u00e3o de incrusta\u00e7\u00f5es para fosfato de c\u00e1lcio, carbonato de c\u00e1lcio e outros minerais inorg\u00e2nicos. Ele pode efetivamente estabilizar o fosfato de c\u00e1lcio em f\u00f3rmulas contendo fosfato e estabilizar o zinco para formula\u00e7\u00f5es com componentes de zinco. Al\u00e9m disso, pode dispersar micropart\u00edculas inorg\u00e2nicas sem ser afetado por mudan\u00e7as de pH.<\/p>\n<p><strong>WT-2000<\/strong> \u00e9 extremamente \u00fatil como dispersante mineral e estabilizador de fosfato de c\u00e1lcio em todas as f\u00f3rmulas org\u00e2nicas de tratamento de \u00e1gua.<\/p>\n<h3>Especifica\u00e7\u00e3o:<\/h3>\n<div id=\"footable_parent_1243\"\n         class=\"footable_parent ninja_table_wrapper loading_ninja_table wp_table_data_press_parent semantic_ui\">\n                <table data-ninja_table_instance=\"ninja_table_instance_0\" data-footable_id=\"1243\" data-filter-delay=\"1000\" aria-label=\"Copol\u00edmero de carboxilato-sulfonato KR-2000.csv\"            id=\"footable_1243\"\n           data-unique_identifier=\"ninja_table_unique_id_288458114_1243\"\n           class=\"foo-table ninja_footable foo_table_1243 ninja_table_unique_id_288458114_1243 ui table  nt_type_legacy_table selectable striped vertical_centered  footable-paging-right ninja_table_pro\">\n                <colgroup>\n                            <col class=\"ninja_column_0\">\n                            <col class=\"ninja_column_1\">\n                    <\/colgroup>\n        <thead>\n<tr class=\"footable-header\">\n                                        <th scope=\"col\"  class=\"ninja_column_0 ninja_clmn_nm_items\">Itens<\/th><th scope=\"col\"  class=\"ninja_column_1 ninja_clmn_nm_index\">\u00cdndice<\/th><\/tr>\n<\/thead>\n<tbody>\n\n        <tr data-row_id=\"301\" class=\"ninja_table_row_0 nt_row_id_301\">\n            <td>Apar\u00eancia<\/td><td>L\u00edquido transparente incolor a amarelo p\u00e1lido<\/td>        <\/tr>\n            <tr data-row_id=\"302\" class=\"ninja_table_row_1 nt_row_id_302\">\n            <td>Conte\u00fado s\u00f3lido, %<\/td><td>42.0-44.0<\/td>        <\/tr>\n            <tr data-row_id=\"303\" class=\"ninja_table_row_2 nt_row_id_303\">\n            <td>Densidade (20 \u2103), g\/cm3<\/td><td>1,15min<\/td>        <\/tr>\n            <tr data-row_id=\"304\" class=\"ninja_table_row_3 nt_row_id_304\">\n            <td>pH (como ele)<\/td><td>3.8-4.6<\/td>        <\/tr>\n            <tr data-row_id=\"305\" class=\"ninja_table_row_4 nt_row_id_305\">\n            <td>Viscosidade(25\u2103), mPa\u2022s<\/td><td>300-500<\/td>        <\/tr>\n    <\/tbody><!--ninja_tobody_rendering_done-->\n    <\/table>\n    \n    \n    \n<\/div>\n\n<h3>Uso:<\/h3>\n<p><strong>WT-2000<\/strong> pode ser usado como um inibidor de incrusta\u00e7\u00e3o na circula\u00e7\u00e3o de \u00e1gua fria e de caldeira. Quando usado sozinho, 10-30mg\/L \u00e9 a dosagem preferida. Quando usado em outros campos, a dosagem deve ser determinada por meio de experimenta\u00e7\u00e3o.<\/p>\n<h3>Embalagem e armazenamento:<\/h3>\n<p>A embalagem inclui um tambor pl\u00e1stico de 200L e um cont\u00eainer IBC (1000L); personaliza\u00e7\u00e3o tamb\u00e9m est\u00e1 dispon\u00edvel. O WT-2000 deve ser armazenado em uma \u00e1rea seca e bem ventilada sem luz solar por at\u00e9 dez meses para garantir efic\u00e1cia a longo prazo.<\/p>\n<h3>Perguntas frequentes:<\/h3>\n<p><strong>Q1: O que \u00e9 um copol\u00edmero carboxilato-sulfonato?<\/strong><br \/>\nUm copol\u00edmero carboxilato-sulfonato \u00e9 um tipo de pol\u00edmero sint\u00e9tico feito de uma combina\u00e7\u00e3o de mon\u00f4meros de \u00e1cido carbox\u00edlico e \u00e1cido sulf\u00f4nico. Esse tipo de pol\u00edmero \u00e9 usado em muitas aplica\u00e7\u00f5es industriais e comerciais, como produtos qu\u00edmicos para tratamento de \u00e1gua, produtos qu\u00edmicos agr\u00edcolas, tintas, detergentes e muito mais.<\/p>\n<p><strong>Q2: Quais s\u00e3o os benef\u00edcios de usar o copol\u00edmero de carboxilatos-sulfonato WT-2000 para tratamento de \u00e1gua?<\/strong><br \/>\nO copol\u00edmero de carboxilatos-sulfonato WT-2000 oferece desempenho superior para aplica\u00e7\u00f5es de tratamento de \u00e1gua devido \u00e0 sua estrutura molecular exclusiva. Possui excelentes caracter\u00edsticas de solubilidade, baixo perfil de toxicidade, alta capacidade de adsor\u00e7\u00e3o de \u00edons met\u00e1licos e outros poluentes, boa estabilidade t\u00e9rmica e resist\u00eancia qu\u00edmica. Al\u00e9m disso, esse copol\u00edmero pode ser adaptado para atender \u00e0s necessidades espec\u00edficas do cliente, variando seu peso molecular ou adicionando grupos funcionais adicionais. Isso o torna a escolha ideal para opera\u00e7\u00f5es de tratamento de \u00e1gua.<\/p>\n<p><strong>Q3: Quais s\u00e3o as diferentes formas em que o copol\u00edmero de carboxilatos-sulfonato WT-2000 est\u00e1 dispon\u00edvel?<\/strong><br \/>\nO copol\u00edmero carboxilatos-sulfonato WT-2000 pode ser fornecido tanto na forma s\u00f3lida (gr\u00e2nulos) quanto na forma de solu\u00e7\u00e3o, dependendo dos requisitos da aplica\u00e7\u00e3o. A forma da solu\u00e7\u00e3o pode variar ainda mais com base no grau de viscosidade ou nos n\u00edveis de concentra\u00e7\u00e3o da solu\u00e7\u00e3o, de modo que seja adequada para qualquer processo de tratamento de \u00e1gua.<\/p>\n<p><strong>Q4: Existe algum equipamento especial necess\u00e1rio para uso com os copol\u00edmeros de sulfona\u00e7\u00e3o de carboxilatos WT -2000?<\/strong><br \/>\nEmbora nenhum equipamento especial seja necess\u00e1rio ao usar os Copol\u00edmeros de Sulfona\u00e7\u00e3o de Carboxilatos WT 2000, \u00e9 importante garantir que todas as condi\u00e7\u00f5es do processo sejam monitoradas de perto durante as opera\u00e7\u00f5es para obter o m\u00e1ximo desempenho do produto. O controle de temperatura tamb\u00e9m deve ser mantido para garantir taxas de dissolu\u00e7\u00e3o adequadas e desempenho ideal do copol\u00edmero ao longo de seu ciclo de vida.<\/p>\n<p><strong>Q5: Que considera\u00e7\u00f5es de seguran\u00e7a devem ser tomadas ao usar copol\u00edmeros de sulfona\u00e7\u00e3o de carboxilatos WT -2000?<\/strong><br \/>\nTodas as instru\u00e7\u00f5es de seguran\u00e7a fornecidas com o produto devem ser sempre seguidas ao usar o copol\u00edmero de sulfona\u00e7\u00e3o de carboxilatos WT-2000 para opera\u00e7\u00f5es de tratamento de \u00e1gua, a fim de evitar quaisquer riscos potenciais associados ao manuseio de produtos qu\u00edmicos ou exposi\u00e7\u00e3o a materiais perigosos liberados durante os processos de opera\u00e7\u00e3o. Al\u00e9m disso, equipamentos de prote\u00e7\u00e3o, como luvas e \u00f3culos, sempre devem ser usados ao manusear solu\u00e7\u00f5es contendo este copol\u00edmero, a fim de evitar o contato com a pele e reduzir os riscos potenciais de inala\u00e7\u00e3o associados a part\u00edculas transportadas pelo ar liberadas durante as atividades de processamento.<\/p>\n<p><a href=\"https:\/\/vcycletech.com\/pt\/categoria-de-produto\/policarboxilico-anti-incrustante-e-dispersante\/\">Obtenha a solu\u00e7\u00e3o anti-incrustante e dispersante policarbox\u00edlico completa.<\/a><\/p>","protected":false},"excerpt":{"rendered":"<p><strong>Copol\u00edmero de carboxilato-sulfonato WT-2000<\/strong> \u00e9 um produto qu\u00edmico de tratamento de \u00e1gua que inibe a incrusta\u00e7\u00e3o e dispersa as part\u00edculas. \u00c9 um copol\u00edmero de sulfosato de acr\u00edlico-acrilato, tornando-o um inibidor eficaz de fosfato de c\u00e1lcio, carbonato de c\u00e1lcio e outros minerais inorg\u00e2nicos. Possui boa inibi\u00e7\u00e3o para grupos funcionais de s\u00edlica e silicato de magn\u00e9sio, \u00e1cido s\u00f3lido (sulfonato) e \u00e1cido fraco (carboxilato) que fornecem \u00f3timas propriedades anti-incrusta\u00e7\u00e3o\/dispersante. <strong>WT-2000<\/strong> tamb\u00e9m est\u00e1 dispon\u00edvel no solvente org\u00e2nico, com US$1.800-2.000 por tonelada. Isso o torna a escolha ideal para formuladores industriais que procuram solu\u00e7\u00f5es econ\u00f4micas para produtos qu\u00edmicos de tratamento de \u00e1gua.<\/p>","protected":false},"featured_media":2826,"template":"","meta":{"site-sidebar-layout":"default","site-content-layout":"default","ast-site-content-layout":"default","site-content-style":"default","site-sidebar-style":"default","ast-global-header-display":"","ast-banner-title-visibility":"","ast-main-header-display":"","ast-hfb-above-header-display":"","ast-hfb-below-header-display":"","ast-hfb-mobile-header-display":"","site-post-title":"","ast-breadcrumbs-content":"","ast-featured-img":"","footer-sml-layout":"","ast-disable-related-posts":"","theme-transparent-header-meta":"default","adv-header-id-meta":"","stick-header-meta":"default","header-above-stick-meta":"","header-main-stick-meta":"","header-below-stick-meta":"","astra-migrate-meta-layouts":"default","ast-page-background-enabled":"default","ast-page-background-meta":{"desktop":{"background-color":"","background-image":"","background-repeat":"repeat","background-position":"center center","background-size":"auto","background-attachment":"scroll","background-type":"","background-media":"","overlay-type":"","overlay-color":"","overlay-opacity":"","overlay-gradient":""},"tablet":{"background-color":"","background-image":"","background-repeat":"repeat","background-position":"center center","background-size":"auto","background-attachment":"scroll","background-type":"","background-media":"","overlay-type":"","overlay-color":"","overlay-opacity":"","overlay-gradient":""},"mobile":{"background-color":"","background-image":"","background-repeat":"repeat","background-position":"center center","background-size":"auto","background-attachment":"scroll","background-type":"","background-media":"","overlay-type":"","overlay-color":"","overlay-opacity":"","overlay-gradient":""}},"ast-content-background-meta":{"desktop":{"background-color":"var(--ast-global-color-5)","background-image":"","background-repeat":"repeat","background-position":"center center","background-size":"auto","background-attachment":"scroll","background-type":"","background-media":"","overlay-type":"","overlay-color":"","overlay-opacity":"","overlay-gradient":""},"tablet":{"background-color":"var(--ast-global-color-5)","background-image":"","background-repeat":"repeat","background-position":"center center","background-size":"auto","background-attachment":"scroll","background-type":"","background-media":"","overlay-type":"","overlay-color":"","overlay-opacity":"","overlay-gradient":""},"mobile":{"background-color":"var(--ast-global-color-5)","background-image":"","background-repeat":"repeat","background-position":"center center","background-size":"auto","background-attachment":"scroll","background-type":"","background-media":"","overlay-type":"","overlay-color":"","overlay-opacity":"","overlay-gradient":""}}},"product_brand":[],"product_cat":[28],"product_tag":[],"class_list":{"0":"post-1239","1":"product","2":"type-product","3":"status-publish","4":"has-post-thumbnail","6":"product_cat-polycarboxylic-antiscalant-and-dispersant","7":"desktop-align-left","8":"tablet-align-left","9":"mobile-align-left","10":"ast-product-gallery-layout-horizontal-slider","11":"ast-product-gallery-with-no-image","12":"ast-product-tabs-layout-horizontal","14":"first","15":"instock","16":"shipping-taxable","17":"product-type-simple"},"yoast_head":"<!-- This site is optimized with the Yoast SEO Premium plugin v26.3 (Yoast SEO v27.3) - https:\/\/yoast.com\/product\/yoast-seo-premium-wordpress\/ -->\n<title>WT-2000 Carboxylate-Sulfonate Copolymer - vcycletech<\/title>\n<meta name=\"description\" content=\"Get the WT-2000 Carboxylate-Sulfonate Copolymer for your water treatment chemicals and achieve amazing results!\" \/>\n<meta name=\"robots\" content=\"index, follow, max-snippet:-1, max-image-preview:large, max-video-preview:-1\" \/>\n<link rel=\"canonical\" href=\"https:\/\/vcycletech.com\/pt\/produtos\/wt-2000-carboxilato-sulfonato-copolimero\/\" \/>\n<meta property=\"og:locale\" content=\"pt_PT\" \/>\n<meta property=\"og:type\" content=\"article\" \/>\n<meta property=\"og:title\" content=\"WT-2000 Carboxylate-Sulfonate Copolymer\" \/>\n<meta property=\"og:description\" content=\"Get the WT-2000 Carboxylate-Sulfonate Copolymer for your water treatment chemicals and achieve amazing results!\" \/>\n<meta property=\"og:url\" content=\"https:\/\/vcycletech.com\/pt\/produtos\/wt-2000-carboxilato-sulfonato-copolimero\/\" \/>\n<meta property=\"og:site_name\" content=\"vcycletech\" \/>\n<meta property=\"article:modified_time\" content=\"2023-03-27T05:01:08+00:00\" \/>\n<meta property=\"og:image\" content=\"https:\/\/vcycletech.com\/wp-content\/uploads\/2023\/03\/\u672a\u547d\u540d\u7684\u8bbe\u8ba1-1-26.png\" \/>\n\t<meta property=\"og:image:width\" content=\"600\" \/>\n\t<meta property=\"og:image:height\" content=\"600\" \/>\n\t<meta property=\"og:image:type\" content=\"image\/png\" \/>\n<meta name=\"twitter:card\" content=\"summary_large_image\" \/>\n<meta name=\"twitter:label1\" content=\"Tempo estimado de leitura\" \/>\n\t<meta name=\"twitter:data1\" content=\"3 minutos\" \/>\n<script type=\"application\/ld+json\" class=\"yoast-schema-graph\">{\"@context\":\"https:\\\/\\\/schema.org\",\"@graph\":[{\"@type\":\"WebPage\",\"@id\":\"https:\\\/\\\/vcycletech.com\\\/product\\\/wt-2000-carboxylate-sulfonate-copolymer\\\/\",\"url\":\"https:\\\/\\\/vcycletech.com\\\/product\\\/wt-2000-carboxylate-sulfonate-copolymer\\\/\",\"name\":\"WT-2000 Carboxylate-Sulfonate Copolymer - vcycletech\",\"isPartOf\":{\"@id\":\"https:\\\/\\\/vcycletech.com\\\/#website\"},\"primaryImageOfPage\":{\"@id\":\"https:\\\/\\\/vcycletech.com\\\/product\\\/wt-2000-carboxylate-sulfonate-copolymer\\\/#primaryimage\"},\"image\":{\"@id\":\"https:\\\/\\\/vcycletech.com\\\/product\\\/wt-2000-carboxylate-sulfonate-copolymer\\\/#primaryimage\"},\"thumbnailUrl\":\"https:\\\/\\\/vcycletech.com\\\/wp-content\\\/uploads\\\/2023\\\/03\\\/\u672a\u547d\u540d\u7684\u8bbe\u8ba1-1-26.png\",\"datePublished\":\"2023-03-21T12:03:34+00:00\",\"dateModified\":\"2023-03-27T05:01:08+00:00\",\"description\":\"Get the WT-2000 Carboxylate-Sulfonate Copolymer for your water treatment chemicals and achieve amazing results!\",\"breadcrumb\":{\"@id\":\"https:\\\/\\\/vcycletech.com\\\/product\\\/wt-2000-carboxylate-sulfonate-copolymer\\\/#breadcrumb\"},\"inLanguage\":\"pt-PT\",\"potentialAction\":[{\"@type\":\"ReadAction\",\"target\":[\"https:\\\/\\\/vcycletech.com\\\/product\\\/wt-2000-carboxylate-sulfonate-copolymer\\\/\"]}]},{\"@type\":\"ImageObject\",\"inLanguage\":\"pt-PT\",\"@id\":\"https:\\\/\\\/vcycletech.com\\\/product\\\/wt-2000-carboxylate-sulfonate-copolymer\\\/#primaryimage\",\"url\":\"https:\\\/\\\/vcycletech.com\\\/wp-content\\\/uploads\\\/2023\\\/03\\\/\u672a\u547d\u540d\u7684\u8bbe\u8ba1-1-26.png\",\"contentUrl\":\"https:\\\/\\\/vcycletech.com\\\/wp-content\\\/uploads\\\/2023\\\/03\\\/\u672a\u547d\u540d\u7684\u8bbe\u8ba1-1-26.png\",\"width\":600,\"height\":600,\"caption\":\"WT-2000 Carboxylate-Sulfonate Copolymer\"},{\"@type\":\"BreadcrumbList\",\"@id\":\"https:\\\/\\\/vcycletech.com\\\/product\\\/wt-2000-carboxylate-sulfonate-copolymer\\\/#breadcrumb\",\"itemListElement\":[{\"@type\":\"ListItem\",\"position\":1,\"name\":\"Home\",\"item\":\"https:\\\/\\\/vcycletech.com\\\/\"},{\"@type\":\"ListItem\",\"position\":2,\"name\":\"Water Treatment Chemicals Manufacturer\",\"item\":\"https:\\\/\\\/vcycletech.com\\\/water-treatment-chemicals-manufacturer\\\/\"},{\"@type\":\"ListItem\",\"position\":3,\"name\":\"WT-2000 Carboxylate-Sulfonate Copolymer\"}]},{\"@type\":\"WebSite\",\"@id\":\"https:\\\/\\\/vcycletech.com\\\/#website\",\"url\":\"https:\\\/\\\/vcycletech.com\\\/\",\"name\":\"vcycletech\",\"description\":\"China&#039;s top water treatment chemicals supplier\",\"publisher\":{\"@id\":\"https:\\\/\\\/vcycletech.com\\\/#organization\"},\"potentialAction\":[{\"@type\":\"SearchAction\",\"target\":{\"@type\":\"EntryPoint\",\"urlTemplate\":\"https:\\\/\\\/vcycletech.com\\\/?s={search_term_string}\"},\"query-input\":{\"@type\":\"PropertyValueSpecification\",\"valueRequired\":true,\"valueName\":\"search_term_string\"}}],\"inLanguage\":\"pt-PT\"},{\"@type\":\"Organization\",\"@id\":\"https:\\\/\\\/vcycletech.com\\\/#organization\",\"name\":\"vcycletech\",\"url\":\"https:\\\/\\\/vcycletech.com\\\/\",\"logo\":{\"@type\":\"ImageObject\",\"inLanguage\":\"pt-PT\",\"@id\":\"https:\\\/\\\/vcycletech.com\\\/#\\\/schema\\\/logo\\\/image\\\/\",\"url\":\"https:\\\/\\\/vcycletech.com\\\/wp-content\\\/uploads\\\/2023\\\/03\\\/logo-vcycletech-1.png\",\"contentUrl\":\"https:\\\/\\\/vcycletech.com\\\/wp-content\\\/uploads\\\/2023\\\/03\\\/logo-vcycletech-1.png\",\"width\":600,\"height\":400,\"caption\":\"vcycletech\"},\"image\":{\"@id\":\"https:\\\/\\\/vcycletech.com\\\/#\\\/schema\\\/logo\\\/image\\\/\"}}]}<\/script>\n<!-- \/ Yoast SEO Premium plugin. -->","yoast_head_json":{"title":"Copol\u00edmero de carboxilato-sulfonato WT-2000 - vcycletech","description":"Obtenha o Copol\u00edmero Carboxilato-Sulfonato WT-2000 para seus produtos qu\u00edmicos de tratamento de \u00e1gua e obtenha resultados surpreendentes!","robots":{"index":"index","follow":"follow","max-snippet":"max-snippet:-1","max-image-preview":"max-image-preview:large","max-video-preview":"max-video-preview:-1"},"canonical":"https:\/\/vcycletech.com\/pt\/produtos\/wt-2000-carboxilato-sulfonato-copolimero\/","og_locale":"pt_PT","og_type":"article","og_title":"WT-2000 Carboxylate-Sulfonate Copolymer","og_description":"Get the WT-2000 Carboxylate-Sulfonate Copolymer for your water treatment chemicals and achieve amazing results!","og_url":"https:\/\/vcycletech.com\/pt\/produtos\/wt-2000-carboxilato-sulfonato-copolimero\/","og_site_name":"vcycletech","article_modified_time":"2023-03-27T05:01:08+00:00","og_image":[{"width":600,"height":600,"url":"https:\/\/vcycletech.com\/wp-content\/uploads\/2023\/03\/\u672a\u547d\u540d\u7684\u8bbe\u8ba1-1-26.png","type":"image\/png"}],"twitter_card":"summary_large_image","twitter_misc":{"Tempo estimado de leitura":"3 minutos"},"schema":{"@context":"https:\/\/schema.org","@graph":[{"@type":"WebPage","@id":"https:\/\/vcycletech.com\/product\/wt-2000-carboxylate-sulfonate-copolymer\/","url":"https:\/\/vcycletech.com\/product\/wt-2000-carboxylate-sulfonate-copolymer\/","name":"Copol\u00edmero de carboxilato-sulfonato WT-2000 - vcycletech","isPartOf":{"@id":"https:\/\/vcycletech.com\/#website"},"primaryImageOfPage":{"@id":"https:\/\/vcycletech.com\/product\/wt-2000-carboxylate-sulfonate-copolymer\/#primaryimage"},"image":{"@id":"https:\/\/vcycletech.com\/product\/wt-2000-carboxylate-sulfonate-copolymer\/#primaryimage"},"thumbnailUrl":"https:\/\/vcycletech.com\/wp-content\/uploads\/2023\/03\/\u672a\u547d\u540d\u7684\u8bbe\u8ba1-1-26.png","datePublished":"2023-03-21T12:03:34+00:00","dateModified":"2023-03-27T05:01:08+00:00","description":"Obtenha o Copol\u00edmero Carboxilato-Sulfonato WT-2000 para seus produtos qu\u00edmicos de tratamento de \u00e1gua e obtenha resultados surpreendentes!","breadcrumb":{"@id":"https:\/\/vcycletech.com\/product\/wt-2000-carboxylate-sulfonate-copolymer\/#breadcrumb"},"inLanguage":"pt-PT","potentialAction":[{"@type":"ReadAction","target":["https:\/\/vcycletech.com\/product\/wt-2000-carboxylate-sulfonate-copolymer\/"]}]},{"@type":"ImageObject","inLanguage":"pt-PT","@id":"https:\/\/vcycletech.com\/product\/wt-2000-carboxylate-sulfonate-copolymer\/#primaryimage","url":"https:\/\/vcycletech.com\/wp-content\/uploads\/2023\/03\/\u672a\u547d\u540d\u7684\u8bbe\u8ba1-1-26.png","contentUrl":"https:\/\/vcycletech.com\/wp-content\/uploads\/2023\/03\/\u672a\u547d\u540d\u7684\u8bbe\u8ba1-1-26.png","width":600,"height":600,"caption":"WT-2000 Carboxylate-Sulfonate Copolymer"},{"@type":"BreadcrumbList","@id":"https:\/\/vcycletech.com\/product\/wt-2000-carboxylate-sulfonate-copolymer\/#breadcrumb","itemListElement":[{"@type":"ListItem","position":1,"name":"Home","item":"https:\/\/vcycletech.com\/"},{"@type":"ListItem","position":2,"name":"Water Treatment Chemicals Manufacturer","item":"https:\/\/vcycletech.com\/water-treatment-chemicals-manufacturer\/"},{"@type":"ListItem","position":3,"name":"WT-2000 Carboxylate-Sulfonate Copolymer"}]},{"@type":"WebSite","@id":"https:\/\/vcycletech.com\/#website","url":"https:\/\/vcycletech.com\/","name":"vcycletech","description":"China&#039;principal fornecedor de produtos qu\u00edmicos para tratamento de \u00e1gua","publisher":{"@id":"https:\/\/vcycletech.com\/#organization"},"potentialAction":[{"@type":"SearchAction","target":{"@type":"EntryPoint","urlTemplate":"https:\/\/vcycletech.com\/?s={search_term_string}"},"query-input":{"@type":"PropertyValueSpecification","valueRequired":true,"valueName":"search_term_string"}}],"inLanguage":"pt-PT"},{"@type":"Organization","@id":"https:\/\/vcycletech.com\/#organization","name":"vcycletech","url":"https:\/\/vcycletech.com\/","logo":{"@type":"ImageObject","inLanguage":"pt-PT","@id":"https:\/\/vcycletech.com\/#\/schema\/logo\/image\/","url":"https:\/\/vcycletech.com\/wp-content\/uploads\/2023\/03\/logo-vcycletech-1.png","contentUrl":"https:\/\/vcycletech.com\/wp-content\/uploads\/2023\/03\/logo-vcycletech-1.png","width":600,"height":400,"caption":"vcycletech"},"image":{"@id":"https:\/\/vcycletech.com\/#\/schema\/logo\/image\/"}}]}},"_links":{"self":[{"href":"https:\/\/vcycletech.com\/pt\/wp-json\/wp\/v2\/product\/1239","targetHints":{"allow":["GET"]}}],"collection":[{"href":"https:\/\/vcycletech.com\/pt\/wp-json\/wp\/v2\/product"}],"about":[{"href":"https:\/\/vcycletech.com\/pt\/wp-json\/wp\/v2\/types\/product"}],"wp:featuredmedia":[{"embeddable":true,"href":"https:\/\/vcycletech.com\/pt\/wp-json\/wp\/v2\/media\/2826"}],"wp:attachment":[{"href":"https:\/\/vcycletech.com\/pt\/wp-json\/wp\/v2\/media?parent=1239"}],"wp:term":[{"taxonomy":"product_brand","embeddable":true,"href":"https:\/\/vcycletech.com\/pt\/wp-json\/wp\/v2\/product_brand?post=1239"},{"taxonomy":"product_cat","embeddable":true,"href":"https:\/\/vcycletech.com\/pt\/wp-json\/wp\/v2\/product_cat?post=1239"},{"taxonomy":"product_tag","embeddable":true,"href":"https:\/\/vcycletech.com\/pt\/wp-json\/wp\/v2\/product_tag?post=1239"}],"curies":[{"name":"wp","href":"https:\/\/api.w.org\/{rel}","templated":true}]}}