{"id":1234,"date":"2023-03-21T12:15:17","date_gmt":"2023-03-21T12:15:17","guid":{"rendered":"https:\/\/vcycletech.com\/?post_type=product&#038;p=1234"},"modified":"2023-03-21T12:15:18","modified_gmt":"2023-03-21T12:15:18","slug":"nn-dietilhidroxilaminadeha","status":"publish","type":"product","link":"https:\/\/vcycletech.com\/pt\/produtos\/nn-dietilhidroxilaminadeha\/","title":{"rendered":"N,N-Dietilhidroxilamina (DEHA)"},"content":{"rendered":"<h3>F\u00f3rmula Molecular: C4H11NO<\/h3>\n<h3>Peso molecular: 89,14<\/h3>\n<h3>N\u00ba CAS 3710-84-7<\/h3>\n<h3>Especifica\u00e7\u00e3o:<\/h3>\n<div id=\"footable_parent_1236\"\n         class=\"footable_parent ninja_table_wrapper loading_ninja_table wp_table_data_press_parent semantic_ui\">\n                <table data-ninja_table_instance=\"ninja_table_instance_0\" data-footable_id=\"1236\" data-filter-delay=\"1000\" aria-label=\"(DEHA).csv\"            id=\"footable_1236\"\n           data-unique_identifier=\"ninja_table_unique_id_2192216620_1236\"\n           class=\"foo-table ninja_footable foo_table_1236 ninja_table_unique_id_2192216620_1236 ui table  nt_type_legacy_table selectable striped vertical_centered  footable-paging-right ninja_table_pro\">\n                <colgroup>\n                            <col class=\"ninja_column_0\">\n                            <col class=\"ninja_column_1\">\n                    <\/colgroup>\n        <thead>\n<tr class=\"footable-header\">\n                                        <th scope=\"col\"  class=\"ninja_column_0 ninja_clmn_nm_items\">Unid<\/th><th scope=\"col\"  class=\"ninja_column_1 ninja_clmn_nm_index\">\u00cdndice<\/th><\/tr>\n<\/thead>\n<tbody>\n\n        <tr data-row_id=\"296\" class=\"ninja_table_row_0 nt_row_id_296\">\n            <td>Apar\u00eancia<\/td><td>L\u00edquido transparente incolor a amarelo claro<\/td>        <\/tr>\n            <tr data-row_id=\"297\" class=\"ninja_table_row_1 nt_row_id_297\">\n            <td>Conte\u00fado ativo, %<\/td><td>85 minutos<\/td>        <\/tr>\n            <tr data-row_id=\"298\" class=\"ninja_table_row_2 nt_row_id_298\">\n            <td>Umidade, %<\/td><td>15 m\u00e1x.<\/td>        <\/tr>\n            <tr data-row_id=\"299\" class=\"ninja_table_row_3 nt_row_id_299\">\n            <td>Dietilamina, %<\/td><td>1,0 m\u00e1x.<\/td>        <\/tr>\n            <tr data-row_id=\"300\" class=\"ninja_table_row_4 nt_row_id_300\">\n            <td>Cor (APHA)<\/td><td>300 m\u00e1x.<\/td>        <\/tr>\n    <\/tbody><!--ninja_tobody_rendering_done-->\n    <\/table>\n    \n    \n    \n<\/div>\n\n<h3>Propriedades:<\/h3>\n<p><strong>N, N-dietilhidroxilamina (DEHA)<\/strong> \u00e9 um composto org\u00e2nico com muitas aplica\u00e7\u00f5es na qu\u00edmica de tratamento de \u00e1gua. Como inibidor de corros\u00e3o, previne a oxida\u00e7\u00e3o dos metais e protege contra a a\u00e7\u00e3o dos \u00e1cidos. <strong>DEHA<\/strong> \u00e9 conhecido por ter fortes propriedades detergentes e sua capacidade de atuar como um surfactante aumenta a solubilidade das ceras.<\/p>\n<p>Ele serve como um agente antiespuma que pode ajudar a controlar os n\u00edveis de espuma em sistemas industriais de \u00e1gua. Como um eliminador de radicais livres, <strong>DEHA<\/strong> tamb\u00e9m atua como antioxidante para produtos de borracha e pl\u00e1stico quando usado como parte da formula\u00e7\u00e3o qu\u00edmica de tratamento de \u00e1gua. Tamb\u00e9m ajuda a unir metais, tornando-o pr\u00e1tico para processos de descalcifica\u00e7\u00e3o e pr\u00e9-tratamento em ambientes industriais. Finalmente, suas propriedades hidrolisantes o tornam \u00fatil para s\u00ednteses organomet\u00e1licas usadas no tratamento de \u00e1gua e produ\u00e7\u00e3o qu\u00edmica.<\/p>\n<h3>Uso:<\/h3>\n<p><strong>N, N-dietilhidroxilamina (DEHA)<\/strong> \u00e9 um composto org\u00e2nico com uma ampla gama de aplica\u00e7\u00f5es na produ\u00e7\u00e3o qu\u00edmica industrial. \u00c9 um inibidor de polimeriza\u00e7\u00e3o eficaz para alceno como um mon\u00f4mero de vinil e um inibidor de polimeriza\u00e7\u00e3o final eficiente em processos de borracha de butadieno estireno polimerizada em emuls\u00e3o.<\/p>\n<p><strong>DEHA<\/strong> tamb\u00e9m \u00e9 usado como antioxidante para \u00f3leos insaturados, resinas, resinas fotossens\u00edveis, emuls\u00f5es sens\u00edveis e resinas sint\u00e9ticas. Como um inibidor de polui\u00e7\u00e3o fotoqu\u00edmica, ajuda a reduzir os n\u00edveis de polui\u00e7\u00e3o atmosf\u00e9rica. Adicionalmente, <strong>DEHA<\/strong> serve como inibidor de corros\u00e3o para caldeiras e trocadores de calor, al\u00e9m de ter uso em fotografia como antioxidante.<\/p>\n<h3>Pacote e armazenamento:<\/h3>\n<p><strong>N, N-dietilhidroxilamina (DEHA)<\/strong> deve ser armazenado em local fresco e seco, longe da luz solar direta e de qualquer fonte de calor ou chama. Est\u00e1 dispon\u00edvel em recipientes selados de tamanhos variados, como tambores, gal\u00f5es e baldes. Por motivos de seguran\u00e7a, os recipientes devem ser bem fechados e mantidos na vertical para evitar derramamentos. Todo o ar sup\u00e9rfluo deve ser purgado antes da veda\u00e7\u00e3o. Ao manusear o DEHA, \u00e9 importante tomar todas as precau\u00e7\u00f5es necess\u00e1rias, incluindo o uso de luvas e roupas de prote\u00e7\u00e3o - tambor de pl\u00e1stico de 185 kg ou IBC de 900 kg.<\/p>\n<h3>Faqs sobre N,N-Dietilhidroxilamina (DEHA):<\/h3>\n<p><strong>O que s\u00e3o N,N-Dietilhidroxilamina (DEHA) e seus usos?<\/strong><br \/>\n<strong>N, N-dietilhidroxilamina (DEHA)<\/strong> \u00e9 um composto org\u00e2nico que pertence \u00e0 classe das hidroxilaminas, que s\u00e3o uma fam\u00edlia de compostos que cont\u00eam nitrog\u00eanio. Tem sido usado em uma variedade de aplica\u00e7\u00f5es, inclusive como agente oxidante em produtos qu\u00edmicos de tratamento de \u00e1gua e como aditivo para formula\u00e7\u00f5es de biocidas. <strong>DEHA<\/strong> pode ser aplicado tanto na pr\u00e9-clora\u00e7\u00e3o quanto na p\u00f3s-clora\u00e7\u00e3o, proporcionando desinfec\u00e7\u00e3o eficaz de fontes de \u00e1gua pot\u00e1vel. Ele tamb\u00e9m pode ser usado como um desodorizante para reduzir odores contendo enxofre em sistemas municipais de \u00e1guas residuais.<\/p>\n<p><strong>Como funciona a N,N-Dietilhidroxilamina (DEHA)?<\/strong><br \/>\nQuando adicionado \u00e0 \u00e1gua, <strong>DEHA<\/strong> atua como um oxidante para quebrar poluentes como am\u00f4nia e \u00edons de nitrato em componentes inofensivos que podem ser removidos com seguran\u00e7a do abastecimento de \u00e1gua. O processo de oxida\u00e7\u00e3o do DEHA tamb\u00e9m mata bact\u00e9rias, v\u00edrus e outros microorganismos potencialmente nocivos, deixando os organismos ben\u00e9ficos intocados. Isso o torna um desinfetante eficaz para fontes de \u00e1gua pot\u00e1vel.<\/p>\n<p><strong>Qual \u00e9 o impacto ambiental do uso de N,N-Dietilhidroxilamina (DEHA) para tratamento de \u00e1gua?<\/strong><br \/>\n<strong>DEHA<\/strong> \u00e9 considerado n\u00e3o t\u00f3xico e ecol\u00f3gico em compara\u00e7\u00e3o com outros produtos qu\u00edmicos de tratamento de \u00e1gua comumente usados, como cloro ou brometos. Isso significa que ele representa menos risco \u00e0 sa\u00fade humana ou \u00e0 vida aqu\u00e1tica quando liberado no meio ambiente. Adicionalmente, <strong>DEHA<\/strong> decomp\u00f5e-se rapidamente quando exposto \u00e0 luz solar ou outra radia\u00e7\u00e3o UV, de modo que n\u00e3o se acumula ao longo do tempo no meio ambiente como alguns outros compostos qu\u00edmicos frequentemente usados para tratamento de \u00e1gua.<\/p>\n<p><strong>Quais cuidados devem ser tomados ao usar N,N-Dietilhidroxilamina (DEHA)?<\/strong><br \/>\n<strong>DEHA<\/strong> nunca deve ser misturado com \u00e1lcalis ou solu\u00e7\u00f5es \u00e1cidas, pois essas combina\u00e7\u00f5es podem causar rea\u00e7\u00f5es perigosas, como explos\u00f5es ou vapores t\u00f3xicos. Como acontece com qualquer produto qu\u00edmico, luvas e \u00f3culos de seguran\u00e7a devem ser sempre usados ao manusear este material diretamente. Antes de usar em piscinas ou spas, as instru\u00e7\u00f5es do fabricante devem ser seguidas cuidadosamente devido aos riscos potenciais associados \u00e0 irrita\u00e7\u00e3o da pele por contato ou danos aos olhos se manuseados incorretamente.<\/p>\n<p><a href=\"https:\/\/vcycletech.com\/pt\/inibidor-de-corrosao\/\"><strong>Obtenha a solu\u00e7\u00e3o completa de inibidores de corros\u00e3o.<\/strong><\/a><\/p>","protected":false},"excerpt":{"rendered":"<p><strong>DEHA<\/strong> funciona oxidando os metais dissolvidos, transformando-os em s\u00f3lidos coloidais ou part\u00edculas que podem ser filtradas ou removidas da fonte de \u00e1gua. Esse processo de oxida\u00e7\u00e3o ajuda a eliminar quaisquer riscos potenciais \u00e0 sa\u00fade associados a altos n\u00edveis desses contaminantes. Al\u00e9m de reduzir a concentra\u00e7\u00e3o de metais perigosos, <strong>DEHA<\/strong> tamb\u00e9m trabalha para reduzir sabores e odores desagrad\u00e1veis na \u00e1gua, tornando-a mais saborosa e palat\u00e1vel para fins de consumo.<\/p>\n<p><strong>N, N-dietilhidroxilamina (DEHA)<\/strong> fornece uma maneira confi\u00e1vel de reduzir as concentra\u00e7\u00f5es de metais perigosos encontrados em fontes de \u00e1gua pot\u00e1vel. A sua efic\u00e1cia e seguran\u00e7a tornam-na uma escolha atrativa para os munic\u00edpios que procuram fornecer aos seus cidad\u00e3os \u00e1gua pot\u00e1vel limpa e saud\u00e1vel em todos os momentos.<\/p>","protected":false},"featured_media":1252,"template":"","meta":{"site-sidebar-layout":"default","site-content-layout":"default","ast-site-content-layout":"default","site-content-style":"default","site-sidebar-style":"default","ast-global-header-display":"","ast-banner-title-visibility":"","ast-main-header-display":"","ast-hfb-above-header-display":"","ast-hfb-below-header-display":"","ast-hfb-mobile-header-display":"","site-post-title":"","ast-breadcrumbs-content":"","ast-featured-img":"","footer-sml-layout":"","ast-disable-related-posts":"","theme-transparent-header-meta":"default","adv-header-id-meta":"","stick-header-meta":"default","header-above-stick-meta":"","header-main-stick-meta":"","header-below-stick-meta":"","astra-migrate-meta-layouts":"default","ast-page-background-enabled":"default","ast-page-background-meta":{"desktop":{"background-color":"","background-image":"","background-repeat":"repeat","background-position":"center center","background-size":"auto","background-attachment":"scroll","background-type":"","background-media":"","overlay-type":"","overlay-color":"","overlay-opacity":"","overlay-gradient":""},"tablet":{"background-color":"","background-image":"","background-repeat":"repeat","background-position":"center center","background-size":"auto","background-attachment":"scroll","background-type":"","background-media":"","overlay-type":"","overlay-color":"","overlay-opacity":"","overlay-gradient":""},"mobile":{"background-color":"","background-image":"","background-repeat":"repeat","background-position":"center center","background-size":"auto","background-attachment":"scroll","background-type":"","background-media":"","overlay-type":"","overlay-color":"","overlay-opacity":"","overlay-gradient":""}},"ast-content-background-meta":{"desktop":{"background-color":"var(--ast-global-color-5)","background-image":"","background-repeat":"repeat","background-position":"center center","background-size":"auto","background-attachment":"scroll","background-type":"","background-media":"","overlay-type":"","overlay-color":"","overlay-opacity":"","overlay-gradient":""},"tablet":{"background-color":"var(--ast-global-color-5)","background-image":"","background-repeat":"repeat","background-position":"center center","background-size":"auto","background-attachment":"scroll","background-type":"","background-media":"","overlay-type":"","overlay-color":"","overlay-opacity":"","overlay-gradient":""},"mobile":{"background-color":"var(--ast-global-color-5)","background-image":"","background-repeat":"repeat","background-position":"center center","background-size":"auto","background-attachment":"scroll","background-type":"","background-media":"","overlay-type":"","overlay-color":"","overlay-opacity":"","overlay-gradient":""}}},"product_brand":[],"product_cat":[30],"product_tag":[],"class_list":{"0":"post-1234","1":"product","2":"type-product","3":"status-publish","4":"has-post-thumbnail","6":"product_cat-corrosion-inhibitors","7":"desktop-align-left","8":"tablet-align-left","9":"mobile-align-left","10":"ast-product-gallery-layout-horizontal-slider","11":"ast-product-tabs-layout-horizontal","13":"first","14":"instock","15":"shipping-taxable","16":"product-type-simple"},"yoast_head":"<!-- This site is optimized with the Yoast SEO Premium plugin v26.3 (Yoast SEO v27.3) - https:\/\/yoast.com\/product\/yoast-seo-premium-wordpress\/ -->\n<title>N,N-Diethylhydroxylamine(DEHA) - vcycletech<\/title>\n<meta name=\"description\" content=\"N, N-Diethylhydroxylamine (DEHA) is an important water treatment chemical used to reduce the concentration of hydrogen sulfide, iron, and manganese found in water. It is a colorless and odorless liquid that has been proven effective in removing these contaminants from drinking water sources. DEHA is most commonly used in municipal water treatment facilities because of its proven effectiveness and cost-effectiveness.\" \/>\n<meta name=\"robots\" content=\"index, follow, max-snippet:-1, max-image-preview:large, max-video-preview:-1\" \/>\n<link rel=\"canonical\" href=\"https:\/\/vcycletech.com\/pt\/produtos\/nn-dietilhidroxilaminadeha\/\" \/>\n<meta property=\"og:locale\" content=\"pt_PT\" \/>\n<meta property=\"og:type\" content=\"article\" \/>\n<meta property=\"og:title\" content=\"N,N-Diethylhydroxylamine(DEHA)\" \/>\n<meta property=\"og:description\" content=\"N, N-Diethylhydroxylamine (DEHA) is an important water treatment chemical used to reduce the concentration of hydrogen sulfide, iron, and manganese found in water. It is a colorless and odorless liquid that has been proven effective in removing these contaminants from drinking water sources. DEHA is most commonly used in municipal water treatment facilities because of its proven effectiveness and cost-effectiveness.\" \/>\n<meta property=\"og:url\" content=\"https:\/\/vcycletech.com\/pt\/produtos\/nn-dietilhidroxilaminadeha\/\" \/>\n<meta property=\"og:site_name\" content=\"vcycletech\" \/>\n<meta property=\"article:modified_time\" content=\"2023-03-21T12:15:18+00:00\" \/>\n<meta property=\"og:image\" content=\"https:\/\/vcycletech.com\/wp-content\/uploads\/2023\/03\/1-49.png\" \/>\n\t<meta property=\"og:image:width\" content=\"600\" \/>\n\t<meta property=\"og:image:height\" content=\"600\" \/>\n\t<meta property=\"og:image:type\" content=\"image\/png\" \/>\n<meta name=\"twitter:card\" content=\"summary_large_image\" \/>\n<meta name=\"twitter:label1\" content=\"Tempo estimado de leitura\" \/>\n\t<meta name=\"twitter:data1\" content=\"3 minutos\" \/>\n<script type=\"application\/ld+json\" class=\"yoast-schema-graph\">{\"@context\":\"https:\\\/\\\/schema.org\",\"@graph\":[{\"@type\":\"WebPage\",\"@id\":\"https:\\\/\\\/vcycletech.com\\\/product\\\/nn-diethylhydroxylaminedeha\\\/\",\"url\":\"https:\\\/\\\/vcycletech.com\\\/product\\\/nn-diethylhydroxylaminedeha\\\/\",\"name\":\"N,N-Diethylhydroxylamine(DEHA) - vcycletech\",\"isPartOf\":{\"@id\":\"https:\\\/\\\/vcycletech.com\\\/#website\"},\"primaryImageOfPage\":{\"@id\":\"https:\\\/\\\/vcycletech.com\\\/product\\\/nn-diethylhydroxylaminedeha\\\/#primaryimage\"},\"image\":{\"@id\":\"https:\\\/\\\/vcycletech.com\\\/product\\\/nn-diethylhydroxylaminedeha\\\/#primaryimage\"},\"thumbnailUrl\":\"https:\\\/\\\/vcycletech.com\\\/wp-content\\\/uploads\\\/2023\\\/03\\\/1-49.png\",\"datePublished\":\"2023-03-21T12:15:17+00:00\",\"dateModified\":\"2023-03-21T12:15:18+00:00\",\"description\":\"N, N-Diethylhydroxylamine (DEHA) is an important water treatment chemical used to reduce the concentration of hydrogen sulfide, iron, and manganese found in water. It is a colorless and odorless liquid that has been proven effective in removing these contaminants from drinking water sources. DEHA is most commonly used in municipal water treatment facilities because of its proven effectiveness and cost-effectiveness.\",\"breadcrumb\":{\"@id\":\"https:\\\/\\\/vcycletech.com\\\/product\\\/nn-diethylhydroxylaminedeha\\\/#breadcrumb\"},\"inLanguage\":\"pt-PT\",\"potentialAction\":[{\"@type\":\"ReadAction\",\"target\":[\"https:\\\/\\\/vcycletech.com\\\/product\\\/nn-diethylhydroxylaminedeha\\\/\"]}]},{\"@type\":\"ImageObject\",\"inLanguage\":\"pt-PT\",\"@id\":\"https:\\\/\\\/vcycletech.com\\\/product\\\/nn-diethylhydroxylaminedeha\\\/#primaryimage\",\"url\":\"https:\\\/\\\/vcycletech.com\\\/wp-content\\\/uploads\\\/2023\\\/03\\\/1-49.png\",\"contentUrl\":\"https:\\\/\\\/vcycletech.com\\\/wp-content\\\/uploads\\\/2023\\\/03\\\/1-49.png\",\"width\":600,\"height\":600,\"caption\":\"N,N-Diethylhydroxylamine(DEHA)\"},{\"@type\":\"BreadcrumbList\",\"@id\":\"https:\\\/\\\/vcycletech.com\\\/product\\\/nn-diethylhydroxylaminedeha\\\/#breadcrumb\",\"itemListElement\":[{\"@type\":\"ListItem\",\"position\":1,\"name\":\"Home\",\"item\":\"https:\\\/\\\/vcycletech.com\\\/\"},{\"@type\":\"ListItem\",\"position\":2,\"name\":\"Water Treatment Chemicals Manufacturer\",\"item\":\"https:\\\/\\\/vcycletech.com\\\/water-treatment-chemicals-manufacturer\\\/\"},{\"@type\":\"ListItem\",\"position\":3,\"name\":\"N,N-Diethylhydroxylamine(DEHA)\"}]},{\"@type\":\"WebSite\",\"@id\":\"https:\\\/\\\/vcycletech.com\\\/#website\",\"url\":\"https:\\\/\\\/vcycletech.com\\\/\",\"name\":\"vcycletech\",\"description\":\"China&#039;s top water treatment chemicals supplier\",\"publisher\":{\"@id\":\"https:\\\/\\\/vcycletech.com\\\/#organization\"},\"potentialAction\":[{\"@type\":\"SearchAction\",\"target\":{\"@type\":\"EntryPoint\",\"urlTemplate\":\"https:\\\/\\\/vcycletech.com\\\/?s={search_term_string}\"},\"query-input\":{\"@type\":\"PropertyValueSpecification\",\"valueRequired\":true,\"valueName\":\"search_term_string\"}}],\"inLanguage\":\"pt-PT\"},{\"@type\":\"Organization\",\"@id\":\"https:\\\/\\\/vcycletech.com\\\/#organization\",\"name\":\"vcycletech\",\"url\":\"https:\\\/\\\/vcycletech.com\\\/\",\"logo\":{\"@type\":\"ImageObject\",\"inLanguage\":\"pt-PT\",\"@id\":\"https:\\\/\\\/vcycletech.com\\\/#\\\/schema\\\/logo\\\/image\\\/\",\"url\":\"https:\\\/\\\/vcycletech.com\\\/wp-content\\\/uploads\\\/2023\\\/03\\\/logo-vcycletech-1.png\",\"contentUrl\":\"https:\\\/\\\/vcycletech.com\\\/wp-content\\\/uploads\\\/2023\\\/03\\\/logo-vcycletech-1.png\",\"width\":600,\"height\":400,\"caption\":\"vcycletech\"},\"image\":{\"@id\":\"https:\\\/\\\/vcycletech.com\\\/#\\\/schema\\\/logo\\\/image\\\/\"}}]}<\/script>\n<!-- \/ Yoast SEO Premium plugin. -->","yoast_head_json":{"title":"N,N-Dietilhidroxilamina(DEHA) - vcycletech","description":"N, N-dietilhidroxilamina (DEHA) \u00e9 um importante produto qu\u00edmico de tratamento de \u00e1gua usado para reduzir a concentra\u00e7\u00e3o de sulfeto de hidrog\u00eanio, ferro e mangan\u00eas encontrados na \u00e1gua. \u00c9 um l\u00edquido incolor e inodoro que provou ser eficaz na remo\u00e7\u00e3o desses contaminantes de fontes de \u00e1gua pot\u00e1vel. O DEHA \u00e9 mais comumente usado em instala\u00e7\u00f5es municipais de tratamento de \u00e1gua devido \u00e0 sua comprovada efic\u00e1cia e custo-benef\u00edcio.","robots":{"index":"index","follow":"follow","max-snippet":"max-snippet:-1","max-image-preview":"max-image-preview:large","max-video-preview":"max-video-preview:-1"},"canonical":"https:\/\/vcycletech.com\/pt\/produtos\/nn-dietilhidroxilaminadeha\/","og_locale":"pt_PT","og_type":"article","og_title":"N,N-Diethylhydroxylamine(DEHA)","og_description":"N, N-Diethylhydroxylamine (DEHA) is an important water treatment chemical used to reduce the concentration of hydrogen sulfide, iron, and manganese found in water. It is a colorless and odorless liquid that has been proven effective in removing these contaminants from drinking water sources. DEHA is most commonly used in municipal water treatment facilities because of its proven effectiveness and cost-effectiveness.","og_url":"https:\/\/vcycletech.com\/pt\/produtos\/nn-dietilhidroxilaminadeha\/","og_site_name":"vcycletech","article_modified_time":"2023-03-21T12:15:18+00:00","og_image":[{"width":600,"height":600,"url":"https:\/\/vcycletech.com\/wp-content\/uploads\/2023\/03\/1-49.png","type":"image\/png"}],"twitter_card":"summary_large_image","twitter_misc":{"Tempo estimado de leitura":"3 minutos"},"schema":{"@context":"https:\/\/schema.org","@graph":[{"@type":"WebPage","@id":"https:\/\/vcycletech.com\/product\/nn-diethylhydroxylaminedeha\/","url":"https:\/\/vcycletech.com\/product\/nn-diethylhydroxylaminedeha\/","name":"N,N-Dietilhidroxilamina(DEHA) - vcycletech","isPartOf":{"@id":"https:\/\/vcycletech.com\/#website"},"primaryImageOfPage":{"@id":"https:\/\/vcycletech.com\/product\/nn-diethylhydroxylaminedeha\/#primaryimage"},"image":{"@id":"https:\/\/vcycletech.com\/product\/nn-diethylhydroxylaminedeha\/#primaryimage"},"thumbnailUrl":"https:\/\/vcycletech.com\/wp-content\/uploads\/2023\/03\/1-49.png","datePublished":"2023-03-21T12:15:17+00:00","dateModified":"2023-03-21T12:15:18+00:00","description":"N, N-dietilhidroxilamina (DEHA) \u00e9 um importante produto qu\u00edmico de tratamento de \u00e1gua usado para reduzir a concentra\u00e7\u00e3o de sulfeto de hidrog\u00eanio, ferro e mangan\u00eas encontrados na \u00e1gua. \u00c9 um l\u00edquido incolor e inodoro que provou ser eficaz na remo\u00e7\u00e3o desses contaminantes de fontes de \u00e1gua pot\u00e1vel. O DEHA \u00e9 mais comumente usado em instala\u00e7\u00f5es municipais de tratamento de \u00e1gua devido \u00e0 sua comprovada efic\u00e1cia e custo-benef\u00edcio.","breadcrumb":{"@id":"https:\/\/vcycletech.com\/product\/nn-diethylhydroxylaminedeha\/#breadcrumb"},"inLanguage":"pt-PT","potentialAction":[{"@type":"ReadAction","target":["https:\/\/vcycletech.com\/product\/nn-diethylhydroxylaminedeha\/"]}]},{"@type":"ImageObject","inLanguage":"pt-PT","@id":"https:\/\/vcycletech.com\/product\/nn-diethylhydroxylaminedeha\/#primaryimage","url":"https:\/\/vcycletech.com\/wp-content\/uploads\/2023\/03\/1-49.png","contentUrl":"https:\/\/vcycletech.com\/wp-content\/uploads\/2023\/03\/1-49.png","width":600,"height":600,"caption":"N,N-Diethylhydroxylamine(DEHA)"},{"@type":"BreadcrumbList","@id":"https:\/\/vcycletech.com\/product\/nn-diethylhydroxylaminedeha\/#breadcrumb","itemListElement":[{"@type":"ListItem","position":1,"name":"Home","item":"https:\/\/vcycletech.com\/"},{"@type":"ListItem","position":2,"name":"Water Treatment Chemicals Manufacturer","item":"https:\/\/vcycletech.com\/water-treatment-chemicals-manufacturer\/"},{"@type":"ListItem","position":3,"name":"N,N-Diethylhydroxylamine(DEHA)"}]},{"@type":"WebSite","@id":"https:\/\/vcycletech.com\/#website","url":"https:\/\/vcycletech.com\/","name":"vcycletech","description":"China&#039;principal fornecedor de produtos qu\u00edmicos para tratamento de \u00e1gua","publisher":{"@id":"https:\/\/vcycletech.com\/#organization"},"potentialAction":[{"@type":"SearchAction","target":{"@type":"EntryPoint","urlTemplate":"https:\/\/vcycletech.com\/?s={search_term_string}"},"query-input":{"@type":"PropertyValueSpecification","valueRequired":true,"valueName":"search_term_string"}}],"inLanguage":"pt-PT"},{"@type":"Organization","@id":"https:\/\/vcycletech.com\/#organization","name":"vcycletech","url":"https:\/\/vcycletech.com\/","logo":{"@type":"ImageObject","inLanguage":"pt-PT","@id":"https:\/\/vcycletech.com\/#\/schema\/logo\/image\/","url":"https:\/\/vcycletech.com\/wp-content\/uploads\/2023\/03\/logo-vcycletech-1.png","contentUrl":"https:\/\/vcycletech.com\/wp-content\/uploads\/2023\/03\/logo-vcycletech-1.png","width":600,"height":400,"caption":"vcycletech"},"image":{"@id":"https:\/\/vcycletech.com\/#\/schema\/logo\/image\/"}}]}},"_links":{"self":[{"href":"https:\/\/vcycletech.com\/pt\/wp-json\/wp\/v2\/product\/1234","targetHints":{"allow":["GET"]}}],"collection":[{"href":"https:\/\/vcycletech.com\/pt\/wp-json\/wp\/v2\/product"}],"about":[{"href":"https:\/\/vcycletech.com\/pt\/wp-json\/wp\/v2\/types\/product"}],"wp:featuredmedia":[{"embeddable":true,"href":"https:\/\/vcycletech.com\/pt\/wp-json\/wp\/v2\/media\/1252"}],"wp:attachment":[{"href":"https:\/\/vcycletech.com\/pt\/wp-json\/wp\/v2\/media?parent=1234"}],"wp:term":[{"taxonomy":"product_brand","embeddable":true,"href":"https:\/\/vcycletech.com\/pt\/wp-json\/wp\/v2\/product_brand?post=1234"},{"taxonomy":"product_cat","embeddable":true,"href":"https:\/\/vcycletech.com\/pt\/wp-json\/wp\/v2\/product_cat?post=1234"},{"taxonomy":"product_tag","embeddable":true,"href":"https:\/\/vcycletech.com\/pt\/wp-json\/wp\/v2\/product_tag?post=1234"}],"curies":[{"name":"wp","href":"https:\/\/api.w.org\/{rel}","templated":true}]}}