{"id":1218,"date":"2023-03-21T10:15:28","date_gmt":"2023-03-21T10:15:28","guid":{"rendered":"https:\/\/vcycletech.com\/?post_type=product&#038;p=1218"},"modified":"2023-03-27T05:10:37","modified_gmt":"2023-03-27T05:10:37","slug":"morfolina","status":"publish","type":"product","link":"https:\/\/vcycletech.com\/pt\/produtos\/morfolina\/","title":{"rendered":"Morfolina"},"content":{"rendered":"<h3>F\u00f3rmula molecular: C4H9NO<\/h3>\n<h3>Peso molecular: 87,12<\/h3>\n<h3>N\u00ba CAS: 110-91-8 EINECS 203-815-1<\/h3>\n<h3>Estrutura molecular:<\/h3>\n<figure id=\"attachment_1220\" aria-describedby=\"caption-attachment-1220\" style=\"width: 600px\" class=\"wp-caption alignnone\"><img fetchpriority=\"high\" decoding=\"async\" class=\"size-full wp-image-1220\" src=\"https:\/\/vcycletech.com\/wp-content\/uploads\/2023\/03\/1-44.png\" alt=\"Morfolina\" width=\"600\" height=\"600\" srcset=\"https:\/\/vcycletech.com\/wp-content\/uploads\/2023\/03\/1-44.png 600w, https:\/\/vcycletech.com\/wp-content\/uploads\/2023\/03\/1-44-100x100.png 100w, https:\/\/vcycletech.com\/wp-content\/uploads\/2023\/03\/1-44-300x300.png 300w, https:\/\/vcycletech.com\/wp-content\/uploads\/2023\/03\/1-44-150x150.png 150w\" sizes=\"(max-width: 600px) 100vw, 600px\" \/><figcaption id=\"caption-attachment-1220\" class=\"wp-caption-text\">Morfolina<\/figcaption><\/figure>\n<h3>Especifica\u00e7\u00e3o:<\/h3>\n<div id=\"footable_parent_1223\"\n         class=\"footable_parent ninja_table_wrapper loading_ninja_table wp_table_data_press_parent semantic_ui\">\n                <table data-ninja_table_instance=\"ninja_table_instance_0\" data-footable_id=\"1223\" data-filter-delay=\"1000\" aria-label=\"Morfolina.csv\"            id=\"footable_1223\"\n           data-unique_identifier=\"ninja_table_unique_id_770705981_1223\"\n           class=\"foo-table ninja_footable foo_table_1223 ninja_table_unique_id_770705981_1223 ui table  nt_type_legacy_table selectable striped vertical_centered  footable-paging-right ninja_table_pro\">\n                <colgroup>\n                            <col class=\"ninja_column_0\">\n                            <col class=\"ninja_column_1\">\n                    <\/colgroup>\n        <thead>\n<tr class=\"footable-header\">\n                                        <th scope=\"col\"  class=\"ninja_column_0 ninja_clmn_nm_items\">Unid<\/th><th scope=\"col\"  class=\"ninja_column_1 ninja_clmn_nm_index\">\u00cdndice<\/th><\/tr>\n<\/thead>\n<tbody>\n\n        <tr data-row_id=\"287\" class=\"ninja_table_row_0 nt_row_id_287\">\n            <td>Conte\u00fado da atividade:<\/td><td>99%<\/td>        <\/tr>\n            <tr data-row_id=\"288\" class=\"ninja_table_row_1 nt_row_id_288\">\n            <td>Densidade:<\/td><td>0,999 g\/ml<\/td>        <\/tr>\n            <tr data-row_id=\"289\" class=\"ninja_table_row_2 nt_row_id_289\">\n            <td>Ponto de fus\u00e3o Ponto de fus\u00e3o:<\/td><td>-4,9\u2103<\/td>        <\/tr>\n            <tr data-row_id=\"290\" class=\"ninja_table_row_3 nt_row_id_290\">\n            <td>Ponto de ebuli\u00e7\u00e3o:<\/td><td>128\u2103<\/td>        <\/tr>\n            <tr data-row_id=\"291\" class=\"ninja_table_row_4 nt_row_id_291\">\n            <td>Temperatura inflam\u00e1vel:<\/td><td>310 \u2103<\/td>        <\/tr>\n            <tr data-row_id=\"292\" class=\"ninja_table_row_5 nt_row_id_292\">\n            <td>Ponto de inflama\u00e7\u00e3o:<\/td><td>35\u2103<\/td>        <\/tr>\n            <tr data-row_id=\"293\" class=\"ninja_table_row_6 nt_row_id_293\">\n            <td>Classe de perigo:<\/td><td>8 (l\u00edquido corrosivo)<\/td>        <\/tr>\n            <tr data-row_id=\"294\" class=\"ninja_table_row_7 nt_row_id_294\">\n            <td>Chroma (platina-cobalto)<\/td><td>\u2266 15<\/td>        <\/tr>\n            <tr data-row_id=\"295\" class=\"ninja_table_row_8 nt_row_id_295\">\n            <td>Intervalo de ebuli\u00e7\u00e3o\u2103<\/td><td>126-130<\/td>        <\/tr>\n    <\/tbody><!--ninja_tobody_rendering_done-->\n    <\/table>\n    \n    \n    \n<\/div>\n\n<h3>Formul\u00e1rios:<\/h3>\n<p><strong>Morfolina<\/strong> \u00e9 um importante produto qu\u00edmico industrial com in\u00fameras utiliza\u00e7\u00f5es, inclusive como acelerador de borracha para NOBS, OTOS e MDS; agente de sulfura\u00e7\u00e3o (DT-DM); limpador; agente desincrustante e antiferrugem; agente anti-escaldante; antiss\u00e9ptico; surfactante; impress\u00e3o t\u00eaxtil e agente de tingimento; agente branqueador \u00f3ptico; aditivo de banho de revestimento qu\u00edmico; antioxidante; agente hidrolisante; conservante de frutas; desodorizante, branqueador e solvente org\u00e2nico. \u00c9 amplamente utilizado na medicina, produ\u00e7\u00e3o de pesticidas, medicina animal, refino de petr\u00f3leo e fabrica\u00e7\u00e3o de hidrocarbonetos arom\u00e1ticos de coque.<\/p>\n<p><strong>Morfolina<\/strong> \u00e9 utilizado principalmente no exterior como antiferrugem, desincrustante e limpador de metais \u2013 especialmente quando altas temperaturas est\u00e3o envolvidas. Na ind\u00fastria de manuten\u00e7\u00e3o de caldeiras, tamb\u00e9m \u00e9 usado principalmente como agente de descalcifica\u00e7\u00e3o. Suas propriedades qu\u00edmicas \u00fanicas o tornaram de grande valor na qu\u00edmica fina do petr\u00f3leo.<\/p>\n<h3>Sin\u00f4nimos:<\/h3>\n<p>1-Oxa-4-azaciclohexano; Tetrahidro-2H-1,4-oxazina<\/p>\n<h3>Perguntas frequentes:<\/h3>\n<p><strong>Q1: Para que serve a morfolina em produtos qu\u00edmicos de tratamento de \u00e1gua?<\/strong><br \/>\nA morfolina \u00e9 um composto org\u00e2nico comumente usado como ingrediente em produtos qu\u00edmicos para tratamento de \u00e1gua devido \u00e0 sua capacidade de atuar como um inibidor de corros\u00e3o e incrusta\u00e7\u00f5es, melhorar o controle de espuma e prevenir o crescimento microbiano. Ele funciona ligando-se a \u00edons met\u00e1licos na \u00e1gua, ajudando a evitar que formem dep\u00f3sitos em superf\u00edcies e tubula\u00e7\u00f5es, o que pode reduzir a efici\u00eancia e aumentar os custos de energia. A morfolina tamb\u00e9m \u00e9 eficaz no controle do crescimento de bact\u00e9rias, o que ajuda a manter o abastecimento de \u00e1gua limpa livre de contamina\u00e7\u00e3o.<\/p>\n<p><strong>P2:Existem riscos \u00e0 sa\u00fade associados ao uso de morfolina para tratamento de \u00e1gua?<\/strong><br \/>\nDe um modo geral, a morfolina n\u00e3o representa um risco significativo para a sa\u00fade quando usada adequadamente para tratar a \u00e1gua. No entanto, deve-se notar que a ingest\u00e3o de altas concentra\u00e7\u00f5es do produto qu\u00edmico pode causar irrita\u00e7\u00e3o na pele, olhos ou trato respirat\u00f3rio se ocorrer contato. Portanto, \u00e9 importante garantir que qualquer aplica\u00e7\u00e3o de morfolina seja feita de acordo com as instru\u00e7\u00f5es do fabricante e com as devidas precau\u00e7\u00f5es de seguran\u00e7a.<\/p>\n<p><strong>Q3: Quanto tempo a morfolina permanece ativa na \u00e1gua tratada?<\/strong><br \/>\nA quantidade exata de tempo que a morfolina permanece ativa na \u00e1gua tratada varia dependendo de fatores ambientais, como temperatura e n\u00edveis de pH. De um modo geral. No entanto, pesquisas descobriram que ele pode permanecer ativo por at\u00e9 quatro semanas ou mais quando aplicado nas taxas recomendadas.<\/p>\n<p><strong>Q4: Existe alguma evid\u00eancia que suporte o uso de morfolina para o tratamento de \u00e1gua pot\u00e1vel?<\/strong><br \/>\nNo entanto, v\u00e1rios estudos descobriram que a morfolina pode ser eficaz no controle do crescimento microbiano quando usada corretamente no tratamento de suprimentos de \u00e1gua pot\u00e1vel. Por exemplo, um estudo descobriu que reduziu a contagem de E-Coli em 99% dentro de 24 horas ap\u00f3s ser adicionado a uma fonte contaminada de \u00e1gua pot\u00e1vel fornecida por po\u00e7os.<\/p>\n<p><strong>Q5:Existem alternativas ao uso de morfolina para tratamento de \u00e1gua?<\/strong><br \/>\nSim \u2013 v\u00e1rios outros compostos org\u00e2nicos s\u00e3o comumente usados como alternativas \u00e0 morfolina para o tratamento de fontes industriais e dom\u00e9sticas de \u00e1gua pot\u00e1vel, incluindo glutaralde\u00eddo, \u00e1cido c\u00edtrico e compostos \u00e0 base de ortofosfato, como polifosfatos e fosfonatos.<\/p>\n<p><a href=\"https:\/\/vcycletech.com\/pt\/inibidor-de-corrosao\/\"><strong>Obtenha a solu\u00e7\u00e3o completa de inibidores de corros\u00e3o.<\/strong><\/a><\/p>","protected":false},"excerpt":{"rendered":"<p><strong>Morfolina<\/strong> \u00e9 um produto qu\u00edmico de tratamento de \u00e1gua popular que \u00e9 usado para uma variedade de aplica\u00e7\u00f5es. \u00c9 um composto de amina c\u00edclica com a f\u00f3rmula molecular C4H9NO e pode ser usado como um inibidor de corros\u00e3o e desinfetante eficaz. <strong>Morfolina<\/strong> \u00e9 comumente usado em sistemas de resfriamento industrial, sistemas de caldeira e outras aplica\u00e7\u00f5es \u00e0 base de \u00e1gua. A estrutura qu\u00edmica da morfolina a torna altamente eficaz na preven\u00e7\u00e3o de corros\u00e3o, dep\u00f3sitos e forma\u00e7\u00e3o de incrusta\u00e7\u00f5es, tornando-a uma escolha ideal para tratamento de \u00e1gua.<\/p>\n<p>Al\u00e9m de seus muitos benef\u00edcios em termos de controle de corros\u00e3o e desinfec\u00e7\u00e3o, a morfolina tamb\u00e9m provou ser muito segura quando usada conforme as instru\u00e7\u00f5es do fabricante. O produto qu\u00edmico n\u00e3o apresenta riscos \u00e0 sa\u00fade quando manuseado adequadamente e nenhum impacto ambiental conhecido est\u00e1 associado ao seu uso em sistemas de tratamento de \u00e1gua.<\/p>","protected":false},"featured_media":1230,"template":"","meta":{"site-sidebar-layout":"default","site-content-layout":"default","ast-site-content-layout":"default","site-content-style":"default","site-sidebar-style":"default","ast-global-header-display":"","ast-banner-title-visibility":"","ast-main-header-display":"","ast-hfb-above-header-display":"","ast-hfb-below-header-display":"","ast-hfb-mobile-header-display":"","site-post-title":"","ast-breadcrumbs-content":"","ast-featured-img":"","footer-sml-layout":"","ast-disable-related-posts":"","theme-transparent-header-meta":"default","adv-header-id-meta":"","stick-header-meta":"default","header-above-stick-meta":"","header-main-stick-meta":"","header-below-stick-meta":"","astra-migrate-meta-layouts":"default","ast-page-background-enabled":"default","ast-page-background-meta":{"desktop":{"background-color":"","background-image":"","background-repeat":"repeat","background-position":"center center","background-size":"auto","background-attachment":"scroll","background-type":"","background-media":"","overlay-type":"","overlay-color":"","overlay-opacity":"","overlay-gradient":""},"tablet":{"background-color":"","background-image":"","background-repeat":"repeat","background-position":"center center","background-size":"auto","background-attachment":"scroll","background-type":"","background-media":"","overlay-type":"","overlay-color":"","overlay-opacity":"","overlay-gradient":""},"mobile":{"background-color":"","background-image":"","background-repeat":"repeat","background-position":"center center","background-size":"auto","background-attachment":"scroll","background-type":"","background-media":"","overlay-type":"","overlay-color":"","overlay-opacity":"","overlay-gradient":""}},"ast-content-background-meta":{"desktop":{"background-color":"var(--ast-global-color-5)","background-image":"","background-repeat":"repeat","background-position":"center center","background-size":"auto","background-attachment":"scroll","background-type":"","background-media":"","overlay-type":"","overlay-color":"","overlay-opacity":"","overlay-gradient":""},"tablet":{"background-color":"var(--ast-global-color-5)","background-image":"","background-repeat":"repeat","background-position":"center center","background-size":"auto","background-attachment":"scroll","background-type":"","background-media":"","overlay-type":"","overlay-color":"","overlay-opacity":"","overlay-gradient":""},"mobile":{"background-color":"var(--ast-global-color-5)","background-image":"","background-repeat":"repeat","background-position":"center center","background-size":"auto","background-attachment":"scroll","background-type":"","background-media":"","overlay-type":"","overlay-color":"","overlay-opacity":"","overlay-gradient":""}}},"product_brand":[],"product_cat":[30],"product_tag":[],"class_list":{"0":"post-1218","1":"product","2":"type-product","3":"status-publish","4":"has-post-thumbnail","6":"product_cat-corrosion-inhibitors","7":"desktop-align-left","8":"tablet-align-left","9":"mobile-align-left","10":"ast-product-gallery-layout-horizontal-slider","11":"ast-product-tabs-layout-horizontal","13":"first","14":"instock","15":"shipping-taxable","16":"product-type-simple"},"yoast_head":"<!-- This site is optimized with the Yoast SEO Premium plugin v26.3 (Yoast SEO v27.5) - https:\/\/yoast.com\/product\/yoast-seo-premium-wordpress\/ -->\n<title>Morpholine - vcycletech<\/title>\n<meta name=\"description\" content=\"Morpholine helps to reduce the risk of damage to pipes and other equipment caused by corrosion due to its ability to form a protective layer on metals such as steel or copper. It also has antifoulant properties that help prevent the buildup of solids such as calcium carbonate or silica, ensuring that materials do not become clogged or blocked over time.\" \/>\n<meta name=\"robots\" content=\"index, follow, max-snippet:-1, max-image-preview:large, max-video-preview:-1\" \/>\n<link rel=\"canonical\" href=\"https:\/\/vcycletech.com\/pt\/produtos\/morfolina\/\" \/>\n<meta property=\"og:locale\" content=\"pt_PT\" \/>\n<meta property=\"og:type\" content=\"article\" \/>\n<meta property=\"og:title\" content=\"Morpholine\" \/>\n<meta property=\"og:description\" content=\"Morpholine helps to reduce the risk of damage to pipes and other equipment caused by corrosion due to its ability to form a protective layer on metals such as steel or copper. It also has antifoulant properties that help prevent the buildup of solids such as calcium carbonate or silica, ensuring that materials do not become clogged or blocked over time.\" \/>\n<meta property=\"og:url\" content=\"https:\/\/vcycletech.com\/pt\/produtos\/morfolina\/\" \/>\n<meta property=\"og:site_name\" content=\"vcycletech\" \/>\n<meta property=\"article:modified_time\" content=\"2023-03-27T05:10:37+00:00\" \/>\n<meta property=\"og:image\" content=\"https:\/\/vcycletech.com\/wp-content\/uploads\/2023\/03\/1-47.png\" \/>\n\t<meta property=\"og:image:width\" content=\"600\" \/>\n\t<meta property=\"og:image:height\" content=\"600\" \/>\n\t<meta property=\"og:image:type\" content=\"image\/png\" \/>\n<meta name=\"twitter:card\" content=\"summary_large_image\" \/>\n<meta name=\"twitter:label1\" content=\"Tempo estimado de leitura\" \/>\n\t<meta name=\"twitter:data1\" content=\"3 minutos\" \/>\n<script type=\"application\/ld+json\" class=\"yoast-schema-graph\">{\"@context\":\"https:\\\/\\\/schema.org\",\"@graph\":[{\"@type\":\"WebPage\",\"@id\":\"https:\\\/\\\/vcycletech.com\\\/product\\\/morpholine\\\/\",\"url\":\"https:\\\/\\\/vcycletech.com\\\/product\\\/morpholine\\\/\",\"name\":\"Morpholine - vcycletech\",\"isPartOf\":{\"@id\":\"https:\\\/\\\/vcycletech.com\\\/#website\"},\"primaryImageOfPage\":{\"@id\":\"https:\\\/\\\/vcycletech.com\\\/product\\\/morpholine\\\/#primaryimage\"},\"image\":{\"@id\":\"https:\\\/\\\/vcycletech.com\\\/product\\\/morpholine\\\/#primaryimage\"},\"thumbnailUrl\":\"https:\\\/\\\/vcycletech.com\\\/wp-content\\\/uploads\\\/2023\\\/03\\\/1-47.png\",\"datePublished\":\"2023-03-21T10:15:28+00:00\",\"dateModified\":\"2023-03-27T05:10:37+00:00\",\"description\":\"Morpholine helps to reduce the risk of damage to pipes and other equipment caused by corrosion due to its ability to form a protective layer on metals such as steel or copper. It also has antifoulant properties that help prevent the buildup of solids such as calcium carbonate or silica, ensuring that materials do not become clogged or blocked over time.\",\"breadcrumb\":{\"@id\":\"https:\\\/\\\/vcycletech.com\\\/product\\\/morpholine\\\/#breadcrumb\"},\"inLanguage\":\"pt-PT\",\"potentialAction\":[{\"@type\":\"ReadAction\",\"target\":[\"https:\\\/\\\/vcycletech.com\\\/product\\\/morpholine\\\/\"]}]},{\"@type\":\"ImageObject\",\"inLanguage\":\"pt-PT\",\"@id\":\"https:\\\/\\\/vcycletech.com\\\/product\\\/morpholine\\\/#primaryimage\",\"url\":\"https:\\\/\\\/vcycletech.com\\\/wp-content\\\/uploads\\\/2023\\\/03\\\/1-47.png\",\"contentUrl\":\"https:\\\/\\\/vcycletech.com\\\/wp-content\\\/uploads\\\/2023\\\/03\\\/1-47.png\",\"width\":600,\"height\":600,\"caption\":\"Morpholine\"},{\"@type\":\"BreadcrumbList\",\"@id\":\"https:\\\/\\\/vcycletech.com\\\/product\\\/morpholine\\\/#breadcrumb\",\"itemListElement\":[{\"@type\":\"ListItem\",\"position\":1,\"name\":\"Home\",\"item\":\"https:\\\/\\\/vcycletech.com\\\/\"},{\"@type\":\"ListItem\",\"position\":2,\"name\":\"Water Treatment Chemicals Manufacturer\",\"item\":\"https:\\\/\\\/vcycletech.com\\\/water-treatment-chemicals-manufacturer\\\/\"},{\"@type\":\"ListItem\",\"position\":3,\"name\":\"Morpholine\"}]},{\"@type\":\"WebSite\",\"@id\":\"https:\\\/\\\/vcycletech.com\\\/#website\",\"url\":\"https:\\\/\\\/vcycletech.com\\\/\",\"name\":\"vcycletech\",\"description\":\"China&#039;s top water treatment chemicals supplier\",\"publisher\":{\"@id\":\"https:\\\/\\\/vcycletech.com\\\/#organization\"},\"potentialAction\":[{\"@type\":\"SearchAction\",\"target\":{\"@type\":\"EntryPoint\",\"urlTemplate\":\"https:\\\/\\\/vcycletech.com\\\/?s={search_term_string}\"},\"query-input\":{\"@type\":\"PropertyValueSpecification\",\"valueRequired\":true,\"valueName\":\"search_term_string\"}}],\"inLanguage\":\"pt-PT\"},{\"@type\":\"Organization\",\"@id\":\"https:\\\/\\\/vcycletech.com\\\/#organization\",\"name\":\"vcycletech\",\"url\":\"https:\\\/\\\/vcycletech.com\\\/\",\"logo\":{\"@type\":\"ImageObject\",\"inLanguage\":\"pt-PT\",\"@id\":\"https:\\\/\\\/vcycletech.com\\\/#\\\/schema\\\/logo\\\/image\\\/\",\"url\":\"https:\\\/\\\/vcycletech.com\\\/wp-content\\\/uploads\\\/2023\\\/03\\\/logo-vcycletech-1.png\",\"contentUrl\":\"https:\\\/\\\/vcycletech.com\\\/wp-content\\\/uploads\\\/2023\\\/03\\\/logo-vcycletech-1.png\",\"width\":600,\"height\":400,\"caption\":\"vcycletech\"},\"image\":{\"@id\":\"https:\\\/\\\/vcycletech.com\\\/#\\\/schema\\\/logo\\\/image\\\/\"}}]}<\/script>\n<!-- \/ Yoast SEO Premium plugin. -->","yoast_head_json":{"title":"Morfolina - vcycletech","description":"A morfolina ajuda a reduzir o risco de danos em tubula\u00e7\u00f5es e outros equipamentos causados pela corros\u00e3o devido \u00e0 sua capacidade de formar uma camada protetora em metais como a\u00e7o ou cobre. Tamb\u00e9m possui propriedades anti-incrustantes que ajudam a prevenir o ac\u00famulo de s\u00f3lidos, como carbonato de c\u00e1lcio ou s\u00edlica, garantindo que os materiais n\u00e3o fiquem entupidos ou bloqueados com o tempo.","robots":{"index":"index","follow":"follow","max-snippet":"max-snippet:-1","max-image-preview":"max-image-preview:large","max-video-preview":"max-video-preview:-1"},"canonical":"https:\/\/vcycletech.com\/pt\/produtos\/morfolina\/","og_locale":"pt_PT","og_type":"article","og_title":"Morpholine","og_description":"Morpholine helps to reduce the risk of damage to pipes and other equipment caused by corrosion due to its ability to form a protective layer on metals such as steel or copper. It also has antifoulant properties that help prevent the buildup of solids such as calcium carbonate or silica, ensuring that materials do not become clogged or blocked over time.","og_url":"https:\/\/vcycletech.com\/pt\/produtos\/morfolina\/","og_site_name":"vcycletech","article_modified_time":"2023-03-27T05:10:37+00:00","og_image":[{"width":600,"height":600,"url":"https:\/\/vcycletech.com\/wp-content\/uploads\/2023\/03\/1-47.png","type":"image\/png"}],"twitter_card":"summary_large_image","twitter_misc":{"Tempo estimado de leitura":"3 minutos"},"schema":{"@context":"https:\/\/schema.org","@graph":[{"@type":"WebPage","@id":"https:\/\/vcycletech.com\/product\/morpholine\/","url":"https:\/\/vcycletech.com\/product\/morpholine\/","name":"Morfolina - vcycletech","isPartOf":{"@id":"https:\/\/vcycletech.com\/#website"},"primaryImageOfPage":{"@id":"https:\/\/vcycletech.com\/product\/morpholine\/#primaryimage"},"image":{"@id":"https:\/\/vcycletech.com\/product\/morpholine\/#primaryimage"},"thumbnailUrl":"https:\/\/vcycletech.com\/wp-content\/uploads\/2023\/03\/1-47.png","datePublished":"2023-03-21T10:15:28+00:00","dateModified":"2023-03-27T05:10:37+00:00","description":"A morfolina ajuda a reduzir o risco de danos em tubula\u00e7\u00f5es e outros equipamentos causados pela corros\u00e3o devido \u00e0 sua capacidade de formar uma camada protetora em metais como a\u00e7o ou cobre. Tamb\u00e9m possui propriedades anti-incrustantes que ajudam a prevenir o ac\u00famulo de s\u00f3lidos, como carbonato de c\u00e1lcio ou s\u00edlica, garantindo que os materiais n\u00e3o fiquem entupidos ou bloqueados com o tempo.","breadcrumb":{"@id":"https:\/\/vcycletech.com\/product\/morpholine\/#breadcrumb"},"inLanguage":"pt-PT","potentialAction":[{"@type":"ReadAction","target":["https:\/\/vcycletech.com\/product\/morpholine\/"]}]},{"@type":"ImageObject","inLanguage":"pt-PT","@id":"https:\/\/vcycletech.com\/product\/morpholine\/#primaryimage","url":"https:\/\/vcycletech.com\/wp-content\/uploads\/2023\/03\/1-47.png","contentUrl":"https:\/\/vcycletech.com\/wp-content\/uploads\/2023\/03\/1-47.png","width":600,"height":600,"caption":"Morpholine"},{"@type":"BreadcrumbList","@id":"https:\/\/vcycletech.com\/product\/morpholine\/#breadcrumb","itemListElement":[{"@type":"ListItem","position":1,"name":"Home","item":"https:\/\/vcycletech.com\/"},{"@type":"ListItem","position":2,"name":"Water Treatment Chemicals Manufacturer","item":"https:\/\/vcycletech.com\/water-treatment-chemicals-manufacturer\/"},{"@type":"ListItem","position":3,"name":"Morpholine"}]},{"@type":"WebSite","@id":"https:\/\/vcycletech.com\/#website","url":"https:\/\/vcycletech.com\/","name":"vcycletech","description":"China&#039;principal fornecedor de produtos qu\u00edmicos para tratamento de \u00e1gua","publisher":{"@id":"https:\/\/vcycletech.com\/#organization"},"potentialAction":[{"@type":"SearchAction","target":{"@type":"EntryPoint","urlTemplate":"https:\/\/vcycletech.com\/?s={search_term_string}"},"query-input":{"@type":"PropertyValueSpecification","valueRequired":true,"valueName":"search_term_string"}}],"inLanguage":"pt-PT"},{"@type":"Organization","@id":"https:\/\/vcycletech.com\/#organization","name":"vcycletech","url":"https:\/\/vcycletech.com\/","logo":{"@type":"ImageObject","inLanguage":"pt-PT","@id":"https:\/\/vcycletech.com\/#\/schema\/logo\/image\/","url":"https:\/\/vcycletech.com\/wp-content\/uploads\/2023\/03\/logo-vcycletech-1.png","contentUrl":"https:\/\/vcycletech.com\/wp-content\/uploads\/2023\/03\/logo-vcycletech-1.png","width":600,"height":400,"caption":"vcycletech"},"image":{"@id":"https:\/\/vcycletech.com\/#\/schema\/logo\/image\/"}}]}},"_links":{"self":[{"href":"https:\/\/vcycletech.com\/pt\/wp-json\/wp\/v2\/product\/1218","targetHints":{"allow":["GET"]}}],"collection":[{"href":"https:\/\/vcycletech.com\/pt\/wp-json\/wp\/v2\/product"}],"about":[{"href":"https:\/\/vcycletech.com\/pt\/wp-json\/wp\/v2\/types\/product"}],"wp:featuredmedia":[{"embeddable":true,"href":"https:\/\/vcycletech.com\/pt\/wp-json\/wp\/v2\/media\/1230"}],"wp:attachment":[{"href":"https:\/\/vcycletech.com\/pt\/wp-json\/wp\/v2\/media?parent=1218"}],"wp:term":[{"taxonomy":"product_brand","embeddable":true,"href":"https:\/\/vcycletech.com\/pt\/wp-json\/wp\/v2\/product_brand?post=1218"},{"taxonomy":"product_cat","embeddable":true,"href":"https:\/\/vcycletech.com\/pt\/wp-json\/wp\/v2\/product_cat?post=1218"},{"taxonomy":"product_tag","embeddable":true,"href":"https:\/\/vcycletech.com\/pt\/wp-json\/wp\/v2\/product_tag?post=1218"}],"curies":[{"name":"wp","href":"https:\/\/api.w.org\/{rel}","templated":true}]}}