{"id":1210,"date":"2023-03-21T10:01:44","date_gmt":"2023-03-21T10:01:44","guid":{"rendered":"https:\/\/vcycletech.com\/?post_type=product&#038;p=1210"},"modified":"2023-03-27T05:14:10","modified_gmt":"2023-03-27T05:14:10","slug":"wt-150-anti-incrustante-e-dispersante","status":"publish","type":"product","link":"https:\/\/vcycletech.com\/pt\/produtos\/wt-150-anti-incrustante-e-dispersante\/","title":{"rendered":"WT-150 Anti-incrustante e Dispersante para Membrana RO"},"content":{"rendered":"<h3 id=\"introduction_2\" class=\"xsj_heading_hash xsj_heading xsj_heading_h2\" data-source-line=\"6\" data-source-line-display=\"true\"><span class=\"xsj_heading_content\">Introdu\u00e7\u00e3o:<\/span><\/h3>\n<p class=\"xsj_paragraph xsj_paragraph_level_0\" data-source-line=\"7\" data-source-line-display=\"true\"><strong>WT-150<\/strong> \u00e9 um anti-incrustante avan\u00e7ado e dispersante para membranas de osmose reversa (RO), oferecendo prote\u00e7\u00e3o superior contra a forma\u00e7\u00e3o de incrusta\u00e7\u00f5es minerais e corros\u00e3o. Este produto not\u00e1vel oferece excelente desempenho em uma ampla faixa de pH, de 5 a 9, sem dilui\u00e7\u00e3o ou pr\u00e9-tratamento adicional. Mesmo em altos valores de LSI, \u00e9 altamente eficaz contra carbonato de c\u00e1lcio, sulfatos e incrusta\u00e7\u00f5es de estr\u00f4ncio. Al\u00e9m disso, elimina a necessidade de floculantes org\u00e2nicos em sistemas de \u00e1gua pot\u00e1vel e melhora a resist\u00eancia a dep\u00f3sitos de \u00f3xido f\u00e9rrico e de alum\u00ednio.<\/p>\n<div class=\"xiaoshujiang_element xsj_anchor\"><a class=\"blank_anchor_name\" name=\"features_3\"><\/a><a id=\"features_3\" class=\"blank_anchor_id\"><\/a><a class=\"blank_anchor_name\" name=\"features\"><\/a><a id=\"features\" class=\"blank_anchor_id\"><\/a><\/div>\n<h3 id=\"features_3\" class=\"xsj_heading_hash xsj_heading xsj_heading_h2\" data-source-line=\"9\" data-source-line-display=\"true\"><span class=\"xsj_heading_content\">Caracter\u00edsticas:<\/span><\/h3>\n<p class=\"xsj_paragraph xsj_paragraph_level_0\" data-source-line=\"11\" data-source-line-display=\"true\"><strong>WT-150<\/strong> tem v\u00e1rias caracter\u00edsticas importantes, tornando-se uma solu\u00e7\u00e3o ideal para proteger as membranas RO da forma\u00e7\u00e3o de incrusta\u00e7\u00f5es minerais e corros\u00e3o. Esses incluem:<br \/>\n\u2022 Alta efici\u00eancia \u2013 O produto evita o ac\u00famulo de calc\u00e1rio nas superf\u00edcies da membrana quando os valores LSI s\u00e3o t\u00e3o altos quanto 3,0!<br \/>\n\u2022 Ampla faixa de pH \u2013 O produto funciona em uma ampla faixa de n\u00edveis de pH (5-9), eliminando a necessidade de dilui\u00e7\u00e3o adicional ou pr\u00e9-tratamento.<br \/>\n\u2022 Versatilidade \u2013 <strong>WT-150<\/strong> pode ser usado em sistemas de \u00e1gua pot\u00e1vel com floculantes org\u00e2nicos e agentes n\u00e3o org\u00e2nicos. Tamb\u00e9m aumenta a resist\u00eancia a dep\u00f3sitos de \u00f3xido de alum\u00ednio e \u00f3xido f\u00e9rrico.<br \/>\n\u2022 Confiabilidade \u2013 Este produto excepcional fornece prote\u00e7\u00e3o confi\u00e1vel contra carbonato de c\u00e1lcio, sulfatos e incrusta\u00e7\u00f5es de estr\u00f4ncio sem falhas!<\/p>\n<div class=\"xiaoshujiang_element xsj_anchor\"><a class=\"blank_anchor_name\" name=\"applications_4\"><\/a><a id=\"applications_4\" class=\"blank_anchor_id\"><\/a><a class=\"blank_anchor_name\" name=\"applications\"><\/a><a id=\"applications\" class=\"blank_anchor_id\"><\/a><\/div>\n<h3 id=\"applications_4\" class=\"xsj_heading_hash xsj_heading xsj_heading_h2\" data-source-line=\"18\" data-source-line-display=\"true\"><span class=\"xsj_heading_content\">Formul\u00e1rios:<\/span><\/h3>\n<p class=\"xsj_paragraph xsj_paragraph_level_0\" data-source-line=\"20\" data-source-line-display=\"true\"><strong>WT-150<\/strong> \u00e9 adequado para v\u00e1rias aplica\u00e7\u00f5es, incluindo tratamento de \u00e1gua de processo industrial, tratamento de \u00e1guas residuais e sistemas de \u00e1gua de resfriamento, onde fornece excelente desempenho de inibi\u00e7\u00e3o de incrusta\u00e7\u00f5es com requisitos m\u00ednimos de concentra\u00e7\u00e3o de dosagem. Al\u00e9m disso, o produto pode melhorar a qualidade da \u00e1gua pot\u00e1vel, eliminando a necessidade de floculantes org\u00e2nicos em sistemas RO.<\/p>\n<h3>Especifica\u00e7\u00e3o:<\/h3>\n<div id=\"footable_parent_1014\" class=\"footable_parent ninja_table_wrapper wp_table_data_press_parent semantic_ui\">\n<table>\n<tbody>\n<tr>\n<td width=\"204\">Unid<\/td>\n<td width=\"315\">\u00cdndice<\/td>\n<\/tr>\n<tr>\n<td width=\"204\">Apar\u00eancia<\/td>\n<td width=\"315\">L\u00edquido transparente \u00e2mbar<\/td>\n<\/tr>\n<tr>\n<td width=\"204\">pH (solu\u00e7\u00e3o de \u00e1gua 1%)<\/td>\n<td width=\"315\">2,0\u00b11,0<\/td>\n<\/tr>\n<tr>\n<td width=\"204\">Densidade (20 \u2103), g\/cm3<\/td>\n<td width=\"315\">1,10 min<\/td>\n<\/tr>\n<\/tbody>\n<\/table>\n<\/div>\n<div class=\"xiaoshujiang_element xsj_anchor\"><a class=\"blank_anchor_name\" name=\"faqs_5\"><\/a><a id=\"faqs_5\" class=\"blank_anchor_id\"><\/a><a class=\"blank_anchor_name\" name=\"faqs\"><\/a><a id=\"faqs\" class=\"blank_anchor_id\"><\/a><\/div>\n<h3 id=\"faqs_5\" class=\"xsj_heading_hash xsj_heading xsj_heading_h2\" data-source-line=\"22\" data-source-line-display=\"true\"><span class=\"xsj_heading_content\">Perguntas frequentes:<\/span><\/h3>\n<div class=\"xiaoshujiang_element xsj_anchor\"><a class=\"blank_anchor_name\" name=\"q120what20is20wt-150_6\"><\/a><a id=\"q120what20is20wt-150_6\" class=\"blank_anchor_id\"><\/a><a class=\"blank_anchor_name\" name=\"q1-what-is-wt-150\"><\/a><a id=\"q1-what-is-wt-150\" class=\"blank_anchor_id\"><\/a><\/div>\n<p id=\"q120what20is20wt-150_6\" class=\"xsj_heading_hash xsj_heading xsj_heading_h3\" data-source-line=\"23\" data-source-line-display=\"true\"><strong><span class=\"xsj_heading_content\">Q1: O que \u00e9 WT-150?<\/span><\/strong><\/p>\n<p class=\"xsj_paragraph xsj_paragraph_level_0\" data-source-line=\"25\" data-source-line-display=\"true\">O WT-150 \u00e9 um anti-incrustante\/dispersante avan\u00e7ado projetado especificamente para membranas de osmose reversa, que efetivamente previne a forma\u00e7\u00e3o de incrusta\u00e7\u00f5es minerais enquanto tamb\u00e9m fornece resist\u00eancia aumentada contra dep\u00f3sitos de \u00f3xido f\u00e9rrico e \u00f3xido de alum\u00ednio.<\/p>\n<div class=\"xiaoshujiang_element xsj_anchor\"><a class=\"blank_anchor_name\" name=\"q220what20kind20of20protection20does20it20offer_7\"><\/a><a id=\"q220what20kind20of20protection20does20it20offer_7\" class=\"blank_anchor_id\"><\/a><a class=\"blank_anchor_name\" name=\"q2-what-kind-of-protection-does-it-offer\"><\/a><a id=\"q2-what-kind-of-protection-does-it-offer\" class=\"blank_anchor_id\"><\/a><\/div>\n<p id=\"q220what20kind20of20protection20does20it20offer_7\" class=\"xsj_heading_hash xsj_heading xsj_heading_h2\" data-source-line=\"27\" data-source-line-display=\"true\"><strong><span class=\"xsj_heading_content\">Q2: Que tipo de prote\u00e7\u00e3o oferece?<\/span><\/strong><\/p>\n<p class=\"xsj_paragraph xsj_paragraph_level_0\" data-source-line=\"29\" data-source-line-display=\"true\">O WT-150 protege as membranas RO de carbonato de c\u00e1lcio, sulfatos, escamas de estr\u00f4ncio, \u00f3xido de alum\u00ednio e dep\u00f3sitos de \u00f3xido f\u00e9rrico com desempenho altamente eficiente, mesmo em altos valores de LSI (at\u00e9 3).<\/p>\n<p class=\"xiaoshujiang_element xsj_anchor\"><a class=\"blank_anchor_name\" name=\"q320is20there20any20additional20pretreatment20necessary_8\"><\/a><a id=\"q320is20there20any20additional20pretreatment20necessary_8\" class=\"blank_anchor_id\"><\/a><a class=\"blank_anchor_name\" name=\"q3-is-there-any-additional-pretreatment-necessary\"><\/a><a id=\"q3-is-there-any-additional-pretreatment-necessary\" class=\"blank_anchor_id\"><\/a><\/p>\n<p id=\"q320is20there20any20additional20pretreatment20necessary_8\" class=\"xsj_heading_hash xsj_heading xsj_heading_h3\" data-source-line=\"31\" data-source-line-display=\"true\"><strong><span class=\"xsj_heading_content\">Q3: \u00c9 necess\u00e1rio algum pr\u00e9-tratamento adicional?<\/span><\/strong><\/p>\n<p class=\"xsj_paragraph xsj_paragraph_level_0\" data-source-line=\"33\" data-source-line-display=\"true\">N\u00e3o! O produto funciona em uma ampla faixa de pH entre 5-9 sem dilui\u00e7\u00e3o ou pr\u00e9-tratamento!<\/p>\n<div class=\"xiaoshujiang_element xsj_anchor\"><a class=\"blank_anchor_name\" name=\"q420what20are20its20applications_9\"><\/a><a id=\"q420what20are20its20applications_9\" class=\"blank_anchor_id\"><\/a><a class=\"blank_anchor_name\" name=\"q4-what-are-its-applications\"><\/a><a id=\"q4-what-are-its-applications\" class=\"blank_anchor_id\"><\/a><\/div>\n<p id=\"q420what20are20its20applications_9\" class=\"xsj_heading_hash xsj_heading xsj_heading_h3\" data-source-line=\"35\" data-source-line-display=\"true\"><strong><span class=\"xsj_heading_content\">Q4: Quais s\u00e3o suas aplica\u00e7\u00f5es?<\/span><\/strong><\/p>\n<p class=\"xsj_paragraph xsj_paragraph_level_0\" data-source-line=\"37\" data-source-line-display=\"true\">Suas principais aplica\u00e7\u00f5es incluem tratamento de \u00e1gua de processos industriais; tratamento de \u00e1gua polu\u00edda; tratamentos do sistema de resfriamento; melhoria da \u00e1gua pot\u00e1vel, etc., onde oferece resultados superiores com requisitos m\u00ednimos de dosagem.<\/p>\n<p class=\"xsj_paragraph xsj_paragraph_level_0\" data-source-line=\"40\" data-source-line-display=\"true\"><a class=\"xsj_link xsj_manu_link\" href=\"https:\/\/vcycletech.com\/pt\/biocida-e-algicida\/\">Obtenha a solu\u00e7\u00e3o completa de produtos qu\u00edmicos de osmose reversa<\/a>.<\/p>","protected":false},"excerpt":{"rendered":"<p>Se voc\u00ea est\u00e1 procurando um anti-incrustante e dispersante que seja incrivelmente eficiente e confi\u00e1vel, n\u00e3o procure mais do que <strong>WT-150<\/strong>! Este produto pode melhorar a qualidade da \u00e1gua em sistemas de osmose reversa (RO), nanofiltra\u00e7\u00e3o (NF) ou ultrafiltra\u00e7\u00e3o, ao mesmo tempo em que inibe a forma\u00e7\u00e3o de dep\u00f3sitos minerais nas superf\u00edcies da membrana. Al\u00e9m disso, <strong>WT-150<\/strong> tamb\u00e9m pode ser usado com floculantes org\u00e2nicos para sistemas de \u00e1gua pot\u00e1vel, bem como fornecer prote\u00e7\u00e3o contra carbonato de c\u00e1lcio, sulfatos e incrusta\u00e7\u00f5es de estr\u00f4ncio \u2013 mesmo quando os valores de LSI s\u00e3o altos, at\u00e9 3,0! Ent\u00e3o, se voc\u00ea est\u00e1 procurando um produto que manter\u00e1 suas membranas de RO, NF ou ultrafiltra\u00e7\u00e3o limpas e funcionando da melhor forma poss\u00edvel,<strong> WT-150<\/strong> \u00e9 uma escolha perfeita.<\/p>","protected":false},"featured_media":1226,"template":"","meta":{"site-sidebar-layout":"default","site-content-layout":"default","ast-site-content-layout":"default","site-content-style":"default","site-sidebar-style":"default","ast-global-header-display":"","ast-banner-title-visibility":"","ast-main-header-display":"","ast-hfb-above-header-display":"","ast-hfb-below-header-display":"","ast-hfb-mobile-header-display":"","site-post-title":"","ast-breadcrumbs-content":"","ast-featured-img":"","footer-sml-layout":"","ast-disable-related-posts":"","theme-transparent-header-meta":"default","adv-header-id-meta":"","stick-header-meta":"default","header-above-stick-meta":"","header-main-stick-meta":"","header-below-stick-meta":"","astra-migrate-meta-layouts":"default","ast-page-background-enabled":"default","ast-page-background-meta":{"desktop":{"background-color":"","background-image":"","background-repeat":"repeat","background-position":"center center","background-size":"auto","background-attachment":"scroll","background-type":"","background-media":"","overlay-type":"","overlay-color":"","overlay-opacity":"","overlay-gradient":""},"tablet":{"background-color":"","background-image":"","background-repeat":"repeat","background-position":"center center","background-size":"auto","background-attachment":"scroll","background-type":"","background-media":"","overlay-type":"","overlay-color":"","overlay-opacity":"","overlay-gradient":""},"mobile":{"background-color":"","background-image":"","background-repeat":"repeat","background-position":"center center","background-size":"auto","background-attachment":"scroll","background-type":"","background-media":"","overlay-type":"","overlay-color":"","overlay-opacity":"","overlay-gradient":""}},"ast-content-background-meta":{"desktop":{"background-color":"var(--ast-global-color-5)","background-image":"","background-repeat":"repeat","background-position":"center center","background-size":"auto","background-attachment":"scroll","background-type":"","background-media":"","overlay-type":"","overlay-color":"","overlay-opacity":"","overlay-gradient":""},"tablet":{"background-color":"var(--ast-global-color-5)","background-image":"","background-repeat":"repeat","background-position":"center center","background-size":"auto","background-attachment":"scroll","background-type":"","background-media":"","overlay-type":"","overlay-color":"","overlay-opacity":"","overlay-gradient":""},"mobile":{"background-color":"var(--ast-global-color-5)","background-image":"","background-repeat":"repeat","background-position":"center center","background-size":"auto","background-attachment":"scroll","background-type":"","background-media":"","overlay-type":"","overlay-color":"","overlay-opacity":"","overlay-gradient":""}}},"product_brand":[],"product_cat":[31],"product_tag":[],"class_list":{"0":"post-1210","1":"product","2":"type-product","3":"status-publish","4":"has-post-thumbnail","6":"product_cat-reverse-osmosis-chemicals","7":"desktop-align-left","8":"tablet-align-left","9":"mobile-align-left","10":"ast-product-gallery-layout-horizontal-slider","11":"ast-product-gallery-with-no-image","12":"ast-product-tabs-layout-horizontal","14":"first","15":"instock","16":"shipping-taxable","17":"product-type-simple"},"yoast_head":"<!-- This site is optimized with the Yoast SEO Premium plugin v26.3 (Yoast SEO v27.5) - https:\/\/yoast.com\/product\/yoast-seo-premium-wordpress\/ -->\n<title>WT-150 Antiscalant and Dispersant for RO Membrane - vcycletech<\/title>\n<meta name=\"description\" content=\"Treat your RO membrane to [WT-150 Antiscalant and Dispersant] \u2013 the only scale inhibitor that provides exceptional reliability, quality and extended protection against scales up to LSI 3.0! #MembraneProtection\" \/>\n<meta name=\"robots\" content=\"index, follow, max-snippet:-1, max-image-preview:large, max-video-preview:-1\" \/>\n<link rel=\"canonical\" href=\"https:\/\/vcycletech.com\/pt\/produtos\/wt-150-anti-incrustante-e-dispersante\/\" \/>\n<meta property=\"og:locale\" content=\"pt_PT\" \/>\n<meta property=\"og:type\" content=\"article\" \/>\n<meta property=\"og:title\" content=\"WT-150 Antiscalant and Dispersant for RO Membrane\" \/>\n<meta property=\"og:description\" content=\"Treat your RO membrane to [WT-150 Antiscalant and Dispersant] \u2013 the only scale inhibitor that provides exceptional reliability, quality and extended protection against scales up to LSI 3.0! #MembraneProtection\" \/>\n<meta property=\"og:url\" content=\"https:\/\/vcycletech.com\/pt\/produtos\/wt-150-anti-incrustante-e-dispersante\/\" \/>\n<meta property=\"og:site_name\" content=\"vcycletech\" \/>\n<meta property=\"article:modified_time\" content=\"2023-03-27T05:14:10+00:00\" \/>\n<meta property=\"og:image\" content=\"https:\/\/vcycletech.com\/wp-content\/uploads\/2023\/03\/2-e1679628448950.png\" \/>\n\t<meta property=\"og:image:width\" content=\"600\" \/>\n\t<meta property=\"og:image:height\" content=\"600\" \/>\n\t<meta property=\"og:image:type\" content=\"image\/png\" \/>\n<meta name=\"twitter:card\" content=\"summary_large_image\" \/>\n<meta name=\"twitter:label1\" content=\"Tempo estimado de leitura\" \/>\n\t<meta name=\"twitter:data1\" content=\"2 minutos\" \/>\n<script type=\"application\/ld+json\" class=\"yoast-schema-graph\">{\"@context\":\"https:\\\/\\\/schema.org\",\"@graph\":[{\"@type\":\"WebPage\",\"@id\":\"https:\\\/\\\/vcycletech.com\\\/product\\\/wt-150-antiscalant-and-dispersant\\\/\",\"url\":\"https:\\\/\\\/vcycletech.com\\\/product\\\/wt-150-antiscalant-and-dispersant\\\/\",\"name\":\"WT-150 Antiscalant and Dispersant for RO Membrane - vcycletech\",\"isPartOf\":{\"@id\":\"https:\\\/\\\/vcycletech.com\\\/#website\"},\"primaryImageOfPage\":{\"@id\":\"https:\\\/\\\/vcycletech.com\\\/product\\\/wt-150-antiscalant-and-dispersant\\\/#primaryimage\"},\"image\":{\"@id\":\"https:\\\/\\\/vcycletech.com\\\/product\\\/wt-150-antiscalant-and-dispersant\\\/#primaryimage\"},\"thumbnailUrl\":\"https:\\\/\\\/vcycletech.com\\\/wp-content\\\/uploads\\\/2023\\\/03\\\/2-e1679628448950.png\",\"datePublished\":\"2023-03-21T10:01:44+00:00\",\"dateModified\":\"2023-03-27T05:14:10+00:00\",\"description\":\"Treat your RO membrane to [WT-150 Antiscalant and Dispersant] \u2013 the only scale inhibitor that provides exceptional reliability, quality and extended protection against scales up to LSI 3.0! #MembraneProtection\",\"breadcrumb\":{\"@id\":\"https:\\\/\\\/vcycletech.com\\\/product\\\/wt-150-antiscalant-and-dispersant\\\/#breadcrumb\"},\"inLanguage\":\"pt-PT\",\"potentialAction\":[{\"@type\":\"ReadAction\",\"target\":[\"https:\\\/\\\/vcycletech.com\\\/product\\\/wt-150-antiscalant-and-dispersant\\\/\"]}]},{\"@type\":\"ImageObject\",\"inLanguage\":\"pt-PT\",\"@id\":\"https:\\\/\\\/vcycletech.com\\\/product\\\/wt-150-antiscalant-and-dispersant\\\/#primaryimage\",\"url\":\"https:\\\/\\\/vcycletech.com\\\/wp-content\\\/uploads\\\/2023\\\/03\\\/2-e1679628448950.png\",\"contentUrl\":\"https:\\\/\\\/vcycletech.com\\\/wp-content\\\/uploads\\\/2023\\\/03\\\/2-e1679628448950.png\",\"width\":600,\"height\":600,\"caption\":\"WT-150 Antiscalant and Dispersant for RO Membrane\"},{\"@type\":\"BreadcrumbList\",\"@id\":\"https:\\\/\\\/vcycletech.com\\\/product\\\/wt-150-antiscalant-and-dispersant\\\/#breadcrumb\",\"itemListElement\":[{\"@type\":\"ListItem\",\"position\":1,\"name\":\"Home\",\"item\":\"https:\\\/\\\/vcycletech.com\\\/\"},{\"@type\":\"ListItem\",\"position\":2,\"name\":\"Water Treatment Chemicals Manufacturer\",\"item\":\"https:\\\/\\\/vcycletech.com\\\/water-treatment-chemicals-manufacturer\\\/\"},{\"@type\":\"ListItem\",\"position\":3,\"name\":\"WT-150 Antiscalant and Dispersant for RO Membrane\"}]},{\"@type\":\"WebSite\",\"@id\":\"https:\\\/\\\/vcycletech.com\\\/#website\",\"url\":\"https:\\\/\\\/vcycletech.com\\\/\",\"name\":\"vcycletech\",\"description\":\"China&#039;s top water treatment chemicals supplier\",\"publisher\":{\"@id\":\"https:\\\/\\\/vcycletech.com\\\/#organization\"},\"potentialAction\":[{\"@type\":\"SearchAction\",\"target\":{\"@type\":\"EntryPoint\",\"urlTemplate\":\"https:\\\/\\\/vcycletech.com\\\/?s={search_term_string}\"},\"query-input\":{\"@type\":\"PropertyValueSpecification\",\"valueRequired\":true,\"valueName\":\"search_term_string\"}}],\"inLanguage\":\"pt-PT\"},{\"@type\":\"Organization\",\"@id\":\"https:\\\/\\\/vcycletech.com\\\/#organization\",\"name\":\"vcycletech\",\"url\":\"https:\\\/\\\/vcycletech.com\\\/\",\"logo\":{\"@type\":\"ImageObject\",\"inLanguage\":\"pt-PT\",\"@id\":\"https:\\\/\\\/vcycletech.com\\\/#\\\/schema\\\/logo\\\/image\\\/\",\"url\":\"https:\\\/\\\/vcycletech.com\\\/wp-content\\\/uploads\\\/2023\\\/03\\\/logo-vcycletech-1.png\",\"contentUrl\":\"https:\\\/\\\/vcycletech.com\\\/wp-content\\\/uploads\\\/2023\\\/03\\\/logo-vcycletech-1.png\",\"width\":600,\"height\":400,\"caption\":\"vcycletech\"},\"image\":{\"@id\":\"https:\\\/\\\/vcycletech.com\\\/#\\\/schema\\\/logo\\\/image\\\/\"}}]}<\/script>\n<!-- \/ Yoast SEO Premium plugin. -->","yoast_head_json":{"title":"WT-150 Antiincrustante e Dispersante para Membrana RO - vcycletech","description":"Treat your RO membrane to [WT-150 Antiscalant and Dispersant] \u2013 the only scale inhibitor that provides exceptional reliability, quality and extended protection against scales up to LSI 3.0! #MembraneProtection","robots":{"index":"index","follow":"follow","max-snippet":"max-snippet:-1","max-image-preview":"max-image-preview:large","max-video-preview":"max-video-preview:-1"},"canonical":"https:\/\/vcycletech.com\/pt\/produtos\/wt-150-anti-incrustante-e-dispersante\/","og_locale":"pt_PT","og_type":"article","og_title":"WT-150 Antiscalant and Dispersant for RO Membrane","og_description":"Treat your RO membrane to [WT-150 Antiscalant and Dispersant] \u2013 the only scale inhibitor that provides exceptional reliability, quality and extended protection against scales up to LSI 3.0! #MembraneProtection","og_url":"https:\/\/vcycletech.com\/pt\/produtos\/wt-150-anti-incrustante-e-dispersante\/","og_site_name":"vcycletech","article_modified_time":"2023-03-27T05:14:10+00:00","og_image":[{"width":600,"height":600,"url":"https:\/\/vcycletech.com\/wp-content\/uploads\/2023\/03\/2-e1679628448950.png","type":"image\/png"}],"twitter_card":"summary_large_image","twitter_misc":{"Tempo estimado de leitura":"2 minutos"},"schema":{"@context":"https:\/\/schema.org","@graph":[{"@type":"WebPage","@id":"https:\/\/vcycletech.com\/product\/wt-150-antiscalant-and-dispersant\/","url":"https:\/\/vcycletech.com\/product\/wt-150-antiscalant-and-dispersant\/","name":"WT-150 Antiincrustante e Dispersante para Membrana RO - vcycletech","isPartOf":{"@id":"https:\/\/vcycletech.com\/#website"},"primaryImageOfPage":{"@id":"https:\/\/vcycletech.com\/product\/wt-150-antiscalant-and-dispersant\/#primaryimage"},"image":{"@id":"https:\/\/vcycletech.com\/product\/wt-150-antiscalant-and-dispersant\/#primaryimage"},"thumbnailUrl":"https:\/\/vcycletech.com\/wp-content\/uploads\/2023\/03\/2-e1679628448950.png","datePublished":"2023-03-21T10:01:44+00:00","dateModified":"2023-03-27T05:14:10+00:00","description":"Treat your RO membrane to [WT-150 Antiscalant and Dispersant] \u2013 the only scale inhibitor that provides exceptional reliability, quality and extended protection against scales up to LSI 3.0! #MembraneProtection","breadcrumb":{"@id":"https:\/\/vcycletech.com\/product\/wt-150-antiscalant-and-dispersant\/#breadcrumb"},"inLanguage":"pt-PT","potentialAction":[{"@type":"ReadAction","target":["https:\/\/vcycletech.com\/product\/wt-150-antiscalant-and-dispersant\/"]}]},{"@type":"ImageObject","inLanguage":"pt-PT","@id":"https:\/\/vcycletech.com\/product\/wt-150-antiscalant-and-dispersant\/#primaryimage","url":"https:\/\/vcycletech.com\/wp-content\/uploads\/2023\/03\/2-e1679628448950.png","contentUrl":"https:\/\/vcycletech.com\/wp-content\/uploads\/2023\/03\/2-e1679628448950.png","width":600,"height":600,"caption":"WT-150 Antiscalant and Dispersant for RO Membrane"},{"@type":"BreadcrumbList","@id":"https:\/\/vcycletech.com\/product\/wt-150-antiscalant-and-dispersant\/#breadcrumb","itemListElement":[{"@type":"ListItem","position":1,"name":"Home","item":"https:\/\/vcycletech.com\/"},{"@type":"ListItem","position":2,"name":"Water Treatment Chemicals Manufacturer","item":"https:\/\/vcycletech.com\/water-treatment-chemicals-manufacturer\/"},{"@type":"ListItem","position":3,"name":"WT-150 Antiscalant and Dispersant for RO Membrane"}]},{"@type":"WebSite","@id":"https:\/\/vcycletech.com\/#website","url":"https:\/\/vcycletech.com\/","name":"vcycletech","description":"China&#039;principal fornecedor de produtos qu\u00edmicos para tratamento de \u00e1gua","publisher":{"@id":"https:\/\/vcycletech.com\/#organization"},"potentialAction":[{"@type":"SearchAction","target":{"@type":"EntryPoint","urlTemplate":"https:\/\/vcycletech.com\/?s={search_term_string}"},"query-input":{"@type":"PropertyValueSpecification","valueRequired":true,"valueName":"search_term_string"}}],"inLanguage":"pt-PT"},{"@type":"Organization","@id":"https:\/\/vcycletech.com\/#organization","name":"vcycletech","url":"https:\/\/vcycletech.com\/","logo":{"@type":"ImageObject","inLanguage":"pt-PT","@id":"https:\/\/vcycletech.com\/#\/schema\/logo\/image\/","url":"https:\/\/vcycletech.com\/wp-content\/uploads\/2023\/03\/logo-vcycletech-1.png","contentUrl":"https:\/\/vcycletech.com\/wp-content\/uploads\/2023\/03\/logo-vcycletech-1.png","width":600,"height":400,"caption":"vcycletech"},"image":{"@id":"https:\/\/vcycletech.com\/#\/schema\/logo\/image\/"}}]}},"_links":{"self":[{"href":"https:\/\/vcycletech.com\/pt\/wp-json\/wp\/v2\/product\/1210","targetHints":{"allow":["GET"]}}],"collection":[{"href":"https:\/\/vcycletech.com\/pt\/wp-json\/wp\/v2\/product"}],"about":[{"href":"https:\/\/vcycletech.com\/pt\/wp-json\/wp\/v2\/types\/product"}],"wp:featuredmedia":[{"embeddable":true,"href":"https:\/\/vcycletech.com\/pt\/wp-json\/wp\/v2\/media\/1226"}],"wp:attachment":[{"href":"https:\/\/vcycletech.com\/pt\/wp-json\/wp\/v2\/media?parent=1210"}],"wp:term":[{"taxonomy":"product_brand","embeddable":true,"href":"https:\/\/vcycletech.com\/pt\/wp-json\/wp\/v2\/product_brand?post=1210"},{"taxonomy":"product_cat","embeddable":true,"href":"https:\/\/vcycletech.com\/pt\/wp-json\/wp\/v2\/product_cat?post=1210"},{"taxonomy":"product_tag","embeddable":true,"href":"https:\/\/vcycletech.com\/pt\/wp-json\/wp\/v2\/product_tag?post=1210"}],"curies":[{"name":"wp","href":"https:\/\/api.w.org\/{rel}","templated":true}]}}