{"id":1208,"date":"2023-03-21T09:57:34","date_gmt":"2023-03-21T09:57:34","guid":{"rendered":"https:\/\/vcycletech.com\/?post_type=product&#038;p=1208"},"modified":"2023-03-27T05:21:13","modified_gmt":"2023-03-27T05:21:13","slug":"acrilico-homopolimerowt-1000","status":"publish","type":"product","link":"https:\/\/vcycletech.com\/pt\/produtos\/acrilico-homopolimerowt-1000\/","title":{"rendered":"Homopol\u00edmero acr\u00edlico (WT-1000)"},"content":{"rendered":"<h3>F\u00f3rmula estrutural:<\/h3>\n<p><img fetchpriority=\"high\" decoding=\"async\" class=\"alignnone size-full wp-image-1215\" src=\"https:\/\/vcycletech.com\/wp-content\/uploads\/2023\/03\/Structural-Formula-9.png\" alt=\"F\u00f3rmula estrutural de homopol\u00edmero acr\u00edlico (KR-1000)\" width=\"1400\" height=\"450\" srcset=\"https:\/\/vcycletech.com\/wp-content\/uploads\/2023\/03\/Structural-Formula-9.png 1400w, https:\/\/vcycletech.com\/wp-content\/uploads\/2023\/03\/Structural-Formula-9-600x193.png 600w, https:\/\/vcycletech.com\/wp-content\/uploads\/2023\/03\/Structural-Formula-9-300x96.png 300w, https:\/\/vcycletech.com\/wp-content\/uploads\/2023\/03\/Structural-Formula-9-1024x329.png 1024w, https:\/\/vcycletech.com\/wp-content\/uploads\/2023\/03\/Structural-Formula-9-768x247.png 768w\" sizes=\"(max-width: 1400px) 100vw, 1400px\" \/><\/p>\n<h3>Propriedades do homopol\u00edmero acr\u00edlico:<\/h3>\n<div class=\"break-words markdown-formatted-text\">\n<p class=\"my-0.5\"><strong>WT-1000<\/strong> series \u00e9 um \u00c1cido Poliacr\u00edlico de Baixo Peso Molecular (LMW) e seus sais de s\u00f3dio correspondentes que s\u00e3o inibidores de incrusta\u00e7\u00f5es altamente eficazes, capazes de prevenir a deposi\u00e7\u00e3o de carbonato de c\u00e1lcio, sulfato de c\u00e1lcio e sulfato de b\u00e1rio em superf\u00edcies. Esses pol\u00edmeros t\u00eam pesos moleculares m\u00e9dios de 2.000 a 4.500 e demonstram boa atividade em uma ampla faixa de pH, dureza da \u00e1gua e condi\u00e7\u00f5es de temperatura. A s\u00e9rie WT-1000 tamb\u00e9m possui excelente estabilidade de congelamento e descongelamento, tornando-os adequados para tratamento de \u00e1gua industrial e aplica\u00e7\u00f5es de produ\u00e7\u00e3o de petr\u00f3leo. A escolha entre os membros da s\u00e9rie depende da aplica\u00e7\u00e3o, formula\u00e7\u00e3o, condi\u00e7\u00f5es de uso e caracter\u00edsticas de desempenho exigidas.<\/p>\n<h3>Especifica\u00e7\u00e3o:<\/h3>\n<div id=\"footable_parent_1217\"\n         class=\"footable_parent ninja_table_wrapper loading_ninja_table wp_table_data_press_parent semantic_ui\">\n                <table data-ninja_table_instance=\"ninja_table_instance_0\" data-footable_id=\"1217\" data-filter-delay=\"1000\" aria-label=\"Homopol\u00edmero acr\u00edlico KR-1000.csv\"            id=\"footable_1217\"\n           data-unique_identifier=\"ninja_table_unique_id_264071450_1217\"\n           class=\"foo-table ninja_footable foo_table_1217 ninja_table_unique_id_264071450_1217 ui table  nt_type_legacy_table selectable striped vertical_centered  footable-paging-right ninja_table_pro\">\n                <colgroup>\n                            <col class=\"ninja_column_0\">\n                            <col class=\"ninja_column_1\">\n                    <\/colgroup>\n        <thead>\n<tr class=\"footable-header\">\n                                        <th scope=\"col\"  class=\"ninja_column_0 ninja_clmn_nm_items\">Itens<\/th><th scope=\"col\"  class=\"ninja_column_1 ninja_clmn_nm_index\">\u00cdndice<\/th><\/tr>\n<\/thead>\n<tbody>\n\n        <tr data-row_id=\"283\" class=\"ninja_table_row_0 nt_row_id_283\">\n            <td>Apar\u00eancia<\/td><td>L\u00edquido transparente incolor a amarelo p\u00e1lido<\/td>        <\/tr>\n            <tr data-row_id=\"284\" class=\"ninja_table_row_1 nt_row_id_284\">\n            <td>Conte\u00fado s\u00f3lido, %<\/td><td>47.0-49.0<\/td>        <\/tr>\n            <tr data-row_id=\"285\" class=\"ninja_table_row_2 nt_row_id_285\">\n            <td>Densidade (20 \u2103), g\/cm3<\/td><td>1,20 min<\/td>        <\/tr>\n            <tr data-row_id=\"286\" class=\"ninja_table_row_3 nt_row_id_286\">\n            <td>pH (como ele)<\/td><td>3.0-4.5<\/td>        <\/tr>\n    <\/tbody><!--ninja_tobody_rendering_done-->\n    <\/table>\n    \n    \n    \n<\/div>\n\n<h3>Uso:<\/h3>\n<p>Quando usado sozinho, a dosagem ideal deste produto \u00e9 de 10-30mg\/L. No entanto, quando usado como dispersante em outros campos, a quantidade deve ser determinada por meio de experimenta\u00e7\u00e3o.<\/p>\n<h3>Pacote e armazenamento:<\/h3>\n<p>Este produto vem em tambores pl\u00e1sticos de 200L e IBCs (1000L). Os clientes tamb\u00e9m podem fazer solicita\u00e7\u00f5es espec\u00edficas para tamanhos de embalagem. Deve ser armazenado em local fresco e seco por n\u00e3o mais de dez meses para garantir a qualidade ideal.<\/p>\n<h3>Guia completo sobre o homopol\u00edmero acr\u00edlico:<\/h3>\n<h3><img decoding=\"async\" class=\"alignnone size-full wp-image-1222\" src=\"https:\/\/vcycletech.com\/wp-content\/uploads\/2023\/03\/1-46.png\" alt=\"Guia completo sobre homopol\u00edmero acr\u00edlico\" width=\"600\" height=\"400\" srcset=\"https:\/\/vcycletech.com\/wp-content\/uploads\/2023\/03\/1-46.png 600w, https:\/\/vcycletech.com\/wp-content\/uploads\/2023\/03\/1-46-300x200.png 300w\" sizes=\"(max-width: 600px) 100vw, 600px\" \/><\/h3>\n<p>Os \u00e1cidos poliacr\u00edlicos e seus correspondentes sais de s\u00f3dio s\u00e3o conhecidos como Homopol\u00edmeros Acr\u00edlicos. Eles s\u00e3o pol\u00edmeros de baixo peso molecular (LMW) com um peso molecular m\u00e9dio entre 2.000-4.500 e t\u00eam sido amplamente utilizados em aplica\u00e7\u00f5es industriais de tratamento de \u00e1gua e produ\u00e7\u00e3o de petr\u00f3leo. Esses homopol\u00edmeros acr\u00edlicos funcionam como inibidores de incrusta\u00e7\u00f5es, impedindo a deposi\u00e7\u00e3o de carbonato de c\u00e1lcio, sulfato de c\u00e1lcio e sulfato de b\u00e1rio nas superf\u00edcies. Al\u00e9m disso, eles mant\u00eam sua efic\u00e1cia em uma ampla gama de n\u00edveis de pH, dureza da \u00e1gua e temperaturas - incluindo temperaturas de congelamento - tornando-os adequados para uso em v\u00e1rios setores.<\/p>\n<h4>Princ\u00edpio de A\u00e7\u00e3o<\/h4>\n<p>O princ\u00edpio por tr\u00e1s do funcionamento dos homopol\u00edmeros acr\u00edlicos \u00e9 duplo: esses pol\u00edmeros formam uma camada protetora por adsor\u00e7\u00e3o na superf\u00edcie. Esta camada pode bloquear a ocorr\u00eancia de mais precipita\u00e7\u00e3o mineral. Em segundo lugar, esses pol\u00edmeros tamb\u00e9m se dissolvem em solu\u00e7\u00e3o; quando isso acontece, as mol\u00e9culas se unem, formando grandes aglomerados que n\u00e3o podem se prender a nenhuma superf\u00edcie devido ao seu tamanho. Isso faz com que permane\u00e7am suspensos na solu\u00e7\u00e3o em vez de precipitar, evitando assim a forma\u00e7\u00e3o de incrusta\u00e7\u00f5es nas superf\u00edcies.<\/p>\n<h4>Campo de aplica\u00e7\u00e3o<\/h4>\n<p>Devido \u00e0s suas propriedades, o homopol\u00edmero acr\u00edlico encontra aplica\u00e7\u00e3o em muitas ind\u00fastrias, como gera\u00e7\u00e3o de energia, tingimento t\u00eaxtil e ind\u00fastria de impress\u00e3o, condicionamento de \u00e1gua de alimenta\u00e7\u00e3o de caldeiras, sistemas de torre de resfriamento e sistemas de amaciamento de \u00e1gua de processo, etc.<\/p>\n<h4>Precau\u00e7\u00f5es para uso<\/h4>\n<p>Embora os homopol\u00edmeros acr\u00edlicos sejam geralmente seguros para uso em processos de tratamento e produ\u00e7\u00e3o, existem algumas precau\u00e7\u00f5es que voc\u00ea deve tomar ao us\u00e1-los:<\/p>\n<p>Certifique-se de selecionar o tipo correto de pol\u00edmero para sua aplica\u00e7\u00e3o \u2013 a sele\u00e7\u00e3o incorreta pode levar \u00e0 perda de desempenho ou at\u00e9 mesmo danos ao equipamento.<\/p>\n<p>Como acontece com qualquer produto qu\u00edmico, voc\u00ea deve usar equipamentos de prote\u00e7\u00e3o, como luvas e \u00f3culos de seguran\u00e7a, ao manuse\u00e1-lo.<\/p>\n<p>Siga sempre as instru\u00e7\u00f5es do fabricante ao usar produtos qu\u00edmicos \u2013 o uso incorreto pode causar riscos \u00e0 sa\u00fade ou danificar o equipamento.<\/p>\n<h3>Perguntas frequentes:<\/h3>\n<p><strong>Q1: O que \u00e9 um homopol\u00edmero acr\u00edlico?<\/strong><br \/>\nR: Um homopol\u00edmero acr\u00edlico \u00e9 um pol\u00edmero de baixo peso molecular (LMW) que consiste em \u00e1cido poliacr\u00edlico e seu sal de s\u00f3dio correspondente. Ele atua como um inibidor de incrusta\u00e7\u00e3o, bloqueando a ocorr\u00eancia de precipita\u00e7\u00e3o mineral nas superf\u00edcies.<\/p>\n<p><strong>Q2: Qual \u00e9 a faixa de peso molecular?<\/strong><br \/>\nR: A faixa de peso molecular \u00e9 de 2.000 a 4.500 daltons, tornando-o adequado para aplica\u00e7\u00f5es de tratamento de \u00e1gua industrial.<\/p>\n<p><strong>Q3: Como eles funcionam?<\/strong><br \/>\nR: Os homopol\u00edmeros acr\u00edlicos funcionam formando uma camada protetora nas superf\u00edcies por meio de adsor\u00e7\u00e3o enquanto se dissolvem em uma solu\u00e7\u00e3o, onde formam grandes aglomerados que n\u00e3o podem aderir a nenhuma superf\u00edcie devido ao seu tamanho. Portanto, eles permanecem suspensos na solu\u00e7\u00e3o em vez de precipitar, evitando assim a forma\u00e7\u00e3o de incrusta\u00e7\u00f5es nas superf\u00edcies.<\/p>\n<p><strong>P4: Em quais setores eles encontram aplica\u00e7\u00f5es?<\/strong><br \/>\nR: Os homopol\u00edmeros acr\u00edlicos encontram aplica\u00e7\u00e3o na ind\u00fastria de gera\u00e7\u00e3o de energia, tingimento t\u00eaxtil, sistemas de \u00e1gua de alimenta\u00e7\u00e3o de caldeiras, sistemas de torres de resfriamento, etc., todos exigindo controle de incrusta\u00e7\u00e3o confi\u00e1vel.<\/p>\n<p><strong>Q5: H\u00e1 alguma precau\u00e7\u00e3o que devo tomar ao usar Homopol\u00edmeros Acr\u00edlicos?<\/strong><br \/>\nR: Sim, certifique-se sempre de selecionar o tipo correto para sua aplica\u00e7\u00e3o; use equipamento de prote\u00e7\u00e3o como luvas e \u00f3culos de seguran\u00e7a; siga as instru\u00e7\u00f5es do fabricante cuidadosamente.<\/p>\n<p><strong>Q6: Existem riscos associados ao uso de homopol\u00edmeros acr\u00edlicos?<\/strong><br \/>\nR: Se for mal utilizado, sim, certos riscos podem estar associados ao uso deste produto, incluindo riscos \u00e0 sa\u00fade e danos causados ao equipamento. Portanto, voc\u00ea deve sempre ler e entender as instru\u00e7\u00f5es fornecidas pelos fabricantes antes do uso.<\/p>\n<p><a href=\"https:\/\/vcycletech.com\/pt\/categoria-de-produto\/policarboxilico-anti-incrustante-e-dispersante\/\">Obtenha a solu\u00e7\u00e3o completa anti-incrustante e dispersante policarbox\u00edlico<\/a><\/p>\n<\/div>","protected":false},"excerpt":{"rendered":"<p><strong>WT-1000<\/strong> series \u00e9 um \u00e1cido poliacr\u00edlico de baixo peso molecular (LMW) e seus sais de s\u00f3dio correspondentes que s\u00e3o inibidores de incrusta\u00e7\u00e3o altamente eficazes, capazes de prevenir a deposi\u00e7\u00e3o de carbonato de c\u00e1lcio, sulfato de c\u00e1lcio e sulfato de b\u00e1rio em superf\u00edcies. Esses pol\u00edmeros t\u00eam pesos moleculares m\u00e9dios de 2.000 a 4.500 e demonstram boa atividade em uma ampla faixa de pH, dureza da \u00e1gua e condi\u00e7\u00f5es de temperatura. <strong>WT-1000<\/strong> As s\u00e9ries tamb\u00e9m t\u00eam excelente estabilidade de congelamento e descongelamento, tornando-as adequadas para tratamento de \u00e1gua industrial e aplica\u00e7\u00f5es de produ\u00e7\u00e3o de petr\u00f3leo. A escolha entre os membros da s\u00e9rie depende da aplica\u00e7\u00e3o, formula\u00e7\u00e3o, condi\u00e7\u00f5es de uso e caracter\u00edsticas de desempenho exigidas.<\/p>","protected":false},"featured_media":2835,"template":"","meta":{"site-sidebar-layout":"default","site-content-layout":"default","ast-site-content-layout":"default","site-content-style":"default","site-sidebar-style":"default","ast-global-header-display":"","ast-banner-title-visibility":"","ast-main-header-display":"","ast-hfb-above-header-display":"","ast-hfb-below-header-display":"","ast-hfb-mobile-header-display":"","site-post-title":"","ast-breadcrumbs-content":"","ast-featured-img":"","footer-sml-layout":"","ast-disable-related-posts":"","theme-transparent-header-meta":"default","adv-header-id-meta":"","stick-header-meta":"default","header-above-stick-meta":"","header-main-stick-meta":"","header-below-stick-meta":"","astra-migrate-meta-layouts":"default","ast-page-background-enabled":"default","ast-page-background-meta":{"desktop":{"background-color":"","background-image":"","background-repeat":"repeat","background-position":"center center","background-size":"auto","background-attachment":"scroll","background-type":"","background-media":"","overlay-type":"","overlay-color":"","overlay-opacity":"","overlay-gradient":""},"tablet":{"background-color":"","background-image":"","background-repeat":"repeat","background-position":"center center","background-size":"auto","background-attachment":"scroll","background-type":"","background-media":"","overlay-type":"","overlay-color":"","overlay-opacity":"","overlay-gradient":""},"mobile":{"background-color":"","background-image":"","background-repeat":"repeat","background-position":"center center","background-size":"auto","background-attachment":"scroll","background-type":"","background-media":"","overlay-type":"","overlay-color":"","overlay-opacity":"","overlay-gradient":""}},"ast-content-background-meta":{"desktop":{"background-color":"var(--ast-global-color-5)","background-image":"","background-repeat":"repeat","background-position":"center center","background-size":"auto","background-attachment":"scroll","background-type":"","background-media":"","overlay-type":"","overlay-color":"","overlay-opacity":"","overlay-gradient":""},"tablet":{"background-color":"var(--ast-global-color-5)","background-image":"","background-repeat":"repeat","background-position":"center center","background-size":"auto","background-attachment":"scroll","background-type":"","background-media":"","overlay-type":"","overlay-color":"","overlay-opacity":"","overlay-gradient":""},"mobile":{"background-color":"var(--ast-global-color-5)","background-image":"","background-repeat":"repeat","background-position":"center center","background-size":"auto","background-attachment":"scroll","background-type":"","background-media":"","overlay-type":"","overlay-color":"","overlay-opacity":"","overlay-gradient":""}}},"product_brand":[],"product_cat":[28],"product_tag":[],"class_list":{"0":"post-1208","1":"product","2":"type-product","3":"status-publish","4":"has-post-thumbnail","6":"product_cat-polycarboxylic-antiscalant-and-dispersant","7":"desktop-align-left","8":"tablet-align-left","9":"mobile-align-left","10":"ast-product-gallery-layout-horizontal-slider","11":"ast-product-gallery-with-no-image","12":"ast-product-tabs-layout-horizontal","14":"first","15":"instock","16":"shipping-taxable","17":"product-type-simple"},"yoast_head":"<!-- This site is optimized with the Yoast SEO Premium plugin v26.3 (Yoast SEO v27.5) - https:\/\/yoast.com\/product\/yoast-seo-premium-wordpress\/ -->\n<title>Acrylic Homopolymer(WT-1000) - vcycletech<\/title>\n<meta name=\"description\" content=\"Keep your water clean with Acrylic Homopolymer and the right water treatment chemicals. Act now to get started!\" \/>\n<meta name=\"robots\" content=\"index, follow, max-snippet:-1, max-image-preview:large, max-video-preview:-1\" \/>\n<link rel=\"canonical\" href=\"https:\/\/vcycletech.com\/pt\/produtos\/acrilico-homopolimerowt-1000\/\" \/>\n<meta property=\"og:locale\" content=\"pt_PT\" \/>\n<meta property=\"og:type\" content=\"article\" \/>\n<meta property=\"og:title\" content=\"Acrylic Homopolymer(WT-1000)\" \/>\n<meta property=\"og:description\" content=\"Keep your water clean with Acrylic Homopolymer and the right water treatment chemicals. Act now to get started!\" \/>\n<meta property=\"og:url\" content=\"https:\/\/vcycletech.com\/pt\/produtos\/acrilico-homopolimerowt-1000\/\" \/>\n<meta property=\"og:site_name\" content=\"vcycletech\" \/>\n<meta property=\"article:modified_time\" content=\"2023-03-27T05:21:13+00:00\" \/>\n<meta property=\"og:image\" content=\"https:\/\/vcycletech.com\/wp-content\/uploads\/2023\/03\/\u672a\u547d\u540d\u7684\u8bbe\u8ba1-3-22.png\" \/>\n\t<meta property=\"og:image:width\" content=\"600\" \/>\n\t<meta property=\"og:image:height\" content=\"600\" \/>\n\t<meta property=\"og:image:type\" content=\"image\/png\" \/>\n<meta name=\"twitter:card\" content=\"summary_large_image\" \/>\n<meta name=\"twitter:label1\" content=\"Tempo estimado de leitura\" \/>\n\t<meta name=\"twitter:data1\" content=\"4 minutos\" \/>\n<script type=\"application\/ld+json\" class=\"yoast-schema-graph\">{\"@context\":\"https:\\\/\\\/schema.org\",\"@graph\":[{\"@type\":\"WebPage\",\"@id\":\"https:\\\/\\\/vcycletech.com\\\/product\\\/acrylic-homopolymerwt-1000\\\/\",\"url\":\"https:\\\/\\\/vcycletech.com\\\/product\\\/acrylic-homopolymerwt-1000\\\/\",\"name\":\"Acrylic Homopolymer(WT-1000) - vcycletech\",\"isPartOf\":{\"@id\":\"https:\\\/\\\/vcycletech.com\\\/#website\"},\"primaryImageOfPage\":{\"@id\":\"https:\\\/\\\/vcycletech.com\\\/product\\\/acrylic-homopolymerwt-1000\\\/#primaryimage\"},\"image\":{\"@id\":\"https:\\\/\\\/vcycletech.com\\\/product\\\/acrylic-homopolymerwt-1000\\\/#primaryimage\"},\"thumbnailUrl\":\"https:\\\/\\\/vcycletech.com\\\/wp-content\\\/uploads\\\/2023\\\/03\\\/\u672a\u547d\u540d\u7684\u8bbe\u8ba1-3-22.png\",\"datePublished\":\"2023-03-21T09:57:34+00:00\",\"dateModified\":\"2023-03-27T05:21:13+00:00\",\"description\":\"Keep your water clean with Acrylic Homopolymer and the right water treatment chemicals. Act now to get started!\",\"breadcrumb\":{\"@id\":\"https:\\\/\\\/vcycletech.com\\\/product\\\/acrylic-homopolymerwt-1000\\\/#breadcrumb\"},\"inLanguage\":\"pt-PT\",\"potentialAction\":[{\"@type\":\"ReadAction\",\"target\":[\"https:\\\/\\\/vcycletech.com\\\/product\\\/acrylic-homopolymerwt-1000\\\/\"]}]},{\"@type\":\"ImageObject\",\"inLanguage\":\"pt-PT\",\"@id\":\"https:\\\/\\\/vcycletech.com\\\/product\\\/acrylic-homopolymerwt-1000\\\/#primaryimage\",\"url\":\"https:\\\/\\\/vcycletech.com\\\/wp-content\\\/uploads\\\/2023\\\/03\\\/\u672a\u547d\u540d\u7684\u8bbe\u8ba1-3-22.png\",\"contentUrl\":\"https:\\\/\\\/vcycletech.com\\\/wp-content\\\/uploads\\\/2023\\\/03\\\/\u672a\u547d\u540d\u7684\u8bbe\u8ba1-3-22.png\",\"width\":600,\"height\":600,\"caption\":\"WT-1000 Acrylic Homopolymer\"},{\"@type\":\"BreadcrumbList\",\"@id\":\"https:\\\/\\\/vcycletech.com\\\/product\\\/acrylic-homopolymerwt-1000\\\/#breadcrumb\",\"itemListElement\":[{\"@type\":\"ListItem\",\"position\":1,\"name\":\"Home\",\"item\":\"https:\\\/\\\/vcycletech.com\\\/\"},{\"@type\":\"ListItem\",\"position\":2,\"name\":\"Water Treatment Chemicals Manufacturer\",\"item\":\"https:\\\/\\\/vcycletech.com\\\/water-treatment-chemicals-manufacturer\\\/\"},{\"@type\":\"ListItem\",\"position\":3,\"name\":\"Acrylic Homopolymer(WT-1000)\"}]},{\"@type\":\"WebSite\",\"@id\":\"https:\\\/\\\/vcycletech.com\\\/#website\",\"url\":\"https:\\\/\\\/vcycletech.com\\\/\",\"name\":\"vcycletech\",\"description\":\"China&#039;s top water treatment chemicals supplier\",\"publisher\":{\"@id\":\"https:\\\/\\\/vcycletech.com\\\/#organization\"},\"potentialAction\":[{\"@type\":\"SearchAction\",\"target\":{\"@type\":\"EntryPoint\",\"urlTemplate\":\"https:\\\/\\\/vcycletech.com\\\/?s={search_term_string}\"},\"query-input\":{\"@type\":\"PropertyValueSpecification\",\"valueRequired\":true,\"valueName\":\"search_term_string\"}}],\"inLanguage\":\"pt-PT\"},{\"@type\":\"Organization\",\"@id\":\"https:\\\/\\\/vcycletech.com\\\/#organization\",\"name\":\"vcycletech\",\"url\":\"https:\\\/\\\/vcycletech.com\\\/\",\"logo\":{\"@type\":\"ImageObject\",\"inLanguage\":\"pt-PT\",\"@id\":\"https:\\\/\\\/vcycletech.com\\\/#\\\/schema\\\/logo\\\/image\\\/\",\"url\":\"https:\\\/\\\/vcycletech.com\\\/wp-content\\\/uploads\\\/2023\\\/03\\\/logo-vcycletech-1.png\",\"contentUrl\":\"https:\\\/\\\/vcycletech.com\\\/wp-content\\\/uploads\\\/2023\\\/03\\\/logo-vcycletech-1.png\",\"width\":600,\"height\":400,\"caption\":\"vcycletech\"},\"image\":{\"@id\":\"https:\\\/\\\/vcycletech.com\\\/#\\\/schema\\\/logo\\\/image\\\/\"}}]}<\/script>\n<!-- \/ Yoast SEO Premium plugin. -->","yoast_head_json":{"title":"Homopol\u00edmero acr\u00edlico (WT-1000) - vcycletech","description":"Mantenha sua \u00e1gua limpa com o Homopol\u00edmero Acr\u00edlico e os produtos qu\u00edmicos de tratamento de \u00e1gua corretos. Aja agora para come\u00e7ar!","robots":{"index":"index","follow":"follow","max-snippet":"max-snippet:-1","max-image-preview":"max-image-preview:large","max-video-preview":"max-video-preview:-1"},"canonical":"https:\/\/vcycletech.com\/pt\/produtos\/acrilico-homopolimerowt-1000\/","og_locale":"pt_PT","og_type":"article","og_title":"Acrylic Homopolymer(WT-1000)","og_description":"Keep your water clean with Acrylic Homopolymer and the right water treatment chemicals. Act now to get started!","og_url":"https:\/\/vcycletech.com\/pt\/produtos\/acrilico-homopolimerowt-1000\/","og_site_name":"vcycletech","article_modified_time":"2023-03-27T05:21:13+00:00","og_image":[{"width":600,"height":600,"url":"https:\/\/vcycletech.com\/wp-content\/uploads\/2023\/03\/\u672a\u547d\u540d\u7684\u8bbe\u8ba1-3-22.png","type":"image\/png"}],"twitter_card":"summary_large_image","twitter_misc":{"Tempo estimado de leitura":"4 minutos"},"schema":{"@context":"https:\/\/schema.org","@graph":[{"@type":"WebPage","@id":"https:\/\/vcycletech.com\/product\/acrylic-homopolymerwt-1000\/","url":"https:\/\/vcycletech.com\/product\/acrylic-homopolymerwt-1000\/","name":"Homopol\u00edmero acr\u00edlico (WT-1000) - vcycletech","isPartOf":{"@id":"https:\/\/vcycletech.com\/#website"},"primaryImageOfPage":{"@id":"https:\/\/vcycletech.com\/product\/acrylic-homopolymerwt-1000\/#primaryimage"},"image":{"@id":"https:\/\/vcycletech.com\/product\/acrylic-homopolymerwt-1000\/#primaryimage"},"thumbnailUrl":"https:\/\/vcycletech.com\/wp-content\/uploads\/2023\/03\/\u672a\u547d\u540d\u7684\u8bbe\u8ba1-3-22.png","datePublished":"2023-03-21T09:57:34+00:00","dateModified":"2023-03-27T05:21:13+00:00","description":"Mantenha sua \u00e1gua limpa com o Homopol\u00edmero Acr\u00edlico e os produtos qu\u00edmicos de tratamento de \u00e1gua corretos. Aja agora para come\u00e7ar!","breadcrumb":{"@id":"https:\/\/vcycletech.com\/product\/acrylic-homopolymerwt-1000\/#breadcrumb"},"inLanguage":"pt-PT","potentialAction":[{"@type":"ReadAction","target":["https:\/\/vcycletech.com\/product\/acrylic-homopolymerwt-1000\/"]}]},{"@type":"ImageObject","inLanguage":"pt-PT","@id":"https:\/\/vcycletech.com\/product\/acrylic-homopolymerwt-1000\/#primaryimage","url":"https:\/\/vcycletech.com\/wp-content\/uploads\/2023\/03\/\u672a\u547d\u540d\u7684\u8bbe\u8ba1-3-22.png","contentUrl":"https:\/\/vcycletech.com\/wp-content\/uploads\/2023\/03\/\u672a\u547d\u540d\u7684\u8bbe\u8ba1-3-22.png","width":600,"height":600,"caption":"WT-1000 Acrylic Homopolymer"},{"@type":"BreadcrumbList","@id":"https:\/\/vcycletech.com\/product\/acrylic-homopolymerwt-1000\/#breadcrumb","itemListElement":[{"@type":"ListItem","position":1,"name":"Home","item":"https:\/\/vcycletech.com\/"},{"@type":"ListItem","position":2,"name":"Water Treatment Chemicals Manufacturer","item":"https:\/\/vcycletech.com\/water-treatment-chemicals-manufacturer\/"},{"@type":"ListItem","position":3,"name":"Acrylic Homopolymer(WT-1000)"}]},{"@type":"WebSite","@id":"https:\/\/vcycletech.com\/#website","url":"https:\/\/vcycletech.com\/","name":"vcycletech","description":"China&#039;principal fornecedor de produtos qu\u00edmicos para tratamento de \u00e1gua","publisher":{"@id":"https:\/\/vcycletech.com\/#organization"},"potentialAction":[{"@type":"SearchAction","target":{"@type":"EntryPoint","urlTemplate":"https:\/\/vcycletech.com\/?s={search_term_string}"},"query-input":{"@type":"PropertyValueSpecification","valueRequired":true,"valueName":"search_term_string"}}],"inLanguage":"pt-PT"},{"@type":"Organization","@id":"https:\/\/vcycletech.com\/#organization","name":"vcycletech","url":"https:\/\/vcycletech.com\/","logo":{"@type":"ImageObject","inLanguage":"pt-PT","@id":"https:\/\/vcycletech.com\/#\/schema\/logo\/image\/","url":"https:\/\/vcycletech.com\/wp-content\/uploads\/2023\/03\/logo-vcycletech-1.png","contentUrl":"https:\/\/vcycletech.com\/wp-content\/uploads\/2023\/03\/logo-vcycletech-1.png","width":600,"height":400,"caption":"vcycletech"},"image":{"@id":"https:\/\/vcycletech.com\/#\/schema\/logo\/image\/"}}]}},"_links":{"self":[{"href":"https:\/\/vcycletech.com\/pt\/wp-json\/wp\/v2\/product\/1208","targetHints":{"allow":["GET"]}}],"collection":[{"href":"https:\/\/vcycletech.com\/pt\/wp-json\/wp\/v2\/product"}],"about":[{"href":"https:\/\/vcycletech.com\/pt\/wp-json\/wp\/v2\/types\/product"}],"wp:featuredmedia":[{"embeddable":true,"href":"https:\/\/vcycletech.com\/pt\/wp-json\/wp\/v2\/media\/2835"}],"wp:attachment":[{"href":"https:\/\/vcycletech.com\/pt\/wp-json\/wp\/v2\/media?parent=1208"}],"wp:term":[{"taxonomy":"product_brand","embeddable":true,"href":"https:\/\/vcycletech.com\/pt\/wp-json\/wp\/v2\/product_brand?post=1208"},{"taxonomy":"product_cat","embeddable":true,"href":"https:\/\/vcycletech.com\/pt\/wp-json\/wp\/v2\/product_cat?post=1208"},{"taxonomy":"product_tag","embeddable":true,"href":"https:\/\/vcycletech.com\/pt\/wp-json\/wp\/v2\/product_tag?post=1208"}],"curies":[{"name":"wp","href":"https:\/\/api.w.org\/{rel}","templated":true}]}}