{"id":1198,"date":"2023-03-21T09:36:38","date_gmt":"2023-03-21T09:36:38","guid":{"rendered":"https:\/\/vcycletech.com\/?post_type=product&#038;p=1198"},"modified":"2023-03-27T05:35:08","modified_gmt":"2023-03-27T05:35:08","slug":"fosfino-acido-carboxilico-copolimero-wt-400","status":"publish","type":"product","link":"https:\/\/vcycletech.com\/pt\/produtos\/fosfino-acido-carboxilico-copolimero-wt-400\/","title":{"rendered":"Copol\u00edmero de \u00c1cido Fosfino Carbox\u00edlico WT-400"},"content":{"rendered":"<h3>Propriedades:<\/h3>\n<div class=\"break-words markdown-formatted-text\">\n<p class=\"my-0.5\"><strong>WT-400<\/strong> \u00e9 um agente de controle de dep\u00f3sito multifuncional projetado para permitir a cria\u00e7\u00e3o de formula\u00e7\u00f5es de controle de corros\u00e3o para \u00e1gua de resfriamento, \u00e1gua de processo e outras aplica\u00e7\u00f5es semelhantes. Sua f\u00f3rmula \u00e0 base de fosfonato garante desempenho e prote\u00e7\u00e3o duradouros, permitindo que voc\u00ea mantenha todos os seus sistemas funcionando sem problemas.<\/p>\n<\/div>\n<h3 class=\"flex w-full items-center justify-end flex-wrap pt-0 !mt-2 @md:!mt-0 @md:pt-1.5\" data-exclude-from-screenshot=\"true\">Especifica\u00e7\u00e3o:<\/h3>\n<div id=\"footable_parent_1202\"\n         class=\"footable_parent ninja_table_wrapper loading_ninja_table wp_table_data_press_parent semantic_ui\">\n                <table data-ninja_table_instance=\"ninja_table_instance_0\" data-footable_id=\"1202\" data-filter-delay=\"1000\" aria-label=\"KR-400 Copol\u00edmero de \u00c1cido Fosfino Carbox\u00edlico.csv\"            id=\"footable_1202\"\n           data-unique_identifier=\"ninja_table_unique_id_1927367701_1202\"\n           class=\"foo-table ninja_footable foo_table_1202 ninja_table_unique_id_1927367701_1202 ui table  nt_type_legacy_table selectable striped vertical_centered  footable-paging-right ninja_table_pro\">\n                <colgroup>\n                            <col class=\"ninja_column_0\">\n                            <col class=\"ninja_column_1\">\n                    <\/colgroup>\n        <thead>\n<tr class=\"footable-header\">\n                                        <th scope=\"col\"  class=\"ninja_column_0 ninja_clmn_nm_items\">Itens<\/th><th scope=\"col\"  class=\"ninja_column_1 ninja_clmn_nm_index\">\u00cdndice<\/th><\/tr>\n<\/thead>\n<tbody>\n\n        <tr data-row_id=\"272\" class=\"ninja_table_row_0 nt_row_id_272\">\n            <td>Apar\u00eancia<\/td><td>L\u00edquido l\u00edmpido incolor a amarelo p\u00e1lido<\/td>        <\/tr>\n            <tr data-row_id=\"273\" class=\"ninja_table_row_1 nt_row_id_273\">\n            <td>Conte\u00fado s\u00f3lido, %<\/td><td>50,0 min<\/td>        <\/tr>\n            <tr data-row_id=\"274\" class=\"ninja_table_row_2 nt_row_id_274\">\n            <td>Densidade (20 \u2103), g\/cm3<\/td><td>1.21-1.26<\/td>        <\/tr>\n            <tr data-row_id=\"275\" class=\"ninja_table_row_3 nt_row_id_275\">\n            <td>PH (como ele)<\/td><td>2.0-3.0<\/td>        <\/tr>\n            <tr data-row_id=\"276\" class=\"ninja_table_row_4 nt_row_id_276\">\n            <td>Viscosidade (25 \u2103), cps<\/td><td>250-550<\/td>        <\/tr>\n    <\/tbody><!--ninja_tobody_rendering_done-->\n    <\/table>\n    \n    \n    \n<\/div>\n\n<h3><strong>Uso:<\/strong><\/h3>\n<p><strong> WT-400<\/strong> tem propriedades vers\u00e1teis adequadas para incrusta\u00e7\u00f5es gerais de fosfato de c\u00e1lcio e carbonato de c\u00e1lcio e melhoram o desempenho de formula\u00e7\u00f5es de tratamento de \u00e1gua \u00e0 base de fosfato, polifosfato, fosfonato e zinco.<\/p>\n<h3><strong>Embalagem e Armazenamento:<\/strong><\/h3>\n<p><strong>WT-400<\/strong> est\u00e1 dispon\u00edvel em tambores de pl\u00e1stico de 200L, IBCs (1000L) e embalagens adaptadas \u00e0s necessidades do cliente. Deve ser armazenado em local fresco e seco por at\u00e9 dez meses.<\/p>\n<h3>Guia completo sobre o copol\u00edmero de \u00e1cido fosfino carbox\u00edlico:<\/h3>\n<p><strong>Copol\u00edmero de \u00c1cido Fosfino Carbox\u00edlico (WT-400)<\/strong> \u00e9 um produto qu\u00edmico multifuncional para tratamento de \u00e1gua, conhecido por seu excelente controle de dep\u00f3sitos e propriedades dispersantes. \u00c9 um copol\u00edmero de sal s\u00f3dico do \u00e1cido maleico e acr\u00edlico (MA\/AA.Na), com teor ativo de 49,5%. Isso fornece uma gravidade espec\u00edfica de 1,20-1,28 a 25\u00b0C, um pH de 3,0-3,5 em uma solu\u00e7\u00e3o de 1% e uma viscosidade Brookfield cps a 25\u00b0C de 100-400. Al\u00e9m disso, \u00e9 altamente tolerante ao cloro e compat\u00edvel com outros produtos qu\u00edmicos de tratamento de \u00e1gua, como anti-incrustantes policarbox\u00edlicos e dispersantes.<\/p>\n<p>A principal fun\u00e7\u00e3o deste produto \u00e9 prevenir a forma\u00e7\u00e3o de incrusta\u00e7\u00f5es, corros\u00e3o, incrusta\u00e7\u00f5es e outros problemas associados aos sistemas de \u00e1gua. Ele faz isso por meio do uso de suas habilidades de controle de dep\u00f3sitos, que ajudam a reduzir o ac\u00famulo de minerais nas superf\u00edcies, dispersando-os uniformemente por todo o sistema de \u00e1gua; evitando assim que entupimentos e bloqueios ocorram dentro do pr\u00f3prio sistema. Al\u00e9m disso, suas propriedades dispersantes permitem uma melhor suspens\u00e3o de contaminantes na \u00e1gua, permitindo que os processos de filtragem ou remo\u00e7\u00e3o ocorram com mais efici\u00eancia.<\/p>\n<p>Este produto pode ser aplicado em muitas ind\u00fastrias diferentes, onde h\u00e1 necessidade de produtos qu\u00edmicos de tratamento de \u00e1gua eficazes - desde aplica\u00e7\u00f5es industriais, como torres de resfriamento ou caldeiras, at\u00e9 usos residenciais, como piscinas ou spas - no entanto, provou ser particularmente \u00fatil em opera\u00e7\u00f5es de usinas de energia devido \u00e0 sua capacidade de manter uma opera\u00e7\u00e3o suave, evitando paradas dispendiosas e reparos dispendiosos causados pelo ac\u00famulo de incrusta\u00e7\u00f5es ou corros\u00e3o ao longo do tempo.<\/p>\n<h3>Perguntas frequentes:<\/h3>\n<p><strong>Q1: Quais s\u00e3o os componentes do copol\u00edmero de \u00e1cido fosfino carbox\u00edlico?<\/strong><\/p>\n<p>Os principais componentes s\u00e3o o sal de s\u00f3dio do \u00e1cido maleico e acr\u00edlico (MA\/AA.Na) com um conte\u00fado ativo de 49,5%.<\/p>\n<p><strong>Q2: O que acontece quando o copol\u00edmero de \u00e1cido fosfino carbox\u00edlico \u00e9 adicionado \u00e0 \u00e1gua?<\/strong><\/p>\n<p>Ele ajuda a reduzir o ac\u00famulo de minerais nas superf\u00edcies, dispersando-os uniformemente em todo o sistema de \u00e1gua, evitando entupimentos e bloqueios dentro do pr\u00f3prio sistema, ao mesmo tempo em que fornece melhor suspens\u00e3o de contaminantes para facilitar os processos de filtragem ou remo\u00e7\u00e3o com mais efici\u00eancia.<\/p>\n<p><strong>Q3: O copol\u00edmero de \u00e1cido fosfino carbox\u00edlico \u00e9 compat\u00edvel com outros tratamentos de \u00e1gua?<\/strong><\/p>\n<p>Sim, \u00e9 altamente tolerante ao cloro e compat\u00edvel com outros produtos qu\u00edmicos de tratamento de \u00e1gua, como anti-incrustantes policarbox\u00edlicos e dispersantes.<\/p>\n<p><strong>Q4: Onde pode ser usado o Copol\u00edmero de \u00c1cido Fosfino Carbox\u00edlico?<\/strong><\/p>\n<p>Ele pode ser usado em muitas ind\u00fastrias diferentes onde h\u00e1 necessidade de produtos qu\u00edmicos de tratamento de \u00e1gua eficazes \u2013 desde aplica\u00e7\u00f5es industriais, como torres de resfriamento ou caldeiras, at\u00e9 usos residenciais, como piscinas ou spas \u2013 no entanto, provou ser particularmente \u00fatil em opera\u00e7\u00f5es de usinas de energia devido \u00e0 sua capacidade de manter uma opera\u00e7\u00e3o suave, evitando paradas dispendiosas e reparos dispendiosos causados pelo ac\u00famulo de incrusta\u00e7\u00f5es ou corros\u00e3o ao longo do tempo.<\/p>\n<p><strong>Q5: Como funciona o Copol\u00edmero de \u00c1cido Fosfino Carbox\u00edlico?<\/strong><\/p>\n<p>Suas habilidades de controle de dep\u00f3sitos ajudam a reduzir o ac\u00famulo de minerais nas superf\u00edcies, dispersando-os uniformemente por todo o sistema de \u00e1gua; evitando assim a ocorr\u00eancia de entupimentos e bloqueios dentro do pr\u00f3prio sistema, ao mesmo tempo em que fornece uma melhor suspens\u00e3o de contaminantes para facilitar a filtragem mais f\u00e1cil ou processos de remo\u00e7\u00e3o com mais efici\u00eancia.<\/p>\n<p><strong>P6: Quais s\u00e3o alguns benef\u00edcios associados ao uso deste produto?<\/strong><\/p>\n<p>Alguns benef\u00edcios incluem preven\u00e7\u00e3o contra a forma\u00e7\u00e3o de incrusta\u00e7\u00f5es, corros\u00e3o e incrusta\u00e7\u00f5es, preven\u00e7\u00e3o contra paradas dispendiosas devido a sistemas bloqueados\/danos por corros\u00e3o, qualidades de suspens\u00e3o aprimoradas que resultam em melhor efici\u00eancia de filtragem, resultando em produtos finais mais limpos, etc.<\/p>\n<p><a href=\"https:\/\/vcycletech.com\/pt\/categoria-de-produto\/policarboxilico-anti-incrustante-e-dispersante\/\">Obtenha a solu\u00e7\u00e3o anti-incrustante e dispersante policarbox\u00edlico completa.<\/a><\/p>","protected":false},"excerpt":{"rendered":"<p class=\"my-0.5\"><strong>Copol\u00edmero de \u00c1cido Fosfino Carbox\u00edlico<\/strong> <strong>WT-400<\/strong> \u00e9 um produto qu\u00edmico de tratamento de \u00e1gua multifuncional que fornece excelente controle de dep\u00f3sitos e propriedades dispersantes. \u00c9 um copol\u00edmero de sal s\u00f3dico do \u00e1cido maleico e acr\u00edlico (MA\/AA.Na) com teor ativo de 49,5%. Tem uma gravidade espec\u00edfica de 1,20-1,28 a 25\u00b0C, um pH de 3,0-3,5 em uma solu\u00e7\u00e3o 1% e viscosidade Brookfield cps a 25\u00b0C de 100-400. Tamb\u00e9m \u00e9 altamente tolerante ao cloro e compat\u00edvel com outros produtos qu\u00edmicos de tratamento de \u00e1gua, como anti-incrustantes policarbox\u00edlicos e dispersantes. <strong>Copol\u00edmero de \u00c1cido Fosfino Carbox\u00edlico<\/strong> <strong>WT-400<\/strong> pode prevenir a forma\u00e7\u00e3o de incrusta\u00e7\u00f5es, corros\u00e3o, incrusta\u00e7\u00f5es e outros problemas associados aos sistemas de \u00e1gua.<\/p>","protected":false},"featured_media":2837,"template":"","meta":{"site-sidebar-layout":"default","site-content-layout":"default","ast-site-content-layout":"default","site-content-style":"default","site-sidebar-style":"default","ast-global-header-display":"","ast-banner-title-visibility":"","ast-main-header-display":"","ast-hfb-above-header-display":"","ast-hfb-below-header-display":"","ast-hfb-mobile-header-display":"","site-post-title":"","ast-breadcrumbs-content":"","ast-featured-img":"","footer-sml-layout":"","ast-disable-related-posts":"","theme-transparent-header-meta":"default","adv-header-id-meta":"","stick-header-meta":"default","header-above-stick-meta":"","header-main-stick-meta":"","header-below-stick-meta":"","astra-migrate-meta-layouts":"default","ast-page-background-enabled":"default","ast-page-background-meta":{"desktop":{"background-color":"","background-image":"","background-repeat":"repeat","background-position":"center center","background-size":"auto","background-attachment":"scroll","background-type":"","background-media":"","overlay-type":"","overlay-color":"","overlay-opacity":"","overlay-gradient":""},"tablet":{"background-color":"","background-image":"","background-repeat":"repeat","background-position":"center center","background-size":"auto","background-attachment":"scroll","background-type":"","background-media":"","overlay-type":"","overlay-color":"","overlay-opacity":"","overlay-gradient":""},"mobile":{"background-color":"","background-image":"","background-repeat":"repeat","background-position":"center center","background-size":"auto","background-attachment":"scroll","background-type":"","background-media":"","overlay-type":"","overlay-color":"","overlay-opacity":"","overlay-gradient":""}},"ast-content-background-meta":{"desktop":{"background-color":"var(--ast-global-color-5)","background-image":"","background-repeat":"repeat","background-position":"center center","background-size":"auto","background-attachment":"scroll","background-type":"","background-media":"","overlay-type":"","overlay-color":"","overlay-opacity":"","overlay-gradient":""},"tablet":{"background-color":"var(--ast-global-color-5)","background-image":"","background-repeat":"repeat","background-position":"center center","background-size":"auto","background-attachment":"scroll","background-type":"","background-media":"","overlay-type":"","overlay-color":"","overlay-opacity":"","overlay-gradient":""},"mobile":{"background-color":"var(--ast-global-color-5)","background-image":"","background-repeat":"repeat","background-position":"center center","background-size":"auto","background-attachment":"scroll","background-type":"","background-media":"","overlay-type":"","overlay-color":"","overlay-opacity":"","overlay-gradient":""}}},"product_brand":[],"product_cat":[28],"product_tag":[],"class_list":{"0":"post-1198","1":"product","2":"type-product","3":"status-publish","4":"has-post-thumbnail","6":"product_cat-polycarboxylic-antiscalant-and-dispersant","7":"desktop-align-left","8":"tablet-align-left","9":"mobile-align-left","10":"ast-product-gallery-layout-horizontal-slider","11":"ast-product-gallery-with-no-image","12":"ast-product-tabs-layout-horizontal","14":"first","15":"instock","16":"shipping-taxable","17":"product-type-simple"},"yoast_head":"<!-- This site is optimized with the Yoast SEO Premium plugin v26.3 (Yoast SEO v27.3) - https:\/\/yoast.com\/product\/yoast-seo-premium-wordpress\/ -->\n<title>Phosphino Carboxylic Acid Copolymer WT-400 - vcycletech<\/title>\n<meta name=\"description\" content=\"Keep water clean and safe with our new Phosphino Carboxylic Acid Copolymer WT-400 - the perfect Water Treatment Chemicals!\" \/>\n<meta name=\"robots\" content=\"index, follow, max-snippet:-1, max-image-preview:large, max-video-preview:-1\" \/>\n<link rel=\"canonical\" href=\"https:\/\/vcycletech.com\/pt\/produtos\/fosfino-acido-carboxilico-copolimero-wt-400\/\" \/>\n<meta property=\"og:locale\" content=\"pt_PT\" \/>\n<meta property=\"og:type\" content=\"article\" \/>\n<meta property=\"og:title\" content=\"Phosphino Carboxylic Acid Copolymer WT-400\" \/>\n<meta property=\"og:description\" content=\"Keep water clean and safe with our new Phosphino Carboxylic Acid Copolymer WT-400 - the perfect Water Treatment Chemicals!\" \/>\n<meta property=\"og:url\" content=\"https:\/\/vcycletech.com\/pt\/produtos\/fosfino-acido-carboxilico-copolimero-wt-400\/\" \/>\n<meta property=\"og:site_name\" content=\"vcycletech\" \/>\n<meta property=\"article:modified_time\" content=\"2023-03-27T05:35:08+00:00\" \/>\n<meta property=\"og:image\" content=\"https:\/\/vcycletech.com\/wp-content\/uploads\/2023\/03\/\u672a\u547d\u540d\u7684\u8bbe\u8ba1-20.png\" \/>\n\t<meta property=\"og:image:width\" content=\"600\" \/>\n\t<meta property=\"og:image:height\" content=\"600\" \/>\n\t<meta property=\"og:image:type\" content=\"image\/png\" \/>\n<meta name=\"twitter:card\" content=\"summary_large_image\" \/>\n<meta name=\"twitter:label1\" content=\"Tempo estimado de leitura\" \/>\n\t<meta name=\"twitter:data1\" content=\"3 minutos\" \/>\n<script type=\"application\/ld+json\" class=\"yoast-schema-graph\">{\"@context\":\"https:\\\/\\\/schema.org\",\"@graph\":[{\"@type\":\"WebPage\",\"@id\":\"https:\\\/\\\/vcycletech.com\\\/product\\\/phosphino-carboxylic-acid-copolymer-wt-400\\\/\",\"url\":\"https:\\\/\\\/vcycletech.com\\\/product\\\/phosphino-carboxylic-acid-copolymer-wt-400\\\/\",\"name\":\"Phosphino Carboxylic Acid Copolymer WT-400 - vcycletech\",\"isPartOf\":{\"@id\":\"https:\\\/\\\/vcycletech.com\\\/#website\"},\"primaryImageOfPage\":{\"@id\":\"https:\\\/\\\/vcycletech.com\\\/product\\\/phosphino-carboxylic-acid-copolymer-wt-400\\\/#primaryimage\"},\"image\":{\"@id\":\"https:\\\/\\\/vcycletech.com\\\/product\\\/phosphino-carboxylic-acid-copolymer-wt-400\\\/#primaryimage\"},\"thumbnailUrl\":\"https:\\\/\\\/vcycletech.com\\\/wp-content\\\/uploads\\\/2023\\\/03\\\/\u672a\u547d\u540d\u7684\u8bbe\u8ba1-20.png\",\"datePublished\":\"2023-03-21T09:36:38+00:00\",\"dateModified\":\"2023-03-27T05:35:08+00:00\",\"description\":\"Keep water clean and safe with our new Phosphino Carboxylic Acid Copolymer WT-400 - the perfect Water Treatment Chemicals!\",\"breadcrumb\":{\"@id\":\"https:\\\/\\\/vcycletech.com\\\/product\\\/phosphino-carboxylic-acid-copolymer-wt-400\\\/#breadcrumb\"},\"inLanguage\":\"pt-PT\",\"potentialAction\":[{\"@type\":\"ReadAction\",\"target\":[\"https:\\\/\\\/vcycletech.com\\\/product\\\/phosphino-carboxylic-acid-copolymer-wt-400\\\/\"]}]},{\"@type\":\"ImageObject\",\"inLanguage\":\"pt-PT\",\"@id\":\"https:\\\/\\\/vcycletech.com\\\/product\\\/phosphino-carboxylic-acid-copolymer-wt-400\\\/#primaryimage\",\"url\":\"https:\\\/\\\/vcycletech.com\\\/wp-content\\\/uploads\\\/2023\\\/03\\\/\u672a\u547d\u540d\u7684\u8bbe\u8ba1-20.png\",\"contentUrl\":\"https:\\\/\\\/vcycletech.com\\\/wp-content\\\/uploads\\\/2023\\\/03\\\/\u672a\u547d\u540d\u7684\u8bbe\u8ba1-20.png\",\"width\":600,\"height\":600,\"caption\":\"Phosphino Carboxylic Acid Copolymer WT-400\"},{\"@type\":\"BreadcrumbList\",\"@id\":\"https:\\\/\\\/vcycletech.com\\\/product\\\/phosphino-carboxylic-acid-copolymer-wt-400\\\/#breadcrumb\",\"itemListElement\":[{\"@type\":\"ListItem\",\"position\":1,\"name\":\"Home\",\"item\":\"https:\\\/\\\/vcycletech.com\\\/\"},{\"@type\":\"ListItem\",\"position\":2,\"name\":\"Water Treatment Chemicals Manufacturer\",\"item\":\"https:\\\/\\\/vcycletech.com\\\/water-treatment-chemicals-manufacturer\\\/\"},{\"@type\":\"ListItem\",\"position\":3,\"name\":\"Phosphino Carboxylic Acid Copolymer WT-400\"}]},{\"@type\":\"WebSite\",\"@id\":\"https:\\\/\\\/vcycletech.com\\\/#website\",\"url\":\"https:\\\/\\\/vcycletech.com\\\/\",\"name\":\"vcycletech\",\"description\":\"China&#039;s top water treatment chemicals supplier\",\"publisher\":{\"@id\":\"https:\\\/\\\/vcycletech.com\\\/#organization\"},\"potentialAction\":[{\"@type\":\"SearchAction\",\"target\":{\"@type\":\"EntryPoint\",\"urlTemplate\":\"https:\\\/\\\/vcycletech.com\\\/?s={search_term_string}\"},\"query-input\":{\"@type\":\"PropertyValueSpecification\",\"valueRequired\":true,\"valueName\":\"search_term_string\"}}],\"inLanguage\":\"pt-PT\"},{\"@type\":\"Organization\",\"@id\":\"https:\\\/\\\/vcycletech.com\\\/#organization\",\"name\":\"vcycletech\",\"url\":\"https:\\\/\\\/vcycletech.com\\\/\",\"logo\":{\"@type\":\"ImageObject\",\"inLanguage\":\"pt-PT\",\"@id\":\"https:\\\/\\\/vcycletech.com\\\/#\\\/schema\\\/logo\\\/image\\\/\",\"url\":\"https:\\\/\\\/vcycletech.com\\\/wp-content\\\/uploads\\\/2023\\\/03\\\/logo-vcycletech-1.png\",\"contentUrl\":\"https:\\\/\\\/vcycletech.com\\\/wp-content\\\/uploads\\\/2023\\\/03\\\/logo-vcycletech-1.png\",\"width\":600,\"height\":400,\"caption\":\"vcycletech\"},\"image\":{\"@id\":\"https:\\\/\\\/vcycletech.com\\\/#\\\/schema\\\/logo\\\/image\\\/\"}}]}<\/script>\n<!-- \/ Yoast SEO Premium plugin. -->","yoast_head_json":{"title":"Copol\u00edmero de \u00c1cido Fosfino Carbox\u00edlico WT-400 - vcycletech","description":"Mantenha a \u00e1gua limpa e segura com nosso novo Copol\u00edmero de \u00c1cido Fosfino Carbox\u00edlico WT-400 - os produtos qu\u00edmicos de tratamento de \u00e1gua perfeitos!","robots":{"index":"index","follow":"follow","max-snippet":"max-snippet:-1","max-image-preview":"max-image-preview:large","max-video-preview":"max-video-preview:-1"},"canonical":"https:\/\/vcycletech.com\/pt\/produtos\/fosfino-acido-carboxilico-copolimero-wt-400\/","og_locale":"pt_PT","og_type":"article","og_title":"Phosphino Carboxylic Acid Copolymer WT-400","og_description":"Keep water clean and safe with our new Phosphino Carboxylic Acid Copolymer WT-400 - the perfect Water Treatment Chemicals!","og_url":"https:\/\/vcycletech.com\/pt\/produtos\/fosfino-acido-carboxilico-copolimero-wt-400\/","og_site_name":"vcycletech","article_modified_time":"2023-03-27T05:35:08+00:00","og_image":[{"width":600,"height":600,"url":"https:\/\/vcycletech.com\/wp-content\/uploads\/2023\/03\/\u672a\u547d\u540d\u7684\u8bbe\u8ba1-20.png","type":"image\/png"}],"twitter_card":"summary_large_image","twitter_misc":{"Tempo estimado de leitura":"3 minutos"},"schema":{"@context":"https:\/\/schema.org","@graph":[{"@type":"WebPage","@id":"https:\/\/vcycletech.com\/product\/phosphino-carboxylic-acid-copolymer-wt-400\/","url":"https:\/\/vcycletech.com\/product\/phosphino-carboxylic-acid-copolymer-wt-400\/","name":"Copol\u00edmero de \u00c1cido Fosfino Carbox\u00edlico WT-400 - vcycletech","isPartOf":{"@id":"https:\/\/vcycletech.com\/#website"},"primaryImageOfPage":{"@id":"https:\/\/vcycletech.com\/product\/phosphino-carboxylic-acid-copolymer-wt-400\/#primaryimage"},"image":{"@id":"https:\/\/vcycletech.com\/product\/phosphino-carboxylic-acid-copolymer-wt-400\/#primaryimage"},"thumbnailUrl":"https:\/\/vcycletech.com\/wp-content\/uploads\/2023\/03\/\u672a\u547d\u540d\u7684\u8bbe\u8ba1-20.png","datePublished":"2023-03-21T09:36:38+00:00","dateModified":"2023-03-27T05:35:08+00:00","description":"Mantenha a \u00e1gua limpa e segura com nosso novo Copol\u00edmero de \u00c1cido Fosfino Carbox\u00edlico WT-400 - os produtos qu\u00edmicos de tratamento de \u00e1gua perfeitos!","breadcrumb":{"@id":"https:\/\/vcycletech.com\/product\/phosphino-carboxylic-acid-copolymer-wt-400\/#breadcrumb"},"inLanguage":"pt-PT","potentialAction":[{"@type":"ReadAction","target":["https:\/\/vcycletech.com\/product\/phosphino-carboxylic-acid-copolymer-wt-400\/"]}]},{"@type":"ImageObject","inLanguage":"pt-PT","@id":"https:\/\/vcycletech.com\/product\/phosphino-carboxylic-acid-copolymer-wt-400\/#primaryimage","url":"https:\/\/vcycletech.com\/wp-content\/uploads\/2023\/03\/\u672a\u547d\u540d\u7684\u8bbe\u8ba1-20.png","contentUrl":"https:\/\/vcycletech.com\/wp-content\/uploads\/2023\/03\/\u672a\u547d\u540d\u7684\u8bbe\u8ba1-20.png","width":600,"height":600,"caption":"Phosphino Carboxylic Acid Copolymer WT-400"},{"@type":"BreadcrumbList","@id":"https:\/\/vcycletech.com\/product\/phosphino-carboxylic-acid-copolymer-wt-400\/#breadcrumb","itemListElement":[{"@type":"ListItem","position":1,"name":"Home","item":"https:\/\/vcycletech.com\/"},{"@type":"ListItem","position":2,"name":"Water Treatment Chemicals Manufacturer","item":"https:\/\/vcycletech.com\/water-treatment-chemicals-manufacturer\/"},{"@type":"ListItem","position":3,"name":"Phosphino Carboxylic Acid Copolymer WT-400"}]},{"@type":"WebSite","@id":"https:\/\/vcycletech.com\/#website","url":"https:\/\/vcycletech.com\/","name":"vcycletech","description":"China&#039;principal fornecedor de produtos qu\u00edmicos para tratamento de \u00e1gua","publisher":{"@id":"https:\/\/vcycletech.com\/#organization"},"potentialAction":[{"@type":"SearchAction","target":{"@type":"EntryPoint","urlTemplate":"https:\/\/vcycletech.com\/?s={search_term_string}"},"query-input":{"@type":"PropertyValueSpecification","valueRequired":true,"valueName":"search_term_string"}}],"inLanguage":"pt-PT"},{"@type":"Organization","@id":"https:\/\/vcycletech.com\/#organization","name":"vcycletech","url":"https:\/\/vcycletech.com\/","logo":{"@type":"ImageObject","inLanguage":"pt-PT","@id":"https:\/\/vcycletech.com\/#\/schema\/logo\/image\/","url":"https:\/\/vcycletech.com\/wp-content\/uploads\/2023\/03\/logo-vcycletech-1.png","contentUrl":"https:\/\/vcycletech.com\/wp-content\/uploads\/2023\/03\/logo-vcycletech-1.png","width":600,"height":400,"caption":"vcycletech"},"image":{"@id":"https:\/\/vcycletech.com\/#\/schema\/logo\/image\/"}}]}},"_links":{"self":[{"href":"https:\/\/vcycletech.com\/pt\/wp-json\/wp\/v2\/product\/1198","targetHints":{"allow":["GET"]}}],"collection":[{"href":"https:\/\/vcycletech.com\/pt\/wp-json\/wp\/v2\/product"}],"about":[{"href":"https:\/\/vcycletech.com\/pt\/wp-json\/wp\/v2\/types\/product"}],"wp:featuredmedia":[{"embeddable":true,"href":"https:\/\/vcycletech.com\/pt\/wp-json\/wp\/v2\/media\/2837"}],"wp:attachment":[{"href":"https:\/\/vcycletech.com\/pt\/wp-json\/wp\/v2\/media?parent=1198"}],"wp:term":[{"taxonomy":"product_brand","embeddable":true,"href":"https:\/\/vcycletech.com\/pt\/wp-json\/wp\/v2\/product_brand?post=1198"},{"taxonomy":"product_cat","embeddable":true,"href":"https:\/\/vcycletech.com\/pt\/wp-json\/wp\/v2\/product_cat?post=1198"},{"taxonomy":"product_tag","embeddable":true,"href":"https:\/\/vcycletech.com\/pt\/wp-json\/wp\/v2\/product_tag?post=1198"}],"curies":[{"name":"wp","href":"https:\/\/api.w.org\/{rel}","templated":true}]}}