{"id":1184,"date":"2023-03-21T09:11:06","date_gmt":"2023-03-21T09:11:06","guid":{"rendered":"https:\/\/vcycletech.com\/?post_type=product&#038;p=1184"},"modified":"2023-03-27T05:49:27","modified_gmt":"2023-03-27T05:49:27","slug":"acrilico-sulfonico-terpolimerowt-499","status":"publish","type":"product","link":"https:\/\/vcycletech.com\/pt\/produtos\/acrilico-sulfonico-terpolimerowt-499\/","title":{"rendered":"Terpol\u00edmero acr\u00edlico\/sulf\u00f4nico (WT-499)"},"content":{"rendered":"<h3>Propriedades:<\/h3>\n<p><strong>WT-499<\/strong> \u00e9 um pol\u00edmero org\u00e2nico avan\u00e7ado e econ\u00f4mico para controle de dep\u00f3sitos no tratamento de \u00e1gua industrial. \u00c9 uma combina\u00e7\u00e3o \u00fanica de pol\u00edmero e fosfonato, permitindo que os especialistas em formula\u00e7\u00e3o aproveitem ao m\u00e1ximo suas capacidades multifuncionais. Essa qu\u00edmica POCA oferece melhor custo-benef\u00edcio, permitindo processos de tratamento mais eficientes e eficazes.<\/p>\n<h3>Especifica\u00e7\u00e3o de Terpol\u00edmero Acr\u00edlico:<\/h3>\n<div id=\"footable_parent_1186\"\n         class=\"footable_parent ninja_table_wrapper loading_ninja_table wp_table_data_press_parent semantic_ui\">\n                <table data-ninja_table_instance=\"ninja_table_instance_0\" data-footable_id=\"1186\" data-filter-delay=\"1000\" aria-label=\"KR-499 Acr\u00edlico-Sulf\u00f4nico Terpol\u00edmero.csv\"            id=\"footable_1186\"\n           data-unique_identifier=\"ninja_table_unique_id_3122177504_1186\"\n           class=\"foo-table ninja_footable foo_table_1186 ninja_table_unique_id_3122177504_1186 ui table  nt_type_legacy_table selectable striped vertical_centered  footable-paging-right ninja_table_pro\">\n                <colgroup>\n                            <col class=\"ninja_column_0\">\n                            <col class=\"ninja_column_1\">\n                    <\/colgroup>\n        <thead>\n<tr class=\"footable-header\">\n                                        <th scope=\"col\"  class=\"ninja_column_0 ninja_clmn_nm_items\">Itens<\/th><th scope=\"col\"  class=\"ninja_column_1 ninja_clmn_nm_index\">\u00cdndice<\/th><\/tr>\n<\/thead>\n<tbody>\n\n        <tr data-row_id=\"262\" class=\"ninja_table_row_0 nt_row_id_262\">\n            <td>Apar\u00eancia<\/td><td>L\u00edquido l\u00edmpido, amarelo p\u00e1lido<\/td>        <\/tr>\n            <tr data-row_id=\"263\" class=\"ninja_table_row_1 nt_row_id_263\">\n            <td>Conte\u00fado s\u00f3lido, %<\/td><td>48,0 minutos<\/td>        <\/tr>\n            <tr data-row_id=\"264\" class=\"ninja_table_row_2 nt_row_id_264\">\n            <td>F\u00f3sforo total (como PO43-), %<\/td><td>1,0 min<\/td>        <\/tr>\n            <tr data-row_id=\"265\" class=\"ninja_table_row_3 nt_row_id_265\">\n            <td>Densidade (20 \u2103), g\/cm3<\/td><td>1,15 minutos<\/td>        <\/tr>\n            <tr data-row_id=\"266\" class=\"ninja_table_row_4 nt_row_id_266\">\n            <td>pH (solu\u00e7\u00e3o de \u00e1gua 1%)<\/td><td>1.5-3.5<\/td>        <\/tr>\n    <\/tbody><!--ninja_tobody_rendering_done-->\n    <\/table>\n    \n    \n    \n<\/div>\n\n<h3>Uso:<\/h3>\n<p><strong>WT-499<\/strong> \u00e9 um produto especializado que foi projetado especificamente para uso em sistemas de resfriamento evaporativo. Suas propriedades de pol\u00edmero e fosfonato e sua estabilidade de halog\u00eanio o tornam uma solu\u00e7\u00e3o ideal para formula\u00e7\u00e3o de tratamento de \u00e1gua.<\/p>\n<h3>Embalagem e armazenamento:<\/h3>\n<p><strong>WT-499<\/strong> \u00e9 f\u00e1cil e eficiente; ele vem em tambores de pl\u00e1stico de 200L, IBCs de 1000L ou qualquer outro requisito personalizado. Para uma \u00f3tima qualidade, o produto deve ser armazenado em local sombreado e seco \u2013 com prazo de validade de at\u00e9 10 meses.<\/p>\n<h3>Perguntas frequentes:<\/h3>\n<p><img fetchpriority=\"high\" decoding=\"async\" class=\"alignnone size-full wp-image-1196\" src=\"https:\/\/vcycletech.com\/wp-content\/uploads\/2023\/03\/1-40.png\" alt=\"Terpol\u00edmero acr\u00edlico\/sulf\u00f4nico (KR-499)\" width=\"600\" height=\"400\" srcset=\"https:\/\/vcycletech.com\/wp-content\/uploads\/2023\/03\/1-40.png 600w, https:\/\/vcycletech.com\/wp-content\/uploads\/2023\/03\/1-40-300x200.png 300w\" sizes=\"(max-width: 600px) 100vw, 600px\" \/><\/p>\n<p><strong>Q1: O que \u00e9 um terpol\u00edmero acr\u00edlico?<\/strong><\/p>\n<p>Um terpol\u00edmero acr\u00edlico \u00e9 um tipo de pol\u00edmero composto de tr\u00eas mon\u00f4meros diferentes: \u00e1cido acr\u00edlico, acrilamida e acetato de vinila. Esse tipo de pol\u00edmero \u00e9 comumente usado em produtos qu\u00edmicos para tratamento de \u00e1gua, pois possui alta afinidade pela \u00e1gua e \u00e9 resistente \u00e0 degrada\u00e7\u00e3o.<\/p>\n<p><strong>Q2: Como funciona um terpol\u00edmero acr\u00edlico?<\/strong><\/p>\n<p>Um terpol\u00edmero acr\u00edlico funciona ligando-se a part\u00edculas na \u00e1gua, como sujeira, bact\u00e9rias e v\u00edrus. Esse processo de liga\u00e7\u00e3o remove efetivamente esses contaminantes da \u00e1gua, tornando-a segura para beber.<\/p>\n<p><strong>Q3: Quais s\u00e3o os benef\u00edcios de usar um terpol\u00edmero acr\u00edlico para tratamento de \u00e1gua?<\/strong><\/p>\n<p>H\u00e1 muitos benef\u00edcios em usar um terpol\u00edmero acr\u00edlico para tratamento de \u00e1gua, incluindo sua alta efici\u00eancia, baixo custo e seguran\u00e7a. Os terpol\u00edmeros acr\u00edlicos s\u00e3o muito eficazes na remo\u00e7\u00e3o de uma ampla gama de contaminantes da \u00e1gua, incluindo bact\u00e9rias, v\u00edrus, sujeira e outras part\u00edculas. Al\u00e9m disso, eles s\u00e3o muito acess\u00edveis e seguros de usar.<\/p>\n<p><strong>P4: H\u00e1 alguma desvantagem em usar um terpol\u00edmero acr\u00edlico para tratamento de \u00e1gua?<\/strong><\/p>\n<p>Uma desvantagem potencial de usar um terpol\u00edmero acr\u00edlico para tratamento de \u00e1gua \u00e9 que ele pode se ligar a alguns minerais desej\u00e1veis na \u00e1gua, como c\u00e1lcio e magn\u00e9sio. No entanto, isso pode ser minimizado usando uma concentra\u00e7\u00e3o menor do pol\u00edmero ou adicionando um agente quelante \u00e0 \u00e1gua. Al\u00e9m disso, algumas pesquisas sugerem que a exposi\u00e7\u00e3o prolongada \u00e0 acrilamida pode ser prejudicial \u00e0 sa\u00fade humana; no entanto, isso n\u00e3o foi provado de forma conclusiva e mais pesquisas s\u00e3o necess\u00e1rias.<\/p>\n<p><strong>Q5: Como fa\u00e7o para usar um terpol\u00edmero acr\u00edlico para tratamento de \u00e1gua?<\/strong><\/p>\n<p>Os terpol\u00edmeros acr\u00edlicos podem ser adicionados \u00e0 \u00e1gua de v\u00e1rias maneiras, dependendo da aplica\u00e7\u00e3o. Por exemplo, eles podem ser adicionados diretamente \u00e0 \u00e1gua pot\u00e1vel ou usados em conjunto com outros m\u00e9todos de tratamento de \u00e1gua, como osmose reversa ou desinfec\u00e7\u00e3o ultravioleta. Al\u00e9m disso, eles podem ser usados em aplica\u00e7\u00f5es industriais, como torres de resfriamento ou caldeiras.<\/p>\n<p><strong>Q6: Quais s\u00e3o os efeitos colaterais do uso de um terpol\u00edmero acr\u00edlico para tratamento de \u00e1gua?<\/strong><\/p>\n<p>N\u00e3o h\u00e1 efeitos colaterais conhecidos associados ao uso de um terpol\u00edmero acr\u00edlico para tratamento de \u00e1gua. No entanto, como acontece com qualquer aditivo qu\u00edmico, \u00e9 sempre melhor agir com cautela e consultar um profissional qualificado antes de adicion\u00e1-lo ao abastecimento de \u00e1gua.<\/p>\n<p><strong>Q7: Quanto tempo dura um terpol\u00edmero acr\u00edlico na \u00e1gua?<\/strong><\/p>\n<p>Um terpol\u00edmero acr\u00edlico pode durar indefinidamente na \u00e1gua se for armazenado adequadamente. No entanto, normalmente \u00e9 recomend\u00e1vel substitu\u00ed-lo a cada 6 meses para garantir o desempenho ideal.<\/p>\n<p><a href=\"https:\/\/vcycletech.com\/pt\/categoria-de-produto\/policarboxilico-anti-incrustante-e-dispersante\/\">Obtenha a solu\u00e7\u00e3o anti-incrustante e dispersante policarbox\u00edlico completa.<\/a><\/p>","protected":false},"excerpt":{"rendered":"<p><strong>WT-499 Acr\u00edlico\/Terpol\u00edmero Sulf\u00f4nico<\/strong> \u00e9 um produto qu\u00edmico de tratamento de \u00e1gua usado para tratar \u00e1guas residuais e outras fontes de \u00e1gua contaminada. Ele decomp\u00f5e a mat\u00e9ria org\u00e2nica, como \u00f3leos e graxas, em part\u00edculas menores que podem ser mais facilmente removidas da \u00e1gua. Este processo tamb\u00e9m ajuda a reduzir o n\u00famero de fosfatos e outros poluentes na \u00e1gua. <strong>WT-499 Acr\u00edlico\/Terpol\u00edmero Sulf\u00f4nico<\/strong> \u00e9 altamente eficaz na remo\u00e7\u00e3o de contaminantes de fontes de \u00e1gua, tornando-o uma escolha ideal para o tratamento de \u00e1guas residuais e outras \u00e1guas polu\u00eddas. Al\u00e9m disso, este produto qu\u00edmico \u00e9 seguro para sistemas de \u00e1gua pot\u00e1vel, tornando-se uma \u00f3tima op\u00e7\u00e3o para quem procura melhorar a qualidade da \u00e1gua pot\u00e1vel.<\/p>","protected":false},"featured_media":2839,"template":"","meta":{"site-sidebar-layout":"default","site-content-layout":"default","ast-site-content-layout":"default","site-content-style":"default","site-sidebar-style":"default","ast-global-header-display":"","ast-banner-title-visibility":"","ast-main-header-display":"","ast-hfb-above-header-display":"","ast-hfb-below-header-display":"","ast-hfb-mobile-header-display":"","site-post-title":"","ast-breadcrumbs-content":"","ast-featured-img":"","footer-sml-layout":"","ast-disable-related-posts":"","theme-transparent-header-meta":"default","adv-header-id-meta":"","stick-header-meta":"default","header-above-stick-meta":"","header-main-stick-meta":"","header-below-stick-meta":"","astra-migrate-meta-layouts":"default","ast-page-background-enabled":"default","ast-page-background-meta":{"desktop":{"background-color":"","background-image":"","background-repeat":"repeat","background-position":"center center","background-size":"auto","background-attachment":"scroll","background-type":"","background-media":"","overlay-type":"","overlay-color":"","overlay-opacity":"","overlay-gradient":""},"tablet":{"background-color":"","background-image":"","background-repeat":"repeat","background-position":"center center","background-size":"auto","background-attachment":"scroll","background-type":"","background-media":"","overlay-type":"","overlay-color":"","overlay-opacity":"","overlay-gradient":""},"mobile":{"background-color":"","background-image":"","background-repeat":"repeat","background-position":"center center","background-size":"auto","background-attachment":"scroll","background-type":"","background-media":"","overlay-type":"","overlay-color":"","overlay-opacity":"","overlay-gradient":""}},"ast-content-background-meta":{"desktop":{"background-color":"var(--ast-global-color-5)","background-image":"","background-repeat":"repeat","background-position":"center center","background-size":"auto","background-attachment":"scroll","background-type":"","background-media":"","overlay-type":"","overlay-color":"","overlay-opacity":"","overlay-gradient":""},"tablet":{"background-color":"var(--ast-global-color-5)","background-image":"","background-repeat":"repeat","background-position":"center center","background-size":"auto","background-attachment":"scroll","background-type":"","background-media":"","overlay-type":"","overlay-color":"","overlay-opacity":"","overlay-gradient":""},"mobile":{"background-color":"var(--ast-global-color-5)","background-image":"","background-repeat":"repeat","background-position":"center center","background-size":"auto","background-attachment":"scroll","background-type":"","background-media":"","overlay-type":"","overlay-color":"","overlay-opacity":"","overlay-gradient":""}}},"product_brand":[],"product_cat":[28],"product_tag":[],"class_list":{"0":"post-1184","1":"product","2":"type-product","3":"status-publish","4":"has-post-thumbnail","6":"product_cat-polycarboxylic-antiscalant-and-dispersant","7":"desktop-align-left","8":"tablet-align-left","9":"mobile-align-left","10":"ast-product-gallery-layout-horizontal-slider","11":"ast-product-gallery-with-no-image","12":"ast-product-tabs-layout-horizontal","14":"first","15":"instock","16":"shipping-taxable","17":"product-type-simple"},"yoast_head":"<!-- This site is optimized with the Yoast SEO Premium plugin v26.3 (Yoast SEO v27.3) - https:\/\/yoast.com\/product\/yoast-seo-premium-wordpress\/ -->\n<title>Acrylic\/Sulfonic Terpolymer(WT-499) - vcycletech<\/title>\n<meta name=\"description\" content=\"Take control of your water quality with our leading [acrylic terpolymer] Water Treatment Chemicals. Buy now and make the change!\" \/>\n<meta name=\"robots\" content=\"index, follow, max-snippet:-1, max-image-preview:large, max-video-preview:-1\" \/>\n<link rel=\"canonical\" href=\"https:\/\/vcycletech.com\/pt\/produtos\/acrilico-sulfonico-terpolimerowt-499\/\" \/>\n<meta property=\"og:locale\" content=\"pt_PT\" \/>\n<meta property=\"og:type\" content=\"article\" \/>\n<meta property=\"og:title\" content=\"Acrylic\/Sulfonic Terpolymer(WT-499)\" \/>\n<meta property=\"og:description\" content=\"Take control of your water quality with our leading [acrylic terpolymer] Water Treatment Chemicals. Buy now and make the change!\" \/>\n<meta property=\"og:url\" content=\"https:\/\/vcycletech.com\/pt\/produtos\/acrilico-sulfonico-terpolimerowt-499\/\" \/>\n<meta property=\"og:site_name\" content=\"vcycletech\" \/>\n<meta property=\"article:modified_time\" content=\"2023-03-27T05:49:27+00:00\" \/>\n<meta property=\"og:image\" content=\"https:\/\/vcycletech.com\/wp-content\/uploads\/2023\/03\/11.png\" \/>\n\t<meta property=\"og:image:width\" content=\"600\" \/>\n\t<meta property=\"og:image:height\" content=\"600\" \/>\n\t<meta property=\"og:image:type\" content=\"image\/png\" \/>\n<meta name=\"twitter:card\" content=\"summary_large_image\" \/>\n<meta name=\"twitter:label1\" content=\"Tempo estimado de leitura\" \/>\n\t<meta name=\"twitter:data1\" content=\"3 minutos\" \/>\n<script type=\"application\/ld+json\" class=\"yoast-schema-graph\">{\"@context\":\"https:\\\/\\\/schema.org\",\"@graph\":[{\"@type\":\"WebPage\",\"@id\":\"https:\\\/\\\/vcycletech.com\\\/product\\\/acrylic-sulfonic-terpolymerwt-499\\\/\",\"url\":\"https:\\\/\\\/vcycletech.com\\\/product\\\/acrylic-sulfonic-terpolymerwt-499\\\/\",\"name\":\"Acrylic\\\/Sulfonic Terpolymer(WT-499) - vcycletech\",\"isPartOf\":{\"@id\":\"https:\\\/\\\/vcycletech.com\\\/#website\"},\"primaryImageOfPage\":{\"@id\":\"https:\\\/\\\/vcycletech.com\\\/product\\\/acrylic-sulfonic-terpolymerwt-499\\\/#primaryimage\"},\"image\":{\"@id\":\"https:\\\/\\\/vcycletech.com\\\/product\\\/acrylic-sulfonic-terpolymerwt-499\\\/#primaryimage\"},\"thumbnailUrl\":\"https:\\\/\\\/vcycletech.com\\\/wp-content\\\/uploads\\\/2023\\\/03\\\/11.png\",\"datePublished\":\"2023-03-21T09:11:06+00:00\",\"dateModified\":\"2023-03-27T05:49:27+00:00\",\"description\":\"Take control of your water quality with our leading [acrylic terpolymer] Water Treatment Chemicals. Buy now and make the change!\",\"breadcrumb\":{\"@id\":\"https:\\\/\\\/vcycletech.com\\\/product\\\/acrylic-sulfonic-terpolymerwt-499\\\/#breadcrumb\"},\"inLanguage\":\"pt-PT\",\"potentialAction\":[{\"@type\":\"ReadAction\",\"target\":[\"https:\\\/\\\/vcycletech.com\\\/product\\\/acrylic-sulfonic-terpolymerwt-499\\\/\"]}]},{\"@type\":\"ImageObject\",\"inLanguage\":\"pt-PT\",\"@id\":\"https:\\\/\\\/vcycletech.com\\\/product\\\/acrylic-sulfonic-terpolymerwt-499\\\/#primaryimage\",\"url\":\"https:\\\/\\\/vcycletech.com\\\/wp-content\\\/uploads\\\/2023\\\/03\\\/11.png\",\"contentUrl\":\"https:\\\/\\\/vcycletech.com\\\/wp-content\\\/uploads\\\/2023\\\/03\\\/11.png\",\"width\":600,\"height\":600,\"caption\":\"Acrylic\\\/Sulfonic Terpolymer\"},{\"@type\":\"BreadcrumbList\",\"@id\":\"https:\\\/\\\/vcycletech.com\\\/product\\\/acrylic-sulfonic-terpolymerwt-499\\\/#breadcrumb\",\"itemListElement\":[{\"@type\":\"ListItem\",\"position\":1,\"name\":\"Home\",\"item\":\"https:\\\/\\\/vcycletech.com\\\/\"},{\"@type\":\"ListItem\",\"position\":2,\"name\":\"Water Treatment Chemicals Manufacturer\",\"item\":\"https:\\\/\\\/vcycletech.com\\\/water-treatment-chemicals-manufacturer\\\/\"},{\"@type\":\"ListItem\",\"position\":3,\"name\":\"Acrylic\\\/Sulfonic Terpolymer(WT-499)\"}]},{\"@type\":\"WebSite\",\"@id\":\"https:\\\/\\\/vcycletech.com\\\/#website\",\"url\":\"https:\\\/\\\/vcycletech.com\\\/\",\"name\":\"vcycletech\",\"description\":\"China&#039;s top water treatment chemicals supplier\",\"publisher\":{\"@id\":\"https:\\\/\\\/vcycletech.com\\\/#organization\"},\"potentialAction\":[{\"@type\":\"SearchAction\",\"target\":{\"@type\":\"EntryPoint\",\"urlTemplate\":\"https:\\\/\\\/vcycletech.com\\\/?s={search_term_string}\"},\"query-input\":{\"@type\":\"PropertyValueSpecification\",\"valueRequired\":true,\"valueName\":\"search_term_string\"}}],\"inLanguage\":\"pt-PT\"},{\"@type\":\"Organization\",\"@id\":\"https:\\\/\\\/vcycletech.com\\\/#organization\",\"name\":\"vcycletech\",\"url\":\"https:\\\/\\\/vcycletech.com\\\/\",\"logo\":{\"@type\":\"ImageObject\",\"inLanguage\":\"pt-PT\",\"@id\":\"https:\\\/\\\/vcycletech.com\\\/#\\\/schema\\\/logo\\\/image\\\/\",\"url\":\"https:\\\/\\\/vcycletech.com\\\/wp-content\\\/uploads\\\/2023\\\/03\\\/logo-vcycletech-1.png\",\"contentUrl\":\"https:\\\/\\\/vcycletech.com\\\/wp-content\\\/uploads\\\/2023\\\/03\\\/logo-vcycletech-1.png\",\"width\":600,\"height\":400,\"caption\":\"vcycletech\"},\"image\":{\"@id\":\"https:\\\/\\\/vcycletech.com\\\/#\\\/schema\\\/logo\\\/image\\\/\"}}]}<\/script>\n<!-- \/ Yoast SEO Premium plugin. -->","yoast_head_json":{"title":"Acr\u00edlico\/terpol\u00edmero sulf\u00f4nico (WT-499) - vcycletech","description":"Take control of your water quality with our leading [acrylic terpolymer] Water Treatment Chemicals. Buy now and make the change!","robots":{"index":"index","follow":"follow","max-snippet":"max-snippet:-1","max-image-preview":"max-image-preview:large","max-video-preview":"max-video-preview:-1"},"canonical":"https:\/\/vcycletech.com\/pt\/produtos\/acrilico-sulfonico-terpolimerowt-499\/","og_locale":"pt_PT","og_type":"article","og_title":"Acrylic\/Sulfonic Terpolymer(WT-499)","og_description":"Take control of your water quality with our leading [acrylic terpolymer] Water Treatment Chemicals. Buy now and make the change!","og_url":"https:\/\/vcycletech.com\/pt\/produtos\/acrilico-sulfonico-terpolimerowt-499\/","og_site_name":"vcycletech","article_modified_time":"2023-03-27T05:49:27+00:00","og_image":[{"width":600,"height":600,"url":"https:\/\/vcycletech.com\/wp-content\/uploads\/2023\/03\/11.png","type":"image\/png"}],"twitter_card":"summary_large_image","twitter_misc":{"Tempo estimado de leitura":"3 minutos"},"schema":{"@context":"https:\/\/schema.org","@graph":[{"@type":"WebPage","@id":"https:\/\/vcycletech.com\/product\/acrylic-sulfonic-terpolymerwt-499\/","url":"https:\/\/vcycletech.com\/product\/acrylic-sulfonic-terpolymerwt-499\/","name":"Acr\u00edlico\/terpol\u00edmero sulf\u00f4nico (WT-499) - vcycletech","isPartOf":{"@id":"https:\/\/vcycletech.com\/#website"},"primaryImageOfPage":{"@id":"https:\/\/vcycletech.com\/product\/acrylic-sulfonic-terpolymerwt-499\/#primaryimage"},"image":{"@id":"https:\/\/vcycletech.com\/product\/acrylic-sulfonic-terpolymerwt-499\/#primaryimage"},"thumbnailUrl":"https:\/\/vcycletech.com\/wp-content\/uploads\/2023\/03\/11.png","datePublished":"2023-03-21T09:11:06+00:00","dateModified":"2023-03-27T05:49:27+00:00","description":"Take control of your water quality with our leading [acrylic terpolymer] Water Treatment Chemicals. Buy now and make the change!","breadcrumb":{"@id":"https:\/\/vcycletech.com\/product\/acrylic-sulfonic-terpolymerwt-499\/#breadcrumb"},"inLanguage":"pt-PT","potentialAction":[{"@type":"ReadAction","target":["https:\/\/vcycletech.com\/product\/acrylic-sulfonic-terpolymerwt-499\/"]}]},{"@type":"ImageObject","inLanguage":"pt-PT","@id":"https:\/\/vcycletech.com\/product\/acrylic-sulfonic-terpolymerwt-499\/#primaryimage","url":"https:\/\/vcycletech.com\/wp-content\/uploads\/2023\/03\/11.png","contentUrl":"https:\/\/vcycletech.com\/wp-content\/uploads\/2023\/03\/11.png","width":600,"height":600,"caption":"Acrylic\/Sulfonic Terpolymer"},{"@type":"BreadcrumbList","@id":"https:\/\/vcycletech.com\/product\/acrylic-sulfonic-terpolymerwt-499\/#breadcrumb","itemListElement":[{"@type":"ListItem","position":1,"name":"Home","item":"https:\/\/vcycletech.com\/"},{"@type":"ListItem","position":2,"name":"Water Treatment Chemicals Manufacturer","item":"https:\/\/vcycletech.com\/water-treatment-chemicals-manufacturer\/"},{"@type":"ListItem","position":3,"name":"Acrylic\/Sulfonic Terpolymer(WT-499)"}]},{"@type":"WebSite","@id":"https:\/\/vcycletech.com\/#website","url":"https:\/\/vcycletech.com\/","name":"vcycletech","description":"China&#039;principal fornecedor de produtos qu\u00edmicos para tratamento de \u00e1gua","publisher":{"@id":"https:\/\/vcycletech.com\/#organization"},"potentialAction":[{"@type":"SearchAction","target":{"@type":"EntryPoint","urlTemplate":"https:\/\/vcycletech.com\/?s={search_term_string}"},"query-input":{"@type":"PropertyValueSpecification","valueRequired":true,"valueName":"search_term_string"}}],"inLanguage":"pt-PT"},{"@type":"Organization","@id":"https:\/\/vcycletech.com\/#organization","name":"vcycletech","url":"https:\/\/vcycletech.com\/","logo":{"@type":"ImageObject","inLanguage":"pt-PT","@id":"https:\/\/vcycletech.com\/#\/schema\/logo\/image\/","url":"https:\/\/vcycletech.com\/wp-content\/uploads\/2023\/03\/logo-vcycletech-1.png","contentUrl":"https:\/\/vcycletech.com\/wp-content\/uploads\/2023\/03\/logo-vcycletech-1.png","width":600,"height":400,"caption":"vcycletech"},"image":{"@id":"https:\/\/vcycletech.com\/#\/schema\/logo\/image\/"}}]}},"_links":{"self":[{"href":"https:\/\/vcycletech.com\/pt\/wp-json\/wp\/v2\/product\/1184","targetHints":{"allow":["GET"]}}],"collection":[{"href":"https:\/\/vcycletech.com\/pt\/wp-json\/wp\/v2\/product"}],"about":[{"href":"https:\/\/vcycletech.com\/pt\/wp-json\/wp\/v2\/types\/product"}],"wp:featuredmedia":[{"embeddable":true,"href":"https:\/\/vcycletech.com\/pt\/wp-json\/wp\/v2\/media\/2839"}],"wp:attachment":[{"href":"https:\/\/vcycletech.com\/pt\/wp-json\/wp\/v2\/media?parent=1184"}],"wp:term":[{"taxonomy":"product_brand","embeddable":true,"href":"https:\/\/vcycletech.com\/pt\/wp-json\/wp\/v2\/product_brand?post=1184"},{"taxonomy":"product_cat","embeddable":true,"href":"https:\/\/vcycletech.com\/pt\/wp-json\/wp\/v2\/product_cat?post=1184"},{"taxonomy":"product_tag","embeddable":true,"href":"https:\/\/vcycletech.com\/pt\/wp-json\/wp\/v2\/product_tag?post=1184"}],"curies":[{"name":"wp","href":"https:\/\/api.w.org\/{rel}","templated":true}]}}