{"id":1182,"date":"2023-03-21T09:35:42","date_gmt":"2023-03-21T09:35:42","guid":{"rendered":"https:\/\/vcycletech.com\/?post_type=product&#038;p=1182"},"modified":"2023-03-27T05:40:07","modified_gmt":"2023-03-27T05:40:07","slug":"wt-0100-anti-incrustante-e-dispersante","status":"publish","type":"product","link":"https:\/\/vcycletech.com\/pt\/produtos\/wt-0100-anti-incrustante-e-dispersante\/","title":{"rendered":"WT-0100 Antiincrustante e Dispersante para Membrana RO"},"content":{"rendered":"<h3 id=\"introduction_2\" class=\"xsj_heading_hash xsj_heading xsj_heading_h2\" data-source-line=\"6\" data-source-line-display=\"true\"><span class=\"xsj_heading_content\">Introdu\u00e7\u00e3o:<\/span><\/h3>\n<p class=\"xsj_paragraph xsj_paragraph_level_0\" data-source-line=\"8\" data-source-line-display=\"true\"><strong>WT-0100 Anti-incrustante e Dispersante<\/strong> \u00e9 a solu\u00e7\u00e3o perfeita para proteger os sistemas de osmose reversa, nanofiltra\u00e7\u00e3o e ultrafiltra\u00e7\u00e3o do ac\u00famulo de incrusta\u00e7\u00f5es minerais. Este produto fornece prote\u00e7\u00e3o superior para membranas RO e ajuda a reduzir os custos operacionais a longo prazo. Com<strong> WT-0100 Anti-incrustante e Dispersante<\/strong>, os usu\u00e1rios podem desfrutar de \u00e1gua de excelente qualidade por um longo per\u00edodo.<\/p>\n<div class=\"xiaoshujiang_element xsj_anchor\"><a class=\"blank_anchor_name\" name=\"features_3\"><\/a><a id=\"features_3\" class=\"blank_anchor_id\"><\/a><a class=\"blank_anchor_name\" name=\"features\"><\/a><a id=\"features\" class=\"blank_anchor_id\"><\/a><\/div>\n<h3 id=\"features_3\" class=\"xsj_heading_hash xsj_heading xsj_heading_h2\" data-source-line=\"10\" data-source-line-display=\"true\"><span class=\"xsj_heading_content\">Caracter\u00edsticas:<\/span><\/h3>\n<p class=\"xsj_paragraph xsj_paragraph_level_0\" data-source-line=\"12\" data-source-line-display=\"true\"><strong>WT-0100 Anti-incrustante e Dispersante<\/strong> s\u00e3o especialmente formulados para proteger contra o ac\u00famulo de incrusta\u00e7\u00f5es minerais nas superf\u00edcies da membrana. Tamb\u00e9m \u00e9 altamente eficaz na preven\u00e7\u00e3o da sedimenta\u00e7\u00e3o nas superf\u00edcies da membrana, o que pode levar \u00e0 m\u00e1 qualidade da \u00e1gua. Este produto tem muitas aplica\u00e7\u00f5es e pode ser usado em v\u00e1rios sistemas, incluindo sistemas de osmose reversa, nanofiltra\u00e7\u00e3o e ultrafiltra\u00e7\u00e3o. \u00c9 adequado para aplica\u00e7\u00f5es de \u00e1gua de alimenta\u00e7\u00e3o quente e fria e possui uma ampla gama de n\u00edveis de pH.<\/p>\n<div class=\"xiaoshujiang_element xsj_anchor\"><a class=\"blank_anchor_name\" name=\"applications_4\"><\/a><a id=\"applications_4\" class=\"blank_anchor_id\"><\/a><a class=\"blank_anchor_name\" name=\"applications\"><\/a><a id=\"applications\" class=\"blank_anchor_id\"><\/a><\/div>\n<h3 id=\"applications_4\" class=\"xsj_heading_hash xsj_heading xsj_heading_h2\" data-source-line=\"14\" data-source-line-display=\"true\"><span class=\"xsj_heading_content\">Formul\u00e1rios:<\/span><\/h3>\n<p class=\"xsj_paragraph xsj_paragraph_level_0\" data-source-line=\"16\" data-source-line-display=\"true\"><strong>WT-0100 Anti-incrustante e Dispersante<\/strong> pode ser usado em v\u00e1rias aplica\u00e7\u00f5es industriais, incluindo processamento de alimentos e bebidas, tratamento de \u00e1gua de alimenta\u00e7\u00e3o de caldeiras, manuten\u00e7\u00e3o de torres de resfriamento, tratamento de \u00e1guas residuais, fluxos de processos qu\u00edmicos, sistemas de irriga\u00e7\u00e3o agr\u00edcola, sistemas de saneamento, etc. Tamb\u00e9m \u00e9 adequado para aplica\u00e7\u00f5es residenciais, como amaciamento de \u00e1gua unidades. Este produto pode ajudar a reduzir os custos operacionais reduzindo ou eliminando a necessidade de descalcifica\u00e7\u00e3o peri\u00f3dica ou substitui\u00e7\u00e3o de membranas RO devido ao ac\u00famulo de minerais.<\/p>\n<h3>Especifica\u00e7\u00e3o:<\/h3>\n<div>\n<table>\n<tbody>\n<tr>\n<td width=\"204\">Unid<\/td>\n<td width=\"315\">\u00cdndice<\/td>\n<\/tr>\n<tr>\n<td width=\"204\">Apar\u00eancia<\/td>\n<td width=\"315\">L\u00edquido transparente<\/td>\n<\/tr>\n<tr>\n<td width=\"204\">Valor de pH, (solu\u00e7\u00e3o de \u00e1gua 1%)<\/td>\n<td width=\"315\">2,0\u00b10,5<\/td>\n<\/tr>\n<tr>\n<td width=\"204\">Densidade (20\u2103)g\/cm3<\/td>\n<td width=\"315\">1.03-1.06<\/td>\n<\/tr>\n<tr>\n<td width=\"204\">Conte\u00fado principal<\/td>\n<td width=\"315\">Macromolecular contendo P<\/td>\n<\/tr>\n<tr>\n<td width=\"204\">Decomposi\u00e7\u00e3o de um produto sob alta temperatura<\/td>\n<td width=\"315\">ortofosfato<\/td>\n<\/tr>\n<\/tbody>\n<\/table>\n<\/div>\n<div class=\"xiaoshujiang_element xsj_anchor\"><a class=\"blank_anchor_name\" name=\"faqs_5\"><\/a><a id=\"faqs_5\" class=\"blank_anchor_id\"><\/a><a class=\"blank_anchor_name\" name=\"faqs\"><\/a><a id=\"faqs\" class=\"blank_anchor_id\"><\/a><\/div>\n<h3 id=\"faqs_5\" class=\"xsj_heading_hash xsj_heading xsj_heading_h2\" data-source-line=\"18\" data-source-line-display=\"true\"><span class=\"xsj_heading_content\">Perguntas frequentes:<\/span><\/h3>\n<p class=\"xiaoshujiang_element xsj_anchor\"><a class=\"blank_anchor_name\" name=\"120what20are20the20benefits20of20using20wt-0100_6\"><\/a><a id=\"120what20are20the20benefits20of20using20wt-0100_6\" class=\"blank_anchor_id\"><\/a><a class=\"blank_anchor_name\" name=\"1-what-are-the-benefits-of-using-wt-0100\"><\/a><a id=\"1-what-are-the-benefits-of-using-wt-0100\" class=\"blank_anchor_id\"><\/a><\/p>\n<p id=\"120what20are20the20benefits20of20using20wt-0100_6\" class=\"xsj_heading_hash xsj_heading xsj_heading_h3\" data-source-line=\"20\" data-source-line-display=\"true\"><strong><span class=\"xsj_heading_content\">Q1: Quais s\u00e3o os benef\u00edcios de usar o WT-0100?<\/span><\/strong><\/p>\n<p class=\"xsj_paragraph xsj_paragraph_level_0\" data-source-line=\"22\" data-source-line-display=\"true\">WT-0100 Antiscalant e Dispersant fornecem prote\u00e7\u00e3o superior contra o ac\u00famulo de incrusta\u00e7\u00f5es minerais nas superf\u00edcies da membrana, o que ajuda a manter a qualidade ideal da \u00e1gua por um per\u00edodo prolongado. Tamb\u00e9m \u00e9 altamente eficaz na preven\u00e7\u00e3o de sedimenta\u00e7\u00e3o, o que pode reduzir os custos operacionais a longo prazo.<\/p>\n<div class=\"xiaoshujiang_element xsj_anchor\"><a class=\"blank_anchor_name\" name=\"220is20this20product20suitable20for20hot20or20cold20feed20water20applications_7\"><\/a><a id=\"220is20this20product20suitable20for20hot20or20cold20feed20water20applications_7\" class=\"blank_anchor_id\"><\/a><a class=\"blank_anchor_name\" name=\"2-is-this-product-suitable-for-hot-or-cold-feed-water-applications\"><\/a><a id=\"2-is-this-product-suitable-for-hot-or-cold-feed-water-applications\" class=\"blank_anchor_id\"><\/a><\/div>\n<p id=\"220is20this20product20suitable20for20hot20or20cold20feed20water20applications_7\" class=\"xsj_heading_hash xsj_heading xsj_heading_h3\" data-source-line=\"24\" data-source-line-display=\"true\"><strong><span class=\"xsj_heading_content\">Q2: Este produto \u00e9 adequado para aplica\u00e7\u00f5es de \u00e1gua de alimenta\u00e7\u00e3o quente ou fria?<\/span><\/strong><\/p>\n<p class=\"xsj_paragraph xsj_paragraph_level_0\" data-source-line=\"26\" data-source-line-display=\"true\">Sim! WT-0100 Anti-incrustante e Dispersante s\u00e3o adequados para aplica\u00e7\u00f5es de \u00e1gua de alimenta\u00e7\u00e3o quente e fria e com uma ampla gama de n\u00edveis de pH.<\/p>\n<div class=\"xiaoshujiang_element xsj_anchor\"><a class=\"blank_anchor_name\" name=\"320what20types20of20systems20can20it20be20used20in_8\"><\/a><a id=\"320what20types20of20systems20can20it20be20used20in_8\" class=\"blank_anchor_id\"><\/a><a class=\"blank_anchor_name\" name=\"3-what-types-of-systems-can-it-be-used-in\"><\/a><a id=\"3-what-types-of-systems-can-it-be-used-in\" class=\"blank_anchor_id\"><\/a><\/div>\n<p id=\"320what20types20of20systems20can20it20be20used20in_8\" class=\"xsj_heading_hash xsj_heading xsj_heading_h3\" data-source-line=\"28\" data-source-line-display=\"true\"><strong><span class=\"xsj_heading_content\">Q3: Em que tipos de sistemas pode ser usado?<\/span><\/strong><\/p>\n<p class=\"xsj_paragraph xsj_paragraph_level_0\" data-source-line=\"30\" data-source-line-display=\"true\">Este produto pode ser usado em sistemas de osmose reversa, nanofiltra\u00e7\u00e3o, ultrafiltra\u00e7\u00e3o e outras aplica\u00e7\u00f5es industriais, como processamento de alimentos e bebidas e tratamento de efluentes, entre outros.<\/p>\n<div class=\"xiaoshujiang_element xsj_anchor\"><a class=\"blank_anchor_name\" name=\"420is20this20product20safe_9\"><\/a><a id=\"420is20this20product20safe_9\" class=\"blank_anchor_id\"><\/a><a class=\"blank_anchor_name\" name=\"4-is-this-product-safe\"><\/a><a id=\"4-is-this-product-safe\" class=\"blank_anchor_id\"><\/a><\/div>\n<p id=\"420is20this20product20safe_9\" class=\"xsj_heading_hash xsj_heading xsj_heading_h3\" data-source-line=\"32\" data-source-line-display=\"true\"><strong><span class=\"xsj_heading_content\">Q4: este produto \u00e9 seguro?<\/span><\/strong><\/p>\n<p class=\"xsj_paragraph xsj_paragraph_level_0\" data-source-line=\"34\" data-source-line-display=\"true\">Sim! O anti-incrustante e o dispersante WT-0100 foram cuidadosamente testados para garantir sua seguran\u00e7a quando usados de acordo com as instru\u00e7\u00f5es fornecidas pelo fabricante. Voc\u00ea n\u00e3o precisa se preocupar com poss\u00edveis riscos \u00e0 sa\u00fade associados ao uso deste produto.<\/p>\n<div class=\"xiaoshujiang_element xsj_anchor\"><a class=\"blank_anchor_name\" name=\"520how20often20should20i20use20this20antiscalentdispersent_10\"><\/a><a id=\"520how20often20should20i20use20this20antiscalentdispersent_10\" class=\"blank_anchor_id\"><\/a><a class=\"blank_anchor_name\" name=\"5-how-often-should-i-use-this-antiscalentdispersent\"><\/a><a id=\"5-how-often-should-i-use-this-antiscalentdispersent\" class=\"blank_anchor_id\"><\/a><\/div>\n<p id=\"520how20often20should20i20use20this20antiscalentdispersent_10\" class=\"xsj_heading_hash xsj_heading xsj_heading_h3\" data-source-line=\"36\" data-source-line-display=\"true\"><strong><span class=\"xsj_heading_content\">Q5: Com que frequ\u00eancia devo usar este anti-incrustante\/dispersante?<\/span><\/strong><\/p>\n<p class=\"xsj_paragraph xsj_paragraph_level_0\" data-source-line=\"38\" data-source-line-display=\"true\">Dependendo das condi\u00e7\u00f5es de opera\u00e7\u00e3o do seu sistema, pode ser necess\u00e1rio ajustar a frequ\u00eancia de aplica\u00e7\u00e3o de acordo, mas de modo geral, deve ser aplicado pelo menos uma vez a cada seis meses ou quando houver sinais de que pode ocorrer incrusta\u00e7\u00e3o devido ao aumento dos n\u00edveis de dureza no abastecimento de \u00e1gua de alimenta\u00e7\u00e3o<\/p>\n<p class=\"xsj_paragraph xsj_paragraph_level_0\" data-source-line=\"41\" data-source-line-display=\"true\"><a class=\"xsj_link xsj_manu_link\" href=\"https:\/\/vcycletech.com\/pt\/biocida-e-algicida\/\">Obtenha a solu\u00e7\u00e3o completa de produtos qu\u00edmicos de osmose reversa<\/a>.<\/p>","protected":false},"excerpt":{"rendered":"<p>Se voc\u00ea est\u00e1 procurando um anti-incrustante e dispersante que pode ajudar a manter seus sistemas de osmose reversa, nanofiltra\u00e7\u00e3o e ultrafiltra\u00e7\u00e3o funcionando sem problemas - n\u00e3o procure mais. <strong>WT-0100<\/strong>. Esta solu\u00e7\u00e3o poderosa ajuda a reduzir o ac\u00famulo de incrusta\u00e7\u00f5es minerais nas superf\u00edcies da membrana, mantendo a qualidade da \u00e1gua no seu melhor, ao mesmo tempo em que minimiza o tempo de inatividade de manuten\u00e7\u00e3o dispendioso. Ent\u00e3o, se voc\u00ea est\u00e1 procurando uma maneira acess\u00edvel de proteger seu valioso equipamento de tratamento de \u00e1gua \u2013 <strong>WT-0100<\/strong> \u00e9 a resposta!<\/p>","protected":false},"featured_media":1206,"template":"","meta":{"site-sidebar-layout":"default","site-content-layout":"default","ast-site-content-layout":"default","site-content-style":"default","site-sidebar-style":"default","ast-global-header-display":"","ast-banner-title-visibility":"","ast-main-header-display":"","ast-hfb-above-header-display":"","ast-hfb-below-header-display":"","ast-hfb-mobile-header-display":"","site-post-title":"","ast-breadcrumbs-content":"","ast-featured-img":"","footer-sml-layout":"","ast-disable-related-posts":"","theme-transparent-header-meta":"default","adv-header-id-meta":"","stick-header-meta":"default","header-above-stick-meta":"","header-main-stick-meta":"","header-below-stick-meta":"","astra-migrate-meta-layouts":"default","ast-page-background-enabled":"default","ast-page-background-meta":{"desktop":{"background-color":"","background-image":"","background-repeat":"repeat","background-position":"center center","background-size":"auto","background-attachment":"scroll","background-type":"","background-media":"","overlay-type":"","overlay-color":"","overlay-opacity":"","overlay-gradient":""},"tablet":{"background-color":"","background-image":"","background-repeat":"repeat","background-position":"center center","background-size":"auto","background-attachment":"scroll","background-type":"","background-media":"","overlay-type":"","overlay-color":"","overlay-opacity":"","overlay-gradient":""},"mobile":{"background-color":"","background-image":"","background-repeat":"repeat","background-position":"center center","background-size":"auto","background-attachment":"scroll","background-type":"","background-media":"","overlay-type":"","overlay-color":"","overlay-opacity":"","overlay-gradient":""}},"ast-content-background-meta":{"desktop":{"background-color":"var(--ast-global-color-5)","background-image":"","background-repeat":"repeat","background-position":"center center","background-size":"auto","background-attachment":"scroll","background-type":"","background-media":"","overlay-type":"","overlay-color":"","overlay-opacity":"","overlay-gradient":""},"tablet":{"background-color":"var(--ast-global-color-5)","background-image":"","background-repeat":"repeat","background-position":"center center","background-size":"auto","background-attachment":"scroll","background-type":"","background-media":"","overlay-type":"","overlay-color":"","overlay-opacity":"","overlay-gradient":""},"mobile":{"background-color":"var(--ast-global-color-5)","background-image":"","background-repeat":"repeat","background-position":"center center","background-size":"auto","background-attachment":"scroll","background-type":"","background-media":"","overlay-type":"","overlay-color":"","overlay-opacity":"","overlay-gradient":""}}},"product_brand":[],"product_cat":[31],"product_tag":[],"class_list":{"0":"post-1182","1":"product","2":"type-product","3":"status-publish","4":"has-post-thumbnail","6":"product_cat-reverse-osmosis-chemicals","7":"desktop-align-left","8":"tablet-align-left","9":"mobile-align-left","10":"ast-product-gallery-layout-horizontal-slider","11":"ast-product-gallery-with-no-image","12":"ast-product-tabs-layout-horizontal","14":"first","15":"instock","16":"shipping-taxable","17":"product-type-simple"},"yoast_head":"<!-- This site is optimized with the Yoast SEO Premium plugin v26.3 (Yoast SEO v27.5) - https:\/\/yoast.com\/product\/yoast-seo-premium-wordpress\/ -->\n<title>WT-0100 Antiscalant and Dispersant for RO Membrane - vcycletech<\/title>\n<meta name=\"description\" content=\"Keep membrane surfaces clear and operational costs low with [WT-0100 Antiscalant and Dispersant], a powerful solution for preventing mineral scale build-up in reverse osmosis, nanofiltration, and ultrafiltration systems. Get the quality water you need!\" \/>\n<meta name=\"robots\" content=\"index, follow, max-snippet:-1, max-image-preview:large, max-video-preview:-1\" \/>\n<link rel=\"canonical\" href=\"https:\/\/vcycletech.com\/pt\/produtos\/wt-0100-anti-incrustante-e-dispersante\/\" \/>\n<meta property=\"og:locale\" content=\"pt_PT\" \/>\n<meta property=\"og:type\" content=\"article\" \/>\n<meta property=\"og:title\" content=\"WT-0100 Antiscalant and Dispersant for RO Membrane\" \/>\n<meta property=\"og:description\" content=\"Keep membrane surfaces clear and operational costs low with [WT-0100 Antiscalant and Dispersant], a powerful solution for preventing mineral scale build-up in reverse osmosis, nanofiltration, and ultrafiltration systems. Get the quality water you need!\" \/>\n<meta property=\"og:url\" content=\"https:\/\/vcycletech.com\/pt\/produtos\/wt-0100-anti-incrustante-e-dispersante\/\" \/>\n<meta property=\"og:site_name\" content=\"vcycletech\" \/>\n<meta property=\"article:modified_time\" content=\"2023-03-27T05:40:07+00:00\" \/>\n<meta property=\"og:image\" content=\"https:\/\/vcycletech.com\/wp-content\/uploads\/2023\/03\/WT-0100-1-e1679628527527.png\" \/>\n\t<meta property=\"og:image:width\" content=\"600\" \/>\n\t<meta property=\"og:image:height\" content=\"600\" \/>\n\t<meta property=\"og:image:type\" content=\"image\/png\" \/>\n<meta name=\"twitter:card\" content=\"summary_large_image\" \/>\n<meta name=\"twitter:label1\" content=\"Tempo estimado de leitura\" \/>\n\t<meta name=\"twitter:data1\" content=\"2 minutos\" \/>\n<script type=\"application\/ld+json\" class=\"yoast-schema-graph\">{\"@context\":\"https:\\\/\\\/schema.org\",\"@graph\":[{\"@type\":\"WebPage\",\"@id\":\"https:\\\/\\\/vcycletech.com\\\/product\\\/wt-0100-antiscalant-and-dispersant\\\/\",\"url\":\"https:\\\/\\\/vcycletech.com\\\/product\\\/wt-0100-antiscalant-and-dispersant\\\/\",\"name\":\"WT-0100 Antiscalant and Dispersant for RO Membrane - vcycletech\",\"isPartOf\":{\"@id\":\"https:\\\/\\\/vcycletech.com\\\/#website\"},\"primaryImageOfPage\":{\"@id\":\"https:\\\/\\\/vcycletech.com\\\/product\\\/wt-0100-antiscalant-and-dispersant\\\/#primaryimage\"},\"image\":{\"@id\":\"https:\\\/\\\/vcycletech.com\\\/product\\\/wt-0100-antiscalant-and-dispersant\\\/#primaryimage\"},\"thumbnailUrl\":\"https:\\\/\\\/vcycletech.com\\\/wp-content\\\/uploads\\\/2023\\\/03\\\/WT-0100-1-e1679628527527.png\",\"datePublished\":\"2023-03-21T09:35:42+00:00\",\"dateModified\":\"2023-03-27T05:40:07+00:00\",\"description\":\"Keep membrane surfaces clear and operational costs low with [WT-0100 Antiscalant and Dispersant], a powerful solution for preventing mineral scale build-up in reverse osmosis, nanofiltration, and ultrafiltration systems. Get the quality water you need!\",\"breadcrumb\":{\"@id\":\"https:\\\/\\\/vcycletech.com\\\/product\\\/wt-0100-antiscalant-and-dispersant\\\/#breadcrumb\"},\"inLanguage\":\"pt-PT\",\"potentialAction\":[{\"@type\":\"ReadAction\",\"target\":[\"https:\\\/\\\/vcycletech.com\\\/product\\\/wt-0100-antiscalant-and-dispersant\\\/\"]}]},{\"@type\":\"ImageObject\",\"inLanguage\":\"pt-PT\",\"@id\":\"https:\\\/\\\/vcycletech.com\\\/product\\\/wt-0100-antiscalant-and-dispersant\\\/#primaryimage\",\"url\":\"https:\\\/\\\/vcycletech.com\\\/wp-content\\\/uploads\\\/2023\\\/03\\\/WT-0100-1-e1679628527527.png\",\"contentUrl\":\"https:\\\/\\\/vcycletech.com\\\/wp-content\\\/uploads\\\/2023\\\/03\\\/WT-0100-1-e1679628527527.png\",\"width\":600,\"height\":600,\"caption\":\"WT-0100 Antiscalant and Dispersant for RO Membrane\"},{\"@type\":\"BreadcrumbList\",\"@id\":\"https:\\\/\\\/vcycletech.com\\\/product\\\/wt-0100-antiscalant-and-dispersant\\\/#breadcrumb\",\"itemListElement\":[{\"@type\":\"ListItem\",\"position\":1,\"name\":\"Home\",\"item\":\"https:\\\/\\\/vcycletech.com\\\/\"},{\"@type\":\"ListItem\",\"position\":2,\"name\":\"Water Treatment Chemicals Manufacturer\",\"item\":\"https:\\\/\\\/vcycletech.com\\\/water-treatment-chemicals-manufacturer\\\/\"},{\"@type\":\"ListItem\",\"position\":3,\"name\":\"WT-0100 Antiscalant and Dispersant for RO Membrane\"}]},{\"@type\":\"WebSite\",\"@id\":\"https:\\\/\\\/vcycletech.com\\\/#website\",\"url\":\"https:\\\/\\\/vcycletech.com\\\/\",\"name\":\"vcycletech\",\"description\":\"China&#039;s top water treatment chemicals supplier\",\"publisher\":{\"@id\":\"https:\\\/\\\/vcycletech.com\\\/#organization\"},\"potentialAction\":[{\"@type\":\"SearchAction\",\"target\":{\"@type\":\"EntryPoint\",\"urlTemplate\":\"https:\\\/\\\/vcycletech.com\\\/?s={search_term_string}\"},\"query-input\":{\"@type\":\"PropertyValueSpecification\",\"valueRequired\":true,\"valueName\":\"search_term_string\"}}],\"inLanguage\":\"pt-PT\"},{\"@type\":\"Organization\",\"@id\":\"https:\\\/\\\/vcycletech.com\\\/#organization\",\"name\":\"vcycletech\",\"url\":\"https:\\\/\\\/vcycletech.com\\\/\",\"logo\":{\"@type\":\"ImageObject\",\"inLanguage\":\"pt-PT\",\"@id\":\"https:\\\/\\\/vcycletech.com\\\/#\\\/schema\\\/logo\\\/image\\\/\",\"url\":\"https:\\\/\\\/vcycletech.com\\\/wp-content\\\/uploads\\\/2023\\\/03\\\/logo-vcycletech-1.png\",\"contentUrl\":\"https:\\\/\\\/vcycletech.com\\\/wp-content\\\/uploads\\\/2023\\\/03\\\/logo-vcycletech-1.png\",\"width\":600,\"height\":400,\"caption\":\"vcycletech\"},\"image\":{\"@id\":\"https:\\\/\\\/vcycletech.com\\\/#\\\/schema\\\/logo\\\/image\\\/\"}}]}<\/script>\n<!-- \/ Yoast SEO Premium plugin. -->","yoast_head_json":{"title":"WT-0100 Antiincrustante e Dispersante para Membrana RO - vcycletech","description":"Keep membrane surfaces clear and operational costs low with [WT-0100 Antiscalant and Dispersant], a powerful solution for preventing mineral scale build-up in reverse osmosis, nanofiltration, and ultrafiltration systems. Get the quality water you need!","robots":{"index":"index","follow":"follow","max-snippet":"max-snippet:-1","max-image-preview":"max-image-preview:large","max-video-preview":"max-video-preview:-1"},"canonical":"https:\/\/vcycletech.com\/pt\/produtos\/wt-0100-anti-incrustante-e-dispersante\/","og_locale":"pt_PT","og_type":"article","og_title":"WT-0100 Antiscalant and Dispersant for RO Membrane","og_description":"Keep membrane surfaces clear and operational costs low with [WT-0100 Antiscalant and Dispersant], a powerful solution for preventing mineral scale build-up in reverse osmosis, nanofiltration, and ultrafiltration systems. Get the quality water you need!","og_url":"https:\/\/vcycletech.com\/pt\/produtos\/wt-0100-anti-incrustante-e-dispersante\/","og_site_name":"vcycletech","article_modified_time":"2023-03-27T05:40:07+00:00","og_image":[{"width":600,"height":600,"url":"https:\/\/vcycletech.com\/wp-content\/uploads\/2023\/03\/WT-0100-1-e1679628527527.png","type":"image\/png"}],"twitter_card":"summary_large_image","twitter_misc":{"Tempo estimado de leitura":"2 minutos"},"schema":{"@context":"https:\/\/schema.org","@graph":[{"@type":"WebPage","@id":"https:\/\/vcycletech.com\/product\/wt-0100-antiscalant-and-dispersant\/","url":"https:\/\/vcycletech.com\/product\/wt-0100-antiscalant-and-dispersant\/","name":"WT-0100 Antiincrustante e Dispersante para Membrana RO - vcycletech","isPartOf":{"@id":"https:\/\/vcycletech.com\/#website"},"primaryImageOfPage":{"@id":"https:\/\/vcycletech.com\/product\/wt-0100-antiscalant-and-dispersant\/#primaryimage"},"image":{"@id":"https:\/\/vcycletech.com\/product\/wt-0100-antiscalant-and-dispersant\/#primaryimage"},"thumbnailUrl":"https:\/\/vcycletech.com\/wp-content\/uploads\/2023\/03\/WT-0100-1-e1679628527527.png","datePublished":"2023-03-21T09:35:42+00:00","dateModified":"2023-03-27T05:40:07+00:00","description":"Keep membrane surfaces clear and operational costs low with [WT-0100 Antiscalant and Dispersant], a powerful solution for preventing mineral scale build-up in reverse osmosis, nanofiltration, and ultrafiltration systems. Get the quality water you need!","breadcrumb":{"@id":"https:\/\/vcycletech.com\/product\/wt-0100-antiscalant-and-dispersant\/#breadcrumb"},"inLanguage":"pt-PT","potentialAction":[{"@type":"ReadAction","target":["https:\/\/vcycletech.com\/product\/wt-0100-antiscalant-and-dispersant\/"]}]},{"@type":"ImageObject","inLanguage":"pt-PT","@id":"https:\/\/vcycletech.com\/product\/wt-0100-antiscalant-and-dispersant\/#primaryimage","url":"https:\/\/vcycletech.com\/wp-content\/uploads\/2023\/03\/WT-0100-1-e1679628527527.png","contentUrl":"https:\/\/vcycletech.com\/wp-content\/uploads\/2023\/03\/WT-0100-1-e1679628527527.png","width":600,"height":600,"caption":"WT-0100 Antiscalant and Dispersant for RO Membrane"},{"@type":"BreadcrumbList","@id":"https:\/\/vcycletech.com\/product\/wt-0100-antiscalant-and-dispersant\/#breadcrumb","itemListElement":[{"@type":"ListItem","position":1,"name":"Home","item":"https:\/\/vcycletech.com\/"},{"@type":"ListItem","position":2,"name":"Water Treatment Chemicals Manufacturer","item":"https:\/\/vcycletech.com\/water-treatment-chemicals-manufacturer\/"},{"@type":"ListItem","position":3,"name":"WT-0100 Antiscalant and Dispersant for RO Membrane"}]},{"@type":"WebSite","@id":"https:\/\/vcycletech.com\/#website","url":"https:\/\/vcycletech.com\/","name":"vcycletech","description":"China&#039;principal fornecedor de produtos qu\u00edmicos para tratamento de \u00e1gua","publisher":{"@id":"https:\/\/vcycletech.com\/#organization"},"potentialAction":[{"@type":"SearchAction","target":{"@type":"EntryPoint","urlTemplate":"https:\/\/vcycletech.com\/?s={search_term_string}"},"query-input":{"@type":"PropertyValueSpecification","valueRequired":true,"valueName":"search_term_string"}}],"inLanguage":"pt-PT"},{"@type":"Organization","@id":"https:\/\/vcycletech.com\/#organization","name":"vcycletech","url":"https:\/\/vcycletech.com\/","logo":{"@type":"ImageObject","inLanguage":"pt-PT","@id":"https:\/\/vcycletech.com\/#\/schema\/logo\/image\/","url":"https:\/\/vcycletech.com\/wp-content\/uploads\/2023\/03\/logo-vcycletech-1.png","contentUrl":"https:\/\/vcycletech.com\/wp-content\/uploads\/2023\/03\/logo-vcycletech-1.png","width":600,"height":400,"caption":"vcycletech"},"image":{"@id":"https:\/\/vcycletech.com\/#\/schema\/logo\/image\/"}}]}},"_links":{"self":[{"href":"https:\/\/vcycletech.com\/pt\/wp-json\/wp\/v2\/product\/1182","targetHints":{"allow":["GET"]}}],"collection":[{"href":"https:\/\/vcycletech.com\/pt\/wp-json\/wp\/v2\/product"}],"about":[{"href":"https:\/\/vcycletech.com\/pt\/wp-json\/wp\/v2\/types\/product"}],"wp:featuredmedia":[{"embeddable":true,"href":"https:\/\/vcycletech.com\/pt\/wp-json\/wp\/v2\/media\/1206"}],"wp:attachment":[{"href":"https:\/\/vcycletech.com\/pt\/wp-json\/wp\/v2\/media?parent=1182"}],"wp:term":[{"taxonomy":"product_brand","embeddable":true,"href":"https:\/\/vcycletech.com\/pt\/wp-json\/wp\/v2\/product_brand?post=1182"},{"taxonomy":"product_cat","embeddable":true,"href":"https:\/\/vcycletech.com\/pt\/wp-json\/wp\/v2\/product_cat?post=1182"},{"taxonomy":"product_tag","embeddable":true,"href":"https:\/\/vcycletech.com\/pt\/wp-json\/wp\/v2\/product_tag?post=1182"}],"curies":[{"name":"wp","href":"https:\/\/api.w.org\/{rel}","templated":true}]}}