{"id":1171,"date":"2023-03-21T09:03:31","date_gmt":"2023-03-21T09:03:31","guid":{"rendered":"https:\/\/vcycletech.com\/?post_type=product&#038;p=1171"},"modified":"2023-03-21T09:12:51","modified_gmt":"2023-03-21T09:12:51","slug":"carboidrazida","status":"publish","type":"product","link":"https:\/\/vcycletech.com\/pt\/produtos\/carboidrazida\/","title":{"rendered":"Carbohidrazida"},"content":{"rendered":"<h3>F\u00f3rmula molecular: CO(NHNH2)2<\/h3>\n<h3>N\u00ba CAS 497-18-7<\/h3>\n<h3>Peso molecular: 90,09<\/h3>\n<h3>Estrutura molecular:<\/h3>\n<figure id=\"attachment_1174\" aria-describedby=\"caption-attachment-1174\" style=\"width: 600px\" class=\"wp-caption alignnone\"><img fetchpriority=\"high\" decoding=\"async\" class=\"size-full wp-image-1174\" src=\"https:\/\/vcycletech.com\/wp-content\/uploads\/2023\/03\/1-37.png\" alt=\"Carbohidrazida\" width=\"600\" height=\"600\" srcset=\"https:\/\/vcycletech.com\/wp-content\/uploads\/2023\/03\/1-37.png 600w, https:\/\/vcycletech.com\/wp-content\/uploads\/2023\/03\/1-37-100x100.png 100w, https:\/\/vcycletech.com\/wp-content\/uploads\/2023\/03\/1-37-300x300.png 300w, https:\/\/vcycletech.com\/wp-content\/uploads\/2023\/03\/1-37-150x150.png 150w\" sizes=\"(max-width: 600px) 100vw, 600px\" \/><figcaption id=\"caption-attachment-1174\" class=\"wp-caption-text\">Carbohidrazida<\/figcaption><\/figure>\n<h3>Propriedades:<\/h3>\n<p><strong>Carbohidrazida<\/strong> tem v\u00e1rias aplica\u00e7\u00f5es em muitas ind\u00fastrias. Como combust\u00edvel, produz imensas quantidades de calor quando queimado e, portanto, \u00e9 usado como ingrediente para combust\u00edvel de jatos e foguetes. Para a preven\u00e7\u00e3o de danos por corros\u00e3o em sistemas de alimenta\u00e7\u00e3o de caldeiras de \u00e1gua e sistemas de aquecimento, <strong>carboidrazida<\/strong> funciona como um eliminador de oxig\u00eanio.<\/p>\n<p>Tamb\u00e9m \u00e9 usado como agente redutor para recuperar metais preciosos, como catalisador de polimeriza\u00e7\u00e3o e extensor de cadeia em revestimentos de uretano e como auxiliar na ind\u00fastria fotogr\u00e1fica.<\/p>\n<p>Usos adicionais incluem sua utiliza\u00e7\u00e3o como intermedi\u00e1rio para produtos farmac\u00eauticos, estabilizadores, produtos qu\u00edmicos para tratamento de \u00e1gua e agroqu\u00edmicos, como corantes ou retardadores de chama. Nos \u00faltimos anos, a hidrazina foi aplicada a LCDs (Liquid Crystal Displays) para produzir transistores de pel\u00edcula fina mais r\u00e1pidos.<\/p>\n<h3>Especifica\u00e7\u00e3o:<\/h3>\n<div id=\"footable_parent_1191\"\n         class=\"footable_parent ninja_table_wrapper loading_ninja_table wp_table_data_press_parent semantic_ui\">\n                <table data-ninja_table_instance=\"ninja_table_instance_0\" data-footable_id=\"1191\" data-filter-delay=\"1000\" aria-label=\"Carbohidrazida.csv\"            id=\"footable_1191\"\n           data-unique_identifier=\"ninja_table_unique_id_405831277_1191\"\n           class=\"foo-table ninja_footable foo_table_1191 ninja_table_unique_id_405831277_1191 ui table  nt_type_legacy_table selectable striped vertical_centered  footable-paging-right ninja_table_pro\">\n                <colgroup>\n                            <col class=\"ninja_column_0\">\n                            <col class=\"ninja_column_1\">\n                    <\/colgroup>\n        <thead>\n<tr class=\"footable-header\">\n                                        <th scope=\"col\"  class=\"ninja_column_0 ninja_clmn_nm_items\">Unid<\/th><th scope=\"col\"  class=\"ninja_column_1 ninja_clmn_nm_index\">\u00cdndice<\/th><\/tr>\n<\/thead>\n<tbody>\n\n        <tr data-row_id=\"267\" class=\"ninja_table_row_0 nt_row_id_267\">\n            <td>Apar\u00eancia<\/td><td>P\u00f3 de cristal branco<\/td>        <\/tr>\n            <tr data-row_id=\"268\" class=\"ninja_table_row_1 nt_row_id_268\">\n            <td>Pureza, %<\/td><td>98,0min<\/td>        <\/tr>\n            <tr data-row_id=\"269\" class=\"ninja_table_row_2 nt_row_id_269\">\n            <td>Hidrazina livre, ppm<\/td><td>500,0 m\u00e1x.<\/td>        <\/tr>\n            <tr data-row_id=\"270\" class=\"ninja_table_row_3 nt_row_id_270\">\n            <td>Umidade, %<\/td><td>0,2 m\u00e1x.<\/td>        <\/tr>\n            <tr data-row_id=\"271\" class=\"ninja_table_row_4 nt_row_id_271\">\n            <td>pH (solu\u00e7\u00e3o de \u00e1gua 12%)<\/td><td>7.2-9.7<\/td>        <\/tr>\n    <\/tbody><!--ninja_tobody_rendering_done-->\n    <\/table>\n    \n    \n    \n<\/div>\n\n<h3>Uso de Carbohidrazida:<\/h3>\n<p><strong>Carbohidrazida<\/strong> \u00e9 freq\u00fcentemente usado como desoxidante em caldeiras e deve ser colocado na \u00e1gua ou usado em sua solu\u00e7\u00e3o aquosa com uma dosagem de 0,5 mol ou mais por 1 mol de oxig\u00eanio para obter melhores resultados. A faixa de temperatura ideal para esta rea\u00e7\u00e3o \u00e9 de 87,8-176,7\u00b0C (190,04-350,06\u00b0F). Quando reagido com oxig\u00eanio, as subst\u00e2ncias resultantes s\u00e3o nitrog\u00eanio, \u00e1gua e di\u00f3xido de carbono.<\/p>\n<h3>Pacote e armazenamento:<\/h3>\n<p><strong>Carbohidrazida<\/strong> devem ser armazenados e embalados em recipientes hermeticamente fechados, longe da luz solar direta e de quaisquer fontes de calor ou umidade. Para garantir o manuseio seguro e longa vida \u00fatil, o recipiente deve ser armazenado em temperaturas inferiores a 25\u00b0C (77\u00b0F) e mantido seco. 25 kg\/saco, 25 kg\/tambor de fibra, requisitos do cliente\u2014armazenamento por um ano em um quarto escuro e seco.<\/p>\n<h3>Sin\u00f4nimos:<\/h3>\n<p>Hidrazina, 1,3-Diaminoureia; Dihidrazida carb\u00f4nica<\/p>\n<h3>Perguntas frequentes sobre Carbohidrazida:<\/h3>\n<p><strong>O que \u00e9 Carbohidrazida?<\/strong><br \/>\nA carboidrazida \u00e9 um s\u00f3lido cristalino branco usado como inibidor de corros\u00e3o, eliminador de oxig\u00eanio e produto qu\u00edmico para tratamento de \u00e1gua de caldeira. Tamb\u00e9m \u00e9 usado na fabrica\u00e7\u00e3o de corantes, explosivos e outros produtos qu\u00edmicos.<\/p>\n<p><strong>Quais s\u00e3o os efeitos da Carbohidrazida na sa\u00fade?<\/strong><br \/>\nA exposi\u00e7\u00e3o \u00e0 Carbohidrazida pode irritar os olhos, a pele e o sistema respirat\u00f3rio. A inala\u00e7\u00e3o de altas concentra\u00e7\u00f5es de Carbohidrazida pode causar tosse, respira\u00e7\u00e3o ofegante e falta de ar. A ingest\u00e3o de Carbohidrazida pode causar n\u00e1useas, v\u00f4mitos e diarr\u00e9ia.<\/p>\n<p><strong>Como posso reduzir minha exposi\u00e7\u00e3o \u00e0 Carbohidrazida?<\/strong><br \/>\nSe voc\u00ea trabalha com Carbohidrazida, use roupas de prote\u00e7\u00e3o, como luvas e m\u00e1scara facial, para evitar o contato com o produto qu\u00edmico. Se voc\u00ea for exposto \u00e0 Carbohidrazida, remova imediatamente a roupa e lave a pele com \u00e1gua e sab\u00e3o. Se voc\u00ea foi exposto a altas concentra\u00e7\u00f5es de Carbohidrazida, procure atendimento m\u00e9dico imediatamente.<\/p>\n<p><strong>O que devo fazer se achar que fui exposto \u00e0 Carbohidrazida?<\/strong><br \/>\nSe voc\u00ea acha que foi exposto \u00e0 Carbohidrazida, tire a roupa e lave a pele com \u00e1gua e sab\u00e3o. Se voc\u00ea foi exposto a altas concentra\u00e7\u00f5es de Carbohidrazida, procure atendimento m\u00e9dico imediatamente.<\/p>\n<p><a href=\"https:\/\/vcycletech.com\/pt\/inibidor-de-corrosao\/\"><strong>Obtenha a solu\u00e7\u00e3o completa de inibidores de corros\u00e3o.<\/strong><\/a><\/p>","protected":false},"excerpt":{"rendered":"<p>Quando combinada com o oxig\u00eanio, a carboidrazida produz nitrog\u00eanio, \u00e1gua e di\u00f3xido de carbono. A dosagem ideal para a rea\u00e7\u00e3o \u00e9 de 0,5mol ou mais por 1mol de oxig\u00eanio. <strong>Carbohidrazida<\/strong> deve ser armazenado e embalado em recipientes hermeticamente fechados em temperaturas inferiores a 25\u00b0C para garantir manuseio seguro e longa vida \u00fatil. Se voc\u00ea est\u00e1 procurando uma fonte de qualidade de <strong>Carbohidrazida<\/strong>, n\u00e3o procure mais do que a China. Nossa empresa fornece este produto para empresas ao redor do mundo h\u00e1 anos, e temos orgulho de oferecer a melhor qualidade dispon\u00edvel. Oferecemos pre\u00e7os competitivos e remessa confi\u00e1vel, ent\u00e3o entre em contato conosco hoje para come\u00e7ar!<\/p>","protected":false},"featured_media":1187,"template":"","meta":{"site-sidebar-layout":"default","site-content-layout":"default","ast-site-content-layout":"default","site-content-style":"default","site-sidebar-style":"default","ast-global-header-display":"","ast-banner-title-visibility":"","ast-main-header-display":"","ast-hfb-above-header-display":"","ast-hfb-below-header-display":"","ast-hfb-mobile-header-display":"","site-post-title":"","ast-breadcrumbs-content":"","ast-featured-img":"","footer-sml-layout":"","ast-disable-related-posts":"","theme-transparent-header-meta":"default","adv-header-id-meta":"","stick-header-meta":"default","header-above-stick-meta":"","header-main-stick-meta":"","header-below-stick-meta":"","astra-migrate-meta-layouts":"default","ast-page-background-enabled":"default","ast-page-background-meta":{"desktop":{"background-color":"","background-image":"","background-repeat":"repeat","background-position":"center center","background-size":"auto","background-attachment":"scroll","background-type":"","background-media":"","overlay-type":"","overlay-color":"","overlay-opacity":"","overlay-gradient":""},"tablet":{"background-color":"","background-image":"","background-repeat":"repeat","background-position":"center center","background-size":"auto","background-attachment":"scroll","background-type":"","background-media":"","overlay-type":"","overlay-color":"","overlay-opacity":"","overlay-gradient":""},"mobile":{"background-color":"","background-image":"","background-repeat":"repeat","background-position":"center center","background-size":"auto","background-attachment":"scroll","background-type":"","background-media":"","overlay-type":"","overlay-color":"","overlay-opacity":"","overlay-gradient":""}},"ast-content-background-meta":{"desktop":{"background-color":"var(--ast-global-color-5)","background-image":"","background-repeat":"repeat","background-position":"center center","background-size":"auto","background-attachment":"scroll","background-type":"","background-media":"","overlay-type":"","overlay-color":"","overlay-opacity":"","overlay-gradient":""},"tablet":{"background-color":"var(--ast-global-color-5)","background-image":"","background-repeat":"repeat","background-position":"center center","background-size":"auto","background-attachment":"scroll","background-type":"","background-media":"","overlay-type":"","overlay-color":"","overlay-opacity":"","overlay-gradient":""},"mobile":{"background-color":"var(--ast-global-color-5)","background-image":"","background-repeat":"repeat","background-position":"center center","background-size":"auto","background-attachment":"scroll","background-type":"","background-media":"","overlay-type":"","overlay-color":"","overlay-opacity":"","overlay-gradient":""}}},"product_brand":[],"product_cat":[30],"product_tag":[],"class_list":{"0":"post-1171","1":"product","2":"type-product","3":"status-publish","4":"has-post-thumbnail","6":"product_cat-corrosion-inhibitors","7":"desktop-align-left","8":"tablet-align-left","9":"mobile-align-left","10":"ast-product-gallery-layout-horizontal-slider","11":"ast-product-tabs-layout-horizontal","13":"first","14":"instock","15":"shipping-taxable","16":"product-type-simple"},"yoast_head":"<!-- This site is optimized with the Yoast SEO Premium plugin v26.3 (Yoast SEO v27.3) - https:\/\/yoast.com\/product\/yoast-seo-premium-wordpress\/ -->\n<title>Carbohydrazide - vcycletech<\/title>\n<meta name=\"description\" content=\"Carbohydrazide is an organic compound that can be used as a de-oxidant in boilers and other industrial applications. It also has utility in medical testing, which can be used to detect the presence of certain substances.\" \/>\n<meta name=\"robots\" content=\"index, follow, max-snippet:-1, max-image-preview:large, max-video-preview:-1\" \/>\n<link rel=\"canonical\" href=\"https:\/\/vcycletech.com\/pt\/produtos\/carboidrazida\/\" \/>\n<meta property=\"og:locale\" content=\"pt_PT\" \/>\n<meta property=\"og:type\" content=\"article\" \/>\n<meta property=\"og:title\" content=\"Carbohydrazide\" \/>\n<meta property=\"og:description\" content=\"Carbohydrazide is an organic compound that can be used as a de-oxidant in boilers and other industrial applications. It also has utility in medical testing, which can be used to detect the presence of certain substances.\" \/>\n<meta property=\"og:url\" content=\"https:\/\/vcycletech.com\/pt\/produtos\/carboidrazida\/\" \/>\n<meta property=\"og:site_name\" content=\"vcycletech\" \/>\n<meta property=\"article:modified_time\" content=\"2023-03-21T09:12:51+00:00\" \/>\n<meta property=\"og:image\" content=\"https:\/\/vcycletech.com\/wp-content\/uploads\/2023\/03\/\u672a\u547d\u540d\u7684\u8bbe\u8ba1-2-6.png\" \/>\n\t<meta property=\"og:image:width\" content=\"600\" \/>\n\t<meta property=\"og:image:height\" content=\"600\" \/>\n\t<meta property=\"og:image:type\" content=\"image\/png\" \/>\n<meta name=\"twitter:card\" content=\"summary_large_image\" \/>\n<meta name=\"twitter:label1\" content=\"Tempo estimado de leitura\" \/>\n\t<meta name=\"twitter:data1\" content=\"3 minutos\" \/>\n<script type=\"application\/ld+json\" class=\"yoast-schema-graph\">{\"@context\":\"https:\\\/\\\/schema.org\",\"@graph\":[{\"@type\":\"WebPage\",\"@id\":\"https:\\\/\\\/vcycletech.com\\\/product\\\/carbohydrazide\\\/\",\"url\":\"https:\\\/\\\/vcycletech.com\\\/product\\\/carbohydrazide\\\/\",\"name\":\"Carbohydrazide - vcycletech\",\"isPartOf\":{\"@id\":\"https:\\\/\\\/vcycletech.com\\\/#website\"},\"primaryImageOfPage\":{\"@id\":\"https:\\\/\\\/vcycletech.com\\\/product\\\/carbohydrazide\\\/#primaryimage\"},\"image\":{\"@id\":\"https:\\\/\\\/vcycletech.com\\\/product\\\/carbohydrazide\\\/#primaryimage\"},\"thumbnailUrl\":\"https:\\\/\\\/vcycletech.com\\\/wp-content\\\/uploads\\\/2023\\\/03\\\/\u672a\u547d\u540d\u7684\u8bbe\u8ba1-2-6.png\",\"datePublished\":\"2023-03-21T09:03:31+00:00\",\"dateModified\":\"2023-03-21T09:12:51+00:00\",\"description\":\"Carbohydrazide is an organic compound that can be used as a de-oxidant in boilers and other industrial applications. It also has utility in medical testing, which can be used to detect the presence of certain substances.\",\"breadcrumb\":{\"@id\":\"https:\\\/\\\/vcycletech.com\\\/product\\\/carbohydrazide\\\/#breadcrumb\"},\"inLanguage\":\"pt-PT\",\"potentialAction\":[{\"@type\":\"ReadAction\",\"target\":[\"https:\\\/\\\/vcycletech.com\\\/product\\\/carbohydrazide\\\/\"]}]},{\"@type\":\"ImageObject\",\"inLanguage\":\"pt-PT\",\"@id\":\"https:\\\/\\\/vcycletech.com\\\/product\\\/carbohydrazide\\\/#primaryimage\",\"url\":\"https:\\\/\\\/vcycletech.com\\\/wp-content\\\/uploads\\\/2023\\\/03\\\/\u672a\u547d\u540d\u7684\u8bbe\u8ba1-2-6.png\",\"contentUrl\":\"https:\\\/\\\/vcycletech.com\\\/wp-content\\\/uploads\\\/2023\\\/03\\\/\u672a\u547d\u540d\u7684\u8bbe\u8ba1-2-6.png\",\"width\":600,\"height\":600,\"caption\":\"Carbohydrazide\"},{\"@type\":\"BreadcrumbList\",\"@id\":\"https:\\\/\\\/vcycletech.com\\\/product\\\/carbohydrazide\\\/#breadcrumb\",\"itemListElement\":[{\"@type\":\"ListItem\",\"position\":1,\"name\":\"Home\",\"item\":\"https:\\\/\\\/vcycletech.com\\\/\"},{\"@type\":\"ListItem\",\"position\":2,\"name\":\"Water Treatment Chemicals Manufacturer\",\"item\":\"https:\\\/\\\/vcycletech.com\\\/water-treatment-chemicals-manufacturer\\\/\"},{\"@type\":\"ListItem\",\"position\":3,\"name\":\"Carbohydrazide\"}]},{\"@type\":\"WebSite\",\"@id\":\"https:\\\/\\\/vcycletech.com\\\/#website\",\"url\":\"https:\\\/\\\/vcycletech.com\\\/\",\"name\":\"vcycletech\",\"description\":\"China&#039;s top water treatment chemicals supplier\",\"publisher\":{\"@id\":\"https:\\\/\\\/vcycletech.com\\\/#organization\"},\"potentialAction\":[{\"@type\":\"SearchAction\",\"target\":{\"@type\":\"EntryPoint\",\"urlTemplate\":\"https:\\\/\\\/vcycletech.com\\\/?s={search_term_string}\"},\"query-input\":{\"@type\":\"PropertyValueSpecification\",\"valueRequired\":true,\"valueName\":\"search_term_string\"}}],\"inLanguage\":\"pt-PT\"},{\"@type\":\"Organization\",\"@id\":\"https:\\\/\\\/vcycletech.com\\\/#organization\",\"name\":\"vcycletech\",\"url\":\"https:\\\/\\\/vcycletech.com\\\/\",\"logo\":{\"@type\":\"ImageObject\",\"inLanguage\":\"pt-PT\",\"@id\":\"https:\\\/\\\/vcycletech.com\\\/#\\\/schema\\\/logo\\\/image\\\/\",\"url\":\"https:\\\/\\\/vcycletech.com\\\/wp-content\\\/uploads\\\/2023\\\/03\\\/logo-vcycletech-1.png\",\"contentUrl\":\"https:\\\/\\\/vcycletech.com\\\/wp-content\\\/uploads\\\/2023\\\/03\\\/logo-vcycletech-1.png\",\"width\":600,\"height\":400,\"caption\":\"vcycletech\"},\"image\":{\"@id\":\"https:\\\/\\\/vcycletech.com\\\/#\\\/schema\\\/logo\\\/image\\\/\"}}]}<\/script>\n<!-- \/ Yoast SEO Premium plugin. -->","yoast_head_json":{"title":"Carbohidrazida - vcycletech","description":"Carbohidrazida \u00e9 um composto org\u00e2nico que pode ser usado como desoxidante em caldeiras e outras aplica\u00e7\u00f5es industriais. Tamb\u00e9m tem utilidade em testes m\u00e9dicos, que podem ser usados para detectar a presen\u00e7a de certas subst\u00e2ncias.","robots":{"index":"index","follow":"follow","max-snippet":"max-snippet:-1","max-image-preview":"max-image-preview:large","max-video-preview":"max-video-preview:-1"},"canonical":"https:\/\/vcycletech.com\/pt\/produtos\/carboidrazida\/","og_locale":"pt_PT","og_type":"article","og_title":"Carbohydrazide","og_description":"Carbohydrazide is an organic compound that can be used as a de-oxidant in boilers and other industrial applications. It also has utility in medical testing, which can be used to detect the presence of certain substances.","og_url":"https:\/\/vcycletech.com\/pt\/produtos\/carboidrazida\/","og_site_name":"vcycletech","article_modified_time":"2023-03-21T09:12:51+00:00","og_image":[{"width":600,"height":600,"url":"https:\/\/vcycletech.com\/wp-content\/uploads\/2023\/03\/\u672a\u547d\u540d\u7684\u8bbe\u8ba1-2-6.png","type":"image\/png"}],"twitter_card":"summary_large_image","twitter_misc":{"Tempo estimado de leitura":"3 minutos"},"schema":{"@context":"https:\/\/schema.org","@graph":[{"@type":"WebPage","@id":"https:\/\/vcycletech.com\/product\/carbohydrazide\/","url":"https:\/\/vcycletech.com\/product\/carbohydrazide\/","name":"Carbohidrazida - vcycletech","isPartOf":{"@id":"https:\/\/vcycletech.com\/#website"},"primaryImageOfPage":{"@id":"https:\/\/vcycletech.com\/product\/carbohydrazide\/#primaryimage"},"image":{"@id":"https:\/\/vcycletech.com\/product\/carbohydrazide\/#primaryimage"},"thumbnailUrl":"https:\/\/vcycletech.com\/wp-content\/uploads\/2023\/03\/\u672a\u547d\u540d\u7684\u8bbe\u8ba1-2-6.png","datePublished":"2023-03-21T09:03:31+00:00","dateModified":"2023-03-21T09:12:51+00:00","description":"Carbohidrazida \u00e9 um composto org\u00e2nico que pode ser usado como desoxidante em caldeiras e outras aplica\u00e7\u00f5es industriais. Tamb\u00e9m tem utilidade em testes m\u00e9dicos, que podem ser usados para detectar a presen\u00e7a de certas subst\u00e2ncias.","breadcrumb":{"@id":"https:\/\/vcycletech.com\/product\/carbohydrazide\/#breadcrumb"},"inLanguage":"pt-PT","potentialAction":[{"@type":"ReadAction","target":["https:\/\/vcycletech.com\/product\/carbohydrazide\/"]}]},{"@type":"ImageObject","inLanguage":"pt-PT","@id":"https:\/\/vcycletech.com\/product\/carbohydrazide\/#primaryimage","url":"https:\/\/vcycletech.com\/wp-content\/uploads\/2023\/03\/\u672a\u547d\u540d\u7684\u8bbe\u8ba1-2-6.png","contentUrl":"https:\/\/vcycletech.com\/wp-content\/uploads\/2023\/03\/\u672a\u547d\u540d\u7684\u8bbe\u8ba1-2-6.png","width":600,"height":600,"caption":"Carbohydrazide"},{"@type":"BreadcrumbList","@id":"https:\/\/vcycletech.com\/product\/carbohydrazide\/#breadcrumb","itemListElement":[{"@type":"ListItem","position":1,"name":"Home","item":"https:\/\/vcycletech.com\/"},{"@type":"ListItem","position":2,"name":"Water Treatment Chemicals Manufacturer","item":"https:\/\/vcycletech.com\/water-treatment-chemicals-manufacturer\/"},{"@type":"ListItem","position":3,"name":"Carbohydrazide"}]},{"@type":"WebSite","@id":"https:\/\/vcycletech.com\/#website","url":"https:\/\/vcycletech.com\/","name":"vcycletech","description":"China&#039;principal fornecedor de produtos qu\u00edmicos para tratamento de \u00e1gua","publisher":{"@id":"https:\/\/vcycletech.com\/#organization"},"potentialAction":[{"@type":"SearchAction","target":{"@type":"EntryPoint","urlTemplate":"https:\/\/vcycletech.com\/?s={search_term_string}"},"query-input":{"@type":"PropertyValueSpecification","valueRequired":true,"valueName":"search_term_string"}}],"inLanguage":"pt-PT"},{"@type":"Organization","@id":"https:\/\/vcycletech.com\/#organization","name":"vcycletech","url":"https:\/\/vcycletech.com\/","logo":{"@type":"ImageObject","inLanguage":"pt-PT","@id":"https:\/\/vcycletech.com\/#\/schema\/logo\/image\/","url":"https:\/\/vcycletech.com\/wp-content\/uploads\/2023\/03\/logo-vcycletech-1.png","contentUrl":"https:\/\/vcycletech.com\/wp-content\/uploads\/2023\/03\/logo-vcycletech-1.png","width":600,"height":400,"caption":"vcycletech"},"image":{"@id":"https:\/\/vcycletech.com\/#\/schema\/logo\/image\/"}}]}},"_links":{"self":[{"href":"https:\/\/vcycletech.com\/pt\/wp-json\/wp\/v2\/product\/1171","targetHints":{"allow":["GET"]}}],"collection":[{"href":"https:\/\/vcycletech.com\/pt\/wp-json\/wp\/v2\/product"}],"about":[{"href":"https:\/\/vcycletech.com\/pt\/wp-json\/wp\/v2\/types\/product"}],"wp:featuredmedia":[{"embeddable":true,"href":"https:\/\/vcycletech.com\/pt\/wp-json\/wp\/v2\/media\/1187"}],"wp:attachment":[{"href":"https:\/\/vcycletech.com\/pt\/wp-json\/wp\/v2\/media?parent=1171"}],"wp:term":[{"taxonomy":"product_brand","embeddable":true,"href":"https:\/\/vcycletech.com\/pt\/wp-json\/wp\/v2\/product_brand?post=1171"},{"taxonomy":"product_cat","embeddable":true,"href":"https:\/\/vcycletech.com\/pt\/wp-json\/wp\/v2\/product_cat?post=1171"},{"taxonomy":"product_tag","embeddable":true,"href":"https:\/\/vcycletech.com\/pt\/wp-json\/wp\/v2\/product_tag?post=1171"}],"curies":[{"name":"wp","href":"https:\/\/api.w.org\/{rel}","templated":true}]}}