{"id":1162,"date":"2023-03-21T08:33:07","date_gmt":"2023-03-21T08:33:07","guid":{"rendered":"https:\/\/vcycletech.com\/?post_type=product&#038;p=1162"},"modified":"2023-03-27T06:12:28","modified_gmt":"2023-03-27T06:12:28","slug":"wt-409-sludge-stripper","status":"publish","type":"product","link":"https:\/\/vcycletech.com\/pt\/produtos\/wt-409-sludge-stripper\/","title":{"rendered":"Decapante de Lodo WT-409"},"content":{"rendered":"<h3 id=\"introduction_2\" class=\"xsj_heading_hash xsj_heading xsj_heading_h2\" data-source-line=\"6\" data-source-line-display=\"true\"><span class=\"xsj_heading_content\">Introdu\u00e7\u00e3o:<\/span><\/h3>\n<p class=\"xsj_paragraph xsj_paragraph_level_0\" data-source-line=\"8\" data-source-line-display=\"true\"><strong>Decapante de Lodo WT-409<\/strong> \u00e9 uma solu\u00e7\u00e3o de limpeza poderosa e eficiente. Ele cont\u00e9m um surfactante cati\u00f4nico, agente penetrante e dispersante para desinfetar, remover lodo e descalcificar todas as superf\u00edcies de forma eficaz. Este produto tem uma ampla gama de aplica\u00e7\u00f5es devido \u00e0 sua a\u00e7\u00e3o n\u00e3o corrosiva em diferentes n\u00edveis de dureza da \u00e1gua e sua seguran\u00e7a em torno de pl\u00e1sticos, entulhos e superf\u00edcies met\u00e1licas. Seus resultados de a\u00e7\u00e3o r\u00e1pida o tornam a escolha perfeita para lidar com \u00e1reas de f\u00e1cil acesso e ac\u00famulos profundos sem danificar os componentes existentes.<\/p>\n<div class=\"xiaoshujiang_element xsj_anchor\"><a class=\"blank_anchor_name\" name=\"features_3\"><\/a><a id=\"features_3\" class=\"blank_anchor_id\"><\/a><a class=\"blank_anchor_name\" name=\"features\"><\/a><a id=\"features\" class=\"blank_anchor_id\"><\/a><\/div>\n<h3 id=\"features_3\" class=\"xsj_heading_hash xsj_heading xsj_heading_h2\" data-source-line=\"10\" data-source-line-display=\"true\"><span class=\"xsj_heading_content\">Caracter\u00edsticas:<\/span><\/h3>\n<p class=\"xsj_paragraph xsj_paragraph_level_0\" data-source-line=\"12\" data-source-line-display=\"true\">\u2022 Cont\u00e9m tensoativos cati\u00f4nicos, agentes penetrantes e dispersantes para desinfec\u00e7\u00e3o e descalcifica\u00e7\u00e3o eficazes<br \/>\n\u2022 A\u00e7\u00e3o n\u00e3o corrosiva dentro de v\u00e1rios n\u00edveis de dureza da \u00e1gua<br \/>\n\u2022 Seguro em torno de pl\u00e1sticos, entulho e superf\u00edcies met\u00e1licas<br \/>\n\u2022 Resultados de a\u00e7\u00e3o r\u00e1pida sem danos aos componentes existentes<br \/>\n\u2022 Ampla gama de aplica\u00e7\u00f5es, desde sistemas de circula\u00e7\u00e3o de \u00e1gua at\u00e9 prote\u00e7\u00e3o antiferrugem na fabrica\u00e7\u00e3o de papel<\/p>\n<div class=\"xiaoshujiang_element xsj_anchor\"><a class=\"blank_anchor_name\" name=\"applications_4\"><\/a><a id=\"applications_4\" class=\"blank_anchor_id\"><\/a><a class=\"blank_anchor_name\" name=\"applications\"><\/a><a id=\"applications\" class=\"blank_anchor_id\"><\/a><\/div>\n<h3 id=\"applications_4\" class=\"xsj_heading_hash xsj_heading xsj_heading_h2\" data-source-line=\"18\" data-source-line-display=\"true\"><span class=\"xsj_heading_content\">Formul\u00e1rios:<\/span><\/h3>\n<p class=\"xsj_paragraph xsj_paragraph_level_0\" data-source-line=\"20\" data-source-line-display=\"true\"><strong>Decapante de Lodo WT-409<\/strong> pode ser usado para v\u00e1rias finalidades, como remover o ac\u00famulo em sistemas de circula\u00e7\u00e3o de \u00e1gua ou livrar equipamentos industriais de ferrugem e incrusta\u00e7\u00f5es. Ele funciona com qualquer varia\u00e7\u00e3o dos n\u00edveis de dureza da \u00e1gua, tornando-o a escolha ideal para todos os tipos de neg\u00f3cios, desde f\u00e1bricas at\u00e9 hot\u00e9is. Este produto tamb\u00e9m pode ser utilizado na prote\u00e7\u00e3o antiferrugem para papelaria, aumentando ainda mais o seu escopo de servi\u00e7o!<\/p>\n<h3>Especifica\u00e7\u00e3o:<\/h3>\n<div>\n<table>\n<tbody>\n<tr>\n<td width=\"204\">Unid<\/td>\n<td width=\"315\">\u00cdndice<\/td>\n<\/tr>\n<tr>\n<td width=\"204\">Apar\u00eancia<\/td>\n<td width=\"315\">L\u00edquido incolor, ligeiramente turvo<\/td>\n<\/tr>\n<tr>\n<td width=\"204\">Conte\u00fado ativo, %<\/td>\n<td width=\"315\">30,0 min<\/td>\n<\/tr>\n<tr>\n<td width=\"204\">pH (como ele)<\/td>\n<td width=\"315\">6.0-8.0<\/td>\n<\/tr>\n<\/tbody>\n<\/table>\n<\/div>\n<div class=\"xiaoshujiang_element xsj_anchor\"><a class=\"blank_anchor_name\" name=\"faqs_5\"><\/a><a id=\"faqs_5\" class=\"blank_anchor_id\"><\/a><a class=\"blank_anchor_name\" name=\"faqs\"><\/a><a id=\"faqs\" class=\"blank_anchor_id\"><\/a><\/div>\n<h3 id=\"faqs_5\" class=\"xsj_heading_hash xsj_heading xsj_heading_h2\" data-source-line=\"22\" data-source-line-display=\"true\"><span class=\"xsj_heading_content\">Perguntas frequentes:<\/span><\/h3>\n<div class=\"xiaoshujiang_element xsj_anchor\"><a class=\"blank_anchor_name\" name=\"120how20does20wt-40920sludge20stripper20work_6\"><\/a><a id=\"120how20does20wt-40920sludge20stripper20work_6\" class=\"blank_anchor_id\"><\/a><a class=\"blank_anchor_name\" name=\"1-how-does-wt-409-sludge-stripper-work\"><\/a><a id=\"1-how-does-wt-409-sludge-stripper-work\" class=\"blank_anchor_id\"><\/a><\/div>\n<p id=\"120how20does20wt-40920sludge20stripper20work_6\" class=\"xsj_heading_hash xsj_heading xsj_heading_h3\" data-source-line=\"24\" data-source-line-display=\"true\"><strong><span class=\"xsj_heading_content\">Q1: Como funciona o WT-409 Sludge Stripper?<\/span><\/strong><\/p>\n<p class=\"xsj_paragraph xsj_paragraph_level_0\" data-source-line=\"26\" data-source-line-display=\"true\">WT-409 Sludge Stripper \u00e9 composto de surfactante cati\u00f4nico, agente penetrante e dispersante que efetivamente suaviza a incrusta\u00e7\u00e3o em superf\u00edcies met\u00e1licas enquanto \u00e9 seguro em torno de pl\u00e1sticos e entulho, al\u00e9m de execu\u00e7\u00e3o n\u00e3o corrosiva dentro de qualquer varia\u00e7\u00e3o dos n\u00edveis de dureza da \u00e1gua - tornando-o a escolha perfeita ao lidar com -para alcan\u00e7ar \u00e1reas ou ac\u00famulos profundos sem danificar os componentes existentes!<\/p>\n<div class=\"xiaoshujiang_element xsj_anchor\"><a class=\"blank_anchor_name\" name=\"220what20are20the20applications20of20wt2040920sludge20stripper_7\"><\/a><a id=\"220what20are20the20applications20of20wt2040920sludge20stripper_7\" class=\"blank_anchor_id\"><\/a><a class=\"blank_anchor_name\" name=\"2-what-are-the-applications-of-wt-409-sludge-stripper\"><\/a><a id=\"2-what-are-the-applications-of-wt-409-sludge-stripper\" class=\"blank_anchor_id\"><\/a><\/div>\n<p id=\"220what20are20the20applications20of20wt2040920sludge20stripper_7\" class=\"xsj_heading_hash xsj_heading xsj_heading_h3\" data-source-line=\"28\" data-source-line-display=\"true\"><strong><span class=\"xsj_heading_content\">Q2: Quais s\u00e3o as aplica\u00e7\u00f5es do WT-409 Sludge Stripper?<\/span><\/strong><\/p>\n<p class=\"xsj_heading_hash xsj_heading xsj_heading_h3\" data-source-line=\"28\" data-source-line-display=\"true\">Devido \u00e0 sua baixa toxicidade com resultados de a\u00e7\u00e3o r\u00e1pida, este produto devido \u00e0 sua baixa toxicidade com resultados de a\u00e7\u00e3o r\u00e1pida em uma ampla gama de aplica\u00e7\u00f5es, desde sistemas de circula\u00e7\u00e3o de \u00e1gua at\u00e9 prote\u00e7\u00e3o antiferrugem na fabrica\u00e7\u00e3o de papel<span style=\"font-size: 24px;\">.<\/span><\/p>\n<div class=\"xiaoshujiang_element xsj_anchor\"><a class=\"blank_anchor_name\" name=\"420does20this20product20work20with20varying20degrees20of20water20hardness_9\"><\/a><a id=\"420does20this20product20work20with20varying20degrees20of20water20hardness_9\" class=\"blank_anchor_id\"><\/a><a class=\"blank_anchor_name\" name=\"4-does-this-product-work-with-varying-degrees-of-water-hardness\"><\/a><a id=\"4-does-this-product-work-with-varying-degrees-of-water-hardness\" class=\"blank_anchor_id\"><\/a><\/div>\n<p id=\"420does20this20product20work20with20varying20degrees20of20water20hardness_9\" class=\"xsj_heading_hash xsj_heading xsj_heading_h3\" data-source-line=\"36\" data-source-line-display=\"true\"><strong><span class=\"xsj_heading_content\">Q3: Este produto funciona com diferentes graus de dureza da \u00e1gua?<\/span><\/strong><\/p>\n<p class=\"xsj_paragraph xsj_paragraph_level_0\" data-source-line=\"38\" data-source-line-display=\"true\">Sim, WT 409 Sludge Stripper funciona com qualquer grau de dureza da \u00e1gua devido \u00e0 sua natureza n\u00e3o corrosiva.<\/p>\n<p class=\"xiaoshujiang_element xsj_anchor\"><a class=\"blank_anchor_name\" name=\"520what20type20of20results20should20i20expect20after20using20this20product_10\"><\/a><a id=\"520what20type20of20results20should20i20expect20after20using20this20product_10\" class=\"blank_anchor_id\"><\/a><strong><a class=\"blank_anchor_name\" name=\"5-what-type-of-results-should-i-expect-after-using-this-product\"><\/a><a id=\"5-what-type-of-results-should-i-expect-after-using-this-product\" class=\"blank_anchor_id\"><\/a><\/strong><\/p>\n<p id=\"520what20type20of20results20should20i20expect20after20using20this20product_10\" class=\"xsj_heading_hash xsj_heading xsj_heading_h3\" data-source-line=\"40\" data-source-line-display=\"true\"><strong><span class=\"xsj_heading_content\">Q4: Que tipo de resultados devo esperar depois de usar este produto?<\/span><\/strong><\/p>\n<p class=\"xsj_paragraph xsj_paragraph_level_0\" data-source-line=\"42\" data-source-line-display=\"true\">Voc\u00ea pode esperar resultados de a\u00e7\u00e3o r\u00e1pida sem danos aos componentes existentes, como metais, pl\u00e1stico ou materiais de borracha ap\u00f3s usar o WT 409 Sludge Stripper!<\/p>\n<p class=\"xsj_paragraph xsj_paragraph_level_0\" data-source-line=\"45\" data-source-line-display=\"true\"><a class=\"xsj_link xsj_manu_link\" href=\"https:\/\/vcycletech.com\/pt\/biocida-e-algicida\/\">Obtenha a solu\u00e7\u00e3o completa de biocida e algicida<\/a>.<\/p>","protected":false},"excerpt":{"rendered":"<p>Procurando por um removedor de lodo de n\u00edvel industrial? N\u00e3o procure mais do que vcycletech`s <strong>Decapante de Lodo WT-409<\/strong>! Este produto \u00e9 composto por um surfactante cati\u00f4nico, agente penetrante e dispersante, tornando-o perfeito para desinfec\u00e7\u00e3o, remo\u00e7\u00e3o de lodo e descalcifica\u00e7\u00e3o. \u00c9 n\u00e3o corrosivo e seguro em torno de pl\u00e1sticos e entulhos, tornando-o ideal para uso em sistemas de circula\u00e7\u00e3o de \u00e1gua, bem como prote\u00e7\u00e3o antiferrugem na fabrica\u00e7\u00e3o de papel. Com resultados de a\u00e7\u00e3o r\u00e1pida e uma ampla gama de aplica\u00e7\u00f5es, este produto \u00e9 obrigat\u00f3rio para qualquer empresa que queira lidar com ac\u00famulos dif\u00edceis!<\/p>","protected":false},"featured_media":1169,"template":"","meta":{"site-sidebar-layout":"default","site-content-layout":"default","ast-site-content-layout":"default","site-content-style":"default","site-sidebar-style":"default","ast-global-header-display":"","ast-banner-title-visibility":"","ast-main-header-display":"","ast-hfb-above-header-display":"","ast-hfb-below-header-display":"","ast-hfb-mobile-header-display":"","site-post-title":"","ast-breadcrumbs-content":"","ast-featured-img":"","footer-sml-layout":"","ast-disable-related-posts":"","theme-transparent-header-meta":"default","adv-header-id-meta":"","stick-header-meta":"default","header-above-stick-meta":"","header-main-stick-meta":"","header-below-stick-meta":"","astra-migrate-meta-layouts":"default","ast-page-background-enabled":"default","ast-page-background-meta":{"desktop":{"background-color":"","background-image":"","background-repeat":"repeat","background-position":"center center","background-size":"auto","background-attachment":"scroll","background-type":"","background-media":"","overlay-type":"","overlay-color":"","overlay-opacity":"","overlay-gradient":""},"tablet":{"background-color":"","background-image":"","background-repeat":"repeat","background-position":"center center","background-size":"auto","background-attachment":"scroll","background-type":"","background-media":"","overlay-type":"","overlay-color":"","overlay-opacity":"","overlay-gradient":""},"mobile":{"background-color":"","background-image":"","background-repeat":"repeat","background-position":"center center","background-size":"auto","background-attachment":"scroll","background-type":"","background-media":"","overlay-type":"","overlay-color":"","overlay-opacity":"","overlay-gradient":""}},"ast-content-background-meta":{"desktop":{"background-color":"var(--ast-global-color-5)","background-image":"","background-repeat":"repeat","background-position":"center center","background-size":"auto","background-attachment":"scroll","background-type":"","background-media":"","overlay-type":"","overlay-color":"","overlay-opacity":"","overlay-gradient":""},"tablet":{"background-color":"var(--ast-global-color-5)","background-image":"","background-repeat":"repeat","background-position":"center center","background-size":"auto","background-attachment":"scroll","background-type":"","background-media":"","overlay-type":"","overlay-color":"","overlay-opacity":"","overlay-gradient":""},"mobile":{"background-color":"var(--ast-global-color-5)","background-image":"","background-repeat":"repeat","background-position":"center center","background-size":"auto","background-attachment":"scroll","background-type":"","background-media":"","overlay-type":"","overlay-color":"","overlay-opacity":"","overlay-gradient":""}}},"product_brand":[],"product_cat":[29],"product_tag":[],"class_list":{"0":"post-1162","1":"product","2":"type-product","3":"status-publish","4":"has-post-thumbnail","6":"product_cat-biocide-and-algicide","7":"desktop-align-left","8":"tablet-align-left","9":"mobile-align-left","10":"ast-product-gallery-layout-horizontal-slider","11":"ast-product-gallery-with-no-image","12":"ast-product-tabs-layout-horizontal","14":"first","15":"instock","16":"shipping-taxable","17":"product-type-simple"},"yoast_head":"<!-- This site is optimized with the Yoast SEO Premium plugin v26.3 (Yoast SEO v27.3) - https:\/\/yoast.com\/product\/yoast-seo-premium-wordpress\/ -->\n<title>WT-409 Sludge Stripper - vcycletech<\/title>\n<meta name=\"description\" content=\"Keep your surfaces clean with WT-409 Sludge Stripper, the advanced cleaning solution composed of cationic surfactant, penetrating agent and dispersant. Experience effective disinfection and sludge stripping - try WT-409 today!\" \/>\n<meta name=\"robots\" content=\"index, follow, max-snippet:-1, max-image-preview:large, max-video-preview:-1\" \/>\n<link rel=\"canonical\" href=\"https:\/\/vcycletech.com\/pt\/produtos\/wt-409-sludge-stripper\/\" \/>\n<meta property=\"og:locale\" content=\"pt_PT\" \/>\n<meta property=\"og:type\" content=\"article\" \/>\n<meta property=\"og:title\" content=\"WT-409 Sludge Stripper\" \/>\n<meta property=\"og:description\" content=\"Keep your surfaces clean with WT-409 Sludge Stripper, the advanced cleaning solution composed of cationic surfactant, penetrating agent and dispersant. Experience effective disinfection and sludge stripping - try WT-409 today!\" \/>\n<meta property=\"og:url\" content=\"https:\/\/vcycletech.com\/pt\/produtos\/wt-409-sludge-stripper\/\" \/>\n<meta property=\"og:site_name\" content=\"vcycletech\" \/>\n<meta property=\"article:modified_time\" content=\"2023-03-27T06:12:28+00:00\" \/>\n<meta property=\"og:image\" content=\"https:\/\/vcycletech.com\/wp-content\/uploads\/2023\/03\/DBNPA-4-e1679628598182.png\" \/>\n\t<meta property=\"og:image:width\" content=\"600\" \/>\n\t<meta property=\"og:image:height\" content=\"600\" \/>\n\t<meta property=\"og:image:type\" content=\"image\/png\" \/>\n<meta name=\"twitter:card\" content=\"summary_large_image\" \/>\n<meta name=\"twitter:label1\" content=\"Tempo estimado de leitura\" \/>\n\t<meta name=\"twitter:data1\" content=\"2 minutos\" \/>\n<script type=\"application\/ld+json\" class=\"yoast-schema-graph\">{\"@context\":\"https:\\\/\\\/schema.org\",\"@graph\":[{\"@type\":\"WebPage\",\"@id\":\"https:\\\/\\\/vcycletech.com\\\/product\\\/wt-409-sludge-stripper\\\/\",\"url\":\"https:\\\/\\\/vcycletech.com\\\/product\\\/wt-409-sludge-stripper\\\/\",\"name\":\"WT-409 Sludge Stripper - vcycletech\",\"isPartOf\":{\"@id\":\"https:\\\/\\\/vcycletech.com\\\/#website\"},\"primaryImageOfPage\":{\"@id\":\"https:\\\/\\\/vcycletech.com\\\/product\\\/wt-409-sludge-stripper\\\/#primaryimage\"},\"image\":{\"@id\":\"https:\\\/\\\/vcycletech.com\\\/product\\\/wt-409-sludge-stripper\\\/#primaryimage\"},\"thumbnailUrl\":\"https:\\\/\\\/vcycletech.com\\\/wp-content\\\/uploads\\\/2023\\\/03\\\/DBNPA-4-e1679628598182.png\",\"datePublished\":\"2023-03-21T08:33:07+00:00\",\"dateModified\":\"2023-03-27T06:12:28+00:00\",\"description\":\"Keep your surfaces clean with WT-409 Sludge Stripper, the advanced cleaning solution composed of cationic surfactant, penetrating agent and dispersant. Experience effective disinfection and sludge stripping - try WT-409 today!\",\"breadcrumb\":{\"@id\":\"https:\\\/\\\/vcycletech.com\\\/product\\\/wt-409-sludge-stripper\\\/#breadcrumb\"},\"inLanguage\":\"pt-PT\",\"potentialAction\":[{\"@type\":\"ReadAction\",\"target\":[\"https:\\\/\\\/vcycletech.com\\\/product\\\/wt-409-sludge-stripper\\\/\"]}]},{\"@type\":\"ImageObject\",\"inLanguage\":\"pt-PT\",\"@id\":\"https:\\\/\\\/vcycletech.com\\\/product\\\/wt-409-sludge-stripper\\\/#primaryimage\",\"url\":\"https:\\\/\\\/vcycletech.com\\\/wp-content\\\/uploads\\\/2023\\\/03\\\/DBNPA-4-e1679628598182.png\",\"contentUrl\":\"https:\\\/\\\/vcycletech.com\\\/wp-content\\\/uploads\\\/2023\\\/03\\\/DBNPA-4-e1679628598182.png\",\"width\":600,\"height\":600,\"caption\":\"WT-409 Sludge Stripper\"},{\"@type\":\"BreadcrumbList\",\"@id\":\"https:\\\/\\\/vcycletech.com\\\/product\\\/wt-409-sludge-stripper\\\/#breadcrumb\",\"itemListElement\":[{\"@type\":\"ListItem\",\"position\":1,\"name\":\"Home\",\"item\":\"https:\\\/\\\/vcycletech.com\\\/\"},{\"@type\":\"ListItem\",\"position\":2,\"name\":\"Water Treatment Chemicals Manufacturer\",\"item\":\"https:\\\/\\\/vcycletech.com\\\/water-treatment-chemicals-manufacturer\\\/\"},{\"@type\":\"ListItem\",\"position\":3,\"name\":\"WT-409 Sludge Stripper\"}]},{\"@type\":\"WebSite\",\"@id\":\"https:\\\/\\\/vcycletech.com\\\/#website\",\"url\":\"https:\\\/\\\/vcycletech.com\\\/\",\"name\":\"vcycletech\",\"description\":\"China&#039;s top water treatment chemicals supplier\",\"publisher\":{\"@id\":\"https:\\\/\\\/vcycletech.com\\\/#organization\"},\"potentialAction\":[{\"@type\":\"SearchAction\",\"target\":{\"@type\":\"EntryPoint\",\"urlTemplate\":\"https:\\\/\\\/vcycletech.com\\\/?s={search_term_string}\"},\"query-input\":{\"@type\":\"PropertyValueSpecification\",\"valueRequired\":true,\"valueName\":\"search_term_string\"}}],\"inLanguage\":\"pt-PT\"},{\"@type\":\"Organization\",\"@id\":\"https:\\\/\\\/vcycletech.com\\\/#organization\",\"name\":\"vcycletech\",\"url\":\"https:\\\/\\\/vcycletech.com\\\/\",\"logo\":{\"@type\":\"ImageObject\",\"inLanguage\":\"pt-PT\",\"@id\":\"https:\\\/\\\/vcycletech.com\\\/#\\\/schema\\\/logo\\\/image\\\/\",\"url\":\"https:\\\/\\\/vcycletech.com\\\/wp-content\\\/uploads\\\/2023\\\/03\\\/logo-vcycletech-1.png\",\"contentUrl\":\"https:\\\/\\\/vcycletech.com\\\/wp-content\\\/uploads\\\/2023\\\/03\\\/logo-vcycletech-1.png\",\"width\":600,\"height\":400,\"caption\":\"vcycletech\"},\"image\":{\"@id\":\"https:\\\/\\\/vcycletech.com\\\/#\\\/schema\\\/logo\\\/image\\\/\"}}]}<\/script>\n<!-- \/ Yoast SEO Premium plugin. -->","yoast_head_json":{"title":"Decapante de lodo WT-409 - vcycletech","description":"Mantenha suas superf\u00edcies limpas com WT-409 Sludge Stripper, a solu\u00e7\u00e3o de limpeza avan\u00e7ada composta de surfactante cati\u00f4nico, agente penetrante e dispersante. Experimente uma desinfec\u00e7\u00e3o eficaz e remo\u00e7\u00e3o de lodo - experimente o WT-409 hoje!","robots":{"index":"index","follow":"follow","max-snippet":"max-snippet:-1","max-image-preview":"max-image-preview:large","max-video-preview":"max-video-preview:-1"},"canonical":"https:\/\/vcycletech.com\/pt\/produtos\/wt-409-sludge-stripper\/","og_locale":"pt_PT","og_type":"article","og_title":"WT-409 Sludge Stripper","og_description":"Keep your surfaces clean with WT-409 Sludge Stripper, the advanced cleaning solution composed of cationic surfactant, penetrating agent and dispersant. Experience effective disinfection and sludge stripping - try WT-409 today!","og_url":"https:\/\/vcycletech.com\/pt\/produtos\/wt-409-sludge-stripper\/","og_site_name":"vcycletech","article_modified_time":"2023-03-27T06:12:28+00:00","og_image":[{"width":600,"height":600,"url":"https:\/\/vcycletech.com\/wp-content\/uploads\/2023\/03\/DBNPA-4-e1679628598182.png","type":"image\/png"}],"twitter_card":"summary_large_image","twitter_misc":{"Tempo estimado de leitura":"2 minutos"},"schema":{"@context":"https:\/\/schema.org","@graph":[{"@type":"WebPage","@id":"https:\/\/vcycletech.com\/product\/wt-409-sludge-stripper\/","url":"https:\/\/vcycletech.com\/product\/wt-409-sludge-stripper\/","name":"Decapante de lodo WT-409 - vcycletech","isPartOf":{"@id":"https:\/\/vcycletech.com\/#website"},"primaryImageOfPage":{"@id":"https:\/\/vcycletech.com\/product\/wt-409-sludge-stripper\/#primaryimage"},"image":{"@id":"https:\/\/vcycletech.com\/product\/wt-409-sludge-stripper\/#primaryimage"},"thumbnailUrl":"https:\/\/vcycletech.com\/wp-content\/uploads\/2023\/03\/DBNPA-4-e1679628598182.png","datePublished":"2023-03-21T08:33:07+00:00","dateModified":"2023-03-27T06:12:28+00:00","description":"Mantenha suas superf\u00edcies limpas com WT-409 Sludge Stripper, a solu\u00e7\u00e3o de limpeza avan\u00e7ada composta de surfactante cati\u00f4nico, agente penetrante e dispersante. Experimente uma desinfec\u00e7\u00e3o eficaz e remo\u00e7\u00e3o de lodo - experimente o WT-409 hoje!","breadcrumb":{"@id":"https:\/\/vcycletech.com\/product\/wt-409-sludge-stripper\/#breadcrumb"},"inLanguage":"pt-PT","potentialAction":[{"@type":"ReadAction","target":["https:\/\/vcycletech.com\/product\/wt-409-sludge-stripper\/"]}]},{"@type":"ImageObject","inLanguage":"pt-PT","@id":"https:\/\/vcycletech.com\/product\/wt-409-sludge-stripper\/#primaryimage","url":"https:\/\/vcycletech.com\/wp-content\/uploads\/2023\/03\/DBNPA-4-e1679628598182.png","contentUrl":"https:\/\/vcycletech.com\/wp-content\/uploads\/2023\/03\/DBNPA-4-e1679628598182.png","width":600,"height":600,"caption":"WT-409 Sludge Stripper"},{"@type":"BreadcrumbList","@id":"https:\/\/vcycletech.com\/product\/wt-409-sludge-stripper\/#breadcrumb","itemListElement":[{"@type":"ListItem","position":1,"name":"Home","item":"https:\/\/vcycletech.com\/"},{"@type":"ListItem","position":2,"name":"Water Treatment Chemicals Manufacturer","item":"https:\/\/vcycletech.com\/water-treatment-chemicals-manufacturer\/"},{"@type":"ListItem","position":3,"name":"WT-409 Sludge Stripper"}]},{"@type":"WebSite","@id":"https:\/\/vcycletech.com\/#website","url":"https:\/\/vcycletech.com\/","name":"vcycletech","description":"China&#039;principal fornecedor de produtos qu\u00edmicos para tratamento de \u00e1gua","publisher":{"@id":"https:\/\/vcycletech.com\/#organization"},"potentialAction":[{"@type":"SearchAction","target":{"@type":"EntryPoint","urlTemplate":"https:\/\/vcycletech.com\/?s={search_term_string}"},"query-input":{"@type":"PropertyValueSpecification","valueRequired":true,"valueName":"search_term_string"}}],"inLanguage":"pt-PT"},{"@type":"Organization","@id":"https:\/\/vcycletech.com\/#organization","name":"vcycletech","url":"https:\/\/vcycletech.com\/","logo":{"@type":"ImageObject","inLanguage":"pt-PT","@id":"https:\/\/vcycletech.com\/#\/schema\/logo\/image\/","url":"https:\/\/vcycletech.com\/wp-content\/uploads\/2023\/03\/logo-vcycletech-1.png","contentUrl":"https:\/\/vcycletech.com\/wp-content\/uploads\/2023\/03\/logo-vcycletech-1.png","width":600,"height":400,"caption":"vcycletech"},"image":{"@id":"https:\/\/vcycletech.com\/#\/schema\/logo\/image\/"}}]}},"_links":{"self":[{"href":"https:\/\/vcycletech.com\/pt\/wp-json\/wp\/v2\/product\/1162","targetHints":{"allow":["GET"]}}],"collection":[{"href":"https:\/\/vcycletech.com\/pt\/wp-json\/wp\/v2\/product"}],"about":[{"href":"https:\/\/vcycletech.com\/pt\/wp-json\/wp\/v2\/types\/product"}],"wp:featuredmedia":[{"embeddable":true,"href":"https:\/\/vcycletech.com\/pt\/wp-json\/wp\/v2\/media\/1169"}],"wp:attachment":[{"href":"https:\/\/vcycletech.com\/pt\/wp-json\/wp\/v2\/media?parent=1162"}],"wp:term":[{"taxonomy":"product_brand","embeddable":true,"href":"https:\/\/vcycletech.com\/pt\/wp-json\/wp\/v2\/product_brand?post=1162"},{"taxonomy":"product_cat","embeddable":true,"href":"https:\/\/vcycletech.com\/pt\/wp-json\/wp\/v2\/product_cat?post=1162"},{"taxonomy":"product_tag","embeddable":true,"href":"https:\/\/vcycletech.com\/pt\/wp-json\/wp\/v2\/product_tag?post=1162"}],"curies":[{"name":"wp","href":"https:\/\/api.w.org\/{rel}","templated":true}]}}