{"id":1157,"date":"2023-03-21T08:50:28","date_gmt":"2023-03-21T08:50:28","guid":{"rendered":"https:\/\/vcycletech.com\/?post_type=product&#038;p=1157"},"modified":"2023-03-21T08:50:29","modified_gmt":"2023-03-21T08:50:29","slug":"acido-fosfino-carboxilico-pca","status":"publish","type":"product","link":"https:\/\/vcycletech.com\/pt\/produtos\/acido-fosfino-carboxilico-pca\/","title":{"rendered":"\u00c1cido Fosfino Carbox\u00edlico (PCA)"},"content":{"rendered":"<h3>N\u00ba CAS 71050-62-9<\/h3>\n<h3>Propriedades do \u00c1cido Fosfino Carbox\u00edlico:<\/h3>\n<p><strong>PCA<\/strong> \u00e9 uma solu\u00e7\u00e3o perfeita para controle de incrusta\u00e7\u00e3o e corros\u00e3o em sistemas de \u00e1gua fria circulante e sistemas de \u00e1gua de reabastecimento de campos petrol\u00edferos. Suas propriedades, como a introdu\u00e7\u00e3o do grupo fosf\u00f4nico no grupo carbox\u00edlico, o tornam uma \u00f3tima op\u00e7\u00e3o para inibi\u00e7\u00e3o de incrusta\u00e7\u00f5es de sulfato de b\u00e1rio, sulfato de estr\u00f4ncio e incrusta\u00e7\u00f5es de s\u00edlica. <strong>PCA<\/strong> tamb\u00e9m \u00e9 conhecido por sua boa propriedade de dispers\u00e3o em termos de carbonato de c\u00e1lcio e fosfato de c\u00e1lcio, tornando-o utiliz\u00e1vel em uma ampla gama de qualidades de \u00e1gua. Al\u00e9m de todos esses benef\u00edcios, <strong>PCA<\/strong> destaca-se pela sua estabilidade qu\u00edmica e forte toler\u00e2ncia ao cloro.<\/p>\n<h3>Especifica\u00e7\u00e3o do \u00c1cido Fosfino Carbox\u00edlico:<\/h3>\n<div id=\"footable_parent_1173\"\n         class=\"footable_parent ninja_table_wrapper loading_ninja_table wp_table_data_press_parent semantic_ui\">\n                <table data-ninja_table_instance=\"ninja_table_instance_0\" data-footable_id=\"1173\" data-filter-delay=\"1000\" aria-label=\"\u00c1cido fosfino-carbox\u00edlico.csv\"            id=\"footable_1173\"\n           data-unique_identifier=\"ninja_table_unique_id_1716607905_1173\"\n           class=\"foo-table ninja_footable foo_table_1173 ninja_table_unique_id_1716607905_1173 ui table  nt_type_legacy_table selectable striped vertical_centered  footable-paging-right ninja_table_pro\">\n                <colgroup>\n                            <col class=\"ninja_column_0\">\n                            <col class=\"ninja_column_1\">\n                    <\/colgroup>\n        <thead>\n<tr class=\"footable-header\">\n                                        <th scope=\"col\"  class=\"ninja_column_0 ninja_clmn_nm_items\">Itens<\/th><th scope=\"col\"  class=\"ninja_column_1 ninja_clmn_nm_index\">\u00cdndice<\/th><\/tr>\n<\/thead>\n<tbody>\n\n        <tr data-row_id=\"257\" class=\"ninja_table_row_0 nt_row_id_257\">\n            <td>Apar\u00eancia<\/td><td>L\u00edquido transparente incolor a amarelo claro<\/td>        <\/tr>\n            <tr data-row_id=\"258\" class=\"ninja_table_row_1 nt_row_id_258\">\n            <td>Conte\u00fado s\u00f3lido, %<\/td><td>50,0 min<\/td>        <\/tr>\n            <tr data-row_id=\"259\" class=\"ninja_table_row_2 nt_row_id_259\">\n            <td>F\u00f3sforo total (como PO43-), %<\/td><td>0,5 min<\/td>        <\/tr>\n            <tr data-row_id=\"260\" class=\"ninja_table_row_3 nt_row_id_260\">\n            <td>Densidade (20 \u2103), g\/cm3<\/td><td>1,20 min<\/td>        <\/tr>\n            <tr data-row_id=\"261\" class=\"ninja_table_row_4 nt_row_id_261\">\n            <td>pH (solu\u00e7\u00e3o de \u00e1gua 1%)<\/td><td>3.0-5.0<\/td>        <\/tr>\n    <\/tbody><!--ninja_tobody_rendering_done-->\n    <\/table>\n    \n    \n    \n<\/div>\n\n<h3>Uso:<\/h3>\n<p>Este produto deve ser usado com precis\u00e3o e exatid\u00e3o para obter os melhores resultados. A dosagem recomendada \u00e9 de 5-20 mg\/L, mas tamb\u00e9m pode ser combinada com organofosfinas, copol\u00edmeros, sais de zinco ou BTA para melhor desempenho.<\/p>\n<h3>Pacote e armazenamento:<\/h3>\n<p>\u00c9 fornecido em tambores pl\u00e1sticos de 200L, IBCs (1000L), ou conforme a necessidade do cliente. Quando armazenado adequadamente em local fresco e seco, o prazo de validade deste produto \u00e9 de 10 meses.<\/p>\n<h3>perguntas frequentes<\/h3>\n<p><img fetchpriority=\"high\" decoding=\"async\" class=\"alignnone size-full wp-image-1179\" src=\"https:\/\/vcycletech.com\/wp-content\/uploads\/2023\/03\/Phosphino-Carboxylic-AcidPCA-1.png\" alt=\"\u00c1cido Fosfino Carbox\u00edlico (PCA) -1\" width=\"600\" height=\"400\" srcset=\"https:\/\/vcycletech.com\/wp-content\/uploads\/2023\/03\/Phosphino-Carboxylic-AcidPCA-1.png 600w, https:\/\/vcycletech.com\/wp-content\/uploads\/2023\/03\/Phosphino-Carboxylic-AcidPCA-1-300x200.png 300w\" sizes=\"(max-width: 600px) 100vw, 600px\" \/><\/p>\n<h4>O que \u00e9 \u00c1cido Fosfino Carbox\u00edlico?<\/h4>\n<p>O \u00e1cido fosfinocarbox\u00edlico (PCA) \u00e9 um composto org\u00e2nico utilizado como precursor na s\u00edntese de \u00e1cidos fosf\u00ednicos e fosfonatos. Tamb\u00e9m \u00e9 usado como inibidor de corros\u00e3o e como agente quelante.<\/p>\n<h4>Quais s\u00e3o as propriedades do \u00e1cido fosfino carbox\u00edlico?<\/h4>\n<p>A f\u00f3rmula qu\u00edmica do \u00e1cido fosfinocarbox\u00edlico \u00e9 C2H5NO2P, e seu peso molecular \u00e9 149,09 g\/mol. \u00c9 um s\u00f3lido branco \u00e0 temperatura ambiente e tem um ponto de fus\u00e3o de 58-59 \u00b0C.<\/p>\n<h4>Como \u00e9 feito o \u00e1cido fosfino carbox\u00edlico?<\/h4>\n<p>O \u00e1cido fosfinocarbox\u00edlico pode ser sintetizado pela rea\u00e7\u00e3o do tricloreto de f\u00f3sforo com hidr\u00f3xido de s\u00f3dio, seguido pela adi\u00e7\u00e3o de anidrido ac\u00e9tico.<\/p>\n<h4>Quais s\u00e3o os usos do \u00e1cido fosfino carbox\u00edlico?<\/h4>\n<p>O \u00e1cido fosfinocarbox\u00edlico \u00e9 usado como precursor na s\u00edntese de \u00e1cidos fosf\u00ednicos e fosfonatos. Tamb\u00e9m \u00e9 usado como inibidor de corros\u00e3o e como agente quelante.<\/p>\n<h4>Quais s\u00e3o os riscos para a sa\u00fade do \u00e1cido fosfino carbox\u00edlico?<\/h4>\n<p>A exposi\u00e7\u00e3o ao \u00e1cido fosfinocarbox\u00edlico pode causar irrita\u00e7\u00e3o na pele, olhos e trato respirat\u00f3rio. A ingest\u00e3o do composto pode causar irrita\u00e7\u00e3o gastrointestinal e v\u00f4mitos. A exposi\u00e7\u00e3o prolongada pode causar danos hep\u00e1ticos e renais.<\/p>","protected":false},"excerpt":{"rendered":"<p><strong>\u00c1cido Fosfino Carbox\u00edlico (PCA<\/strong>) \u00e9 um composto qu\u00edmico org\u00e2nico que combina as caracter\u00edsticas de fosfonatos e poliacrilatos. \u00c9 usado como um equil\u00edbrio especial de produtos qu\u00edmicos de tratamento de \u00e1gua, proporcionando excelente estabilidade t\u00e9rmica e de cloro. <strong>PCA<\/strong> tem boas propriedades de dispers\u00e3o para incrusta\u00e7\u00f5es de carbonato de c\u00e1lcio e fosfato de c\u00e1lcio em sistemas de circula\u00e7\u00e3o de \u00e1gua fria, bem como dispers\u00e3o superior de lodo de \u00e1gua de caldeira em compara\u00e7\u00e3o com poliacrilatos, polimetacrilatos e compostos sulfonados. Al\u00e9m disso, possui boa inibi\u00e7\u00e3o de incrusta\u00e7\u00e3o para sulfato de b\u00e1rio, sulfato de estr\u00f4ncio e incrusta\u00e7\u00e3o de s\u00edlica. O PCA \u00e9 uma escolha eficaz para uma ampla gama de aplica\u00e7\u00f5es de tratamento de \u00e1gua.<\/p>\n<p>&nbsp;<\/p>","protected":false},"featured_media":1175,"template":"","meta":{"site-sidebar-layout":"default","site-content-layout":"default","ast-site-content-layout":"default","site-content-style":"default","site-sidebar-style":"default","ast-global-header-display":"","ast-banner-title-visibility":"","ast-main-header-display":"","ast-hfb-above-header-display":"","ast-hfb-below-header-display":"","ast-hfb-mobile-header-display":"","site-post-title":"","ast-breadcrumbs-content":"","ast-featured-img":"","footer-sml-layout":"","ast-disable-related-posts":"","theme-transparent-header-meta":"default","adv-header-id-meta":"","stick-header-meta":"default","header-above-stick-meta":"","header-main-stick-meta":"","header-below-stick-meta":"","astra-migrate-meta-layouts":"default","ast-page-background-enabled":"default","ast-page-background-meta":{"desktop":{"background-color":"","background-image":"","background-repeat":"repeat","background-position":"center center","background-size":"auto","background-attachment":"scroll","background-type":"","background-media":"","overlay-type":"","overlay-color":"","overlay-opacity":"","overlay-gradient":""},"tablet":{"background-color":"","background-image":"","background-repeat":"repeat","background-position":"center center","background-size":"auto","background-attachment":"scroll","background-type":"","background-media":"","overlay-type":"","overlay-color":"","overlay-opacity":"","overlay-gradient":""},"mobile":{"background-color":"","background-image":"","background-repeat":"repeat","background-position":"center center","background-size":"auto","background-attachment":"scroll","background-type":"","background-media":"","overlay-type":"","overlay-color":"","overlay-opacity":"","overlay-gradient":""}},"ast-content-background-meta":{"desktop":{"background-color":"var(--ast-global-color-5)","background-image":"","background-repeat":"repeat","background-position":"center center","background-size":"auto","background-attachment":"scroll","background-type":"","background-media":"","overlay-type":"","overlay-color":"","overlay-opacity":"","overlay-gradient":""},"tablet":{"background-color":"var(--ast-global-color-5)","background-image":"","background-repeat":"repeat","background-position":"center center","background-size":"auto","background-attachment":"scroll","background-type":"","background-media":"","overlay-type":"","overlay-color":"","overlay-opacity":"","overlay-gradient":""},"mobile":{"background-color":"var(--ast-global-color-5)","background-image":"","background-repeat":"repeat","background-position":"center center","background-size":"auto","background-attachment":"scroll","background-type":"","background-media":"","overlay-type":"","overlay-color":"","overlay-opacity":"","overlay-gradient":""}}},"product_brand":[],"product_cat":[28],"product_tag":[],"class_list":{"0":"post-1157","1":"product","2":"type-product","3":"status-publish","4":"has-post-thumbnail","6":"product_cat-polycarboxylic-antiscalant-and-dispersant","7":"desktop-align-left","8":"tablet-align-left","9":"mobile-align-left","10":"ast-product-gallery-layout-horizontal-slider","11":"ast-product-gallery-with-no-image","12":"ast-product-tabs-layout-horizontal","14":"first","15":"instock","16":"shipping-taxable","17":"product-type-simple"},"yoast_head":"<!-- This site is optimized with the Yoast SEO Premium plugin v26.3 (Yoast SEO v27.5) - https:\/\/yoast.com\/product\/yoast-seo-premium-wordpress\/ -->\n<title>Phosphino Carboxylic Acid(PCA) - vcycletech<\/title>\n<meta name=\"description\" content=\"Get superior boiler water sludge dispersant with Phosphino Carboxylic Acid (PCA). Try Aquapharm&#039;s PCA for excellent thermal &amp; chlorine stability.\" \/>\n<meta name=\"robots\" content=\"index, follow, max-snippet:-1, max-image-preview:large, max-video-preview:-1\" \/>\n<link rel=\"canonical\" href=\"https:\/\/vcycletech.com\/pt\/produtos\/acido-fosfino-carboxilico-pca\/\" \/>\n<meta property=\"og:locale\" content=\"pt_PT\" \/>\n<meta property=\"og:type\" content=\"article\" \/>\n<meta property=\"og:title\" content=\"Phosphino Carboxylic Acid(PCA)\" \/>\n<meta property=\"og:description\" content=\"Get superior boiler water sludge dispersant with Phosphino Carboxylic Acid (PCA). Try Aquapharm&#039;s PCA for excellent thermal &amp; chlorine stability.\" \/>\n<meta property=\"og:url\" content=\"https:\/\/vcycletech.com\/pt\/produtos\/acido-fosfino-carboxilico-pca\/\" \/>\n<meta property=\"og:site_name\" content=\"vcycletech\" \/>\n<meta property=\"article:modified_time\" content=\"2023-03-21T08:50:29+00:00\" \/>\n<meta property=\"og:image\" content=\"https:\/\/vcycletech.com\/wp-content\/uploads\/2023\/03\/Phosphino-Carboxylic-AcidPCA.png\" \/>\n\t<meta property=\"og:image:width\" content=\"600\" \/>\n\t<meta property=\"og:image:height\" content=\"600\" \/>\n\t<meta property=\"og:image:type\" content=\"image\/png\" \/>\n<meta name=\"twitter:card\" content=\"summary_large_image\" \/>\n<meta name=\"twitter:label1\" content=\"Tempo estimado de leitura\" \/>\n\t<meta name=\"twitter:data1\" content=\"2 minutos\" \/>\n<script type=\"application\/ld+json\" class=\"yoast-schema-graph\">{\"@context\":\"https:\\\/\\\/schema.org\",\"@graph\":[{\"@type\":\"WebPage\",\"@id\":\"https:\\\/\\\/vcycletech.com\\\/product\\\/phosphino-carboxylic-acidpca\\\/\",\"url\":\"https:\\\/\\\/vcycletech.com\\\/product\\\/phosphino-carboxylic-acidpca\\\/\",\"name\":\"Phosphino Carboxylic Acid(PCA) - vcycletech\",\"isPartOf\":{\"@id\":\"https:\\\/\\\/vcycletech.com\\\/#website\"},\"primaryImageOfPage\":{\"@id\":\"https:\\\/\\\/vcycletech.com\\\/product\\\/phosphino-carboxylic-acidpca\\\/#primaryimage\"},\"image\":{\"@id\":\"https:\\\/\\\/vcycletech.com\\\/product\\\/phosphino-carboxylic-acidpca\\\/#primaryimage\"},\"thumbnailUrl\":\"https:\\\/\\\/vcycletech.com\\\/wp-content\\\/uploads\\\/2023\\\/03\\\/Phosphino-Carboxylic-AcidPCA.png\",\"datePublished\":\"2023-03-21T08:50:28+00:00\",\"dateModified\":\"2023-03-21T08:50:29+00:00\",\"description\":\"Get superior boiler water sludge dispersant with Phosphino Carboxylic Acid (PCA). Try Aquapharm's PCA for excellent thermal & chlorine stability.\",\"breadcrumb\":{\"@id\":\"https:\\\/\\\/vcycletech.com\\\/product\\\/phosphino-carboxylic-acidpca\\\/#breadcrumb\"},\"inLanguage\":\"pt-PT\",\"potentialAction\":[{\"@type\":\"ReadAction\",\"target\":[\"https:\\\/\\\/vcycletech.com\\\/product\\\/phosphino-carboxylic-acidpca\\\/\"]}]},{\"@type\":\"ImageObject\",\"inLanguage\":\"pt-PT\",\"@id\":\"https:\\\/\\\/vcycletech.com\\\/product\\\/phosphino-carboxylic-acidpca\\\/#primaryimage\",\"url\":\"https:\\\/\\\/vcycletech.com\\\/wp-content\\\/uploads\\\/2023\\\/03\\\/Phosphino-Carboxylic-AcidPCA.png\",\"contentUrl\":\"https:\\\/\\\/vcycletech.com\\\/wp-content\\\/uploads\\\/2023\\\/03\\\/Phosphino-Carboxylic-AcidPCA.png\",\"width\":600,\"height\":600,\"caption\":\"Phosphino Carboxylic Acid(PCA)\"},{\"@type\":\"BreadcrumbList\",\"@id\":\"https:\\\/\\\/vcycletech.com\\\/product\\\/phosphino-carboxylic-acidpca\\\/#breadcrumb\",\"itemListElement\":[{\"@type\":\"ListItem\",\"position\":1,\"name\":\"Home\",\"item\":\"https:\\\/\\\/vcycletech.com\\\/\"},{\"@type\":\"ListItem\",\"position\":2,\"name\":\"Water Treatment Chemicals Manufacturer\",\"item\":\"https:\\\/\\\/vcycletech.com\\\/water-treatment-chemicals-manufacturer\\\/\"},{\"@type\":\"ListItem\",\"position\":3,\"name\":\"Phosphino Carboxylic Acid(PCA)\"}]},{\"@type\":\"WebSite\",\"@id\":\"https:\\\/\\\/vcycletech.com\\\/#website\",\"url\":\"https:\\\/\\\/vcycletech.com\\\/\",\"name\":\"vcycletech\",\"description\":\"China&#039;s top water treatment chemicals supplier\",\"publisher\":{\"@id\":\"https:\\\/\\\/vcycletech.com\\\/#organization\"},\"potentialAction\":[{\"@type\":\"SearchAction\",\"target\":{\"@type\":\"EntryPoint\",\"urlTemplate\":\"https:\\\/\\\/vcycletech.com\\\/?s={search_term_string}\"},\"query-input\":{\"@type\":\"PropertyValueSpecification\",\"valueRequired\":true,\"valueName\":\"search_term_string\"}}],\"inLanguage\":\"pt-PT\"},{\"@type\":\"Organization\",\"@id\":\"https:\\\/\\\/vcycletech.com\\\/#organization\",\"name\":\"vcycletech\",\"url\":\"https:\\\/\\\/vcycletech.com\\\/\",\"logo\":{\"@type\":\"ImageObject\",\"inLanguage\":\"pt-PT\",\"@id\":\"https:\\\/\\\/vcycletech.com\\\/#\\\/schema\\\/logo\\\/image\\\/\",\"url\":\"https:\\\/\\\/vcycletech.com\\\/wp-content\\\/uploads\\\/2023\\\/03\\\/logo-vcycletech-1.png\",\"contentUrl\":\"https:\\\/\\\/vcycletech.com\\\/wp-content\\\/uploads\\\/2023\\\/03\\\/logo-vcycletech-1.png\",\"width\":600,\"height\":400,\"caption\":\"vcycletech\"},\"image\":{\"@id\":\"https:\\\/\\\/vcycletech.com\\\/#\\\/schema\\\/logo\\\/image\\\/\"}}]}<\/script>\n<!-- \/ Yoast SEO Premium plugin. -->","yoast_head_json":{"title":"\u00c1cido Fosfino Carbox\u00edlico (PCA) - vcycletech","description":"Obtenha um dispersante superior de lodo de \u00e1gua de caldeira com \u00e1cido fosfino carbox\u00edlico (PCA). Experimente o PCA da Aquapharm para excelente estabilidade t\u00e9rmica e de cloro.","robots":{"index":"index","follow":"follow","max-snippet":"max-snippet:-1","max-image-preview":"max-image-preview:large","max-video-preview":"max-video-preview:-1"},"canonical":"https:\/\/vcycletech.com\/pt\/produtos\/acido-fosfino-carboxilico-pca\/","og_locale":"pt_PT","og_type":"article","og_title":"Phosphino Carboxylic Acid(PCA)","og_description":"Get superior boiler water sludge dispersant with Phosphino Carboxylic Acid (PCA). Try Aquapharm's PCA for excellent thermal & chlorine stability.","og_url":"https:\/\/vcycletech.com\/pt\/produtos\/acido-fosfino-carboxilico-pca\/","og_site_name":"vcycletech","article_modified_time":"2023-03-21T08:50:29+00:00","og_image":[{"width":600,"height":600,"url":"https:\/\/vcycletech.com\/wp-content\/uploads\/2023\/03\/Phosphino-Carboxylic-AcidPCA.png","type":"image\/png"}],"twitter_card":"summary_large_image","twitter_misc":{"Tempo estimado de leitura":"2 minutos"},"schema":{"@context":"https:\/\/schema.org","@graph":[{"@type":"WebPage","@id":"https:\/\/vcycletech.com\/product\/phosphino-carboxylic-acidpca\/","url":"https:\/\/vcycletech.com\/product\/phosphino-carboxylic-acidpca\/","name":"\u00c1cido Fosfino Carbox\u00edlico (PCA) - vcycletech","isPartOf":{"@id":"https:\/\/vcycletech.com\/#website"},"primaryImageOfPage":{"@id":"https:\/\/vcycletech.com\/product\/phosphino-carboxylic-acidpca\/#primaryimage"},"image":{"@id":"https:\/\/vcycletech.com\/product\/phosphino-carboxylic-acidpca\/#primaryimage"},"thumbnailUrl":"https:\/\/vcycletech.com\/wp-content\/uploads\/2023\/03\/Phosphino-Carboxylic-AcidPCA.png","datePublished":"2023-03-21T08:50:28+00:00","dateModified":"2023-03-21T08:50:29+00:00","description":"Obtenha um dispersante superior de lodo de \u00e1gua de caldeira com \u00e1cido fosfino carbox\u00edlico (PCA). Experimente o PCA da Aquapharm para excelente estabilidade t\u00e9rmica e de cloro.","breadcrumb":{"@id":"https:\/\/vcycletech.com\/product\/phosphino-carboxylic-acidpca\/#breadcrumb"},"inLanguage":"pt-PT","potentialAction":[{"@type":"ReadAction","target":["https:\/\/vcycletech.com\/product\/phosphino-carboxylic-acidpca\/"]}]},{"@type":"ImageObject","inLanguage":"pt-PT","@id":"https:\/\/vcycletech.com\/product\/phosphino-carboxylic-acidpca\/#primaryimage","url":"https:\/\/vcycletech.com\/wp-content\/uploads\/2023\/03\/Phosphino-Carboxylic-AcidPCA.png","contentUrl":"https:\/\/vcycletech.com\/wp-content\/uploads\/2023\/03\/Phosphino-Carboxylic-AcidPCA.png","width":600,"height":600,"caption":"Phosphino Carboxylic Acid(PCA)"},{"@type":"BreadcrumbList","@id":"https:\/\/vcycletech.com\/product\/phosphino-carboxylic-acidpca\/#breadcrumb","itemListElement":[{"@type":"ListItem","position":1,"name":"Home","item":"https:\/\/vcycletech.com\/"},{"@type":"ListItem","position":2,"name":"Water Treatment Chemicals Manufacturer","item":"https:\/\/vcycletech.com\/water-treatment-chemicals-manufacturer\/"},{"@type":"ListItem","position":3,"name":"Phosphino Carboxylic Acid(PCA)"}]},{"@type":"WebSite","@id":"https:\/\/vcycletech.com\/#website","url":"https:\/\/vcycletech.com\/","name":"vcycletech","description":"China&#039;principal fornecedor de produtos qu\u00edmicos para tratamento de \u00e1gua","publisher":{"@id":"https:\/\/vcycletech.com\/#organization"},"potentialAction":[{"@type":"SearchAction","target":{"@type":"EntryPoint","urlTemplate":"https:\/\/vcycletech.com\/?s={search_term_string}"},"query-input":{"@type":"PropertyValueSpecification","valueRequired":true,"valueName":"search_term_string"}}],"inLanguage":"pt-PT"},{"@type":"Organization","@id":"https:\/\/vcycletech.com\/#organization","name":"vcycletech","url":"https:\/\/vcycletech.com\/","logo":{"@type":"ImageObject","inLanguage":"pt-PT","@id":"https:\/\/vcycletech.com\/#\/schema\/logo\/image\/","url":"https:\/\/vcycletech.com\/wp-content\/uploads\/2023\/03\/logo-vcycletech-1.png","contentUrl":"https:\/\/vcycletech.com\/wp-content\/uploads\/2023\/03\/logo-vcycletech-1.png","width":600,"height":400,"caption":"vcycletech"},"image":{"@id":"https:\/\/vcycletech.com\/#\/schema\/logo\/image\/"}}]}},"_links":{"self":[{"href":"https:\/\/vcycletech.com\/pt\/wp-json\/wp\/v2\/product\/1157","targetHints":{"allow":["GET"]}}],"collection":[{"href":"https:\/\/vcycletech.com\/pt\/wp-json\/wp\/v2\/product"}],"about":[{"href":"https:\/\/vcycletech.com\/pt\/wp-json\/wp\/v2\/types\/product"}],"wp:featuredmedia":[{"embeddable":true,"href":"https:\/\/vcycletech.com\/pt\/wp-json\/wp\/v2\/media\/1175"}],"wp:attachment":[{"href":"https:\/\/vcycletech.com\/pt\/wp-json\/wp\/v2\/media?parent=1157"}],"wp:term":[{"taxonomy":"product_brand","embeddable":true,"href":"https:\/\/vcycletech.com\/pt\/wp-json\/wp\/v2\/product_brand?post=1157"},{"taxonomy":"product_cat","embeddable":true,"href":"https:\/\/vcycletech.com\/pt\/wp-json\/wp\/v2\/product_cat?post=1157"},{"taxonomy":"product_tag","embeddable":true,"href":"https:\/\/vcycletech.com\/pt\/wp-json\/wp\/v2\/product_tag?post=1157"}],"curies":[{"name":"wp","href":"https:\/\/api.w.org\/{rel}","templated":true}]}}