{"id":1152,"date":"2023-03-21T08:19:13","date_gmt":"2023-03-21T08:19:13","guid":{"rendered":"https:\/\/vcycletech.com\/?post_type=product&#038;p=1152"},"modified":"2023-03-27T06:24:25","modified_gmt":"2023-03-27T06:24:25","slug":"acido-acrilico-acrilato-acido-fosfonico-sulfossal-tetra-copolimero-wt-241","status":"publish","type":"product","link":"https:\/\/vcycletech.com\/pt\/produtos\/acido-acrilico-acrilato-acido-fosfonico-sulfossal-tetra-copolimero-wt-241\/","title":{"rendered":"\u00c1cido Acr\u00edlico\/Acrilato\/\u00c1cido Fosf\u00f4nico\/Sulfossal Tetracopol\u00edmero (WT-241)"},"content":{"rendered":"<h3>Propriedades:<\/h3>\n<p>O WT-241 \u00e9 um copol\u00edmero de grupos de \u00e1cido carbox\u00edlico, hidroxilico e sulf\u00f4nico, que ajuda a inibir efetivamente a forma\u00e7\u00e3o de escamas de fosfato de c\u00e1lcio e carbonato de c\u00e1lcio. Quando usado em sistemas de circula\u00e7\u00e3o de \u00e1gua fria com organofosforados, o WT-241 demonstra fortes efeitos sin\u00e9rgicos com outros agentes que ajudam a aumentar seu desempenho de inibi\u00e7\u00e3o de escala. Este composto qu\u00edmico vers\u00e1til e confi\u00e1vel \u00e9 ideal para aplica\u00e7\u00f5es profissionais e meticulosas em sua ind\u00fastria.<\/p>\n<h3>Especifica\u00e7\u00e3o:<\/h3>\n<div id=\"footable_parent_1154\"\n         class=\"footable_parent ninja_table_wrapper loading_ninja_table wp_table_data_press_parent semantic_ui\">\n                <table data-ninja_table_instance=\"ninja_table_instance_0\" data-footable_id=\"1154\" data-filter-delay=\"1000\" aria-label=\"Sulfosalt Tetra-copol\u00edmero.csv\"            id=\"footable_1154\"\n           data-unique_identifier=\"ninja_table_unique_id_910205405_1154\"\n           class=\"foo-table ninja_footable foo_table_1154 ninja_table_unique_id_910205405_1154 ui table  nt_type_legacy_table selectable striped vertical_centered  footable-paging-right ninja_table_pro\">\n                <colgroup>\n                            <col class=\"ninja_column_0\">\n                            <col class=\"ninja_column_1\">\n                    <\/colgroup>\n        <thead>\n<tr class=\"footable-header\">\n                                        <th scope=\"col\"  class=\"ninja_column_0 ninja_clmn_nm_items\">Itens<\/th><th scope=\"col\"  class=\"ninja_column_1 ninja_clmn_nm_index\">\u00cdndice<\/th><\/tr>\n<\/thead>\n<tbody>\n\n        <tr data-row_id=\"247\" class=\"ninja_table_row_0 nt_row_id_247\">\n            <td>Apar\u00eancia<\/td><td>L\u00edquido transparente amarelo p\u00e1lido<\/td>        <\/tr>\n            <tr data-row_id=\"248\" class=\"ninja_table_row_1 nt_row_id_248\">\n            <td>Conte\u00fado s\u00f3lido, %<\/td><td>35,0 min<\/td>        <\/tr>\n            <tr data-row_id=\"249\" class=\"ninja_table_row_2 nt_row_id_249\">\n            <td>Mon\u00f4mero livre (como AA), %<\/td><td>0,5 m\u00e1x.<\/td>        <\/tr>\n            <tr data-row_id=\"250\" class=\"ninja_table_row_3 nt_row_id_250\">\n            <td>Densidade (20 \u2103), g\/cm3<\/td><td>1.1~1.2<\/td>        <\/tr>\n            <tr data-row_id=\"251\" class=\"ninja_table_row_4 nt_row_id_251\">\n            <td>pH (solu\u00e7\u00e3o de \u00e1gua 1%)<\/td><td>3.0~5.0<\/td>        <\/tr>\n    <\/tbody><!--ninja_tobody_rendering_done-->\n    <\/table>\n    \n    \n    \n<\/div>\n\n<h3 class=\"my-0.5\">Uso:<\/h3>\n<p class=\"my-0.5\">Este produto \u00e9 melhor usado em 5-25 mg\/L. Quando combinado com organofosforados, a dosagem deve ser reduzida para entre 1-10 mg\/L e o valor do pH deve ficar entre 7,0-9,5.<\/p>\n<h3 class=\"my-0.5\">Pacote e armazenamento:<\/h3>\n<p class=\"my-0.5\">O produto vem em tambores de pl\u00e1stico de 200L ou IBCs (1000L) e pode ser personalizado para atender \u00e0s necessidades do cliente. Para uma vida \u00fatil ideal, armazene-o em uma \u00e1rea seca e sombreada por at\u00e9 um ano.<\/p>\n<h3>Perguntas frequentes:<\/h3>\n<p><strong>Q1: O que \u00e9 \u00c1cido Acr\u00edlico\/Acrilato\/\u00c1cido Fosf\u00f4nico\/Sulfosalte Tetra-copol\u00edmero (WT-241)?<\/strong><br \/>\nTetracopol\u00edmero de \u00e1cido acr\u00edlico\/acrilato\/\u00e1cido fosf\u00f4nico\/sulfossal (WT-241) \u00e9 um produto qu\u00edmico para tratamento de \u00e1gua que combina quatro \u00e1cidos diferentes \u2013 \u00e1cido acr\u00edlico, acrilato, \u00e1cido fosf\u00f4nico e sulfossal \u2013 em uma estrutura de tetracopol\u00edmero. Esta combina\u00e7\u00e3o de \u00e1cidos fornece propriedades de dispers\u00e3o e quela\u00e7\u00e3o altamente eficazes, bem como melhor solubilidade e maior biodegradabilidade em compara\u00e7\u00e3o com outros produtos similares. O WT-241 \u00e9 usado em aplica\u00e7\u00f5es de tratamento de \u00e1guas residuais industriais e municipais para ajudar a remover metais pesados e outros contaminantes das fontes de \u00e1gua.<\/p>\n<p><strong>Q2: Quais s\u00e3o os benef\u00edcios de usar \u00e1cido acr\u00edlico\/acrilato\/\u00e1cido fosf\u00f4nico\/sulfossaltetetracopol\u00edmero (WT-241)?<\/strong><br \/>\nOs principais benef\u00edcios do uso do WT-241 para tratamento de \u00e1gua incluem melhor solubilidade, melhor desempenho de quela\u00e7\u00e3o, aumento das taxas de biodegrada\u00e7\u00e3o, melhor capacidade de dispers\u00e3o e forma\u00e7\u00e3o reduzida de complexos met\u00e1licos insol\u00faveis. Al\u00e9m disso, o WT-241 oferece excelente desempenho em baixas dosagens devido \u00e0 sua alta efici\u00eancia relativa quando usado para tratamentos de complexa\u00e7\u00e3o. Finalmente, o WT-241 demonstrou ser econ\u00f4mico quando comparado a outros produtos qu\u00edmicos de tratamento devido \u00e0 sua capacidade de funcionar em concentra\u00e7\u00f5es mais baixas em compara\u00e7\u00e3o com produtos concorrentes.<\/p>\n<p><strong>Q3: Como funciona o Tetracopol\u00edmero de \u00c1cido Acr\u00edlico\/Acrilato\/\u00c1cido Fosf\u00f4nico\/Sulfosalto (WT-241)?<\/strong><br \/>\nQuando o WT-241 \u00e9 adicionado a uma fonte de \u00e1gua, ele forma um complexo com metais pesados, como chumbo, cobre e ars\u00eanico, impedindo que esses metais se liguem a outras subst\u00e2ncias na \u00e1gua, ao mesmo tempo em que aumenta a solubilidade, permitindo que sejam removidos mais facilmente. facilmente atrav\u00e9s de processos de filtra\u00e7\u00e3o ou adsor\u00e7\u00e3o. Al\u00e9m disso, a combina\u00e7\u00e3o desses quatro \u00e1cidos fornece fortes for\u00e7as eletrost\u00e1ticas que ajudam a dispersar as part\u00edculas de metal uniformemente em toda a solu\u00e7\u00e3o para uma remo\u00e7\u00e3o mais r\u00e1pida da fonte de \u00e1gua sem sedimentar ou formar aglomerados que possam impedir seu processo de remo\u00e7\u00e3o.<\/p>\n<p><strong>Q4: Para quais tipos de aplica\u00e7\u00f5es o \u00e1cido acr\u00edlico\/acrilato\/\u00e1cido fosf\u00f4nico\/sulfosaltetetracopol\u00edmero (WT-241) pode ser usado?<\/strong><br \/>\nO WT-241 tem sido amplamente utilizado em aplica\u00e7\u00f5es de tratamento de efluentes industriais, incluindo opera\u00e7\u00f5es de acabamento de metal, como galvanoplastia; sistemas de torre de resfriamento; processos de pr\u00e9 ou p\u00f3s-tratamento de osmose reversa; e projetos de remedia\u00e7\u00e3o de \u00e1guas pluviais ou esgotos onde pode ser usado como coagulante prim\u00e1rio ou floculante secund\u00e1rio, dependendo da natureza do contaminante presente na fonte de \u00e1gua. Al\u00e9m disso, o WT 241 tamb\u00e9m foi aplicado com sucesso em instala\u00e7\u00f5es municipais de tratamento de \u00e1guas residuais, onde pode efetivamente remover metais pesados ao mesmo tempo em que fornece recursos aprimorados de desidrata\u00e7\u00e3o de lodo por meio de desempenho de flocula\u00e7\u00e3o aprimorado durante os processos de clarifica\u00e7\u00e3o.<\/p>\n<p><strong>Q5: Que precau\u00e7\u00f5es de seguran\u00e7a devem ser tomadas ao manusear \u00c1cido Acr\u00edlico\/Acrilato\/\u00c1cido Fosf\u00f4nico\/Sulfosalto Tetra Copol\u00edmero (WT 241)?<\/strong><br \/>\nComo em qualquer procedimento de manuseio de produtos qu\u00edmicos, os protocolos de seguran\u00e7a adequados devem ser seguidos, incluindo o uso de luvas e \u00f3culos de prote\u00e7\u00e3o ao entrar em contato com este produto, bem como garantir ventila\u00e7\u00e3o adequada durante o uso, pois a inala\u00e7\u00e3o pode causar tosse ou irrita\u00e7\u00e3o respirat\u00f3ria devido ao forte perfil de odor. Al\u00e9m disso, o WT 241 n\u00e3o deve entrar em contato direto com a pele, pois pode ocorrer irrita\u00e7\u00e3o e qualquer respingo deve ser imediatamente lavado com \u00e1gua corrente em abund\u00e2ncia por pelo menos 15 minutos antes de procurar atendimento m\u00e9dico, se necess\u00e1rio.<\/p>\n<p><a href=\"https:\/\/vcycletech.com\/pt\/categoria-de-produto\/policarboxilico-anti-incrustante-e-dispersante\/\">Obtenha a solu\u00e7\u00e3o completa anti-incrustante e dispersante policarbox\u00edlico<\/a><\/p>","protected":false},"excerpt":{"rendered":"<div class=\"break-words markdown-formatted-text\">\n<p class=\"my-0.5\"><strong>WT-241<\/strong> \u00e9 um tetracopol\u00edmero de \u00e1cido acr\u00edlico\/acrilato\/\u00e1cido fosf\u00f4nico\/sulfossal que possui uma ampla gama de aplica\u00e7\u00f5es. \u00c9 utilizado como inibidor de incrusta\u00e7\u00e3o no tratamento de \u00e1gua, proporcionando excelente desempenho contra incrusta\u00e7\u00f5es de fosfato de c\u00e1lcio e carbonato de c\u00e1lcio. Ele tamb\u00e9m possui propriedades de inibi\u00e7\u00e3o de corros\u00e3o e pode ser usado para melhorar a efici\u00eancia de outros produtos qu\u00edmicos de tratamento de \u00e1gua. Adicionalmente, <strong>WT-241<\/strong> pode ser usado como dispersante de part\u00edculas org\u00e2nicas e inorg\u00e2nicas, ajudando a mant\u00ea-las suspensas na \u00e1gua.<\/p>\n<\/div>\n<div class=\"flex w-full items-center justify-end flex-wrap pt-0 !mt-2 @md:!mt-0 @md:pt-1.5\" data-exclude-from-screenshot=\"true\"><\/div>","protected":false},"featured_media":2841,"template":"","meta":{"site-sidebar-layout":"default","site-content-layout":"default","ast-site-content-layout":"default","site-content-style":"default","site-sidebar-style":"default","ast-global-header-display":"","ast-banner-title-visibility":"","ast-main-header-display":"","ast-hfb-above-header-display":"","ast-hfb-below-header-display":"","ast-hfb-mobile-header-display":"","site-post-title":"","ast-breadcrumbs-content":"","ast-featured-img":"","footer-sml-layout":"","ast-disable-related-posts":"","theme-transparent-header-meta":"default","adv-header-id-meta":"","stick-header-meta":"default","header-above-stick-meta":"","header-main-stick-meta":"","header-below-stick-meta":"","astra-migrate-meta-layouts":"default","ast-page-background-enabled":"default","ast-page-background-meta":{"desktop":{"background-color":"","background-image":"","background-repeat":"repeat","background-position":"center center","background-size":"auto","background-attachment":"scroll","background-type":"","background-media":"","overlay-type":"","overlay-color":"","overlay-opacity":"","overlay-gradient":""},"tablet":{"background-color":"","background-image":"","background-repeat":"repeat","background-position":"center center","background-size":"auto","background-attachment":"scroll","background-type":"","background-media":"","overlay-type":"","overlay-color":"","overlay-opacity":"","overlay-gradient":""},"mobile":{"background-color":"","background-image":"","background-repeat":"repeat","background-position":"center center","background-size":"auto","background-attachment":"scroll","background-type":"","background-media":"","overlay-type":"","overlay-color":"","overlay-opacity":"","overlay-gradient":""}},"ast-content-background-meta":{"desktop":{"background-color":"var(--ast-global-color-5)","background-image":"","background-repeat":"repeat","background-position":"center center","background-size":"auto","background-attachment":"scroll","background-type":"","background-media":"","overlay-type":"","overlay-color":"","overlay-opacity":"","overlay-gradient":""},"tablet":{"background-color":"var(--ast-global-color-5)","background-image":"","background-repeat":"repeat","background-position":"center center","background-size":"auto","background-attachment":"scroll","background-type":"","background-media":"","overlay-type":"","overlay-color":"","overlay-opacity":"","overlay-gradient":""},"mobile":{"background-color":"var(--ast-global-color-5)","background-image":"","background-repeat":"repeat","background-position":"center center","background-size":"auto","background-attachment":"scroll","background-type":"","background-media":"","overlay-type":"","overlay-color":"","overlay-opacity":"","overlay-gradient":""}}},"product_brand":[],"product_cat":[28],"product_tag":[],"class_list":{"0":"post-1152","1":"product","2":"type-product","3":"status-publish","4":"has-post-thumbnail","6":"product_cat-polycarboxylic-antiscalant-and-dispersant","7":"desktop-align-left","8":"tablet-align-left","9":"mobile-align-left","10":"ast-product-gallery-layout-horizontal-slider","11":"ast-product-gallery-with-no-image","12":"ast-product-tabs-layout-horizontal","14":"first","15":"instock","16":"shipping-taxable","17":"product-type-simple"},"yoast_head":"<!-- This site is optimized with the Yoast SEO Premium plugin v26.3 (Yoast SEO v27.3) - https:\/\/yoast.com\/product\/yoast-seo-premium-wordpress\/ -->\n<title>Acrylic Acid\/Acrylate\/Phosphonic Acid\/Sulfosalt Tetra-copolymer (WT-241) - vcycletech<\/title>\n<meta name=\"description\" content=\"Get the best scale inhibition performance with WT-241 Acrylic Acid\/Acrylate\/Phosphonic Acid\/Sulfosalt Tetra-copolymer! Try it today!\" \/>\n<meta name=\"robots\" content=\"index, follow, max-snippet:-1, max-image-preview:large, max-video-preview:-1\" \/>\n<link rel=\"canonical\" href=\"https:\/\/vcycletech.com\/pt\/produtos\/acido-acrilico-acrilato-acido-fosfonico-sulfossal-tetra-copolimero-wt-241\/\" \/>\n<meta property=\"og:locale\" content=\"pt_PT\" \/>\n<meta property=\"og:type\" content=\"article\" \/>\n<meta property=\"og:title\" content=\"Acrylic Acid\/Acrylate\/Phosphonic Acid\/Sulfosalt Tetra-copolymer (WT-241)\" \/>\n<meta property=\"og:description\" content=\"Get the best scale inhibition performance with WT-241 Acrylic Acid\/Acrylate\/Phosphonic Acid\/Sulfosalt Tetra-copolymer! Try it today!\" \/>\n<meta property=\"og:url\" content=\"https:\/\/vcycletech.com\/pt\/produtos\/acido-acrilico-acrilato-acido-fosfonico-sulfossal-tetra-copolimero-wt-241\/\" \/>\n<meta property=\"og:site_name\" content=\"vcycletech\" \/>\n<meta property=\"article:modified_time\" content=\"2023-03-27T06:24:25+00:00\" \/>\n<meta property=\"og:image\" content=\"https:\/\/vcycletech.com\/wp-content\/uploads\/2023\/03\/12.png\" \/>\n\t<meta property=\"og:image:width\" content=\"600\" \/>\n\t<meta property=\"og:image:height\" content=\"600\" \/>\n\t<meta property=\"og:image:type\" content=\"image\/png\" \/>\n<meta name=\"twitter:card\" content=\"summary_large_image\" \/>\n<meta name=\"twitter:label1\" content=\"Tempo estimado de leitura\" \/>\n\t<meta name=\"twitter:data1\" content=\"3 minutos\" \/>\n<script type=\"application\/ld+json\" class=\"yoast-schema-graph\">{\"@context\":\"https:\\\/\\\/schema.org\",\"@graph\":[{\"@type\":\"WebPage\",\"@id\":\"https:\\\/\\\/vcycletech.com\\\/product\\\/acrylic-acid-acrylate-phosphonic-acid-sulfosalt-tetra-copolymer-wt-241\\\/\",\"url\":\"https:\\\/\\\/vcycletech.com\\\/product\\\/acrylic-acid-acrylate-phosphonic-acid-sulfosalt-tetra-copolymer-wt-241\\\/\",\"name\":\"Acrylic Acid\\\/Acrylate\\\/Phosphonic Acid\\\/Sulfosalt Tetra-copolymer (WT-241) - vcycletech\",\"isPartOf\":{\"@id\":\"https:\\\/\\\/vcycletech.com\\\/#website\"},\"primaryImageOfPage\":{\"@id\":\"https:\\\/\\\/vcycletech.com\\\/product\\\/acrylic-acid-acrylate-phosphonic-acid-sulfosalt-tetra-copolymer-wt-241\\\/#primaryimage\"},\"image\":{\"@id\":\"https:\\\/\\\/vcycletech.com\\\/product\\\/acrylic-acid-acrylate-phosphonic-acid-sulfosalt-tetra-copolymer-wt-241\\\/#primaryimage\"},\"thumbnailUrl\":\"https:\\\/\\\/vcycletech.com\\\/wp-content\\\/uploads\\\/2023\\\/03\\\/12.png\",\"datePublished\":\"2023-03-21T08:19:13+00:00\",\"dateModified\":\"2023-03-27T06:24:25+00:00\",\"description\":\"Get the best scale inhibition performance with WT-241 Acrylic Acid\\\/Acrylate\\\/Phosphonic Acid\\\/Sulfosalt Tetra-copolymer! Try it today!\",\"breadcrumb\":{\"@id\":\"https:\\\/\\\/vcycletech.com\\\/product\\\/acrylic-acid-acrylate-phosphonic-acid-sulfosalt-tetra-copolymer-wt-241\\\/#breadcrumb\"},\"inLanguage\":\"pt-PT\",\"potentialAction\":[{\"@type\":\"ReadAction\",\"target\":[\"https:\\\/\\\/vcycletech.com\\\/product\\\/acrylic-acid-acrylate-phosphonic-acid-sulfosalt-tetra-copolymer-wt-241\\\/\"]}]},{\"@type\":\"ImageObject\",\"inLanguage\":\"pt-PT\",\"@id\":\"https:\\\/\\\/vcycletech.com\\\/product\\\/acrylic-acid-acrylate-phosphonic-acid-sulfosalt-tetra-copolymer-wt-241\\\/#primaryimage\",\"url\":\"https:\\\/\\\/vcycletech.com\\\/wp-content\\\/uploads\\\/2023\\\/03\\\/12.png\",\"contentUrl\":\"https:\\\/\\\/vcycletech.com\\\/wp-content\\\/uploads\\\/2023\\\/03\\\/12.png\",\"width\":600,\"height\":600,\"caption\":\"Acrylic Acid\\\/Acrylate\\\/Phosphonic Acid\\\/Sulfosalt Tetra-copolymer (WT- 241)\"},{\"@type\":\"BreadcrumbList\",\"@id\":\"https:\\\/\\\/vcycletech.com\\\/product\\\/acrylic-acid-acrylate-phosphonic-acid-sulfosalt-tetra-copolymer-wt-241\\\/#breadcrumb\",\"itemListElement\":[{\"@type\":\"ListItem\",\"position\":1,\"name\":\"Home\",\"item\":\"https:\\\/\\\/vcycletech.com\\\/\"},{\"@type\":\"ListItem\",\"position\":2,\"name\":\"Water Treatment Chemicals Manufacturer\",\"item\":\"https:\\\/\\\/vcycletech.com\\\/water-treatment-chemicals-manufacturer\\\/\"},{\"@type\":\"ListItem\",\"position\":3,\"name\":\"Acrylic Acid\\\/Acrylate\\\/Phosphonic Acid\\\/Sulfosalt Tetra-copolymer (WT-241)\"}]},{\"@type\":\"WebSite\",\"@id\":\"https:\\\/\\\/vcycletech.com\\\/#website\",\"url\":\"https:\\\/\\\/vcycletech.com\\\/\",\"name\":\"vcycletech\",\"description\":\"China&#039;s top water treatment chemicals supplier\",\"publisher\":{\"@id\":\"https:\\\/\\\/vcycletech.com\\\/#organization\"},\"potentialAction\":[{\"@type\":\"SearchAction\",\"target\":{\"@type\":\"EntryPoint\",\"urlTemplate\":\"https:\\\/\\\/vcycletech.com\\\/?s={search_term_string}\"},\"query-input\":{\"@type\":\"PropertyValueSpecification\",\"valueRequired\":true,\"valueName\":\"search_term_string\"}}],\"inLanguage\":\"pt-PT\"},{\"@type\":\"Organization\",\"@id\":\"https:\\\/\\\/vcycletech.com\\\/#organization\",\"name\":\"vcycletech\",\"url\":\"https:\\\/\\\/vcycletech.com\\\/\",\"logo\":{\"@type\":\"ImageObject\",\"inLanguage\":\"pt-PT\",\"@id\":\"https:\\\/\\\/vcycletech.com\\\/#\\\/schema\\\/logo\\\/image\\\/\",\"url\":\"https:\\\/\\\/vcycletech.com\\\/wp-content\\\/uploads\\\/2023\\\/03\\\/logo-vcycletech-1.png\",\"contentUrl\":\"https:\\\/\\\/vcycletech.com\\\/wp-content\\\/uploads\\\/2023\\\/03\\\/logo-vcycletech-1.png\",\"width\":600,\"height\":400,\"caption\":\"vcycletech\"},\"image\":{\"@id\":\"https:\\\/\\\/vcycletech.com\\\/#\\\/schema\\\/logo\\\/image\\\/\"}}]}<\/script>\n<!-- \/ Yoast SEO Premium plugin. -->","yoast_head_json":{"title":"\u00c1cido Acr\u00edlico\/Acrilato\/\u00c1cido Fosf\u00f4nico\/Sulfosalto Tetracopol\u00edmero (WT-241) - vcycletech","description":"Obtenha o melhor desempenho de inibi\u00e7\u00e3o de incrusta\u00e7\u00f5es com WT-241 \u00c1cido Acr\u00edlico\/Acrilato\/\u00c1cido Fosf\u00f4nico\/Sulfosalto Tetra-copol\u00edmero! Experimente hoje!","robots":{"index":"index","follow":"follow","max-snippet":"max-snippet:-1","max-image-preview":"max-image-preview:large","max-video-preview":"max-video-preview:-1"},"canonical":"https:\/\/vcycletech.com\/pt\/produtos\/acido-acrilico-acrilato-acido-fosfonico-sulfossal-tetra-copolimero-wt-241\/","og_locale":"pt_PT","og_type":"article","og_title":"Acrylic Acid\/Acrylate\/Phosphonic Acid\/Sulfosalt Tetra-copolymer (WT-241)","og_description":"Get the best scale inhibition performance with WT-241 Acrylic Acid\/Acrylate\/Phosphonic Acid\/Sulfosalt Tetra-copolymer! Try it today!","og_url":"https:\/\/vcycletech.com\/pt\/produtos\/acido-acrilico-acrilato-acido-fosfonico-sulfossal-tetra-copolimero-wt-241\/","og_site_name":"vcycletech","article_modified_time":"2023-03-27T06:24:25+00:00","og_image":[{"width":600,"height":600,"url":"https:\/\/vcycletech.com\/wp-content\/uploads\/2023\/03\/12.png","type":"image\/png"}],"twitter_card":"summary_large_image","twitter_misc":{"Tempo estimado de leitura":"3 minutos"},"schema":{"@context":"https:\/\/schema.org","@graph":[{"@type":"WebPage","@id":"https:\/\/vcycletech.com\/product\/acrylic-acid-acrylate-phosphonic-acid-sulfosalt-tetra-copolymer-wt-241\/","url":"https:\/\/vcycletech.com\/product\/acrylic-acid-acrylate-phosphonic-acid-sulfosalt-tetra-copolymer-wt-241\/","name":"\u00c1cido Acr\u00edlico\/Acrilato\/\u00c1cido Fosf\u00f4nico\/Sulfosalto Tetracopol\u00edmero (WT-241) - vcycletech","isPartOf":{"@id":"https:\/\/vcycletech.com\/#website"},"primaryImageOfPage":{"@id":"https:\/\/vcycletech.com\/product\/acrylic-acid-acrylate-phosphonic-acid-sulfosalt-tetra-copolymer-wt-241\/#primaryimage"},"image":{"@id":"https:\/\/vcycletech.com\/product\/acrylic-acid-acrylate-phosphonic-acid-sulfosalt-tetra-copolymer-wt-241\/#primaryimage"},"thumbnailUrl":"https:\/\/vcycletech.com\/wp-content\/uploads\/2023\/03\/12.png","datePublished":"2023-03-21T08:19:13+00:00","dateModified":"2023-03-27T06:24:25+00:00","description":"Obtenha o melhor desempenho de inibi\u00e7\u00e3o de incrusta\u00e7\u00f5es com WT-241 \u00c1cido Acr\u00edlico\/Acrilato\/\u00c1cido Fosf\u00f4nico\/Sulfosalto Tetra-copol\u00edmero! Experimente hoje!","breadcrumb":{"@id":"https:\/\/vcycletech.com\/product\/acrylic-acid-acrylate-phosphonic-acid-sulfosalt-tetra-copolymer-wt-241\/#breadcrumb"},"inLanguage":"pt-PT","potentialAction":[{"@type":"ReadAction","target":["https:\/\/vcycletech.com\/product\/acrylic-acid-acrylate-phosphonic-acid-sulfosalt-tetra-copolymer-wt-241\/"]}]},{"@type":"ImageObject","inLanguage":"pt-PT","@id":"https:\/\/vcycletech.com\/product\/acrylic-acid-acrylate-phosphonic-acid-sulfosalt-tetra-copolymer-wt-241\/#primaryimage","url":"https:\/\/vcycletech.com\/wp-content\/uploads\/2023\/03\/12.png","contentUrl":"https:\/\/vcycletech.com\/wp-content\/uploads\/2023\/03\/12.png","width":600,"height":600,"caption":"Acrylic Acid\/Acrylate\/Phosphonic Acid\/Sulfosalt Tetra-copolymer (WT- 241)"},{"@type":"BreadcrumbList","@id":"https:\/\/vcycletech.com\/product\/acrylic-acid-acrylate-phosphonic-acid-sulfosalt-tetra-copolymer-wt-241\/#breadcrumb","itemListElement":[{"@type":"ListItem","position":1,"name":"Home","item":"https:\/\/vcycletech.com\/"},{"@type":"ListItem","position":2,"name":"Water Treatment Chemicals Manufacturer","item":"https:\/\/vcycletech.com\/water-treatment-chemicals-manufacturer\/"},{"@type":"ListItem","position":3,"name":"Acrylic Acid\/Acrylate\/Phosphonic Acid\/Sulfosalt Tetra-copolymer (WT-241)"}]},{"@type":"WebSite","@id":"https:\/\/vcycletech.com\/#website","url":"https:\/\/vcycletech.com\/","name":"vcycletech","description":"China&#039;principal fornecedor de produtos qu\u00edmicos para tratamento de \u00e1gua","publisher":{"@id":"https:\/\/vcycletech.com\/#organization"},"potentialAction":[{"@type":"SearchAction","target":{"@type":"EntryPoint","urlTemplate":"https:\/\/vcycletech.com\/?s={search_term_string}"},"query-input":{"@type":"PropertyValueSpecification","valueRequired":true,"valueName":"search_term_string"}}],"inLanguage":"pt-PT"},{"@type":"Organization","@id":"https:\/\/vcycletech.com\/#organization","name":"vcycletech","url":"https:\/\/vcycletech.com\/","logo":{"@type":"ImageObject","inLanguage":"pt-PT","@id":"https:\/\/vcycletech.com\/#\/schema\/logo\/image\/","url":"https:\/\/vcycletech.com\/wp-content\/uploads\/2023\/03\/logo-vcycletech-1.png","contentUrl":"https:\/\/vcycletech.com\/wp-content\/uploads\/2023\/03\/logo-vcycletech-1.png","width":600,"height":400,"caption":"vcycletech"},"image":{"@id":"https:\/\/vcycletech.com\/#\/schema\/logo\/image\/"}}]}},"_links":{"self":[{"href":"https:\/\/vcycletech.com\/pt\/wp-json\/wp\/v2\/product\/1152","targetHints":{"allow":["GET"]}}],"collection":[{"href":"https:\/\/vcycletech.com\/pt\/wp-json\/wp\/v2\/product"}],"about":[{"href":"https:\/\/vcycletech.com\/pt\/wp-json\/wp\/v2\/types\/product"}],"wp:featuredmedia":[{"embeddable":true,"href":"https:\/\/vcycletech.com\/pt\/wp-json\/wp\/v2\/media\/2841"}],"wp:attachment":[{"href":"https:\/\/vcycletech.com\/pt\/wp-json\/wp\/v2\/media?parent=1152"}],"wp:term":[{"taxonomy":"product_brand","embeddable":true,"href":"https:\/\/vcycletech.com\/pt\/wp-json\/wp\/v2\/product_brand?post=1152"},{"taxonomy":"product_cat","embeddable":true,"href":"https:\/\/vcycletech.com\/pt\/wp-json\/wp\/v2\/product_cat?post=1152"},{"taxonomy":"product_tag","embeddable":true,"href":"https:\/\/vcycletech.com\/pt\/wp-json\/wp\/v2\/product_tag?post=1152"}],"curies":[{"name":"wp","href":"https:\/\/api.w.org\/{rel}","templated":true}]}}