{"id":1144,"date":"2023-03-21T08:22:37","date_gmt":"2023-03-21T08:22:37","guid":{"rendered":"https:\/\/vcycletech.com\/?post_type=product&#038;p=1144"},"modified":"2023-03-27T06:26:52","modified_gmt":"2023-03-27T06:26:52","slug":"wt-406-composto-bactericida","status":"publish","type":"product","link":"https:\/\/vcycletech.com\/pt\/produtos\/wt-406-composto-bactericida\/","title":{"rendered":"Bactericida Composto WT-406"},"content":{"rendered":"<h3 id=\"introduction_2\" class=\"xsj_heading_hash xsj_heading xsj_heading_h2\" data-source-line=\"6\" data-source-line-display=\"true\"><span class=\"xsj_heading_content\">Introdu\u00e7\u00e3o:<\/span><\/h3>\n<p class=\"xsj_paragraph xsj_paragraph_level_0\" data-source-line=\"8\" data-source-line-display=\"true\"><strong>Bactericida Composto WT-406<\/strong> \u00e9 um desinfetante poderoso e de a\u00e7\u00e3o r\u00e1pida que fornece desempenho confi\u00e1vel sob condi\u00e7\u00f5es adversas. Ele foi projetado para exceder at\u00e9 mesmo o desempenho de 1227 e fornece uma mistura eficiente de um sal de am\u00f4nio quatern\u00e1rio. Com sua ampla gama de aplica\u00e7\u00f5es em v\u00e1rios setores, <strong>Bactericida Composto WT-406<\/strong> est\u00e1 se tornando cada vez mais popular por fornecer controle microbiano r\u00e1pido e eficaz.<\/p>\n<h3>Propriedades:<\/h3>\n<p>A f\u00f3rmula \u00fanica de <strong>Bactericida Composto WT-406<\/strong> cont\u00e9m sal de am\u00f4nio quatern\u00e1rio que quando combinado com outros princ\u00edpios ativos proporciona uma desinfec\u00e7\u00e3o r\u00e1pida e eficaz em temperaturas que variam de -20\u00b0C a 80\u00b0C. Esta nova formula\u00e7\u00e3o tamb\u00e9m ajuda a manter sua efic\u00e1cia em diversos n\u00edveis de pH. Est\u00e1 bem documentado por sua a\u00e7\u00e3o r\u00e1pida contra bact\u00e9rias, v\u00edrus, fungos e esporos em sistemas aqu\u00e1ticos e superf\u00edcies.<\/p>\n<h3 id=\"applications_3\" class=\"xsj_heading_hash xsj_heading xsj_heading_h2\" data-source-line=\"12\" data-source-line-display=\"true\"><span class=\"xsj_heading_content\">Formul\u00e1rios:<\/span><\/h3>\n<p class=\"xsj_paragraph xsj_paragraph_level_0\" data-source-line=\"13\" data-source-line-display=\"true\"><strong>Bactericida Composto WT-406<\/strong> \u00e9 amplamente utilizado em v\u00e1rias aplica\u00e7\u00f5es industriais, como usinas de energia, fabricantes de produtos qu\u00edmicos, instala\u00e7\u00f5es de processamento de alimentos, instala\u00e7\u00f5es de sa\u00fade etc. -v\u00edrus envelopados, leveduras e bolores, entre outros. Al\u00e9m disso, tamb\u00e9m pode ser usado como agente de limpeza geral ou como desodorizante em f\u00e1bricas de processamento de alimentos.<\/p>\n<h3>Especifica\u00e7\u00e3o:<\/h3>\n<div>\n<table>\n<tbody>\n<tr>\n<td width=\"204\">Unid<\/td>\n<td width=\"315\">\u00cdndice<\/td>\n<\/tr>\n<tr>\n<td width=\"204\">Apar\u00eancia<\/td>\n<td width=\"315\">L\u00edquido transparente incolor<\/td>\n<\/tr>\n<tr>\n<td width=\"204\">Conte\u00fado ativo, %<\/td>\n<td width=\"315\">30,0min<\/td>\n<\/tr>\n<tr>\n<td width=\"204\">Sal de amina, %<\/td>\n<td width=\"315\">2,0 m\u00e1x.<\/td>\n<\/tr>\n<tr>\n<td width=\"204\">pH (como ele)<\/td>\n<td width=\"315\">6.0-8.0<\/td>\n<\/tr>\n<tr>\n<td width=\"204\">Unid<\/td>\n<td width=\"315\">\u00cdndice<\/td>\n<\/tr>\n<\/tbody>\n<\/table>\n<h3 id=\"faqs_4\" class=\"xsj_heading_hash xsj_heading xsj_heading_h2\" data-source-line=\"15\" data-source-line-display=\"true\"><span class=\"xsj_heading_content\">Perguntas frequentes:<\/span><\/h3>\n<div class=\"xiaoshujiang_element xsj_anchor\"><a class=\"blank_anchor_name\" name=\"q20what20makes20wt-2040620composite20bactericide20so20powerful_5\"><\/a><a id=\"q20what20makes20wt-2040620composite20bactericide20so20powerful_5\" class=\"blank_anchor_id\"><\/a><a class=\"blank_anchor_name\" name=\"q-what-makes-wt-406-composite-bactericide-so-powerful\"><\/a><a id=\"q-what-makes-wt-406-composite-bactericide-so-powerful\" class=\"blank_anchor_id\"><\/a><\/div>\n<p id=\"q20what20makes20wt-2040620composite20bactericide20so20powerful_5\" class=\"xsj_heading_hash xsj_heading xsj_heading_h3\" data-source-line=\"17\" data-source-line-display=\"true\"><strong><span class=\"xsj_heading_content\">P1: O que torna o Bactericida Composto WT-406 t\u00e3o poderoso?<\/span><\/strong><\/p>\n<p class=\"xsj_paragraph xsj_paragraph_level_0\" data-source-line=\"19\" data-source-line-display=\"true\">A mistura de sal de am\u00f4nio quatern\u00e1rio presente na formula\u00e7\u00e3o torna o Bactericida Composto WT-406 um desinfetante incrivelmente poderoso que demonstrou superar at\u00e9 mesmo o 1227!<\/p>\n<div class=\"xiaoshujiang_element xsj_anchor\"><a class=\"blank_anchor_name\" name=\"q20what20sort20of20environments20does20it20work20best20in_6\"><\/a><a id=\"q20what20sort20of20environments20does20it20work20best20in_6\" class=\"blank_anchor_id\"><\/a><a class=\"blank_anchor_name\" name=\"q-what-sort-of-environments-does-it-work-best-in\"><\/a><a id=\"q-what-sort-of-environments-does-it-work-best-in\" class=\"blank_anchor_id\"><\/a><\/div>\n<p id=\"q20what20sort20of20environments20does20it20work20best20in_6\" class=\"xsj_heading_hash xsj_heading xsj_heading_h3\" data-source-line=\"21\" data-source-line-display=\"true\"><strong><span class=\"xsj_heading_content\">P2: Em que tipo de ambiente ele funciona melhor?<\/span><\/strong><\/p>\n<p class=\"xsj_paragraph xsj_paragraph_level_0\" data-source-line=\"23\" data-source-line-display=\"true\">O Bactericida Composto WT-406 funciona melhor em temperaturas variando de -20\u00b0C a 80\u00b0C e diferentes n\u00edveis de pH, tornando-o adequado para uso em muitas ind\u00fastrias.<\/p>\n<div class=\"xiaoshujiang_element xsj_anchor\"><a class=\"blank_anchor_name\" name=\"q20is20this20product20safe_7\"><\/a><a id=\"q20is20this20product20safe_7\" class=\"blank_anchor_id\"><\/a><a class=\"blank_anchor_name\" name=\"q-is-this-product-safe\"><\/a><a id=\"q-is-this-product-safe\" class=\"blank_anchor_id\"><\/a><\/div>\n<p id=\"q20is20this20product20safe_7\" class=\"xsj_heading_hash xsj_heading xsj_heading_h3\" data-source-line=\"25\" data-source-line-display=\"true\"><strong><span class=\"xsj_heading_content\">Q3: este produto \u00e9 seguro?<\/span><\/strong><\/p>\n<p class=\"xsj_paragraph xsj_paragraph_level_0\" data-source-line=\"27\" data-source-line-display=\"true\">Sim! Quando usado de acordo com as instru\u00e7\u00f5es fornecidas na embalagem, \u00e9 seguro para contato humano com risco m\u00ednimo \u00e0 sa\u00fade humana ou ao meio ambiente.<\/p>\n<div class=\"xiaoshujiang_element xsj_anchor\"><a class=\"blank_anchor_name\" name=\"q20what20type20of20microorganisms20does20it20protect20against_8\"><\/a><a id=\"q20what20type20of20microorganisms20does20it20protect20against_8\" class=\"blank_anchor_id\"><\/a><a class=\"blank_anchor_name\" name=\"q-what-type-of-microorganisms-does-it-protect-against\"><\/a><a id=\"q-what-type-of-microorganisms-does-it-protect-against\" class=\"blank_anchor_id\"><\/a><\/div>\n<p id=\"q20what20type20of20microorganisms20does20it20protect20against_8\" class=\"xsj_heading_hash xsj_heading xsj_heading_h3\" data-source-line=\"29\" data-source-line-display=\"true\"><strong><span class=\"xsj_heading_content\">Q4: Contra que tipo de microorganismos protege?<\/span><\/strong><\/p>\n<p class=\"xsj_paragraph xsj_paragraph_level_0\" data-source-line=\"31\" data-source-line-display=\"true\">De um modo geral, o Bactericida Composto WT-406 protege contra bact\u00e9rias (gram-positivas e negativas), v\u00edrus n\u00e3o envelopados, leveduras, bolores e esporos, entre outros microorganismos.<\/p>\n<div class=\"xiaoshujiang_element xsj_anchor\"><a class=\"blank_anchor_name\" name=\"q20how20long20does20this20product20last20once20applied_9\"><\/a><a id=\"q20how20long20does20this20product20last20once20applied_9\" class=\"blank_anchor_id\"><\/a><a class=\"blank_anchor_name\" name=\"q-how-long-does-this-product-last-once-applied\"><\/a><a id=\"q-how-long-does-this-product-last-once-applied\" class=\"blank_anchor_id\"><\/a><\/div>\n<p id=\"q20how20long20does20this20product20last20once20applied_9\" class=\"xsj_heading_hash xsj_heading xsj_heading_h3\" data-source-line=\"33\" data-source-line-display=\"true\"><strong><span class=\"xsj_heading_content\">Q5: Quanto tempo dura este produto depois de aplicado?<\/span><\/strong><\/p>\n<p class=\"xsj_paragraph xsj_paragraph_level_0\" data-source-line=\"35\" data-source-line-display=\"true\">A efic\u00e1cia do Bactericida Composto WT-406 permanece at\u00e9 24 horas ap\u00f3s a aplica\u00e7\u00e3o inicial, dependendo do tipo de superf\u00edcie e das condi\u00e7\u00f5es ambientais.<\/p>\n<p class=\"xsj_paragraph xsj_paragraph_level_0\" data-source-line=\"40\" data-source-line-display=\"true\"><a class=\"xsj_link xsj_manu_link\" href=\"https:\/\/vcycletech.com\/pt\/biocida-e-algicida\/\">Obtenha a solu\u00e7\u00e3o completa de biocida e algicida<\/a><\/p>\n<\/div>","protected":false},"excerpt":{"rendered":"<p>Se voc\u00ea est\u00e1 procurando um bactericida de n\u00edvel industrial que possa lidar at\u00e9 mesmo com os trabalhos de desinfec\u00e7\u00e3o mais dif\u00edceis, n\u00e3o procure mais. <strong>Bactericida Composto WT-406<\/strong>. Esta mistura poderosa de sal de am\u00f4nio quatern\u00e1rio \u00e9 eficaz em uma ampla gama de temperaturas e n\u00edveis de pH, tornando-a perfeita para uso em uma variedade de ind\u00fastrias. Al\u00e9m disso, ele supera at\u00e9 mesmo 1227 \u2013 ent\u00e3o voc\u00ea sabe que est\u00e1 obtendo os melhores resultados poss\u00edveis. Pe\u00e7a seu suprimento hoje e veja a diferen\u00e7a que este bactericida pode fazer!<\/p>","protected":false},"featured_media":1159,"template":"","meta":{"site-sidebar-layout":"default","site-content-layout":"default","ast-site-content-layout":"default","site-content-style":"default","site-sidebar-style":"default","ast-global-header-display":"","ast-banner-title-visibility":"","ast-main-header-display":"","ast-hfb-above-header-display":"","ast-hfb-below-header-display":"","ast-hfb-mobile-header-display":"","site-post-title":"","ast-breadcrumbs-content":"","ast-featured-img":"","footer-sml-layout":"","ast-disable-related-posts":"","theme-transparent-header-meta":"default","adv-header-id-meta":"","stick-header-meta":"default","header-above-stick-meta":"","header-main-stick-meta":"","header-below-stick-meta":"","astra-migrate-meta-layouts":"default","ast-page-background-enabled":"default","ast-page-background-meta":{"desktop":{"background-color":"","background-image":"","background-repeat":"repeat","background-position":"center center","background-size":"auto","background-attachment":"scroll","background-type":"","background-media":"","overlay-type":"","overlay-color":"","overlay-opacity":"","overlay-gradient":""},"tablet":{"background-color":"","background-image":"","background-repeat":"repeat","background-position":"center center","background-size":"auto","background-attachment":"scroll","background-type":"","background-media":"","overlay-type":"","overlay-color":"","overlay-opacity":"","overlay-gradient":""},"mobile":{"background-color":"","background-image":"","background-repeat":"repeat","background-position":"center center","background-size":"auto","background-attachment":"scroll","background-type":"","background-media":"","overlay-type":"","overlay-color":"","overlay-opacity":"","overlay-gradient":""}},"ast-content-background-meta":{"desktop":{"background-color":"var(--ast-global-color-5)","background-image":"","background-repeat":"repeat","background-position":"center center","background-size":"auto","background-attachment":"scroll","background-type":"","background-media":"","overlay-type":"","overlay-color":"","overlay-opacity":"","overlay-gradient":""},"tablet":{"background-color":"var(--ast-global-color-5)","background-image":"","background-repeat":"repeat","background-position":"center center","background-size":"auto","background-attachment":"scroll","background-type":"","background-media":"","overlay-type":"","overlay-color":"","overlay-opacity":"","overlay-gradient":""},"mobile":{"background-color":"var(--ast-global-color-5)","background-image":"","background-repeat":"repeat","background-position":"center center","background-size":"auto","background-attachment":"scroll","background-type":"","background-media":"","overlay-type":"","overlay-color":"","overlay-opacity":"","overlay-gradient":""}}},"product_brand":[],"product_cat":[29],"product_tag":[],"class_list":{"0":"post-1144","1":"product","2":"type-product","3":"status-publish","4":"has-post-thumbnail","6":"product_cat-biocide-and-algicide","7":"desktop-align-left","8":"tablet-align-left","9":"mobile-align-left","10":"ast-product-gallery-layout-horizontal-slider","11":"ast-product-gallery-with-no-image","12":"ast-product-tabs-layout-horizontal","14":"first","15":"instock","16":"shipping-taxable","17":"product-type-simple"},"yoast_head":"<!-- This site is optimized with the Yoast SEO Premium plugin v26.3 (Yoast SEO v27.5) - https:\/\/yoast.com\/product\/yoast-seo-premium-wordpress\/ -->\n<title>WT-406 Composite Bactericide - vcycletech<\/title>\n<meta name=\"description\" content=\"Get powerful, fast-acting disinfection with WT-406 Composite Bactericide. Ensure reliable performance in a wide range of temperatures and pH levels across multiple industries - from power plants to chemical manufacturers.\" \/>\n<meta name=\"robots\" content=\"index, follow, max-snippet:-1, max-image-preview:large, max-video-preview:-1\" \/>\n<link rel=\"canonical\" href=\"https:\/\/vcycletech.com\/pt\/produtos\/wt-406-composto-bactericida\/\" \/>\n<meta property=\"og:locale\" content=\"pt_PT\" \/>\n<meta property=\"og:type\" content=\"article\" \/>\n<meta property=\"og:title\" content=\"WT-406 Composite Bactericide\" \/>\n<meta property=\"og:description\" content=\"Get powerful, fast-acting disinfection with WT-406 Composite Bactericide. Ensure reliable performance in a wide range of temperatures and pH levels across multiple industries - from power plants to chemical manufacturers.\" \/>\n<meta property=\"og:url\" content=\"https:\/\/vcycletech.com\/pt\/produtos\/wt-406-composto-bactericida\/\" \/>\n<meta property=\"og:site_name\" content=\"vcycletech\" \/>\n<meta property=\"article:modified_time\" content=\"2023-03-27T06:26:52+00:00\" \/>\n<meta property=\"og:image\" content=\"https:\/\/vcycletech.com\/wp-content\/uploads\/2023\/03\/DBNPA-2-e1679628647237.png\" \/>\n\t<meta property=\"og:image:width\" content=\"600\" \/>\n\t<meta property=\"og:image:height\" content=\"600\" \/>\n\t<meta property=\"og:image:type\" content=\"image\/png\" \/>\n<meta name=\"twitter:card\" content=\"summary_large_image\" \/>\n<meta name=\"twitter:label1\" content=\"Tempo estimado de leitura\" \/>\n\t<meta name=\"twitter:data1\" content=\"2 minutos\" \/>\n<script type=\"application\/ld+json\" class=\"yoast-schema-graph\">{\"@context\":\"https:\\\/\\\/schema.org\",\"@graph\":[{\"@type\":\"WebPage\",\"@id\":\"https:\\\/\\\/vcycletech.com\\\/product\\\/wt-406-composite-bactericide\\\/\",\"url\":\"https:\\\/\\\/vcycletech.com\\\/product\\\/wt-406-composite-bactericide\\\/\",\"name\":\"WT-406 Composite Bactericide - vcycletech\",\"isPartOf\":{\"@id\":\"https:\\\/\\\/vcycletech.com\\\/#website\"},\"primaryImageOfPage\":{\"@id\":\"https:\\\/\\\/vcycletech.com\\\/product\\\/wt-406-composite-bactericide\\\/#primaryimage\"},\"image\":{\"@id\":\"https:\\\/\\\/vcycletech.com\\\/product\\\/wt-406-composite-bactericide\\\/#primaryimage\"},\"thumbnailUrl\":\"https:\\\/\\\/vcycletech.com\\\/wp-content\\\/uploads\\\/2023\\\/03\\\/DBNPA-2-e1679628647237.png\",\"datePublished\":\"2023-03-21T08:22:37+00:00\",\"dateModified\":\"2023-03-27T06:26:52+00:00\",\"description\":\"Get powerful, fast-acting disinfection with WT-406 Composite Bactericide. Ensure reliable performance in a wide range of temperatures and pH levels across multiple industries - from power plants to chemical manufacturers.\",\"breadcrumb\":{\"@id\":\"https:\\\/\\\/vcycletech.com\\\/product\\\/wt-406-composite-bactericide\\\/#breadcrumb\"},\"inLanguage\":\"pt-PT\",\"potentialAction\":[{\"@type\":\"ReadAction\",\"target\":[\"https:\\\/\\\/vcycletech.com\\\/product\\\/wt-406-composite-bactericide\\\/\"]}]},{\"@type\":\"ImageObject\",\"inLanguage\":\"pt-PT\",\"@id\":\"https:\\\/\\\/vcycletech.com\\\/product\\\/wt-406-composite-bactericide\\\/#primaryimage\",\"url\":\"https:\\\/\\\/vcycletech.com\\\/wp-content\\\/uploads\\\/2023\\\/03\\\/DBNPA-2-e1679628647237.png\",\"contentUrl\":\"https:\\\/\\\/vcycletech.com\\\/wp-content\\\/uploads\\\/2023\\\/03\\\/DBNPA-2-e1679628647237.png\",\"width\":600,\"height\":600,\"caption\":\"WT-406 Composite Bactericide\"},{\"@type\":\"BreadcrumbList\",\"@id\":\"https:\\\/\\\/vcycletech.com\\\/product\\\/wt-406-composite-bactericide\\\/#breadcrumb\",\"itemListElement\":[{\"@type\":\"ListItem\",\"position\":1,\"name\":\"Home\",\"item\":\"https:\\\/\\\/vcycletech.com\\\/\"},{\"@type\":\"ListItem\",\"position\":2,\"name\":\"Water Treatment Chemicals Manufacturer\",\"item\":\"https:\\\/\\\/vcycletech.com\\\/water-treatment-chemicals-manufacturer\\\/\"},{\"@type\":\"ListItem\",\"position\":3,\"name\":\"WT-406 Composite Bactericide\"}]},{\"@type\":\"WebSite\",\"@id\":\"https:\\\/\\\/vcycletech.com\\\/#website\",\"url\":\"https:\\\/\\\/vcycletech.com\\\/\",\"name\":\"vcycletech\",\"description\":\"China&#039;s top water treatment chemicals supplier\",\"publisher\":{\"@id\":\"https:\\\/\\\/vcycletech.com\\\/#organization\"},\"potentialAction\":[{\"@type\":\"SearchAction\",\"target\":{\"@type\":\"EntryPoint\",\"urlTemplate\":\"https:\\\/\\\/vcycletech.com\\\/?s={search_term_string}\"},\"query-input\":{\"@type\":\"PropertyValueSpecification\",\"valueRequired\":true,\"valueName\":\"search_term_string\"}}],\"inLanguage\":\"pt-PT\"},{\"@type\":\"Organization\",\"@id\":\"https:\\\/\\\/vcycletech.com\\\/#organization\",\"name\":\"vcycletech\",\"url\":\"https:\\\/\\\/vcycletech.com\\\/\",\"logo\":{\"@type\":\"ImageObject\",\"inLanguage\":\"pt-PT\",\"@id\":\"https:\\\/\\\/vcycletech.com\\\/#\\\/schema\\\/logo\\\/image\\\/\",\"url\":\"https:\\\/\\\/vcycletech.com\\\/wp-content\\\/uploads\\\/2023\\\/03\\\/logo-vcycletech-1.png\",\"contentUrl\":\"https:\\\/\\\/vcycletech.com\\\/wp-content\\\/uploads\\\/2023\\\/03\\\/logo-vcycletech-1.png\",\"width\":600,\"height\":400,\"caption\":\"vcycletech\"},\"image\":{\"@id\":\"https:\\\/\\\/vcycletech.com\\\/#\\\/schema\\\/logo\\\/image\\\/\"}}]}<\/script>\n<!-- \/ Yoast SEO Premium plugin. -->","yoast_head_json":{"title":"Bactericida composto WT-406 - vcycletech","description":"Obtenha uma desinfec\u00e7\u00e3o poderosa e de a\u00e7\u00e3o r\u00e1pida com o bactericida composto WT-406. Garanta um desempenho confi\u00e1vel em uma ampla gama de temperaturas e n\u00edveis de pH em v\u00e1rios setores - de usinas de energia a fabricantes de produtos qu\u00edmicos.","robots":{"index":"index","follow":"follow","max-snippet":"max-snippet:-1","max-image-preview":"max-image-preview:large","max-video-preview":"max-video-preview:-1"},"canonical":"https:\/\/vcycletech.com\/pt\/produtos\/wt-406-composto-bactericida\/","og_locale":"pt_PT","og_type":"article","og_title":"WT-406 Composite Bactericide","og_description":"Get powerful, fast-acting disinfection with WT-406 Composite Bactericide. Ensure reliable performance in a wide range of temperatures and pH levels across multiple industries - from power plants to chemical manufacturers.","og_url":"https:\/\/vcycletech.com\/pt\/produtos\/wt-406-composto-bactericida\/","og_site_name":"vcycletech","article_modified_time":"2023-03-27T06:26:52+00:00","og_image":[{"width":600,"height":600,"url":"https:\/\/vcycletech.com\/wp-content\/uploads\/2023\/03\/DBNPA-2-e1679628647237.png","type":"image\/png"}],"twitter_card":"summary_large_image","twitter_misc":{"Tempo estimado de leitura":"2 minutos"},"schema":{"@context":"https:\/\/schema.org","@graph":[{"@type":"WebPage","@id":"https:\/\/vcycletech.com\/product\/wt-406-composite-bactericide\/","url":"https:\/\/vcycletech.com\/product\/wt-406-composite-bactericide\/","name":"Bactericida composto WT-406 - vcycletech","isPartOf":{"@id":"https:\/\/vcycletech.com\/#website"},"primaryImageOfPage":{"@id":"https:\/\/vcycletech.com\/product\/wt-406-composite-bactericide\/#primaryimage"},"image":{"@id":"https:\/\/vcycletech.com\/product\/wt-406-composite-bactericide\/#primaryimage"},"thumbnailUrl":"https:\/\/vcycletech.com\/wp-content\/uploads\/2023\/03\/DBNPA-2-e1679628647237.png","datePublished":"2023-03-21T08:22:37+00:00","dateModified":"2023-03-27T06:26:52+00:00","description":"Obtenha uma desinfec\u00e7\u00e3o poderosa e de a\u00e7\u00e3o r\u00e1pida com o bactericida composto WT-406. Garanta um desempenho confi\u00e1vel em uma ampla gama de temperaturas e n\u00edveis de pH em v\u00e1rios setores - de usinas de energia a fabricantes de produtos qu\u00edmicos.","breadcrumb":{"@id":"https:\/\/vcycletech.com\/product\/wt-406-composite-bactericide\/#breadcrumb"},"inLanguage":"pt-PT","potentialAction":[{"@type":"ReadAction","target":["https:\/\/vcycletech.com\/product\/wt-406-composite-bactericide\/"]}]},{"@type":"ImageObject","inLanguage":"pt-PT","@id":"https:\/\/vcycletech.com\/product\/wt-406-composite-bactericide\/#primaryimage","url":"https:\/\/vcycletech.com\/wp-content\/uploads\/2023\/03\/DBNPA-2-e1679628647237.png","contentUrl":"https:\/\/vcycletech.com\/wp-content\/uploads\/2023\/03\/DBNPA-2-e1679628647237.png","width":600,"height":600,"caption":"WT-406 Composite Bactericide"},{"@type":"BreadcrumbList","@id":"https:\/\/vcycletech.com\/product\/wt-406-composite-bactericide\/#breadcrumb","itemListElement":[{"@type":"ListItem","position":1,"name":"Home","item":"https:\/\/vcycletech.com\/"},{"@type":"ListItem","position":2,"name":"Water Treatment Chemicals Manufacturer","item":"https:\/\/vcycletech.com\/water-treatment-chemicals-manufacturer\/"},{"@type":"ListItem","position":3,"name":"WT-406 Composite Bactericide"}]},{"@type":"WebSite","@id":"https:\/\/vcycletech.com\/#website","url":"https:\/\/vcycletech.com\/","name":"vcycletech","description":"China&#039;principal fornecedor de produtos qu\u00edmicos para tratamento de \u00e1gua","publisher":{"@id":"https:\/\/vcycletech.com\/#organization"},"potentialAction":[{"@type":"SearchAction","target":{"@type":"EntryPoint","urlTemplate":"https:\/\/vcycletech.com\/?s={search_term_string}"},"query-input":{"@type":"PropertyValueSpecification","valueRequired":true,"valueName":"search_term_string"}}],"inLanguage":"pt-PT"},{"@type":"Organization","@id":"https:\/\/vcycletech.com\/#organization","name":"vcycletech","url":"https:\/\/vcycletech.com\/","logo":{"@type":"ImageObject","inLanguage":"pt-PT","@id":"https:\/\/vcycletech.com\/#\/schema\/logo\/image\/","url":"https:\/\/vcycletech.com\/wp-content\/uploads\/2023\/03\/logo-vcycletech-1.png","contentUrl":"https:\/\/vcycletech.com\/wp-content\/uploads\/2023\/03\/logo-vcycletech-1.png","width":600,"height":400,"caption":"vcycletech"},"image":{"@id":"https:\/\/vcycletech.com\/#\/schema\/logo\/image\/"}}]}},"_links":{"self":[{"href":"https:\/\/vcycletech.com\/pt\/wp-json\/wp\/v2\/product\/1144","targetHints":{"allow":["GET"]}}],"collection":[{"href":"https:\/\/vcycletech.com\/pt\/wp-json\/wp\/v2\/product"}],"about":[{"href":"https:\/\/vcycletech.com\/pt\/wp-json\/wp\/v2\/types\/product"}],"wp:featuredmedia":[{"embeddable":true,"href":"https:\/\/vcycletech.com\/pt\/wp-json\/wp\/v2\/media\/1159"}],"wp:attachment":[{"href":"https:\/\/vcycletech.com\/pt\/wp-json\/wp\/v2\/media?parent=1144"}],"wp:term":[{"taxonomy":"product_brand","embeddable":true,"href":"https:\/\/vcycletech.com\/pt\/wp-json\/wp\/v2\/product_brand?post=1144"},{"taxonomy":"product_cat","embeddable":true,"href":"https:\/\/vcycletech.com\/pt\/wp-json\/wp\/v2\/product_cat?post=1144"},{"taxonomy":"product_tag","embeddable":true,"href":"https:\/\/vcycletech.com\/pt\/wp-json\/wp\/v2\/product_tag?post=1144"}],"curies":[{"name":"wp","href":"https:\/\/api.w.org\/{rel}","templated":true}]}}